{"id":2766,"date":"2014-11-02T23:07:50","date_gmt":"2014-11-02T22:07:50","guid":{"rendered":"http:\/\/www.avvisopubblico.it\/osservatorio\/?page_id=2766"},"modified":"2014-11-02T23:07:50","modified_gmt":"2014-11-02T22:07:50","slug":"commissione-sulle-intimidazioni-audizioni-dei-ministri-delle-regioni-e-autonomie-locali-e-dellinterno","status":"publish","type":"page","link":"https:\/\/welaikaadv.site\/avviso\/home\/cosa-facciamo\/informare\/osservatorio-parlamentare\/attivita-dinchiesta\/attivita-dinchiesta-xvii\/commissione-sulle-intimidazioni-agli-amministratori-locali\/commissione-sulle-intimidazioni-audizioni-dei-ministri-delle-regioni-e-autonomie-locali-e-dellinterno\/","title":{"rendered":"Commissione sulle intimidazioni: audizioni dei ministri delle regioni e autonomie locali e dell\u2019interno"},"content":{"rendered":"<p>La Commissione ha svolto due audizioni con il Ministro delle regioni e delle autonomie locali (seduta del <strong><a title=\"13 maggio 2014\" href=\"http:\/\/www.senato.it\/application\/xmanager\/projects\/leg17\/file\/repository\/commissioni\/intimidazioni17\/Intimidazioni-20140513-bozza.pdf\" target=\"_blank\" rel=\"noopener\">13 maggio 2014<\/a><\/strong>) e con il Ministro degli Interni (seduta del <strong><a title=\"29 luglio 2014\" href=\"http:\/\/www.senato.it\/application\/xmanager\/projects\/leg17\/file\/repository\/commissioni\/intimidazioni17\/29.07.2014_BOZZA_PER_PUBBLICAZIONE.pdf\" target=\"_blank\" rel=\"noopener\">29 luglio 2014<\/a><\/strong>). Qui di seguito sono sintetizzati i contenuti pi\u00f9 rilevanti delle due audizioni<\/p>\n<hr \/>\n<h5><strong>Rilevanza del fenomeno<\/strong><\/h5>\n<p>I dati disponibili, aggiornati al primo quadrimestre del 2014, evidenziano la forte diffusione del fenomeno e la sua crescita progressiva nel tempo (con un aumento nel 2014 del 66 per cento rispetto al 2010). Nel 2013 gli atti di intimidazione nei confronti di amministratori locali rilevati sull&#8217;intero territorio nazionale sono stati 668, mentre nel solo primo quadrimestre del 2014 sono stati 321. Le Regioni pi\u00f9 colpite sono la Sicilia, la Calabria e la Campania, ma il fenomeno riguarda l&#8217;intero territorio nazionale: ad esempio in Toscana, Marche ed Emilia-Romagna, gli episodi intimidatori nel primo quadrimestre 2014 hanno gi\u00e0 superato quelli dell&#8217;intero anno precedente. Le intimidazioni riguardano soprattutto i sindaci (44,5 per cento), seguiti dai componenti delle giunte comunali (21,8 per cento), e dai consiglieri (20,1 per cento). Va registrata una tendenza a denunciare maggiormente gli atti di intimidazione, come effetto di una pi\u00f9 forte presa di coscienza della gravit\u00e0 di questi episodi.<\/p>\n<hr \/>\n<h5><strong>Le matrici del fenomeno<\/strong><\/h5>\n<p>Se la matrice di buona parte degli episodi rimane ancora ignota, si possono per\u00f2 individuare le origini di tale preoccupante fenomeno, che \u00e8 collegato solo in parte alla presenza della mafia o di altre organizzazioni criminali; vanno considerati infatti i fenomeni corruttivi soprattutto nel settore degli appalti o della concessione di beni e servizi pubblici e della destinazione urbanistica del territorio. Vanno per\u00f2 sottolineati anche i tantissimi atti di danneggiamento o di violenza riconducibili a situazioni di disagio sociale, acuite dall\u2019attuale crisi economica, oltre a casi attribuibili a rivalit\u00e0 politiche o a dissidi di natura meramente privata. Secondo il Ministro degli Interni, non sono riscontrabili in linea di massima motivazioni di carattere politico-ideologico, se si fa eccezione per alcune azioni messe in atto dalle frange pi\u00f9 radicali del movimento No-TAV.<\/p>\n<p>Spesso le intimidazioni avvengono con modalit\u00e0 eclatanti (gravi minacce, danneggiamenti e attentati incendiari, fino agli omicidi): e ci\u00f2 fa supporre che tali fenomeni costituiscano uno degli strumenti di pressione utilizzati per condizionare le dinamiche decisionali dell&#8217;ente pubblico e trarne benefici di carattere economico, in particolare nei contesti a legalit\u00e0 debole. Ci\u00f2 pu\u00f2 dar luogo in taluni casi alle dimissioni forzate da parte degli amministratori coinvolti. E tra gli elementi presi in considerazione dalle Prefetture ai fini dell&#8217;avvio del procedimento di scioglimento degli enti locali (ben 243 dal 1991 all&#8217;aprile 2014) ci sono anche gli atti di intimidazione, giudicati una possibile spia di una forte \u00a0volont\u00e0 di condizionamento.<\/p>\n<hr \/>\n<h5><strong>Proposte<\/strong><\/h5>\n<p>Nel corso delle audizioni i rappresentanti del Governo hanno illustrato in particolare le seguenti iniziative e proposte.<\/p>\n<ul>\n<li><strong>Potenziamento dell\u2019attivit\u00e0 di prevenzione e di contrasto:<\/strong> viene ricordata, ad esempio, l&#8217;operazione <em>Deus<\/em>, che ha portato all&#8217;arresto di 16 affiliati ad una cosca calabrese, ritenuti responsabili di atti di intimidazione nei confronti del sindaco e di altri pubblici amministratori del Comune reggino di Rizziconi. Va comunque assicurata la protezione fisica e la vigilanza sugli amministratori; in tale contesto, appare utile un\u2019attivit\u00e0 di sensibilizzazione della cittadinanza, a partire dalle scuole, sul fenomeno delle vittime della criminalit\u00e0, inclusi gli amministratori locali: dare adeguato risalto a ci\u00f2 che accade nelle singole comunit\u00e0 locali contribuisce senz\u2019altro a proteggere maggiormente gli amministratori vittime di intimidazioni e minacce. Si propone infine, proprio partendo dall\u2019iniziativa promossa dalla Commissione di inchiesta, di creare di una banca dati nazionale per censire in modo puntuale il fenomeno.<\/li>\n<li><strong>Disciplina degli appalti:<\/strong> occorre semplificare le procedure e aumentare la trasparenza, diminuendo la discrezionalit\u00e0 oggi esistente e incrementando il ricorso alle Centrali uniche per gli acquisti; a tale riguardo potrebbe essere utile l\u2019obbligatoriet\u00e0, per i Comuni i cui consigli sciolti per mafia, del ricorso alla stazione unica appaltante, che oggi \u00e8 solo facoltativo<\/li>\n<li><strong>Assistenza agli amministratori:<\/strong> occorre mettere in campo misure di supporto degli amministratori locali, in particolare con l&#8217;istituzione presso le prefetture di nuclei di sostegno tecnico e amministrativo per i Comuni di piccole e medie dimensioni. E poi sviluppare a livello locale i protocolli di legalit\u00e0 che assicurino il coinvolgimento di associazioni di categoria, di associazioni professionali, di enti rappresentativi di interessi legittimi e di tutti quei soggetti che possono dare un loro contributo al rispetto della legalit\u00e0 nel proprio territorio. E\u2019 anche stato proposto di ricomprendere anche gli amministratori locali nel novero dei soggetti legittimati ad accedere ai benefici del fondo antiestorsione, quando i danni patrimoniali da loro stessi patiti, in ragione dell&#8217;incarico ricoperto, abbiano una matrice mafiosa o eversiva.<\/li>\n<li><strong>Programma operativo nazionale Legalit\u00e0 2014-2020:<\/strong> \u00a0tale Programma prevede interventi per il riutilizzo dei beni confiscati, una maggiore efficienza delle pubbliche amministrazioni e la trasparenza degli atti pubblici. Per quanto riguarda i beni confiscati la loro assegnazione alle organizzazioni no profit potrebbe essere effettuata in alcuni casi direttamente dall\u2019Agenzia, evitando il rischio che il Comune sia esposto all&#8217;intimidazione mafiosa; vanno inoltre sviluppati i protocolli tra apparati pubblici e associazioni di settore e professionali per un pi\u00f9 tempestivo ed efficace riutilizzo dei beni.<\/li>\n<li><strong>Autoriciclaggio:<\/strong> Viene giudicata urgente l\u2019approvazione della nuova normativa in materia, attualmente all\u2019esame delle Camere.<\/li>\n<\/ul>\n<p style=\"text-align: right;\">(Settembre 2014)<\/p>\n","protected":false},"excerpt":{"rendered":"<p>La Commissione ha svolto due audizioni con il Ministro delle regioni e delle autonomie locali (seduta del 13 maggio 2014) e con il Ministro degli&nbsp;<span class=\"hellipsis\">[&hellip;]<\/span><a class=\"more-link\" href=\"https:\/\/welaikaadv.site\/avviso\/home\/cosa-facciamo\/informare\/osservatorio-parlamentare\/attivita-dinchiesta\/attivita-dinchiesta-xvii\/commissione-sulle-intimidazioni-agli-amministratori-locali\/commissione-sulle-intimidazioni-audizioni-dei-ministri-delle-regioni-e-autonomie-locali-e-dellinterno\/\">Leggi tutto <span class=\"screen-reader-text\">Commissione sulle intimidazioni: audizioni dei ministri delle regioni e autonomie locali e dell\u2019interno<\/span> <span class=\"meta-nav\" aria-hidden=\"true\">&rarr;<\/span><\/a><\/p>\n","protected":false},"author":1,"featured_media":0,"parent":23479,"menu_order":0,"comment_status":"closed","ping_status":"closed","template":"","meta":{"_acf_changed":false,"_exactmetrics_skip_tracking":false,"_exactmetrics_sitenote_active":false,"_exactmetrics_sitenote_note":"","_exactmetrics_sitenote_category":0,"wp_social_preview_title":"","wp_social_preview_description":"","wp_social_preview_image":0,"footnotes":""},"class_list":["post-2766","page","type-page","status-publish","hentry"],"acf":[],"yoast_head":"<!-- This site is optimized with the Yoast SEO plugin v27.2 - https:\/\/yoast.com\/product\/yoast-seo-wordpress\/ -->\n<title>Commissione sulle intimidazioni: audizioni dei ministri delle regioni e autonomie locali e dell\u2019interno - Staging Avviso Pubblico<\/title>\n<meta name=\"robots\" content=\"noindex, follow, max-snippet:-1, max-image-preview:large, max-video-preview:-1\" \/>\n<meta property=\"og:locale\" content=\"it_IT\" \/>\n<meta property=\"og:type\" content=\"article\" \/>\n<meta property=\"og:title\" content=\"Commissione sulle intimidazioni: audizioni dei ministri delle regioni e autonomie locali e dell\u2019interno - Staging Avviso Pubblico\" \/>\n<meta property=\"og:description\" content=\"La Commissione ha svolto due audizioni con il Ministro delle regioni e delle autonomie locali (seduta del 13 maggio 2014) e con il Ministro degli&nbsp;[&hellip;]Leggi tutto Commissione sulle intimidazioni: audizioni dei ministri delle regioni e autonomie locali e dell\u2019interno &rarr;\" \/>\n<meta property=\"og:url\" content=\"https:\/\/welaikaadv.site\/avviso\/home\/cosa-facciamo\/informare\/osservatorio-parlamentare\/attivita-dinchiesta\/attivita-dinchiesta-xvii\/commissione-sulle-intimidazioni-agli-amministratori-locali\/commissione-sulle-intimidazioni-audizioni-dei-ministri-delle-regioni-e-autonomie-locali-e-dellinterno\/\" \/>\n<meta property=\"og:site_name\" content=\"Staging Avviso Pubblico\" \/>\n<meta name=\"twitter:card\" content=\"summary_large_image\" \/>\n<meta name=\"twitter:label1\" content=\"Tempo di lettura stimato\" \/>\n\t<meta name=\"twitter:data1\" content=\"4 minuti\" \/>\n<script type=\"application\/ld+json\" class=\"yoast-schema-graph\">{\"@context\":\"https:\/\/schema.org\",\"@graph\":[{\"@type\":\"WebPage\",\"@id\":\"https:\/\/welaikaadv.site\/avviso\/home\/cosa-facciamo\/informare\/osservatorio-parlamentare\/attivita-dinchiesta\/attivita-dinchiesta-xvii\/commissione-sulle-intimidazioni-agli-amministratori-locali\/commissione-sulle-intimidazioni-audizioni-dei-ministri-delle-regioni-e-autonomie-locali-e-dellinterno\/\",\"url\":\"https:\/\/welaikaadv.site\/avviso\/home\/cosa-facciamo\/informare\/osservatorio-parlamentare\/attivita-dinchiesta\/attivita-dinchiesta-xvii\/commissione-sulle-intimidazioni-agli-amministratori-locali\/commissione-sulle-intimidazioni-audizioni-dei-ministri-delle-regioni-e-autonomie-locali-e-dellinterno\/\",\"name\":\"Commissione sulle intimidazioni: audizioni dei ministri delle regioni e autonomie locali e dell\u2019interno - Staging Avviso Pubblico\",\"isPartOf\":{\"@id\":\"https:\/\/welaikaadv.site\/avviso\/#website\"},\"datePublished\":\"2014-11-02T22:07:50+00:00\",\"breadcrumb\":{\"@id\":\"https:\/\/welaikaadv.site\/avviso\/home\/cosa-facciamo\/informare\/osservatorio-parlamentare\/attivita-dinchiesta\/attivita-dinchiesta-xvii\/commissione-sulle-intimidazioni-agli-amministratori-locali\/commissione-sulle-intimidazioni-audizioni-dei-ministri-delle-regioni-e-autonomie-locali-e-dellinterno\/#breadcrumb\"},\"inLanguage\":\"it-IT\",\"potentialAction\":[{\"@type\":\"ReadAction\",\"target\":[\"https:\/\/welaikaadv.site\/avviso\/home\/cosa-facciamo\/informare\/osservatorio-parlamentare\/attivita-dinchiesta\/attivita-dinchiesta-xvii\/commissione-sulle-intimidazioni-agli-amministratori-locali\/commissione-sulle-intimidazioni-audizioni-dei-ministri-delle-regioni-e-autonomie-locali-e-dellinterno\/\"]}]},{\"@type\":\"BreadcrumbList\",\"@id\":\"https:\/\/welaikaadv.site\/avviso\/home\/cosa-facciamo\/informare\/osservatorio-parlamentare\/attivita-dinchiesta\/attivita-dinchiesta-xvii\/commissione-sulle-intimidazioni-agli-amministratori-locali\/commissione-sulle-intimidazioni-audizioni-dei-ministri-delle-regioni-e-autonomie-locali-e-dellinterno\/#breadcrumb\",\"itemListElement\":[{\"@type\":\"ListItem\",\"position\":1,\"name\":\"Home\",\"item\":\"https:\/\/welaikaadv.site\/avviso\/\"},{\"@type\":\"ListItem\",\"position\":2,\"name\":\"Commissione sulle intimidazioni: audizioni dei ministri delle regioni e autonomie locali e dell\u2019interno\"}]},{\"@type\":\"WebSite\",\"@id\":\"https:\/\/welaikaadv.site\/avviso\/#website\",\"url\":\"https:\/\/welaikaadv.site\/avviso\/\",\"name\":\"Staging Avviso Pubblico\",\"description\":\"\",\"publisher\":{\"@id\":\"https:\/\/welaikaadv.site\/avviso\/#organization\"},\"potentialAction\":[{\"@type\":\"SearchAction\",\"target\":{\"@type\":\"EntryPoint\",\"urlTemplate\":\"https:\/\/welaikaadv.site\/avviso\/?s={search_term_string}\"},\"query-input\":{\"@type\":\"PropertyValueSpecification\",\"valueRequired\":true,\"valueName\":\"search_term_string\"}}],\"inLanguage\":\"it-IT\"},{\"@type\":\"Organization\",\"@id\":\"https:\/\/welaikaadv.site\/avviso\/#organization\",\"name\":\"Staging Avviso Pubblico\",\"url\":\"https:\/\/welaikaadv.site\/avviso\/\",\"logo\":{\"@type\":\"ImageObject\",\"inLanguage\":\"it-IT\",\"@id\":\"https:\/\/welaikaadv.site\/avviso\/#\/schema\/logo\/image\/\",\"url\":\"https:\/\/welaikaadv.site\/avviso\/wp-content\/uploads\/2024\/08\/logoAPsito-400.png\",\"contentUrl\":\"https:\/\/welaikaadv.site\/avviso\/wp-content\/uploads\/2024\/08\/logoAPsito-400.png\",\"width\":400,\"height\":97,\"caption\":\"Staging Avviso Pubblico\"},\"image\":{\"@id\":\"https:\/\/welaikaadv.site\/avviso\/#\/schema\/logo\/image\/\"}}]}<\/script>\n<!-- \/ Yoast SEO plugin. -->","yoast_head_json":{"title":"Commissione sulle intimidazioni: audizioni dei ministri delle regioni e autonomie locali e dell\u2019interno - Staging Avviso Pubblico","robots":{"index":"noindex","follow":"follow","max-snippet":"max-snippet:-1","max-image-preview":"max-image-preview:large","max-video-preview":"max-video-preview:-1"},"og_locale":"it_IT","og_type":"article","og_title":"Commissione sulle intimidazioni: audizioni dei ministri delle regioni e autonomie locali e dell\u2019interno - Staging Avviso Pubblico","og_description":"La Commissione ha svolto due audizioni con il Ministro delle regioni e delle autonomie locali (seduta del 13 maggio 2014) e con il Ministro degli&nbsp;[&hellip;]Leggi tutto Commissione sulle intimidazioni: audizioni dei ministri delle regioni e autonomie locali e dell\u2019interno &rarr;","og_url":"https:\/\/welaikaadv.site\/avviso\/home\/cosa-facciamo\/informare\/osservatorio-parlamentare\/attivita-dinchiesta\/attivita-dinchiesta-xvii\/commissione-sulle-intimidazioni-agli-amministratori-locali\/commissione-sulle-intimidazioni-audizioni-dei-ministri-delle-regioni-e-autonomie-locali-e-dellinterno\/","og_site_name":"Staging Avviso Pubblico","twitter_card":"summary_large_image","twitter_misc":{"Tempo di lettura stimato":"4 minuti"},"schema":{"@context":"https:\/\/schema.org","@graph":[{"@type":"WebPage","@id":"https:\/\/welaikaadv.site\/avviso\/home\/cosa-facciamo\/informare\/osservatorio-parlamentare\/attivita-dinchiesta\/attivita-dinchiesta-xvii\/commissione-sulle-intimidazioni-agli-amministratori-locali\/commissione-sulle-intimidazioni-audizioni-dei-ministri-delle-regioni-e-autonomie-locali-e-dellinterno\/","url":"https:\/\/welaikaadv.site\/avviso\/home\/cosa-facciamo\/informare\/osservatorio-parlamentare\/attivita-dinchiesta\/attivita-dinchiesta-xvii\/commissione-sulle-intimidazioni-agli-amministratori-locali\/commissione-sulle-intimidazioni-audizioni-dei-ministri-delle-regioni-e-autonomie-locali-e-dellinterno\/","name":"Commissione sulle intimidazioni: audizioni dei ministri delle regioni e autonomie locali e dell\u2019interno - Staging Avviso Pubblico","isPartOf":{"@id":"https:\/\/welaikaadv.site\/avviso\/#website"},"datePublished":"2014-11-02T22:07:50+00:00","breadcrumb":{"@id":"https:\/\/welaikaadv.site\/avviso\/home\/cosa-facciamo\/informare\/osservatorio-parlamentare\/attivita-dinchiesta\/attivita-dinchiesta-xvii\/commissione-sulle-intimidazioni-agli-amministratori-locali\/commissione-sulle-intimidazioni-audizioni-dei-ministri-delle-regioni-e-autonomie-locali-e-dellinterno\/#breadcrumb"},"inLanguage":"it-IT","potentialAction":[{"@type":"ReadAction","target":["https:\/\/welaikaadv.site\/avviso\/home\/cosa-facciamo\/informare\/osservatorio-parlamentare\/attivita-dinchiesta\/attivita-dinchiesta-xvii\/commissione-sulle-intimidazioni-agli-amministratori-locali\/commissione-sulle-intimidazioni-audizioni-dei-ministri-delle-regioni-e-autonomie-locali-e-dellinterno\/"]}]},{"@type":"BreadcrumbList","@id":"https:\/\/welaikaadv.site\/avviso\/home\/cosa-facciamo\/informare\/osservatorio-parlamentare\/attivita-dinchiesta\/attivita-dinchiesta-xvii\/commissione-sulle-intimidazioni-agli-amministratori-locali\/commissione-sulle-intimidazioni-audizioni-dei-ministri-delle-regioni-e-autonomie-locali-e-dellinterno\/#breadcrumb","itemListElement":[{"@type":"ListItem","position":1,"name":"Home","item":"https:\/\/welaikaadv.site\/avviso\/"},{"@type":"ListItem","position":2,"name":"Commissione sulle intimidazioni: audizioni dei ministri delle regioni e autonomie locali e dell\u2019interno"}]},{"@type":"WebSite","@id":"https:\/\/welaikaadv.site\/avviso\/#website","url":"https:\/\/welaikaadv.site\/avviso\/","name":"Staging Avviso Pubblico","description":"","publisher":{"@id":"https:\/\/welaikaadv.site\/avviso\/#organization"},"potentialAction":[{"@type":"SearchAction","target":{"@type":"EntryPoint","urlTemplate":"https:\/\/welaikaadv.site\/avviso\/?s={search_term_string}"},"query-input":{"@type":"PropertyValueSpecification","valueRequired":true,"valueName":"search_term_string"}}],"inLanguage":"it-IT"},{"@type":"Organization","@id":"https:\/\/welaikaadv.site\/avviso\/#organization","name":"Staging Avviso Pubblico","url":"https:\/\/welaikaadv.site\/avviso\/","logo":{"@type":"ImageObject","inLanguage":"it-IT","@id":"https:\/\/welaikaadv.site\/avviso\/#\/schema\/logo\/image\/","url":"https:\/\/welaikaadv.site\/avviso\/wp-content\/uploads\/2024\/08\/logoAPsito-400.png","contentUrl":"https:\/\/welaikaadv.site\/avviso\/wp-content\/uploads\/2024\/08\/logoAPsito-400.png","width":400,"height":97,"caption":"Staging Avviso Pubblico"},"image":{"@id":"https:\/\/welaikaadv.site\/avviso\/#\/schema\/logo\/image\/"}}]}},"_links":{"self":[{"href":"https:\/\/welaikaadv.site\/avviso\/wp-json\/wp\/v2\/pages\/2766","targetHints":{"allow":["GET"]}}],"collection":[{"href":"https:\/\/welaikaadv.site\/avviso\/wp-json\/wp\/v2\/pages"}],"about":[{"href":"https:\/\/welaikaadv.site\/avviso\/wp-json\/wp\/v2\/types\/page"}],"author":[{"embeddable":true,"href":"https:\/\/welaikaadv.site\/avviso\/wp-json\/wp\/v2\/users\/1"}],"replies":[{"embeddable":true,"href":"https:\/\/welaikaadv.site\/avviso\/wp-json\/wp\/v2\/comments?post=2766"}],"version-history":[{"count":0,"href":"https:\/\/welaikaadv.site\/avviso\/wp-json\/wp\/v2\/pages\/2766\/revisions"}],"up":[{"embeddable":true,"href":"https:\/\/welaikaadv.site\/avviso\/wp-json\/wp\/v2\/pages\/23479"}],"wp:attachment":[{"href":"https:\/\/welaikaadv.site\/avviso\/wp-json\/wp\/v2\/media?parent=2766"}],"curies":[{"name":"wp","href":"https:\/\/api.w.org\/{rel}","templated":true}]}}