{"id":28368,"date":"2018-09-10T18:36:56","date_gmt":"2018-09-10T16:36:56","guid":{"rendered":"http:\/\/www.avvisopubblico.it\/home\/?page_id=28368"},"modified":"2018-09-10T18:36:56","modified_gmt":"2018-09-10T16:36:56","slug":"gioco-dazzardo-lordinanza-di-limitazione-degli-orari-del-comune-di-bologna","status":"publish","type":"page","link":"https:\/\/welaikaadv.site\/avviso\/home\/cosa-facciamo\/informare\/documenti-tematici\/gioco-dazzardo\/gioco-dazzardo-lordinanza-di-limitazione-degli-orari-del-comune-di-bologna\/","title":{"rendered":"Gioco d\u2019azzardo: l\u2019ordinanza di limitazione degli orari del comune di Bologna"},"content":{"rendered":"<p><strong>Premessa<\/strong>. Il Sindaco di Bologna ha emesso il <strong><a href=\"http:\/\/atti9.comune.bologna.it\/webpub\/wpub_ordinanze.nsf\/dettaglioSoloOrdSett.xsp?documentId=8A25BAD27303E017C12582DE00392269&amp;action=openDocument\">3 agosto 2018 una nuova ordinanza<\/a><\/strong> che disciplina gli orari di \u00a0una limitazione degli orari di funzionamento degli apparecchi automatici da gioco, in attuazione del <strong><a href=\"https:\/\/welaikaadv.site\/avviso\/home\/cosa-facciamo\/informare\/documenti-tematici\/gioco-dazzardo\/il-nuovo-regolamento-del-comune-di-bologna-per-il-contrasto-del-gioco-dazzardo\/\">regolamento approvato dal Comune nel maggio 2018<\/a><\/strong>.<\/p>\n<p><strong>La crescita del fenomeno<\/strong>. In base ai dati raccolti dal Dipartimento di Salute Mentale &#8211; Dipendenze Patologiche dell&#8217;Azienda Unit\u00e0 Sanitaria Locale di Bologna si registra nel corso degli anni un forte incremento del gioco d&#8217;azzardo patologico, con conseguente aumento del numero di utenti assistiti dal Servizio per le Tossicodipendenze (SerT): la stima dei soggetti affetti da Gap \u00e8 di circa 1,8 per 1000 abitanti.<\/p>\n<p><strong>Il provvedimento del Sindaco<\/strong>. L\u2019ordinanza sindacale si applica a tutti gli apparecchi di cui all\u2019art. 110 comma 6 del Testo Unico delle leggi di pubblica sicurezza (R.D. 18 giugno 1931 n. 773), collocati sia all\u2019interno di esercizi autorizzati ai sensi dell&#8217;art. 86 (bar, ristoranti, alberghi, tabaccai, sale giochi, ecc.) sia a quelli di cui all&#8217;art. 88 (agenzie di scommesse, negozi di gioco, sale Bingo). Gli orari massimi di funzionamento degli apparecchi sono fissati sul territorio comunale dalle ore 10,00 alle ore 13,00 e dalle ore 17,00 alle ore 22,00 di tutti i giorni, compresi i festivi. Negli orari di non funzionamento gli apparecchi devono essere spenti singolarmente tramite l\u2019interruttore elettrico. Negli esercizi va esposto un cartello sugli orari di funzionamento degli apparecchi e sui rischi connessi alla pratica dei giochi con vincita in denaro. Per le sale Bingo \u00e8 ammessa la deroga agli orari di funzionamento limitatamente al funzionamento del gioco del bingo.<\/p>\n<p><strong>Le sanzioni<\/strong>. L\u2019ordinanza prevede una sanzione amministrativa pecuniaria da un minimo di euro 100,00 fino ad un massimo di euro 500,00 per ogni apparecchio acceso al di fuori degli orari massimi di funzionamento.<\/p>\n<p><strong>Le motivazioni del provvedimento<\/strong>. La scelta sulle face orarie \u00e8 motivata dall\u2019esigenza di intervenire sui \u201cmomenti della giornata maggiormente rischiosi in quanto meno soggetti al controllo della comunit\u00e0 e in particolare per la popolazione pi\u00f9 a rischio, quale quella dei giovani. Tutto ci\u00f2, quindi, non tanto per rendere inaccessibile il gioco in senso assoluto, quanto per evitarne l\u2019utilizzo sconsiderato\u201d.<\/p>\n","protected":false},"excerpt":{"rendered":"<p>Premessa. Il Sindaco di Bologna ha emesso il 3 agosto 2018 una nuova ordinanza che disciplina gli orari di \u00a0una limitazione degli orari di funzionamento&nbsp;<span class=\"hellipsis\">[&hellip;]<\/span><a class=\"more-link\" href=\"https:\/\/welaikaadv.site\/avviso\/home\/cosa-facciamo\/informare\/documenti-tematici\/gioco-dazzardo\/gioco-dazzardo-lordinanza-di-limitazione-degli-orari-del-comune-di-bologna\/\">Leggi tutto <span class=\"screen-reader-text\">Gioco d\u2019azzardo: l\u2019ordinanza di limitazione degli orari del comune di Bologna<\/span> <span class=\"meta-nav\" aria-hidden=\"true\">&rarr;<\/span><\/a><\/p>\n","protected":false},"author":1,"featured_media":0,"parent":202,"menu_order":0,"comment_status":"closed","ping_status":"closed","template":"","meta":{"_acf_changed":false,"_exactmetrics_skip_tracking":false,"_exactmetrics_sitenote_active":false,"_exactmetrics_sitenote_note":"","_exactmetrics_sitenote_category":0,"wp_social_preview_title":"","wp_social_preview_description":"","wp_social_preview_image":0,"footnotes":""},"class_list":["post-28368","page","type-page","status-publish","hentry"],"acf":[],"yoast_head":"<!-- This site is optimized with the Yoast SEO plugin v27.2 - https:\/\/yoast.com\/product\/yoast-seo-wordpress\/ -->\n<title>Gioco d\u2019azzardo: l\u2019ordinanza di limitazione degli orari del comune di Bologna - Staging Avviso Pubblico<\/title>\n<meta name=\"robots\" content=\"noindex, follow, max-snippet:-1, max-image-preview:large, max-video-preview:-1\" \/>\n<meta property=\"og:locale\" content=\"it_IT\" \/>\n<meta property=\"og:type\" content=\"article\" \/>\n<meta property=\"og:title\" content=\"Gioco d\u2019azzardo: l\u2019ordinanza di limitazione degli orari del comune di Bologna - Staging Avviso Pubblico\" \/>\n<meta property=\"og:description\" content=\"Premessa. Il Sindaco di Bologna ha emesso il 3 agosto 2018 una nuova ordinanza che disciplina gli orari di \u00a0una limitazione degli orari di funzionamento&nbsp;[&hellip;]Leggi tutto Gioco d\u2019azzardo: l\u2019ordinanza di limitazione degli orari del comune di Bologna &rarr;\" \/>\n<meta property=\"og:url\" content=\"https:\/\/welaikaadv.site\/avviso\/home\/cosa-facciamo\/informare\/documenti-tematici\/gioco-dazzardo\/gioco-dazzardo-lordinanza-di-limitazione-degli-orari-del-comune-di-bologna\/\" \/>\n<meta property=\"og:site_name\" content=\"Staging Avviso Pubblico\" \/>\n<meta name=\"twitter:card\" content=\"summary_large_image\" \/>\n<meta name=\"twitter:label1\" content=\"Tempo di lettura stimato\" \/>\n\t<meta name=\"twitter:data1\" content=\"2 minuti\" \/>\n<script type=\"application\/ld+json\" class=\"yoast-schema-graph\">{\"@context\":\"https:\/\/schema.org\",\"@graph\":[{\"@type\":\"WebPage\",\"@id\":\"https:\/\/welaikaadv.site\/avviso\/home\/cosa-facciamo\/informare\/documenti-tematici\/gioco-dazzardo\/gioco-dazzardo-lordinanza-di-limitazione-degli-orari-del-comune-di-bologna\/\",\"url\":\"https:\/\/welaikaadv.site\/avviso\/home\/cosa-facciamo\/informare\/documenti-tematici\/gioco-dazzardo\/gioco-dazzardo-lordinanza-di-limitazione-degli-orari-del-comune-di-bologna\/\",\"name\":\"Gioco d\u2019azzardo: l\u2019ordinanza di limitazione degli orari del comune di Bologna - Staging Avviso Pubblico\",\"isPartOf\":{\"@id\":\"https:\/\/welaikaadv.site\/avviso\/#website\"},\"datePublished\":\"2018-09-10T16:36:56+00:00\",\"breadcrumb\":{\"@id\":\"https:\/\/welaikaadv.site\/avviso\/home\/cosa-facciamo\/informare\/documenti-tematici\/gioco-dazzardo\/gioco-dazzardo-lordinanza-di-limitazione-degli-orari-del-comune-di-bologna\/#breadcrumb\"},\"inLanguage\":\"it-IT\",\"potentialAction\":[{\"@type\":\"ReadAction\",\"target\":[\"https:\/\/welaikaadv.site\/avviso\/home\/cosa-facciamo\/informare\/documenti-tematici\/gioco-dazzardo\/gioco-dazzardo-lordinanza-di-limitazione-degli-orari-del-comune-di-bologna\/\"]}]},{\"@type\":\"BreadcrumbList\",\"@id\":\"https:\/\/welaikaadv.site\/avviso\/home\/cosa-facciamo\/informare\/documenti-tematici\/gioco-dazzardo\/gioco-dazzardo-lordinanza-di-limitazione-degli-orari-del-comune-di-bologna\/#breadcrumb\",\"itemListElement\":[{\"@type\":\"ListItem\",\"position\":1,\"name\":\"Home\",\"item\":\"https:\/\/welaikaadv.site\/avviso\/\"},{\"@type\":\"ListItem\",\"position\":2,\"name\":\"Gioco d\u2019azzardo: l\u2019ordinanza di limitazione degli orari del comune di Bologna\"}]},{\"@type\":\"WebSite\",\"@id\":\"https:\/\/welaikaadv.site\/avviso\/#website\",\"url\":\"https:\/\/welaikaadv.site\/avviso\/\",\"name\":\"Staging Avviso Pubblico\",\"description\":\"\",\"publisher\":{\"@id\":\"https:\/\/welaikaadv.site\/avviso\/#organization\"},\"potentialAction\":[{\"@type\":\"SearchAction\",\"target\":{\"@type\":\"EntryPoint\",\"urlTemplate\":\"https:\/\/welaikaadv.site\/avviso\/?s={search_term_string}\"},\"query-input\":{\"@type\":\"PropertyValueSpecification\",\"valueRequired\":true,\"valueName\":\"search_term_string\"}}],\"inLanguage\":\"it-IT\"},{\"@type\":\"Organization\",\"@id\":\"https:\/\/welaikaadv.site\/avviso\/#organization\",\"name\":\"Staging Avviso Pubblico\",\"url\":\"https:\/\/welaikaadv.site\/avviso\/\",\"logo\":{\"@type\":\"ImageObject\",\"inLanguage\":\"it-IT\",\"@id\":\"https:\/\/welaikaadv.site\/avviso\/#\/schema\/logo\/image\/\",\"url\":\"https:\/\/welaikaadv.site\/avviso\/wp-content\/uploads\/2024\/08\/logoAPsito-400.png\",\"contentUrl\":\"https:\/\/welaikaadv.site\/avviso\/wp-content\/uploads\/2024\/08\/logoAPsito-400.png\",\"width\":400,\"height\":97,\"caption\":\"Staging Avviso Pubblico\"},\"image\":{\"@id\":\"https:\/\/welaikaadv.site\/avviso\/#\/schema\/logo\/image\/\"}}]}<\/script>\n<!-- \/ Yoast SEO plugin. -->","yoast_head_json":{"title":"Gioco d\u2019azzardo: l\u2019ordinanza di limitazione degli orari del comune di Bologna - Staging Avviso Pubblico","robots":{"index":"noindex","follow":"follow","max-snippet":"max-snippet:-1","max-image-preview":"max-image-preview:large","max-video-preview":"max-video-preview:-1"},"og_locale":"it_IT","og_type":"article","og_title":"Gioco d\u2019azzardo: l\u2019ordinanza di limitazione degli orari del comune di Bologna - Staging Avviso Pubblico","og_description":"Premessa. Il Sindaco di Bologna ha emesso il 3 agosto 2018 una nuova ordinanza che disciplina gli orari di \u00a0una limitazione degli orari di funzionamento&nbsp;[&hellip;]Leggi tutto Gioco d\u2019azzardo: l\u2019ordinanza di limitazione degli orari del comune di Bologna &rarr;","og_url":"https:\/\/welaikaadv.site\/avviso\/home\/cosa-facciamo\/informare\/documenti-tematici\/gioco-dazzardo\/gioco-dazzardo-lordinanza-di-limitazione-degli-orari-del-comune-di-bologna\/","og_site_name":"Staging Avviso Pubblico","twitter_card":"summary_large_image","twitter_misc":{"Tempo di lettura stimato":"2 minuti"},"schema":{"@context":"https:\/\/schema.org","@graph":[{"@type":"WebPage","@id":"https:\/\/welaikaadv.site\/avviso\/home\/cosa-facciamo\/informare\/documenti-tematici\/gioco-dazzardo\/gioco-dazzardo-lordinanza-di-limitazione-degli-orari-del-comune-di-bologna\/","url":"https:\/\/welaikaadv.site\/avviso\/home\/cosa-facciamo\/informare\/documenti-tematici\/gioco-dazzardo\/gioco-dazzardo-lordinanza-di-limitazione-degli-orari-del-comune-di-bologna\/","name":"Gioco d\u2019azzardo: l\u2019ordinanza di limitazione degli orari del comune di Bologna - Staging Avviso Pubblico","isPartOf":{"@id":"https:\/\/welaikaadv.site\/avviso\/#website"},"datePublished":"2018-09-10T16:36:56+00:00","breadcrumb":{"@id":"https:\/\/welaikaadv.site\/avviso\/home\/cosa-facciamo\/informare\/documenti-tematici\/gioco-dazzardo\/gioco-dazzardo-lordinanza-di-limitazione-degli-orari-del-comune-di-bologna\/#breadcrumb"},"inLanguage":"it-IT","potentialAction":[{"@type":"ReadAction","target":["https:\/\/welaikaadv.site\/avviso\/home\/cosa-facciamo\/informare\/documenti-tematici\/gioco-dazzardo\/gioco-dazzardo-lordinanza-di-limitazione-degli-orari-del-comune-di-bologna\/"]}]},{"@type":"BreadcrumbList","@id":"https:\/\/welaikaadv.site\/avviso\/home\/cosa-facciamo\/informare\/documenti-tematici\/gioco-dazzardo\/gioco-dazzardo-lordinanza-di-limitazione-degli-orari-del-comune-di-bologna\/#breadcrumb","itemListElement":[{"@type":"ListItem","position":1,"name":"Home","item":"https:\/\/welaikaadv.site\/avviso\/"},{"@type":"ListItem","position":2,"name":"Gioco d\u2019azzardo: l\u2019ordinanza di limitazione degli orari del comune di Bologna"}]},{"@type":"WebSite","@id":"https:\/\/welaikaadv.site\/avviso\/#website","url":"https:\/\/welaikaadv.site\/avviso\/","name":"Staging Avviso Pubblico","description":"","publisher":{"@id":"https:\/\/welaikaadv.site\/avviso\/#organization"},"potentialAction":[{"@type":"SearchAction","target":{"@type":"EntryPoint","urlTemplate":"https:\/\/welaikaadv.site\/avviso\/?s={search_term_string}"},"query-input":{"@type":"PropertyValueSpecification","valueRequired":true,"valueName":"search_term_string"}}],"inLanguage":"it-IT"},{"@type":"Organization","@id":"https:\/\/welaikaadv.site\/avviso\/#organization","name":"Staging Avviso Pubblico","url":"https:\/\/welaikaadv.site\/avviso\/","logo":{"@type":"ImageObject","inLanguage":"it-IT","@id":"https:\/\/welaikaadv.site\/avviso\/#\/schema\/logo\/image\/","url":"https:\/\/welaikaadv.site\/avviso\/wp-content\/uploads\/2024\/08\/logoAPsito-400.png","contentUrl":"https:\/\/welaikaadv.site\/avviso\/wp-content\/uploads\/2024\/08\/logoAPsito-400.png","width":400,"height":97,"caption":"Staging Avviso Pubblico"},"image":{"@id":"https:\/\/welaikaadv.site\/avviso\/#\/schema\/logo\/image\/"}}]}},"_links":{"self":[{"href":"https:\/\/welaikaadv.site\/avviso\/wp-json\/wp\/v2\/pages\/28368","targetHints":{"allow":["GET"]}}],"collection":[{"href":"https:\/\/welaikaadv.site\/avviso\/wp-json\/wp\/v2\/pages"}],"about":[{"href":"https:\/\/welaikaadv.site\/avviso\/wp-json\/wp\/v2\/types\/page"}],"author":[{"embeddable":true,"href":"https:\/\/welaikaadv.site\/avviso\/wp-json\/wp\/v2\/users\/1"}],"replies":[{"embeddable":true,"href":"https:\/\/welaikaadv.site\/avviso\/wp-json\/wp\/v2\/comments?post=28368"}],"version-history":[{"count":0,"href":"https:\/\/welaikaadv.site\/avviso\/wp-json\/wp\/v2\/pages\/28368\/revisions"}],"up":[{"embeddable":true,"href":"https:\/\/welaikaadv.site\/avviso\/wp-json\/wp\/v2\/pages\/202"}],"wp:attachment":[{"href":"https:\/\/welaikaadv.site\/avviso\/wp-json\/wp\/v2\/media?parent=28368"}],"curies":[{"name":"wp","href":"https:\/\/api.w.org\/{rel}","templated":true}]}}