{"id":28421,"date":"2019-10-18T11:00:22","date_gmt":"2019-10-18T09:00:22","guid":{"rendered":"http:\/\/www.avvisopubblico.it\/home\/?page_id=28421"},"modified":"2019-10-18T11:00:22","modified_gmt":"2019-10-18T09:00:22","slug":"prospetto-dei-progetti-di-legge-presentati-alle-camere-nel-corso-della-xviii-legislatura-in-materia-di-gioco-dazzardo","status":"publish","type":"page","link":"https:\/\/welaikaadv.site\/avviso\/home\/cosa-facciamo\/informare\/osservatorio-parlamentare\/attivita-legislativa\/prospetto-dei-progetti-di-legge-presentati-alle-camere-nel-corso-della-xviii-legislatura-in-materia-di-gioco-dazzardo\/","title":{"rendered":"Prospetto dei progetti di legge presentati alle Camere nel corso della XVIII Legislatura in materia di gioco d\u2019azzardo"},"content":{"rendered":"<p>&nbsp;<\/p>\n<p class=\"p1\"><span class=\"s1\"><b>Premessa.<\/b> In materia di gioco d\u2019azzardo, nel corso della presente legislatura, sono state<span class=\"Apple-converted-space\">\u00a0 <\/span>attualmente presentate 24 proposte di legge (2 di queste ritirate), tra Camera e Senato <i>(per l\u2019elenco completo <\/i><a href=\"http:\/\/www.avvisopubblico.it\/home\/home\/cosa-facciamo\/informare\/osservatorio-parlamentare\/attivita-legislativa\/xviii-legislatura-la-discussione-parlamentare-dei-progetti-di-legge\/xviii-legislatura-provvedimenti-di-legge-presentati-presso-camera-e-senato\/\"><span class=\"s2\"><b><i>clicca qui<\/i><\/b><\/span><\/a><i>);<\/i> per 17 di esse \u00e8 stato gi\u00e0 pubblicato il testo. Si fornisce una prima illustrazione dei principali contenuti di tali proposte, in base agli obiettivi che si prefiggono.<\/span><\/p>\n<p class=\"p1\"><span class=\"s2\"><a href=\"http:\/\/www.senato.it\/leg\/18\/BGT\/Schede\/Ddliter\/48702.htm\"><b>AS 101<\/b><\/a><\/span><span class=\"s1\"><b>, <\/b><a href=\"http:\/\/www.camera.it\/leg18\/126?tab=&amp;leg=18&amp;idDocumento=5&amp;sede=&amp;tipo=\"><span class=\"s2\"><b>AC 5<\/b><\/span><\/a><b>, <\/b><a href=\"http:\/\/www.camera.it\/leg18\/126?tab=&amp;leg=18&amp;idDocumento=611&amp;sede=&amp;tipo=\"><span class=\"s2\"><b>AC 611<\/b><\/span><\/a><b>: misure proibizioniste.<\/b> La prima pdl <i>(assegnata alla 1<\/i><\/span><span class=\"s3\"><i><sup>a<\/sup><\/i><\/span><span class=\"s1\"><i> Commissione Affari costituzionali)<\/i> prevede per le <i>slot machine <\/i>il bando incondizionato nei luoghi pubblici o aperti al pubblico e nei circoli ed associazioni di qualunque specie: la violazione comporta sanzioni pecuniarie e confisca degli apparecchi. La seconda <i>(d\u2019iniziativa popolare ed assegnata alla VI Commissione Finanze)<\/i> impone l\u2019abolizione <i>sic et simpliciter<\/i> di ogni forma di gioco d\u2019azzardo, ivi inclusa quella via internet o telefonia fissa. La terza proposta, di iniziativa del Consiglio regionale del Veneto <i>(assegnata alle Commissioni riunite &#8211; VI Finanze e XII Affari sociali)<\/i>, stabilisce anzitutto un divieto assoluto per i giochi con puntata in denaro, fatti salvi quelli gestiti dallo Stato: le diverse forme di lotteria, le scommesse sugli eventi sportivi e il lotto (con l\u2019unica eccezione di quello istantaneo). Si prevedono sanzioni penali e pene accessorie per la trasgressione della nuova disciplina. Infine, vengono affrontate le tematiche della cura, della prevenzione e del contrasto al gioco d\u2019azzardo, con l\u2019ulteriore divieto per qualsiasi forma, diretta o indiretta, di propaganda pubblicitaria.<\/span><\/p>\n<p class=\"p1\"><span class=\"s2\"><a href=\"http:\/\/www.senato.it\/leg\/18\/BGT\/Schede\/Ddliter\/49456.htm\"><b>AS 305<\/b><\/a><\/span><span class=\"s1\"><b>, <\/b><a href=\"http:\/\/www.senato.it\/leg\/18\/BGT\/Schede\/Ddliter\/49539.htm\"><span class=\"s2\"><b>AS 336<\/b><\/span><\/a><b>, <\/b><a href=\"http:\/\/www.senato.it\/leg\/18\/BGT\/Schede\/Ddliter\/49650.htm\"><span class=\"s2\"><b>AS 411<\/b><\/span><\/a><b>: misure di cura e prevenzione.<\/b> I primi due progetti di legge <i>(entrambi assegnati alle Commissioni riunite &#8211; 6<\/i><\/span><span class=\"s3\"><i><sup>a<\/sup><\/i><\/span><span class=\"s1\"><i> Finanze e tesoro e 12<\/i><\/span><span class=\"s3\"><i><sup>a<\/sup><\/i><\/span><span class=\"s1\"><i> Igiene e sanit\u00e0)<\/i> affrontano l\u2019argomento anzitutto da un punto di vista sanitario, corroborando le iniziative di cura e recupero dei pazienti con la limitazione della pubblicit\u00e0 (vietata del tutto nel primo caso), una specifica disciplina sui locali adibiti al gioco, nonch\u00e9 altre previsioni volte a prevenire il GAP (disposizioni su tagliandi delle lotterie, tessera elettronica per accedere alle macchinette, poteri autorizzatori dei comuni etc.). La <i>ratio<\/i> della terza proposta <i>(anch\u2019essa assegnata alle Commissioni riunite &#8211; 6<\/i><\/span><span class=\"s3\"><i><sup>a<\/sup><\/i><\/span><span class=\"s1\"><i> Finanze e tesoro e 12<\/i><\/span><span class=\"s3\"><i><sup>a<\/sup><\/i><\/span><span class=\"s1\"><i> Igiene e sanit\u00e0)<\/i> consiste nella tutela del diritto alla salute latamente inteso. Essa \u00e8 garantita attraverso il divieto di qualsiasi forma di pubblicit\u00e0 di giochi con vincita in denaro o altre utilit\u00e0, mediante l\u2019estensione della possibilit\u00e0 di impiegare agenti sotto copertura in ogni tipo di procedimento rivolto all\u2019accertamento di fattispecie di reato nell\u2019ambito delle attivit\u00e0 di commercio del gioco d\u2019azzardo, per mezzo della regolamentazione delle condizioni ambientali nelle quali si esplica il gioco, e prevedendo l\u2019istituzione, presso il Ministero della Salute, dell\u2019Osservatorio per il contrasto della diffusione del gioco d\u2019azzardo e il fenomeno della dipendenza grave. \u00c8 inoltre attribuita agli enti locali la facolt\u00e0 di adottare misure pi\u00f9 restrittive rispetto a quelle previste dalla normativa nazionale; l\u2019accesso ai giochi viene subordinato all\u2019utilizzo della tessera sanitaria e si introduce una prima forma di finanziamento per specifiche misure di cura e prevenzione del gioco d\u2019azzardo patologico.<\/span><\/p>\n<p class=\"p1\"><span class=\"s1\"><a href=\"http:\/\/www.senato.it\/leg\/18\/BGT\/Schede\/Ddliter\/49629.htm\"><b>AS 390<\/b><\/a><\/span><span class=\"s2\"><b>, <\/b><a href=\"http:\/\/www.senato.it\/leg\/18\/BGT\/Schede\/Ddliter\/49979.htm\"><span class=\"s1\"><b>AS 560<\/b><\/span><\/a><b>, <\/b><a href=\"http:\/\/www.senato.it\/leg\/18\/BGT\/Schede\/Ddliter\/50263.htm\"><span class=\"s1\"><b>AS 691<\/b><\/span><\/a><b>, <\/b><a href=\"http:\/\/www.senato.it\/leg\/18\/BGT\/Schede\/Ddliter\/51319.htm\"><span class=\"s1\"><b>AS 1072<\/b><\/span><\/a><b>, <\/b><a href=\"http:\/\/www.camera.it\/leg18\/126?tab=&amp;leg=18&amp;idDocumento=540&amp;sede=&amp;tipo=\"><span class=\"s1\"><b>AC 540<\/b><\/span><\/a><b>, <\/b><a href=\"http:\/\/www.camera.it\/leg18\/126?tab=&amp;leg=18&amp;idDocumento=1015&amp;sede=&amp;tipo=\"><span class=\"s1\"><b>AC 1015<\/b><\/span><\/a><b>: omogeneizzazione disciplina, riduzione offerta e ruolo comuni.<\/b> <\/span><span class=\"s1\">Il primo ed il sesto progetto <i>(assegnati, rispettivamente, alle Commissioni riunite &#8211; 1<\/i><\/span><span class=\"s2\"><i><sup>a<\/sup><\/i><\/span><span class=\"s1\"><i> Affari costituzionali e 6<\/i><\/span><span class=\"s2\"><i><sup>a<\/sup><\/i><\/span><span class=\"s1\"><i> Finanze e tesoro e alle Commissioni riunite &#8211; VI Finanze e XII Affari sociali)<\/i> si propongono di uniformare la disciplina con misure aventi ad oggetto la riduzione dell\u2019offerta complessiva del gioco d\u2019azzardo (sale scommesse, sale giochi, sale Bingo), stabilendo limitazioni temporali all\u2019apertura degli esercizi commerciali, una ricollocazione delle sale da gioco sul territorio nazionale sulla base del c.d. \u201cdistanziometro\u201d e ridefinendo a tale scopo le competenze dei comuni in materia, cui, nel secondo caso, \u00e8 pure consentita l\u2019adozione di provvedimenti pi\u00f9 stringenti. Oltre a ci\u00f2, il sesto progetto comprende statuizioni finalizzate alla prevenzione, la cura e la riabilitazione del disturbo da gioco d\u2019azzardo come, in particolare: l\u2019attuazione di un\u2019articolata campagna di sensibilizzazione sui fattori di rischio ad opera del Ministero della Salute, accompagnata dall\u2019istituzione di un numero verde appositamente dedicato a tale patologia; l\u2019imposizione di vincoli quanto all\u2019importo massimo della singola giocata e alle tempistiche di gioco. La seconda proposta <i>(assegnata alla 6<\/i><\/span><span class=\"s2\"><i><sup>a<\/sup><\/i><\/span><span class=\"s1\"><i> Commissione Finanze e tesoro)<\/i> \u00e8 invece finalizzata alla sistematica raccolta delle disposizioni sui singoli giochi e ad un riordino del prelievo fiscale sui medesimi. Vengono cos\u00ec definite in un unico provvedimento misure preventive, di cura, di contenimento dell\u2019offerta (anche mediante il divieto di pubblicit\u00e0) e di contrasto all\u2019illegalit\u00e0, nonch\u00e9 armonizzate le prescrizioni relative al sistema delle concessioni e alla rete unitaria dei giochi pubblici, alle diverse tipologie di gioco (scommesse ippiche, lotterie, bingo etc.), al prelievo tributario e razionalizzate quelle concernenti il sistema sanzionatorio. Il terzo e il quinto progetto <i>(assegnati, rispettivamente, alle Commissioni riunite &#8211; 6<\/i><\/span><span class=\"s2\"><i><sup>a<\/sup><\/i><\/span><span class=\"s1\"><i> Finanze e tesoro e 12<\/i><\/span><span class=\"s2\"><i><sup>a<\/sup><\/i><\/span><span class=\"s1\"><i> Igiene e sanit\u00e0, ed alla VI Commissione Finanze)<\/i> prevedono, come nelle prime due ipotesi, un ridimensionamento dell\u2019offerta di gioco mediante l\u2019adozione di nuovi criteri per l\u2019installazione di apparecchi da intrattenimento, l\u2019applicazione di limitazioni orarie per gli esercenti ed una pi\u00f9 stringente regolamentazione riguardo l\u2019ubicazione geografica dei dispositivi, nel rispetto delle opportune distanze dai luoghi considerati sensibili. Al fine di creare le condizioni per un pi\u00f9 efficace contrasto del gioco d&#8217;azzardo patologico, viene inoltre prevista la devoluzione alle amministrazioni comunali del 30 per cento delle entrate derivanti dal prelievo erariale unico. Si limita poi il ricorso alle carte di debito per il pagamento delle giocate; e specifiche misure sono rivolte al contrasto del gioco illegale. La quarta proposta <i>(assegnata alle Commissioni riunite &#8211; 1<\/i><\/span><span class=\"s2\"><i><sup>a<\/sup><\/i><\/span><span class=\"s1\"><i> Affari costituzionali e 6<\/i><\/span><span class=\"s2\"><i><sup>a<\/sup><\/i><\/span><span class=\"s1\"><i> Finanze e tesoro)<\/i> si limita ad imporre il rispetto di precisi e dettagliati obblighi circa l\u2019ubicazione e l\u2019installazione degli apparecchi da gioco, ivi incluso quello relativo alle distanze dai luoghi sensibili (come pure dai luoghi che commercializzano denaro, oro od oggetti preziosi), lasciando agli esercenti la libert\u00e0 di stabilire l\u2019orario di apertura delle sale giochi e quello di funzionamento degli apparecchi, ma entro i limiti individuati dall\u2019ordinanza comunale di riferimento e purch\u00e9 sia comunque ricompreso nella fascia oraria 8.00-22.00. Sanzioni amministrative, che arrivano sino alla cessazione definitiva dell\u2019attivit\u00e0 principale all\u2019interno della quale sono collocati gli apparecchi da gioco, sono dirette a colpire i trasgressori.<\/span><\/p>\n<p class=\"p1\"><span class=\"s2\"><a href=\"http:\/\/www.senato.it\/leg\/18\/BGT\/Schede\/Ddliter\/49606.htm\"><b>AS 367<\/b><\/a><\/span><span class=\"s1\">, <a href=\"http:\/\/www.senato.it\/leg\/18\/BGT\/Schede\/Ddliter\/49961.htm\"><span class=\"s2\"><b>AS 543<\/b><\/span><\/a><b>, <\/b><a href=\"http:\/\/www.camera.it\/leg18\/126?tab=&amp;leg=18&amp;idDocumento=350&amp;sede=&amp;tipo=\"><span class=\"s2\"><b>AC 350<\/b><\/span><\/a><b>, <\/b><a href=\"http:\/\/www.camera.it\/leg18\/126?tab=&amp;leg=18&amp;idDocumento=778&amp;sede=&amp;tipo=\"><span class=\"s2\"><b>AC 778<\/b><\/span><\/a><b>: divieto di pubblicit\u00e0.<\/b> I progetti prevedono un divieto totale (limitatamente ai canali audiovisivi e radiofonici nel terzo caso) per qualsiasi comunicazione commerciale sul tema. Si ricorda che la materia della pubblicit\u00e0 sul gioco d\u2019azzardo \u00e8 stata recentemente disciplinata dalla <a href=\"http:\/\/www.avvisopubblico.it\/home\/home\/cosa-facciamo\/informare\/osservatorio-parlamentare\/attivita-legislativa\/leggi-approvate\/legge-n-96-del-2018-le-disposizioni-sul-contrasto-del-disturbo-da-gioco-dazzardo\/\"><span class=\"s2\"><b>legge n. 96 del 2018<\/b><\/span><\/a>.<\/span><\/p>\n<p class=\"p1\"><span class=\"s1\"><a href=\"http:\/\/www.senato.it\/leg\/18\/BGT\/Schede\/Ddliter\/50520.htm\"><b>AS 773<\/b><\/a><\/span><span class=\"s2\"><b> (<\/b><a href=\"https:\/\/welaikaadv.site\/avviso\/home\/cosa-facciamo\/informare\/osservatorio-parlamentare\/attivita-legislativa\/leggi-approvate\/legge-n-39-del-2019-ratifica-della-convenzione-sulla-manipolazione-di-competizioni-sportive\/\"><span class=\"s1\"><b>legge approvata<\/b><\/span><\/a><b>): scommesse sportive.<\/b> Con tale disegno di legge <i>(assegnato alle Commissioni riunite &#8211; 2<\/i><\/span><span class=\"s3\"><i><sup>a<\/sup><\/i><\/span><span class=\"s2\"><i> Giustizia e 3<\/i><\/span><span class=\"s3\"><i><sup>a<\/sup><\/i><\/span><span class=\"s2\"><i> Affari esteri, emigrazione)<\/i> il Governo promuove la ratifica della Convenzione del Consiglio d\u2019Europa sulla manipolazione di competizione sportive fatta a Magglingen nel 2014. Essa \u00e8 intesa a prevenire, individuare e combattere qualsiasi forma di manipolazione di eventi sportivi, sollecitando gli Stati ad adottare misure per evitare i conflitti di interesse tra gli operatori del settore scommesse e le organizzazioni sportive, e rivolgendosi anche alle autorit\u00e0 di regolamentazione di questo comparto dell\u2019azzardo per l\u2019intensificazione della lotta contro la frode e le scommesse illegali. Nel perseguimento di tali obiettivi, la Convenzione \u00abassocia\u00bb tutti i potenziali soggetti che operano nella lotta alle manipolazioni in oggetto, vale a dire autorit\u00e0 pubbliche, organizzazioni sportive e operatori di scommesse.<\/span><\/p>\n<p>&nbsp;<\/p>\n<p style=\"text-align: right;\"><em>(Ultimo aggiornamento: 18 ottobre 2019)<\/em><\/p>\n<p>&nbsp;<\/p>\n<p><em>(a cura di <a href=\"mailto:luca.fiordelmondo@avvisopubblico.it\"><strong>Luca Fiordelmondo<\/strong><\/a>, Master APC dell&#8217;Universit\u00e0 di Pisa)<\/em><\/p>\n","protected":false},"excerpt":{"rendered":"<p>&nbsp; Premessa. In materia di gioco d\u2019azzardo, nel corso della presente legislatura, sono state\u00a0 attualmente presentate 24 proposte di legge (2 di queste ritirate), tra&nbsp;<span class=\"hellipsis\">[&hellip;]<\/span><a class=\"more-link\" href=\"https:\/\/welaikaadv.site\/avviso\/home\/cosa-facciamo\/informare\/osservatorio-parlamentare\/attivita-legislativa\/prospetto-dei-progetti-di-legge-presentati-alle-camere-nel-corso-della-xviii-legislatura-in-materia-di-gioco-dazzardo\/\">Leggi tutto <span class=\"screen-reader-text\">Prospetto dei progetti di legge presentati alle Camere nel corso della XVIII Legislatura in materia di gioco d\u2019azzardo<\/span> <span class=\"meta-nav\" aria-hidden=\"true\">&rarr;<\/span><\/a><\/p>\n","protected":false},"author":1,"featured_media":0,"parent":2537,"menu_order":0,"comment_status":"closed","ping_status":"closed","template":"","meta":{"_acf_changed":false,"_exactmetrics_skip_tracking":false,"_exactmetrics_sitenote_active":false,"_exactmetrics_sitenote_note":"","_exactmetrics_sitenote_category":0,"wp_social_preview_title":"","wp_social_preview_description":"","wp_social_preview_image":0,"footnotes":""},"class_list":["post-28421","page","type-page","status-publish","hentry"],"acf":[],"yoast_head":"<!-- This site is optimized with the Yoast SEO plugin v27.2 - https:\/\/yoast.com\/product\/yoast-seo-wordpress\/ -->\n<title>Prospetto dei progetti di legge presentati alle Camere nel corso della XVIII Legislatura in materia di gioco d\u2019azzardo - Staging Avviso Pubblico<\/title>\n<meta name=\"robots\" content=\"noindex, follow, max-snippet:-1, max-image-preview:large, max-video-preview:-1\" \/>\n<meta property=\"og:locale\" content=\"it_IT\" \/>\n<meta property=\"og:type\" content=\"article\" \/>\n<meta property=\"og:title\" content=\"Prospetto dei progetti di legge presentati alle Camere nel corso della XVIII Legislatura in materia di gioco d\u2019azzardo - Staging Avviso Pubblico\" \/>\n<meta property=\"og:description\" content=\"&nbsp; Premessa. In materia di gioco d\u2019azzardo, nel corso della presente legislatura, sono state\u00a0 attualmente presentate 24 proposte di legge (2 di queste ritirate), tra&nbsp;[&hellip;]Leggi tutto Prospetto dei progetti di legge presentati alle Camere nel corso della XVIII Legislatura in materia di gioco d\u2019azzardo &rarr;\" \/>\n<meta property=\"og:url\" content=\"https:\/\/welaikaadv.site\/avviso\/home\/cosa-facciamo\/informare\/osservatorio-parlamentare\/attivita-legislativa\/prospetto-dei-progetti-di-legge-presentati-alle-camere-nel-corso-della-xviii-legislatura-in-materia-di-gioco-dazzardo\/\" \/>\n<meta property=\"og:site_name\" content=\"Staging Avviso Pubblico\" \/>\n<meta name=\"twitter:card\" content=\"summary_large_image\" \/>\n<meta name=\"twitter:label1\" content=\"Tempo di lettura stimato\" \/>\n\t<meta name=\"twitter:data1\" content=\"6 minuti\" \/>\n<script type=\"application\/ld+json\" class=\"yoast-schema-graph\">{\"@context\":\"https:\/\/schema.org\",\"@graph\":[{\"@type\":\"WebPage\",\"@id\":\"https:\/\/welaikaadv.site\/avviso\/home\/cosa-facciamo\/informare\/osservatorio-parlamentare\/attivita-legislativa\/prospetto-dei-progetti-di-legge-presentati-alle-camere-nel-corso-della-xviii-legislatura-in-materia-di-gioco-dazzardo\/\",\"url\":\"https:\/\/welaikaadv.site\/avviso\/home\/cosa-facciamo\/informare\/osservatorio-parlamentare\/attivita-legislativa\/prospetto-dei-progetti-di-legge-presentati-alle-camere-nel-corso-della-xviii-legislatura-in-materia-di-gioco-dazzardo\/\",\"name\":\"Prospetto dei progetti di legge presentati alle Camere nel corso della XVIII Legislatura in materia di gioco d\u2019azzardo - Staging Avviso Pubblico\",\"isPartOf\":{\"@id\":\"https:\/\/welaikaadv.site\/avviso\/#website\"},\"datePublished\":\"2019-10-18T09:00:22+00:00\",\"breadcrumb\":{\"@id\":\"https:\/\/welaikaadv.site\/avviso\/home\/cosa-facciamo\/informare\/osservatorio-parlamentare\/attivita-legislativa\/prospetto-dei-progetti-di-legge-presentati-alle-camere-nel-corso-della-xviii-legislatura-in-materia-di-gioco-dazzardo\/#breadcrumb\"},\"inLanguage\":\"it-IT\",\"potentialAction\":[{\"@type\":\"ReadAction\",\"target\":[\"https:\/\/welaikaadv.site\/avviso\/home\/cosa-facciamo\/informare\/osservatorio-parlamentare\/attivita-legislativa\/prospetto-dei-progetti-di-legge-presentati-alle-camere-nel-corso-della-xviii-legislatura-in-materia-di-gioco-dazzardo\/\"]}]},{\"@type\":\"BreadcrumbList\",\"@id\":\"https:\/\/welaikaadv.site\/avviso\/home\/cosa-facciamo\/informare\/osservatorio-parlamentare\/attivita-legislativa\/prospetto-dei-progetti-di-legge-presentati-alle-camere-nel-corso-della-xviii-legislatura-in-materia-di-gioco-dazzardo\/#breadcrumb\",\"itemListElement\":[{\"@type\":\"ListItem\",\"position\":1,\"name\":\"Home\",\"item\":\"https:\/\/welaikaadv.site\/avviso\/\"},{\"@type\":\"ListItem\",\"position\":2,\"name\":\"Prospetto dei progetti di legge presentati alle Camere nel corso della XVIII Legislatura in materia di gioco d\u2019azzardo\"}]},{\"@type\":\"WebSite\",\"@id\":\"https:\/\/welaikaadv.site\/avviso\/#website\",\"url\":\"https:\/\/welaikaadv.site\/avviso\/\",\"name\":\"Staging Avviso Pubblico\",\"description\":\"\",\"publisher\":{\"@id\":\"https:\/\/welaikaadv.site\/avviso\/#organization\"},\"potentialAction\":[{\"@type\":\"SearchAction\",\"target\":{\"@type\":\"EntryPoint\",\"urlTemplate\":\"https:\/\/welaikaadv.site\/avviso\/?s={search_term_string}\"},\"query-input\":{\"@type\":\"PropertyValueSpecification\",\"valueRequired\":true,\"valueName\":\"search_term_string\"}}],\"inLanguage\":\"it-IT\"},{\"@type\":\"Organization\",\"@id\":\"https:\/\/welaikaadv.site\/avviso\/#organization\",\"name\":\"Staging Avviso Pubblico\",\"url\":\"https:\/\/welaikaadv.site\/avviso\/\",\"logo\":{\"@type\":\"ImageObject\",\"inLanguage\":\"it-IT\",\"@id\":\"https:\/\/welaikaadv.site\/avviso\/#\/schema\/logo\/image\/\",\"url\":\"https:\/\/welaikaadv.site\/avviso\/wp-content\/uploads\/2024\/08\/logoAPsito-400.png\",\"contentUrl\":\"https:\/\/welaikaadv.site\/avviso\/wp-content\/uploads\/2024\/08\/logoAPsito-400.png\",\"width\":400,\"height\":97,\"caption\":\"Staging Avviso Pubblico\"},\"image\":{\"@id\":\"https:\/\/welaikaadv.site\/avviso\/#\/schema\/logo\/image\/\"}}]}<\/script>\n<!-- \/ Yoast SEO plugin. -->","yoast_head_json":{"title":"Prospetto dei progetti di legge presentati alle Camere nel corso della XVIII Legislatura in materia di gioco d\u2019azzardo - Staging Avviso Pubblico","robots":{"index":"noindex","follow":"follow","max-snippet":"max-snippet:-1","max-image-preview":"max-image-preview:large","max-video-preview":"max-video-preview:-1"},"og_locale":"it_IT","og_type":"article","og_title":"Prospetto dei progetti di legge presentati alle Camere nel corso della XVIII Legislatura in materia di gioco d\u2019azzardo - Staging Avviso Pubblico","og_description":"&nbsp; Premessa. In materia di gioco d\u2019azzardo, nel corso della presente legislatura, sono state\u00a0 attualmente presentate 24 proposte di legge (2 di queste ritirate), tra&nbsp;[&hellip;]Leggi tutto Prospetto dei progetti di legge presentati alle Camere nel corso della XVIII Legislatura in materia di gioco d\u2019azzardo &rarr;","og_url":"https:\/\/welaikaadv.site\/avviso\/home\/cosa-facciamo\/informare\/osservatorio-parlamentare\/attivita-legislativa\/prospetto-dei-progetti-di-legge-presentati-alle-camere-nel-corso-della-xviii-legislatura-in-materia-di-gioco-dazzardo\/","og_site_name":"Staging Avviso Pubblico","twitter_card":"summary_large_image","twitter_misc":{"Tempo di lettura stimato":"6 minuti"},"schema":{"@context":"https:\/\/schema.org","@graph":[{"@type":"WebPage","@id":"https:\/\/welaikaadv.site\/avviso\/home\/cosa-facciamo\/informare\/osservatorio-parlamentare\/attivita-legislativa\/prospetto-dei-progetti-di-legge-presentati-alle-camere-nel-corso-della-xviii-legislatura-in-materia-di-gioco-dazzardo\/","url":"https:\/\/welaikaadv.site\/avviso\/home\/cosa-facciamo\/informare\/osservatorio-parlamentare\/attivita-legislativa\/prospetto-dei-progetti-di-legge-presentati-alle-camere-nel-corso-della-xviii-legislatura-in-materia-di-gioco-dazzardo\/","name":"Prospetto dei progetti di legge presentati alle Camere nel corso della XVIII Legislatura in materia di gioco d\u2019azzardo - Staging Avviso Pubblico","isPartOf":{"@id":"https:\/\/welaikaadv.site\/avviso\/#website"},"datePublished":"2019-10-18T09:00:22+00:00","breadcrumb":{"@id":"https:\/\/welaikaadv.site\/avviso\/home\/cosa-facciamo\/informare\/osservatorio-parlamentare\/attivita-legislativa\/prospetto-dei-progetti-di-legge-presentati-alle-camere-nel-corso-della-xviii-legislatura-in-materia-di-gioco-dazzardo\/#breadcrumb"},"inLanguage":"it-IT","potentialAction":[{"@type":"ReadAction","target":["https:\/\/welaikaadv.site\/avviso\/home\/cosa-facciamo\/informare\/osservatorio-parlamentare\/attivita-legislativa\/prospetto-dei-progetti-di-legge-presentati-alle-camere-nel-corso-della-xviii-legislatura-in-materia-di-gioco-dazzardo\/"]}]},{"@type":"BreadcrumbList","@id":"https:\/\/welaikaadv.site\/avviso\/home\/cosa-facciamo\/informare\/osservatorio-parlamentare\/attivita-legislativa\/prospetto-dei-progetti-di-legge-presentati-alle-camere-nel-corso-della-xviii-legislatura-in-materia-di-gioco-dazzardo\/#breadcrumb","itemListElement":[{"@type":"ListItem","position":1,"name":"Home","item":"https:\/\/welaikaadv.site\/avviso\/"},{"@type":"ListItem","position":2,"name":"Prospetto dei progetti di legge presentati alle Camere nel corso della XVIII Legislatura in materia di gioco d\u2019azzardo"}]},{"@type":"WebSite","@id":"https:\/\/welaikaadv.site\/avviso\/#website","url":"https:\/\/welaikaadv.site\/avviso\/","name":"Staging Avviso Pubblico","description":"","publisher":{"@id":"https:\/\/welaikaadv.site\/avviso\/#organization"},"potentialAction":[{"@type":"SearchAction","target":{"@type":"EntryPoint","urlTemplate":"https:\/\/welaikaadv.site\/avviso\/?s={search_term_string}"},"query-input":{"@type":"PropertyValueSpecification","valueRequired":true,"valueName":"search_term_string"}}],"inLanguage":"it-IT"},{"@type":"Organization","@id":"https:\/\/welaikaadv.site\/avviso\/#organization","name":"Staging Avviso Pubblico","url":"https:\/\/welaikaadv.site\/avviso\/","logo":{"@type":"ImageObject","inLanguage":"it-IT","@id":"https:\/\/welaikaadv.site\/avviso\/#\/schema\/logo\/image\/","url":"https:\/\/welaikaadv.site\/avviso\/wp-content\/uploads\/2024\/08\/logoAPsito-400.png","contentUrl":"https:\/\/welaikaadv.site\/avviso\/wp-content\/uploads\/2024\/08\/logoAPsito-400.png","width":400,"height":97,"caption":"Staging Avviso Pubblico"},"image":{"@id":"https:\/\/welaikaadv.site\/avviso\/#\/schema\/logo\/image\/"}}]}},"_links":{"self":[{"href":"https:\/\/welaikaadv.site\/avviso\/wp-json\/wp\/v2\/pages\/28421","targetHints":{"allow":["GET"]}}],"collection":[{"href":"https:\/\/welaikaadv.site\/avviso\/wp-json\/wp\/v2\/pages"}],"about":[{"href":"https:\/\/welaikaadv.site\/avviso\/wp-json\/wp\/v2\/types\/page"}],"author":[{"embeddable":true,"href":"https:\/\/welaikaadv.site\/avviso\/wp-json\/wp\/v2\/users\/1"}],"replies":[{"embeddable":true,"href":"https:\/\/welaikaadv.site\/avviso\/wp-json\/wp\/v2\/comments?post=28421"}],"version-history":[{"count":0,"href":"https:\/\/welaikaadv.site\/avviso\/wp-json\/wp\/v2\/pages\/28421\/revisions"}],"up":[{"embeddable":true,"href":"https:\/\/welaikaadv.site\/avviso\/wp-json\/wp\/v2\/pages\/2537"}],"wp:attachment":[{"href":"https:\/\/welaikaadv.site\/avviso\/wp-json\/wp\/v2\/media?parent=28421"}],"curies":[{"name":"wp","href":"https:\/\/api.w.org\/{rel}","templated":true}]}}