{"id":28565,"date":"2018-09-20T07:59:46","date_gmt":"2018-09-20T05:59:46","guid":{"rendered":"http:\/\/www.avvisopubblico.it\/home\/?page_id=28565"},"modified":"2018-09-20T07:59:46","modified_gmt":"2018-09-20T05:59:46","slug":"concessioni-e-autorizzazioni-di-polizia-per-lattivita-di-scommesse-analisi-di-una-sentenza-del-consiglio-di-stato","status":"publish","type":"page","link":"https:\/\/welaikaadv.site\/avviso\/home\/cosa-facciamo\/informare\/documenti-tematici\/gioco-dazzardo\/concessioni-e-autorizzazioni-di-polizia-per-lattivita-di-scommesse-analisi-di-una-sentenza-del-consiglio-di-stato\/","title":{"rendered":"Concessioni e autorizzazioni di polizia per l\u2019attivit\u00e0 di scommesse: analisi di una sentenza del Consiglio di stato"},"content":{"rendered":"<p><strong>Premessa<\/strong>. Il Consiglio di Stato (<em>sentenza n. 4905\/2018<\/em>) ha accolto il ricorso proposto dal Ministero dell\u2019Interno per la riforma di una sentenza del TAR Marche (<em>n. 221\/2011<\/em>), che aveva annullato il rigetto del Questore di Ascoli Piceno di rilascio della licenza per l\u2019attivit\u00e0 di scommesse ex art. 88 TULPS al gestore di un centro trasmissione dati (CTD) per conto di una societ\u00e0 di diritto austriaco, con licenza di bookmaker straniera.<\/p>\n<p><strong>Licenze<\/strong>. La sentenza conferma la \u201clegittimit\u00e0 del diniego del rilascio della licenza di polizia\u201d, negata perch\u00e9 n\u00e9 la societ\u00e0 austriaca n\u00e9 l\u2019esercizio commerciale richiedente erano titolari in Italia della concessione rilasciata dall\u2019AAMS in riferimento alla <strong><a href=\"https:\/\/welaikaadv.site\/avviso\/home\/cosa-facciamo\/informare\/documenti-tematici\/gioco-dazzardo\/sintesi-della-normativa-della-giurisprudenza-materia-gioco-dazzardo-ludopatia\/?hilite=%27licenze%27\">normativa italiana<\/a><\/strong> \u201cper la quale un operatore debba disporre sia di una concessione sia di un\u2019autorizzazione della polizia per poter accedere al mercato\u201d. La negazione della licenza ha come obiettivo \u201cla lotta contro la criminalit\u00e0 collegata ai giochi d\u2019azzardo\u201d che quindi \u201c\u00e8 idoneo a giustificare le restrizioni alle libert\u00e0 fondamentali derivanti da tale normativa, purch\u00e9 tali restrizioni soddisfino il principio di proporzionalit\u00e0 e nella misura in cui i mezzi impiegati siano coerenti e sistematici\u201d, come riportato nelle sentenze Placanica, Costa e Cifone della Corte di Giustizia UE. La stessa Corte di Giustizia esclude l\u2019esistenza di un \u201cobbligo di mutuo riconoscimento delle autorizzazioni rilasciate dai vari Stati membri (\u2026) considerato l\u2019ampio margine discrezionale degli Stati membri riguardo l\u2019obiettivo che essi intendono perseguire ad al livello di tutela dei consumatori da essi ricercato e vista l\u2019assenza di un\u2019armonizzazione in materia di giochi d\u2019azzardo\u201d.<\/p>\n<p><em>(a cura di Sara Capitanio, vincitrice della borsa di studio di Avviso Pubblico sul gioco d\u2019azzardo)<\/em><\/p>\n","protected":false},"excerpt":{"rendered":"<p>Premessa. Il Consiglio di Stato (sentenza n. 4905\/2018) ha accolto il ricorso proposto dal Ministero dell\u2019Interno per la riforma di una sentenza del TAR Marche&nbsp;<span class=\"hellipsis\">[&hellip;]<\/span><a class=\"more-link\" href=\"https:\/\/welaikaadv.site\/avviso\/home\/cosa-facciamo\/informare\/documenti-tematici\/gioco-dazzardo\/concessioni-e-autorizzazioni-di-polizia-per-lattivita-di-scommesse-analisi-di-una-sentenza-del-consiglio-di-stato\/\">Leggi tutto <span class=\"screen-reader-text\">Concessioni e autorizzazioni di polizia per l\u2019attivit\u00e0 di scommesse: analisi di una sentenza del Consiglio di stato<\/span> <span class=\"meta-nav\" aria-hidden=\"true\">&rarr;<\/span><\/a><\/p>\n","protected":false},"author":1,"featured_media":0,"parent":202,"menu_order":0,"comment_status":"closed","ping_status":"closed","template":"","meta":{"_acf_changed":false,"_exactmetrics_skip_tracking":false,"_exactmetrics_sitenote_active":false,"_exactmetrics_sitenote_note":"","_exactmetrics_sitenote_category":0,"wp_social_preview_title":"","wp_social_preview_description":"","wp_social_preview_image":0,"footnotes":""},"class_list":["post-28565","page","type-page","status-publish","hentry"],"acf":[],"yoast_head":"<!-- This site is optimized with the Yoast SEO plugin v27.2 - https:\/\/yoast.com\/product\/yoast-seo-wordpress\/ -->\n<title>Concessioni e autorizzazioni di polizia per l\u2019attivit\u00e0 di scommesse: analisi di una sentenza del Consiglio di stato - Staging Avviso Pubblico<\/title>\n<meta name=\"robots\" content=\"noindex, follow, max-snippet:-1, max-image-preview:large, max-video-preview:-1\" \/>\n<meta property=\"og:locale\" content=\"it_IT\" \/>\n<meta property=\"og:type\" content=\"article\" \/>\n<meta property=\"og:title\" content=\"Concessioni e autorizzazioni di polizia per l\u2019attivit\u00e0 di scommesse: analisi di una sentenza del Consiglio di stato - Staging Avviso Pubblico\" \/>\n<meta property=\"og:description\" content=\"Premessa. Il Consiglio di Stato (sentenza n. 4905\/2018) ha accolto il ricorso proposto dal Ministero dell\u2019Interno per la riforma di una sentenza del TAR Marche&nbsp;[&hellip;]Leggi tutto Concessioni e autorizzazioni di polizia per l\u2019attivit\u00e0 di scommesse: analisi di una sentenza del Consiglio di stato &rarr;\" \/>\n<meta property=\"og:url\" content=\"https:\/\/welaikaadv.site\/avviso\/home\/cosa-facciamo\/informare\/documenti-tematici\/gioco-dazzardo\/concessioni-e-autorizzazioni-di-polizia-per-lattivita-di-scommesse-analisi-di-una-sentenza-del-consiglio-di-stato\/\" \/>\n<meta property=\"og:site_name\" content=\"Staging Avviso Pubblico\" \/>\n<meta name=\"twitter:card\" content=\"summary_large_image\" \/>\n<meta name=\"twitter:label1\" content=\"Tempo di lettura stimato\" \/>\n\t<meta name=\"twitter:data1\" content=\"1 minuto\" \/>\n<script type=\"application\/ld+json\" class=\"yoast-schema-graph\">{\"@context\":\"https:\/\/schema.org\",\"@graph\":[{\"@type\":\"WebPage\",\"@id\":\"https:\/\/welaikaadv.site\/avviso\/home\/cosa-facciamo\/informare\/documenti-tematici\/gioco-dazzardo\/concessioni-e-autorizzazioni-di-polizia-per-lattivita-di-scommesse-analisi-di-una-sentenza-del-consiglio-di-stato\/\",\"url\":\"https:\/\/welaikaadv.site\/avviso\/home\/cosa-facciamo\/informare\/documenti-tematici\/gioco-dazzardo\/concessioni-e-autorizzazioni-di-polizia-per-lattivita-di-scommesse-analisi-di-una-sentenza-del-consiglio-di-stato\/\",\"name\":\"Concessioni e autorizzazioni di polizia per l\u2019attivit\u00e0 di scommesse: analisi di una sentenza del Consiglio di stato - Staging Avviso Pubblico\",\"isPartOf\":{\"@id\":\"https:\/\/welaikaadv.site\/avviso\/#website\"},\"datePublished\":\"2018-09-20T05:59:46+00:00\",\"breadcrumb\":{\"@id\":\"https:\/\/welaikaadv.site\/avviso\/home\/cosa-facciamo\/informare\/documenti-tematici\/gioco-dazzardo\/concessioni-e-autorizzazioni-di-polizia-per-lattivita-di-scommesse-analisi-di-una-sentenza-del-consiglio-di-stato\/#breadcrumb\"},\"inLanguage\":\"it-IT\",\"potentialAction\":[{\"@type\":\"ReadAction\",\"target\":[\"https:\/\/welaikaadv.site\/avviso\/home\/cosa-facciamo\/informare\/documenti-tematici\/gioco-dazzardo\/concessioni-e-autorizzazioni-di-polizia-per-lattivita-di-scommesse-analisi-di-una-sentenza-del-consiglio-di-stato\/\"]}]},{\"@type\":\"BreadcrumbList\",\"@id\":\"https:\/\/welaikaadv.site\/avviso\/home\/cosa-facciamo\/informare\/documenti-tematici\/gioco-dazzardo\/concessioni-e-autorizzazioni-di-polizia-per-lattivita-di-scommesse-analisi-di-una-sentenza-del-consiglio-di-stato\/#breadcrumb\",\"itemListElement\":[{\"@type\":\"ListItem\",\"position\":1,\"name\":\"Home\",\"item\":\"https:\/\/welaikaadv.site\/avviso\/\"},{\"@type\":\"ListItem\",\"position\":2,\"name\":\"Concessioni e autorizzazioni di polizia per l\u2019attivit\u00e0 di scommesse: analisi di una sentenza del Consiglio di stato\"}]},{\"@type\":\"WebSite\",\"@id\":\"https:\/\/welaikaadv.site\/avviso\/#website\",\"url\":\"https:\/\/welaikaadv.site\/avviso\/\",\"name\":\"Staging Avviso Pubblico\",\"description\":\"\",\"publisher\":{\"@id\":\"https:\/\/welaikaadv.site\/avviso\/#organization\"},\"potentialAction\":[{\"@type\":\"SearchAction\",\"target\":{\"@type\":\"EntryPoint\",\"urlTemplate\":\"https:\/\/welaikaadv.site\/avviso\/?s={search_term_string}\"},\"query-input\":{\"@type\":\"PropertyValueSpecification\",\"valueRequired\":true,\"valueName\":\"search_term_string\"}}],\"inLanguage\":\"it-IT\"},{\"@type\":\"Organization\",\"@id\":\"https:\/\/welaikaadv.site\/avviso\/#organization\",\"name\":\"Staging Avviso Pubblico\",\"url\":\"https:\/\/welaikaadv.site\/avviso\/\",\"logo\":{\"@type\":\"ImageObject\",\"inLanguage\":\"it-IT\",\"@id\":\"https:\/\/welaikaadv.site\/avviso\/#\/schema\/logo\/image\/\",\"url\":\"https:\/\/welaikaadv.site\/avviso\/wp-content\/uploads\/2024\/08\/logoAPsito-400.png\",\"contentUrl\":\"https:\/\/welaikaadv.site\/avviso\/wp-content\/uploads\/2024\/08\/logoAPsito-400.png\",\"width\":400,\"height\":97,\"caption\":\"Staging Avviso Pubblico\"},\"image\":{\"@id\":\"https:\/\/welaikaadv.site\/avviso\/#\/schema\/logo\/image\/\"}}]}<\/script>\n<!-- \/ Yoast SEO plugin. -->","yoast_head_json":{"title":"Concessioni e autorizzazioni di polizia per l\u2019attivit\u00e0 di scommesse: analisi di una sentenza del Consiglio di stato - Staging Avviso Pubblico","robots":{"index":"noindex","follow":"follow","max-snippet":"max-snippet:-1","max-image-preview":"max-image-preview:large","max-video-preview":"max-video-preview:-1"},"og_locale":"it_IT","og_type":"article","og_title":"Concessioni e autorizzazioni di polizia per l\u2019attivit\u00e0 di scommesse: analisi di una sentenza del Consiglio di stato - Staging Avviso Pubblico","og_description":"Premessa. Il Consiglio di Stato (sentenza n. 4905\/2018) ha accolto il ricorso proposto dal Ministero dell\u2019Interno per la riforma di una sentenza del TAR Marche&nbsp;[&hellip;]Leggi tutto Concessioni e autorizzazioni di polizia per l\u2019attivit\u00e0 di scommesse: analisi di una sentenza del Consiglio di stato &rarr;","og_url":"https:\/\/welaikaadv.site\/avviso\/home\/cosa-facciamo\/informare\/documenti-tematici\/gioco-dazzardo\/concessioni-e-autorizzazioni-di-polizia-per-lattivita-di-scommesse-analisi-di-una-sentenza-del-consiglio-di-stato\/","og_site_name":"Staging Avviso Pubblico","twitter_card":"summary_large_image","twitter_misc":{"Tempo di lettura stimato":"1 minuto"},"schema":{"@context":"https:\/\/schema.org","@graph":[{"@type":"WebPage","@id":"https:\/\/welaikaadv.site\/avviso\/home\/cosa-facciamo\/informare\/documenti-tematici\/gioco-dazzardo\/concessioni-e-autorizzazioni-di-polizia-per-lattivita-di-scommesse-analisi-di-una-sentenza-del-consiglio-di-stato\/","url":"https:\/\/welaikaadv.site\/avviso\/home\/cosa-facciamo\/informare\/documenti-tematici\/gioco-dazzardo\/concessioni-e-autorizzazioni-di-polizia-per-lattivita-di-scommesse-analisi-di-una-sentenza-del-consiglio-di-stato\/","name":"Concessioni e autorizzazioni di polizia per l\u2019attivit\u00e0 di scommesse: analisi di una sentenza del Consiglio di stato - Staging Avviso Pubblico","isPartOf":{"@id":"https:\/\/welaikaadv.site\/avviso\/#website"},"datePublished":"2018-09-20T05:59:46+00:00","breadcrumb":{"@id":"https:\/\/welaikaadv.site\/avviso\/home\/cosa-facciamo\/informare\/documenti-tematici\/gioco-dazzardo\/concessioni-e-autorizzazioni-di-polizia-per-lattivita-di-scommesse-analisi-di-una-sentenza-del-consiglio-di-stato\/#breadcrumb"},"inLanguage":"it-IT","potentialAction":[{"@type":"ReadAction","target":["https:\/\/welaikaadv.site\/avviso\/home\/cosa-facciamo\/informare\/documenti-tematici\/gioco-dazzardo\/concessioni-e-autorizzazioni-di-polizia-per-lattivita-di-scommesse-analisi-di-una-sentenza-del-consiglio-di-stato\/"]}]},{"@type":"BreadcrumbList","@id":"https:\/\/welaikaadv.site\/avviso\/home\/cosa-facciamo\/informare\/documenti-tematici\/gioco-dazzardo\/concessioni-e-autorizzazioni-di-polizia-per-lattivita-di-scommesse-analisi-di-una-sentenza-del-consiglio-di-stato\/#breadcrumb","itemListElement":[{"@type":"ListItem","position":1,"name":"Home","item":"https:\/\/welaikaadv.site\/avviso\/"},{"@type":"ListItem","position":2,"name":"Concessioni e autorizzazioni di polizia per l\u2019attivit\u00e0 di scommesse: analisi di una sentenza del Consiglio di stato"}]},{"@type":"WebSite","@id":"https:\/\/welaikaadv.site\/avviso\/#website","url":"https:\/\/welaikaadv.site\/avviso\/","name":"Staging Avviso Pubblico","description":"","publisher":{"@id":"https:\/\/welaikaadv.site\/avviso\/#organization"},"potentialAction":[{"@type":"SearchAction","target":{"@type":"EntryPoint","urlTemplate":"https:\/\/welaikaadv.site\/avviso\/?s={search_term_string}"},"query-input":{"@type":"PropertyValueSpecification","valueRequired":true,"valueName":"search_term_string"}}],"inLanguage":"it-IT"},{"@type":"Organization","@id":"https:\/\/welaikaadv.site\/avviso\/#organization","name":"Staging Avviso Pubblico","url":"https:\/\/welaikaadv.site\/avviso\/","logo":{"@type":"ImageObject","inLanguage":"it-IT","@id":"https:\/\/welaikaadv.site\/avviso\/#\/schema\/logo\/image\/","url":"https:\/\/welaikaadv.site\/avviso\/wp-content\/uploads\/2024\/08\/logoAPsito-400.png","contentUrl":"https:\/\/welaikaadv.site\/avviso\/wp-content\/uploads\/2024\/08\/logoAPsito-400.png","width":400,"height":97,"caption":"Staging Avviso Pubblico"},"image":{"@id":"https:\/\/welaikaadv.site\/avviso\/#\/schema\/logo\/image\/"}}]}},"_links":{"self":[{"href":"https:\/\/welaikaadv.site\/avviso\/wp-json\/wp\/v2\/pages\/28565","targetHints":{"allow":["GET"]}}],"collection":[{"href":"https:\/\/welaikaadv.site\/avviso\/wp-json\/wp\/v2\/pages"}],"about":[{"href":"https:\/\/welaikaadv.site\/avviso\/wp-json\/wp\/v2\/types\/page"}],"author":[{"embeddable":true,"href":"https:\/\/welaikaadv.site\/avviso\/wp-json\/wp\/v2\/users\/1"}],"replies":[{"embeddable":true,"href":"https:\/\/welaikaadv.site\/avviso\/wp-json\/wp\/v2\/comments?post=28565"}],"version-history":[{"count":0,"href":"https:\/\/welaikaadv.site\/avviso\/wp-json\/wp\/v2\/pages\/28565\/revisions"}],"up":[{"embeddable":true,"href":"https:\/\/welaikaadv.site\/avviso\/wp-json\/wp\/v2\/pages\/202"}],"wp:attachment":[{"href":"https:\/\/welaikaadv.site\/avviso\/wp-json\/wp\/v2\/media?parent=28565"}],"curies":[{"name":"wp","href":"https:\/\/api.w.org\/{rel}","templated":true}]}}