{"id":28909,"date":"2018-10-12T08:03:04","date_gmt":"2018-10-12T06:03:04","guid":{"rendered":"https:\/\/www.avvisopubblico.it\/home\/?page_id=28909"},"modified":"2018-10-12T08:03:04","modified_gmt":"2018-10-12T06:03:04","slug":"scioglimento-di-un-ente-locale-per-mancato-controllo-sugli-appalti-dei-servizi","status":"publish","type":"page","link":"https:\/\/welaikaadv.site\/avviso\/home\/cosa-facciamo\/informare\/documenti-tematici\/corruzione-appalti\/scioglimento-di-un-ente-locale-per-mancato-controllo-sugli-appalti-dei-servizi\/","title":{"rendered":"Scioglimento di un ente locale per mancato controllo sugli appalti dei servizi"},"content":{"rendered":"<p><strong>Il principio<\/strong>. Lo scioglimento del consiglio comunale pu\u00f2 essere legittimamente disposto anche per l&#8217;inadeguatezza degli organi di vertice politico-amministrativo a svolgere i compiti di vigilanza e di controllo nei confronti della burocrazia e dei gestori di pubblici servizi appaltati dal Comune. \u00c8 questo il principio affermato dal Tar Lazio, Roma, con la sentenza n. 9544 del 24 settembre 2018, riguardante il comune di Badolato.<\/p>\n<p><strong>La decisione<\/strong>. La vicenda oggetto della pronuncia in esame ha avuto origine dal ricorso con il quale i vertici politici di un\u2019amministrazione calabrese avevano chiesto l\u2019annullamento del decreto di scioglimento del Consiglio comunale disposta ai sensi dell\u2019art. 143 d.lgs. n. 267\/2000 recante il Testo Unico degli Enti Locali. Con la pronuncia in rassegna il Tribunale amministrativo ha rigettato il ricorso proposto dagli ex amministratori, sottolineando, in primo luogo, come il provvedimento di scioglimento del Comune non ha mai natura sanzionatoria, ma piuttosto preventiva: le vicende che costituiscono il presupposto del provvedimento di scioglimento di un consiglio comunale devono infatti essere considerate nel loro insieme, e non \u201catomisticamente\u201d, e devono risultare idonee a delineare il quadro complessivo del condizionamento mafioso dell&#8217;Ente, con la conseguenza che a tali fini possono assumere rilievo situazioni che \u2013 bench\u00e9 non siano traducibili in specifici addebiti penali posti in capo ai singoli amministratori \u2013 siano idonee a rendere plausibile (nel loro insieme, nella concreta realt\u00e0 dei fatti ed in base ai dati dell&#8217;esperienza) l&#8217;ipotesi di una soggezione dell\u2019amministrazione locale alla criminalit\u00e0 organizzata, anche quando il valore indiziario degli elementi raccolti non sia sufficiente per l&#8217;avvio dell&#8217;azione penale n\u00e9 per l&#8217;adozione di misure individuali di prevenzione in capo agli amministratori (<em>in senso conforme: Consiglio di Stato n. 1266\/2012, n. 4529\/2015, n. 3340\/2015 e n. 2054\/2015<\/em>). La norma dell&#8217;art. 143 Tuel, in particolare, consente lo scioglimento del Comune sulla base di indagini ad ampio raggio relative alla sussistenza di rapporti tra gli amministratori e la criminalit\u00e0 organizzata, indagini non limitate alle sole evidenze di carattere penale, ma basate su circostanze che presentino un grado di significativit\u00e0 e di concludenza serio, ancorch\u00e9 di livello meno intenso e \u201cdiverso\u201d rispetto a quello che legittima lo svolgimento dell\u2019azione penale o l&#8217;adozione di misure di sicurezza: con la pronuncia in esame \u00e8 stato cos\u00ec sottolineato che il provvedimento di scioglimento del Comune non pu\u00f2 essere considerato in alcun modo un provvedimento a carattere \u201cpunitivo\u201d o \u201cvessatorio\u201d nei confronti degli amministratori o della popolazione ma solo come un rimedio di ordine preventivo a tutela dell\u2019interesse pubblico \u2013 e quindi a tutela dei cittadini e degli stessi amministratori pubblici \u2013 finalizzato ad evitare radicamenti della malavita nello specifico contesto territoriale. Sebbene non sia corretto ritenere che la collocazione di un Comune in territorio infestato dalla malavita costituisca di per s\u00e9 una prova della collusione dei suoi amministratori con la malavita stessa \u2013\u00a0 essendo necessari gli altri elementi concreti univoci su collegamenti diretti o indiretti con la criminalit\u00e0 organizzata o su forme di condizionamento degli stessi idonee ad incidere sulla gestione dell\u2019ente \u2013 nondimeno tale elemento fattuale pu\u00f2 assumere rilievo se accompagnato da una serie di circostanze di fatto indicative della permeabilit\u00e0 dell\u2019apparato politico-amministrativo, ancorch\u00e9 non conseguenti ad un atteggiamento di natura \u201cdolosa\u201d da parte degli amministratori (<em>Consiglio di Stato n. 4578\/2017<\/em>).<\/p>\n<p>Nel caso di specie, il richiamo a eventi di grave natura penale riguardanti il contesto territoriale dell\u2019intera locride \u2013 eventi che avevano caratterizzato gli anni a ridosso del periodo considerato dal decreto di scioglimento nonch\u00e9 quelli precedenti \u2013 doveva essere considerato come il contesto generale all\u2019interno del quale era quindi necessario analizzare la potenzialit\u00e0 deleteria dell\u2019organizzazione criminale denominata \u201c\u2019ndrangheta\u201d.<\/p>\n<p><strong>Il mancato controllo sugli appalti<\/strong>. Nella relazione posta alla base del decreto di scioglimento si faceva riferimento, in primo luogo, alla precariet\u00e0 che contraddistingueva il sistema di smaltimento dei liquami fognari ed il servizio di raccolta dei rifiuti solidi urbani, precariet\u00e0 mai affrontata dagli Amministratori comunali con seri interventi strutturali e che ben costituiva \u201cterreno fertile\u201d per interventi estemporanei e \u201cdi urgenza\u201d che si risolvevano, inevitabilmente, in affidamenti disposti a beneficio di imprese colluse.<\/p>\n<p>Nella pronuncia in rassegna \u00e8 stato inoltre rilevato come, ai fini dell\u2019adozione del decreto di scioglimento, una notevole disorganizzazione nella gestione dell\u2019attivit\u00e0 comunale, fonte di disordine amministrativo, ha sempre ed inevitabilmente effetti sullo svolgimento dell\u2019attivit\u00e0 istituzionale dell\u2019ente, tenuto conto che \u2013 notoriamente \u2013 la criminalit\u00e0 organizzata \u00e8 abilissima nell\u2019approfittarsi di una simile condizione di disordine (<em>Consiglio di Stato n. 4578\/2017<\/em>).<\/p>\n<p>In tale contesto, \u00e8 stato cos\u00ec sottolineato come fosse sintomatica la vicenda dei lavori di consolidamento di un locale bene culturale, lavori affidati, sia pure con procedura di gara, ad una ditta della quale gli uffici non avevano controllato con la necessaria diligenza il certificato del casellario dell\u2019amministratore unico che riportava numerosi precedenti: tale impresa risultava inoltre oggetto di un\u2019interdittiva antimafia che attestava l&#8217;esistenza di collegamenti di tale operatore economico con esponenti malavitosi.<\/p>\n<p>Per quanto riguarda, in generale, l\u2019affidamento dei lavori in economia, nella pronuncia in esame viene sottolineato il vasto e specifico elenco degli affidamenti diretti, ritenuti espressione di un \u201cmodus operandi\u201d consolidato all\u2019interno dell\u2019Ente disciolto, sistema del quale erano beneficiarie ditte costantemente riconducibili a specifici soggetti legati alla criminalit\u00e0 organizzata: il modesto valore dei singoli affidamenti diretti \u2013 prosegue il Tar Lazio \u2013 non incide di per s\u00e9 sul fatto che si tratta spesso di una modalit\u00e0 tipica utilizzata per favorire determinate imprese, spesso colluse.<\/p>\n<p>Particolarmente significativa \u00e8 apparsa anche la vicenda relativa al servizio di raccolta dei rifiuti solidi urbani, servizio mai affidato con procedura aperta ma affidato \u2013 ancora una volta \u201cin economia\u201d \u2013 ad un\u2019impresa il cui rappresentante legale era riconducibile a \u201cfamiglia\u201d malavitosa, come emergeva di una specifica ordinanza emessa dal Giudice penale.<\/p>\n<p>Anche l&#8217;affidamento del servizio di refezione scolastica era stato disposto a favore di ditte riconducibili, secondo specifici collegamenti, alla malavita, non essendo a tali fini rilevante la mera \u201cdichiarazione di responsabilit\u00e0\u201d con la quale la ditta aggiudicataria del servizio aveva dichiarato di essere immune da pregiudizi impeditivi.<\/p>\n<p>In via pi\u00f9 generale, gli accertamenti posti alla base del decreto di scioglimento evidenziavano che le irregolarit\u00e0 e le varie forme di deviazione riscontrate dalla Commissione prefettizia riguardavano molti settori imprenditoriali sui quali si erano concentrati gli interessi della malavita locale e che, su tali settori, non vi era stata un&#8217;efficace attivit\u00e0 di vigilanza e di controllo da parte del vertice politico-amministrativo sull&#8217;attivit\u00e0 dell&#8217;apparato burocratico. Il decreto di scioglimento aveva quindi legittimamente preso in considerazione il quadro indiziario generale, idoneo a configurare i presupposti per lo scioglimento del Consiglio comunale, senza che, a tali fini, fosse necessario acquisire immediati e definitivi riscontri in sede penale per quel che riguardava specifici comportamenti dei singoli amministratori, in quanto il generale contesto locale costituiva un vantaggioso habitat per la malavita organizzata locale, fondato su di una generale connivenza da parte dell&#8217;amministrazione pubblica, la quale, al contrario, si sarebbe dovuta subito e costantemente attivare per rimuovere le evidenti deviazioni.<\/p>\n<p>Ad essere stigmatizzata nel decreto di scioglimento, quindi, era stata la tendenza dell&#8217;attivit\u00e0 degli organi politici a non porre in essere ci\u00f2 che era loro compito, ovverosia nel non dar luogo a quell\u2019opera di vigilanza e controllo dell&#8217;apparato burocratico necessaria al fine di evitare ingerenze da parte della criminalit\u00e0 organizzata: proprio la mancanza di un efficace controllo o vigilanza costituisce infatti un elemento di forte rilevanza al fine di individuare una riconducibilit\u00e0 all&#8217;organo politico dei vantaggi acquisiti, a causa di tali omissioni, da parte di soggetti \u201cvicini\u201d o direttamente appartenenti alla malavita organizzata. Lo scioglimento del Comune \u00e8 stato pertanto considerato legittimo, a fronte della palese inadeguatezza del vertice politico amministrativo nello svolgimento dei propri compiti di vigilanza e di verifica nei confronti della burocrazia e dei gestori di pubblici servizi del Comune, compiti che sempre impongono di intervenire ed apprestare tutte le misure e le risorse necessarie per realizzare un\u2019effettiva e sostanziale difesa dell&#8217;interesse pubblico rispetto alla possibile compromissione derivante da ingerenze riconducibili all&#8217;influenza esercitata dalla criminalit\u00e0 organizzata (<em>cfr. Tar Lazio n. 3675\/2018 e n. 10899\/2015, nonch\u00e9 Consiglio di Stato n. 1266\/2012<\/em>).<\/p>\n<p>&nbsp;<\/p>\n<p>&nbsp;<\/p>\n<p><em>(a cura della dott.ssa Ilenia Filippetti, Responsabile Sezione Provveditorato della Regione Umbria, Presidente di Forum Appalti)<\/em><\/p>\n<p>&nbsp;<\/p>\n<p><em>Per un approfondimento della tematica connessa alle infiltrazioni mafiose negli enti locali cfr. l\u2019ampia documentazione presente sul <a href=\"https:\/\/welaikaadv.site\/avviso\/home\/cosa-facciamo\/informare\/documenti-tematici\/comuni-sciolti-per-mafia\/\">sito di Avviso Pubblico<\/a>.<\/em><\/p>\n","protected":false},"excerpt":{"rendered":"<p>Il principio. Lo scioglimento del consiglio comunale pu\u00f2 essere legittimamente disposto anche per l&#8217;inadeguatezza degli organi di vertice politico-amministrativo a svolgere i compiti di vigilanza&nbsp;<span class=\"hellipsis\">[&hellip;]<\/span><a class=\"more-link\" href=\"https:\/\/welaikaadv.site\/avviso\/home\/cosa-facciamo\/informare\/documenti-tematici\/corruzione-appalti\/scioglimento-di-un-ente-locale-per-mancato-controllo-sugli-appalti-dei-servizi\/\">Leggi tutto <span class=\"screen-reader-text\">Scioglimento di un ente locale per mancato controllo sugli appalti dei servizi<\/span> <span class=\"meta-nav\" aria-hidden=\"true\">&rarr;<\/span><\/a><\/p>\n","protected":false},"author":1,"featured_media":0,"parent":198,"menu_order":0,"comment_status":"closed","ping_status":"closed","template":"","meta":{"_acf_changed":false,"_exactmetrics_skip_tracking":false,"_exactmetrics_sitenote_active":false,"_exactmetrics_sitenote_note":"","_exactmetrics_sitenote_category":0,"wp_social_preview_title":"","wp_social_preview_description":"","wp_social_preview_image":0,"footnotes":""},"class_list":["post-28909","page","type-page","status-publish","hentry"],"acf":[],"yoast_head":"<!-- This site is optimized with the Yoast SEO plugin v27.2 - https:\/\/yoast.com\/product\/yoast-seo-wordpress\/ -->\n<title>Scioglimento di un ente locale per mancato controllo sugli appalti dei servizi - Staging Avviso Pubblico<\/title>\n<meta name=\"robots\" content=\"noindex, follow, max-snippet:-1, max-image-preview:large, max-video-preview:-1\" \/>\n<meta property=\"og:locale\" content=\"it_IT\" \/>\n<meta property=\"og:type\" content=\"article\" \/>\n<meta property=\"og:title\" content=\"Scioglimento di un ente locale per mancato controllo sugli appalti dei servizi - Staging Avviso Pubblico\" \/>\n<meta property=\"og:description\" content=\"Il principio. Lo scioglimento del consiglio comunale pu\u00f2 essere legittimamente disposto anche per l&#8217;inadeguatezza degli organi di vertice politico-amministrativo a svolgere i compiti di vigilanza&nbsp;[&hellip;]Leggi tutto Scioglimento di un ente locale per mancato controllo sugli appalti dei servizi &rarr;\" \/>\n<meta property=\"og:url\" content=\"https:\/\/welaikaadv.site\/avviso\/home\/cosa-facciamo\/informare\/documenti-tematici\/corruzione-appalti\/scioglimento-di-un-ente-locale-per-mancato-controllo-sugli-appalti-dei-servizi\/\" \/>\n<meta property=\"og:site_name\" content=\"Staging Avviso Pubblico\" \/>\n<meta name=\"twitter:card\" content=\"summary_large_image\" \/>\n<meta name=\"twitter:label1\" content=\"Tempo di lettura stimato\" \/>\n\t<meta name=\"twitter:data1\" content=\"7 minuti\" \/>\n<script type=\"application\/ld+json\" class=\"yoast-schema-graph\">{\"@context\":\"https:\/\/schema.org\",\"@graph\":[{\"@type\":\"WebPage\",\"@id\":\"https:\/\/welaikaadv.site\/avviso\/home\/cosa-facciamo\/informare\/documenti-tematici\/corruzione-appalti\/scioglimento-di-un-ente-locale-per-mancato-controllo-sugli-appalti-dei-servizi\/\",\"url\":\"https:\/\/welaikaadv.site\/avviso\/home\/cosa-facciamo\/informare\/documenti-tematici\/corruzione-appalti\/scioglimento-di-un-ente-locale-per-mancato-controllo-sugli-appalti-dei-servizi\/\",\"name\":\"Scioglimento di un ente locale per mancato controllo sugli appalti dei servizi - Staging Avviso Pubblico\",\"isPartOf\":{\"@id\":\"https:\/\/welaikaadv.site\/avviso\/#website\"},\"datePublished\":\"2018-10-12T06:03:04+00:00\",\"breadcrumb\":{\"@id\":\"https:\/\/welaikaadv.site\/avviso\/home\/cosa-facciamo\/informare\/documenti-tematici\/corruzione-appalti\/scioglimento-di-un-ente-locale-per-mancato-controllo-sugli-appalti-dei-servizi\/#breadcrumb\"},\"inLanguage\":\"it-IT\",\"potentialAction\":[{\"@type\":\"ReadAction\",\"target\":[\"https:\/\/welaikaadv.site\/avviso\/home\/cosa-facciamo\/informare\/documenti-tematici\/corruzione-appalti\/scioglimento-di-un-ente-locale-per-mancato-controllo-sugli-appalti-dei-servizi\/\"]}]},{\"@type\":\"BreadcrumbList\",\"@id\":\"https:\/\/welaikaadv.site\/avviso\/home\/cosa-facciamo\/informare\/documenti-tematici\/corruzione-appalti\/scioglimento-di-un-ente-locale-per-mancato-controllo-sugli-appalti-dei-servizi\/#breadcrumb\",\"itemListElement\":[{\"@type\":\"ListItem\",\"position\":1,\"name\":\"Home\",\"item\":\"https:\/\/welaikaadv.site\/avviso\/\"},{\"@type\":\"ListItem\",\"position\":2,\"name\":\"Scioglimento di un ente locale per mancato controllo sugli appalti dei servizi\"}]},{\"@type\":\"WebSite\",\"@id\":\"https:\/\/welaikaadv.site\/avviso\/#website\",\"url\":\"https:\/\/welaikaadv.site\/avviso\/\",\"name\":\"Staging Avviso Pubblico\",\"description\":\"\",\"publisher\":{\"@id\":\"https:\/\/welaikaadv.site\/avviso\/#organization\"},\"potentialAction\":[{\"@type\":\"SearchAction\",\"target\":{\"@type\":\"EntryPoint\",\"urlTemplate\":\"https:\/\/welaikaadv.site\/avviso\/?s={search_term_string}\"},\"query-input\":{\"@type\":\"PropertyValueSpecification\",\"valueRequired\":true,\"valueName\":\"search_term_string\"}}],\"inLanguage\":\"it-IT\"},{\"@type\":\"Organization\",\"@id\":\"https:\/\/welaikaadv.site\/avviso\/#organization\",\"name\":\"Staging Avviso Pubblico\",\"url\":\"https:\/\/welaikaadv.site\/avviso\/\",\"logo\":{\"@type\":\"ImageObject\",\"inLanguage\":\"it-IT\",\"@id\":\"https:\/\/welaikaadv.site\/avviso\/#\/schema\/logo\/image\/\",\"url\":\"https:\/\/welaikaadv.site\/avviso\/wp-content\/uploads\/2024\/08\/logoAPsito-400.png\",\"contentUrl\":\"https:\/\/welaikaadv.site\/avviso\/wp-content\/uploads\/2024\/08\/logoAPsito-400.png\",\"width\":400,\"height\":97,\"caption\":\"Staging Avviso Pubblico\"},\"image\":{\"@id\":\"https:\/\/welaikaadv.site\/avviso\/#\/schema\/logo\/image\/\"}}]}<\/script>\n<!-- \/ Yoast SEO plugin. -->","yoast_head_json":{"title":"Scioglimento di un ente locale per mancato controllo sugli appalti dei servizi - Staging Avviso Pubblico","robots":{"index":"noindex","follow":"follow","max-snippet":"max-snippet:-1","max-image-preview":"max-image-preview:large","max-video-preview":"max-video-preview:-1"},"og_locale":"it_IT","og_type":"article","og_title":"Scioglimento di un ente locale per mancato controllo sugli appalti dei servizi - Staging Avviso Pubblico","og_description":"Il principio. Lo scioglimento del consiglio comunale pu\u00f2 essere legittimamente disposto anche per l&#8217;inadeguatezza degli organi di vertice politico-amministrativo a svolgere i compiti di vigilanza&nbsp;[&hellip;]Leggi tutto Scioglimento di un ente locale per mancato controllo sugli appalti dei servizi &rarr;","og_url":"https:\/\/welaikaadv.site\/avviso\/home\/cosa-facciamo\/informare\/documenti-tematici\/corruzione-appalti\/scioglimento-di-un-ente-locale-per-mancato-controllo-sugli-appalti-dei-servizi\/","og_site_name":"Staging Avviso Pubblico","twitter_card":"summary_large_image","twitter_misc":{"Tempo di lettura stimato":"7 minuti"},"schema":{"@context":"https:\/\/schema.org","@graph":[{"@type":"WebPage","@id":"https:\/\/welaikaadv.site\/avviso\/home\/cosa-facciamo\/informare\/documenti-tematici\/corruzione-appalti\/scioglimento-di-un-ente-locale-per-mancato-controllo-sugli-appalti-dei-servizi\/","url":"https:\/\/welaikaadv.site\/avviso\/home\/cosa-facciamo\/informare\/documenti-tematici\/corruzione-appalti\/scioglimento-di-un-ente-locale-per-mancato-controllo-sugli-appalti-dei-servizi\/","name":"Scioglimento di un ente locale per mancato controllo sugli appalti dei servizi - Staging Avviso Pubblico","isPartOf":{"@id":"https:\/\/welaikaadv.site\/avviso\/#website"},"datePublished":"2018-10-12T06:03:04+00:00","breadcrumb":{"@id":"https:\/\/welaikaadv.site\/avviso\/home\/cosa-facciamo\/informare\/documenti-tematici\/corruzione-appalti\/scioglimento-di-un-ente-locale-per-mancato-controllo-sugli-appalti-dei-servizi\/#breadcrumb"},"inLanguage":"it-IT","potentialAction":[{"@type":"ReadAction","target":["https:\/\/welaikaadv.site\/avviso\/home\/cosa-facciamo\/informare\/documenti-tematici\/corruzione-appalti\/scioglimento-di-un-ente-locale-per-mancato-controllo-sugli-appalti-dei-servizi\/"]}]},{"@type":"BreadcrumbList","@id":"https:\/\/welaikaadv.site\/avviso\/home\/cosa-facciamo\/informare\/documenti-tematici\/corruzione-appalti\/scioglimento-di-un-ente-locale-per-mancato-controllo-sugli-appalti-dei-servizi\/#breadcrumb","itemListElement":[{"@type":"ListItem","position":1,"name":"Home","item":"https:\/\/welaikaadv.site\/avviso\/"},{"@type":"ListItem","position":2,"name":"Scioglimento di un ente locale per mancato controllo sugli appalti dei servizi"}]},{"@type":"WebSite","@id":"https:\/\/welaikaadv.site\/avviso\/#website","url":"https:\/\/welaikaadv.site\/avviso\/","name":"Staging Avviso Pubblico","description":"","publisher":{"@id":"https:\/\/welaikaadv.site\/avviso\/#organization"},"potentialAction":[{"@type":"SearchAction","target":{"@type":"EntryPoint","urlTemplate":"https:\/\/welaikaadv.site\/avviso\/?s={search_term_string}"},"query-input":{"@type":"PropertyValueSpecification","valueRequired":true,"valueName":"search_term_string"}}],"inLanguage":"it-IT"},{"@type":"Organization","@id":"https:\/\/welaikaadv.site\/avviso\/#organization","name":"Staging Avviso Pubblico","url":"https:\/\/welaikaadv.site\/avviso\/","logo":{"@type":"ImageObject","inLanguage":"it-IT","@id":"https:\/\/welaikaadv.site\/avviso\/#\/schema\/logo\/image\/","url":"https:\/\/welaikaadv.site\/avviso\/wp-content\/uploads\/2024\/08\/logoAPsito-400.png","contentUrl":"https:\/\/welaikaadv.site\/avviso\/wp-content\/uploads\/2024\/08\/logoAPsito-400.png","width":400,"height":97,"caption":"Staging Avviso Pubblico"},"image":{"@id":"https:\/\/welaikaadv.site\/avviso\/#\/schema\/logo\/image\/"}}]}},"_links":{"self":[{"href":"https:\/\/welaikaadv.site\/avviso\/wp-json\/wp\/v2\/pages\/28909","targetHints":{"allow":["GET"]}}],"collection":[{"href":"https:\/\/welaikaadv.site\/avviso\/wp-json\/wp\/v2\/pages"}],"about":[{"href":"https:\/\/welaikaadv.site\/avviso\/wp-json\/wp\/v2\/types\/page"}],"author":[{"embeddable":true,"href":"https:\/\/welaikaadv.site\/avviso\/wp-json\/wp\/v2\/users\/1"}],"replies":[{"embeddable":true,"href":"https:\/\/welaikaadv.site\/avviso\/wp-json\/wp\/v2\/comments?post=28909"}],"version-history":[{"count":0,"href":"https:\/\/welaikaadv.site\/avviso\/wp-json\/wp\/v2\/pages\/28909\/revisions"}],"up":[{"embeddable":true,"href":"https:\/\/welaikaadv.site\/avviso\/wp-json\/wp\/v2\/pages\/198"}],"wp:attachment":[{"href":"https:\/\/welaikaadv.site\/avviso\/wp-json\/wp\/v2\/media?parent=28909"}],"curies":[{"name":"wp","href":"https:\/\/api.w.org\/{rel}","templated":true}]}}