{"id":28932,"date":"2018-10-12T16:22:18","date_gmt":"2018-10-12T14:22:18","guid":{"rendered":"https:\/\/www.avvisopubblico.it\/home\/?page_id=28932"},"modified":"2018-10-12T16:22:18","modified_gmt":"2018-10-12T14:22:18","slug":"la-riduzione-dei-nulla-osta-per-le-slot-machine-le-sentenze-del-tar","status":"publish","type":"page","link":"https:\/\/welaikaadv.site\/avviso\/home\/cosa-facciamo\/informare\/documenti-tematici\/gioco-dazzardo\/la-riduzione-dei-nulla-osta-per-le-slot-machine-le-sentenze-del-tar\/","title":{"rendered":"LA RIDUZIONE DEI NULLA OSTA PER LE SLOT MACHINE: LE SENTENZE DEL TAR"},"content":{"rendered":"<p><b>Premessa<\/b><span style=\"font-weight: 400;\">. Il TAR Lazio ha recentemente respinto con tre sentenze (<\/span><i><span style=\"font-weight: 400;\">nn. 9529-9530-9531 del 2018<\/span><\/i><span style=\"font-weight: 400;\">), i ricorsi presentati da diversi concessionari in merito alla riduzione del numero di nulla osta di esercizio (NOE) obbligatori per gli apparecchi AWP, previsti all\u2019interno della <\/span><a href=\"https:\/\/welaikaadv.site\/avviso\/home\/cosa-facciamo\/informare\/osservatorio-parlamentare\/attivita-legislativa\/legge-n-208-del-28-dicembre-2015-legge-di-stabilita-per-il-2016\/\"><span style=\"font-weight: 400;\">legge di stabilit\u00e0 per il 2016<\/span><\/a><span style=\"font-weight: 400;\">.<\/span><\/p>\n<p><b>La riduzione prevista dalle leggi recenti<\/b><span style=\"font-weight: 400;\">. All\u2019interno della legge di stabilit\u00e0 per il 2016 (<\/span><i><span style=\"font-weight: 400;\">legge n. 208 del 2015<\/span><\/i><span style=\"font-weight: 400;\">) sono state introdotte importanti misure nel settore dei giochi pubblici \u201cal fine di garantire i migliori livelli di sicurezza per la tutela della salute, dell\u2019ordine pubblico, e prevenire il rischio di accesso dei minori\u201d; nello specifico il comma 943 dell\u2019art.1 \u201cha stabilito la riduzione dei NOE e la definitiva dismissione entro il 31 dicembre 2019 degli apparecchi AWP di vecchia generazione, destinati a essere sostituiti da quelli di nuova generazione, tecnologicamente evoluti, idonei a consentire il gioco da ambiente remoto, gli apparecchi AWP-R\u201d, la disposizione normativa \u00e8 stata successivamente modificata sia dal <\/span><a href=\"https:\/\/welaikaadv.site\/avviso\/home\/cosa-facciamo\/informare\/osservatorio-parlamentare\/attivita-legislativa\/leggi-approvate\/legge-n-96-del-2017-conversione-del-decreto-legge-n-50-del-2017-sintesi-delle-disposizioni-in-materia-di-giochi-e-sullautorita-anticorruzione\/\"><b>decreto \u2013 legge n. 50 del 2017<\/b><\/a><span style=\"font-weight: 400;\"> sia dall\u2019art.1, c. 1062 della <\/span><a href=\"https:\/\/welaikaadv.site\/avviso\/home\/cosa-facciamo\/informare\/osservatorio-parlamentare\/attivita-legislativa\/leggi-approvate\/legge-n-205-del-2017-legge-bilancio-2018\/\"><span style=\"font-weight: 400;\">legge n. 205\/2017<\/span><\/a><span style=\"font-weight: 400;\">, \u201climitatamente al termine, previsto per il secondo periodo, oltre il quale i nulla osta per AWP non possono essere rilasciati, differito dal 31\/12\/2017 al 31\/12\/2018\u201d. <\/span><\/p>\n<p><b>Decreto attuativo<\/b><span style=\"font-weight: 400;\">. Il <\/span><a href=\"https:\/\/www.adm.gov.it\/portale\/documents\/20182\/1103754\/dm_riduzione+nulla+osta+awp+con+data+firma+ed+estremi+registr.ne.pdf\/7ec57dd3-2843-40a4-a3a1-100fde8dcfba\"><b>Decreto Ministeriale del 25 luglio 2017<\/b><\/a><span style=\"font-weight: 400;\">. L\u2019art.1 del decreto stabilisce \u201cun tetto massimo dei NOE attivi alle date del 31\/12\/2017 a 345.000 unit\u00e0 e del 30\/4\/2018 a 265.000 unit\u00e0\u201d. Mentre all\u2019art.2 viene indicata un ulteriore \u201cmisura del concorso di ciascun concessionario al suddetto obiettivo, misura che \u00e8 stata individuata, per la prima tappa nella riduzione di almeno il 15% dei NOE attivi riferibili a ogni concessionario alla data del 31\/12\/2016\u201d e della riduzione di almeno il 34,9% per la seconda tappa. L\u2019art.3, riprende il comma 3 dell\u2019art.6-bis del d.l. n.50 del 2017, indicando in modo pi\u00f9 dettagliato come \u201cla selezione dei NOE da eliminare debba essere attuata secondo criteri di proporzionalit\u00e0 in relazione alla distribuzione territoriale regionale, sulla base della reddittivit\u00e0 degli apparecchi registrata in ciascuna regione nei dodici mesi precedenti\u201d alla data del 1\u00b0gennaio 2017. <\/span><\/p>\n<p><b>Le sentenze del Tar<\/b><span style=\"font-weight: 400;\">. Il Tar del Lazio ha respinto i ricorsi dei concessionari i quali, con varie motivazioni, contestavano le modalit\u00e0 applicative della riduzione dei nulla osta, in quanto in contrato i principi del legittimo affidamento, di ragionevolezza e proporzionalit\u00e0.\u00a0<\/span><span style=\"font-weight: 400;\">In tutte le sentenze viene pi\u00f9 volte sottolineato come questo decreto dia delle indicazioni ulteriori alle modalit\u00e0 di riduzione gi\u00e0 predisposta con determinati obblighi dalla legge 208\/2015, a conferma che \u201ci concessionari erano pienamente edotti dell\u2019esistenze dell\u2019obbligo di riduzione dei NOE\u201d, quindi \u201cda tempo a conoscenza della necessit\u00e0 di dismettere progressivamente i NOE\u201d. Viene inoltre sottolineato come sia compito dei concessionari, \u201cquali titolari di un munus pubblico, di assumere misure idonee ad assicurare l\u2019esecuzione della riduzione e l\u2019equa ripartizione degli apparecchi da dismettere tra i gestori\u201d. La lettura del quadro normativo fatta dall\u2019Agenzia viene accolta in tutte e tre le sentenze, come \u201cl\u2019unica che possa reputarsi corretta\u201d, perch\u00e9 la normativa \u201cnon determina esiti improvvisi e inattesi per gli operatori, testimoniato dalla circostanza che buona parte dei concessionari ha ceduto NOE nel corso del 2017; il dato si spiega nell\u2019ottica di uno spontaneo adeguamento agli obblighi di riduzione gi\u00e0 in essere\u201d. <\/span><\/p>\n<p>&nbsp;<\/p>\n<p><i><span style=\"font-weight: 400;\">(a cura di Sara Capitanio, vincitrice della borsa di studio di Avviso Pubblico sul gioco d\u2019azzardo)<\/span><\/i><\/p>\n<p>&nbsp;<\/p>\n","protected":false},"excerpt":{"rendered":"<p>Premessa. Il TAR Lazio ha recentemente respinto con tre sentenze (nn. 9529-9530-9531 del 2018), i ricorsi presentati da diversi concessionari in merito alla riduzione del&nbsp;<span class=\"hellipsis\">[&hellip;]<\/span><a class=\"more-link\" href=\"https:\/\/welaikaadv.site\/avviso\/home\/cosa-facciamo\/informare\/documenti-tematici\/gioco-dazzardo\/la-riduzione-dei-nulla-osta-per-le-slot-machine-le-sentenze-del-tar\/\">Leggi tutto <span class=\"screen-reader-text\">LA RIDUZIONE DEI NULLA OSTA PER LE SLOT MACHINE: LE SENTENZE DEL TAR<\/span> <span class=\"meta-nav\" aria-hidden=\"true\">&rarr;<\/span><\/a><\/p>\n","protected":false},"author":1,"featured_media":0,"parent":202,"menu_order":0,"comment_status":"closed","ping_status":"closed","template":"","meta":{"_acf_changed":false,"_exactmetrics_skip_tracking":false,"_exactmetrics_sitenote_active":false,"_exactmetrics_sitenote_note":"","_exactmetrics_sitenote_category":0,"wp_social_preview_title":"","wp_social_preview_description":"","wp_social_preview_image":0,"footnotes":""},"class_list":["post-28932","page","type-page","status-publish","hentry"],"acf":[],"yoast_head":"<!-- This site is optimized with the Yoast SEO plugin v27.2 - https:\/\/yoast.com\/product\/yoast-seo-wordpress\/ -->\n<title>LA RIDUZIONE DEI NULLA OSTA PER LE SLOT MACHINE: LE SENTENZE DEL TAR - Staging Avviso Pubblico<\/title>\n<meta name=\"robots\" content=\"noindex, follow, max-snippet:-1, max-image-preview:large, max-video-preview:-1\" \/>\n<meta property=\"og:locale\" content=\"it_IT\" \/>\n<meta property=\"og:type\" content=\"article\" \/>\n<meta property=\"og:title\" content=\"LA RIDUZIONE DEI NULLA OSTA PER LE SLOT MACHINE: LE SENTENZE DEL TAR - Staging Avviso Pubblico\" \/>\n<meta property=\"og:description\" content=\"Premessa. Il TAR Lazio ha recentemente respinto con tre sentenze (nn. 9529-9530-9531 del 2018), i ricorsi presentati da diversi concessionari in merito alla riduzione del&nbsp;[&hellip;]Leggi tutto LA RIDUZIONE DEI NULLA OSTA PER LE SLOT MACHINE: LE SENTENZE DEL TAR &rarr;\" \/>\n<meta property=\"og:url\" content=\"https:\/\/welaikaadv.site\/avviso\/home\/cosa-facciamo\/informare\/documenti-tematici\/gioco-dazzardo\/la-riduzione-dei-nulla-osta-per-le-slot-machine-le-sentenze-del-tar\/\" \/>\n<meta property=\"og:site_name\" content=\"Staging Avviso Pubblico\" \/>\n<meta name=\"twitter:card\" content=\"summary_large_image\" \/>\n<meta name=\"twitter:label1\" content=\"Tempo di lettura stimato\" \/>\n\t<meta name=\"twitter:data1\" content=\"3 minuti\" \/>\n<script type=\"application\/ld+json\" class=\"yoast-schema-graph\">{\"@context\":\"https:\/\/schema.org\",\"@graph\":[{\"@type\":\"WebPage\",\"@id\":\"https:\/\/welaikaadv.site\/avviso\/home\/cosa-facciamo\/informare\/documenti-tematici\/gioco-dazzardo\/la-riduzione-dei-nulla-osta-per-le-slot-machine-le-sentenze-del-tar\/\",\"url\":\"https:\/\/welaikaadv.site\/avviso\/home\/cosa-facciamo\/informare\/documenti-tematici\/gioco-dazzardo\/la-riduzione-dei-nulla-osta-per-le-slot-machine-le-sentenze-del-tar\/\",\"name\":\"LA RIDUZIONE DEI NULLA OSTA PER LE SLOT MACHINE: LE SENTENZE DEL TAR - Staging Avviso Pubblico\",\"isPartOf\":{\"@id\":\"https:\/\/welaikaadv.site\/avviso\/#website\"},\"datePublished\":\"2018-10-12T14:22:18+00:00\",\"breadcrumb\":{\"@id\":\"https:\/\/welaikaadv.site\/avviso\/home\/cosa-facciamo\/informare\/documenti-tematici\/gioco-dazzardo\/la-riduzione-dei-nulla-osta-per-le-slot-machine-le-sentenze-del-tar\/#breadcrumb\"},\"inLanguage\":\"it-IT\",\"potentialAction\":[{\"@type\":\"ReadAction\",\"target\":[\"https:\/\/welaikaadv.site\/avviso\/home\/cosa-facciamo\/informare\/documenti-tematici\/gioco-dazzardo\/la-riduzione-dei-nulla-osta-per-le-slot-machine-le-sentenze-del-tar\/\"]}]},{\"@type\":\"BreadcrumbList\",\"@id\":\"https:\/\/welaikaadv.site\/avviso\/home\/cosa-facciamo\/informare\/documenti-tematici\/gioco-dazzardo\/la-riduzione-dei-nulla-osta-per-le-slot-machine-le-sentenze-del-tar\/#breadcrumb\",\"itemListElement\":[{\"@type\":\"ListItem\",\"position\":1,\"name\":\"Home\",\"item\":\"https:\/\/welaikaadv.site\/avviso\/\"},{\"@type\":\"ListItem\",\"position\":2,\"name\":\"LA RIDUZIONE DEI NULLA OSTA PER LE SLOT MACHINE: LE SENTENZE DEL TAR\"}]},{\"@type\":\"WebSite\",\"@id\":\"https:\/\/welaikaadv.site\/avviso\/#website\",\"url\":\"https:\/\/welaikaadv.site\/avviso\/\",\"name\":\"Staging Avviso Pubblico\",\"description\":\"\",\"publisher\":{\"@id\":\"https:\/\/welaikaadv.site\/avviso\/#organization\"},\"potentialAction\":[{\"@type\":\"SearchAction\",\"target\":{\"@type\":\"EntryPoint\",\"urlTemplate\":\"https:\/\/welaikaadv.site\/avviso\/?s={search_term_string}\"},\"query-input\":{\"@type\":\"PropertyValueSpecification\",\"valueRequired\":true,\"valueName\":\"search_term_string\"}}],\"inLanguage\":\"it-IT\"},{\"@type\":\"Organization\",\"@id\":\"https:\/\/welaikaadv.site\/avviso\/#organization\",\"name\":\"Staging Avviso Pubblico\",\"url\":\"https:\/\/welaikaadv.site\/avviso\/\",\"logo\":{\"@type\":\"ImageObject\",\"inLanguage\":\"it-IT\",\"@id\":\"https:\/\/welaikaadv.site\/avviso\/#\/schema\/logo\/image\/\",\"url\":\"https:\/\/welaikaadv.site\/avviso\/wp-content\/uploads\/2024\/08\/logoAPsito-400.png\",\"contentUrl\":\"https:\/\/welaikaadv.site\/avviso\/wp-content\/uploads\/2024\/08\/logoAPsito-400.png\",\"width\":400,\"height\":97,\"caption\":\"Staging Avviso Pubblico\"},\"image\":{\"@id\":\"https:\/\/welaikaadv.site\/avviso\/#\/schema\/logo\/image\/\"}}]}<\/script>\n<!-- \/ Yoast SEO plugin. -->","yoast_head_json":{"title":"LA RIDUZIONE DEI NULLA OSTA PER LE SLOT MACHINE: LE SENTENZE DEL TAR - Staging Avviso Pubblico","robots":{"index":"noindex","follow":"follow","max-snippet":"max-snippet:-1","max-image-preview":"max-image-preview:large","max-video-preview":"max-video-preview:-1"},"og_locale":"it_IT","og_type":"article","og_title":"LA RIDUZIONE DEI NULLA OSTA PER LE SLOT MACHINE: LE SENTENZE DEL TAR - Staging Avviso Pubblico","og_description":"Premessa. Il TAR Lazio ha recentemente respinto con tre sentenze (nn. 9529-9530-9531 del 2018), i ricorsi presentati da diversi concessionari in merito alla riduzione del&nbsp;[&hellip;]Leggi tutto LA RIDUZIONE DEI NULLA OSTA PER LE SLOT MACHINE: LE SENTENZE DEL TAR &rarr;","og_url":"https:\/\/welaikaadv.site\/avviso\/home\/cosa-facciamo\/informare\/documenti-tematici\/gioco-dazzardo\/la-riduzione-dei-nulla-osta-per-le-slot-machine-le-sentenze-del-tar\/","og_site_name":"Staging Avviso Pubblico","twitter_card":"summary_large_image","twitter_misc":{"Tempo di lettura stimato":"3 minuti"},"schema":{"@context":"https:\/\/schema.org","@graph":[{"@type":"WebPage","@id":"https:\/\/welaikaadv.site\/avviso\/home\/cosa-facciamo\/informare\/documenti-tematici\/gioco-dazzardo\/la-riduzione-dei-nulla-osta-per-le-slot-machine-le-sentenze-del-tar\/","url":"https:\/\/welaikaadv.site\/avviso\/home\/cosa-facciamo\/informare\/documenti-tematici\/gioco-dazzardo\/la-riduzione-dei-nulla-osta-per-le-slot-machine-le-sentenze-del-tar\/","name":"LA RIDUZIONE DEI NULLA OSTA PER LE SLOT MACHINE: LE SENTENZE DEL TAR - Staging Avviso Pubblico","isPartOf":{"@id":"https:\/\/welaikaadv.site\/avviso\/#website"},"datePublished":"2018-10-12T14:22:18+00:00","breadcrumb":{"@id":"https:\/\/welaikaadv.site\/avviso\/home\/cosa-facciamo\/informare\/documenti-tematici\/gioco-dazzardo\/la-riduzione-dei-nulla-osta-per-le-slot-machine-le-sentenze-del-tar\/#breadcrumb"},"inLanguage":"it-IT","potentialAction":[{"@type":"ReadAction","target":["https:\/\/welaikaadv.site\/avviso\/home\/cosa-facciamo\/informare\/documenti-tematici\/gioco-dazzardo\/la-riduzione-dei-nulla-osta-per-le-slot-machine-le-sentenze-del-tar\/"]}]},{"@type":"BreadcrumbList","@id":"https:\/\/welaikaadv.site\/avviso\/home\/cosa-facciamo\/informare\/documenti-tematici\/gioco-dazzardo\/la-riduzione-dei-nulla-osta-per-le-slot-machine-le-sentenze-del-tar\/#breadcrumb","itemListElement":[{"@type":"ListItem","position":1,"name":"Home","item":"https:\/\/welaikaadv.site\/avviso\/"},{"@type":"ListItem","position":2,"name":"LA RIDUZIONE DEI NULLA OSTA PER LE SLOT MACHINE: LE SENTENZE DEL TAR"}]},{"@type":"WebSite","@id":"https:\/\/welaikaadv.site\/avviso\/#website","url":"https:\/\/welaikaadv.site\/avviso\/","name":"Staging Avviso Pubblico","description":"","publisher":{"@id":"https:\/\/welaikaadv.site\/avviso\/#organization"},"potentialAction":[{"@type":"SearchAction","target":{"@type":"EntryPoint","urlTemplate":"https:\/\/welaikaadv.site\/avviso\/?s={search_term_string}"},"query-input":{"@type":"PropertyValueSpecification","valueRequired":true,"valueName":"search_term_string"}}],"inLanguage":"it-IT"},{"@type":"Organization","@id":"https:\/\/welaikaadv.site\/avviso\/#organization","name":"Staging Avviso Pubblico","url":"https:\/\/welaikaadv.site\/avviso\/","logo":{"@type":"ImageObject","inLanguage":"it-IT","@id":"https:\/\/welaikaadv.site\/avviso\/#\/schema\/logo\/image\/","url":"https:\/\/welaikaadv.site\/avviso\/wp-content\/uploads\/2024\/08\/logoAPsito-400.png","contentUrl":"https:\/\/welaikaadv.site\/avviso\/wp-content\/uploads\/2024\/08\/logoAPsito-400.png","width":400,"height":97,"caption":"Staging Avviso Pubblico"},"image":{"@id":"https:\/\/welaikaadv.site\/avviso\/#\/schema\/logo\/image\/"}}]}},"_links":{"self":[{"href":"https:\/\/welaikaadv.site\/avviso\/wp-json\/wp\/v2\/pages\/28932","targetHints":{"allow":["GET"]}}],"collection":[{"href":"https:\/\/welaikaadv.site\/avviso\/wp-json\/wp\/v2\/pages"}],"about":[{"href":"https:\/\/welaikaadv.site\/avviso\/wp-json\/wp\/v2\/types\/page"}],"author":[{"embeddable":true,"href":"https:\/\/welaikaadv.site\/avviso\/wp-json\/wp\/v2\/users\/1"}],"replies":[{"embeddable":true,"href":"https:\/\/welaikaadv.site\/avviso\/wp-json\/wp\/v2\/comments?post=28932"}],"version-history":[{"count":0,"href":"https:\/\/welaikaadv.site\/avviso\/wp-json\/wp\/v2\/pages\/28932\/revisions"}],"up":[{"embeddable":true,"href":"https:\/\/welaikaadv.site\/avviso\/wp-json\/wp\/v2\/pages\/202"}],"wp:attachment":[{"href":"https:\/\/welaikaadv.site\/avviso\/wp-json\/wp\/v2\/media?parent=28932"}],"curies":[{"name":"wp","href":"https:\/\/api.w.org\/{rel}","templated":true}]}}