{"id":28971,"date":"2018-10-16T09:50:40","date_gmt":"2018-10-16T07:50:40","guid":{"rendered":"https:\/\/www.avvisopubblico.it\/home\/?page_id=28971"},"modified":"2018-10-16T09:50:40","modified_gmt":"2018-10-16T07:50:40","slug":"le-misure-di-contrasto-del-gioco-dazzardo-patologico-del-comune-di-paderno-dugnano-mi","status":"publish","type":"page","link":"https:\/\/welaikaadv.site\/avviso\/home\/cosa-facciamo\/informare\/documenti-tematici\/gioco-dazzardo\/le-misure-di-contrasto-del-gioco-dazzardo-patologico-del-comune-di-paderno-dugnano-mi\/","title":{"rendered":"Le misure di contrasto del gioco d\u2019azzardo patologico del comune di Paderno Dugnano (MI)"},"content":{"rendered":"<p><b>Premessa.<\/b><span style=\"font-weight: 400;\"> Il comune di Paderno Dugnano (MI) ha di recente approvato un nuovo <\/span><a href=\"https:\/\/welaikaadv.site\/avviso\/wp-content\/uploads\/2018\/10\/Regolamento-Paderno-Dugnano-MI.pdf\"><b>Regolamento per la prevenzione e il contrasto delle patologie e delle problematiche legate al gioco d\u2019azzardo lecito<\/b><\/a> <span style=\"font-weight: 400;\">in attuazione della <\/span><a href=\"https:\/\/welaikaadv.site\/avviso\/home\/cosa-facciamo\/informare\/documenti-tematici\/gioco-dazzardo\/sintesi-della-normativa-della-giurisprudenza-materia-gioco-dazzardo-ludopatia\/?hilite=%27legge%27%2C%27lombardia%27\"><b>legge della regione Lombardia n. 8 del 2013<\/b><\/a><span style=\"font-weight: 400;\"> e delle successive modifiche, con l\u2019obiettivo di garantire la diffusione del gioco lecito per limitare le conseguenze sociali sui consumatori pi\u00f9 deboli, anche attraverso attivit\u00e0 di disincentivazione, informazione ed educazione.<\/span><\/p>\n<p><b>Finalit\u00e0 del provvedimento<\/b><span style=\"font-weight: 400;\">. L\u2019obiettivo dell\u2019introduzione di tali disposizioni \u00e8 quello di tutelare in modo pi\u00f9 organico i minori, gli utilizzatori pi\u00f9 a rischio di sviluppo della sindrome da gioco d\u2019azzardo patologico (GAP), la popolazione anziana, la sicurezza urbana e la quiete della collettivit\u00e0; salvaguardando allo stesso tempo l\u2019iniziativa d\u2019impresa e la concorrenza. L\u2019amministrazione inoltre si impegna ad aggiornare e monitorare i dati sull\u2019incidenza del fenomeno (GAP) su territorio e cittadini. (art. 2)<\/span><\/p>\n<p><b>Giochi disciplinati<\/b><span style=\"font-weight: 400;\">. Il regolamento disciplina le diverse tipologie di gioco lecito che prevedono vincite in denaro quali: attraverso apparecchi meccanici e automatici (AWP e sale giochi tradizionali); attraverso apparecchi collegati fra di loro, alla rete e ad un server centrale (VLT); scommesse su competizioni ippiche, sportive e su altri eventi e lotterie istantanee su piattaforma virtuale e\/o con tagliando cartaceo (gratta e vinci, 10 e lotto). Non sono disciplinati invece: i giochi tradizionali di abilit\u00e0 fisica, mentale o strategica; il gioco del bingo; i giochi del lotto, superenalotto e del totocalcio; gli apparecchi e congegni per il gioco lecito privi di monitor e i giochi proibiti (art. 1)<\/span><\/p>\n<p><b>Divieti riguardanti l\u2019ubicazione degli esercizi dedicati al gioco d\u2018azzardo<\/b><span style=\"font-weight: 400;\">. \u00c8 vietata, come previsto dalla legge regionale, l\u2019installazione di apparecchi per il gioco d\u2019azzardo lecito in locali che si trovino ad una distanza inferiore a <\/span><b>500 metri <\/b><span style=\"font-weight: 400;\">da: istituti scolastici di ogni ordine e grado, asili nido d\u2019infanzia, luoghi di culto, impianti sportivi, strutture residenziali o semi-residenziali operanti in ambito sanitario o sociosanitario, strutture ricettive per categorie protette, luoghi di aggregazione giovanile, oratori, strutture destinate a residenza di appartenenti ad ordini religiosi, cimiteri cittadini e camere mortuarie, biblioteche, parchi e giardini pubblici. Viene inoltre vietata l\u2019istallazione di apparecchi per il gioco d\u2019azzardo lecito in circoli e associazioni di qualunque natura e di <\/span><b>distributori automatici per la vendita di lotterie istantanee<\/b><span style=\"font-weight: 400;\"> su piattaforma virtuale o\/e con tagliando cartaceo all\u2019esterno dei locali (art. 4) <\/span><\/p>\n<p><b>Informazioni per i giocatori<\/b><span style=\"font-weight: 400;\">. Viene indicato l\u2019obbligo di esporre all\u2019interno di tutti gli esercizi: la tabella dei giochi proibiti; indicazioni di utilizzo degli apparecchi, del costo e delle regole dei giochi; divieto del gioco per i minori; cartello con indicazioni per effettuare un autotest per possibilit\u00e0 di rischio. Viene previsto inoltre il <\/span><b>divieto di pubblicizzare vincite<\/b><span style=\"font-weight: 400;\"> avvenute (art. 6)<\/span><\/p>\n<p><b>Limitazione orari<\/b><span style=\"font-weight: 400;\">. L\u2019orario di apertura delle sale dedicate e del funzionamento degli apparecchi da gioco \u00e8 stabilito con specifica ordinanza sindacale con l\u2019obiettivo di rendere difficoltoso il consumo di gioco in orari di lavoro e di scuola (art. 5)<\/span><\/p>\n<p><b>Ulteriori misure<\/b><span style=\"font-weight: 400;\">. Con il regolamento viene vietata la <\/span><b>locazione o la concessione di immobili pubblici<\/b><span style=\"font-weight: 400;\"> per aprire attivit\u00e0 relative all\u2019esercizio del gioco lecito o all\u2019istallazione di apparecchi. In caso di attivit\u00e0 gi\u00e0 presenti, alla prima scadenza di legge non sar\u00e0 permesso il rinnovo del contratto. Le societ\u00e0 controllate o partecipate dall\u2019amministrazione o alle quali \u00e8 affidato un incarico per la gestione di servizi pubblici o di interesse pubblico non possono <\/span><b>pubblicizzare l\u2019esercizio del gioco lecito<\/b><span style=\"font-weight: 400;\">. Un ulteriore provvedimento riguarda il divieto d\u2019istallazione di <\/span><b>insegne luminose<\/b><span style=\"font-weight: 400;\"> sia all\u2019esterno che all\u2019interno dei locali. (art. 7)<\/span><\/p>\n<p><b>Sanzioni<\/b><span style=\"font-weight: 400;\">. L\u2019inosservanza delle disposizioni indicate nel regolamento \u00e8 soggetta alla sanzione amministrativa pecuniaria da euro 25 a euro 500, in caso di recidiva si applica la sospensione dell\u2019utilizzo degli apparecchi fino a tre mesi. (art. 8)<\/span><\/p>\n<p><i><span style=\"font-weight: 400;\"> (a cura di Sara Capitanio, vincitrice della borsa di studio di Avviso Pubblico sul gioco d\u2019azzardo)<\/span><\/i><\/p>\n","protected":false},"excerpt":{"rendered":"<p>Premessa. Il comune di Paderno Dugnano (MI) ha di recente approvato un nuovo Regolamento per la prevenzione e il contrasto delle patologie e delle problematiche&nbsp;<span class=\"hellipsis\">[&hellip;]<\/span><a class=\"more-link\" href=\"https:\/\/welaikaadv.site\/avviso\/home\/cosa-facciamo\/informare\/documenti-tematici\/gioco-dazzardo\/le-misure-di-contrasto-del-gioco-dazzardo-patologico-del-comune-di-paderno-dugnano-mi\/\">Leggi tutto <span class=\"screen-reader-text\">Le misure di contrasto del gioco d\u2019azzardo patologico del comune di Paderno Dugnano (MI)<\/span> <span class=\"meta-nav\" aria-hidden=\"true\">&rarr;<\/span><\/a><\/p>\n","protected":false},"author":1,"featured_media":0,"parent":202,"menu_order":0,"comment_status":"closed","ping_status":"closed","template":"","meta":{"_acf_changed":false,"_exactmetrics_skip_tracking":false,"_exactmetrics_sitenote_active":false,"_exactmetrics_sitenote_note":"","_exactmetrics_sitenote_category":0,"wp_social_preview_title":"","wp_social_preview_description":"","wp_social_preview_image":0,"footnotes":""},"class_list":["post-28971","page","type-page","status-publish","hentry"],"acf":[],"yoast_head":"<!-- This site is optimized with the Yoast SEO plugin v27.2 - https:\/\/yoast.com\/product\/yoast-seo-wordpress\/ -->\n<title>Le misure di contrasto del gioco d\u2019azzardo patologico del comune di Paderno Dugnano (MI) - Staging Avviso Pubblico<\/title>\n<meta name=\"robots\" content=\"noindex, follow, max-snippet:-1, max-image-preview:large, max-video-preview:-1\" \/>\n<meta property=\"og:locale\" content=\"it_IT\" \/>\n<meta property=\"og:type\" content=\"article\" \/>\n<meta property=\"og:title\" content=\"Le misure di contrasto del gioco d\u2019azzardo patologico del comune di Paderno Dugnano (MI) - Staging Avviso Pubblico\" \/>\n<meta property=\"og:description\" content=\"Premessa. Il comune di Paderno Dugnano (MI) ha di recente approvato un nuovo Regolamento per la prevenzione e il contrasto delle patologie e delle problematiche&nbsp;[&hellip;]Leggi tutto Le misure di contrasto del gioco d\u2019azzardo patologico del comune di Paderno Dugnano (MI) &rarr;\" \/>\n<meta property=\"og:url\" content=\"https:\/\/welaikaadv.site\/avviso\/home\/cosa-facciamo\/informare\/documenti-tematici\/gioco-dazzardo\/le-misure-di-contrasto-del-gioco-dazzardo-patologico-del-comune-di-paderno-dugnano-mi\/\" \/>\n<meta property=\"og:site_name\" content=\"Staging Avviso Pubblico\" \/>\n<meta name=\"twitter:card\" content=\"summary_large_image\" \/>\n<meta name=\"twitter:label1\" content=\"Tempo di lettura stimato\" \/>\n\t<meta name=\"twitter:data1\" content=\"3 minuti\" \/>\n<script type=\"application\/ld+json\" class=\"yoast-schema-graph\">{\"@context\":\"https:\/\/schema.org\",\"@graph\":[{\"@type\":\"WebPage\",\"@id\":\"https:\/\/welaikaadv.site\/avviso\/home\/cosa-facciamo\/informare\/documenti-tematici\/gioco-dazzardo\/le-misure-di-contrasto-del-gioco-dazzardo-patologico-del-comune-di-paderno-dugnano-mi\/\",\"url\":\"https:\/\/welaikaadv.site\/avviso\/home\/cosa-facciamo\/informare\/documenti-tematici\/gioco-dazzardo\/le-misure-di-contrasto-del-gioco-dazzardo-patologico-del-comune-di-paderno-dugnano-mi\/\",\"name\":\"Le misure di contrasto del gioco d\u2019azzardo patologico del comune di Paderno Dugnano (MI) - Staging Avviso Pubblico\",\"isPartOf\":{\"@id\":\"https:\/\/welaikaadv.site\/avviso\/#website\"},\"datePublished\":\"2018-10-16T07:50:40+00:00\",\"breadcrumb\":{\"@id\":\"https:\/\/welaikaadv.site\/avviso\/home\/cosa-facciamo\/informare\/documenti-tematici\/gioco-dazzardo\/le-misure-di-contrasto-del-gioco-dazzardo-patologico-del-comune-di-paderno-dugnano-mi\/#breadcrumb\"},\"inLanguage\":\"it-IT\",\"potentialAction\":[{\"@type\":\"ReadAction\",\"target\":[\"https:\/\/welaikaadv.site\/avviso\/home\/cosa-facciamo\/informare\/documenti-tematici\/gioco-dazzardo\/le-misure-di-contrasto-del-gioco-dazzardo-patologico-del-comune-di-paderno-dugnano-mi\/\"]}]},{\"@type\":\"BreadcrumbList\",\"@id\":\"https:\/\/welaikaadv.site\/avviso\/home\/cosa-facciamo\/informare\/documenti-tematici\/gioco-dazzardo\/le-misure-di-contrasto-del-gioco-dazzardo-patologico-del-comune-di-paderno-dugnano-mi\/#breadcrumb\",\"itemListElement\":[{\"@type\":\"ListItem\",\"position\":1,\"name\":\"Home\",\"item\":\"https:\/\/welaikaadv.site\/avviso\/\"},{\"@type\":\"ListItem\",\"position\":2,\"name\":\"Le misure di contrasto del gioco d\u2019azzardo patologico del comune di Paderno Dugnano (MI)\"}]},{\"@type\":\"WebSite\",\"@id\":\"https:\/\/welaikaadv.site\/avviso\/#website\",\"url\":\"https:\/\/welaikaadv.site\/avviso\/\",\"name\":\"Staging Avviso Pubblico\",\"description\":\"\",\"publisher\":{\"@id\":\"https:\/\/welaikaadv.site\/avviso\/#organization\"},\"potentialAction\":[{\"@type\":\"SearchAction\",\"target\":{\"@type\":\"EntryPoint\",\"urlTemplate\":\"https:\/\/welaikaadv.site\/avviso\/?s={search_term_string}\"},\"query-input\":{\"@type\":\"PropertyValueSpecification\",\"valueRequired\":true,\"valueName\":\"search_term_string\"}}],\"inLanguage\":\"it-IT\"},{\"@type\":\"Organization\",\"@id\":\"https:\/\/welaikaadv.site\/avviso\/#organization\",\"name\":\"Staging Avviso Pubblico\",\"url\":\"https:\/\/welaikaadv.site\/avviso\/\",\"logo\":{\"@type\":\"ImageObject\",\"inLanguage\":\"it-IT\",\"@id\":\"https:\/\/welaikaadv.site\/avviso\/#\/schema\/logo\/image\/\",\"url\":\"https:\/\/welaikaadv.site\/avviso\/wp-content\/uploads\/2024\/08\/logoAPsito-400.png\",\"contentUrl\":\"https:\/\/welaikaadv.site\/avviso\/wp-content\/uploads\/2024\/08\/logoAPsito-400.png\",\"width\":400,\"height\":97,\"caption\":\"Staging Avviso Pubblico\"},\"image\":{\"@id\":\"https:\/\/welaikaadv.site\/avviso\/#\/schema\/logo\/image\/\"}}]}<\/script>\n<!-- \/ Yoast SEO plugin. -->","yoast_head_json":{"title":"Le misure di contrasto del gioco d\u2019azzardo patologico del comune di Paderno Dugnano (MI) - Staging Avviso Pubblico","robots":{"index":"noindex","follow":"follow","max-snippet":"max-snippet:-1","max-image-preview":"max-image-preview:large","max-video-preview":"max-video-preview:-1"},"og_locale":"it_IT","og_type":"article","og_title":"Le misure di contrasto del gioco d\u2019azzardo patologico del comune di Paderno Dugnano (MI) - Staging Avviso Pubblico","og_description":"Premessa. Il comune di Paderno Dugnano (MI) ha di recente approvato un nuovo Regolamento per la prevenzione e il contrasto delle patologie e delle problematiche&nbsp;[&hellip;]Leggi tutto Le misure di contrasto del gioco d\u2019azzardo patologico del comune di Paderno Dugnano (MI) &rarr;","og_url":"https:\/\/welaikaadv.site\/avviso\/home\/cosa-facciamo\/informare\/documenti-tematici\/gioco-dazzardo\/le-misure-di-contrasto-del-gioco-dazzardo-patologico-del-comune-di-paderno-dugnano-mi\/","og_site_name":"Staging Avviso Pubblico","twitter_card":"summary_large_image","twitter_misc":{"Tempo di lettura stimato":"3 minuti"},"schema":{"@context":"https:\/\/schema.org","@graph":[{"@type":"WebPage","@id":"https:\/\/welaikaadv.site\/avviso\/home\/cosa-facciamo\/informare\/documenti-tematici\/gioco-dazzardo\/le-misure-di-contrasto-del-gioco-dazzardo-patologico-del-comune-di-paderno-dugnano-mi\/","url":"https:\/\/welaikaadv.site\/avviso\/home\/cosa-facciamo\/informare\/documenti-tematici\/gioco-dazzardo\/le-misure-di-contrasto-del-gioco-dazzardo-patologico-del-comune-di-paderno-dugnano-mi\/","name":"Le misure di contrasto del gioco d\u2019azzardo patologico del comune di Paderno Dugnano (MI) - Staging Avviso Pubblico","isPartOf":{"@id":"https:\/\/welaikaadv.site\/avviso\/#website"},"datePublished":"2018-10-16T07:50:40+00:00","breadcrumb":{"@id":"https:\/\/welaikaadv.site\/avviso\/home\/cosa-facciamo\/informare\/documenti-tematici\/gioco-dazzardo\/le-misure-di-contrasto-del-gioco-dazzardo-patologico-del-comune-di-paderno-dugnano-mi\/#breadcrumb"},"inLanguage":"it-IT","potentialAction":[{"@type":"ReadAction","target":["https:\/\/welaikaadv.site\/avviso\/home\/cosa-facciamo\/informare\/documenti-tematici\/gioco-dazzardo\/le-misure-di-contrasto-del-gioco-dazzardo-patologico-del-comune-di-paderno-dugnano-mi\/"]}]},{"@type":"BreadcrumbList","@id":"https:\/\/welaikaadv.site\/avviso\/home\/cosa-facciamo\/informare\/documenti-tematici\/gioco-dazzardo\/le-misure-di-contrasto-del-gioco-dazzardo-patologico-del-comune-di-paderno-dugnano-mi\/#breadcrumb","itemListElement":[{"@type":"ListItem","position":1,"name":"Home","item":"https:\/\/welaikaadv.site\/avviso\/"},{"@type":"ListItem","position":2,"name":"Le misure di contrasto del gioco d\u2019azzardo patologico del comune di Paderno Dugnano (MI)"}]},{"@type":"WebSite","@id":"https:\/\/welaikaadv.site\/avviso\/#website","url":"https:\/\/welaikaadv.site\/avviso\/","name":"Staging Avviso Pubblico","description":"","publisher":{"@id":"https:\/\/welaikaadv.site\/avviso\/#organization"},"potentialAction":[{"@type":"SearchAction","target":{"@type":"EntryPoint","urlTemplate":"https:\/\/welaikaadv.site\/avviso\/?s={search_term_string}"},"query-input":{"@type":"PropertyValueSpecification","valueRequired":true,"valueName":"search_term_string"}}],"inLanguage":"it-IT"},{"@type":"Organization","@id":"https:\/\/welaikaadv.site\/avviso\/#organization","name":"Staging Avviso Pubblico","url":"https:\/\/welaikaadv.site\/avviso\/","logo":{"@type":"ImageObject","inLanguage":"it-IT","@id":"https:\/\/welaikaadv.site\/avviso\/#\/schema\/logo\/image\/","url":"https:\/\/welaikaadv.site\/avviso\/wp-content\/uploads\/2024\/08\/logoAPsito-400.png","contentUrl":"https:\/\/welaikaadv.site\/avviso\/wp-content\/uploads\/2024\/08\/logoAPsito-400.png","width":400,"height":97,"caption":"Staging Avviso Pubblico"},"image":{"@id":"https:\/\/welaikaadv.site\/avviso\/#\/schema\/logo\/image\/"}}]}},"_links":{"self":[{"href":"https:\/\/welaikaadv.site\/avviso\/wp-json\/wp\/v2\/pages\/28971","targetHints":{"allow":["GET"]}}],"collection":[{"href":"https:\/\/welaikaadv.site\/avviso\/wp-json\/wp\/v2\/pages"}],"about":[{"href":"https:\/\/welaikaadv.site\/avviso\/wp-json\/wp\/v2\/types\/page"}],"author":[{"embeddable":true,"href":"https:\/\/welaikaadv.site\/avviso\/wp-json\/wp\/v2\/users\/1"}],"replies":[{"embeddable":true,"href":"https:\/\/welaikaadv.site\/avviso\/wp-json\/wp\/v2\/comments?post=28971"}],"version-history":[{"count":0,"href":"https:\/\/welaikaadv.site\/avviso\/wp-json\/wp\/v2\/pages\/28971\/revisions"}],"up":[{"embeddable":true,"href":"https:\/\/welaikaadv.site\/avviso\/wp-json\/wp\/v2\/pages\/202"}],"wp:attachment":[{"href":"https:\/\/welaikaadv.site\/avviso\/wp-json\/wp\/v2\/media?parent=28971"}],"curies":[{"name":"wp","href":"https:\/\/api.w.org\/{rel}","templated":true}]}}