{"id":29014,"date":"2018-10-17T13:25:06","date_gmt":"2018-10-17T11:25:06","guid":{"rendered":"https:\/\/www.avvisopubblico.it\/home\/?page_id=29014"},"modified":"2018-10-17T13:25:06","modified_gmt":"2018-10-17T11:25:06","slug":"relazione-sul-settore-giochi-contenuta-nel-documento-di-economia-e-finanza-def","status":"publish","type":"page","link":"https:\/\/welaikaadv.site\/avviso\/home\/cosa-facciamo\/informare\/documenti-tematici\/gioco-dazzardo\/relazione-sul-settore-giochi-contenuta-nel-documento-di-economia-e-finanza-def\/","title":{"rendered":"Relazione sul settore giochi contenuta nel Documento di Economia e Finanza (DEF)"},"content":{"rendered":"<p>Nella nota di aggiornamento al Documento di Economia e Finanza (DEF) 2018, in particolare l\u2019allegato IV (<a href=\"http:\/\/www.senato.it\/service\/PDF\/PDFServer\/DF\/340019.pdf\"><strong><em>Relazione sull\u2019economia non osservata e sull\u2019evasione fiscale e contributiva<\/em><\/strong><\/a>), vi \u00e8 un capitolo dedicato <strong>ai controlli operati nel settore dei giochi.<\/strong><\/p>\n<p>Si legge (<strong><u>pagina 115 della Relazione<\/u><\/strong>): \u201cSi \u00e8 elaborato lo screening sui soggetti gravati da informazioni pregiudizievoli, ai fini del loro censimento nella filiera dei giochi attraverso l\u2019alimentazione di un apposito applicativo (SISCO-Sistema Informativo Soggetti Criminalit\u00e0 Comune e Organizzata) per la gestione e l&#8217;analisi dei dati relativi ai soggetti (persone fisiche e giuridiche) per i quali emergono informazioni di \u201canomalia\u201d ai fini della gestione dei giochi pubblici e\/o di settori della relativa filiera\u2026 Di particolare rilievo <strong>sono state alcune informative realizzate su operazioni di Polizia di contrasto al gioco illecito<\/strong> svolte nei confronti di soggetti appartenenti alla criminalit\u00e0 organizzata\u2026Fra queste si cita l\u2019informativa sull\u2019Operazione \u201cDoppio Jack\u201d che ha scoperto una rete di sale clandestine ove si scommetteva su piattaforme on line non autorizzate, l\u2019informativa \u201cOperazione Reset\u201d con la chiusura di internet point in Sicilia e quella \u201cOperazione \u2018Ndrangames\u201d che ha riguardato l\u2019installazione di totem in pubblici esercizi\u201d. Anche sul fronte del <strong>contrasto al gioco online illegale<\/strong> \u2013 siti che operano senza autorizzazione \u2013 viene evidenziato che \u201cnel corso del 2017, il numero complessivo dei siti inibiti \u00e8 salito a circa 7.000. L\u2019efficacia dell\u2019attivit\u00e0 di contrasto \u00e8 comprovata dai tentativi di accesso ai siti inibiti, che ammontano a pi\u00f9 di 360.000 nel solo 2017\u201d.<\/p>\n<p>In tema di <strong>evasione fiscale<\/strong> (<strong><u>pagina 130 della Relazione<\/u><\/strong>) la lotta al fenomeno del gioco illegale interessa tre comparti:<\/p>\n<ol>\n<li>a)<strong> il gioco online<\/strong> realizzato attraverso apparecchi \u2013 i cosiddetti totem \u2013 che si collegano a piattaforme estere senza autorizzazione<\/li>\n<li>b) <strong>la manomissione\/alterazione delle schede<\/strong> degli apparecchi da gioco con vincita in denaro (le slot machines o AWP).<\/li>\n<li>c) <strong>le scommesse<\/strong>, sia su rete fisica che online.<\/li>\n<\/ol>\n<p>Sono stati effettuati <strong>48.815 controlli<\/strong> nel corso del 2017. Il 62% dei quali hanno riguardato gli apparecchi da gioco con vincita in denaro e il 30% inerenti al divieto di somministrazione di gioco ai minori. La seguente <em>tabella<\/em> riporta l\u2019andamento dell\u2019esito dell\u2019<strong>attivit\u00e0 di controllo nel settore dei giochi nel periodo 2012-2017<\/strong>.<\/p>\n<p><img fetchpriority=\"high\" decoding=\"async\" class=\" wp-image-29015 aligncenter\" src=\"https:\/\/welaikaadv.site\/avviso\/wp-content\/uploads\/2018\/10\/Tabella-Controlli-giochi-2012-2017-540x278.png\" alt=\"\" width=\"589\" height=\"303\" \/><\/p>\n","protected":false},"excerpt":{"rendered":"<p>Nella nota di aggiornamento al Documento di Economia e Finanza (DEF) 2018, in particolare l\u2019allegato IV (Relazione sull\u2019economia non osservata e sull\u2019evasione fiscale e contributiva),&nbsp;<span class=\"hellipsis\">[&hellip;]<\/span><a class=\"more-link\" href=\"https:\/\/welaikaadv.site\/avviso\/home\/cosa-facciamo\/informare\/documenti-tematici\/gioco-dazzardo\/relazione-sul-settore-giochi-contenuta-nel-documento-di-economia-e-finanza-def\/\">Leggi tutto <span class=\"screen-reader-text\">Relazione sul settore giochi contenuta nel Documento di Economia e Finanza (DEF)<\/span> <span class=\"meta-nav\" aria-hidden=\"true\">&rarr;<\/span><\/a><\/p>\n","protected":false},"author":1,"featured_media":0,"parent":202,"menu_order":0,"comment_status":"closed","ping_status":"closed","template":"","meta":{"_acf_changed":false,"_exactmetrics_skip_tracking":false,"_exactmetrics_sitenote_active":false,"_exactmetrics_sitenote_note":"","_exactmetrics_sitenote_category":0,"wp_social_preview_title":"","wp_social_preview_description":"","wp_social_preview_image":0,"footnotes":""},"class_list":["post-29014","page","type-page","status-publish","hentry"],"acf":[],"yoast_head":"<!-- This site is optimized with the Yoast SEO plugin v27.2 - https:\/\/yoast.com\/product\/yoast-seo-wordpress\/ -->\n<title>Relazione sul settore giochi contenuta nel Documento di Economia e Finanza (DEF) - Staging Avviso Pubblico<\/title>\n<meta name=\"robots\" content=\"noindex, follow, max-snippet:-1, max-image-preview:large, max-video-preview:-1\" \/>\n<meta property=\"og:locale\" content=\"it_IT\" \/>\n<meta property=\"og:type\" content=\"article\" \/>\n<meta property=\"og:title\" content=\"Relazione sul settore giochi contenuta nel Documento di Economia e Finanza (DEF) - Staging Avviso Pubblico\" \/>\n<meta property=\"og:description\" content=\"Nella nota di aggiornamento al Documento di Economia e Finanza (DEF) 2018, in particolare l\u2019allegato IV (Relazione sull\u2019economia non osservata e sull\u2019evasione fiscale e contributiva),&nbsp;[&hellip;]Leggi tutto Relazione sul settore giochi contenuta nel Documento di Economia e Finanza (DEF) &rarr;\" \/>\n<meta property=\"og:url\" content=\"https:\/\/welaikaadv.site\/avviso\/home\/cosa-facciamo\/informare\/documenti-tematici\/gioco-dazzardo\/relazione-sul-settore-giochi-contenuta-nel-documento-di-economia-e-finanza-def\/\" \/>\n<meta property=\"og:site_name\" content=\"Staging Avviso Pubblico\" \/>\n<meta property=\"og:image\" content=\"https:\/\/welaikaadv.site\/avviso\/wp-content\/uploads\/2018\/10\/Tabella-Controlli-giochi-2012-2017-540x278.png\" \/>\n<meta name=\"twitter:card\" content=\"summary_large_image\" \/>\n<meta name=\"twitter:label1\" content=\"Tempo di lettura stimato\" \/>\n\t<meta name=\"twitter:data1\" content=\"2 minuti\" \/>\n<script type=\"application\/ld+json\" class=\"yoast-schema-graph\">{\"@context\":\"https:\/\/schema.org\",\"@graph\":[{\"@type\":\"WebPage\",\"@id\":\"https:\/\/welaikaadv.site\/avviso\/home\/cosa-facciamo\/informare\/documenti-tematici\/gioco-dazzardo\/relazione-sul-settore-giochi-contenuta-nel-documento-di-economia-e-finanza-def\/\",\"url\":\"https:\/\/welaikaadv.site\/avviso\/home\/cosa-facciamo\/informare\/documenti-tematici\/gioco-dazzardo\/relazione-sul-settore-giochi-contenuta-nel-documento-di-economia-e-finanza-def\/\",\"name\":\"Relazione sul settore giochi contenuta nel Documento di Economia e Finanza (DEF) - Staging Avviso Pubblico\",\"isPartOf\":{\"@id\":\"https:\/\/welaikaadv.site\/avviso\/#website\"},\"primaryImageOfPage\":{\"@id\":\"https:\/\/welaikaadv.site\/avviso\/home\/cosa-facciamo\/informare\/documenti-tematici\/gioco-dazzardo\/relazione-sul-settore-giochi-contenuta-nel-documento-di-economia-e-finanza-def\/#primaryimage\"},\"image\":{\"@id\":\"https:\/\/welaikaadv.site\/avviso\/home\/cosa-facciamo\/informare\/documenti-tematici\/gioco-dazzardo\/relazione-sul-settore-giochi-contenuta-nel-documento-di-economia-e-finanza-def\/#primaryimage\"},\"thumbnailUrl\":\"https:\/\/welaikaadv.site\/avviso\/wp-content\/uploads\/2018\/10\/Tabella-Controlli-giochi-2012-2017-540x278.png\",\"datePublished\":\"2018-10-17T11:25:06+00:00\",\"breadcrumb\":{\"@id\":\"https:\/\/welaikaadv.site\/avviso\/home\/cosa-facciamo\/informare\/documenti-tematici\/gioco-dazzardo\/relazione-sul-settore-giochi-contenuta-nel-documento-di-economia-e-finanza-def\/#breadcrumb\"},\"inLanguage\":\"it-IT\",\"potentialAction\":[{\"@type\":\"ReadAction\",\"target\":[\"https:\/\/welaikaadv.site\/avviso\/home\/cosa-facciamo\/informare\/documenti-tematici\/gioco-dazzardo\/relazione-sul-settore-giochi-contenuta-nel-documento-di-economia-e-finanza-def\/\"]}]},{\"@type\":\"ImageObject\",\"inLanguage\":\"it-IT\",\"@id\":\"https:\/\/welaikaadv.site\/avviso\/home\/cosa-facciamo\/informare\/documenti-tematici\/gioco-dazzardo\/relazione-sul-settore-giochi-contenuta-nel-documento-di-economia-e-finanza-def\/#primaryimage\",\"url\":\"https:\/\/welaikaadv.site\/avviso\/wp-content\/uploads\/2018\/10\/Tabella-Controlli-giochi-2012-2017-540x278.png\",\"contentUrl\":\"https:\/\/welaikaadv.site\/avviso\/wp-content\/uploads\/2018\/10\/Tabella-Controlli-giochi-2012-2017-540x278.png\"},{\"@type\":\"BreadcrumbList\",\"@id\":\"https:\/\/welaikaadv.site\/avviso\/home\/cosa-facciamo\/informare\/documenti-tematici\/gioco-dazzardo\/relazione-sul-settore-giochi-contenuta-nel-documento-di-economia-e-finanza-def\/#breadcrumb\",\"itemListElement\":[{\"@type\":\"ListItem\",\"position\":1,\"name\":\"Home\",\"item\":\"https:\/\/welaikaadv.site\/avviso\/\"},{\"@type\":\"ListItem\",\"position\":2,\"name\":\"Relazione sul settore giochi contenuta nel Documento di Economia e Finanza (DEF)\"}]},{\"@type\":\"WebSite\",\"@id\":\"https:\/\/welaikaadv.site\/avviso\/#website\",\"url\":\"https:\/\/welaikaadv.site\/avviso\/\",\"name\":\"Staging Avviso Pubblico\",\"description\":\"\",\"publisher\":{\"@id\":\"https:\/\/welaikaadv.site\/avviso\/#organization\"},\"potentialAction\":[{\"@type\":\"SearchAction\",\"target\":{\"@type\":\"EntryPoint\",\"urlTemplate\":\"https:\/\/welaikaadv.site\/avviso\/?s={search_term_string}\"},\"query-input\":{\"@type\":\"PropertyValueSpecification\",\"valueRequired\":true,\"valueName\":\"search_term_string\"}}],\"inLanguage\":\"it-IT\"},{\"@type\":\"Organization\",\"@id\":\"https:\/\/welaikaadv.site\/avviso\/#organization\",\"name\":\"Staging Avviso Pubblico\",\"url\":\"https:\/\/welaikaadv.site\/avviso\/\",\"logo\":{\"@type\":\"ImageObject\",\"inLanguage\":\"it-IT\",\"@id\":\"https:\/\/welaikaadv.site\/avviso\/#\/schema\/logo\/image\/\",\"url\":\"https:\/\/welaikaadv.site\/avviso\/wp-content\/uploads\/2024\/08\/logoAPsito-400.png\",\"contentUrl\":\"https:\/\/welaikaadv.site\/avviso\/wp-content\/uploads\/2024\/08\/logoAPsito-400.png\",\"width\":400,\"height\":97,\"caption\":\"Staging Avviso Pubblico\"},\"image\":{\"@id\":\"https:\/\/welaikaadv.site\/avviso\/#\/schema\/logo\/image\/\"}}]}<\/script>\n<!-- \/ Yoast SEO plugin. -->","yoast_head_json":{"title":"Relazione sul settore giochi contenuta nel Documento di Economia e Finanza (DEF) - Staging Avviso Pubblico","robots":{"index":"noindex","follow":"follow","max-snippet":"max-snippet:-1","max-image-preview":"max-image-preview:large","max-video-preview":"max-video-preview:-1"},"og_locale":"it_IT","og_type":"article","og_title":"Relazione sul settore giochi contenuta nel Documento di Economia e Finanza (DEF) - Staging Avviso Pubblico","og_description":"Nella nota di aggiornamento al Documento di Economia e Finanza (DEF) 2018, in particolare l\u2019allegato IV (Relazione sull\u2019economia non osservata e sull\u2019evasione fiscale e contributiva),&nbsp;[&hellip;]Leggi tutto Relazione sul settore giochi contenuta nel Documento di Economia e Finanza (DEF) &rarr;","og_url":"https:\/\/welaikaadv.site\/avviso\/home\/cosa-facciamo\/informare\/documenti-tematici\/gioco-dazzardo\/relazione-sul-settore-giochi-contenuta-nel-documento-di-economia-e-finanza-def\/","og_site_name":"Staging Avviso Pubblico","og_image":[{"url":"https:\/\/welaikaadv.site\/avviso\/wp-content\/uploads\/2018\/10\/Tabella-Controlli-giochi-2012-2017-540x278.png","type":"","width":"","height":""}],"twitter_card":"summary_large_image","twitter_misc":{"Tempo di lettura stimato":"2 minuti"},"schema":{"@context":"https:\/\/schema.org","@graph":[{"@type":"WebPage","@id":"https:\/\/welaikaadv.site\/avviso\/home\/cosa-facciamo\/informare\/documenti-tematici\/gioco-dazzardo\/relazione-sul-settore-giochi-contenuta-nel-documento-di-economia-e-finanza-def\/","url":"https:\/\/welaikaadv.site\/avviso\/home\/cosa-facciamo\/informare\/documenti-tematici\/gioco-dazzardo\/relazione-sul-settore-giochi-contenuta-nel-documento-di-economia-e-finanza-def\/","name":"Relazione sul settore giochi contenuta nel Documento di Economia e Finanza (DEF) - Staging Avviso Pubblico","isPartOf":{"@id":"https:\/\/welaikaadv.site\/avviso\/#website"},"primaryImageOfPage":{"@id":"https:\/\/welaikaadv.site\/avviso\/home\/cosa-facciamo\/informare\/documenti-tematici\/gioco-dazzardo\/relazione-sul-settore-giochi-contenuta-nel-documento-di-economia-e-finanza-def\/#primaryimage"},"image":{"@id":"https:\/\/welaikaadv.site\/avviso\/home\/cosa-facciamo\/informare\/documenti-tematici\/gioco-dazzardo\/relazione-sul-settore-giochi-contenuta-nel-documento-di-economia-e-finanza-def\/#primaryimage"},"thumbnailUrl":"https:\/\/welaikaadv.site\/avviso\/wp-content\/uploads\/2018\/10\/Tabella-Controlli-giochi-2012-2017-540x278.png","datePublished":"2018-10-17T11:25:06+00:00","breadcrumb":{"@id":"https:\/\/welaikaadv.site\/avviso\/home\/cosa-facciamo\/informare\/documenti-tematici\/gioco-dazzardo\/relazione-sul-settore-giochi-contenuta-nel-documento-di-economia-e-finanza-def\/#breadcrumb"},"inLanguage":"it-IT","potentialAction":[{"@type":"ReadAction","target":["https:\/\/welaikaadv.site\/avviso\/home\/cosa-facciamo\/informare\/documenti-tematici\/gioco-dazzardo\/relazione-sul-settore-giochi-contenuta-nel-documento-di-economia-e-finanza-def\/"]}]},{"@type":"ImageObject","inLanguage":"it-IT","@id":"https:\/\/welaikaadv.site\/avviso\/home\/cosa-facciamo\/informare\/documenti-tematici\/gioco-dazzardo\/relazione-sul-settore-giochi-contenuta-nel-documento-di-economia-e-finanza-def\/#primaryimage","url":"https:\/\/welaikaadv.site\/avviso\/wp-content\/uploads\/2018\/10\/Tabella-Controlli-giochi-2012-2017-540x278.png","contentUrl":"https:\/\/welaikaadv.site\/avviso\/wp-content\/uploads\/2018\/10\/Tabella-Controlli-giochi-2012-2017-540x278.png"},{"@type":"BreadcrumbList","@id":"https:\/\/welaikaadv.site\/avviso\/home\/cosa-facciamo\/informare\/documenti-tematici\/gioco-dazzardo\/relazione-sul-settore-giochi-contenuta-nel-documento-di-economia-e-finanza-def\/#breadcrumb","itemListElement":[{"@type":"ListItem","position":1,"name":"Home","item":"https:\/\/welaikaadv.site\/avviso\/"},{"@type":"ListItem","position":2,"name":"Relazione sul settore giochi contenuta nel Documento di Economia e Finanza (DEF)"}]},{"@type":"WebSite","@id":"https:\/\/welaikaadv.site\/avviso\/#website","url":"https:\/\/welaikaadv.site\/avviso\/","name":"Staging Avviso Pubblico","description":"","publisher":{"@id":"https:\/\/welaikaadv.site\/avviso\/#organization"},"potentialAction":[{"@type":"SearchAction","target":{"@type":"EntryPoint","urlTemplate":"https:\/\/welaikaadv.site\/avviso\/?s={search_term_string}"},"query-input":{"@type":"PropertyValueSpecification","valueRequired":true,"valueName":"search_term_string"}}],"inLanguage":"it-IT"},{"@type":"Organization","@id":"https:\/\/welaikaadv.site\/avviso\/#organization","name":"Staging Avviso Pubblico","url":"https:\/\/welaikaadv.site\/avviso\/","logo":{"@type":"ImageObject","inLanguage":"it-IT","@id":"https:\/\/welaikaadv.site\/avviso\/#\/schema\/logo\/image\/","url":"https:\/\/welaikaadv.site\/avviso\/wp-content\/uploads\/2024\/08\/logoAPsito-400.png","contentUrl":"https:\/\/welaikaadv.site\/avviso\/wp-content\/uploads\/2024\/08\/logoAPsito-400.png","width":400,"height":97,"caption":"Staging Avviso Pubblico"},"image":{"@id":"https:\/\/welaikaadv.site\/avviso\/#\/schema\/logo\/image\/"}}]}},"_links":{"self":[{"href":"https:\/\/welaikaadv.site\/avviso\/wp-json\/wp\/v2\/pages\/29014","targetHints":{"allow":["GET"]}}],"collection":[{"href":"https:\/\/welaikaadv.site\/avviso\/wp-json\/wp\/v2\/pages"}],"about":[{"href":"https:\/\/welaikaadv.site\/avviso\/wp-json\/wp\/v2\/types\/page"}],"author":[{"embeddable":true,"href":"https:\/\/welaikaadv.site\/avviso\/wp-json\/wp\/v2\/users\/1"}],"replies":[{"embeddable":true,"href":"https:\/\/welaikaadv.site\/avviso\/wp-json\/wp\/v2\/comments?post=29014"}],"version-history":[{"count":0,"href":"https:\/\/welaikaadv.site\/avviso\/wp-json\/wp\/v2\/pages\/29014\/revisions"}],"up":[{"embeddable":true,"href":"https:\/\/welaikaadv.site\/avviso\/wp-json\/wp\/v2\/pages\/202"}],"wp:attachment":[{"href":"https:\/\/welaikaadv.site\/avviso\/wp-json\/wp\/v2\/media?parent=29014"}],"curies":[{"name":"wp","href":"https:\/\/api.w.org\/{rel}","templated":true}]}}