{"id":29063,"date":"2018-10-19T09:56:10","date_gmt":"2018-10-19T07:56:10","guid":{"rendered":"https:\/\/www.avvisopubblico.it\/home\/?page_id=29063"},"modified":"2018-10-19T09:56:10","modified_gmt":"2018-10-19T07:56:10","slug":"prima-indagine-epidemiologica-dellistituto-superiore-di-sanita-sul-gioco-dazzardo-ottobre-2018","status":"publish","type":"page","link":"https:\/\/welaikaadv.site\/avviso\/home\/cosa-facciamo\/informare\/documenti-tematici\/gioco-dazzardo\/prima-indagine-epidemiologica-dellistituto-superiore-di-sanita-sul-gioco-dazzardo-ottobre-2018\/","title":{"rendered":"Prima indagine epidemiologica dell&#8217;Istituto Superiore di Sanit\u00e0 sul gioco d&#8217;azzardo (Ottobre 2018)"},"content":{"rendered":"<p><strong>Premessa<\/strong>. \u00c8 stata presentata a Roma il 18 ottobre 2018 <strong>la prima indagine epidemiologica sul gioco d\u2019azzardo in Italia realizzata dall\u2019Istituto Superiore di Sanit\u00e0 (ISS)<\/strong> nell\u2019ambito dell\u2019accordo scientifico con l\u2019Agenzia delle Dogane e Monopoli, volta a fornire un quadro ampio del fenomeno, prendendo in considerazione i diversi fattori che possono concorrere al sorgere di un comportamento problematico legato al giocare d\u2019azzardo. <strong>Focus specifici sono dedicati al tema del <em>gioco minorile<\/em> e degli <em>over 65<\/em><\/strong>, le categorie pi\u00f9 a rischio. Di seguito sintetizziamo i principali aspetti emersi in sede di presentazione della ricerca, rinviando per gli opportuni approfondimenti al momento in cui l\u2019ISS render\u00e0 disponibile ulteriore documentazione.<\/p>\n<p><strong>18 MILIONI E MEZZO DI GIOCATORI. <\/strong>Dall\u2019indagine condotta dall\u2019ISS emerge che in Italia i giocatori sono 18 milioni e 400mila <strong>(il 36.4% della popolazione maggiorenne)<\/strong>. Sono considerati tali coloro i quali hanno giocato almeno una volta d\u2019azzardo nei 12 mesi precedenti l\u2019indagine. Vi \u00e8 una prevalenza di uomini (10.500.000) rispetto alle donne (7.900.000). <strong>Si gioca d\u2019azzardo soprattutto tra i 40 e i 64 anni<\/strong> (il 41% dei maggiorenni in questa fascia d\u2019et\u00e0), ma si inizia molto prima, in genere tra i 18 e i 25 anni.<\/p>\n<p><strong>L\u20198% DEI GIOCATORI HA UN PROFILO PROBLEMATICO<\/strong>. Un milione e mezzo di questi giocatori ha un \u201cprofilo problematico\u201d, <strong>ovvero fatica a gestire il tempo da dedicare al gioco, a controllare quanto spende, alterando i comportamenti familiari e sociali<\/strong>. \u00a0Anche in questo caso c\u2019\u00e8 una propensione maggiore nel sesso maschile (il 3,6% della popolazione maggiorenne) rispetto al femminile (2,5%).<\/p>\n<p>Altri 1,4 milioni di giocatori sono considerati <strong>\u201ca rischio moderato\u201d<\/strong> \u2013 giocatori che avendo per la maggior parte del tempo uno o pi\u00f9 comportamenti dei giocatori problematici, potrebbero avere conseguenze negative &#8211; due milioni sono <strong>\u201ca basso rischio\u201d<\/strong> (atteggiamenti a rischio che si presentano in poche occasioni) e il restante \u00e8 definito <strong>\u201cgiocatore sociale\u201d<\/strong>, il cui approccio al gioco d\u2019azzardo \u00e8 a scopo definitivo ricreativo.<\/p>\n<p><strong>SI GIOCA MAGGIORMENTE AL CENTRO-NORD, MA SI RISCHIA DI PIU\u2019 NEL MEZZOGIORNO<\/strong>. L\u2019area geografica pi\u00f9 coinvolta \u00e8 il Centro (gioca il 42,7% dei maggiorenni), seguita dal Nord-Ovest (39,3%), dalle Isole (35,8%), dal Sud (33,8) e dal Nord-Est (29,3). <strong>Ma se prendiamo in considerazione i giocatori definiti problematici, la mappa si ribalta<\/strong>: la maggiore percentuale \u00e8 nelle Isole (il 5,8% della popolazione maggiorenne), seguita dal Sud (4,6%), il Nord-Ovest (3%), il Centro (1,7%) e il Nord-Est (0,8%).<\/p>\n<p><strong>COME E DOVE SI GIOCA<\/strong>. Lotterie istantanee, i cosiddetti \u201cGratta e Vinci\u201d, o in tempo reale (26,2% della popolazione maggiorenne), Lotto e alle Lotterie a esito differito (12,8%), giochi a totalizzatore (10,9%) \u2013 come il Superenalotto o il Win For Life \u2013 slot machine o AWP (7,4%) sono i pi\u00f9 diffusi. Anche in questo caso,<strong> quando consideriamo la fascia dei giocatori problematici, i risultati cambiano: <\/strong>oltre alle Lotterie istantanee (68% dei problematici), <strong>slot-machine <\/strong>(51,9%)<strong> e VideoLottery <\/strong>(33,6%), i famigerati \u201capparecchi da intrattenimento\u201d che raccolgono 50 miliardi di euro di giocate l\u2019anno, <strong>sono gli azzardi preferiti<\/strong>.<\/p>\n<p>Si gioca soprattutto dal tabaccaio (82,6%), al bar (61,8%) e nelle ricevitorie (26,9%). Tra i problematici aumenta la preferenza per il bar (70,6%) e per le Sale VLT (15,8% contro appena lo 0,5% degli altri giocatori). La ricerca evidenzia come <strong>i giocatori problematici prediligano i luoghi lontani da casa e dal lavoro, quelli che garantiscono una maggiore privacy e con un\u2019area fumatori.<\/strong><\/p>\n<p><strong>PERCHE\u2019 SI GIOCA. <\/strong>Molto interessanti i risultati della ricerca sulle motivazioni che spingono inizialmente al gioco, suddivise per tipologia di giocatori. Curiosit\u00e0 e divertimento sono le prime due motivazioni in tutte e quattro le tipologie. Ma <strong>tra i giocatori problematici, il 24.5% afferma di aver iniziato perch\u00e9 \u201cconvinto che al gioco si potesse vincere facilmente\u201d<\/strong>. La stessa motivazione \u00e8 al 29,8% tra i giocatori a rischio moderato contro l\u201911,2% dei giocatori sociali. Altra motivazione, strettamente legata alla precedente, \u00e8 <strong>\u201cl\u2019aver bisogno di soldi\u201d<\/strong>: il 14.8% tra i problematici, l\u201911% tra quelli a rischio moderato e appena il 2.1% tra i giocatori sociali.<\/p>\n<p><strong>ASPETTI ECONOMICI. <\/strong>La ricerca sottolinea come il giocatore problematico abbia ottenuto prestiti da parenti o amici (27,7%), da societ\u00e0 finanziarie (11,1%) o da privati (14,2%) in percentuale maggiore rispetto alle altre tipologie di giocatori e tale situazione si manifesta \u201c<strong>con percentuali crescenti all\u2019aumentare della gravit\u00e0 del comportamento di gioco<\/strong>\u201d.<\/p>\n<p><strong>GIOCO ILLEGALE. <\/strong>Altro aspetto interessante della ricerca \u00e8 relativo all\u2019accesso al gioco abusivo o illegale. \u201cNella popolazione adulta si osserva che nella pratica del gioco fisico<strong>, tra i giocatori problematici la percentuale di chi ha praticato gioco illegale \u00e8 doppia rispetto ai giocatori sociali<\/strong>. Nel gioco online la differenza \u00e8 tre volte maggiore\u201d.<\/p>\n<p><strong>GIOCO MINORILE. 673mila i minorenni della fascia d\u2019et\u00e0 14-17 anni<\/strong> che hanno avuto accesso al gioco d\u2019azzardo legale, pur non avendone i requisiti per legge. Un 14enne su 4 (il 24%) ha dichiarato di aver giocato almeno una volta. Percentuale che arriva al 35% tra i 17enni. Giocano molto di pi\u00f9 i ragazzi (486mila) rispetto alle ragazze (187mila). <strong>Il fenomeno \u00e8 pi\u00f9 presente al Sud<\/strong> (36,3% della fascia d\u2019et\u00e0 nell\u2019area geografica) e nelle Isole (29,9%). Seguono Centro (27,3%), Nord-Ovest (25,8%) e Nord-Est (20,2%). A cosa giocano? Prevalentemente Lotterie istantanee, scommesse sportive e virtuali, slot machine.<\/p>\n<p><strong>150 MILA STUDENTI A RISCHIO O PROBLEMATICI. <\/strong>Notevole la percentuale (10%, pari a 68.850) di problematici tra gli studenti, a cui si aggiungono altri 80mila ritenuti \u201ca rischio\u201d. La maggiore percentuale di problematici si concentra anche in questo caso al Sud e nelle Isole. Come negli adulti, anche nella fascia d\u2019et\u00e0 14-17 anni, si riscontra un\u2019associazione tra comportamento di gioco e stili di vita non salutari (fumo, consumo di alcool e altre sostanze). Altro <strong>aspetto estremamente allarmante \u00e8 l\u2019et\u00e0 di iniziazione al gioco<\/strong>: tra i problematici il 40% ha cominciato ad accedere all\u2019azzardo tra i 9 e i 12 anni. Sempre tra i problematici il 34% ha scelto di giocare in base ad una pubblicit\u00e0 vista o sentita (il 6,4% tra i giocatori sociali)<\/p>\n<p><strong>GLI OVER 65<\/strong>. Altra categoria considerata notoriamente a rischio \u00e8 quella degli anziani. Il 29.3% (tre milioni) ha giocato almeno una volta negli ultimi 12 mesi e i<strong>l 2% fra questi (circa 60mila) \u00e8 ritenuto problematico<\/strong>. \u201cL\u2019indagine ISS consente di osservare che sebbene i giochi d\u2019azzardo pi\u00f9 praticati nella fascia d\u2019et\u00e0 siano le lotterie istantanee, tra i problematici i pi\u00f9 diffusi sono slot machine, VLT e scommesse sportive\u201d.<\/p>\n<p><strong>IL NUMERO VERDE DELL\u2019ISS<\/strong>. Il 2 ottobre 2017 <strong>l\u2019ISS ha attivato un numero verde (800-558822)<\/strong> presso il Centro Nazionale Dipendenze e doping, nato per contrastare le dipendenze da gioco d\u2019azzardo. Il telefono <strong>\u00e8 gratuito, completamente anonimo, attivo dal luned\u00ec al venerd\u00ec, dalle ore 10 alle ore 16<\/strong>. Nel primo anno di attivit\u00e0 ha ricevuto oltre 2mila chiamate provenienti principalmente dal Lazio, dalla Lombardia, dalla Campania e dalla Puglia. A chiamare sono soprattutto i familiari dei giocatori che chiedono informazioni su come aiutare i propri cari a smettere.<\/p>\n<p>&nbsp;<\/p>\n<p style=\"text-align: left;\"><em>(a cura di <a href=\"mailto:claudio.forleo@avvisopubblico.it\"><strong>Claudio Forleo<\/strong><\/a>, giornalista)<\/em><\/p>\n","protected":false},"excerpt":{"rendered":"<p>Premessa. \u00c8 stata presentata a Roma il 18 ottobre 2018 la prima indagine epidemiologica sul gioco d\u2019azzardo in Italia realizzata dall\u2019Istituto Superiore di Sanit\u00e0 (ISS)&nbsp;<span class=\"hellipsis\">[&hellip;]<\/span><a class=\"more-link\" href=\"https:\/\/welaikaadv.site\/avviso\/home\/cosa-facciamo\/informare\/documenti-tematici\/gioco-dazzardo\/prima-indagine-epidemiologica-dellistituto-superiore-di-sanita-sul-gioco-dazzardo-ottobre-2018\/\">Leggi tutto <span class=\"screen-reader-text\">Prima indagine epidemiologica dell&#8217;Istituto Superiore di Sanit\u00e0 sul gioco d&#8217;azzardo (Ottobre 2018)<\/span> <span class=\"meta-nav\" aria-hidden=\"true\">&rarr;<\/span><\/a><\/p>\n","protected":false},"author":1,"featured_media":0,"parent":202,"menu_order":0,"comment_status":"closed","ping_status":"closed","template":"","meta":{"_acf_changed":false,"_exactmetrics_skip_tracking":false,"_exactmetrics_sitenote_active":false,"_exactmetrics_sitenote_note":"","_exactmetrics_sitenote_category":0,"wp_social_preview_title":"","wp_social_preview_description":"","wp_social_preview_image":0,"footnotes":""},"class_list":["post-29063","page","type-page","status-publish","hentry"],"acf":[],"yoast_head":"<!-- This site is optimized with the Yoast SEO plugin v27.2 - https:\/\/yoast.com\/product\/yoast-seo-wordpress\/ -->\n<title>Prima indagine epidemiologica dell&#039;Istituto Superiore di Sanit\u00e0 sul gioco d&#039;azzardo (Ottobre 2018) - Staging Avviso Pubblico<\/title>\n<meta name=\"robots\" content=\"noindex, follow, max-snippet:-1, max-image-preview:large, max-video-preview:-1\" \/>\n<meta property=\"og:locale\" content=\"it_IT\" \/>\n<meta property=\"og:type\" content=\"article\" \/>\n<meta property=\"og:title\" content=\"Prima indagine epidemiologica dell&#039;Istituto Superiore di Sanit\u00e0 sul gioco d&#039;azzardo (Ottobre 2018) - Staging Avviso Pubblico\" \/>\n<meta property=\"og:description\" content=\"Premessa. \u00c8 stata presentata a Roma il 18 ottobre 2018 la prima indagine epidemiologica sul gioco d\u2019azzardo in Italia realizzata dall\u2019Istituto Superiore di Sanit\u00e0 (ISS)&nbsp;[&hellip;]Leggi tutto Prima indagine epidemiologica dell&#8217;Istituto Superiore di Sanit\u00e0 sul gioco d&#8217;azzardo (Ottobre 2018) &rarr;\" \/>\n<meta property=\"og:url\" content=\"https:\/\/welaikaadv.site\/avviso\/home\/cosa-facciamo\/informare\/documenti-tematici\/gioco-dazzardo\/prima-indagine-epidemiologica-dellistituto-superiore-di-sanita-sul-gioco-dazzardo-ottobre-2018\/\" \/>\n<meta property=\"og:site_name\" content=\"Staging Avviso Pubblico\" \/>\n<meta name=\"twitter:card\" content=\"summary_large_image\" \/>\n<meta name=\"twitter:label1\" content=\"Tempo di lettura stimato\" \/>\n\t<meta name=\"twitter:data1\" content=\"5 minuti\" \/>\n<script type=\"application\/ld+json\" class=\"yoast-schema-graph\">{\"@context\":\"https:\/\/schema.org\",\"@graph\":[{\"@type\":\"WebPage\",\"@id\":\"https:\/\/welaikaadv.site\/avviso\/home\/cosa-facciamo\/informare\/documenti-tematici\/gioco-dazzardo\/prima-indagine-epidemiologica-dellistituto-superiore-di-sanita-sul-gioco-dazzardo-ottobre-2018\/\",\"url\":\"https:\/\/welaikaadv.site\/avviso\/home\/cosa-facciamo\/informare\/documenti-tematici\/gioco-dazzardo\/prima-indagine-epidemiologica-dellistituto-superiore-di-sanita-sul-gioco-dazzardo-ottobre-2018\/\",\"name\":\"Prima indagine epidemiologica dell'Istituto Superiore di Sanit\u00e0 sul gioco d'azzardo (Ottobre 2018) - Staging Avviso Pubblico\",\"isPartOf\":{\"@id\":\"https:\/\/welaikaadv.site\/avviso\/#website\"},\"datePublished\":\"2018-10-19T07:56:10+00:00\",\"breadcrumb\":{\"@id\":\"https:\/\/welaikaadv.site\/avviso\/home\/cosa-facciamo\/informare\/documenti-tematici\/gioco-dazzardo\/prima-indagine-epidemiologica-dellistituto-superiore-di-sanita-sul-gioco-dazzardo-ottobre-2018\/#breadcrumb\"},\"inLanguage\":\"it-IT\",\"potentialAction\":[{\"@type\":\"ReadAction\",\"target\":[\"https:\/\/welaikaadv.site\/avviso\/home\/cosa-facciamo\/informare\/documenti-tematici\/gioco-dazzardo\/prima-indagine-epidemiologica-dellistituto-superiore-di-sanita-sul-gioco-dazzardo-ottobre-2018\/\"]}]},{\"@type\":\"BreadcrumbList\",\"@id\":\"https:\/\/welaikaadv.site\/avviso\/home\/cosa-facciamo\/informare\/documenti-tematici\/gioco-dazzardo\/prima-indagine-epidemiologica-dellistituto-superiore-di-sanita-sul-gioco-dazzardo-ottobre-2018\/#breadcrumb\",\"itemListElement\":[{\"@type\":\"ListItem\",\"position\":1,\"name\":\"Home\",\"item\":\"https:\/\/welaikaadv.site\/avviso\/\"},{\"@type\":\"ListItem\",\"position\":2,\"name\":\"Prima indagine epidemiologica dell&#8217;Istituto Superiore di Sanit\u00e0 sul gioco d&#8217;azzardo (Ottobre 2018)\"}]},{\"@type\":\"WebSite\",\"@id\":\"https:\/\/welaikaadv.site\/avviso\/#website\",\"url\":\"https:\/\/welaikaadv.site\/avviso\/\",\"name\":\"Staging Avviso Pubblico\",\"description\":\"\",\"publisher\":{\"@id\":\"https:\/\/welaikaadv.site\/avviso\/#organization\"},\"potentialAction\":[{\"@type\":\"SearchAction\",\"target\":{\"@type\":\"EntryPoint\",\"urlTemplate\":\"https:\/\/welaikaadv.site\/avviso\/?s={search_term_string}\"},\"query-input\":{\"@type\":\"PropertyValueSpecification\",\"valueRequired\":true,\"valueName\":\"search_term_string\"}}],\"inLanguage\":\"it-IT\"},{\"@type\":\"Organization\",\"@id\":\"https:\/\/welaikaadv.site\/avviso\/#organization\",\"name\":\"Staging Avviso Pubblico\",\"url\":\"https:\/\/welaikaadv.site\/avviso\/\",\"logo\":{\"@type\":\"ImageObject\",\"inLanguage\":\"it-IT\",\"@id\":\"https:\/\/welaikaadv.site\/avviso\/#\/schema\/logo\/image\/\",\"url\":\"https:\/\/welaikaadv.site\/avviso\/wp-content\/uploads\/2024\/08\/logoAPsito-400.png\",\"contentUrl\":\"https:\/\/welaikaadv.site\/avviso\/wp-content\/uploads\/2024\/08\/logoAPsito-400.png\",\"width\":400,\"height\":97,\"caption\":\"Staging Avviso Pubblico\"},\"image\":{\"@id\":\"https:\/\/welaikaadv.site\/avviso\/#\/schema\/logo\/image\/\"}}]}<\/script>\n<!-- \/ Yoast SEO plugin. -->","yoast_head_json":{"title":"Prima indagine epidemiologica dell'Istituto Superiore di Sanit\u00e0 sul gioco d'azzardo (Ottobre 2018) - Staging Avviso Pubblico","robots":{"index":"noindex","follow":"follow","max-snippet":"max-snippet:-1","max-image-preview":"max-image-preview:large","max-video-preview":"max-video-preview:-1"},"og_locale":"it_IT","og_type":"article","og_title":"Prima indagine epidemiologica dell'Istituto Superiore di Sanit\u00e0 sul gioco d'azzardo (Ottobre 2018) - Staging Avviso Pubblico","og_description":"Premessa. \u00c8 stata presentata a Roma il 18 ottobre 2018 la prima indagine epidemiologica sul gioco d\u2019azzardo in Italia realizzata dall\u2019Istituto Superiore di Sanit\u00e0 (ISS)&nbsp;[&hellip;]Leggi tutto Prima indagine epidemiologica dell&#8217;Istituto Superiore di Sanit\u00e0 sul gioco d&#8217;azzardo (Ottobre 2018) &rarr;","og_url":"https:\/\/welaikaadv.site\/avviso\/home\/cosa-facciamo\/informare\/documenti-tematici\/gioco-dazzardo\/prima-indagine-epidemiologica-dellistituto-superiore-di-sanita-sul-gioco-dazzardo-ottobre-2018\/","og_site_name":"Staging Avviso Pubblico","twitter_card":"summary_large_image","twitter_misc":{"Tempo di lettura stimato":"5 minuti"},"schema":{"@context":"https:\/\/schema.org","@graph":[{"@type":"WebPage","@id":"https:\/\/welaikaadv.site\/avviso\/home\/cosa-facciamo\/informare\/documenti-tematici\/gioco-dazzardo\/prima-indagine-epidemiologica-dellistituto-superiore-di-sanita-sul-gioco-dazzardo-ottobre-2018\/","url":"https:\/\/welaikaadv.site\/avviso\/home\/cosa-facciamo\/informare\/documenti-tematici\/gioco-dazzardo\/prima-indagine-epidemiologica-dellistituto-superiore-di-sanita-sul-gioco-dazzardo-ottobre-2018\/","name":"Prima indagine epidemiologica dell'Istituto Superiore di Sanit\u00e0 sul gioco d'azzardo (Ottobre 2018) - Staging Avviso Pubblico","isPartOf":{"@id":"https:\/\/welaikaadv.site\/avviso\/#website"},"datePublished":"2018-10-19T07:56:10+00:00","breadcrumb":{"@id":"https:\/\/welaikaadv.site\/avviso\/home\/cosa-facciamo\/informare\/documenti-tematici\/gioco-dazzardo\/prima-indagine-epidemiologica-dellistituto-superiore-di-sanita-sul-gioco-dazzardo-ottobre-2018\/#breadcrumb"},"inLanguage":"it-IT","potentialAction":[{"@type":"ReadAction","target":["https:\/\/welaikaadv.site\/avviso\/home\/cosa-facciamo\/informare\/documenti-tematici\/gioco-dazzardo\/prima-indagine-epidemiologica-dellistituto-superiore-di-sanita-sul-gioco-dazzardo-ottobre-2018\/"]}]},{"@type":"BreadcrumbList","@id":"https:\/\/welaikaadv.site\/avviso\/home\/cosa-facciamo\/informare\/documenti-tematici\/gioco-dazzardo\/prima-indagine-epidemiologica-dellistituto-superiore-di-sanita-sul-gioco-dazzardo-ottobre-2018\/#breadcrumb","itemListElement":[{"@type":"ListItem","position":1,"name":"Home","item":"https:\/\/welaikaadv.site\/avviso\/"},{"@type":"ListItem","position":2,"name":"Prima indagine epidemiologica dell&#8217;Istituto Superiore di Sanit\u00e0 sul gioco d&#8217;azzardo (Ottobre 2018)"}]},{"@type":"WebSite","@id":"https:\/\/welaikaadv.site\/avviso\/#website","url":"https:\/\/welaikaadv.site\/avviso\/","name":"Staging Avviso Pubblico","description":"","publisher":{"@id":"https:\/\/welaikaadv.site\/avviso\/#organization"},"potentialAction":[{"@type":"SearchAction","target":{"@type":"EntryPoint","urlTemplate":"https:\/\/welaikaadv.site\/avviso\/?s={search_term_string}"},"query-input":{"@type":"PropertyValueSpecification","valueRequired":true,"valueName":"search_term_string"}}],"inLanguage":"it-IT"},{"@type":"Organization","@id":"https:\/\/welaikaadv.site\/avviso\/#organization","name":"Staging Avviso Pubblico","url":"https:\/\/welaikaadv.site\/avviso\/","logo":{"@type":"ImageObject","inLanguage":"it-IT","@id":"https:\/\/welaikaadv.site\/avviso\/#\/schema\/logo\/image\/","url":"https:\/\/welaikaadv.site\/avviso\/wp-content\/uploads\/2024\/08\/logoAPsito-400.png","contentUrl":"https:\/\/welaikaadv.site\/avviso\/wp-content\/uploads\/2024\/08\/logoAPsito-400.png","width":400,"height":97,"caption":"Staging Avviso Pubblico"},"image":{"@id":"https:\/\/welaikaadv.site\/avviso\/#\/schema\/logo\/image\/"}}]}},"_links":{"self":[{"href":"https:\/\/welaikaadv.site\/avviso\/wp-json\/wp\/v2\/pages\/29063","targetHints":{"allow":["GET"]}}],"collection":[{"href":"https:\/\/welaikaadv.site\/avviso\/wp-json\/wp\/v2\/pages"}],"about":[{"href":"https:\/\/welaikaadv.site\/avviso\/wp-json\/wp\/v2\/types\/page"}],"author":[{"embeddable":true,"href":"https:\/\/welaikaadv.site\/avviso\/wp-json\/wp\/v2\/users\/1"}],"replies":[{"embeddable":true,"href":"https:\/\/welaikaadv.site\/avviso\/wp-json\/wp\/v2\/comments?post=29063"}],"version-history":[{"count":0,"href":"https:\/\/welaikaadv.site\/avviso\/wp-json\/wp\/v2\/pages\/29063\/revisions"}],"up":[{"embeddable":true,"href":"https:\/\/welaikaadv.site\/avviso\/wp-json\/wp\/v2\/pages\/202"}],"wp:attachment":[{"href":"https:\/\/welaikaadv.site\/avviso\/wp-json\/wp\/v2\/media?parent=29063"}],"curies":[{"name":"wp","href":"https:\/\/api.w.org\/{rel}","templated":true}]}}