{"id":29553,"date":"2018-11-20T09:14:22","date_gmt":"2018-11-20T08:14:22","guid":{"rendered":"https:\/\/www.avvisopubblico.it\/home\/?page_id=29553"},"modified":"2018-11-20T09:14:22","modified_gmt":"2018-11-20T08:14:22","slug":"limposizione-delle-ditte-subfornitrici-come-strumento-dellinfiltrazione-mafiosa","status":"publish","type":"page","link":"https:\/\/welaikaadv.site\/avviso\/home\/cosa-facciamo\/informare\/documenti-tematici\/corruzione-appalti\/limposizione-delle-ditte-subfornitrici-come-strumento-dellinfiltrazione-mafiosa\/","title":{"rendered":"L\u2019imposizione delle ditte subfornitrici come strumento dell\u2019infiltrazione mafiosa"},"content":{"rendered":"<p><strong>Il principio<\/strong><\/p>\n<p>Le organizzazioni mafiose riescono ad imporsi attraverso le estorsioni per l&#8217;accaparramento di opere nel campo dell&#8217;edilizia e mediante l\u2019imposizione delle proprie ditte nel settore degli appalti pubblici da realizzare sul proprio territorio. \u00c8 questo il principio affermato dalla <strong>quinta sezione della Cassazione penale con la sentenza n. 51746 pubblicata il 16 novembre 2018.<\/strong><\/p>\n<p><span style=\"text-decoration: underline;\"><em><strong>Il caso<\/strong><\/em><\/span><\/p>\n<p>Il Tribunale della libert\u00e0 di Reggio Calabria rigettava una richiesta di riesame avanzata da un imputato avverso il provvedimento emesso dal Gip con il quale un indagato era stato sottoposto alla misura della custodia cautelare a causa della partecipazione, nella veste di promotore ed organizzatore, al sodalizio di tipo mafioso denominato \u201cSposato-Tallarida\u201d, cosca appartenente ad un\u2019articolazione territoriale della &#8216;ndrangheta calabrese operante nel territorio di Taurianova e nelle zone limitrofe. Secondo l&#8217;ipotesi accusatoria, l\u2019imputato aveva assunto, all&#8217;interno della predetta cosca Sposato-Tallarida, importanti compiti di decisione e di pianificazione delle attivit\u00e0 criminali da compiere e degli obiettivi da perseguire con riferimento all&#8217;intera organizzazione criminale, nel settore delle estorsioni, delle intestazioni fittizie di beni e per l&#8217;aggiudicazione degli appalti pubblici e privati. Altre contestazioni riguardavano anche il presunto concorso dell\u2019imputato in un\u2019estorsione commessa in danno di un\u2019impresa operante nel settore degli appalti pubblici, i cui titolari erano stati costretti ad effettuare l\u2019acquisto delle merci \u2013 necessarie per la realizzazione di alcuni lavori pubblici che erano stati affidati alla medesima impresa appaltatrice \u2013 presso alcune aziende riconducibili alla famiglia dell&#8217;indagato. Quest\u2019ultimo era infine accusato di aver realizzato attivit\u00e0 di intestazione fittizia di alcune societ\u00e0, i cui titolari sembravano essere, formalmente, altri soggetti: si trattava, in particolare, di un\u2019impresa di conglomerati cementizi, di un\u2019impresa edile, di un esercizio di vendita di generi alimentari e di una ditta di commercio all&#8217;ingrosso di materiali di costruzione.<\/p>\n<p>Contro il provvedimento cautelare il ricorrente aveva proposto ricorso ma, con la pronuncia in esame, la Corte di Cassazione dichiara il gravame inammissibile e condanna il ricorrente al pagamento di \u2026.. a favore della Cassa delle Ammende.<\/p>\n<p><span style=\"text-decoration: underline;\"><em><strong>I motivi del ricorso<\/strong><\/em><\/span><\/p>\n<p>Avanti alla Corte di Cassazione era stata lamentata, in particolare, la presunta erronea applicazione della legge penale sotto il profilo della gravit\u00e0 indiziaria per il reato di associazione di tipo mafioso punito ai sensi dell&#8217;art. 416-bis del codice penale: secondo la difesa dell\u2019indagato, addirittura, non era stato nemmeno dimostrato il fatto che la cosca Sposato-Tallarida esistesse realmente in quanto dagli atti sembrava emergere che:<\/p>\n<ul>\n<li>gli interessi dell\u2019associazione mafiosa non si erano mai concretizzati su uno specifico settore di interesse ma, al pi\u00f9, vi erano stati dei progetti per la riqualificazione per la gestione del cimitero comunale, che non erano tuttavia stati realmente realizzati dall\u2019indagato e dai suoi sodali;<\/li>\n<li>non era stata riscontrata l&#8217;effettiva esistenza di un clima di omert\u00e0 derivante da un reale ed effettivo dominio degli Sposato all\u2019interno dell\u2019ambito territoriale di Taurianova e non erano emersi elementi che potessero realmente dimostrare come la cosca degli Sposato sarebbe stata in grado di condizionare il mercato di quella zona;<\/li>\n<li>l&#8217;indagato aveva instaurato ed aveva poi mantenuto legami con la predetta cosca a causa nei suoi rapporti di parentela con alcuni dei relativi affiliati, senza che ci\u00f2 potesse costituire, di per s\u00e9, il presupposto per la configurabilit\u00e0 di un reale ed adeguato quadro di gravita indiziaria in relazione agli addebiti ex art. 416-bis;<\/li>\n<li>la presunta estorsione commessa in danno di un\u2019impresa operante nel settore degli appalti pubblici avrebbe dovuto essere in realt\u00e0 \u201cridimensionata\u201d, tenuto conto del fatto che, a fronte dell\u2019un appalto aggiudicato all\u2019impresa estorta per un corrispettivo di circa 120.000,00 euro, l\u2019indagato si sarebbe dovuto \u201caccontentare\u201d di imporre una fornitura del tutto modesta, per l\u2019importo complessivo di soli 1.500,00 euro (importo nel quale \u2013 aggiunge la difesa dell\u2019indagato \u2013 era ovviamente ricompreso anche il costo del materiale fornito e delle correlative spese accessorie): alla luce dell\u2019esiguit\u00e0 dell\u2019importo estorto \u2013 se paragonato all\u2019importo complessivo della commessa aggiudicata all\u2019impresa costretta a ricorrere alle imprese vicine alla cosca \u2013 sarebbe derivata la sostanziale irrilevanza dell\u2019episodio, e ci\u00f2 al di l\u00e0 del tono &#8220;tracotante&#8221; utilizzato dall\u2019indagato in alcuni dei colloqui intercettati dalle Forze dell\u2019ordine;<\/li>\n<li>colui che aveva svolto le funzioni di intermediario tra l\u2019indagato e l\u2019impresa estorta aveva peraltro ricevuto dal medesimo indagato soltanto un \u201caccenno\u201d alla volont\u00e0 di rifornire quell\u2019appaltatore, accenno espresso nel corso di un incontro del tutto casuale di cui l\u2019intermediario non avrebbe tuttavia fatto reale cenno n\u00e9 all\u2019impresa estorta n\u00e9 ad altri;<\/li>\n<li>tutti i membri della famiglia Sposato, compreso l&#8217;indagato, risultavano essere titolari di imprese, il che sarebbe valso ad escludere \u2013 ancora secondo la tesi del ricorrente \u2013\u00a0\u00a0l\u2019esistenza di una reale volont\u00e0 fraudolenta volta ad intestare fittiziamente questa o quell\u2019impresa ad alcuni familiari piuttosto che ad altri.<\/li>\n<\/ul>\n<p><span style=\"text-decoration: underline;\"><em><strong>La decisione<\/strong><\/em><\/span><\/p>\n<p>Con la pronuncia in rassegna, come accennato, la Corte di Cassazione dichiara il ricorso inammissibile, rilevando, in primo luogo, che la configurabilit\u00e0 dell&#8217;associazione di tipo mafioso, come pure dei \u201creati fine\u201d la cui commissione era stata ipotizzata dagli inquirenti, riguardava profili di puro merito che non avrebbero potuto essere sindacati da parte della medesima Cassazione: ed infatti, il Tribunale, riprendendo gli elementi gi\u00e0 posti in luce dal Gip all\u2019interno dell&#8217;ordinanza con la quale era stata disposta la custodia in carcere, aveva diffusamente chiarito come il gruppo facente capo alla famiglie Sposato e Tailarida costituisse, nei fatti, una costola dell&#8217;associazione Fazzalari-Zagari-Viola ed aveva\u00a0\u00a0documentato l\u2019esistenza di episodi \u2013 compresi fatti di sangue \u2013 che risultavano essere oggettivamente indicativi del prestigio criminale acquisito dall\u2019indagato e dalla sua consorteria familiare nell&#8217;area di Taurianova: era stata quindi efficacemente dimostrata l\u2019esistenza di una radicata tendenza del predetto gruppo criminale ad \u201ceffettuare estorsioni per l&#8217;accaparramento di opere nel campo dell&#8217;edilizia\u201d nonch\u00e9 ad imporre \u201cle proprie ditte nel settore degli appalti espletati sul territorio\u201d, riuscendo in tal modo \u201cad infiltrarsi nei gangli della pubblica amministrazione\u201d.<\/p>\n<p>Anche la vicenda del progetto di gestione del cimitero comunale era stata ricostruita dal Gip \u2013 ed era stata confermata dal Tribunale \u2013 mediante una precisa indicazione dei dettagli e dei relativi particolari ed aveva efficacemente evidenziato come il progetto degli Sposato di acquisire la predetta concessione aveva ricevuto dapprima l&#8217;avallo dell&#8217;amministrazione comunale originariamente in carica (che, a tali fini, non aveva bandito, intenzionalmente, la relativa gara pubblica) ed era stato poi bloccato dalla Giunta comunale successivamente eletta, con la conseguenza che si erano verificate talora attivit\u00e0 di intimidazione e, in altri casi, pressioni politiche mosse, all\u2019interno della maggioranza comunale, da parte di componenti e di affiliati alla predetta cosca mafiosa.<\/p>\n<p>Parimenti \u2013 prosegue la Suprema Corte \u2013 nei provvedimenti impugnati erano state puntualmente rappresentate alcune violente esternazioni verbali dell&#8217;indagato (indicative di ben pi\u00f9 di una mera tracotanza di carattere) volte a far s\u00ec che l&#8217;impresa estorta si approvvigionasse, forzosamente, di cemento e di altri materiali dalle ditte vicine alla cosca mafiosa: non appariva pertanto rilevante, sotto tale profilo, il valore asseritamente modesto delle forniture imposte all\u2019impresa estorta poich\u00e9, al contrario, proprio l\u2019esiguit\u00e0 delle subforniture imposte all\u2019impresa appaltatrice dimostrava la tendenza del clan a non tollerare alcuna intromissioni degli appalti da realizzare all\u2019interno del \u201cproprio\u201d territorio.<\/p>\n<p>Infine, bench\u00e9 tutti i soggetti formalmente intestatari delle imprese ritenute di fatto riferibili all&#8217;indagato fossero stati comunque stabilmente impegnati in autentiche attivit\u00e0 imprenditoriali \u2013 cos\u00ec come asserito da parte ricorrente \u2013 nondimeno le numerose risultanze derivanti dalle conversazioni intercettate riferite nella motivazione dell&#8217;ordinanza impugnata avevano consentito di identificare l\u2019indagato come il reale \u201cdominus\u201d e gestore di tutte le predette societ\u00e0, considerato che era quest\u2019ultimo a gestire, in via esclusiva, i rapporti con clienti, fornitori e banche, ad istruire i congiunti sulle operazioni da realizzare (sia sotto il profilo della logistica, sia per quanto concerne la concreta realizzazione delle diverse attivit\u00e0), ed a fornire ai vari congiunti le indicazioni circa la gestione quotidiana dei mezzi e degli operai, nonch\u00e9 ad effettuare i pagamenti mediante l\u2019utilizzo del libretto degli assegni e, da ultimo, a stabilire prezzi e commesse interfacciandosi con i consulenti esterni: in tale contesto, gli altri familiari, pur essendo formalmente intestatari delle varie societ\u00e0, erano dunque apparsi quali meri \u201cprestatori d&#8217;opera\u201d, privi di qualsivoglia autonomia decisionale ed operativa e risultavano essere strettamente vincolati al rispetto delle disposizioni impartite dall\u2019indagato, il quale, al contrario, aveva di fatto rivestito il ruolo di reale gestore delle varie societ\u00e0.<\/p>\n<p style=\"text-align: right;\"><em>(a cura della dott.ssa\u00a0<strong>Ilenia Filippetti<\/strong><\/em><em>,<br \/>\n<\/em><em>Responsabile Sezione Provveditorato della Regione Umbria, Presidente di Forum Appalti)<\/em><\/p>\n<p style=\"text-align: left;\"><em>\u00a0<\/em><\/p>\n","protected":false},"excerpt":{"rendered":"<p>Il principio Le organizzazioni mafiose riescono ad imporsi attraverso le estorsioni per l&#8217;accaparramento di opere nel campo dell&#8217;edilizia e mediante l\u2019imposizione delle proprie ditte nel&nbsp;<span class=\"hellipsis\">[&hellip;]<\/span><a class=\"more-link\" href=\"https:\/\/welaikaadv.site\/avviso\/home\/cosa-facciamo\/informare\/documenti-tematici\/corruzione-appalti\/limposizione-delle-ditte-subfornitrici-come-strumento-dellinfiltrazione-mafiosa\/\">Leggi tutto <span class=\"screen-reader-text\">L\u2019imposizione delle ditte subfornitrici come strumento dell\u2019infiltrazione mafiosa<\/span> <span class=\"meta-nav\" aria-hidden=\"true\">&rarr;<\/span><\/a><\/p>\n","protected":false},"author":1,"featured_media":0,"parent":198,"menu_order":0,"comment_status":"closed","ping_status":"closed","template":"","meta":{"_acf_changed":false,"_exactmetrics_skip_tracking":false,"_exactmetrics_sitenote_active":false,"_exactmetrics_sitenote_note":"","_exactmetrics_sitenote_category":0,"wp_social_preview_title":"","wp_social_preview_description":"","wp_social_preview_image":0,"footnotes":""},"class_list":["post-29553","page","type-page","status-publish","hentry"],"acf":[],"yoast_head":"<!-- This site is optimized with the Yoast SEO plugin v27.2 - https:\/\/yoast.com\/product\/yoast-seo-wordpress\/ -->\n<title>L\u2019imposizione delle ditte subfornitrici come strumento dell\u2019infiltrazione mafiosa - Staging Avviso Pubblico<\/title>\n<meta name=\"robots\" content=\"noindex, follow, max-snippet:-1, max-image-preview:large, max-video-preview:-1\" \/>\n<meta property=\"og:locale\" content=\"it_IT\" \/>\n<meta property=\"og:type\" content=\"article\" \/>\n<meta property=\"og:title\" content=\"L\u2019imposizione delle ditte subfornitrici come strumento dell\u2019infiltrazione mafiosa - Staging Avviso Pubblico\" \/>\n<meta property=\"og:description\" content=\"Il principio Le organizzazioni mafiose riescono ad imporsi attraverso le estorsioni per l&#8217;accaparramento di opere nel campo dell&#8217;edilizia e mediante l\u2019imposizione delle proprie ditte nel&nbsp;[&hellip;]Leggi tutto L\u2019imposizione delle ditte subfornitrici come strumento dell\u2019infiltrazione mafiosa &rarr;\" \/>\n<meta property=\"og:url\" content=\"https:\/\/welaikaadv.site\/avviso\/home\/cosa-facciamo\/informare\/documenti-tematici\/corruzione-appalti\/limposizione-delle-ditte-subfornitrici-come-strumento-dellinfiltrazione-mafiosa\/\" \/>\n<meta property=\"og:site_name\" content=\"Staging Avviso Pubblico\" \/>\n<meta name=\"twitter:card\" content=\"summary_large_image\" \/>\n<meta name=\"twitter:label1\" content=\"Tempo di lettura stimato\" \/>\n\t<meta name=\"twitter:data1\" content=\"7 minuti\" \/>\n<script type=\"application\/ld+json\" class=\"yoast-schema-graph\">{\"@context\":\"https:\/\/schema.org\",\"@graph\":[{\"@type\":\"WebPage\",\"@id\":\"https:\/\/welaikaadv.site\/avviso\/home\/cosa-facciamo\/informare\/documenti-tematici\/corruzione-appalti\/limposizione-delle-ditte-subfornitrici-come-strumento-dellinfiltrazione-mafiosa\/\",\"url\":\"https:\/\/welaikaadv.site\/avviso\/home\/cosa-facciamo\/informare\/documenti-tematici\/corruzione-appalti\/limposizione-delle-ditte-subfornitrici-come-strumento-dellinfiltrazione-mafiosa\/\",\"name\":\"L\u2019imposizione delle ditte subfornitrici come strumento dell\u2019infiltrazione mafiosa - Staging Avviso Pubblico\",\"isPartOf\":{\"@id\":\"https:\/\/welaikaadv.site\/avviso\/#website\"},\"datePublished\":\"2018-11-20T08:14:22+00:00\",\"breadcrumb\":{\"@id\":\"https:\/\/welaikaadv.site\/avviso\/home\/cosa-facciamo\/informare\/documenti-tematici\/corruzione-appalti\/limposizione-delle-ditte-subfornitrici-come-strumento-dellinfiltrazione-mafiosa\/#breadcrumb\"},\"inLanguage\":\"it-IT\",\"potentialAction\":[{\"@type\":\"ReadAction\",\"target\":[\"https:\/\/welaikaadv.site\/avviso\/home\/cosa-facciamo\/informare\/documenti-tematici\/corruzione-appalti\/limposizione-delle-ditte-subfornitrici-come-strumento-dellinfiltrazione-mafiosa\/\"]}]},{\"@type\":\"BreadcrumbList\",\"@id\":\"https:\/\/welaikaadv.site\/avviso\/home\/cosa-facciamo\/informare\/documenti-tematici\/corruzione-appalti\/limposizione-delle-ditte-subfornitrici-come-strumento-dellinfiltrazione-mafiosa\/#breadcrumb\",\"itemListElement\":[{\"@type\":\"ListItem\",\"position\":1,\"name\":\"Home\",\"item\":\"https:\/\/welaikaadv.site\/avviso\/\"},{\"@type\":\"ListItem\",\"position\":2,\"name\":\"L\u2019imposizione delle ditte subfornitrici come strumento dell\u2019infiltrazione mafiosa\"}]},{\"@type\":\"WebSite\",\"@id\":\"https:\/\/welaikaadv.site\/avviso\/#website\",\"url\":\"https:\/\/welaikaadv.site\/avviso\/\",\"name\":\"Staging Avviso Pubblico\",\"description\":\"\",\"publisher\":{\"@id\":\"https:\/\/welaikaadv.site\/avviso\/#organization\"},\"potentialAction\":[{\"@type\":\"SearchAction\",\"target\":{\"@type\":\"EntryPoint\",\"urlTemplate\":\"https:\/\/welaikaadv.site\/avviso\/?s={search_term_string}\"},\"query-input\":{\"@type\":\"PropertyValueSpecification\",\"valueRequired\":true,\"valueName\":\"search_term_string\"}}],\"inLanguage\":\"it-IT\"},{\"@type\":\"Organization\",\"@id\":\"https:\/\/welaikaadv.site\/avviso\/#organization\",\"name\":\"Staging Avviso Pubblico\",\"url\":\"https:\/\/welaikaadv.site\/avviso\/\",\"logo\":{\"@type\":\"ImageObject\",\"inLanguage\":\"it-IT\",\"@id\":\"https:\/\/welaikaadv.site\/avviso\/#\/schema\/logo\/image\/\",\"url\":\"https:\/\/welaikaadv.site\/avviso\/wp-content\/uploads\/2024\/08\/logoAPsito-400.png\",\"contentUrl\":\"https:\/\/welaikaadv.site\/avviso\/wp-content\/uploads\/2024\/08\/logoAPsito-400.png\",\"width\":400,\"height\":97,\"caption\":\"Staging Avviso Pubblico\"},\"image\":{\"@id\":\"https:\/\/welaikaadv.site\/avviso\/#\/schema\/logo\/image\/\"}}]}<\/script>\n<!-- \/ Yoast SEO plugin. -->","yoast_head_json":{"title":"L\u2019imposizione delle ditte subfornitrici come strumento dell\u2019infiltrazione mafiosa - Staging Avviso Pubblico","robots":{"index":"noindex","follow":"follow","max-snippet":"max-snippet:-1","max-image-preview":"max-image-preview:large","max-video-preview":"max-video-preview:-1"},"og_locale":"it_IT","og_type":"article","og_title":"L\u2019imposizione delle ditte subfornitrici come strumento dell\u2019infiltrazione mafiosa - Staging Avviso Pubblico","og_description":"Il principio Le organizzazioni mafiose riescono ad imporsi attraverso le estorsioni per l&#8217;accaparramento di opere nel campo dell&#8217;edilizia e mediante l\u2019imposizione delle proprie ditte nel&nbsp;[&hellip;]Leggi tutto L\u2019imposizione delle ditte subfornitrici come strumento dell\u2019infiltrazione mafiosa &rarr;","og_url":"https:\/\/welaikaadv.site\/avviso\/home\/cosa-facciamo\/informare\/documenti-tematici\/corruzione-appalti\/limposizione-delle-ditte-subfornitrici-come-strumento-dellinfiltrazione-mafiosa\/","og_site_name":"Staging Avviso Pubblico","twitter_card":"summary_large_image","twitter_misc":{"Tempo di lettura stimato":"7 minuti"},"schema":{"@context":"https:\/\/schema.org","@graph":[{"@type":"WebPage","@id":"https:\/\/welaikaadv.site\/avviso\/home\/cosa-facciamo\/informare\/documenti-tematici\/corruzione-appalti\/limposizione-delle-ditte-subfornitrici-come-strumento-dellinfiltrazione-mafiosa\/","url":"https:\/\/welaikaadv.site\/avviso\/home\/cosa-facciamo\/informare\/documenti-tematici\/corruzione-appalti\/limposizione-delle-ditte-subfornitrici-come-strumento-dellinfiltrazione-mafiosa\/","name":"L\u2019imposizione delle ditte subfornitrici come strumento dell\u2019infiltrazione mafiosa - Staging Avviso Pubblico","isPartOf":{"@id":"https:\/\/welaikaadv.site\/avviso\/#website"},"datePublished":"2018-11-20T08:14:22+00:00","breadcrumb":{"@id":"https:\/\/welaikaadv.site\/avviso\/home\/cosa-facciamo\/informare\/documenti-tematici\/corruzione-appalti\/limposizione-delle-ditte-subfornitrici-come-strumento-dellinfiltrazione-mafiosa\/#breadcrumb"},"inLanguage":"it-IT","potentialAction":[{"@type":"ReadAction","target":["https:\/\/welaikaadv.site\/avviso\/home\/cosa-facciamo\/informare\/documenti-tematici\/corruzione-appalti\/limposizione-delle-ditte-subfornitrici-come-strumento-dellinfiltrazione-mafiosa\/"]}]},{"@type":"BreadcrumbList","@id":"https:\/\/welaikaadv.site\/avviso\/home\/cosa-facciamo\/informare\/documenti-tematici\/corruzione-appalti\/limposizione-delle-ditte-subfornitrici-come-strumento-dellinfiltrazione-mafiosa\/#breadcrumb","itemListElement":[{"@type":"ListItem","position":1,"name":"Home","item":"https:\/\/welaikaadv.site\/avviso\/"},{"@type":"ListItem","position":2,"name":"L\u2019imposizione delle ditte subfornitrici come strumento dell\u2019infiltrazione mafiosa"}]},{"@type":"WebSite","@id":"https:\/\/welaikaadv.site\/avviso\/#website","url":"https:\/\/welaikaadv.site\/avviso\/","name":"Staging Avviso Pubblico","description":"","publisher":{"@id":"https:\/\/welaikaadv.site\/avviso\/#organization"},"potentialAction":[{"@type":"SearchAction","target":{"@type":"EntryPoint","urlTemplate":"https:\/\/welaikaadv.site\/avviso\/?s={search_term_string}"},"query-input":{"@type":"PropertyValueSpecification","valueRequired":true,"valueName":"search_term_string"}}],"inLanguage":"it-IT"},{"@type":"Organization","@id":"https:\/\/welaikaadv.site\/avviso\/#organization","name":"Staging Avviso Pubblico","url":"https:\/\/welaikaadv.site\/avviso\/","logo":{"@type":"ImageObject","inLanguage":"it-IT","@id":"https:\/\/welaikaadv.site\/avviso\/#\/schema\/logo\/image\/","url":"https:\/\/welaikaadv.site\/avviso\/wp-content\/uploads\/2024\/08\/logoAPsito-400.png","contentUrl":"https:\/\/welaikaadv.site\/avviso\/wp-content\/uploads\/2024\/08\/logoAPsito-400.png","width":400,"height":97,"caption":"Staging Avviso Pubblico"},"image":{"@id":"https:\/\/welaikaadv.site\/avviso\/#\/schema\/logo\/image\/"}}]}},"_links":{"self":[{"href":"https:\/\/welaikaadv.site\/avviso\/wp-json\/wp\/v2\/pages\/29553","targetHints":{"allow":["GET"]}}],"collection":[{"href":"https:\/\/welaikaadv.site\/avviso\/wp-json\/wp\/v2\/pages"}],"about":[{"href":"https:\/\/welaikaadv.site\/avviso\/wp-json\/wp\/v2\/types\/page"}],"author":[{"embeddable":true,"href":"https:\/\/welaikaadv.site\/avviso\/wp-json\/wp\/v2\/users\/1"}],"replies":[{"embeddable":true,"href":"https:\/\/welaikaadv.site\/avviso\/wp-json\/wp\/v2\/comments?post=29553"}],"version-history":[{"count":0,"href":"https:\/\/welaikaadv.site\/avviso\/wp-json\/wp\/v2\/pages\/29553\/revisions"}],"up":[{"embeddable":true,"href":"https:\/\/welaikaadv.site\/avviso\/wp-json\/wp\/v2\/pages\/198"}],"wp:attachment":[{"href":"https:\/\/welaikaadv.site\/avviso\/wp-json\/wp\/v2\/media?parent=29553"}],"curies":[{"name":"wp","href":"https:\/\/api.w.org\/{rel}","templated":true}]}}