{"id":30320,"date":"2018-12-31T11:49:31","date_gmt":"2018-12-31T10:49:31","guid":{"rendered":"https:\/\/www.avvisopubblico.it\/home\/?page_id=30320"},"modified":"2018-12-31T11:49:31","modified_gmt":"2018-12-31T10:49:31","slug":"appalti-pubblici-come-funzionano-le-cartiere-delle-mafie","status":"publish","type":"page","link":"https:\/\/welaikaadv.site\/avviso\/home\/cosa-facciamo\/informare\/documenti-tematici\/corruzione-appalti\/appalti-pubblici-come-funzionano-le-cartiere-delle-mafie\/","title":{"rendered":"Appalti pubblici: come funzionano le \u201ccartiere\u201d delle mafie"},"content":{"rendered":"<p><span style=\"text-decoration: underline;\"><strong><em>Il principio<\/em><\/strong><\/span>. Le \u201ccartiere\u201d delle mafie sono societ\u00e0 esistenti solo sulla carta e prive di reali strutture, che apparentemente prendono in subappalto i lavori affidati ad una societ\u00e0 realmente operante e dotata di uomini e mezzi, in modo tale da rendere possibile la creazione di costi fittizi ed consentire, in generale, l&#8217;attuazione di meccanismi fraudolenti. \u00c8 questo il principio affermato dalla <strong>terza sezione della Cassazione penale con la sentenza n. 50623 pubblicata l\u20198 novembre 2018<\/strong>.<\/p>\n<p><span style=\"text-decoration: underline;\"><strong><em>Il caso<\/em><\/strong><\/span>. La pronuncia in commento ha tratto origine da un&#8217;indagine della Guardia di finanza di Chiari che \u2013 in base al monitoraggio fiscale di alcuni appalti aggiudicati negli anni 2011-2012 e vinti da poche imprese di medio-grandi dimensioni \u2013 aveva verificato l&#8217;esistenza di subappalti che, per il numero rilevante, erano risultati sospetti: in particolare, il prezzo del subappalto era spesso risultato cos\u00ec basso che il margine di netto ricavato del subappaltatore risultava prossimo allo zero, circostanza che aveva indotto gli inquirenti ad ipotizzare il ricorso a strategie di risparmio illecito sulle opere da realizzare.<\/p>\n<p>L&#8217;indagine aveva poi consentito di convalidare tale ipotesi, perch\u00e9, in relazione ad un gruppo d&#8217;imprese riferibili ai fratelli M. \u2012 che operavano in collaborazione con la famiglia N. (in particolare, con il prestanome N.V. e sotto la regia fiscale di N.R.) \u2012\u00a0 era stato accertato un collaudato meccanismo che permetteva all\u2019impresa appaltatrice C. di ottenere un risparmio sugli oneri fiscali e contributivi attraverso la costituzione di una serie di societ\u00e0 \u201ccartiere\u201d, intestate a prestanomi stipendiati, prive di una sede effettiva e di personale, finalizzate alla mera assunzione di squadre di operai formalmente riferiti alla singola cartiera ma in realt\u00e0 sempre in carico alla medesima impresa appaltatrice C.<\/p>\n<p>La cartiera fatturava i servizi relativi alla fornitura di manodopera \u2012 possibile, ad es., mediante il subappalto o con il ricorso al distacco del proprio personale all\u2019appaltatrice C. \u2012 e poteva cos\u00ec annotarne i costi deducibili all\u2019interno della propria contabilit\u00e0: dopo un breve periodo di attivit\u00e0, la cartiera veniva sciolta, spesso in passivo, e tramite la distruzione della contabilit\u00e0 veniva dissimulata l&#8217;inesistenza dei costi ingiustificatamente compensati.<\/p>\n<p>Nel corso delle indagini erano poi emerse alcune anomalie nella gestione della societ\u00e0 appaltatrice: la contabilit\u00e0 era seguita da un professionista di Oppido Mamertino, N.R., mentre il fratello di quest\u2019ultimo, N.V., era subentrato nella legale rappresentanza di alcune societ\u00e0 in precedenza formalmente amministrate da parenti stretti dei fratelli M..<\/p>\n<p>Dal controllo effettuato sull\u2019appaltatrice C. e sulla rete delle subappaltatrici, formalmente amministrate da N.V., erano cos\u00ec state individuate una serie di \u201ccartiere\u201d, la P., la P.D., la CE. e la M., che formalmente servivano a giustificare l&#8217;esternalizzazione dei costi dell\u2019appaltatrice C., emettendo fatture inesistenti a favore di questa ed, occasionalmente, a favore di altre societ\u00e0.<\/p>\n<p><span style=\"text-decoration: underline;\"><strong><em>La decisione<\/em><\/strong><\/span>. Con la pronuncia in rassegna la Corte di Cassazione dichiara manifestamente infondati i ricorsi proposti contro la decisione della Corte d\u2019appello di Brescia: vengono cos\u00ec confermate le decisioni assunte dal Giudici di merito, i quali avevano evidenziato come la maggior parte delle imputazioni scaturiva dal fatto che le societ\u00e0 P., CE. e P.D. erano, apparentemente e formalmente, delle entit\u00e0 autonome, mentre, in realt\u00e0, si trattava di propaggini fittizie della societ\u00e0 appaltatrice C. create appositamente per fungere da schermo e consentire di raggiungere illeciti vantaggi, anche fiscali. I lavori erano stati s\u00ec realizzati, ma si trattava di lavori solo apparentemente imputabili alle \u201ccartiere\u201d P., CE. e P.D., in quanto il personale era in fatto riconducibile all\u2019appaltatrice C. e da questa retribuito. Irrilevante era dunque la circostanza per la quale gli importi fatturati dalla P., dalla CE. e dalla P.D. erano stati effettivamente pagati dalla C., poich\u00e9 le \u201ccartiere\u201d erano riconducibili al medesimo centro d&#8217;interessi economici che faceva capo all\u2019appaltatrice C. ed i pagamenti costituivano un trasferimento di denaro solo apparente in quanto i fondi rimanevano sempre nell&#8217;ambito del medesimo centro d&#8217;interessi rappresentato dai fratelli M. e dai loro sodali.<\/p>\n<p>Nella specie, non v\u2019era stata la \u201cclassica\u201d fatturazione tra oggetti estranei solo allo scopo di frodare il fisco, facendo fittiziamente figurare il compimento di operazioni mai realizzate, quanto piuttosto un meccanismo che prevedeva, ad opera di un unico centro direzionale, la costituzione di societ\u00e0 esistenti solo sulla carta e prive di reali strutture, che avrebbero dovuto apparentemente prendere i lavori in subappalto dall&#8217;unica societ\u00e0 realmente operante e dotata di uomini e mezzi \u2012 l\u2019appaltatrice C. \u2012 in modo tale da rendere possibile la creazione di costi fittizi ed consentire, in generale, l&#8217;attuazione di meccanismi fraudolenti.<\/p>\n<p>Alcuni ricorrenti avevano peraltro contestato l&#8217;accertamento di responsabilit\u00e0 per la configurabilit\u00e0 del reato associativo, svolgendo delle considerazioni anche sulla differenza con il concorso di persone. La Cassazione rigetta anche questo motivo di ricorso, rilevando come il tema era stato ben sviscerato dai Giudici di merito, i quali, dopo aver puntualmente richiamato la giurisprudenza, avevano osservato che, oltre alla partecipazione di tutti al compimento dei reati fine, ognuno dei membri del sodalizio criminoso aveva svolto un ruolo preciso: un componente aveva avuto una funzione direttiva della strategia complessiva, un altro componente, a stretto contatto con il fratello, s&#8217;era occupato dell&#8217;organizzazione e del concreto andamento del &#8220;sistema&#8221; illecito, altro ancora aveva messo a disposizione del gruppo le proprie conoscenze e la propria esperienza in materia tributaria, ed un ultimo componente aveva funto da prestanome di talune societ\u00e0, occupandosi, tra l&#8217;altro, della restituzione alla fonte dei fondi pervenuti a tali societ\u00e0 per le fatture relative ad operazioni inesistenti. Il sistema messo in piedi, pertanto, non era stato costituito al fine di perpetrare un numero definito e limitato di reati, dovendo servire, piuttosto a rendere possibile l&#8217;attuazione di un numero indeterminato e potenzialmente illimitato di illeciti penali, con la conseguente configurabilit\u00e0 dell\u2019associazione a delinquere e non del semplice concorso di persone nella commissione dei vari reati.<\/p>\n<p style=\"text-align: right;\"><em>(a cura della dott.ssa\u00a0<strong>Ilenia Filippetti<\/strong><\/em><em>,<br \/>\n<\/em><em>Responsabile Sezione Provveditorato della Regione Umbria, Presidente di Forum Appalti)<\/em><\/p>\n<p style=\"text-align: left;\"><em>\u00a0<\/em><\/p>\n","protected":false},"excerpt":{"rendered":"<p>Il principio. Le \u201ccartiere\u201d delle mafie sono societ\u00e0 esistenti solo sulla carta e prive di reali strutture, che apparentemente prendono in subappalto i lavori affidati&nbsp;<span class=\"hellipsis\">[&hellip;]<\/span><a class=\"more-link\" href=\"https:\/\/welaikaadv.site\/avviso\/home\/cosa-facciamo\/informare\/documenti-tematici\/corruzione-appalti\/appalti-pubblici-come-funzionano-le-cartiere-delle-mafie\/\">Leggi tutto <span class=\"screen-reader-text\">Appalti pubblici: come funzionano le \u201ccartiere\u201d delle mafie<\/span> <span class=\"meta-nav\" aria-hidden=\"true\">&rarr;<\/span><\/a><\/p>\n","protected":false},"author":1,"featured_media":0,"parent":198,"menu_order":0,"comment_status":"closed","ping_status":"closed","template":"","meta":{"_acf_changed":false,"_exactmetrics_skip_tracking":false,"_exactmetrics_sitenote_active":false,"_exactmetrics_sitenote_note":"","_exactmetrics_sitenote_category":0,"wp_social_preview_title":"","wp_social_preview_description":"","wp_social_preview_image":0,"footnotes":""},"class_list":["post-30320","page","type-page","status-publish","hentry"],"acf":[],"yoast_head":"<!-- This site is optimized with the Yoast SEO plugin v27.2 - https:\/\/yoast.com\/product\/yoast-seo-wordpress\/ -->\n<title>Appalti pubblici: come funzionano le \u201ccartiere\u201d delle mafie - Staging Avviso Pubblico<\/title>\n<meta name=\"robots\" content=\"noindex, follow, max-snippet:-1, max-image-preview:large, max-video-preview:-1\" \/>\n<meta property=\"og:locale\" content=\"it_IT\" \/>\n<meta property=\"og:type\" content=\"article\" \/>\n<meta property=\"og:title\" content=\"Appalti pubblici: come funzionano le \u201ccartiere\u201d delle mafie - Staging Avviso Pubblico\" \/>\n<meta property=\"og:description\" content=\"Il principio. Le \u201ccartiere\u201d delle mafie sono societ\u00e0 esistenti solo sulla carta e prive di reali strutture, che apparentemente prendono in subappalto i lavori affidati&nbsp;[&hellip;]Leggi tutto Appalti pubblici: come funzionano le \u201ccartiere\u201d delle mafie &rarr;\" \/>\n<meta property=\"og:url\" content=\"https:\/\/welaikaadv.site\/avviso\/home\/cosa-facciamo\/informare\/documenti-tematici\/corruzione-appalti\/appalti-pubblici-come-funzionano-le-cartiere-delle-mafie\/\" \/>\n<meta property=\"og:site_name\" content=\"Staging Avviso Pubblico\" \/>\n<meta name=\"twitter:card\" content=\"summary_large_image\" \/>\n<meta name=\"twitter:label1\" content=\"Tempo di lettura stimato\" \/>\n\t<meta name=\"twitter:data1\" content=\"5 minuti\" \/>\n<script type=\"application\/ld+json\" class=\"yoast-schema-graph\">{\"@context\":\"https:\/\/schema.org\",\"@graph\":[{\"@type\":\"WebPage\",\"@id\":\"https:\/\/welaikaadv.site\/avviso\/home\/cosa-facciamo\/informare\/documenti-tematici\/corruzione-appalti\/appalti-pubblici-come-funzionano-le-cartiere-delle-mafie\/\",\"url\":\"https:\/\/welaikaadv.site\/avviso\/home\/cosa-facciamo\/informare\/documenti-tematici\/corruzione-appalti\/appalti-pubblici-come-funzionano-le-cartiere-delle-mafie\/\",\"name\":\"Appalti pubblici: come funzionano le \u201ccartiere\u201d delle mafie - Staging Avviso Pubblico\",\"isPartOf\":{\"@id\":\"https:\/\/welaikaadv.site\/avviso\/#website\"},\"datePublished\":\"2018-12-31T10:49:31+00:00\",\"breadcrumb\":{\"@id\":\"https:\/\/welaikaadv.site\/avviso\/home\/cosa-facciamo\/informare\/documenti-tematici\/corruzione-appalti\/appalti-pubblici-come-funzionano-le-cartiere-delle-mafie\/#breadcrumb\"},\"inLanguage\":\"it-IT\",\"potentialAction\":[{\"@type\":\"ReadAction\",\"target\":[\"https:\/\/welaikaadv.site\/avviso\/home\/cosa-facciamo\/informare\/documenti-tematici\/corruzione-appalti\/appalti-pubblici-come-funzionano-le-cartiere-delle-mafie\/\"]}]},{\"@type\":\"BreadcrumbList\",\"@id\":\"https:\/\/welaikaadv.site\/avviso\/home\/cosa-facciamo\/informare\/documenti-tematici\/corruzione-appalti\/appalti-pubblici-come-funzionano-le-cartiere-delle-mafie\/#breadcrumb\",\"itemListElement\":[{\"@type\":\"ListItem\",\"position\":1,\"name\":\"Home\",\"item\":\"https:\/\/welaikaadv.site\/avviso\/\"},{\"@type\":\"ListItem\",\"position\":2,\"name\":\"Appalti pubblici: come funzionano le \u201ccartiere\u201d delle mafie\"}]},{\"@type\":\"WebSite\",\"@id\":\"https:\/\/welaikaadv.site\/avviso\/#website\",\"url\":\"https:\/\/welaikaadv.site\/avviso\/\",\"name\":\"Staging Avviso Pubblico\",\"description\":\"\",\"publisher\":{\"@id\":\"https:\/\/welaikaadv.site\/avviso\/#organization\"},\"potentialAction\":[{\"@type\":\"SearchAction\",\"target\":{\"@type\":\"EntryPoint\",\"urlTemplate\":\"https:\/\/welaikaadv.site\/avviso\/?s={search_term_string}\"},\"query-input\":{\"@type\":\"PropertyValueSpecification\",\"valueRequired\":true,\"valueName\":\"search_term_string\"}}],\"inLanguage\":\"it-IT\"},{\"@type\":\"Organization\",\"@id\":\"https:\/\/welaikaadv.site\/avviso\/#organization\",\"name\":\"Staging Avviso Pubblico\",\"url\":\"https:\/\/welaikaadv.site\/avviso\/\",\"logo\":{\"@type\":\"ImageObject\",\"inLanguage\":\"it-IT\",\"@id\":\"https:\/\/welaikaadv.site\/avviso\/#\/schema\/logo\/image\/\",\"url\":\"https:\/\/welaikaadv.site\/avviso\/wp-content\/uploads\/2024\/08\/logoAPsito-400.png\",\"contentUrl\":\"https:\/\/welaikaadv.site\/avviso\/wp-content\/uploads\/2024\/08\/logoAPsito-400.png\",\"width\":400,\"height\":97,\"caption\":\"Staging Avviso Pubblico\"},\"image\":{\"@id\":\"https:\/\/welaikaadv.site\/avviso\/#\/schema\/logo\/image\/\"}}]}<\/script>\n<!-- \/ Yoast SEO plugin. -->","yoast_head_json":{"title":"Appalti pubblici: come funzionano le \u201ccartiere\u201d delle mafie - Staging Avviso Pubblico","robots":{"index":"noindex","follow":"follow","max-snippet":"max-snippet:-1","max-image-preview":"max-image-preview:large","max-video-preview":"max-video-preview:-1"},"og_locale":"it_IT","og_type":"article","og_title":"Appalti pubblici: come funzionano le \u201ccartiere\u201d delle mafie - Staging Avviso Pubblico","og_description":"Il principio. Le \u201ccartiere\u201d delle mafie sono societ\u00e0 esistenti solo sulla carta e prive di reali strutture, che apparentemente prendono in subappalto i lavori affidati&nbsp;[&hellip;]Leggi tutto Appalti pubblici: come funzionano le \u201ccartiere\u201d delle mafie &rarr;","og_url":"https:\/\/welaikaadv.site\/avviso\/home\/cosa-facciamo\/informare\/documenti-tematici\/corruzione-appalti\/appalti-pubblici-come-funzionano-le-cartiere-delle-mafie\/","og_site_name":"Staging Avviso Pubblico","twitter_card":"summary_large_image","twitter_misc":{"Tempo di lettura stimato":"5 minuti"},"schema":{"@context":"https:\/\/schema.org","@graph":[{"@type":"WebPage","@id":"https:\/\/welaikaadv.site\/avviso\/home\/cosa-facciamo\/informare\/documenti-tematici\/corruzione-appalti\/appalti-pubblici-come-funzionano-le-cartiere-delle-mafie\/","url":"https:\/\/welaikaadv.site\/avviso\/home\/cosa-facciamo\/informare\/documenti-tematici\/corruzione-appalti\/appalti-pubblici-come-funzionano-le-cartiere-delle-mafie\/","name":"Appalti pubblici: come funzionano le \u201ccartiere\u201d delle mafie - Staging Avviso Pubblico","isPartOf":{"@id":"https:\/\/welaikaadv.site\/avviso\/#website"},"datePublished":"2018-12-31T10:49:31+00:00","breadcrumb":{"@id":"https:\/\/welaikaadv.site\/avviso\/home\/cosa-facciamo\/informare\/documenti-tematici\/corruzione-appalti\/appalti-pubblici-come-funzionano-le-cartiere-delle-mafie\/#breadcrumb"},"inLanguage":"it-IT","potentialAction":[{"@type":"ReadAction","target":["https:\/\/welaikaadv.site\/avviso\/home\/cosa-facciamo\/informare\/documenti-tematici\/corruzione-appalti\/appalti-pubblici-come-funzionano-le-cartiere-delle-mafie\/"]}]},{"@type":"BreadcrumbList","@id":"https:\/\/welaikaadv.site\/avviso\/home\/cosa-facciamo\/informare\/documenti-tematici\/corruzione-appalti\/appalti-pubblici-come-funzionano-le-cartiere-delle-mafie\/#breadcrumb","itemListElement":[{"@type":"ListItem","position":1,"name":"Home","item":"https:\/\/welaikaadv.site\/avviso\/"},{"@type":"ListItem","position":2,"name":"Appalti pubblici: come funzionano le \u201ccartiere\u201d delle mafie"}]},{"@type":"WebSite","@id":"https:\/\/welaikaadv.site\/avviso\/#website","url":"https:\/\/welaikaadv.site\/avviso\/","name":"Staging Avviso Pubblico","description":"","publisher":{"@id":"https:\/\/welaikaadv.site\/avviso\/#organization"},"potentialAction":[{"@type":"SearchAction","target":{"@type":"EntryPoint","urlTemplate":"https:\/\/welaikaadv.site\/avviso\/?s={search_term_string}"},"query-input":{"@type":"PropertyValueSpecification","valueRequired":true,"valueName":"search_term_string"}}],"inLanguage":"it-IT"},{"@type":"Organization","@id":"https:\/\/welaikaadv.site\/avviso\/#organization","name":"Staging Avviso Pubblico","url":"https:\/\/welaikaadv.site\/avviso\/","logo":{"@type":"ImageObject","inLanguage":"it-IT","@id":"https:\/\/welaikaadv.site\/avviso\/#\/schema\/logo\/image\/","url":"https:\/\/welaikaadv.site\/avviso\/wp-content\/uploads\/2024\/08\/logoAPsito-400.png","contentUrl":"https:\/\/welaikaadv.site\/avviso\/wp-content\/uploads\/2024\/08\/logoAPsito-400.png","width":400,"height":97,"caption":"Staging Avviso Pubblico"},"image":{"@id":"https:\/\/welaikaadv.site\/avviso\/#\/schema\/logo\/image\/"}}]}},"_links":{"self":[{"href":"https:\/\/welaikaadv.site\/avviso\/wp-json\/wp\/v2\/pages\/30320","targetHints":{"allow":["GET"]}}],"collection":[{"href":"https:\/\/welaikaadv.site\/avviso\/wp-json\/wp\/v2\/pages"}],"about":[{"href":"https:\/\/welaikaadv.site\/avviso\/wp-json\/wp\/v2\/types\/page"}],"author":[{"embeddable":true,"href":"https:\/\/welaikaadv.site\/avviso\/wp-json\/wp\/v2\/users\/1"}],"replies":[{"embeddable":true,"href":"https:\/\/welaikaadv.site\/avviso\/wp-json\/wp\/v2\/comments?post=30320"}],"version-history":[{"count":0,"href":"https:\/\/welaikaadv.site\/avviso\/wp-json\/wp\/v2\/pages\/30320\/revisions"}],"up":[{"embeddable":true,"href":"https:\/\/welaikaadv.site\/avviso\/wp-json\/wp\/v2\/pages\/198"}],"wp:attachment":[{"href":"https:\/\/welaikaadv.site\/avviso\/wp-json\/wp\/v2\/media?parent=30320"}],"curies":[{"name":"wp","href":"https:\/\/api.w.org\/{rel}","templated":true}]}}