{"id":31153,"date":"2019-02-22T15:39:26","date_gmt":"2019-02-22T14:39:26","guid":{"rendered":"https:\/\/www.avvisopubblico.it\/home\/?page_id=31153"},"modified":"2019-02-22T15:39:26","modified_gmt":"2019-02-22T14:39:26","slug":"relazione-2018-del-procuratore-nazionale-e-della-direzione-nazionale-antimafia-e-antiterrorismo","status":"publish","type":"page","link":"https:\/\/welaikaadv.site\/avviso\/home\/cosa-facciamo\/informare\/documenti-tematici\/mafie\/relazione-2018-del-procuratore-nazionale-e-della-direzione-nazionale-antimafia-e-antiterrorismo\/","title":{"rendered":"Relazione 2018 del Procuratore nazionale e della Direzione nazionale antimafia e antiterrorismo"},"content":{"rendered":"<p><strong>Premessa.<\/strong> La Direzione Nazionale Antimafia e Antiterrorismo <strong>ha presentato nel luglio 2018 la Relazione annuale<\/strong> sulle attivit\u00e0 svolte dal Procuratore nazionale e dalla Direzione nazionale antimafia e antiterrorismo nonch\u00e9 sulle dinamiche e strategie della criminalit\u00e0 organizzata di tipo mafioso <strong>nel periodo luglio 2016 \u2013 giugno 2017<\/strong>.<\/p>\n<p>La Relazione si apre con i <a href=\"https:\/\/welaikaadv.site\/avviso\/wp-content\/uploads\/2019\/02\/Dati-statistici.pdf\"><u>dati statistici<\/u><\/a> relativi alle principali attivit\u00e0 svolte dalla D.N.A. nel periodo di riferimento, tra i quali si segnalano i 756 pareri espressi sulla protezione dei collaboratori e testimoni di giustizia.<\/p>\n<p>Si sofferma quindi sulle principali forme di criminalit\u00e0 mafiosa di origine italiana e di terrorismo:<\/p>\n<ul>\n<li><a href=\"https:\/\/welaikaadv.site\/avviso\/wp-content\/uploads\/2019\/02\/Ndrangheta.pdf\"><strong><u>Ndrangheta<\/u><\/strong><\/a> (di cui si segnala la diffusione e il radicamento anche nelle Regioni del centro-nord);<\/li>\n<li><strong><a href=\"https:\/\/welaikaadv.site\/avviso\/wp-content\/uploads\/2019\/02\/Cosa-nostra.pdf\"><u>Cosa Nostra<\/u><\/a><\/strong> (di cui si analizza il radicamento nel territorio siciliano);<\/li>\n<li><a href=\"https:\/\/welaikaadv.site\/avviso\/wp-content\/uploads\/2019\/02\/Camorra.pdf\"><u><strong>Camorra<\/strong><\/u><\/a> (con la distinzione tra una Camorra Propria, che affonda le sue radici nel passato, e una distinta e diversa tipologia di associazione di stampo mafioso, presente nel Distretto di Napoli, che si impone ed intimidisce con una violenza sfacciata, spesso gratuita e comunque esibizionista, che lungi dal volere agire sottotraccia, vuole, invece, sempre agire sopra le righe, che \u00e8 sregolata e scollegata dal mondo degli affari e della politica e che, pi\u00f9 che volersi fare establishment, vuole essere anti-establishment);<\/li>\n<li><a href=\"https:\/\/welaikaadv.site\/avviso\/wp-content\/uploads\/2019\/02\/SCU.pdf\"><strong><u>Sacra Corona Unita e criminalit\u00e0 organizzata pugliese e lucana<\/u><\/strong><\/a> (si evidenzia in proposito l\u2019evoluzione della Sacra Corona Unita verso una struttura criminale di tipo \u201cfederativo\u201d, analoga a quella operante nel distretto della Direzione distrettuale di Bari).<\/li>\n<\/ul>\n<p>Con riguardo al <a href=\"https:\/\/welaikaadv.site\/avviso\/wp-content\/uploads\/2019\/02\/Terrorismo.pdf\"><span style=\"text-decoration: underline;\"><strong>terrorismo<\/strong><\/span><\/a>, si sottolinea che la progressiva sconfitta militare del c.d. stato islamico sul territorio controllato apre scenari in parte imprevedibili, o comunque in corso, ma non attenua il livello della minaccia terroristica nei paesi occidentali ed anche nel nostro Paese.<\/p>\n<p>Il capitolo sulla<a href=\"https:\/\/welaikaadv.site\/avviso\/wp-content\/uploads\/2019\/02\/Mafie-straniere.pdf\"><strong> <u>criminalit\u00e0 organizzata di origine straniera<\/u><\/strong><\/a> incrocia i dati sui delitti commessi dagli stranieri con quelli sui flussi migratori, segnalando \u2013 in base a dati Istat &#8211; che, mentre la percentuale di stranieri presenti in carcere \u00e8 superiore a quella degli italiani per condanne fino a cinque anni, per le condanne superiori a cinque anni il rapporto s\u2019inverte. Con specifico riguardo al catalogo dei reati di criminalit\u00e0 organizzata, la partecipazione ad associazioni finalizzate alla commissione di delitti in materia di sostanze stupefacenti resta la condotta delinquenziale pi\u00f9 ricorrente, cui segue la fattispecie di riduzione o mantenimento in schiavit\u00f9 e di sequestro di persona a scopo di estorsione.<\/p>\n<p>Il capitolo sul <strong>Servizio risorse tecnologiche, gestione flussi e sicurezza<\/strong> presenta un quadro sintetico dei risultati raggiunti nell&#8217;ambito del progetto di informatizzazione delle Direzioni Distrettuali Antimafia e della Direzione Nazionale Antimafia e Antiterrorismo.<\/p>\n<p>Il capitolo sul <strong>Servizio cooperazione internazionale <\/strong>mette in luce il crescente ricorso a forme di cooperazione pi\u00f9 snelle ed informali quali sono gli \u201cscambi informativi\u201d diretti o effettuati tramite i magistrati e gli ufficiali di collegamento rispetto a strumenti pi\u00f9 formali, come le rogatorie internazionali. In particolare con Francia e Olanda, ma anche in maniera minore con la Germania, vi \u00e8 un continuo scambio di notizie ed informazioni utili allo svolgimento di indagini e al supporto reciproco in materia di contrasto al crimine organizzato.<\/p>\n<p>Nel capitolo sul <strong>Servizio misure di prevenzione<\/strong> risalta l\u2019obiettivo primario perseguito dalla DNA, che consiste nel diretto esercizio dell\u2019azione di prevenzione. A tal fine, \u00e8 stato avviato un rapporto di collaborazione con gli uffici giudiziari di volta in volta interessati, per un massiccio ricorso alla prevenzione, anche in materia di terrorismo, individuando i casi di intervento diretto, in aggiunta ad eventuali misure cautelari personali gi\u00e0 applicate o richieste, ovvero i casi per i quali le investigazioni svolte non hanno portato a risultati idonei per l\u2019esercizio dell\u2019azione penale e\/o non \u00e8 stata raggiunta la gravit\u00e0 indiziaria sufficiente per l\u2019adozione di una misura cautelare. Al 30 giugno 2017, risultavano iscritti 16 procedimenti di prevenzione, 14 in materia di terrorismo e 2 antimafia; in tre casi il Procuratore Nazionale Antimafia ha esercitato direttamente il potere di proposta chiedendo l\u2019applicazione della misura di prevenzione personale (terrorismo), trovando accoglimento da parte dei tribunali rispettivamente competenti.<\/p>\n<p>Al <strong>Servizio studi e documentazione<\/strong> \u00e8 dedicato un breve capitolo che d\u00e0 conto delle attivit\u00e0 di documentazione e formative a supporto dell\u2019Ufficio.<\/p>\n<p>L\u2019ottavo capitolo della relazione tratta <strong>i poli di interesse<\/strong> della DNA:<\/p>\n<ul style=\"list-style-type: square;\">\n<li><a href=\"https:\/\/welaikaadv.site\/avviso\/wp-content\/uploads\/2019\/02\/Corruzione.pdf\"><strong><u>Corruzione<\/u><\/strong><\/a>, con particolare riguardo alle <strong>infiltrazioni delle mafie negli appalti pubblici<\/strong> e alle <strong>infiltrazioni della criminalit\u00e0 organizzata nel gioco (anche) lecito.<\/strong><\/li>\n<li><a href=\"https:\/\/welaikaadv.site\/avviso\/wp-content\/uploads\/2019\/02\/Ambiente.pdf\"><strong><u>criminalit\u00e0 ambientale<\/u><\/strong><\/a>, a proposito della quale si evidenzia il <em>trend<\/em> individuato gi\u00e0 negli anni precedenti, ovverosia quello della degenerazione delle imprese, o che si occupano della gestione e trattamento dei rifiuti, o che per il loro tipo di attivit\u00e0 producono un rilevante quantitativo di rifiuti della cui gestione si occupano direttamente, verso dinamiche criminali che danno corpo ai reati previsti dal Testo Unico Ambientale o dal Codice Penale (artt. 452 bis e segg. C.P.).\u00a0 \u00c8 un fenomeno che non risparmia nessuna parte d\u2019Italia e che vede quali soggetti attivi, alcune volte, veri e propri colossi imprenditoriali di rilevanza nazionale;<\/li>\n<li><strong>criminalit\u00e0 transnazionale<\/strong> (narcotraffico; <a href=\"https:\/\/welaikaadv.site\/avviso\/wp-content\/uploads\/2019\/02\/Tratta-esseri-umani.pdf\"><span style=\"text-decoration: underline;\"><strong>tratta di essere umani<\/strong><\/span><\/a>; contraffazione; contrabbando);<\/li>\n<li><strong>sistema penitenziario e detenuti<\/strong> ex art. 51, co. 3-bis, cpp;<\/li>\n<li><strong><a href=\"https:\/\/welaikaadv.site\/avviso\/wp-content\/uploads\/2019\/02\/Contrasto-patrimoni.pdf\"><span style=\"text-decoration: underline;\">contrasto patrimoniale alla criminalit\u00e0 organizzata<\/span><\/a>.<\/strong> In questo ambito si ricorda che la DNA, nel corso del 2015 ha effettuato uno scambio di lettere con la Unit\u00e0 di Informazione Finanziaria incardinata presso la Banca di Italia; ha siglato un protocollo di intesa con la Guardia di Finanza in materia di prevenzione e contrasto dell\u2019utilizzo del sistema finanziario a scopo di finanziamento del terrorismo; ha siglato un protocollo di intesa con la Direzione Investigativa Antimafia in materia di prevenzione e contrasto dell\u2019utilizzo del sistema finanziario a scopo di riciclaggio dei proventi di attivit\u00e0 criminose.<\/li>\n<\/ul>\n<p>La sperimentazione effettuata ha consentito di pervenire ad importanti risultati, che sono stati consolidati anche sul piano normativo con il recepimento della IV Direttiva UE antiriciclaggio, attraverso il decreto legislativo 25 maggio 2017, n. 90. L\u2019articolo 8 del decreto ha infatti disciplinato i raccordi della DNA con la UIF e l\u2019Agenzia delle dogane e dei monopoli. L\u2019obiettivo perseguito \u00e8 quello di intervenire nella primissima fase della analisi delle operazioni sospette confrontandole con le informazioni contenute nella banca dati SIDDA-SIDNA allo scopo di migliorare la qualit\u00e0 degli approfondimenti investigativi.<\/p>\n<p>La parte pi\u00f9 corposa della relazione analizza infine <strong>le attivit\u00e0 di collegamento investigativo con riferimento ai distretti delle Corti di appello<\/strong>.<\/p>\n<p>&nbsp;<\/p>\n<p><em>(a cura di\u00a0<strong>Valerio Di Porto<\/strong> e\u00a0<strong>Antonio Piana<\/strong>)<\/em><\/p>\n","protected":false},"excerpt":{"rendered":"<p>Premessa. La Direzione Nazionale Antimafia e Antiterrorismo ha presentato nel luglio 2018 la Relazione annuale sulle attivit\u00e0 svolte dal Procuratore nazionale e dalla Direzione nazionale&nbsp;<span class=\"hellipsis\">[&hellip;]<\/span><a class=\"more-link\" href=\"https:\/\/welaikaadv.site\/avviso\/home\/cosa-facciamo\/informare\/documenti-tematici\/mafie\/relazione-2018-del-procuratore-nazionale-e-della-direzione-nazionale-antimafia-e-antiterrorismo\/\">Leggi tutto <span class=\"screen-reader-text\">Relazione 2018 del Procuratore nazionale e della Direzione nazionale antimafia e antiterrorismo<\/span> <span class=\"meta-nav\" aria-hidden=\"true\">&rarr;<\/span><\/a><\/p>\n","protected":false},"author":1,"featured_media":0,"parent":207,"menu_order":0,"comment_status":"closed","ping_status":"closed","template":"","meta":{"_acf_changed":false,"_exactmetrics_skip_tracking":false,"_exactmetrics_sitenote_active":false,"_exactmetrics_sitenote_note":"","_exactmetrics_sitenote_category":0,"wp_social_preview_title":"","wp_social_preview_description":"","wp_social_preview_image":0,"footnotes":""},"class_list":["post-31153","page","type-page","status-publish","hentry"],"acf":[],"yoast_head":"<!-- This site is optimized with the Yoast SEO plugin v27.2 - https:\/\/yoast.com\/product\/yoast-seo-wordpress\/ -->\n<title>Relazione 2018 del Procuratore nazionale e della Direzione nazionale antimafia e antiterrorismo - Staging Avviso Pubblico<\/title>\n<meta name=\"robots\" content=\"noindex, follow, max-snippet:-1, max-image-preview:large, max-video-preview:-1\" \/>\n<meta property=\"og:locale\" content=\"it_IT\" \/>\n<meta property=\"og:type\" content=\"article\" \/>\n<meta property=\"og:title\" content=\"Relazione 2018 del Procuratore nazionale e della Direzione nazionale antimafia e antiterrorismo - Staging Avviso Pubblico\" \/>\n<meta property=\"og:description\" content=\"Premessa. La Direzione Nazionale Antimafia e Antiterrorismo ha presentato nel luglio 2018 la Relazione annuale sulle attivit\u00e0 svolte dal Procuratore nazionale e dalla Direzione nazionale&nbsp;[&hellip;]Leggi tutto Relazione 2018 del Procuratore nazionale e della Direzione nazionale antimafia e antiterrorismo &rarr;\" \/>\n<meta property=\"og:url\" content=\"https:\/\/welaikaadv.site\/avviso\/home\/cosa-facciamo\/informare\/documenti-tematici\/mafie\/relazione-2018-del-procuratore-nazionale-e-della-direzione-nazionale-antimafia-e-antiterrorismo\/\" \/>\n<meta property=\"og:site_name\" content=\"Staging Avviso Pubblico\" \/>\n<meta name=\"twitter:card\" content=\"summary_large_image\" \/>\n<meta name=\"twitter:label1\" content=\"Tempo di lettura stimato\" \/>\n\t<meta name=\"twitter:data1\" content=\"5 minuti\" \/>\n<script type=\"application\/ld+json\" class=\"yoast-schema-graph\">{\"@context\":\"https:\/\/schema.org\",\"@graph\":[{\"@type\":\"WebPage\",\"@id\":\"https:\/\/welaikaadv.site\/avviso\/home\/cosa-facciamo\/informare\/documenti-tematici\/mafie\/relazione-2018-del-procuratore-nazionale-e-della-direzione-nazionale-antimafia-e-antiterrorismo\/\",\"url\":\"https:\/\/welaikaadv.site\/avviso\/home\/cosa-facciamo\/informare\/documenti-tematici\/mafie\/relazione-2018-del-procuratore-nazionale-e-della-direzione-nazionale-antimafia-e-antiterrorismo\/\",\"name\":\"Relazione 2018 del Procuratore nazionale e della Direzione nazionale antimafia e antiterrorismo - Staging Avviso Pubblico\",\"isPartOf\":{\"@id\":\"https:\/\/welaikaadv.site\/avviso\/#website\"},\"datePublished\":\"2019-02-22T14:39:26+00:00\",\"breadcrumb\":{\"@id\":\"https:\/\/welaikaadv.site\/avviso\/home\/cosa-facciamo\/informare\/documenti-tematici\/mafie\/relazione-2018-del-procuratore-nazionale-e-della-direzione-nazionale-antimafia-e-antiterrorismo\/#breadcrumb\"},\"inLanguage\":\"it-IT\",\"potentialAction\":[{\"@type\":\"ReadAction\",\"target\":[\"https:\/\/welaikaadv.site\/avviso\/home\/cosa-facciamo\/informare\/documenti-tematici\/mafie\/relazione-2018-del-procuratore-nazionale-e-della-direzione-nazionale-antimafia-e-antiterrorismo\/\"]}]},{\"@type\":\"BreadcrumbList\",\"@id\":\"https:\/\/welaikaadv.site\/avviso\/home\/cosa-facciamo\/informare\/documenti-tematici\/mafie\/relazione-2018-del-procuratore-nazionale-e-della-direzione-nazionale-antimafia-e-antiterrorismo\/#breadcrumb\",\"itemListElement\":[{\"@type\":\"ListItem\",\"position\":1,\"name\":\"Home\",\"item\":\"https:\/\/welaikaadv.site\/avviso\/\"},{\"@type\":\"ListItem\",\"position\":2,\"name\":\"Relazione 2018 del Procuratore nazionale e della Direzione nazionale antimafia e antiterrorismo\"}]},{\"@type\":\"WebSite\",\"@id\":\"https:\/\/welaikaadv.site\/avviso\/#website\",\"url\":\"https:\/\/welaikaadv.site\/avviso\/\",\"name\":\"Staging Avviso Pubblico\",\"description\":\"\",\"publisher\":{\"@id\":\"https:\/\/welaikaadv.site\/avviso\/#organization\"},\"potentialAction\":[{\"@type\":\"SearchAction\",\"target\":{\"@type\":\"EntryPoint\",\"urlTemplate\":\"https:\/\/welaikaadv.site\/avviso\/?s={search_term_string}\"},\"query-input\":{\"@type\":\"PropertyValueSpecification\",\"valueRequired\":true,\"valueName\":\"search_term_string\"}}],\"inLanguage\":\"it-IT\"},{\"@type\":\"Organization\",\"@id\":\"https:\/\/welaikaadv.site\/avviso\/#organization\",\"name\":\"Staging Avviso Pubblico\",\"url\":\"https:\/\/welaikaadv.site\/avviso\/\",\"logo\":{\"@type\":\"ImageObject\",\"inLanguage\":\"it-IT\",\"@id\":\"https:\/\/welaikaadv.site\/avviso\/#\/schema\/logo\/image\/\",\"url\":\"https:\/\/welaikaadv.site\/avviso\/wp-content\/uploads\/2024\/08\/logoAPsito-400.png\",\"contentUrl\":\"https:\/\/welaikaadv.site\/avviso\/wp-content\/uploads\/2024\/08\/logoAPsito-400.png\",\"width\":400,\"height\":97,\"caption\":\"Staging Avviso Pubblico\"},\"image\":{\"@id\":\"https:\/\/welaikaadv.site\/avviso\/#\/schema\/logo\/image\/\"}}]}<\/script>\n<!-- \/ Yoast SEO plugin. -->","yoast_head_json":{"title":"Relazione 2018 del Procuratore nazionale e della Direzione nazionale antimafia e antiterrorismo - Staging Avviso Pubblico","robots":{"index":"noindex","follow":"follow","max-snippet":"max-snippet:-1","max-image-preview":"max-image-preview:large","max-video-preview":"max-video-preview:-1"},"og_locale":"it_IT","og_type":"article","og_title":"Relazione 2018 del Procuratore nazionale e della Direzione nazionale antimafia e antiterrorismo - Staging Avviso Pubblico","og_description":"Premessa. La Direzione Nazionale Antimafia e Antiterrorismo ha presentato nel luglio 2018 la Relazione annuale sulle attivit\u00e0 svolte dal Procuratore nazionale e dalla Direzione nazionale&nbsp;[&hellip;]Leggi tutto Relazione 2018 del Procuratore nazionale e della Direzione nazionale antimafia e antiterrorismo &rarr;","og_url":"https:\/\/welaikaadv.site\/avviso\/home\/cosa-facciamo\/informare\/documenti-tematici\/mafie\/relazione-2018-del-procuratore-nazionale-e-della-direzione-nazionale-antimafia-e-antiterrorismo\/","og_site_name":"Staging Avviso Pubblico","twitter_card":"summary_large_image","twitter_misc":{"Tempo di lettura stimato":"5 minuti"},"schema":{"@context":"https:\/\/schema.org","@graph":[{"@type":"WebPage","@id":"https:\/\/welaikaadv.site\/avviso\/home\/cosa-facciamo\/informare\/documenti-tematici\/mafie\/relazione-2018-del-procuratore-nazionale-e-della-direzione-nazionale-antimafia-e-antiterrorismo\/","url":"https:\/\/welaikaadv.site\/avviso\/home\/cosa-facciamo\/informare\/documenti-tematici\/mafie\/relazione-2018-del-procuratore-nazionale-e-della-direzione-nazionale-antimafia-e-antiterrorismo\/","name":"Relazione 2018 del Procuratore nazionale e della Direzione nazionale antimafia e antiterrorismo - Staging Avviso Pubblico","isPartOf":{"@id":"https:\/\/welaikaadv.site\/avviso\/#website"},"datePublished":"2019-02-22T14:39:26+00:00","breadcrumb":{"@id":"https:\/\/welaikaadv.site\/avviso\/home\/cosa-facciamo\/informare\/documenti-tematici\/mafie\/relazione-2018-del-procuratore-nazionale-e-della-direzione-nazionale-antimafia-e-antiterrorismo\/#breadcrumb"},"inLanguage":"it-IT","potentialAction":[{"@type":"ReadAction","target":["https:\/\/welaikaadv.site\/avviso\/home\/cosa-facciamo\/informare\/documenti-tematici\/mafie\/relazione-2018-del-procuratore-nazionale-e-della-direzione-nazionale-antimafia-e-antiterrorismo\/"]}]},{"@type":"BreadcrumbList","@id":"https:\/\/welaikaadv.site\/avviso\/home\/cosa-facciamo\/informare\/documenti-tematici\/mafie\/relazione-2018-del-procuratore-nazionale-e-della-direzione-nazionale-antimafia-e-antiterrorismo\/#breadcrumb","itemListElement":[{"@type":"ListItem","position":1,"name":"Home","item":"https:\/\/welaikaadv.site\/avviso\/"},{"@type":"ListItem","position":2,"name":"Relazione 2018 del Procuratore nazionale e della Direzione nazionale antimafia e antiterrorismo"}]},{"@type":"WebSite","@id":"https:\/\/welaikaadv.site\/avviso\/#website","url":"https:\/\/welaikaadv.site\/avviso\/","name":"Staging Avviso Pubblico","description":"","publisher":{"@id":"https:\/\/welaikaadv.site\/avviso\/#organization"},"potentialAction":[{"@type":"SearchAction","target":{"@type":"EntryPoint","urlTemplate":"https:\/\/welaikaadv.site\/avviso\/?s={search_term_string}"},"query-input":{"@type":"PropertyValueSpecification","valueRequired":true,"valueName":"search_term_string"}}],"inLanguage":"it-IT"},{"@type":"Organization","@id":"https:\/\/welaikaadv.site\/avviso\/#organization","name":"Staging Avviso Pubblico","url":"https:\/\/welaikaadv.site\/avviso\/","logo":{"@type":"ImageObject","inLanguage":"it-IT","@id":"https:\/\/welaikaadv.site\/avviso\/#\/schema\/logo\/image\/","url":"https:\/\/welaikaadv.site\/avviso\/wp-content\/uploads\/2024\/08\/logoAPsito-400.png","contentUrl":"https:\/\/welaikaadv.site\/avviso\/wp-content\/uploads\/2024\/08\/logoAPsito-400.png","width":400,"height":97,"caption":"Staging Avviso Pubblico"},"image":{"@id":"https:\/\/welaikaadv.site\/avviso\/#\/schema\/logo\/image\/"}}]}},"_links":{"self":[{"href":"https:\/\/welaikaadv.site\/avviso\/wp-json\/wp\/v2\/pages\/31153","targetHints":{"allow":["GET"]}}],"collection":[{"href":"https:\/\/welaikaadv.site\/avviso\/wp-json\/wp\/v2\/pages"}],"about":[{"href":"https:\/\/welaikaadv.site\/avviso\/wp-json\/wp\/v2\/types\/page"}],"author":[{"embeddable":true,"href":"https:\/\/welaikaadv.site\/avviso\/wp-json\/wp\/v2\/users\/1"}],"replies":[{"embeddable":true,"href":"https:\/\/welaikaadv.site\/avviso\/wp-json\/wp\/v2\/comments?post=31153"}],"version-history":[{"count":0,"href":"https:\/\/welaikaadv.site\/avviso\/wp-json\/wp\/v2\/pages\/31153\/revisions"}],"up":[{"embeddable":true,"href":"https:\/\/welaikaadv.site\/avviso\/wp-json\/wp\/v2\/pages\/207"}],"wp:attachment":[{"href":"https:\/\/welaikaadv.site\/avviso\/wp-json\/wp\/v2\/media?parent=31153"}],"curies":[{"name":"wp","href":"https:\/\/api.w.org\/{rel}","templated":true}]}}