{"id":31965,"date":"2019-05-31T10:34:05","date_gmt":"2019-05-31T08:34:05","guid":{"rendered":"https:\/\/www.avvisopubblico.it\/home\/?page_id=31965"},"modified":"2019-05-31T10:34:05","modified_gmt":"2019-05-31T08:34:05","slug":"lapp-dei-monopoli-a-disposizione-degli-enti-locali-per-monitorare-il-rispetto-delle-ordinanze-sugli-orari-di-gioco","status":"publish","type":"page","link":"https:\/\/welaikaadv.site\/avviso\/home\/cosa-facciamo\/informare\/documenti-tematici\/gioco-dazzardo\/lapp-dei-monopoli-a-disposizione-degli-enti-locali-per-monitorare-il-rispetto-delle-ordinanze-sugli-orari-di-gioco\/","title":{"rendered":"SMART: l&#8217;APP dei Monopoli per monitorare il rispetto delle ordinanze sugli orari di gioco"},"content":{"rendered":"<p><strong>Premessa. <\/strong>Il Comma 569 dell&#8217;ultima legge di Bilancio (<a href=\"https:\/\/welaikaadv.site\/avviso\/home\/cosa-facciamo\/informare\/documenti-tematici\/gioco-dazzardo\/legge-di-bilancio-2019-e-decreto-fiscale-sintesi-dei-provvedimenti-relativi-al-gioco-dazzardo\/\">la n.145 del 30 dicembre 2018<\/a>) prevede che \u201cal fine di rendere effettive le norme degli\u00a0 Enti\u00a0 locali\u00a0 che disciplinano l\u2019orario di funzionamento degli\u00a0 apparecchi\u201d, a partire dal 1\u00b0luglio 2019 Comuni ed Enti locali potranno rivolgersi all\u2019Agenzia delle Dogane e dei Monopoli per verificare l\u2019effettiva applicazione delle ordinanze emanate sulle limitazioni degli orari da gioco relative agli apparecchi da intrattenimento (leggi questa scheda). Una possibilit\u00e0 al momento limitata alla sole Videolottery (VLT), mentre per quanto concerne le slot machine (AWP) la disposizione \u00e8 rimandata all\u2019effettiva introduzione delle AWPR, le slot di nuova generazione a controllo remoto, prorogata al 2020.<\/p>\n<p><strong>I Monopoli presentano l&#8217;applicazione SMART<\/strong>. Nel corso di un&#8217;audizione presso la Commissione Finanze della Camera, tenutasi il 6 marzo 2019, sono intervenuti il Direttore dell&#8217;Agenzia delle Dogane e dei Monopoli, Benedetto Mineo e Carla Ramella, responsabile Direzione Dogane e Monopoli di Sogei, i quali hanno presentato ai commissari l&#8217;applicazione denominata SMART (Statistica e Monitoraggio della Raccolta Territoriale), che sar\u00e0 messa a disposizione degli Enti locali per monitorare il flusso di gioco su rete fisica e\u00a0la verifica<strong> dell\u2019effettiva applicazione delle ordinanze emanate sulle limitazioni degli orari di gioco, <\/strong>relative agli apparecchi da intrattenimento VLT.<\/p>\n<p>L&#8217;applicazione SMART, attualmente in fase di collaudo, rappresenter\u00e0 <strong>due categorie di informazioni: i volumi di gioco su rete fisica e i punti vendita<\/strong>. I dati relativi ai volumi di gioco ad oggi disponibili si riferiscono all&#8217;ultimo triennio (2016-2018) e saranno <strong>implementati, con cadenza trimestrale, con i dati dell&#8217;anno in corso<\/strong>. I punti vendita saranno visualizzabili attraverso una rappresentazione cartografica.<\/p>\n<p>Un ulteriore funzione consentir\u00e0 la <strong>visualizzazione delle mappe in cui sono evidenziati \u2013 o possono essere integrati se non presenti &#8211; i POI (<em lang=\"en\">Point of Interest<\/em>).<\/strong> Un supporto utile per tracciare le attivit\u00e0 gi\u00e0 presenti e quelle che richiedono un&#8217;autorizzazione ad esercitare, in relazione alle distanze dai luoghi sensibili (<strong>clicca qui per approfondire<\/strong>). Le mappe indicheranno scuole, ospedali e luoghi di culto, oltre ai luoghi privati attivi come esercizi che ospitano <abbr title=\"Amusement with Prizes\">AWP<\/abbr>, sale VLT, sale scommesse, sale Bingo, etc.<\/p>\n<p>A partire dal mese di luglio sar\u00e0 resa disponibile la terza funzionalit\u00e0, relativa al monitoraggio degli orari di accensione degli apparecchi VLT. Il Comune potr\u00e0 inserire i dati delle proprie ordinanze e regolamenti &#8211; che prevedono lo spegnimento degli apparecchi in determinate fasce orarie &#8211;<strong>ricevendo segnalazioni sulle sale da gioco, gli esercizi commerciali e\u00a0 sui singoli apparecchi che hanno violato le restrizioni<\/strong>.<\/p>\n<p style=\"text-align: center;\"><a href=\"https:\/\/webtv.camera.it\/evento\/13909\">AUDIZIONE della dott.ssa RAMELLA (<strong>dal minuto 05.37)<\/strong><\/a><\/p>\n<p>Il 24 marzo 2019, attraverso una nota a firma di un dirigente, l&#8217;ADM ha specificato che il provvedimento con il quale saranno definite <strong>le modalit\u00e0 tecniche di abilitazione e di accesso all\u2019applicazione<\/strong> per la messa a disposizione degli orari di funzionamento degli apparecchi VLT <strong>verr\u00e0 emanato\u00a0 entro il 1\u00b0 giugno 2019<\/strong>: \u201cI Comuni interessati sul cui territorio di competenza sono installati apparecchi Vlt potranno inoltrare le istanze di abilitazione per l\u2019accesso all\u2019applicativo attenendosi alle istruzioni operative fornite nel predetto provvedimento&#8221;.<\/p>\n<p><strong>Le modalit\u00e0 di accesso<\/strong>. Il 31 maggio 2019 l\u2019Agenzia delle Dogane e dei Monopoli ha pubblicato una\u00a0<a href=\"https:\/\/welaikaadv.site\/avviso\/wp-content\/uploads\/2019\/06\/Determinazione-25231-del-31.05.2019-attuazione-D.D.-31516-del-22.02.2019.pdf\"><strong>Determinazione<\/strong><\/a> sulle modalit\u00e0 tecniche di abilitazione e di accesso all\u2019applicazione \u201cSMART\u201d. Il 26 novembre 2019 \u00e8 stato emanato un comunicato con annessa \u00a0<strong><a href=\"https:\/\/welaikaadv.site\/avviso\/wp-content\/uploads\/2019\/11\/Comunicato-SMART-rev.5-19143-del26112019-HOME-PAGE.pdf\">GUIDA OPERATIVA<\/a><\/strong><\/p>\n<p><strong>Il ricorso al TAR<\/strong>. Nel mese di gennaio 2020 il TAR del Lazio ha respinto un ricorso presentato da alcuni concessionari contro l&#8217;applicativo &#8220;SMART&#8221;. (<a href=\"https:\/\/welaikaadv.site\/avviso\/wp-content\/uploads\/2020\/01\/Sentenza-TAR-Lazio-24-gennaio-2020.pdf\">Qui il testo integrale della sentenza<\/a>)<\/p>\n<p style=\"text-align: right;\">(<em>a cura di <a href=\"mailto:claudio.forleo@avvisopubblico.it\"><strong>Claudio Forleo<\/strong><\/a>, giornalista<\/em>)<\/p>\n<p>&nbsp;<\/p>\n","protected":false},"excerpt":{"rendered":"<p>Premessa. Il Comma 569 dell&#8217;ultima legge di Bilancio (la n.145 del 30 dicembre 2018) prevede che \u201cal fine di rendere effettive le norme degli\u00a0 Enti\u00a0&nbsp;<span class=\"hellipsis\">[&hellip;]<\/span><a class=\"more-link\" href=\"https:\/\/welaikaadv.site\/avviso\/home\/cosa-facciamo\/informare\/documenti-tematici\/gioco-dazzardo\/lapp-dei-monopoli-a-disposizione-degli-enti-locali-per-monitorare-il-rispetto-delle-ordinanze-sugli-orari-di-gioco\/\">Leggi tutto <span class=\"screen-reader-text\">SMART: l&#8217;APP dei Monopoli per monitorare il rispetto delle ordinanze sugli orari di gioco<\/span> <span class=\"meta-nav\" aria-hidden=\"true\">&rarr;<\/span><\/a><\/p>\n","protected":false},"author":1,"featured_media":0,"parent":202,"menu_order":0,"comment_status":"closed","ping_status":"closed","template":"","meta":{"_acf_changed":false,"_exactmetrics_skip_tracking":false,"_exactmetrics_sitenote_active":false,"_exactmetrics_sitenote_note":"","_exactmetrics_sitenote_category":0,"wp_social_preview_title":"","wp_social_preview_description":"","wp_social_preview_image":0,"footnotes":""},"class_list":["post-31965","page","type-page","status-publish","hentry"],"acf":[],"yoast_head":"<!-- This site is optimized with the Yoast SEO plugin v27.2 - https:\/\/yoast.com\/product\/yoast-seo-wordpress\/ -->\n<title>SMART: l&#039;APP dei Monopoli per monitorare il rispetto delle ordinanze sugli orari di gioco - Staging Avviso Pubblico<\/title>\n<meta name=\"robots\" content=\"noindex, follow, max-snippet:-1, max-image-preview:large, max-video-preview:-1\" \/>\n<meta property=\"og:locale\" content=\"it_IT\" \/>\n<meta property=\"og:type\" content=\"article\" \/>\n<meta property=\"og:title\" content=\"SMART: l&#039;APP dei Monopoli per monitorare il rispetto delle ordinanze sugli orari di gioco - Staging Avviso Pubblico\" \/>\n<meta property=\"og:description\" content=\"Premessa. Il Comma 569 dell&#8217;ultima legge di Bilancio (la n.145 del 30 dicembre 2018) prevede che \u201cal fine di rendere effettive le norme degli\u00a0 Enti\u00a0&nbsp;[&hellip;]Leggi tutto SMART: l&#8217;APP dei Monopoli per monitorare il rispetto delle ordinanze sugli orari di gioco &rarr;\" \/>\n<meta property=\"og:url\" content=\"https:\/\/welaikaadv.site\/avviso\/home\/cosa-facciamo\/informare\/documenti-tematici\/gioco-dazzardo\/lapp-dei-monopoli-a-disposizione-degli-enti-locali-per-monitorare-il-rispetto-delle-ordinanze-sugli-orari-di-gioco\/\" \/>\n<meta property=\"og:site_name\" content=\"Staging Avviso Pubblico\" \/>\n<meta name=\"twitter:card\" content=\"summary_large_image\" \/>\n<meta name=\"twitter:label1\" content=\"Tempo di lettura stimato\" \/>\n\t<meta name=\"twitter:data1\" content=\"3 minuti\" \/>\n<script type=\"application\/ld+json\" class=\"yoast-schema-graph\">{\"@context\":\"https:\/\/schema.org\",\"@graph\":[{\"@type\":\"WebPage\",\"@id\":\"https:\/\/welaikaadv.site\/avviso\/home\/cosa-facciamo\/informare\/documenti-tematici\/gioco-dazzardo\/lapp-dei-monopoli-a-disposizione-degli-enti-locali-per-monitorare-il-rispetto-delle-ordinanze-sugli-orari-di-gioco\/\",\"url\":\"https:\/\/welaikaadv.site\/avviso\/home\/cosa-facciamo\/informare\/documenti-tematici\/gioco-dazzardo\/lapp-dei-monopoli-a-disposizione-degli-enti-locali-per-monitorare-il-rispetto-delle-ordinanze-sugli-orari-di-gioco\/\",\"name\":\"SMART: l'APP dei Monopoli per monitorare il rispetto delle ordinanze sugli orari di gioco - Staging Avviso Pubblico\",\"isPartOf\":{\"@id\":\"https:\/\/welaikaadv.site\/avviso\/#website\"},\"datePublished\":\"2019-05-31T08:34:05+00:00\",\"breadcrumb\":{\"@id\":\"https:\/\/welaikaadv.site\/avviso\/home\/cosa-facciamo\/informare\/documenti-tematici\/gioco-dazzardo\/lapp-dei-monopoli-a-disposizione-degli-enti-locali-per-monitorare-il-rispetto-delle-ordinanze-sugli-orari-di-gioco\/#breadcrumb\"},\"inLanguage\":\"it-IT\",\"potentialAction\":[{\"@type\":\"ReadAction\",\"target\":[\"https:\/\/welaikaadv.site\/avviso\/home\/cosa-facciamo\/informare\/documenti-tematici\/gioco-dazzardo\/lapp-dei-monopoli-a-disposizione-degli-enti-locali-per-monitorare-il-rispetto-delle-ordinanze-sugli-orari-di-gioco\/\"]}]},{\"@type\":\"BreadcrumbList\",\"@id\":\"https:\/\/welaikaadv.site\/avviso\/home\/cosa-facciamo\/informare\/documenti-tematici\/gioco-dazzardo\/lapp-dei-monopoli-a-disposizione-degli-enti-locali-per-monitorare-il-rispetto-delle-ordinanze-sugli-orari-di-gioco\/#breadcrumb\",\"itemListElement\":[{\"@type\":\"ListItem\",\"position\":1,\"name\":\"Home\",\"item\":\"https:\/\/welaikaadv.site\/avviso\/\"},{\"@type\":\"ListItem\",\"position\":2,\"name\":\"SMART: l&#8217;APP dei Monopoli per monitorare il rispetto delle ordinanze sugli orari di gioco\"}]},{\"@type\":\"WebSite\",\"@id\":\"https:\/\/welaikaadv.site\/avviso\/#website\",\"url\":\"https:\/\/welaikaadv.site\/avviso\/\",\"name\":\"Staging Avviso Pubblico\",\"description\":\"\",\"publisher\":{\"@id\":\"https:\/\/welaikaadv.site\/avviso\/#organization\"},\"potentialAction\":[{\"@type\":\"SearchAction\",\"target\":{\"@type\":\"EntryPoint\",\"urlTemplate\":\"https:\/\/welaikaadv.site\/avviso\/?s={search_term_string}\"},\"query-input\":{\"@type\":\"PropertyValueSpecification\",\"valueRequired\":true,\"valueName\":\"search_term_string\"}}],\"inLanguage\":\"it-IT\"},{\"@type\":\"Organization\",\"@id\":\"https:\/\/welaikaadv.site\/avviso\/#organization\",\"name\":\"Staging Avviso Pubblico\",\"url\":\"https:\/\/welaikaadv.site\/avviso\/\",\"logo\":{\"@type\":\"ImageObject\",\"inLanguage\":\"it-IT\",\"@id\":\"https:\/\/welaikaadv.site\/avviso\/#\/schema\/logo\/image\/\",\"url\":\"https:\/\/welaikaadv.site\/avviso\/wp-content\/uploads\/2024\/08\/logoAPsito-400.png\",\"contentUrl\":\"https:\/\/welaikaadv.site\/avviso\/wp-content\/uploads\/2024\/08\/logoAPsito-400.png\",\"width\":400,\"height\":97,\"caption\":\"Staging Avviso Pubblico\"},\"image\":{\"@id\":\"https:\/\/welaikaadv.site\/avviso\/#\/schema\/logo\/image\/\"}}]}<\/script>\n<!-- \/ Yoast SEO plugin. -->","yoast_head_json":{"title":"SMART: l'APP dei Monopoli per monitorare il rispetto delle ordinanze sugli orari di gioco - Staging Avviso Pubblico","robots":{"index":"noindex","follow":"follow","max-snippet":"max-snippet:-1","max-image-preview":"max-image-preview:large","max-video-preview":"max-video-preview:-1"},"og_locale":"it_IT","og_type":"article","og_title":"SMART: l'APP dei Monopoli per monitorare il rispetto delle ordinanze sugli orari di gioco - Staging Avviso Pubblico","og_description":"Premessa. Il Comma 569 dell&#8217;ultima legge di Bilancio (la n.145 del 30 dicembre 2018) prevede che \u201cal fine di rendere effettive le norme degli\u00a0 Enti\u00a0&nbsp;[&hellip;]Leggi tutto SMART: l&#8217;APP dei Monopoli per monitorare il rispetto delle ordinanze sugli orari di gioco &rarr;","og_url":"https:\/\/welaikaadv.site\/avviso\/home\/cosa-facciamo\/informare\/documenti-tematici\/gioco-dazzardo\/lapp-dei-monopoli-a-disposizione-degli-enti-locali-per-monitorare-il-rispetto-delle-ordinanze-sugli-orari-di-gioco\/","og_site_name":"Staging Avviso Pubblico","twitter_card":"summary_large_image","twitter_misc":{"Tempo di lettura stimato":"3 minuti"},"schema":{"@context":"https:\/\/schema.org","@graph":[{"@type":"WebPage","@id":"https:\/\/welaikaadv.site\/avviso\/home\/cosa-facciamo\/informare\/documenti-tematici\/gioco-dazzardo\/lapp-dei-monopoli-a-disposizione-degli-enti-locali-per-monitorare-il-rispetto-delle-ordinanze-sugli-orari-di-gioco\/","url":"https:\/\/welaikaadv.site\/avviso\/home\/cosa-facciamo\/informare\/documenti-tematici\/gioco-dazzardo\/lapp-dei-monopoli-a-disposizione-degli-enti-locali-per-monitorare-il-rispetto-delle-ordinanze-sugli-orari-di-gioco\/","name":"SMART: l'APP dei Monopoli per monitorare il rispetto delle ordinanze sugli orari di gioco - Staging Avviso Pubblico","isPartOf":{"@id":"https:\/\/welaikaadv.site\/avviso\/#website"},"datePublished":"2019-05-31T08:34:05+00:00","breadcrumb":{"@id":"https:\/\/welaikaadv.site\/avviso\/home\/cosa-facciamo\/informare\/documenti-tematici\/gioco-dazzardo\/lapp-dei-monopoli-a-disposizione-degli-enti-locali-per-monitorare-il-rispetto-delle-ordinanze-sugli-orari-di-gioco\/#breadcrumb"},"inLanguage":"it-IT","potentialAction":[{"@type":"ReadAction","target":["https:\/\/welaikaadv.site\/avviso\/home\/cosa-facciamo\/informare\/documenti-tematici\/gioco-dazzardo\/lapp-dei-monopoli-a-disposizione-degli-enti-locali-per-monitorare-il-rispetto-delle-ordinanze-sugli-orari-di-gioco\/"]}]},{"@type":"BreadcrumbList","@id":"https:\/\/welaikaadv.site\/avviso\/home\/cosa-facciamo\/informare\/documenti-tematici\/gioco-dazzardo\/lapp-dei-monopoli-a-disposizione-degli-enti-locali-per-monitorare-il-rispetto-delle-ordinanze-sugli-orari-di-gioco\/#breadcrumb","itemListElement":[{"@type":"ListItem","position":1,"name":"Home","item":"https:\/\/welaikaadv.site\/avviso\/"},{"@type":"ListItem","position":2,"name":"SMART: l&#8217;APP dei Monopoli per monitorare il rispetto delle ordinanze sugli orari di gioco"}]},{"@type":"WebSite","@id":"https:\/\/welaikaadv.site\/avviso\/#website","url":"https:\/\/welaikaadv.site\/avviso\/","name":"Staging Avviso Pubblico","description":"","publisher":{"@id":"https:\/\/welaikaadv.site\/avviso\/#organization"},"potentialAction":[{"@type":"SearchAction","target":{"@type":"EntryPoint","urlTemplate":"https:\/\/welaikaadv.site\/avviso\/?s={search_term_string}"},"query-input":{"@type":"PropertyValueSpecification","valueRequired":true,"valueName":"search_term_string"}}],"inLanguage":"it-IT"},{"@type":"Organization","@id":"https:\/\/welaikaadv.site\/avviso\/#organization","name":"Staging Avviso Pubblico","url":"https:\/\/welaikaadv.site\/avviso\/","logo":{"@type":"ImageObject","inLanguage":"it-IT","@id":"https:\/\/welaikaadv.site\/avviso\/#\/schema\/logo\/image\/","url":"https:\/\/welaikaadv.site\/avviso\/wp-content\/uploads\/2024\/08\/logoAPsito-400.png","contentUrl":"https:\/\/welaikaadv.site\/avviso\/wp-content\/uploads\/2024\/08\/logoAPsito-400.png","width":400,"height":97,"caption":"Staging Avviso Pubblico"},"image":{"@id":"https:\/\/welaikaadv.site\/avviso\/#\/schema\/logo\/image\/"}}]}},"_links":{"self":[{"href":"https:\/\/welaikaadv.site\/avviso\/wp-json\/wp\/v2\/pages\/31965","targetHints":{"allow":["GET"]}}],"collection":[{"href":"https:\/\/welaikaadv.site\/avviso\/wp-json\/wp\/v2\/pages"}],"about":[{"href":"https:\/\/welaikaadv.site\/avviso\/wp-json\/wp\/v2\/types\/page"}],"author":[{"embeddable":true,"href":"https:\/\/welaikaadv.site\/avviso\/wp-json\/wp\/v2\/users\/1"}],"replies":[{"embeddable":true,"href":"https:\/\/welaikaadv.site\/avviso\/wp-json\/wp\/v2\/comments?post=31965"}],"version-history":[{"count":0,"href":"https:\/\/welaikaadv.site\/avviso\/wp-json\/wp\/v2\/pages\/31965\/revisions"}],"up":[{"embeddable":true,"href":"https:\/\/welaikaadv.site\/avviso\/wp-json\/wp\/v2\/pages\/202"}],"wp:attachment":[{"href":"https:\/\/welaikaadv.site\/avviso\/wp-json\/wp\/v2\/media?parent=31965"}],"curies":[{"name":"wp","href":"https:\/\/api.w.org\/{rel}","templated":true}]}}