{"id":3220,"date":"2014-12-18T11:29:32","date_gmt":"2014-12-18T10:29:32","guid":{"rendered":"http:\/\/www.avvisopubblico.it\/osservatorio\/?page_id=3220"},"modified":"2014-12-18T11:29:32","modified_gmt":"2014-12-18T10:29:32","slug":"legge-n-187-del-2014-rientro-di-capitali-detenuti-allestero-lotta-allevasione-fiscale-e-autoriciclaggio","status":"publish","type":"page","link":"https:\/\/welaikaadv.site\/avviso\/home\/cosa-facciamo\/informare\/osservatorio-parlamentare\/attivita-legislativa\/legge-n-187-del-2014-rientro-di-capitali-detenuti-allestero-lotta-allevasione-fiscale-e-autoriciclaggio\/","title":{"rendered":"Legge n. 186 del 2014 \u2013 Rientro di capitali detenuti all&#8217;estero, lotta all&#8217;evasione fiscale e autoriciclaggio"},"content":{"rendered":"<p>Nell\u2019ambito della <a href=\"http:\/\/www.normattiva.it\/uri-res\/N2Ls?urn:nir:stato:legge:2014;186\"><strong>legge n. 186 del\u00a02014<\/strong><\/a> <em>Disposizioni in materia di emersione e rientro di capitali detenuti all&#8217;estero nonche&#8217; per il potenziamento della lotta all&#8217;evasione fiscale. Disposizioni in materia di autoriciclaggio<\/em>, l\u2019art. 3 modifica le sanzioni per i reati di riciclaggio ed introduce il reato di autoriciclaggio. In particolare:<\/p>\n<ul>\n<li>sono aumentate le sanzioni per i reati di cui agli artt. 648 <em>bis<\/em> del codice penale (Riciclaggio) e 648 ter del codice penale (Impiego di denaro, beni o utilit\u00e0 di provenienza illecita);<\/li>\n<li>\u00e8 introdotto l\u2019art. 648 <em>ter<\/em>.1 nel codice penale (Autoriciclaggio) che riguarda colui che \u201cavendo commesso o concorso a commettere un delitto non colposo, impiega, sostituisce, trasferisce, in attivit\u00e0 economiche, finanziarie, imprenditoriali o speculative, il denaro, i beni o le altre utilit\u00e0 provenienti dalla commissione di tale delitto, in modo da ostacolare concretamente l&#8217;identificazione della loro provenienza delittuosa\u201d. Il reato \u00e8 punito con la pena della reclusione da due a otto anni. Una causa speciale di non punibilit\u00e0 \u00e8 prevista per chi limita al mero godimento personale la fruizione dei beni oggetto del delitto di autoriciclaggio, mentre \u00e8 prevista un&#8217;aggravante se il delitto \u00e8 commesso nell&#8217;esercizio di attivit\u00e0 bancaria e finanziaria. E\u2019 disposta una riduzione della pena alla met\u00e0 per chi si sia adoperato per evitare che le condotte sortiscano ulteriori conseguenze o per assicurare le prove del reato. Anche per il reato di autoriciclaggio \u00e8 prevista la confisca dei beni (nuovo testo dell\u2019art. 648 <em>quater<\/em>).<\/li>\n<\/ul>\n<p><em>Per un\u2019analisi dettagliata dell\u2019intero provvedimento vedi il <strong><a href=\"http:\/\/documenti.camera.it\/Leg17\/Dossier\/Pdf\/FI0142B.Pdf\">dossier<\/a><\/strong><em> predisposto dal Servizio Studi della Camera<\/em><\/em><em>. Per informazioni sull\u2019iter parlamentare clicca <\/em><strong><a href=\"http:\/\/www.senato.it\/leg\/17\/BGT\/Schede\/Ddliter\/44896.htm\">qui<\/a><\/strong><em>:<\/em><em> sulle problematiche dei reati di riciclaggio e autoriciclaggio vedi in particolare il dibattito in Commissione Giustizia (ed i documenti acquisiti nel corso delle audizioni del <a href=\"http:\/\/www.senato.it\/application\/xmanager\/projects\/leg17\/attachments\/documento_evento_procedura_commissione\/files\/000\/002\/134\/raccolta_contributi_20_novembre_2014.pdf\"><strong><em>20.11.2014<\/em><\/strong><\/a><em> e del <\/em><a href=\"http:\/\/www.senato.it\/application\/xmanager\/projects\/leg17\/attachments\/documento_evento_procedura_commissione\/files\/000\/002\/135\/raccolta_contributi_25_novembre_2014.pdf\"><strong><em>25.11.2014<\/em><\/strong><\/a><em>)\u00a0<\/em>e l\u2019ordine del giorno accolto dal Governo durante la discussione in Assemblea al Senato del <\/em><strong><a href=\"http:\/\/www.senato.it\/japp\/bgt\/showdoc\/frame.jsp?tipodoc=Resaula&amp;leg=17&amp;id=816000\">4 dicembre 2014<\/a><\/strong><em> (o.d.g. G3.100 testo 3), volto ad una ridefinizione dei reati di riciclaggio e autoriciclaggio e delle relative sanzioni nell\u2019ambito delle misure di contrasto della criminalit\u00e0 organizzata dei patrimoni illeciti, attualmente all\u2019esame dello stesso Senato (clicca <\/em><a href=\"\/home\/home\/cosa-facciamo\/informare\/osservatorio-parlamentare\/attivita-legislativa\/progetti-di-legge-in-discussione\/quadro-generale-dellattivita-legislativa-in-corso\/\"><strong>qui<\/strong><\/a><em>).\u00a0<\/em><em>Per una valutazione generale delle nuove disposizioni in materia di autoriciclaggio in relazione alla normativa sul riciclaggio leggi questo <strong><a href=\"http:\/\/www.questionegiustizia.it\/articolo\/riciclaggio-ed-autoriclaggio_14-05-2015.php\">articolo<\/a><\/strong> del sostituto procuratore della repubblica presso il tribunale di Pistoia.\u00a0<\/em><\/p>\n<p>(ultimo aggiornamento maggio 2015)<\/p>\n","protected":false},"excerpt":{"rendered":"<p>Nell\u2019ambito della legge n. 186 del\u00a02014 Disposizioni in materia di emersione e rientro di capitali detenuti all&#8217;estero nonche&#8217; per il potenziamento della lotta all&#8217;evasione fiscale.&nbsp;<span class=\"hellipsis\">[&hellip;]<\/span><a class=\"more-link\" href=\"https:\/\/welaikaadv.site\/avviso\/home\/cosa-facciamo\/informare\/osservatorio-parlamentare\/attivita-legislativa\/legge-n-187-del-2014-rientro-di-capitali-detenuti-allestero-lotta-allevasione-fiscale-e-autoriciclaggio\/\">Leggi tutto <span class=\"screen-reader-text\">Legge n. 186 del 2014 \u2013 Rientro di capitali detenuti all&#8217;estero, lotta all&#8217;evasione fiscale e autoriciclaggio<\/span> <span class=\"meta-nav\" aria-hidden=\"true\">&rarr;<\/span><\/a><\/p>\n","protected":false},"author":1,"featured_media":0,"parent":2537,"menu_order":0,"comment_status":"closed","ping_status":"closed","template":"","meta":{"_acf_changed":false,"_exactmetrics_skip_tracking":false,"_exactmetrics_sitenote_active":false,"_exactmetrics_sitenote_note":"","_exactmetrics_sitenote_category":0,"wp_social_preview_title":"","wp_social_preview_description":"","wp_social_preview_image":0,"footnotes":""},"class_list":["post-3220","page","type-page","status-publish","hentry"],"acf":[],"yoast_head":"<!-- This site is optimized with the Yoast SEO plugin v27.2 - https:\/\/yoast.com\/product\/yoast-seo-wordpress\/ -->\n<title>Legge n. 186 del 2014 \u2013 Rientro di capitali detenuti all&#039;estero, lotta all&#039;evasione fiscale e autoriciclaggio - Staging Avviso Pubblico<\/title>\n<meta name=\"robots\" content=\"noindex, follow, max-snippet:-1, max-image-preview:large, max-video-preview:-1\" \/>\n<meta property=\"og:locale\" content=\"it_IT\" \/>\n<meta property=\"og:type\" content=\"article\" \/>\n<meta property=\"og:title\" content=\"Legge n. 186 del 2014 \u2013 Rientro di capitali detenuti all&#039;estero, lotta all&#039;evasione fiscale e autoriciclaggio - Staging Avviso Pubblico\" \/>\n<meta property=\"og:description\" content=\"Nell\u2019ambito della legge n. 186 del\u00a02014 Disposizioni in materia di emersione e rientro di capitali detenuti all&#8217;estero nonche&#8217; per il potenziamento della lotta all&#8217;evasione fiscale.&nbsp;[&hellip;]Leggi tutto Legge n. 186 del 2014 \u2013 Rientro di capitali detenuti all&#8217;estero, lotta all&#8217;evasione fiscale e autoriciclaggio &rarr;\" \/>\n<meta property=\"og:url\" content=\"https:\/\/welaikaadv.site\/avviso\/home\/cosa-facciamo\/informare\/osservatorio-parlamentare\/attivita-legislativa\/legge-n-187-del-2014-rientro-di-capitali-detenuti-allestero-lotta-allevasione-fiscale-e-autoriciclaggio\/\" \/>\n<meta property=\"og:site_name\" content=\"Staging Avviso Pubblico\" \/>\n<meta name=\"twitter:card\" content=\"summary_large_image\" \/>\n<meta name=\"twitter:label1\" content=\"Tempo di lettura stimato\" \/>\n\t<meta name=\"twitter:data1\" content=\"2 minuti\" \/>\n<script type=\"application\/ld+json\" class=\"yoast-schema-graph\">{\"@context\":\"https:\/\/schema.org\",\"@graph\":[{\"@type\":\"WebPage\",\"@id\":\"https:\/\/welaikaadv.site\/avviso\/home\/cosa-facciamo\/informare\/osservatorio-parlamentare\/attivita-legislativa\/legge-n-187-del-2014-rientro-di-capitali-detenuti-allestero-lotta-allevasione-fiscale-e-autoriciclaggio\/\",\"url\":\"https:\/\/welaikaadv.site\/avviso\/home\/cosa-facciamo\/informare\/osservatorio-parlamentare\/attivita-legislativa\/legge-n-187-del-2014-rientro-di-capitali-detenuti-allestero-lotta-allevasione-fiscale-e-autoriciclaggio\/\",\"name\":\"Legge n. 186 del 2014 \u2013 Rientro di capitali detenuti all'estero, lotta all'evasione fiscale e autoriciclaggio - Staging Avviso Pubblico\",\"isPartOf\":{\"@id\":\"https:\/\/welaikaadv.site\/avviso\/#website\"},\"datePublished\":\"2014-12-18T10:29:32+00:00\",\"breadcrumb\":{\"@id\":\"https:\/\/welaikaadv.site\/avviso\/home\/cosa-facciamo\/informare\/osservatorio-parlamentare\/attivita-legislativa\/legge-n-187-del-2014-rientro-di-capitali-detenuti-allestero-lotta-allevasione-fiscale-e-autoriciclaggio\/#breadcrumb\"},\"inLanguage\":\"it-IT\",\"potentialAction\":[{\"@type\":\"ReadAction\",\"target\":[\"https:\/\/welaikaadv.site\/avviso\/home\/cosa-facciamo\/informare\/osservatorio-parlamentare\/attivita-legislativa\/legge-n-187-del-2014-rientro-di-capitali-detenuti-allestero-lotta-allevasione-fiscale-e-autoriciclaggio\/\"]}]},{\"@type\":\"BreadcrumbList\",\"@id\":\"https:\/\/welaikaadv.site\/avviso\/home\/cosa-facciamo\/informare\/osservatorio-parlamentare\/attivita-legislativa\/legge-n-187-del-2014-rientro-di-capitali-detenuti-allestero-lotta-allevasione-fiscale-e-autoriciclaggio\/#breadcrumb\",\"itemListElement\":[{\"@type\":\"ListItem\",\"position\":1,\"name\":\"Home\",\"item\":\"https:\/\/welaikaadv.site\/avviso\/\"},{\"@type\":\"ListItem\",\"position\":2,\"name\":\"Legge n. 186 del 2014 \u2013 Rientro di capitali detenuti all&#8217;estero, lotta all&#8217;evasione fiscale e autoriciclaggio\"}]},{\"@type\":\"WebSite\",\"@id\":\"https:\/\/welaikaadv.site\/avviso\/#website\",\"url\":\"https:\/\/welaikaadv.site\/avviso\/\",\"name\":\"Staging Avviso Pubblico\",\"description\":\"\",\"publisher\":{\"@id\":\"https:\/\/welaikaadv.site\/avviso\/#organization\"},\"potentialAction\":[{\"@type\":\"SearchAction\",\"target\":{\"@type\":\"EntryPoint\",\"urlTemplate\":\"https:\/\/welaikaadv.site\/avviso\/?s={search_term_string}\"},\"query-input\":{\"@type\":\"PropertyValueSpecification\",\"valueRequired\":true,\"valueName\":\"search_term_string\"}}],\"inLanguage\":\"it-IT\"},{\"@type\":\"Organization\",\"@id\":\"https:\/\/welaikaadv.site\/avviso\/#organization\",\"name\":\"Staging Avviso Pubblico\",\"url\":\"https:\/\/welaikaadv.site\/avviso\/\",\"logo\":{\"@type\":\"ImageObject\",\"inLanguage\":\"it-IT\",\"@id\":\"https:\/\/welaikaadv.site\/avviso\/#\/schema\/logo\/image\/\",\"url\":\"https:\/\/welaikaadv.site\/avviso\/wp-content\/uploads\/2024\/08\/logoAPsito-400.png\",\"contentUrl\":\"https:\/\/welaikaadv.site\/avviso\/wp-content\/uploads\/2024\/08\/logoAPsito-400.png\",\"width\":400,\"height\":97,\"caption\":\"Staging Avviso Pubblico\"},\"image\":{\"@id\":\"https:\/\/welaikaadv.site\/avviso\/#\/schema\/logo\/image\/\"}}]}<\/script>\n<!-- \/ Yoast SEO plugin. -->","yoast_head_json":{"title":"Legge n. 186 del 2014 \u2013 Rientro di capitali detenuti all'estero, lotta all'evasione fiscale e autoriciclaggio - Staging Avviso Pubblico","robots":{"index":"noindex","follow":"follow","max-snippet":"max-snippet:-1","max-image-preview":"max-image-preview:large","max-video-preview":"max-video-preview:-1"},"og_locale":"it_IT","og_type":"article","og_title":"Legge n. 186 del 2014 \u2013 Rientro di capitali detenuti all'estero, lotta all'evasione fiscale e autoriciclaggio - Staging Avviso Pubblico","og_description":"Nell\u2019ambito della legge n. 186 del\u00a02014 Disposizioni in materia di emersione e rientro di capitali detenuti all&#8217;estero nonche&#8217; per il potenziamento della lotta all&#8217;evasione fiscale.&nbsp;[&hellip;]Leggi tutto Legge n. 186 del 2014 \u2013 Rientro di capitali detenuti all&#8217;estero, lotta all&#8217;evasione fiscale e autoriciclaggio &rarr;","og_url":"https:\/\/welaikaadv.site\/avviso\/home\/cosa-facciamo\/informare\/osservatorio-parlamentare\/attivita-legislativa\/legge-n-187-del-2014-rientro-di-capitali-detenuti-allestero-lotta-allevasione-fiscale-e-autoriciclaggio\/","og_site_name":"Staging Avviso Pubblico","twitter_card":"summary_large_image","twitter_misc":{"Tempo di lettura stimato":"2 minuti"},"schema":{"@context":"https:\/\/schema.org","@graph":[{"@type":"WebPage","@id":"https:\/\/welaikaadv.site\/avviso\/home\/cosa-facciamo\/informare\/osservatorio-parlamentare\/attivita-legislativa\/legge-n-187-del-2014-rientro-di-capitali-detenuti-allestero-lotta-allevasione-fiscale-e-autoriciclaggio\/","url":"https:\/\/welaikaadv.site\/avviso\/home\/cosa-facciamo\/informare\/osservatorio-parlamentare\/attivita-legislativa\/legge-n-187-del-2014-rientro-di-capitali-detenuti-allestero-lotta-allevasione-fiscale-e-autoriciclaggio\/","name":"Legge n. 186 del 2014 \u2013 Rientro di capitali detenuti all'estero, lotta all'evasione fiscale e autoriciclaggio - Staging Avviso Pubblico","isPartOf":{"@id":"https:\/\/welaikaadv.site\/avviso\/#website"},"datePublished":"2014-12-18T10:29:32+00:00","breadcrumb":{"@id":"https:\/\/welaikaadv.site\/avviso\/home\/cosa-facciamo\/informare\/osservatorio-parlamentare\/attivita-legislativa\/legge-n-187-del-2014-rientro-di-capitali-detenuti-allestero-lotta-allevasione-fiscale-e-autoriciclaggio\/#breadcrumb"},"inLanguage":"it-IT","potentialAction":[{"@type":"ReadAction","target":["https:\/\/welaikaadv.site\/avviso\/home\/cosa-facciamo\/informare\/osservatorio-parlamentare\/attivita-legislativa\/legge-n-187-del-2014-rientro-di-capitali-detenuti-allestero-lotta-allevasione-fiscale-e-autoriciclaggio\/"]}]},{"@type":"BreadcrumbList","@id":"https:\/\/welaikaadv.site\/avviso\/home\/cosa-facciamo\/informare\/osservatorio-parlamentare\/attivita-legislativa\/legge-n-187-del-2014-rientro-di-capitali-detenuti-allestero-lotta-allevasione-fiscale-e-autoriciclaggio\/#breadcrumb","itemListElement":[{"@type":"ListItem","position":1,"name":"Home","item":"https:\/\/welaikaadv.site\/avviso\/"},{"@type":"ListItem","position":2,"name":"Legge n. 186 del 2014 \u2013 Rientro di capitali detenuti all&#8217;estero, lotta all&#8217;evasione fiscale e autoriciclaggio"}]},{"@type":"WebSite","@id":"https:\/\/welaikaadv.site\/avviso\/#website","url":"https:\/\/welaikaadv.site\/avviso\/","name":"Staging Avviso Pubblico","description":"","publisher":{"@id":"https:\/\/welaikaadv.site\/avviso\/#organization"},"potentialAction":[{"@type":"SearchAction","target":{"@type":"EntryPoint","urlTemplate":"https:\/\/welaikaadv.site\/avviso\/?s={search_term_string}"},"query-input":{"@type":"PropertyValueSpecification","valueRequired":true,"valueName":"search_term_string"}}],"inLanguage":"it-IT"},{"@type":"Organization","@id":"https:\/\/welaikaadv.site\/avviso\/#organization","name":"Staging Avviso Pubblico","url":"https:\/\/welaikaadv.site\/avviso\/","logo":{"@type":"ImageObject","inLanguage":"it-IT","@id":"https:\/\/welaikaadv.site\/avviso\/#\/schema\/logo\/image\/","url":"https:\/\/welaikaadv.site\/avviso\/wp-content\/uploads\/2024\/08\/logoAPsito-400.png","contentUrl":"https:\/\/welaikaadv.site\/avviso\/wp-content\/uploads\/2024\/08\/logoAPsito-400.png","width":400,"height":97,"caption":"Staging Avviso Pubblico"},"image":{"@id":"https:\/\/welaikaadv.site\/avviso\/#\/schema\/logo\/image\/"}}]}},"_links":{"self":[{"href":"https:\/\/welaikaadv.site\/avviso\/wp-json\/wp\/v2\/pages\/3220","targetHints":{"allow":["GET"]}}],"collection":[{"href":"https:\/\/welaikaadv.site\/avviso\/wp-json\/wp\/v2\/pages"}],"about":[{"href":"https:\/\/welaikaadv.site\/avviso\/wp-json\/wp\/v2\/types\/page"}],"author":[{"embeddable":true,"href":"https:\/\/welaikaadv.site\/avviso\/wp-json\/wp\/v2\/users\/1"}],"replies":[{"embeddable":true,"href":"https:\/\/welaikaadv.site\/avviso\/wp-json\/wp\/v2\/comments?post=3220"}],"version-history":[{"count":0,"href":"https:\/\/welaikaadv.site\/avviso\/wp-json\/wp\/v2\/pages\/3220\/revisions"}],"up":[{"embeddable":true,"href":"https:\/\/welaikaadv.site\/avviso\/wp-json\/wp\/v2\/pages\/2537"}],"wp:attachment":[{"href":"https:\/\/welaikaadv.site\/avviso\/wp-json\/wp\/v2\/media?parent=3220"}],"curies":[{"name":"wp","href":"https:\/\/api.w.org\/{rel}","templated":true}]}}