{"id":33316,"date":"2019-06-03T21:41:52","date_gmt":"2019-06-03T19:41:52","guid":{"rendered":"https:\/\/www.avvisopubblico.it\/home\/?page_id=33316"},"modified":"2019-06-03T21:41:52","modified_gmt":"2019-06-03T19:41:52","slug":"legge-n-43-del-2019-riforma-della-normativa-sullo-scambio-elettorale-politico-mafioso","status":"publish","type":"page","link":"https:\/\/welaikaadv.site\/avviso\/home\/cosa-facciamo\/informare\/osservatorio-parlamentare\/attivita-legislativa\/leggi-approvate\/legge-n-43-del-2019-riforma-della-normativa-sullo-scambio-elettorale-politico-mafioso\/","title":{"rendered":"Legge n. 43 del 2019: riforma della normativa sullo scambio elettorale politico-mafioso"},"content":{"rendered":"<p class=\"p1\"><span class=\"s1\"><b>PREMESSA.<\/b> <\/span><span class=\"s1\">La <a href=\"http:\/\/www.normattiva.it\/uri-res\/N2Ls?urn:nir:stato:legge:2019-05-21;43!vig=\"><span class=\"s2\"><b>legge n. 43 del 2019<\/b><\/span><\/a>, <i>Modifica all\u2019articolo 416-ter del codice penale in materia di voto di scambio politico-mafioso<\/i>, \u00e8 stata approvata definitivamente dalle Camere il <a href=\"http:\/\/www.senato.it\/japp\/bgt\/showdoc\/18\/Resaula\/0\/1111304\/index.html?part=doc_dc-ressten_rs\"><span class=\"s2\"><b>14 maggio 2019<\/b><\/span><\/a> (<i>cfr.<\/i> <i>iter<\/i> parlamentare), per entrare in vigore il successivo 11 giugno. <\/span><span class=\"s1\">Con essa il legislatore ha rimesso mano ad una norma gi\u00e0 pi\u00f9 volte rinovellata nel recente passato: da ultimo, con la <a href=\"https:\/\/welaikaadv.site\/avviso\/home\/cosa-facciamo\/informare\/osservatorio-parlamentare\/attivita-legislativa\/leggi-approvate\/le-leggi-approvate-nella-xvii-legislatura\/legge-n-103-del-2017-modifiche-al-codice-penale-al-codice-di-procedura-penale-e-allordinamento-penitenziario\/\"><span class=\"s3\"><b>legge n. 103 del 2017<\/b><\/span><\/a>; in maniera pi\u00f9 consistente, con la <a href=\"https:\/\/welaikaadv.site\/avviso\/home\/cosa-facciamo\/informare\/osservatorio-parlamentare\/attivita-legislativa\/leggi-approvate\/legge-n-6214-scambio-elettorale-politico-mafioso\/\"><span class=\"s3\"><b>legge n. 62 del 2014<\/b><\/span><\/a>.<\/span><\/p>\n<p class=\"p1\"><span class=\"s1\"><b>IL NUOVO ARTICOLO 416-<em>TER<\/em>.<\/b> Vengono ora puniti con la pena della <b>reclusione da 10 a 15 anni<\/b> (la medesima cui sono assoggettati, ai sensi dell\u2019art. 416-<i>bis<\/i>, co. 1, c.p., i membri delle associazioni di tipo mafioso) coloro che accettino, in maniera diretta o per mezzo di intermediari, promesse di sostegno elettorale offrendo o promettendo come contropartita denaro, qualunque altra utilit\u00e0 ovvero, ancora, la disponibilit\u00e0 ad assecondare interessi o esigenze di associazioni mafiose. Il promittente, colui cio\u00e8 che si impegna a condizionare il voto in favore del politico, deve essere un appartenente ad un\u2019organizzazione criminale di tipo mafioso oppure avvalersi dei metodi mafiosi nella sua attivit\u00e0 di procacciamento dei voti <i>(comma 1)<\/i>.<\/span><\/p>\n<p class=\"p1\"><span class=\"s1\">Nel raffronto con le previgenti statuizioni del comma 1, emerge anzitutto l\u2019estensione della punibilit\u00e0 anche alle ipotesi in cui la condotta incriminata sia stata messa in pratica grazie all\u2019ausilio di un intermediario. L\u2019ampliamento del novero dei soggetti attivi del reato, includendovi pure gli appartenenti ad associazioni mafiose, sottende invece la volont\u00e0 di porre rimedio ai vincoli interpretativi sorti in sede giurisprudenziale a seguito della riforma del 2014 (<i>cfr.<\/i> nota breve). Ulteriormente esteso, oggi, risulta poi l\u2019oggetto delle prestazioni che possono andare a costituire la merce di scambio del promissario (il politico): non pi\u00f9 soltanto il denaro ed ogni altra utilit\u00e0, ma anche la \u00abdisponibilit\u00e0 a soddisfare gli interessi o le esigenze dell\u2019associazione mafiosa\u00bb. Si segnala infine l\u2019ampliamento della cornice edittale, dapprima ricompresa tra sei anni nel minimo e dodici anni nel massimo.<\/span><\/p>\n<p class=\"p1\"><span class=\"s1\">La stessa misura afflittiva \u00e8 posta a carico di chi prometta, in via diretta o mediata (questo inciso non era presente nella vecchia formulazione), di reclutare i suffragi <i>(comma 2)<\/i>.<\/span><\/p>\n<p class=\"p1\"><span class=\"s1\">Nel caso in cui all\u2019accettazione della promessa di voti consegua l\u2019elezione del promissario, la pena stabilita dal primo comma \u00e8 <b>aumentata della met\u00e0<\/b> <i>(comma 3)<\/i>.<\/span><\/p>\n<p class=\"p1\"><span class=\"s1\">Alla condanna per voto di scambio politico-mafioso consegue sempre la pena accessoria dell\u2019<b>interdizione perpetua dai pubblici uffici<\/b> <i>(comma 4)<\/i>.<\/span><\/p>\n<p class=\"p1\"><span class=\"s1\">Quanto disposto dai commi terzo e quarto rappresenta una novit\u00e0 rispetto a ciascuna delle precedenti versioni della norma in oggetto.<\/span><\/p>\n<p class=\"p1\"><span class=\"s1\"><b><em>ITER<\/em> D\u2019APPROVAZIONE.<\/b> Il progetto di legge, di iniziativa dei senatori Giarrusso ed altri (<a href=\"http:\/\/www.senato.it\/leg\/18\/BGT\/Schede\/Ddliter\/49886.htm\"><span class=\"s2\"><b>AS 510<\/b><\/span><\/a>), ha iniziato il suo percorso parlamentare presso la 2<\/span><span class=\"s3\"><sup>a<\/sup><\/span><span class=\"s1\">\u00a0Commissione Giustizia del Senato, che ne ha avviato l\u2019esame il\u00a0<a href=\"http:\/\/www.senato.it\/japp\/bgt\/showdoc\/18\/SommComm\/0\/1074452\/index.html?part=doc_dc-sedetit_isr\"><span class=\"s2\"><b>10 settembre 2018<\/b><\/span><\/a>. Il dibattito \u00e8 proseguito nelle sedute del 26 settembre 2018\u00a0(<a href=\"http:\/\/www.senato.it\/japp\/bgt\/showdoc\/18\/SommComm\/0\/1076256\/index.html?part=doc_dc-sedetit_isr\"><span class=\"s2\"><b>antimeridiana<\/b><\/span><\/a>; <a href=\"http:\/\/www.senato.it\/japp\/bgt\/showdoc\/18\/SommComm\/0\/1076269\/index.html?part=doc_dc-sedetit_isr\"><span class=\"s2\"><b>pomeridiana<\/b><\/span><\/a>),\u00a0<a href=\"http:\/\/www.senato.it\/japp\/bgt\/showdoc\/frame.jsp?tipodoc=SommComm&amp;leg=18&amp;id=1076674\"><span class=\"s2\"><b>9 ottobre 2018<\/b><\/span><\/a>,\u00a0<a href=\"http:\/\/www.senato.it\/japp\/bgt\/showdoc\/frame.jsp?tipodoc=SommComm&amp;leg=18&amp;id=1077214\"><span class=\"s2\"><b>16 ottobre 2018<\/b><\/span><\/a>,\u00a0<a href=\"http:\/\/www.senato.it\/japp\/bgt\/showdoc\/frame.jsp?tipodoc=SommComm&amp;leg=18&amp;id=1077268\"><span class=\"s2\"><b>17 ottobre 2018<\/b><\/span><\/a>\u00a0(con l\u2019approvazione di\u00a0<a href=\"http:\/\/www.senato.it\/japp\/bgt\/showdoc\/frame.jsp?tipodoc=SommComm&amp;leg=18&amp;id=1077268\"><span class=\"s2\"><b>un emendamento<\/b><\/span><\/a>;\u00a0<i>vedi<\/i>\u00a0<a href=\"http:\/\/www.senato.it\/service\/PDF\/PDFServer\/DF\/340247.pdf\"><span class=\"s2\"><b>AS 510-A<\/b><\/span><\/a>). La discussione in Aula ha preso avvio il\u00a0<a href=\"http:\/\/www.senato.it\/japp\/bgt\/showdoc\/18\/Resaula\/0\/1078627\/index.html?part=doc_dc-ressten_rs\"><span class=\"s2\"><b>23 ottobre 2018<\/b><\/span><\/a>, per concludersi con l\u2019approvazione del testo nel corso della seduta del\u00a0<a href=\"http:\/\/www.senato.it\/japp\/bgt\/showdoc\/18\/Resaula\/0\/1078690\/index.html?part=doc_dc-ressten_rs\"><span class=\"s2\"><b>24 ottobre 2018<\/b><\/span><\/a>.<\/span><\/p>\n<p class=\"p1\"><span class=\"s1\">Il provvedimento \u00e8 stato dunque incardinato presso la II Commissione Giustizia della Camera il\u00a0<a href=\"http:\/\/www.camera.it\/leg18\/824?tipo=I&amp;anno=2018&amp;mese=12&amp;giorno=04&amp;view=&amp;commissione=02\"><span class=\"s2\"><b>4 dicembre 2018<\/b><\/span><\/a>\u00a0(<a href=\"http:\/\/www.camera.it\/leg18\/126?tab=&amp;leg=18&amp;idDocumento=1302&amp;sede=&amp;tipo=\"><span class=\"s2\"><b>AC 1302<\/b><\/span><\/a>), in abbinamento all\u2019<a href=\"http:\/\/www.camera.it\/leg18\/126?tab=&amp;leg=18&amp;idDocumento=766&amp;sede=&amp;tipo=\"><span class=\"s2\"><b>AC 766<\/b><\/span><\/a>\u00a0vertente sulla medesima tematica. Il\u00a0<a href=\"http:\/\/www.camera.it\/leg18\/824?tipo=I&amp;anno=2018&amp;mese=12&amp;giorno=19&amp;view=&amp;commissione=02\"><span class=\"s2\"><b>19 dicembre 2018<\/b><\/span><\/a>\u00a0si \u00e8 tenuto un ciclo di audizioni informali, sviluppatosi nella seduta del\u00a0<a href=\"http:\/\/www.camera.it\/leg18\/824?tipo=I&amp;anno=2018&amp;mese=12&amp;giorno=20&amp;view=&amp;commissione=02\"><span class=\"s2\"><b>20 dicembre 2018<\/b><\/span><\/a>. Il dibattito ha avuto seguito il\u00a0<a href=\"http:\/\/www.camera.it\/leg18\/824?tipo=I&amp;anno=2019&amp;mese=01&amp;giorno=16&amp;view=&amp;commissione=02\"><span class=\"s2\"><b>16 gennaio 2019<\/b><\/span><\/a>,\u00a0<a href=\"http:\/\/www.camera.it\/leg18\/824?tipo=I&amp;anno=2019&amp;mese=01&amp;giorno=23&amp;view=&amp;commissione=02\"><span class=\"s2\"><b>23 gennaio 2019<\/b><\/span><\/a>\u00a0(in tale circostanza \u00e8 stato adottato come testo base l\u2019AC 1302),\u00a0<a href=\"http:\/\/www.camera.it\/leg18\/824?tipo=C&amp;anno=2019&amp;mese=02&amp;giorno=13&amp;view=&amp;commissione=02&amp;pagina=#data.20190213.com02.bollettino.sede00050.tit00010\"><span class=\"s2\"><b>13 febbraio 2019<\/b><\/span><\/a>\u00a0e\u00a0<a href=\"http:\/\/www.camera.it\/leg18\/824?tipo=C&amp;anno=2019&amp;mese=02&amp;giorno=14&amp;view=&amp;commissione=02&amp;pagina=#data.20190214.com02.bollettino.sede00040.tit00010\"><span class=\"s2\"><b>14 febbraio 2019<\/b><\/span><\/a>\u00a0(con l\u2019approvazione di\u00a0<a href=\"http:\/\/www.camera.it\/leg18\/824?tipo=A&amp;anno=2019&amp;mese=02&amp;giorno=14&amp;view=&amp;commissione=02#data.20190214.com02.allegati.all00020\"><span class=\"s2\"><b>un emendamento<\/b><\/span><\/a>). Il\u00a0<a href=\"http:\/\/www.camera.it\/leg18\/824?tipo=C&amp;anno=2019&amp;mese=02&amp;giorno=21&amp;view=&amp;commissione=02&amp;pagina=#data.20190221.com02.bollettino.sede00030.tit00010\"><span class=\"s2\"><b>21 febbraio 2019<\/b><\/span><\/a> \u00e8 stato conferito alla relatrice il mandato a riferire in senso favorevole all\u2019Assemblea, la quale ha esaminato i contenuti del progetto, cos\u00ec come emendato dalla Commissione, nelle sedute del\u00a0<a href=\"http:\/\/www.camera.it\/leg18\/410?idSeduta=0132&amp;tipo=stenografico#sed0132.stenografico.tit00060\"><span class=\"s2\"><b>25 febbraio 2019<\/b><\/span><\/a> e\u00a0<a href=\"http:\/\/www.camera.it\/leg18\/410?idSeduta=0137&amp;tipo=stenografico#sed0137.stenografico.tit00070\"><span class=\"s2\"><b>6 marzo 2019<\/b><\/span><\/a>, giungendone all\u2019approvazione il\u00a0<a href=\"http:\/\/www.camera.it\/leg18\/410?idSeduta=0138&amp;tipo=stenografico#sed0138.stenografico.tit00040\"><span class=\"s2\"><b>7 marzo 2019<\/b><\/span><\/a> (con un\u2019ulteriore modifica).<\/span><\/p>\n<p class=\"p1\"><span class=\"s1\">Il testo \u00e8 conseguentemente tornato all\u2019attenzione del Senato, riprendendo il suo\u00a0<i>iter<\/i>\u00a0presso la 2<\/span><span class=\"s3\"><sup>a<\/sup><\/span><span class=\"s1\">\u00a0Commissione Giustizia il\u00a0<a href=\"http:\/\/www.senato.it\/japp\/bgt\/showdoc\/18\/SommComm\/0\/1106230\/index.html?part=doc_dc-sedetit_isr\"><span class=\"s2\"><b>19 marzo 2019<\/b><\/span><\/a>; ne \u00e8 stata quindi alimentata la discussione il\u00a0<a href=\"http:\/\/www.senato.it\/japp\/bgt\/showdoc\/18\/SommComm\/0\/1107274\/index.html?part=doc_dc-sedetit_isr\"><span class=\"s2\"><b>9 aprile 2019<\/b><\/span><\/a>,\u00a0<a href=\"http:\/\/www.senato.it\/japp\/bgt\/showdoc\/18\/SommComm\/0\/1107440\/index.html?part=doc_dc-sedetit_isr\"><span class=\"s2\"><b>10 aprile 2019<\/b><\/span><\/a>\u00a0e\u00a0<a href=\"http:\/\/www.senato.it\/japp\/bgt\/showdoc\/18\/SommComm\/0\/1107497\/index.html?part=doc_dc-sedetit_isr\"><span class=\"s2\"><b>11 aprile 2019<\/b><\/span><\/a>, per essere approvato definitivamente dall\u2019Aula il\u00a0<a href=\"http:\/\/www.senato.it\/japp\/bgt\/showdoc\/18\/Resaula\/0\/1111304\/index.html?part=doc_dc-ressten_rs\"><span class=\"s2\"><b>14 maggio 2019<\/b><\/span><\/a>.<\/span><\/p>\n<p class=\"p1\"><strong><span class=\"s1\"><i>Per approfondimenti, relativi all\u2019evoluzione normativa cos\u00ec come alle interpretazioni giurisprudenziali, si rimanda alla <\/i><a href=\"http:\/\/www.senato.it\/service\/PDF\/PDFServer\/BGT\/01111195.pdf\"><span class=\"s2\"><i>nota breve<\/i><\/span><\/a><i> realizzata dal Servizio Studi del Senato.<\/i><\/span><\/strong><\/p>\n<p>&nbsp;<\/p>\n<p><em>(a cura di\u00a0<a href=\"mailto:luca.fiordelmondo@avvisopubblico.it\"><strong>Luca Fiordelmondo<\/strong><\/a>, Master APC dell&#8217;Universit\u00e0 di Pisa)<\/em><\/p>\n","protected":false},"excerpt":{"rendered":"<p>PREMESSA. La legge n. 43 del 2019, Modifica all\u2019articolo 416-ter del codice penale in materia di voto di scambio politico-mafioso, \u00e8 stata approvata definitivamente dalle&nbsp;<span class=\"hellipsis\">[&hellip;]<\/span><a class=\"more-link\" href=\"https:\/\/welaikaadv.site\/avviso\/home\/cosa-facciamo\/informare\/osservatorio-parlamentare\/attivita-legislativa\/leggi-approvate\/legge-n-43-del-2019-riforma-della-normativa-sullo-scambio-elettorale-politico-mafioso\/\">Leggi tutto <span class=\"screen-reader-text\">Legge n. 43 del 2019: riforma della normativa sullo scambio elettorale politico-mafioso<\/span> <span class=\"meta-nav\" aria-hidden=\"true\">&rarr;<\/span><\/a><\/p>\n","protected":false},"author":1,"featured_media":0,"parent":2575,"menu_order":0,"comment_status":"closed","ping_status":"closed","template":"","meta":{"_acf_changed":false,"_exactmetrics_skip_tracking":false,"_exactmetrics_sitenote_active":false,"_exactmetrics_sitenote_note":"","_exactmetrics_sitenote_category":0,"wp_social_preview_title":"","wp_social_preview_description":"","wp_social_preview_image":0,"footnotes":""},"class_list":["post-33316","page","type-page","status-publish","hentry"],"acf":[],"yoast_head":"<!-- This site is optimized with the Yoast SEO plugin v27.2 - https:\/\/yoast.com\/product\/yoast-seo-wordpress\/ -->\n<title>Legge n. 43 del 2019: riforma della normativa sullo scambio elettorale politico-mafioso - Staging Avviso Pubblico<\/title>\n<meta name=\"robots\" content=\"noindex, follow, max-snippet:-1, max-image-preview:large, max-video-preview:-1\" \/>\n<meta property=\"og:locale\" content=\"it_IT\" \/>\n<meta property=\"og:type\" content=\"article\" \/>\n<meta property=\"og:title\" content=\"Legge n. 43 del 2019: riforma della normativa sullo scambio elettorale politico-mafioso - Staging Avviso Pubblico\" \/>\n<meta property=\"og:description\" content=\"PREMESSA. La legge n. 43 del 2019, Modifica all\u2019articolo 416-ter del codice penale in materia di voto di scambio politico-mafioso, \u00e8 stata approvata definitivamente dalle&nbsp;[&hellip;]Leggi tutto Legge n. 43 del 2019: riforma della normativa sullo scambio elettorale politico-mafioso &rarr;\" \/>\n<meta property=\"og:url\" content=\"https:\/\/welaikaadv.site\/avviso\/home\/cosa-facciamo\/informare\/osservatorio-parlamentare\/attivita-legislativa\/leggi-approvate\/legge-n-43-del-2019-riforma-della-normativa-sullo-scambio-elettorale-politico-mafioso\/\" \/>\n<meta property=\"og:site_name\" content=\"Staging Avviso Pubblico\" \/>\n<meta name=\"twitter:card\" content=\"summary_large_image\" \/>\n<meta name=\"twitter:label1\" content=\"Tempo di lettura stimato\" \/>\n\t<meta name=\"twitter:data1\" content=\"3 minuti\" \/>\n<script type=\"application\/ld+json\" class=\"yoast-schema-graph\">{\"@context\":\"https:\/\/schema.org\",\"@graph\":[{\"@type\":\"WebPage\",\"@id\":\"https:\/\/welaikaadv.site\/avviso\/home\/cosa-facciamo\/informare\/osservatorio-parlamentare\/attivita-legislativa\/leggi-approvate\/legge-n-43-del-2019-riforma-della-normativa-sullo-scambio-elettorale-politico-mafioso\/\",\"url\":\"https:\/\/welaikaadv.site\/avviso\/home\/cosa-facciamo\/informare\/osservatorio-parlamentare\/attivita-legislativa\/leggi-approvate\/legge-n-43-del-2019-riforma-della-normativa-sullo-scambio-elettorale-politico-mafioso\/\",\"name\":\"Legge n. 43 del 2019: riforma della normativa sullo scambio elettorale politico-mafioso - Staging Avviso Pubblico\",\"isPartOf\":{\"@id\":\"https:\/\/welaikaadv.site\/avviso\/#website\"},\"datePublished\":\"2019-06-03T19:41:52+00:00\",\"breadcrumb\":{\"@id\":\"https:\/\/welaikaadv.site\/avviso\/home\/cosa-facciamo\/informare\/osservatorio-parlamentare\/attivita-legislativa\/leggi-approvate\/legge-n-43-del-2019-riforma-della-normativa-sullo-scambio-elettorale-politico-mafioso\/#breadcrumb\"},\"inLanguage\":\"it-IT\",\"potentialAction\":[{\"@type\":\"ReadAction\",\"target\":[\"https:\/\/welaikaadv.site\/avviso\/home\/cosa-facciamo\/informare\/osservatorio-parlamentare\/attivita-legislativa\/leggi-approvate\/legge-n-43-del-2019-riforma-della-normativa-sullo-scambio-elettorale-politico-mafioso\/\"]}]},{\"@type\":\"BreadcrumbList\",\"@id\":\"https:\/\/welaikaadv.site\/avviso\/home\/cosa-facciamo\/informare\/osservatorio-parlamentare\/attivita-legislativa\/leggi-approvate\/legge-n-43-del-2019-riforma-della-normativa-sullo-scambio-elettorale-politico-mafioso\/#breadcrumb\",\"itemListElement\":[{\"@type\":\"ListItem\",\"position\":1,\"name\":\"Home\",\"item\":\"https:\/\/welaikaadv.site\/avviso\/\"},{\"@type\":\"ListItem\",\"position\":2,\"name\":\"Legge n. 43 del 2019: riforma della normativa sullo scambio elettorale politico-mafioso\"}]},{\"@type\":\"WebSite\",\"@id\":\"https:\/\/welaikaadv.site\/avviso\/#website\",\"url\":\"https:\/\/welaikaadv.site\/avviso\/\",\"name\":\"Staging Avviso Pubblico\",\"description\":\"\",\"publisher\":{\"@id\":\"https:\/\/welaikaadv.site\/avviso\/#organization\"},\"potentialAction\":[{\"@type\":\"SearchAction\",\"target\":{\"@type\":\"EntryPoint\",\"urlTemplate\":\"https:\/\/welaikaadv.site\/avviso\/?s={search_term_string}\"},\"query-input\":{\"@type\":\"PropertyValueSpecification\",\"valueRequired\":true,\"valueName\":\"search_term_string\"}}],\"inLanguage\":\"it-IT\"},{\"@type\":\"Organization\",\"@id\":\"https:\/\/welaikaadv.site\/avviso\/#organization\",\"name\":\"Staging Avviso Pubblico\",\"url\":\"https:\/\/welaikaadv.site\/avviso\/\",\"logo\":{\"@type\":\"ImageObject\",\"inLanguage\":\"it-IT\",\"@id\":\"https:\/\/welaikaadv.site\/avviso\/#\/schema\/logo\/image\/\",\"url\":\"https:\/\/welaikaadv.site\/avviso\/wp-content\/uploads\/2024\/08\/logoAPsito-400.png\",\"contentUrl\":\"https:\/\/welaikaadv.site\/avviso\/wp-content\/uploads\/2024\/08\/logoAPsito-400.png\",\"width\":400,\"height\":97,\"caption\":\"Staging Avviso Pubblico\"},\"image\":{\"@id\":\"https:\/\/welaikaadv.site\/avviso\/#\/schema\/logo\/image\/\"}}]}<\/script>\n<!-- \/ Yoast SEO plugin. -->","yoast_head_json":{"title":"Legge n. 43 del 2019: riforma della normativa sullo scambio elettorale politico-mafioso - Staging Avviso Pubblico","robots":{"index":"noindex","follow":"follow","max-snippet":"max-snippet:-1","max-image-preview":"max-image-preview:large","max-video-preview":"max-video-preview:-1"},"og_locale":"it_IT","og_type":"article","og_title":"Legge n. 43 del 2019: riforma della normativa sullo scambio elettorale politico-mafioso - Staging Avviso Pubblico","og_description":"PREMESSA. La legge n. 43 del 2019, Modifica all\u2019articolo 416-ter del codice penale in materia di voto di scambio politico-mafioso, \u00e8 stata approvata definitivamente dalle&nbsp;[&hellip;]Leggi tutto Legge n. 43 del 2019: riforma della normativa sullo scambio elettorale politico-mafioso &rarr;","og_url":"https:\/\/welaikaadv.site\/avviso\/home\/cosa-facciamo\/informare\/osservatorio-parlamentare\/attivita-legislativa\/leggi-approvate\/legge-n-43-del-2019-riforma-della-normativa-sullo-scambio-elettorale-politico-mafioso\/","og_site_name":"Staging Avviso Pubblico","twitter_card":"summary_large_image","twitter_misc":{"Tempo di lettura stimato":"3 minuti"},"schema":{"@context":"https:\/\/schema.org","@graph":[{"@type":"WebPage","@id":"https:\/\/welaikaadv.site\/avviso\/home\/cosa-facciamo\/informare\/osservatorio-parlamentare\/attivita-legislativa\/leggi-approvate\/legge-n-43-del-2019-riforma-della-normativa-sullo-scambio-elettorale-politico-mafioso\/","url":"https:\/\/welaikaadv.site\/avviso\/home\/cosa-facciamo\/informare\/osservatorio-parlamentare\/attivita-legislativa\/leggi-approvate\/legge-n-43-del-2019-riforma-della-normativa-sullo-scambio-elettorale-politico-mafioso\/","name":"Legge n. 43 del 2019: riforma della normativa sullo scambio elettorale politico-mafioso - Staging Avviso Pubblico","isPartOf":{"@id":"https:\/\/welaikaadv.site\/avviso\/#website"},"datePublished":"2019-06-03T19:41:52+00:00","breadcrumb":{"@id":"https:\/\/welaikaadv.site\/avviso\/home\/cosa-facciamo\/informare\/osservatorio-parlamentare\/attivita-legislativa\/leggi-approvate\/legge-n-43-del-2019-riforma-della-normativa-sullo-scambio-elettorale-politico-mafioso\/#breadcrumb"},"inLanguage":"it-IT","potentialAction":[{"@type":"ReadAction","target":["https:\/\/welaikaadv.site\/avviso\/home\/cosa-facciamo\/informare\/osservatorio-parlamentare\/attivita-legislativa\/leggi-approvate\/legge-n-43-del-2019-riforma-della-normativa-sullo-scambio-elettorale-politico-mafioso\/"]}]},{"@type":"BreadcrumbList","@id":"https:\/\/welaikaadv.site\/avviso\/home\/cosa-facciamo\/informare\/osservatorio-parlamentare\/attivita-legislativa\/leggi-approvate\/legge-n-43-del-2019-riforma-della-normativa-sullo-scambio-elettorale-politico-mafioso\/#breadcrumb","itemListElement":[{"@type":"ListItem","position":1,"name":"Home","item":"https:\/\/welaikaadv.site\/avviso\/"},{"@type":"ListItem","position":2,"name":"Legge n. 43 del 2019: riforma della normativa sullo scambio elettorale politico-mafioso"}]},{"@type":"WebSite","@id":"https:\/\/welaikaadv.site\/avviso\/#website","url":"https:\/\/welaikaadv.site\/avviso\/","name":"Staging Avviso Pubblico","description":"","publisher":{"@id":"https:\/\/welaikaadv.site\/avviso\/#organization"},"potentialAction":[{"@type":"SearchAction","target":{"@type":"EntryPoint","urlTemplate":"https:\/\/welaikaadv.site\/avviso\/?s={search_term_string}"},"query-input":{"@type":"PropertyValueSpecification","valueRequired":true,"valueName":"search_term_string"}}],"inLanguage":"it-IT"},{"@type":"Organization","@id":"https:\/\/welaikaadv.site\/avviso\/#organization","name":"Staging Avviso Pubblico","url":"https:\/\/welaikaadv.site\/avviso\/","logo":{"@type":"ImageObject","inLanguage":"it-IT","@id":"https:\/\/welaikaadv.site\/avviso\/#\/schema\/logo\/image\/","url":"https:\/\/welaikaadv.site\/avviso\/wp-content\/uploads\/2024\/08\/logoAPsito-400.png","contentUrl":"https:\/\/welaikaadv.site\/avviso\/wp-content\/uploads\/2024\/08\/logoAPsito-400.png","width":400,"height":97,"caption":"Staging Avviso Pubblico"},"image":{"@id":"https:\/\/welaikaadv.site\/avviso\/#\/schema\/logo\/image\/"}}]}},"_links":{"self":[{"href":"https:\/\/welaikaadv.site\/avviso\/wp-json\/wp\/v2\/pages\/33316","targetHints":{"allow":["GET"]}}],"collection":[{"href":"https:\/\/welaikaadv.site\/avviso\/wp-json\/wp\/v2\/pages"}],"about":[{"href":"https:\/\/welaikaadv.site\/avviso\/wp-json\/wp\/v2\/types\/page"}],"author":[{"embeddable":true,"href":"https:\/\/welaikaadv.site\/avviso\/wp-json\/wp\/v2\/users\/1"}],"replies":[{"embeddable":true,"href":"https:\/\/welaikaadv.site\/avviso\/wp-json\/wp\/v2\/comments?post=33316"}],"version-history":[{"count":0,"href":"https:\/\/welaikaadv.site\/avviso\/wp-json\/wp\/v2\/pages\/33316\/revisions"}],"up":[{"embeddable":true,"href":"https:\/\/welaikaadv.site\/avviso\/wp-json\/wp\/v2\/pages\/2575"}],"wp:attachment":[{"href":"https:\/\/welaikaadv.site\/avviso\/wp-json\/wp\/v2\/media?parent=33316"}],"curies":[{"name":"wp","href":"https:\/\/api.w.org\/{rel}","templated":true}]}}