{"id":35381,"date":"2019-12-16T22:54:43","date_gmt":"2019-12-16T21:54:43","guid":{"rendered":"https:\/\/www.avvisopubblico.it\/home\/?page_id=35381"},"modified":"2019-12-16T22:54:43","modified_gmt":"2019-12-16T21:54:43","slug":"sentenza-della-corte-costituzionale-n-253-del-2019-lillegittimita-della-presunzione-assoluta-di-pericolosita-sociale-del-detenuto-non-collaborante","status":"publish","type":"page","link":"https:\/\/welaikaadv.site\/avviso\/home\/cosa-facciamo\/informare\/documenti-tematici\/mafie\/sentenza-della-corte-costituzionale-n-253-del-2019-lillegittimita-della-presunzione-assoluta-di-pericolosita-sociale-del-detenuto-non-collaborante\/","title":{"rendered":"Sentenza della Corte costituzionale n. 253 del 2019: l\u2019illegittimit\u00e0 della presunzione assoluta di pericolosit\u00e0 sociale del detenuto non collaborante"},"content":{"rendered":"<p class=\"p1\"><span class=\"s1\"><b>PREMESSA.<\/b> Mediante la <a href=\"https:\/\/welaikaadv.site\/avviso\/wp-content\/uploads\/2019\/12\/2019-253-CC.pdf\"><span class=\"s2\">sentenza n. 253 del 2019<\/span><\/a>, la Corte costituzionale ha dichiarato l\u2019illegittimit\u00e0 dell\u2019art. 4-<i>bis<\/i>, comma 1, della <a href=\"http:\/\/www.normattiva.it\/uri-res\/N2Ls?urn:nir:stato:legge:1975-07-26;354!vig=\"><span class=\"s2\">legge n. 354 del 1975<\/span><\/a> (\u201cNorme sull\u2019ordinamento penitenziario e sulla esecuzione delle misure privative e limitative della libert\u00e0\u201d), \u00abnella parte in cui non prevede che, ai detenuti per i delitti di cui all\u2019art. 416-<i>bis<\/i> del codice penale e per quelli commessi avvalendosi delle condizioni previste dallo stesso articolo ovvero al fine di agevolare l\u2019attivit\u00e0 delle associazioni in esso previste, possano essere concessi permessi premio anche in assenza di collaborazione con la giustizia a norma dell\u2019art. 58-<i>ter<\/i> del medesimo ordin. penit., allorch\u00e9 siano stati acquisiti elementi tali da escludere, sia l\u2019attualit\u00e0 di collegamenti con la criminalit\u00e0 organizzata, sia il pericolo del ripristino di tali collegamenti\u00bb.<\/span><\/p>\n<p class=\"p1\"><span class=\"s1\"><b>I RICORSI.<\/b> Con ordinanza del 20 dicembre 2018, la Corte di cassazione ha sollevato questioni di legittimit\u00e0 costituzionale dell\u2019art. 4-<i>bis<\/i>, comma 1, ordin. penit., \u00abnella parte in cui esclude che il condannato all\u2019ergastolo, per delitti commessi avvalendosi delle condizioni di cui all\u2019art. 416-bis cod. pen., ovvero al fine di agevolare l\u2019attivit\u00e0 delle associazioni in esso previste, che non abbia collaborato con la giustizia, possa essere ammesso alla fruizione di un permesso premio\u00bb. Tra le altre cose, \u00e8 stata contestata l\u2019assolutezza della preclusione, che porta ad escludere qualunque valutazione relativa alla effettiva pericolosit\u00e0 del condannato, comportando per quest\u2019ultimo l\u2019aprioristica inammissibilit\u00e0 di ogni richiesta di accesso ai benefici penitenziari. Per il giudice rimettente, inoltre, l\u2019impossibilit\u00e0 di accedere a tali benefici determinava l\u2019avvilimento della funzione di risocializzazione della pena.<\/span><\/p>\n<p class=\"p1\"><span class=\"s1\">Il Tribuna di sorveglianza di Perugia, con ordinanza del 28 maggio 2019, ha sollevato a sua volta questioni di legittimit\u00e0 costituzionale del medesimo art. 4-<i>bis<\/i>, comma 1, \u00abnella parte in cui esclude che il condannato all\u2019ergastolo per delitti commessi al fine di agevolare l\u2019attivit\u00e0 dell\u2019associazione a delinquere ex art. 416 bis cod. pen. della quale sia stato partecipe, possa essere ammesso alla fruizione di un permesso premio\u00bb. In questo caso, si \u00e8 dubitato della conformit\u00e0 alla Costituzione dell\u2019obbligo di collaborare con la giustizia per poter accedere ai benefici previsti dall\u2019ordinamento penitenziario (e, in particolare, ai permessi premio), indipendentemente dal tipo di reato commesso dal detenuto: in tale circostanza, si trattava infatti di un soggetto recluso, oltre che per reati di \u201ccontesto mafioso\u201d, anche per il delitto di associazione mafiosa. Come pure rilevato in riferimento all\u2019ordinanza della Corte di cassazione, si \u00e8 poi sottolineata la frustrazione cui sarebbe inevitabilmente sottoposta la funzione rieducativa della pena nell\u2019impossibilit\u00e0 di beneficiare di uno strumento &#8211; quale \u00e8 il permesso premio &#8211; \u00abfondamentale per consentire al condannato di progredire nel senso di responsabilit\u00e0 e di capacit\u00e0 di gestirsi nella legalit\u00e0, e al magistrato di sorveglianza di vagliare i progressi trattamentali compiuti e la capacit\u00e0 di reinserirsi, per quanto brevemente, nel tessuto sociale\u00bb.<\/span><\/p>\n<p class=\"p1\"><span class=\"s1\"><b>LA DECISIONE.<\/b> Per i giudici costituzionali, a contrastare con gli articoli 3 e 27, terzo comma, della Carta fondamentale \u00e8 l\u2019assolutezza della presunzione del collegamento con la criminalit\u00e0 organizzata del detenuto non collaborante. \u00abNon \u00e8 infatti irragionevole presumere che il condannato che non collabora mantenga vivi i legami con l\u2019organizzazione criminale di originaria appartenenza, purch\u00e9 &#8211; specifica la Corte &#8211; si preveda che tale presunzione sia relativa e non gi\u00e0 assoluta e quindi possa essere vinta da prova contraria\u00bb <i>(punto 8 del Considerato in diritto)<\/i>.<\/span><\/p>\n<p class=\"p1\"><span class=\"s1\">A giustificare il tenore del provvedimento in esame sono tre distinti, ma interconnessi, ordini di ragioni.<\/span><\/p>\n<p class=\"p1\"><span class=\"s1\">In primo luogo, sono censurate le ulteriori conseguenze afflittive a carico dell\u2019individuo che non collabora con l\u2019autorit\u00e0 giudiziaria: \u00aballa stregua dei principi di ragionevolezza, di proporzionalit\u00e0 della pena e della sua tendenziale funzione rieducativa, un conto \u00e8 l\u2019attribuzione di valenza premiale al comportamento di colui che, anche dopo la condanna, presti una collaborazione utile ed efficace; ben altro \u00e8 l\u2019inflizione di un trattamento peggiorativo al detenuto non collaborante, presunto iuris et de iure quale persona radicata nel crimine organizzato e perci\u00f2 socialmente pericolosa\u00bb <i>(punto 8.1)<\/i>. In questo modo, oltretutto, viene operata \u00abuna deformante trasfigurazione della libert\u00e0 di non collaborare [\u2026], che certo l\u2019ordinamento penitenziario non pu\u00f2 disconoscere ad alcun detenuto.<br \/>\n<\/span><span class=\"s1\">Garantita nel processo nella forma di vero e proprio diritto, espressione del principio nemo tenetur se detegere [nessuno pu\u00f2 essere obbligato ad affermare la propria\u00a0responsabilit\u00e0 penale; ndr], la libert\u00e0 di non collaborare, in fase d\u2019esecuzione, si trasforma infatti &#8211; quale condizione per consentire al detenuto il possibile accesso all\u2019ordinario regime dei benefici penitenziari &#8211; in un gravoso onere di collaborazione che non solo richiede la denuncia a carico di terzi [\u2026], ma rischia altres\u00ec di determinare autoincriminazioni, anche per fatti non ancora giudicati\u00bb <i>(ibidem)<\/i>.<\/span><\/p>\n<p class=\"p1\"><span class=\"s1\">In secondo luogo, il carattere assoluto della presunzione, impedendo preliminarmente alla magistratura di sorveglianza qualsivoglia valutazione di merito sul percorso carcerario del condannato, confligge con la funzione rieducativa (nonch\u00e9 con i principi di proporzionalit\u00e0 e individualizzazione) della pena. Per giunta, \u00abl\u2019inammissibilit\u00e0 in limine della richiesta del permesso premio pu\u00f2 arrestare sul nascere il percorso risocializzante, frustrando la stessa volont\u00e0 del detenuto di progredire su quella strada\u00bb <i>(punto 8.2)<\/i>.<\/span><\/p>\n<p class=\"p1\"><span class=\"s1\">In terzo luogo, a collidere con i valori costituzionali \u00e8 pure la generalizzazione su cui si basa la pi\u00f9 volte richiamata presunzione. Viene difatti constatata l\u2019irragionevolezza &#8211; oltrech\u00e9, anche sotto questo aspetto, il conflitto con la funzione rieducativa della pena &#8211; \u00abdi una presunzione assoluta di pericolosit\u00e0 sociale che, a prescindere da qualsiasi valutazione in concreto, presupponga l\u2019immutabilit\u00e0, sia della personalit\u00e0 del condannato, sia del contesto esterno di riferimento\u00bb <i>(punto 8.3)<\/i>.<\/span><\/p>\n<p class=\"p1\"><span class=\"s1\">Cionondimeno, la peculiare natura dei reati di cui trattasi implica che \u00abla presunzione di pericolosit\u00e0 sociale del detenuto che non collabora, pur non pi\u00f9 assoluta, sia superabile non certo in virt\u00f9 della sola regolare condotta carceraria o della mera partecipazione al percorso rieducativo, e nemmeno in ragione di una soltanto dichiarata dissociazione, ma soprattutto in forza dell\u2019acquisizione di altri, congrui e specifici elementi\u00bb. Essi sono sostanzialmente riconducibili all&#8217;esclusione dell\u2019attualit\u00e0 di collegamenti con la criminalit\u00e0 organizzata e del pericolo di un loro ripristino, gravando peraltro \u00absullo stesso condannato che richiede il beneficio l\u2019onere di far[n]e specifica allegazione\u00bb <i>(punto 9)<\/i>.<\/span><\/p>\n<p class=\"p1\"><span class=\"s1\">Da ultimo, per evitare \u00abla creazione di una paradossale disparit\u00e0\u00bb e per non \u00abcompromettere la stessa coerenza intrinseca dell\u2019intera disciplina di risulta\u00bb <i>(punto 12)<\/i>, il giudice delle leggi ha esteso l\u2019efficacia del suo intervento anche oltre i reati di criminalit\u00e0 organizzata di matrice mafiosa, ricomprendendovi tutti quelli previsti dal primo comma dell\u2019art. 4-<i>bis<\/i>, ordin. penit. (per l\u2019elencazione dei quali si rimanda a <a href=\"https:\/\/welaikaadv.site\/avviso\/home\/cosa-facciamo\/informare\/documenti-tematici\/mafie\/marcello-viola-c-italia-la-corte-europea-dei-diritti-delluomo-contro-lergastolo-c-d-ostativo\/\"><span class=\"s2\">questa scheda<\/span><\/a>).<\/span><\/p>\n<p style=\"text-align: right;\"><em>dicembre 2019<\/em><\/p>\n<p>&nbsp;<\/p>\n<p class=\"p1\"><span class=\"s1\"><i>(a cura di <\/i><a href=\"mailto:luca.fiordelmondo@avvisopubblico.it\"><span class=\"s2\"><i>Luca Fiordelmondo<\/i><\/span><\/a><i>, Master APC dell\u2019Universit\u00e0 di Pisa)<\/i><\/span><\/p>\n","protected":false},"excerpt":{"rendered":"<p>PREMESSA. Mediante la sentenza n. 253 del 2019, la Corte costituzionale ha dichiarato l\u2019illegittimit\u00e0 dell\u2019art. 4-bis, comma 1, della legge n. 354 del 1975 (\u201cNorme&nbsp;<span class=\"hellipsis\">[&hellip;]<\/span><a class=\"more-link\" href=\"https:\/\/welaikaadv.site\/avviso\/home\/cosa-facciamo\/informare\/documenti-tematici\/mafie\/sentenza-della-corte-costituzionale-n-253-del-2019-lillegittimita-della-presunzione-assoluta-di-pericolosita-sociale-del-detenuto-non-collaborante\/\">Leggi tutto <span class=\"screen-reader-text\">Sentenza della Corte costituzionale n. 253 del 2019: l\u2019illegittimit\u00e0 della presunzione assoluta di pericolosit\u00e0 sociale del detenuto non collaborante<\/span> <span class=\"meta-nav\" aria-hidden=\"true\">&rarr;<\/span><\/a><\/p>\n","protected":false},"author":1,"featured_media":0,"parent":207,"menu_order":0,"comment_status":"closed","ping_status":"closed","template":"","meta":{"_acf_changed":false,"_exactmetrics_skip_tracking":false,"_exactmetrics_sitenote_active":false,"_exactmetrics_sitenote_note":"","_exactmetrics_sitenote_category":0,"wp_social_preview_title":"","wp_social_preview_description":"","wp_social_preview_image":0,"footnotes":""},"class_list":["post-35381","page","type-page","status-publish","hentry"],"acf":[],"yoast_head":"<!-- This site is optimized with the Yoast SEO plugin v27.2 - https:\/\/yoast.com\/product\/yoast-seo-wordpress\/ -->\n<title>Sentenza della Corte costituzionale n. 253 del 2019: l\u2019illegittimit\u00e0 della presunzione assoluta di pericolosit\u00e0 sociale del detenuto non collaborante - Staging Avviso Pubblico<\/title>\n<meta name=\"robots\" content=\"noindex, follow, max-snippet:-1, max-image-preview:large, max-video-preview:-1\" \/>\n<meta property=\"og:locale\" content=\"it_IT\" \/>\n<meta property=\"og:type\" content=\"article\" \/>\n<meta property=\"og:title\" content=\"Sentenza della Corte costituzionale n. 253 del 2019: l\u2019illegittimit\u00e0 della presunzione assoluta di pericolosit\u00e0 sociale del detenuto non collaborante - Staging Avviso Pubblico\" \/>\n<meta property=\"og:description\" content=\"PREMESSA. Mediante la sentenza n. 253 del 2019, la Corte costituzionale ha dichiarato l\u2019illegittimit\u00e0 dell\u2019art. 4-bis, comma 1, della legge n. 354 del 1975 (\u201cNorme&nbsp;[&hellip;]Leggi tutto Sentenza della Corte costituzionale n. 253 del 2019: l\u2019illegittimit\u00e0 della presunzione assoluta di pericolosit\u00e0 sociale del detenuto non collaborante &rarr;\" \/>\n<meta property=\"og:url\" content=\"https:\/\/welaikaadv.site\/avviso\/home\/cosa-facciamo\/informare\/documenti-tematici\/mafie\/sentenza-della-corte-costituzionale-n-253-del-2019-lillegittimita-della-presunzione-assoluta-di-pericolosita-sociale-del-detenuto-non-collaborante\/\" \/>\n<meta property=\"og:site_name\" content=\"Staging Avviso Pubblico\" \/>\n<meta name=\"twitter:card\" content=\"summary_large_image\" \/>\n<meta name=\"twitter:label1\" content=\"Tempo di lettura stimato\" \/>\n\t<meta name=\"twitter:data1\" content=\"5 minuti\" \/>\n<script type=\"application\/ld+json\" class=\"yoast-schema-graph\">{\"@context\":\"https:\/\/schema.org\",\"@graph\":[{\"@type\":\"WebPage\",\"@id\":\"https:\/\/welaikaadv.site\/avviso\/home\/cosa-facciamo\/informare\/documenti-tematici\/mafie\/sentenza-della-corte-costituzionale-n-253-del-2019-lillegittimita-della-presunzione-assoluta-di-pericolosita-sociale-del-detenuto-non-collaborante\/\",\"url\":\"https:\/\/welaikaadv.site\/avviso\/home\/cosa-facciamo\/informare\/documenti-tematici\/mafie\/sentenza-della-corte-costituzionale-n-253-del-2019-lillegittimita-della-presunzione-assoluta-di-pericolosita-sociale-del-detenuto-non-collaborante\/\",\"name\":\"Sentenza della Corte costituzionale n. 253 del 2019: l\u2019illegittimit\u00e0 della presunzione assoluta di pericolosit\u00e0 sociale del detenuto non collaborante - Staging Avviso Pubblico\",\"isPartOf\":{\"@id\":\"https:\/\/welaikaadv.site\/avviso\/#website\"},\"datePublished\":\"2019-12-16T21:54:43+00:00\",\"breadcrumb\":{\"@id\":\"https:\/\/welaikaadv.site\/avviso\/home\/cosa-facciamo\/informare\/documenti-tematici\/mafie\/sentenza-della-corte-costituzionale-n-253-del-2019-lillegittimita-della-presunzione-assoluta-di-pericolosita-sociale-del-detenuto-non-collaborante\/#breadcrumb\"},\"inLanguage\":\"it-IT\",\"potentialAction\":[{\"@type\":\"ReadAction\",\"target\":[\"https:\/\/welaikaadv.site\/avviso\/home\/cosa-facciamo\/informare\/documenti-tematici\/mafie\/sentenza-della-corte-costituzionale-n-253-del-2019-lillegittimita-della-presunzione-assoluta-di-pericolosita-sociale-del-detenuto-non-collaborante\/\"]}]},{\"@type\":\"BreadcrumbList\",\"@id\":\"https:\/\/welaikaadv.site\/avviso\/home\/cosa-facciamo\/informare\/documenti-tematici\/mafie\/sentenza-della-corte-costituzionale-n-253-del-2019-lillegittimita-della-presunzione-assoluta-di-pericolosita-sociale-del-detenuto-non-collaborante\/#breadcrumb\",\"itemListElement\":[{\"@type\":\"ListItem\",\"position\":1,\"name\":\"Home\",\"item\":\"https:\/\/welaikaadv.site\/avviso\/\"},{\"@type\":\"ListItem\",\"position\":2,\"name\":\"Sentenza della Corte costituzionale n. 253 del 2019: l\u2019illegittimit\u00e0 della presunzione assoluta di pericolosit\u00e0 sociale del detenuto non collaborante\"}]},{\"@type\":\"WebSite\",\"@id\":\"https:\/\/welaikaadv.site\/avviso\/#website\",\"url\":\"https:\/\/welaikaadv.site\/avviso\/\",\"name\":\"Staging Avviso Pubblico\",\"description\":\"\",\"publisher\":{\"@id\":\"https:\/\/welaikaadv.site\/avviso\/#organization\"},\"potentialAction\":[{\"@type\":\"SearchAction\",\"target\":{\"@type\":\"EntryPoint\",\"urlTemplate\":\"https:\/\/welaikaadv.site\/avviso\/?s={search_term_string}\"},\"query-input\":{\"@type\":\"PropertyValueSpecification\",\"valueRequired\":true,\"valueName\":\"search_term_string\"}}],\"inLanguage\":\"it-IT\"},{\"@type\":\"Organization\",\"@id\":\"https:\/\/welaikaadv.site\/avviso\/#organization\",\"name\":\"Staging Avviso Pubblico\",\"url\":\"https:\/\/welaikaadv.site\/avviso\/\",\"logo\":{\"@type\":\"ImageObject\",\"inLanguage\":\"it-IT\",\"@id\":\"https:\/\/welaikaadv.site\/avviso\/#\/schema\/logo\/image\/\",\"url\":\"https:\/\/welaikaadv.site\/avviso\/wp-content\/uploads\/2024\/08\/logoAPsito-400.png\",\"contentUrl\":\"https:\/\/welaikaadv.site\/avviso\/wp-content\/uploads\/2024\/08\/logoAPsito-400.png\",\"width\":400,\"height\":97,\"caption\":\"Staging Avviso Pubblico\"},\"image\":{\"@id\":\"https:\/\/welaikaadv.site\/avviso\/#\/schema\/logo\/image\/\"}}]}<\/script>\n<!-- \/ Yoast SEO plugin. -->","yoast_head_json":{"title":"Sentenza della Corte costituzionale n. 253 del 2019: l\u2019illegittimit\u00e0 della presunzione assoluta di pericolosit\u00e0 sociale del detenuto non collaborante - Staging Avviso Pubblico","robots":{"index":"noindex","follow":"follow","max-snippet":"max-snippet:-1","max-image-preview":"max-image-preview:large","max-video-preview":"max-video-preview:-1"},"og_locale":"it_IT","og_type":"article","og_title":"Sentenza della Corte costituzionale n. 253 del 2019: l\u2019illegittimit\u00e0 della presunzione assoluta di pericolosit\u00e0 sociale del detenuto non collaborante - Staging Avviso Pubblico","og_description":"PREMESSA. Mediante la sentenza n. 253 del 2019, la Corte costituzionale ha dichiarato l\u2019illegittimit\u00e0 dell\u2019art. 4-bis, comma 1, della legge n. 354 del 1975 (\u201cNorme&nbsp;[&hellip;]Leggi tutto Sentenza della Corte costituzionale n. 253 del 2019: l\u2019illegittimit\u00e0 della presunzione assoluta di pericolosit\u00e0 sociale del detenuto non collaborante &rarr;","og_url":"https:\/\/welaikaadv.site\/avviso\/home\/cosa-facciamo\/informare\/documenti-tematici\/mafie\/sentenza-della-corte-costituzionale-n-253-del-2019-lillegittimita-della-presunzione-assoluta-di-pericolosita-sociale-del-detenuto-non-collaborante\/","og_site_name":"Staging Avviso Pubblico","twitter_card":"summary_large_image","twitter_misc":{"Tempo di lettura stimato":"5 minuti"},"schema":{"@context":"https:\/\/schema.org","@graph":[{"@type":"WebPage","@id":"https:\/\/welaikaadv.site\/avviso\/home\/cosa-facciamo\/informare\/documenti-tematici\/mafie\/sentenza-della-corte-costituzionale-n-253-del-2019-lillegittimita-della-presunzione-assoluta-di-pericolosita-sociale-del-detenuto-non-collaborante\/","url":"https:\/\/welaikaadv.site\/avviso\/home\/cosa-facciamo\/informare\/documenti-tematici\/mafie\/sentenza-della-corte-costituzionale-n-253-del-2019-lillegittimita-della-presunzione-assoluta-di-pericolosita-sociale-del-detenuto-non-collaborante\/","name":"Sentenza della Corte costituzionale n. 253 del 2019: l\u2019illegittimit\u00e0 della presunzione assoluta di pericolosit\u00e0 sociale del detenuto non collaborante - Staging Avviso Pubblico","isPartOf":{"@id":"https:\/\/welaikaadv.site\/avviso\/#website"},"datePublished":"2019-12-16T21:54:43+00:00","breadcrumb":{"@id":"https:\/\/welaikaadv.site\/avviso\/home\/cosa-facciamo\/informare\/documenti-tematici\/mafie\/sentenza-della-corte-costituzionale-n-253-del-2019-lillegittimita-della-presunzione-assoluta-di-pericolosita-sociale-del-detenuto-non-collaborante\/#breadcrumb"},"inLanguage":"it-IT","potentialAction":[{"@type":"ReadAction","target":["https:\/\/welaikaadv.site\/avviso\/home\/cosa-facciamo\/informare\/documenti-tematici\/mafie\/sentenza-della-corte-costituzionale-n-253-del-2019-lillegittimita-della-presunzione-assoluta-di-pericolosita-sociale-del-detenuto-non-collaborante\/"]}]},{"@type":"BreadcrumbList","@id":"https:\/\/welaikaadv.site\/avviso\/home\/cosa-facciamo\/informare\/documenti-tematici\/mafie\/sentenza-della-corte-costituzionale-n-253-del-2019-lillegittimita-della-presunzione-assoluta-di-pericolosita-sociale-del-detenuto-non-collaborante\/#breadcrumb","itemListElement":[{"@type":"ListItem","position":1,"name":"Home","item":"https:\/\/welaikaadv.site\/avviso\/"},{"@type":"ListItem","position":2,"name":"Sentenza della Corte costituzionale n. 253 del 2019: l\u2019illegittimit\u00e0 della presunzione assoluta di pericolosit\u00e0 sociale del detenuto non collaborante"}]},{"@type":"WebSite","@id":"https:\/\/welaikaadv.site\/avviso\/#website","url":"https:\/\/welaikaadv.site\/avviso\/","name":"Staging Avviso Pubblico","description":"","publisher":{"@id":"https:\/\/welaikaadv.site\/avviso\/#organization"},"potentialAction":[{"@type":"SearchAction","target":{"@type":"EntryPoint","urlTemplate":"https:\/\/welaikaadv.site\/avviso\/?s={search_term_string}"},"query-input":{"@type":"PropertyValueSpecification","valueRequired":true,"valueName":"search_term_string"}}],"inLanguage":"it-IT"},{"@type":"Organization","@id":"https:\/\/welaikaadv.site\/avviso\/#organization","name":"Staging Avviso Pubblico","url":"https:\/\/welaikaadv.site\/avviso\/","logo":{"@type":"ImageObject","inLanguage":"it-IT","@id":"https:\/\/welaikaadv.site\/avviso\/#\/schema\/logo\/image\/","url":"https:\/\/welaikaadv.site\/avviso\/wp-content\/uploads\/2024\/08\/logoAPsito-400.png","contentUrl":"https:\/\/welaikaadv.site\/avviso\/wp-content\/uploads\/2024\/08\/logoAPsito-400.png","width":400,"height":97,"caption":"Staging Avviso Pubblico"},"image":{"@id":"https:\/\/welaikaadv.site\/avviso\/#\/schema\/logo\/image\/"}}]}},"_links":{"self":[{"href":"https:\/\/welaikaadv.site\/avviso\/wp-json\/wp\/v2\/pages\/35381","targetHints":{"allow":["GET"]}}],"collection":[{"href":"https:\/\/welaikaadv.site\/avviso\/wp-json\/wp\/v2\/pages"}],"about":[{"href":"https:\/\/welaikaadv.site\/avviso\/wp-json\/wp\/v2\/types\/page"}],"author":[{"embeddable":true,"href":"https:\/\/welaikaadv.site\/avviso\/wp-json\/wp\/v2\/users\/1"}],"replies":[{"embeddable":true,"href":"https:\/\/welaikaadv.site\/avviso\/wp-json\/wp\/v2\/comments?post=35381"}],"version-history":[{"count":0,"href":"https:\/\/welaikaadv.site\/avviso\/wp-json\/wp\/v2\/pages\/35381\/revisions"}],"up":[{"embeddable":true,"href":"https:\/\/welaikaadv.site\/avviso\/wp-json\/wp\/v2\/pages\/207"}],"wp:attachment":[{"href":"https:\/\/welaikaadv.site\/avviso\/wp-json\/wp\/v2\/media?parent=35381"}],"curies":[{"name":"wp","href":"https:\/\/api.w.org\/{rel}","templated":true}]}}