{"id":3641,"date":"2018-09-14T09:50:57","date_gmt":"2018-09-14T07:50:57","guid":{"rendered":"http:\/\/www.avvisopubblico.it\/osservatorio\/?page_id=3641"},"modified":"2018-09-14T09:50:57","modified_gmt":"2018-09-14T07:50:57","slug":"disposizioni-in-materia-di-delitti-contro-lambiente-ac-342-e-abb-sintesi-dei-progetti-di-legge-allesame-delle-camere","status":"publish","type":"page","link":"https:\/\/welaikaadv.site\/avviso\/home\/cosa-facciamo\/informare\/osservatorio-parlamentare\/attivita-legislativa\/disposizioni-in-materia-di-delitti-contro-lambiente-ac-342-e-abb-sintesi-dei-progetti-di-legge-allesame-delle-camere\/","title":{"rendered":"Legge n. 68 del 2015. Disposizioni in materia di delitti contro l\u2019ambiente"},"content":{"rendered":"<p><strong>Premessa. <\/strong>La <a href=\"http:\/\/www.normattiva.it\/uri-res\/N2Ls?urn:nir:stato:legge:2015;68\"><strong>legge n. 68 del 22 maggio 2015<\/strong><\/a> \u00e8 volta a contrastare in modo pi\u00f9 efficace l\u2019attivit\u00e0 illecita delle organizzazioni criminali nel campo della gestione illecita dei rifiuti, che ha prodotto danni estremamente gravi per l\u2019ambiente in molte zone del Paese. A tal fine \u00e8 previsto l\u2019inasprimento delle sanzioni e l\u2019introduzione di nuove fattispecie nel codice penale (<em>Titolo VI-bis dei delitti contro l&#8217;ambiente, <\/em>art. 452 bis e seguenti).<\/p>\n<p><strong>I contenuti del provvedimento. <\/strong>Pi\u00f9 in dettaglio, le principali misure del provvedimento, alla luce delle modifiche introdotte dal Senato, possono essere cos\u00ec riassunte.<\/p>\n<p>L\u2019articolo 1 prevede 6 nuovi delitti: inquinamento ambientale; disastro ambientale; traffico e abbandono di materiale ad alta radioattivit\u00e0; impedimento del controllo; omessa bonifica; ispezione di fondali marini. Sono previste aggravanti se tali delitti sono commessi in forma associativa ovvero quando un qualsiasi reato \u00e8 commesso al fine di commettere uno dei delitti ambientali (c.d. \u201caggravante ambientale\u201d). Le pene possono essere diminuite in caso di \u00a0ravvedimento operoso prima della definizione del giudizio. E\u2019 disposta la confisca dei beni del condannato per i reati ambientali. Il condannato \u00e8 obbligato al recupero ed al ripristino dello stato dei luoghi (se possibile). La norma prevede il raddoppio dei termini di prescrizione del reato per i nuovi delitti. Viene inoltre prevista l&#8217;estinzione delle contravvenzioni in caso di adempimento da parte del responsabile della violazione di una serie di prescrizioni e di pagamento di\u00a0 una somma di denaro. Sono infine introdotte disposizioni sulla responsabilit\u00e0 degli enti, con sanzioni pecuniarie ed interdittive (sospensione o revoca di autorizzazioni e licenze, esclusione da agevolazioni e finanziamenti etc) a carico dell\u2019ente in caso di delitti contro l\u2019ambiente.<\/p>\n<p>L\u2019articolo 2 aumenta le sanzioni per le violazioni della Convenzione sul commercio internazionale delle specie animali e vegetali in via di estinzione.<\/p>\n<p>Per ulteriori approfondimenti, vedi il <a href=\"http:\/\/documenti.camera.it\/Leg17\/Dossier\/Pdf\/GI063B.Pdf\"><strong>dossier<\/strong><\/a> predisposto dal Servizio Studi della Camera <em>e la <\/em><a href=\"http:\/\/www.senato.it\/japp\/bgt\/showdoc\/17\/DOSSIER\/913799\/index.html\"><em>Nota breve<\/em><\/a><em> del Servizio Studi del Senato<\/em>.<\/p>\n<p><strong>Notizie dell\u2019iter<\/strong>. L\u2019iter del provvedimento \u00e8 stato molto travagliato. Nel febbraio del\u00a0 2014 la Camera, dopo aver esaminato le diverse proposte di legge in materia, ha approvato in prima lettura il. Ad un anno di distanza, il Senato ha approvato un nuovo testo. Nel corso del successivo esame alla Camera, la Commissione Giustizia (vedi in particolare le sedute del <a href=\"http:\/\/www.camera.it\/leg17\/824?tipo=C&amp;anno=2015&amp;mese=03&amp;giorno=19&amp;view=&amp;commissione=02&amp;pagina=#data.20150319.com02.bollettino.sede00010.tit00010\"><strong>19 marzo 2015<\/strong><\/a> e <a href=\"http:\/\/www.camera.it\/leg17\/824?tipo=C&amp;anno=2015&amp;mese=04&amp;giorno=23&amp;view=&amp;commissione=02&amp;pagina=#data.20150423.com02.bollettino.sede00040.tit00010\"><strong>23 aprile 2015<\/strong><\/a>) ha dato mandato al relatore di riferire favorevolmente all\u2019Assemblea, che ha esaminato il provvedimento nelle sedute del <a href=\"http:\/\/www.camera.it\/leg17\/410?idSeduta=0416&amp;tipo=stenografico#sed0416.stenografico.tit00040\"><strong>27 aprile 2015<\/strong><\/a> e <a href=\"http:\/\/www.camera.it\/leg17\/410?idSeduta=0421&amp;tipo=stenografico#sed0421.stenografico.tit00040\"><strong>5 maggio 2015<\/strong><\/a>. E\u2019 stato per\u00f2 approvato un emendamento soppressivo della norma che sanzionava penalmente una modalit\u00e0 di ispezione dei fondali marini, rendendo cos\u00ec necessario un nuovo passaggio al Senato per l\u2019approvazione definitiva. Le Commissioni competenti hanno iniziato l\u2019esame il <a href=\"http:\/\/www.senato.it\/japp\/bgt\/showdoc\/frame.jsp?tipodoc=SommComm&amp;leg=17&amp;id=913875\"><strong>7 maggio 2015<\/strong><\/a> fissando per l\u201911 maggio il termine per la presentazione di nuovi emendamenti. Il provvedimento \u00e8 stato poi approvato definitivamente dal Senato il <a href=\"http:\/\/www.senato.it\/japp\/bgt\/showdoc\/frame.jsp?tipodoc=Resaula&amp;leg=17&amp;id=915949\"><strong>19 maggio 2015<\/strong><\/a> (<a href=\"http:\/\/www.senato.it\/leg\/17\/BGT\/Schede\/Ddliter\/45616.htm\"><strong>AS 1945-B<\/strong><\/a>).<\/p>\n<p>Si ricorda che nel corso dell\u2019iter sono state effettuate numerose audizioni sia alla Camera (cfr. le sedute della Commissione Giustizia del <a href=\"http:\/\/www.camera.it\/leg17\/1079?idLegislatura=17&amp;tipologia=indag&amp;sottotipologia=c02_danno&amp;anno=2013&amp;mese=10&amp;giorno=15&amp;idCommissione=02&amp;numero=0001&amp;file=indice_stenografico\"><strong>15.10.2013<\/strong><\/a>, <a href=\"http:\/\/www.camera.it\/leg17\/1079?idLegislatura=17&amp;tipologia=indag&amp;sottotipologia=c02_danno&amp;anno=2013&amp;mese=10&amp;giorno=29&amp;idCommissione=02&amp;numero=0002&amp;file=indice_stenografico\"><strong>29.10.2013<\/strong><\/a>, <a href=\"http:\/\/www.camera.it\/leg17\/1079?idLegislatura=17&amp;tipologia=indag&amp;sottotipologia=c02_danno&amp;anno=2013&amp;mese=11&amp;giorno=06&amp;idCommissione=02&amp;numero=0003&amp;file=indice_stenografico\"><strong>6.11.2013<\/strong><\/a>, <a href=\"http:\/\/www.camera.it\/leg17\/1079?idLegislatura=17&amp;tipologia=indag&amp;sottotipologia=c02_danno&amp;anno=2013&amp;mese=11&amp;giorno=12&amp;idCommissione=02&amp;numero=0004&amp;file=indice_stenografico\"><strong>12.11.2013<\/strong><\/a>, <a href=\"http:\/\/www.camera.it\/leg17\/1079?idLegislatura=17&amp;tipologia=indag&amp;sottotipologia=c02_danno&amp;anno=2013&amp;mese=11&amp;giorno=13&amp;idCommissione=02&amp;numero=0005&amp;file=indice_stenografico\"><strong>13.11.2013<\/strong><\/a>, <a href=\"http:\/\/www.camera.it\/leg17\/1079?idLegislatura=17&amp;tipologia=indag&amp;sottotipologia=c02_danno&amp;anno=2013&amp;mese=11&amp;giorno=26&amp;idCommissione=02&amp;numero=0006&amp;file=indice_stenografico\"><strong>26.11.2013<\/strong><\/a>, <a href=\"http:\/\/www.camera.it\/leg17\/1079?idLegislatura=17&amp;tipologia=indag&amp;sottotipologia=c02_danno&amp;anno=2013&amp;mese=11&amp;giorno=26&amp;idCommissione=02&amp;numero=0007&amp;file=indice_stenografico\"><strong>26.11.2013<\/strong><\/a>, <a href=\"http:\/\/www.camera.it\/leg17\/1079?idLegislatura=17&amp;tipologia=indag&amp;sottotipologia=c02_danno&amp;anno=2013&amp;mese=12&amp;giorno=10&amp;idCommissione=02&amp;numero=0008&amp;file=indice_stenografico\"><strong>10.12.2013<\/strong><\/a>) sia al Senato (per i documenti acquisiti clicca <a href=\"http:\/\/www.senato.it\/application\/xmanager\/projects\/leg17\/attachments\/documento_evento_procedura_commissione\/files\/000\/001\/847\/1345_-_RACCOLTA_CONTRIBUTI_11_settembre.pdf\"><strong>qui<\/strong><\/a>, <a href=\"http:\/\/www.senato.it\/application\/xmanager\/projects\/leg17\/attachments\/documento_evento_procedura_commissione\/files\/000\/001\/846\/1345_-_RACCOLTA_CONTRIBUTI_1\u00b0_agosto.pdf\"><strong>qui<\/strong><\/a> e <a href=\"http:\/\/www.senato.it\/application\/xmanager\/projects\/leg17\/attachments\/documento_evento_procedura_commissione\/files\/000\/001\/845\/1345_-_RACCOLTA_CONTRIBUTI_25_giugno.pdf\"><strong>qui<\/strong><\/a>).<\/p>\n<p><strong>L\u2019attivit\u00e0 di verifica della Commissione di inchiesta sui rifiuti<\/strong>. Si segnala che la <a href=\"https:\/\/welaikaadv.site\/avviso\/home\/cosa-facciamo\/informare\/osservatorio-parlamentare\/attivita-dinchiesta\/attivita-dinchiesta-xvii\/commissione-bicamerale-sul-ciclo-dei-rifiuti\/\"><strong>Commissione parlamentare di inchiesta sul ciclo dei rifiuti<\/strong><\/a> ha deliberato l\u2019avvio di una verifica della concreta attuazione della legge n.\u200268 del 2015, finalizzata alla raccolta ed elaborazione di dati quantitativi sull\u2019attivit\u00e0 dei diversi uffici giudiziari e fornire cos\u00ec elementi di valutazione sull\u2019efficacia delle nuove disposizioni legislative e sui problemi applicativi. Il 23 febbraio 2017 la Commissione ha approvato una relazione (<strong><a href=\"http:\/\/www.camera.it\/leg17\/491?idLegislatura=17&amp;categoria=023&amp;tipologiaDoc=documento&amp;numero=026&amp;doc=intero\">Doc. XXIII, n. 26<\/a><\/strong>).<\/p>\n<p>Nell&#8217;audizione del Ministro dell&#8217;Ambiente del <strong><a href=\"http:\/\/www.senato.it\/service\/PDF\/PDFServer\/DF\/339728.pdf\">5 settembre 2018<\/a><\/strong>, presso la 13a Commissione del Senato, sono state illustrate alcune ipotesi di miglioramento della legge n. 68.<\/p>\n<p>(<em>ultimo aggiornamento settembre 2018<\/em>)<\/p>\n<p>&nbsp;<\/p>\n","protected":false},"excerpt":{"rendered":"<p>Premessa. La legge n. 68 del 22 maggio 2015 \u00e8 volta a contrastare in modo pi\u00f9 efficace l\u2019attivit\u00e0 illecita delle organizzazioni criminali nel campo della&nbsp;<span class=\"hellipsis\">[&hellip;]<\/span><a class=\"more-link\" href=\"https:\/\/welaikaadv.site\/avviso\/home\/cosa-facciamo\/informare\/osservatorio-parlamentare\/attivita-legislativa\/disposizioni-in-materia-di-delitti-contro-lambiente-ac-342-e-abb-sintesi-dei-progetti-di-legge-allesame-delle-camere\/\">Leggi tutto <span class=\"screen-reader-text\">Legge n. 68 del 2015. Disposizioni in materia di delitti contro l\u2019ambiente<\/span> <span class=\"meta-nav\" aria-hidden=\"true\">&rarr;<\/span><\/a><\/p>\n","protected":false},"author":1,"featured_media":0,"parent":2537,"menu_order":0,"comment_status":"closed","ping_status":"closed","template":"","meta":{"_acf_changed":false,"_exactmetrics_skip_tracking":false,"_exactmetrics_sitenote_active":false,"_exactmetrics_sitenote_note":"","_exactmetrics_sitenote_category":0,"wp_social_preview_title":"","wp_social_preview_description":"","wp_social_preview_image":0,"footnotes":""},"class_list":["post-3641","page","type-page","status-publish","hentry"],"acf":[],"yoast_head":"<!-- This site is optimized with the Yoast SEO plugin v27.2 - https:\/\/yoast.com\/product\/yoast-seo-wordpress\/ -->\n<title>Legge n. 68 del 2015. Disposizioni in materia di delitti contro l\u2019ambiente - Staging Avviso Pubblico<\/title>\n<meta name=\"robots\" content=\"noindex, follow, max-snippet:-1, max-image-preview:large, max-video-preview:-1\" \/>\n<meta property=\"og:locale\" content=\"it_IT\" \/>\n<meta property=\"og:type\" content=\"article\" \/>\n<meta property=\"og:title\" content=\"Legge n. 68 del 2015. Disposizioni in materia di delitti contro l\u2019ambiente - Staging Avviso Pubblico\" \/>\n<meta property=\"og:description\" content=\"Premessa. La legge n. 68 del 22 maggio 2015 \u00e8 volta a contrastare in modo pi\u00f9 efficace l\u2019attivit\u00e0 illecita delle organizzazioni criminali nel campo della&nbsp;[&hellip;]Leggi tutto Legge n. 68 del 2015. Disposizioni in materia di delitti contro l\u2019ambiente &rarr;\" \/>\n<meta property=\"og:url\" content=\"https:\/\/welaikaadv.site\/avviso\/home\/cosa-facciamo\/informare\/osservatorio-parlamentare\/attivita-legislativa\/disposizioni-in-materia-di-delitti-contro-lambiente-ac-342-e-abb-sintesi-dei-progetti-di-legge-allesame-delle-camere\/\" \/>\n<meta property=\"og:site_name\" content=\"Staging Avviso Pubblico\" \/>\n<meta name=\"twitter:card\" content=\"summary_large_image\" \/>\n<meta name=\"twitter:label1\" content=\"Tempo di lettura stimato\" \/>\n\t<meta name=\"twitter:data1\" content=\"3 minuti\" \/>\n<script type=\"application\/ld+json\" class=\"yoast-schema-graph\">{\"@context\":\"https:\/\/schema.org\",\"@graph\":[{\"@type\":\"WebPage\",\"@id\":\"https:\/\/welaikaadv.site\/avviso\/home\/cosa-facciamo\/informare\/osservatorio-parlamentare\/attivita-legislativa\/disposizioni-in-materia-di-delitti-contro-lambiente-ac-342-e-abb-sintesi-dei-progetti-di-legge-allesame-delle-camere\/\",\"url\":\"https:\/\/welaikaadv.site\/avviso\/home\/cosa-facciamo\/informare\/osservatorio-parlamentare\/attivita-legislativa\/disposizioni-in-materia-di-delitti-contro-lambiente-ac-342-e-abb-sintesi-dei-progetti-di-legge-allesame-delle-camere\/\",\"name\":\"Legge n. 68 del 2015. Disposizioni in materia di delitti contro l\u2019ambiente - Staging Avviso Pubblico\",\"isPartOf\":{\"@id\":\"https:\/\/welaikaadv.site\/avviso\/#website\"},\"datePublished\":\"2018-09-14T07:50:57+00:00\",\"breadcrumb\":{\"@id\":\"https:\/\/welaikaadv.site\/avviso\/home\/cosa-facciamo\/informare\/osservatorio-parlamentare\/attivita-legislativa\/disposizioni-in-materia-di-delitti-contro-lambiente-ac-342-e-abb-sintesi-dei-progetti-di-legge-allesame-delle-camere\/#breadcrumb\"},\"inLanguage\":\"it-IT\",\"potentialAction\":[{\"@type\":\"ReadAction\",\"target\":[\"https:\/\/welaikaadv.site\/avviso\/home\/cosa-facciamo\/informare\/osservatorio-parlamentare\/attivita-legislativa\/disposizioni-in-materia-di-delitti-contro-lambiente-ac-342-e-abb-sintesi-dei-progetti-di-legge-allesame-delle-camere\/\"]}]},{\"@type\":\"BreadcrumbList\",\"@id\":\"https:\/\/welaikaadv.site\/avviso\/home\/cosa-facciamo\/informare\/osservatorio-parlamentare\/attivita-legislativa\/disposizioni-in-materia-di-delitti-contro-lambiente-ac-342-e-abb-sintesi-dei-progetti-di-legge-allesame-delle-camere\/#breadcrumb\",\"itemListElement\":[{\"@type\":\"ListItem\",\"position\":1,\"name\":\"Home\",\"item\":\"https:\/\/welaikaadv.site\/avviso\/\"},{\"@type\":\"ListItem\",\"position\":2,\"name\":\"Legge n. 68 del 2015. Disposizioni in materia di delitti contro l\u2019ambiente\"}]},{\"@type\":\"WebSite\",\"@id\":\"https:\/\/welaikaadv.site\/avviso\/#website\",\"url\":\"https:\/\/welaikaadv.site\/avviso\/\",\"name\":\"Staging Avviso Pubblico\",\"description\":\"\",\"publisher\":{\"@id\":\"https:\/\/welaikaadv.site\/avviso\/#organization\"},\"potentialAction\":[{\"@type\":\"SearchAction\",\"target\":{\"@type\":\"EntryPoint\",\"urlTemplate\":\"https:\/\/welaikaadv.site\/avviso\/?s={search_term_string}\"},\"query-input\":{\"@type\":\"PropertyValueSpecification\",\"valueRequired\":true,\"valueName\":\"search_term_string\"}}],\"inLanguage\":\"it-IT\"},{\"@type\":\"Organization\",\"@id\":\"https:\/\/welaikaadv.site\/avviso\/#organization\",\"name\":\"Staging Avviso Pubblico\",\"url\":\"https:\/\/welaikaadv.site\/avviso\/\",\"logo\":{\"@type\":\"ImageObject\",\"inLanguage\":\"it-IT\",\"@id\":\"https:\/\/welaikaadv.site\/avviso\/#\/schema\/logo\/image\/\",\"url\":\"https:\/\/welaikaadv.site\/avviso\/wp-content\/uploads\/2024\/08\/logoAPsito-400.png\",\"contentUrl\":\"https:\/\/welaikaadv.site\/avviso\/wp-content\/uploads\/2024\/08\/logoAPsito-400.png\",\"width\":400,\"height\":97,\"caption\":\"Staging Avviso Pubblico\"},\"image\":{\"@id\":\"https:\/\/welaikaadv.site\/avviso\/#\/schema\/logo\/image\/\"}}]}<\/script>\n<!-- \/ Yoast SEO plugin. -->","yoast_head_json":{"title":"Legge n. 68 del 2015. Disposizioni in materia di delitti contro l\u2019ambiente - Staging Avviso Pubblico","robots":{"index":"noindex","follow":"follow","max-snippet":"max-snippet:-1","max-image-preview":"max-image-preview:large","max-video-preview":"max-video-preview:-1"},"og_locale":"it_IT","og_type":"article","og_title":"Legge n. 68 del 2015. Disposizioni in materia di delitti contro l\u2019ambiente - Staging Avviso Pubblico","og_description":"Premessa. La legge n. 68 del 22 maggio 2015 \u00e8 volta a contrastare in modo pi\u00f9 efficace l\u2019attivit\u00e0 illecita delle organizzazioni criminali nel campo della&nbsp;[&hellip;]Leggi tutto Legge n. 68 del 2015. Disposizioni in materia di delitti contro l\u2019ambiente &rarr;","og_url":"https:\/\/welaikaadv.site\/avviso\/home\/cosa-facciamo\/informare\/osservatorio-parlamentare\/attivita-legislativa\/disposizioni-in-materia-di-delitti-contro-lambiente-ac-342-e-abb-sintesi-dei-progetti-di-legge-allesame-delle-camere\/","og_site_name":"Staging Avviso Pubblico","twitter_card":"summary_large_image","twitter_misc":{"Tempo di lettura stimato":"3 minuti"},"schema":{"@context":"https:\/\/schema.org","@graph":[{"@type":"WebPage","@id":"https:\/\/welaikaadv.site\/avviso\/home\/cosa-facciamo\/informare\/osservatorio-parlamentare\/attivita-legislativa\/disposizioni-in-materia-di-delitti-contro-lambiente-ac-342-e-abb-sintesi-dei-progetti-di-legge-allesame-delle-camere\/","url":"https:\/\/welaikaadv.site\/avviso\/home\/cosa-facciamo\/informare\/osservatorio-parlamentare\/attivita-legislativa\/disposizioni-in-materia-di-delitti-contro-lambiente-ac-342-e-abb-sintesi-dei-progetti-di-legge-allesame-delle-camere\/","name":"Legge n. 68 del 2015. Disposizioni in materia di delitti contro l\u2019ambiente - Staging Avviso Pubblico","isPartOf":{"@id":"https:\/\/welaikaadv.site\/avviso\/#website"},"datePublished":"2018-09-14T07:50:57+00:00","breadcrumb":{"@id":"https:\/\/welaikaadv.site\/avviso\/home\/cosa-facciamo\/informare\/osservatorio-parlamentare\/attivita-legislativa\/disposizioni-in-materia-di-delitti-contro-lambiente-ac-342-e-abb-sintesi-dei-progetti-di-legge-allesame-delle-camere\/#breadcrumb"},"inLanguage":"it-IT","potentialAction":[{"@type":"ReadAction","target":["https:\/\/welaikaadv.site\/avviso\/home\/cosa-facciamo\/informare\/osservatorio-parlamentare\/attivita-legislativa\/disposizioni-in-materia-di-delitti-contro-lambiente-ac-342-e-abb-sintesi-dei-progetti-di-legge-allesame-delle-camere\/"]}]},{"@type":"BreadcrumbList","@id":"https:\/\/welaikaadv.site\/avviso\/home\/cosa-facciamo\/informare\/osservatorio-parlamentare\/attivita-legislativa\/disposizioni-in-materia-di-delitti-contro-lambiente-ac-342-e-abb-sintesi-dei-progetti-di-legge-allesame-delle-camere\/#breadcrumb","itemListElement":[{"@type":"ListItem","position":1,"name":"Home","item":"https:\/\/welaikaadv.site\/avviso\/"},{"@type":"ListItem","position":2,"name":"Legge n. 68 del 2015. Disposizioni in materia di delitti contro l\u2019ambiente"}]},{"@type":"WebSite","@id":"https:\/\/welaikaadv.site\/avviso\/#website","url":"https:\/\/welaikaadv.site\/avviso\/","name":"Staging Avviso Pubblico","description":"","publisher":{"@id":"https:\/\/welaikaadv.site\/avviso\/#organization"},"potentialAction":[{"@type":"SearchAction","target":{"@type":"EntryPoint","urlTemplate":"https:\/\/welaikaadv.site\/avviso\/?s={search_term_string}"},"query-input":{"@type":"PropertyValueSpecification","valueRequired":true,"valueName":"search_term_string"}}],"inLanguage":"it-IT"},{"@type":"Organization","@id":"https:\/\/welaikaadv.site\/avviso\/#organization","name":"Staging Avviso Pubblico","url":"https:\/\/welaikaadv.site\/avviso\/","logo":{"@type":"ImageObject","inLanguage":"it-IT","@id":"https:\/\/welaikaadv.site\/avviso\/#\/schema\/logo\/image\/","url":"https:\/\/welaikaadv.site\/avviso\/wp-content\/uploads\/2024\/08\/logoAPsito-400.png","contentUrl":"https:\/\/welaikaadv.site\/avviso\/wp-content\/uploads\/2024\/08\/logoAPsito-400.png","width":400,"height":97,"caption":"Staging Avviso Pubblico"},"image":{"@id":"https:\/\/welaikaadv.site\/avviso\/#\/schema\/logo\/image\/"}}]}},"_links":{"self":[{"href":"https:\/\/welaikaadv.site\/avviso\/wp-json\/wp\/v2\/pages\/3641","targetHints":{"allow":["GET"]}}],"collection":[{"href":"https:\/\/welaikaadv.site\/avviso\/wp-json\/wp\/v2\/pages"}],"about":[{"href":"https:\/\/welaikaadv.site\/avviso\/wp-json\/wp\/v2\/types\/page"}],"author":[{"embeddable":true,"href":"https:\/\/welaikaadv.site\/avviso\/wp-json\/wp\/v2\/users\/1"}],"replies":[{"embeddable":true,"href":"https:\/\/welaikaadv.site\/avviso\/wp-json\/wp\/v2\/comments?post=3641"}],"version-history":[{"count":0,"href":"https:\/\/welaikaadv.site\/avviso\/wp-json\/wp\/v2\/pages\/3641\/revisions"}],"up":[{"embeddable":true,"href":"https:\/\/welaikaadv.site\/avviso\/wp-json\/wp\/v2\/pages\/2537"}],"wp:attachment":[{"href":"https:\/\/welaikaadv.site\/avviso\/wp-json\/wp\/v2\/media?parent=3641"}],"curies":[{"name":"wp","href":"https:\/\/api.w.org\/{rel}","templated":true}]}}