{"id":37625,"date":"2020-06-03T11:43:55","date_gmt":"2020-06-03T09:43:55","guid":{"rendered":"https:\/\/www.avvisopubblico.it\/home\/?page_id=37625"},"modified":"2020-06-03T11:43:55","modified_gmt":"2020-06-03T09:43:55","slug":"commissione-antimafia-xviii-legislatura-la-relazione-sulle-conseguenze-derivanti-dalla-sentenza-n-253-2019-della-corte-costituzionale","status":"publish","type":"page","link":"https:\/\/welaikaadv.site\/avviso\/home\/cosa-facciamo\/informare\/osservatorio-parlamentare\/attivita-dinchiesta\/le-commissioni-di-inchiesta-nella-xviii-legislatura\/commissione-antimafia-quadro-generale-dellattivita-xviii-legislatura\/commissione-antimafia-xviii-legislatura-la-relazione-sulle-conseguenze-derivanti-dalla-sentenza-n-253-2019-della-corte-costituzionale\/","title":{"rendered":"Commissione Antimafia \u2013 XVIII Legislatura: la Relazione sulle conseguenze derivanti dalla sentenza n.253\/2019 della Corte Costituzionale"},"content":{"rendered":"<p><strong>PREMESSA.<\/strong>\u00a0La\u00a0<a href=\"https:\/\/welaikaadv.site\/avviso\/home\/cosa-facciamo\/informare\/osservatorio-parlamentare\/attivita-dinchiesta\/le-commissioni-di-inchiesta-nella-xviii-legislatura\/commissione-antimafia-quadro-generale-dellattivita-xviii-legislatura\/\"><strong>Commissione parlamentare d\u2019inchiesta sulle mafie<\/strong><\/a>, nella seduta del\u00a0<strong><a href=\"https:\/\/www.camera.it\/leg18\/824?tipo=C&amp;anno=2020&amp;mese=05&amp;giorno=20&amp;view=filtered_scheda_bic&amp;commissione=24&amp;pagina=#data.20200520.com24.bollettino.sede00010.tit00010\">20 maggio 2020<\/a><\/strong>, ha approvato la Relazione (<a href=\"http:\/\/senato.it\/service\/PDF\/PDFServer\/DF\/351471.pdf\">Doc. XXIII, n.3<\/a>) sulle conseguenze derivanti dalla <strong><a href=\"https:\/\/welaikaadv.site\/avviso\/wp-content\/uploads\/2019\/12\/2019-253-CC.pdf\">sentenza n.253 del 2019 della Corte Costituzionale<\/a><\/strong> che ha dichiarato l\u2019illegittimit\u00e0 dell\u2019art. 4-<em>bis<\/em>, comma 1, della\u00a0<a href=\"http:\/\/www.normattiva.it\/uri-res\/N2Ls?urn:nir:stato:legge:1975-07-26;354!vig=\"><strong>legge n. 354 del 1975<\/strong><\/a>\u00a0(\u201cNorme sull\u2019ordinamento penitenziario e sulla esecuzione delle misure privative e limitative della libert\u00e0\u201d), nella parte in cui non prevede che, ai detenuti per i delitti di cui all\u2019art. 416-<em>bis<\/em>\u00a0del codice penale (associazione mafiosa) e per quelli commessi avvalendosi delle condizioni previste dallo stesso articolo, possano essere concessi permessi premio anche in assenza di collaborazione con la giustizia.<\/p>\n<p><strong>LE PRONUNCE DELLA CONSULTA E DELLA CORTE EUROPEA<\/strong>. Nella succitata sentenza della Corte Costituzionale, a contrastare con gli articoli 3 e 27, terzo comma, della Carta \u00e8 \u201cl\u2019assolutezza della presunzione del collegamento con la criminalit\u00e0 organizzata del detenuto non collaborante\u201d dell\u2019articolo 4-bis comma 1 (<strong><a href=\"https:\/\/welaikaadv.site\/avviso\/home\/cosa-facciamo\/informare\/documenti-tematici\/mafie\/sentenza-della-corte-costituzionale-n-253-del-2019-lillegittimita-della-presunzione-assoluta-di-pericolosita-sociale-del-detenuto-non-collaborante\/\">clicca qui per approfondire<\/a><\/strong>). In precedenza anche la\u00a0<a href=\"https:\/\/www.echr.coe.int\/Pages\/home.aspx?p=applicants\/ita&amp;c=\">Corte europea dei diritti dell\u2019uomo<\/a> aveva gi\u00e0 sancito la non conformit\u00e0 della misura dell\u2019ergastolo c.d. \u201costativo\u201d all\u2019articolo 3 della\u00a0<a href=\"https:\/\/www.echr.coe.int\/Documents\/Convention_ITA.pdf\">Convenzione per la salvaguardia dei Diritti dell\u2019Uomo e delle Libert\u00e0 fondamentali<\/a>, a norma del quale \u00abnessuno pu\u00f2 essere sottoposto a tortura n\u00e9 a pene o trattamenti inumani o degradanti\u00bb (<strong><a href=\"https:\/\/welaikaadv.site\/avviso\/home\/cosa-facciamo\/informare\/documenti-tematici\/mafie\/marcello-viola-c-italia-la-corte-europea-dei-diritti-delluomo-contro-lergastolo-c-d-ostativo\/\">clicca qui per approfondire<\/a><\/strong>).<\/p>\n<p><strong>I CONTENUTI DELLA RELAZIONE<\/strong>. Dopo aver analizzato le due sentenze (pp.12-25), la Commissione riferisce di aver condotto un <strong>breve ciclo di audizioni lo scorso mese di dicembre.<\/strong> Sul tema sono stati ascoltati il Procuratore nazionale antimafia e antiterrorismo (<strong><a href=\"https:\/\/webtv.camera.it\/evento\/15653\">video<\/a><\/strong>), il Capo del Dipartimento dell\u2019amministrazione peniten\u00adziaria (<strong><a href=\"https:\/\/webtv.camera.it\/evento\/15623\">video<\/a><\/strong>), il Presidente della Commissione \u00abCarceri ed esecuzione della pena\u00bb del Consiglio superiore della magistratura, i presidenti dei Tribunali di sorveglianza di Bologna e Roma (<strong><a href=\"https:\/\/webtv.camera.it\/evento\/15622\">video<\/a><\/strong>), un docente di diritto costituzionale.<\/p>\n<p><strong>LE AUDIZIONI<\/strong>. \u00a0La Relazione evidenzia come tutti gli auditi siano concordi sull\u2019opportunit\u00e0 che un eventuale intervento di riforma debba rivolgersi non solo al comma 1, oggetto della sentenza della Corte Costituzionale, ma a tutti i benefici penitenziari indicati dall\u2019articolo 4-bis, onde evitare \u201culteriori successivi interventi della Corte costituzionale\u201d. Dalle audizioni emerge inoltre come le conseguenze della sentenza, &#8220;apparentemente dirompenti\u201d,\u00a0 siano di fatto attenuate \u201cda rigide condizioni per ottenere la concessione del beneficio, che comunque costituir\u00e0 un\u2019eccezione alla regola\u201d. Nel corso delle audizioni sono emerse inoltre varie ipotesi sui parametri da utilizzare per valutare l\u2019assenza dei collegamenti fra il detenuto e il sistema criminale a cui apparteneva (pag.28).<\/p>\n<p>\u201cI magistrati di sorveglianza \u2013 si legge nella Relazione &#8211; hanno poi energicamente ribadito la necessit\u00e0, ora ancor pi\u00f9 cogente a fronte di competenze sempre pi\u00f9 articolate e complesse, di implementare gli organici degli uffici di sorve\u00adglianza, anche per ci\u00f2 che concerne la dotazione del personale ammini\u00adstrativo\u201d.<\/p>\n<p><strong>CRITERI E IPOTESI DI RIFORMA. <\/strong>In conclusione (pag. 29) la Commissione illustra alcuni criteri e avanza conseguenti proposte di riforma:<\/p>\n<ul>\n<li><strong>per i reati connessi con la criminalit\u00e0 organizzata, terroristica ed eversiva<\/strong>, dovr\u00e0 gravare sul condannato l\u2019onere di fornire allegazioni, basate su elementi fattuali precisi, concreti ed attuali, dell\u2019esclusione del mantenimento dei contatti con l\u2019organizzazione mafiosa e del pericolo di ripristino;<\/li>\n<li><strong>elementi e circostanze che la magistratura di sorveglianza potr\u00e0 e dovr\u00e0 valutare ai fini della concessione dei benefici<\/strong> possono essere: il perdurare o meno della operativit\u00e0 del sodalizio criminale; il profilo criminale del condannato e la sua posizione all\u2019interno dell\u2019associazione; la capacit\u00e0 eventualmente manifestata nel corso della detenzione di mantenere collegamenti con l\u2019originaria associazione di appartenenza o con altre organizzazioni, reti o coalizioni anche straniere; la sopravvenienza di nuove incriminazioni o significative infrazioni discipli\u00adnari; l\u2019ammissione dell\u2019attivit\u00e0 criminale svolta e delle relazioni e rapporti intrattenuti; la valutazione critica del vissuto in relazione al ravvedimento; le disponibilit\u00e0 economiche del condannato all\u2019interno degli istituti peni\u00adtenziari nonch\u00e9 quelle dei suoi familiari; la sussistenza di concrete e congrue condotte riparatorie, anche di natura non economica; l\u2019intervenuta adozione di provvedimenti patrimoniali ed il loro stato di concreta esecuzione;<\/li>\n<li>l\u2019acquisizione di tali elementi imporr\u00e0 l\u2019avvio delle verifiche che vedranno impegnate le <strong>autorit\u00e0 competenti a fornire le necessarie infor\u00admazioni<\/strong>: Procura nazionale antimafia e antiterrorismo, Comitato provinciale per l\u2019ordine e la sicurezza pubblica, direzione del carcere;<\/li>\n<li>occorrer\u00e0 prevedere un termine ampio per l\u2019acquisizione di tali pareri, dal momento che essi dovranno essere preceduti da un\u2019attivit\u00e0 di raccolta di informazioni. Viene ritenuto congruo un termine di trenta giorni, prorogabile una sola volta da parte del giudice di sorveglianza.<\/li>\n<\/ul>\n<p><strong>Prima ipotesi di riforma<\/strong>.\u00a0 Prevede una <strong>giurisdizione esclusiva in capo al tribunale di sorveglianza di Roma<\/strong> in materia di valutazione dell\u2019accesso ai benefici di cui al comma 1 dell\u2019articolo 4-bis, ivi compresi i permessi premio. In tal caso, la competenza a decidere sui reclami avverso i provvedimenti emessi dal tribunale di Roma in materia di permessi premio<br \/>\npotrebbe essere affidata ad un organo di seconda istanza, quale una sezione della Corte d\u2019Appello di Roma integrata dalla presenza di esperti, o in alternativa allo stesso Tribunale di sorveglianza di Roma in composizione diversa rispetto al collegio che ha emesso il provvedimento impugnato.<\/p>\n<p>La concentrazione della competenza in un unico tribunale a competenza nazionale <strong>ovvierebbe al rischio di una giurisprudenza &#8220;a macchia di leopardo&#8221;<\/strong>, di orientamenti giurisprudenziali eterogenei e difformi pur in situazioni identiche o analoghe. Questa soluzione presupporrebbe necessariamente una modifica della pianta organica nonch\u00e9 un<br \/>\ncorrispondente e congruo ampliamento del numero dei giudici, degli esperti e del personale amministrativo addetto al disbrigo degli affari.<\/p>\n<p><strong>Seconda ipotesi di riforma<\/strong>. Prevede un \u00ab doppio binario \u00bb con una <strong>disciplina differenziata in ragione della tipologia di reati per cui il soggetto \u00e8 stato condannato<\/strong>. In tale ipotesi andrebbe attribuita al tribunale di sorveglianza territoriale la competenza per le istanze di permesso premio presentate dai condannati e dagli internati per reati associativi, per delitti mafiosi e di criminalit\u00e0 organizzata, eversiva o terroristica e per traffico di stupefacenti.<\/p>\n<p>Tale soluzione, immediatamente praticabile, risponderebbe all\u2019esigenza che si impone quando si verte in materia di reati gravi e associativi, di una pi\u00f9 articolata ponderazione in quanto assicurata da un giudizio collegiale e rafforzata anche dalla presenza dei componenti esperti non togati e delle relative professionalit\u00e0, nonch\u00e9 dalla partecipazione all\u2019udienza della pubblica accusa.<\/p>\n<p>Inoltre, al fine di garantire un\u2019adeguata circolarit\u00e0 delle informazioni e di favorire il lavoro dei magistrati di sorveglianza, anche in ragione dei trasferimenti dei detenuti da un carcere all\u2019altro, si propone che, nei confronti di tutti i condannati per i reati di cui all\u2019articolo 4-bis, comma 1, sia efficacemente implementato il <strong>fascicolo elettronico del detenuto o dell\u2019internato (SIDET)<\/strong>, nel quale, tra l\u2019altro, dovrebbe confluire la cartella clinica digitale, al fine di consentire ai medici che lo prendono in carico di conoscere in tempo reale le condizioni di salute del detenuto o dell\u2019internato.<\/p>\n<p class=\"p1\">\n","protected":false},"excerpt":{"rendered":"<p>PREMESSA.\u00a0La\u00a0Commissione parlamentare d\u2019inchiesta sulle mafie, nella seduta del\u00a020 maggio 2020, ha approvato la Relazione (Doc. XXIII, n.3) sulle conseguenze derivanti dalla sentenza n.253 del 2019&nbsp;<span class=\"hellipsis\">[&hellip;]<\/span><a class=\"more-link\" href=\"https:\/\/welaikaadv.site\/avviso\/home\/cosa-facciamo\/informare\/osservatorio-parlamentare\/attivita-dinchiesta\/le-commissioni-di-inchiesta-nella-xviii-legislatura\/commissione-antimafia-quadro-generale-dellattivita-xviii-legislatura\/commissione-antimafia-xviii-legislatura-la-relazione-sulle-conseguenze-derivanti-dalla-sentenza-n-253-2019-della-corte-costituzionale\/\">Leggi tutto <span class=\"screen-reader-text\">Commissione Antimafia \u2013 XVIII Legislatura: la Relazione sulle conseguenze derivanti dalla sentenza n.253\/2019 della Corte Costituzionale<\/span> <span class=\"meta-nav\" aria-hidden=\"true\">&rarr;<\/span><\/a><\/p>\n","protected":false},"author":1,"featured_media":0,"parent":29953,"menu_order":0,"comment_status":"closed","ping_status":"closed","template":"","meta":{"_acf_changed":false,"_exactmetrics_skip_tracking":false,"_exactmetrics_sitenote_active":false,"_exactmetrics_sitenote_note":"","_exactmetrics_sitenote_category":0,"wp_social_preview_title":"","wp_social_preview_description":"","wp_social_preview_image":0,"footnotes":""},"class_list":["post-37625","page","type-page","status-publish","hentry"],"acf":[],"yoast_head":"<!-- This site is optimized with the Yoast SEO plugin v27.2 - https:\/\/yoast.com\/product\/yoast-seo-wordpress\/ -->\n<title>Commissione Antimafia \u2013 XVIII Legislatura: la Relazione sulle conseguenze derivanti dalla sentenza n.253\/2019 della Corte Costituzionale - Staging Avviso Pubblico<\/title>\n<meta name=\"robots\" content=\"noindex, follow, max-snippet:-1, max-image-preview:large, max-video-preview:-1\" \/>\n<meta property=\"og:locale\" content=\"it_IT\" \/>\n<meta property=\"og:type\" content=\"article\" \/>\n<meta property=\"og:title\" content=\"Commissione Antimafia \u2013 XVIII Legislatura: la Relazione sulle conseguenze derivanti dalla sentenza n.253\/2019 della Corte Costituzionale - Staging Avviso Pubblico\" \/>\n<meta property=\"og:description\" content=\"PREMESSA.\u00a0La\u00a0Commissione parlamentare d\u2019inchiesta sulle mafie, nella seduta del\u00a020 maggio 2020, ha approvato la Relazione (Doc. XXIII, n.3) sulle conseguenze derivanti dalla sentenza n.253 del 2019&nbsp;[&hellip;]Leggi tutto Commissione Antimafia \u2013 XVIII Legislatura: la Relazione sulle conseguenze derivanti dalla sentenza n.253\/2019 della Corte Costituzionale &rarr;\" \/>\n<meta property=\"og:url\" content=\"https:\/\/welaikaadv.site\/avviso\/home\/cosa-facciamo\/informare\/osservatorio-parlamentare\/attivita-dinchiesta\/le-commissioni-di-inchiesta-nella-xviii-legislatura\/commissione-antimafia-quadro-generale-dellattivita-xviii-legislatura\/commissione-antimafia-xviii-legislatura-la-relazione-sulle-conseguenze-derivanti-dalla-sentenza-n-253-2019-della-corte-costituzionale\/\" \/>\n<meta property=\"og:site_name\" content=\"Staging Avviso Pubblico\" \/>\n<meta name=\"twitter:card\" content=\"summary_large_image\" \/>\n<meta name=\"twitter:label1\" content=\"Tempo di lettura stimato\" \/>\n\t<meta name=\"twitter:data1\" content=\"6 minuti\" \/>\n<script type=\"application\/ld+json\" class=\"yoast-schema-graph\">{\"@context\":\"https:\/\/schema.org\",\"@graph\":[{\"@type\":\"WebPage\",\"@id\":\"https:\/\/welaikaadv.site\/avviso\/home\/cosa-facciamo\/informare\/osservatorio-parlamentare\/attivita-dinchiesta\/le-commissioni-di-inchiesta-nella-xviii-legislatura\/commissione-antimafia-quadro-generale-dellattivita-xviii-legislatura\/commissione-antimafia-xviii-legislatura-la-relazione-sulle-conseguenze-derivanti-dalla-sentenza-n-253-2019-della-corte-costituzionale\/\",\"url\":\"https:\/\/welaikaadv.site\/avviso\/home\/cosa-facciamo\/informare\/osservatorio-parlamentare\/attivita-dinchiesta\/le-commissioni-di-inchiesta-nella-xviii-legislatura\/commissione-antimafia-quadro-generale-dellattivita-xviii-legislatura\/commissione-antimafia-xviii-legislatura-la-relazione-sulle-conseguenze-derivanti-dalla-sentenza-n-253-2019-della-corte-costituzionale\/\",\"name\":\"Commissione Antimafia \u2013 XVIII Legislatura: la Relazione sulle conseguenze derivanti dalla sentenza n.253\/2019 della Corte Costituzionale - Staging Avviso Pubblico\",\"isPartOf\":{\"@id\":\"https:\/\/welaikaadv.site\/avviso\/#website\"},\"datePublished\":\"2020-06-03T09:43:55+00:00\",\"breadcrumb\":{\"@id\":\"https:\/\/welaikaadv.site\/avviso\/home\/cosa-facciamo\/informare\/osservatorio-parlamentare\/attivita-dinchiesta\/le-commissioni-di-inchiesta-nella-xviii-legislatura\/commissione-antimafia-quadro-generale-dellattivita-xviii-legislatura\/commissione-antimafia-xviii-legislatura-la-relazione-sulle-conseguenze-derivanti-dalla-sentenza-n-253-2019-della-corte-costituzionale\/#breadcrumb\"},\"inLanguage\":\"it-IT\",\"potentialAction\":[{\"@type\":\"ReadAction\",\"target\":[\"https:\/\/welaikaadv.site\/avviso\/home\/cosa-facciamo\/informare\/osservatorio-parlamentare\/attivita-dinchiesta\/le-commissioni-di-inchiesta-nella-xviii-legislatura\/commissione-antimafia-quadro-generale-dellattivita-xviii-legislatura\/commissione-antimafia-xviii-legislatura-la-relazione-sulle-conseguenze-derivanti-dalla-sentenza-n-253-2019-della-corte-costituzionale\/\"]}]},{\"@type\":\"BreadcrumbList\",\"@id\":\"https:\/\/welaikaadv.site\/avviso\/home\/cosa-facciamo\/informare\/osservatorio-parlamentare\/attivita-dinchiesta\/le-commissioni-di-inchiesta-nella-xviii-legislatura\/commissione-antimafia-quadro-generale-dellattivita-xviii-legislatura\/commissione-antimafia-xviii-legislatura-la-relazione-sulle-conseguenze-derivanti-dalla-sentenza-n-253-2019-della-corte-costituzionale\/#breadcrumb\",\"itemListElement\":[{\"@type\":\"ListItem\",\"position\":1,\"name\":\"Home\",\"item\":\"https:\/\/welaikaadv.site\/avviso\/\"},{\"@type\":\"ListItem\",\"position\":2,\"name\":\"Commissione Antimafia \u2013 XVIII Legislatura: la Relazione sulle conseguenze derivanti dalla sentenza n.253\/2019 della Corte Costituzionale\"}]},{\"@type\":\"WebSite\",\"@id\":\"https:\/\/welaikaadv.site\/avviso\/#website\",\"url\":\"https:\/\/welaikaadv.site\/avviso\/\",\"name\":\"Staging Avviso Pubblico\",\"description\":\"\",\"publisher\":{\"@id\":\"https:\/\/welaikaadv.site\/avviso\/#organization\"},\"potentialAction\":[{\"@type\":\"SearchAction\",\"target\":{\"@type\":\"EntryPoint\",\"urlTemplate\":\"https:\/\/welaikaadv.site\/avviso\/?s={search_term_string}\"},\"query-input\":{\"@type\":\"PropertyValueSpecification\",\"valueRequired\":true,\"valueName\":\"search_term_string\"}}],\"inLanguage\":\"it-IT\"},{\"@type\":\"Organization\",\"@id\":\"https:\/\/welaikaadv.site\/avviso\/#organization\",\"name\":\"Staging Avviso Pubblico\",\"url\":\"https:\/\/welaikaadv.site\/avviso\/\",\"logo\":{\"@type\":\"ImageObject\",\"inLanguage\":\"it-IT\",\"@id\":\"https:\/\/welaikaadv.site\/avviso\/#\/schema\/logo\/image\/\",\"url\":\"https:\/\/welaikaadv.site\/avviso\/wp-content\/uploads\/2024\/08\/logoAPsito-400.png\",\"contentUrl\":\"https:\/\/welaikaadv.site\/avviso\/wp-content\/uploads\/2024\/08\/logoAPsito-400.png\",\"width\":400,\"height\":97,\"caption\":\"Staging Avviso Pubblico\"},\"image\":{\"@id\":\"https:\/\/welaikaadv.site\/avviso\/#\/schema\/logo\/image\/\"}}]}<\/script>\n<!-- \/ Yoast SEO plugin. -->","yoast_head_json":{"title":"Commissione Antimafia \u2013 XVIII Legislatura: la Relazione sulle conseguenze derivanti dalla sentenza n.253\/2019 della Corte Costituzionale - Staging Avviso Pubblico","robots":{"index":"noindex","follow":"follow","max-snippet":"max-snippet:-1","max-image-preview":"max-image-preview:large","max-video-preview":"max-video-preview:-1"},"og_locale":"it_IT","og_type":"article","og_title":"Commissione Antimafia \u2013 XVIII Legislatura: la Relazione sulle conseguenze derivanti dalla sentenza n.253\/2019 della Corte Costituzionale - Staging Avviso Pubblico","og_description":"PREMESSA.\u00a0La\u00a0Commissione parlamentare d\u2019inchiesta sulle mafie, nella seduta del\u00a020 maggio 2020, ha approvato la Relazione (Doc. XXIII, n.3) sulle conseguenze derivanti dalla sentenza n.253 del 2019&nbsp;[&hellip;]Leggi tutto Commissione Antimafia \u2013 XVIII Legislatura: la Relazione sulle conseguenze derivanti dalla sentenza n.253\/2019 della Corte Costituzionale &rarr;","og_url":"https:\/\/welaikaadv.site\/avviso\/home\/cosa-facciamo\/informare\/osservatorio-parlamentare\/attivita-dinchiesta\/le-commissioni-di-inchiesta-nella-xviii-legislatura\/commissione-antimafia-quadro-generale-dellattivita-xviii-legislatura\/commissione-antimafia-xviii-legislatura-la-relazione-sulle-conseguenze-derivanti-dalla-sentenza-n-253-2019-della-corte-costituzionale\/","og_site_name":"Staging Avviso Pubblico","twitter_card":"summary_large_image","twitter_misc":{"Tempo di lettura stimato":"6 minuti"},"schema":{"@context":"https:\/\/schema.org","@graph":[{"@type":"WebPage","@id":"https:\/\/welaikaadv.site\/avviso\/home\/cosa-facciamo\/informare\/osservatorio-parlamentare\/attivita-dinchiesta\/le-commissioni-di-inchiesta-nella-xviii-legislatura\/commissione-antimafia-quadro-generale-dellattivita-xviii-legislatura\/commissione-antimafia-xviii-legislatura-la-relazione-sulle-conseguenze-derivanti-dalla-sentenza-n-253-2019-della-corte-costituzionale\/","url":"https:\/\/welaikaadv.site\/avviso\/home\/cosa-facciamo\/informare\/osservatorio-parlamentare\/attivita-dinchiesta\/le-commissioni-di-inchiesta-nella-xviii-legislatura\/commissione-antimafia-quadro-generale-dellattivita-xviii-legislatura\/commissione-antimafia-xviii-legislatura-la-relazione-sulle-conseguenze-derivanti-dalla-sentenza-n-253-2019-della-corte-costituzionale\/","name":"Commissione Antimafia \u2013 XVIII Legislatura: la Relazione sulle conseguenze derivanti dalla sentenza n.253\/2019 della Corte Costituzionale - Staging Avviso Pubblico","isPartOf":{"@id":"https:\/\/welaikaadv.site\/avviso\/#website"},"datePublished":"2020-06-03T09:43:55+00:00","breadcrumb":{"@id":"https:\/\/welaikaadv.site\/avviso\/home\/cosa-facciamo\/informare\/osservatorio-parlamentare\/attivita-dinchiesta\/le-commissioni-di-inchiesta-nella-xviii-legislatura\/commissione-antimafia-quadro-generale-dellattivita-xviii-legislatura\/commissione-antimafia-xviii-legislatura-la-relazione-sulle-conseguenze-derivanti-dalla-sentenza-n-253-2019-della-corte-costituzionale\/#breadcrumb"},"inLanguage":"it-IT","potentialAction":[{"@type":"ReadAction","target":["https:\/\/welaikaadv.site\/avviso\/home\/cosa-facciamo\/informare\/osservatorio-parlamentare\/attivita-dinchiesta\/le-commissioni-di-inchiesta-nella-xviii-legislatura\/commissione-antimafia-quadro-generale-dellattivita-xviii-legislatura\/commissione-antimafia-xviii-legislatura-la-relazione-sulle-conseguenze-derivanti-dalla-sentenza-n-253-2019-della-corte-costituzionale\/"]}]},{"@type":"BreadcrumbList","@id":"https:\/\/welaikaadv.site\/avviso\/home\/cosa-facciamo\/informare\/osservatorio-parlamentare\/attivita-dinchiesta\/le-commissioni-di-inchiesta-nella-xviii-legislatura\/commissione-antimafia-quadro-generale-dellattivita-xviii-legislatura\/commissione-antimafia-xviii-legislatura-la-relazione-sulle-conseguenze-derivanti-dalla-sentenza-n-253-2019-della-corte-costituzionale\/#breadcrumb","itemListElement":[{"@type":"ListItem","position":1,"name":"Home","item":"https:\/\/welaikaadv.site\/avviso\/"},{"@type":"ListItem","position":2,"name":"Commissione Antimafia \u2013 XVIII Legislatura: la Relazione sulle conseguenze derivanti dalla sentenza n.253\/2019 della Corte Costituzionale"}]},{"@type":"WebSite","@id":"https:\/\/welaikaadv.site\/avviso\/#website","url":"https:\/\/welaikaadv.site\/avviso\/","name":"Staging Avviso Pubblico","description":"","publisher":{"@id":"https:\/\/welaikaadv.site\/avviso\/#organization"},"potentialAction":[{"@type":"SearchAction","target":{"@type":"EntryPoint","urlTemplate":"https:\/\/welaikaadv.site\/avviso\/?s={search_term_string}"},"query-input":{"@type":"PropertyValueSpecification","valueRequired":true,"valueName":"search_term_string"}}],"inLanguage":"it-IT"},{"@type":"Organization","@id":"https:\/\/welaikaadv.site\/avviso\/#organization","name":"Staging Avviso Pubblico","url":"https:\/\/welaikaadv.site\/avviso\/","logo":{"@type":"ImageObject","inLanguage":"it-IT","@id":"https:\/\/welaikaadv.site\/avviso\/#\/schema\/logo\/image\/","url":"https:\/\/welaikaadv.site\/avviso\/wp-content\/uploads\/2024\/08\/logoAPsito-400.png","contentUrl":"https:\/\/welaikaadv.site\/avviso\/wp-content\/uploads\/2024\/08\/logoAPsito-400.png","width":400,"height":97,"caption":"Staging Avviso Pubblico"},"image":{"@id":"https:\/\/welaikaadv.site\/avviso\/#\/schema\/logo\/image\/"}}]}},"_links":{"self":[{"href":"https:\/\/welaikaadv.site\/avviso\/wp-json\/wp\/v2\/pages\/37625","targetHints":{"allow":["GET"]}}],"collection":[{"href":"https:\/\/welaikaadv.site\/avviso\/wp-json\/wp\/v2\/pages"}],"about":[{"href":"https:\/\/welaikaadv.site\/avviso\/wp-json\/wp\/v2\/types\/page"}],"author":[{"embeddable":true,"href":"https:\/\/welaikaadv.site\/avviso\/wp-json\/wp\/v2\/users\/1"}],"replies":[{"embeddable":true,"href":"https:\/\/welaikaadv.site\/avviso\/wp-json\/wp\/v2\/comments?post=37625"}],"version-history":[{"count":0,"href":"https:\/\/welaikaadv.site\/avviso\/wp-json\/wp\/v2\/pages\/37625\/revisions"}],"up":[{"embeddable":true,"href":"https:\/\/welaikaadv.site\/avviso\/wp-json\/wp\/v2\/pages\/29953"}],"wp:attachment":[{"href":"https:\/\/welaikaadv.site\/avviso\/wp-json\/wp\/v2\/media?parent=37625"}],"curies":[{"name":"wp","href":"https:\/\/api.w.org\/{rel}","templated":true}]}}