{"id":3799,"date":"2015-04-23T22:18:19","date_gmt":"2015-04-23T20:18:19","guid":{"rendered":"http:\/\/www.avvisopubblico.it\/osservatorio\/?page_id=3799"},"modified":"2015-04-23T22:18:19","modified_gmt":"2015-04-23T20:18:19","slug":"legge-n-47-del-2015-modifiche-al-codice-di-procedura-penale-in-materia-di-misure-cautelari-personali-sintesi-delle-disposizioni-per-i-reati-di-particolare-gravita","status":"publish","type":"page","link":"https:\/\/welaikaadv.site\/avviso\/home\/cosa-facciamo\/informare\/osservatorio-parlamentare\/attivita-legislativa\/legge-n-47-del-2015-modifiche-al-codice-di-procedura-penale-in-materia-di-misure-cautelari-personali-sintesi-delle-disposizioni-per-i-reati-di-particolare-gravita\/","title":{"rendered":"Legge n. 47 del 2015 Modifiche al codice di procedura penale in materia di misure cautelari personali: sintesi delle disposizioni per i reati di particolare gravit\u00e0"},"content":{"rendered":"<p>La <strong><a href=\"http:\/\/www.normattiva.it\/uri-res\/N2Ls?urn:nir:stato:legge:2015;47\">legge n. 47 del 18 aprile 2015<\/a><\/strong> \u00e8 volta a limitare la discrezionalit\u00e0 del giudice nella valutazione della custodia cautelare in carcere, favorendo al tempo stesso l\u2019applicazione di misure alternative (la cui durata \u00e8 estesa), adeguandosi sotto questo profilo alla giurisprudenza della Corte costituzionale.<\/p>\n<p>Un\u2019apposita disciplina \u00e8 dettata dall\u2019art. 4 con riguardo all&#8217;applicazione della custodia in carcere per alcuni reati di particolare gravit\u00e0 (tra i quali l\u2019associazione mafiosa o finalizzata al traffico di stupefacenti, la riduzione in schiavit\u00f9, la tratta di persone, il sequestro di persona a scopo di estorsione), modificando l\u2019art. 275 del c.p.p. in base al quale era prevista di regola una presunzione di idoneit\u00e0 della sola misura carceraria, salvo non sussistano esigenze cautelari. Il nuovo testo limita la presunzione di idoneit\u00e0 della misura carceraria in relazione alla sussistenza di gravi indizi di colpevolezza in ordine ai soli delitti di associazione sovversiva (art. 270 c.p.), associazione terroristica, anche internazionale (art. 270-bis c.p.) e associazione mafiosa (art. 416-bis c.p.); non \u00e8 ricompreso invece in tale elenco lo scambio elettorale politico mafioso (art. 416-ter c.p.) e l&#8217; associazione a delinquere finalizzata al traffico di stupefacenti (art. 74, DPR 309\/1990).<\/p>\n<p>Si segnala che il Governo dovr\u00e0 presentare una relazione annuale al Parlamento con informazioni e dati sulle misure cautelari, distinte per tipologia e con i relativi esiti, adottate nell&#8217;anno precedente (art. 15).<\/p>\n<p>Per maggiori approfondimenti leggi il <a href=\"http:\/\/www.senato.it\/japp\/bgt\/showdoc\/17\/DOSSIER\/826480\/index.html\"><strong>dossier<\/strong><\/a> predisposto dal Servizio studi del Senato.<\/p>\n","protected":false},"excerpt":{"rendered":"<p>La legge n. 47 del 18 aprile 2015 \u00e8 volta a limitare la discrezionalit\u00e0 del giudice nella valutazione della custodia cautelare in carcere, favorendo al&nbsp;<span class=\"hellipsis\">[&hellip;]<\/span><a class=\"more-link\" href=\"https:\/\/welaikaadv.site\/avviso\/home\/cosa-facciamo\/informare\/osservatorio-parlamentare\/attivita-legislativa\/legge-n-47-del-2015-modifiche-al-codice-di-procedura-penale-in-materia-di-misure-cautelari-personali-sintesi-delle-disposizioni-per-i-reati-di-particolare-gravita\/\">Leggi tutto <span class=\"screen-reader-text\">Legge n. 47 del 2015 Modifiche al codice di procedura penale in materia di misure cautelari personali: sintesi delle disposizioni per i reati di particolare gravit\u00e0<\/span> <span class=\"meta-nav\" aria-hidden=\"true\">&rarr;<\/span><\/a><\/p>\n","protected":false},"author":1,"featured_media":0,"parent":2537,"menu_order":0,"comment_status":"closed","ping_status":"closed","template":"","meta":{"_acf_changed":false,"_exactmetrics_skip_tracking":false,"_exactmetrics_sitenote_active":false,"_exactmetrics_sitenote_note":"","_exactmetrics_sitenote_category":0,"wp_social_preview_title":"","wp_social_preview_description":"","wp_social_preview_image":0,"footnotes":""},"class_list":["post-3799","page","type-page","status-publish","hentry"],"acf":[],"yoast_head":"<!-- This site is optimized with the Yoast SEO plugin v27.2 - https:\/\/yoast.com\/product\/yoast-seo-wordpress\/ -->\n<title>Legge n. 47 del 2015 Modifiche al codice di procedura penale in materia di misure cautelari personali: sintesi delle disposizioni per i reati di particolare gravit\u00e0 - Staging Avviso Pubblico<\/title>\n<meta name=\"robots\" content=\"noindex, follow, max-snippet:-1, max-image-preview:large, max-video-preview:-1\" \/>\n<meta property=\"og:locale\" content=\"it_IT\" \/>\n<meta property=\"og:type\" content=\"article\" \/>\n<meta property=\"og:title\" content=\"Legge n. 47 del 2015 Modifiche al codice di procedura penale in materia di misure cautelari personali: sintesi delle disposizioni per i reati di particolare gravit\u00e0 - Staging Avviso Pubblico\" \/>\n<meta property=\"og:description\" content=\"La legge n. 47 del 18 aprile 2015 \u00e8 volta a limitare la discrezionalit\u00e0 del giudice nella valutazione della custodia cautelare in carcere, favorendo al&nbsp;[&hellip;]Leggi tutto Legge n. 47 del 2015 Modifiche al codice di procedura penale in materia di misure cautelari personali: sintesi delle disposizioni per i reati di particolare gravit\u00e0 &rarr;\" \/>\n<meta property=\"og:url\" content=\"https:\/\/welaikaadv.site\/avviso\/home\/cosa-facciamo\/informare\/osservatorio-parlamentare\/attivita-legislativa\/legge-n-47-del-2015-modifiche-al-codice-di-procedura-penale-in-materia-di-misure-cautelari-personali-sintesi-delle-disposizioni-per-i-reati-di-particolare-gravita\/\" \/>\n<meta property=\"og:site_name\" content=\"Staging Avviso Pubblico\" \/>\n<meta name=\"twitter:card\" content=\"summary_large_image\" \/>\n<meta name=\"twitter:label1\" content=\"Tempo di lettura stimato\" \/>\n\t<meta name=\"twitter:data1\" content=\"1 minuto\" \/>\n<script type=\"application\/ld+json\" class=\"yoast-schema-graph\">{\"@context\":\"https:\/\/schema.org\",\"@graph\":[{\"@type\":\"WebPage\",\"@id\":\"https:\/\/welaikaadv.site\/avviso\/home\/cosa-facciamo\/informare\/osservatorio-parlamentare\/attivita-legislativa\/legge-n-47-del-2015-modifiche-al-codice-di-procedura-penale-in-materia-di-misure-cautelari-personali-sintesi-delle-disposizioni-per-i-reati-di-particolare-gravita\/\",\"url\":\"https:\/\/welaikaadv.site\/avviso\/home\/cosa-facciamo\/informare\/osservatorio-parlamentare\/attivita-legislativa\/legge-n-47-del-2015-modifiche-al-codice-di-procedura-penale-in-materia-di-misure-cautelari-personali-sintesi-delle-disposizioni-per-i-reati-di-particolare-gravita\/\",\"name\":\"Legge n. 47 del 2015 Modifiche al codice di procedura penale in materia di misure cautelari personali: sintesi delle disposizioni per i reati di particolare gravit\u00e0 - Staging Avviso Pubblico\",\"isPartOf\":{\"@id\":\"https:\/\/welaikaadv.site\/avviso\/#website\"},\"datePublished\":\"2015-04-23T20:18:19+00:00\",\"breadcrumb\":{\"@id\":\"https:\/\/welaikaadv.site\/avviso\/home\/cosa-facciamo\/informare\/osservatorio-parlamentare\/attivita-legislativa\/legge-n-47-del-2015-modifiche-al-codice-di-procedura-penale-in-materia-di-misure-cautelari-personali-sintesi-delle-disposizioni-per-i-reati-di-particolare-gravita\/#breadcrumb\"},\"inLanguage\":\"it-IT\",\"potentialAction\":[{\"@type\":\"ReadAction\",\"target\":[\"https:\/\/welaikaadv.site\/avviso\/home\/cosa-facciamo\/informare\/osservatorio-parlamentare\/attivita-legislativa\/legge-n-47-del-2015-modifiche-al-codice-di-procedura-penale-in-materia-di-misure-cautelari-personali-sintesi-delle-disposizioni-per-i-reati-di-particolare-gravita\/\"]}]},{\"@type\":\"BreadcrumbList\",\"@id\":\"https:\/\/welaikaadv.site\/avviso\/home\/cosa-facciamo\/informare\/osservatorio-parlamentare\/attivita-legislativa\/legge-n-47-del-2015-modifiche-al-codice-di-procedura-penale-in-materia-di-misure-cautelari-personali-sintesi-delle-disposizioni-per-i-reati-di-particolare-gravita\/#breadcrumb\",\"itemListElement\":[{\"@type\":\"ListItem\",\"position\":1,\"name\":\"Home\",\"item\":\"https:\/\/welaikaadv.site\/avviso\/\"},{\"@type\":\"ListItem\",\"position\":2,\"name\":\"Legge n. 47 del 2015 Modifiche al codice di procedura penale in materia di misure cautelari personali: sintesi delle disposizioni per i reati di particolare gravit\u00e0\"}]},{\"@type\":\"WebSite\",\"@id\":\"https:\/\/welaikaadv.site\/avviso\/#website\",\"url\":\"https:\/\/welaikaadv.site\/avviso\/\",\"name\":\"Staging Avviso Pubblico\",\"description\":\"\",\"publisher\":{\"@id\":\"https:\/\/welaikaadv.site\/avviso\/#organization\"},\"potentialAction\":[{\"@type\":\"SearchAction\",\"target\":{\"@type\":\"EntryPoint\",\"urlTemplate\":\"https:\/\/welaikaadv.site\/avviso\/?s={search_term_string}\"},\"query-input\":{\"@type\":\"PropertyValueSpecification\",\"valueRequired\":true,\"valueName\":\"search_term_string\"}}],\"inLanguage\":\"it-IT\"},{\"@type\":\"Organization\",\"@id\":\"https:\/\/welaikaadv.site\/avviso\/#organization\",\"name\":\"Staging Avviso Pubblico\",\"url\":\"https:\/\/welaikaadv.site\/avviso\/\",\"logo\":{\"@type\":\"ImageObject\",\"inLanguage\":\"it-IT\",\"@id\":\"https:\/\/welaikaadv.site\/avviso\/#\/schema\/logo\/image\/\",\"url\":\"https:\/\/welaikaadv.site\/avviso\/wp-content\/uploads\/2024\/08\/logoAPsito-400.png\",\"contentUrl\":\"https:\/\/welaikaadv.site\/avviso\/wp-content\/uploads\/2024\/08\/logoAPsito-400.png\",\"width\":400,\"height\":97,\"caption\":\"Staging Avviso Pubblico\"},\"image\":{\"@id\":\"https:\/\/welaikaadv.site\/avviso\/#\/schema\/logo\/image\/\"}}]}<\/script>\n<!-- \/ Yoast SEO plugin. -->","yoast_head_json":{"title":"Legge n. 47 del 2015 Modifiche al codice di procedura penale in materia di misure cautelari personali: sintesi delle disposizioni per i reati di particolare gravit\u00e0 - Staging Avviso Pubblico","robots":{"index":"noindex","follow":"follow","max-snippet":"max-snippet:-1","max-image-preview":"max-image-preview:large","max-video-preview":"max-video-preview:-1"},"og_locale":"it_IT","og_type":"article","og_title":"Legge n. 47 del 2015 Modifiche al codice di procedura penale in materia di misure cautelari personali: sintesi delle disposizioni per i reati di particolare gravit\u00e0 - Staging Avviso Pubblico","og_description":"La legge n. 47 del 18 aprile 2015 \u00e8 volta a limitare la discrezionalit\u00e0 del giudice nella valutazione della custodia cautelare in carcere, favorendo al&nbsp;[&hellip;]Leggi tutto Legge n. 47 del 2015 Modifiche al codice di procedura penale in materia di misure cautelari personali: sintesi delle disposizioni per i reati di particolare gravit\u00e0 &rarr;","og_url":"https:\/\/welaikaadv.site\/avviso\/home\/cosa-facciamo\/informare\/osservatorio-parlamentare\/attivita-legislativa\/legge-n-47-del-2015-modifiche-al-codice-di-procedura-penale-in-materia-di-misure-cautelari-personali-sintesi-delle-disposizioni-per-i-reati-di-particolare-gravita\/","og_site_name":"Staging Avviso Pubblico","twitter_card":"summary_large_image","twitter_misc":{"Tempo di lettura stimato":"1 minuto"},"schema":{"@context":"https:\/\/schema.org","@graph":[{"@type":"WebPage","@id":"https:\/\/welaikaadv.site\/avviso\/home\/cosa-facciamo\/informare\/osservatorio-parlamentare\/attivita-legislativa\/legge-n-47-del-2015-modifiche-al-codice-di-procedura-penale-in-materia-di-misure-cautelari-personali-sintesi-delle-disposizioni-per-i-reati-di-particolare-gravita\/","url":"https:\/\/welaikaadv.site\/avviso\/home\/cosa-facciamo\/informare\/osservatorio-parlamentare\/attivita-legislativa\/legge-n-47-del-2015-modifiche-al-codice-di-procedura-penale-in-materia-di-misure-cautelari-personali-sintesi-delle-disposizioni-per-i-reati-di-particolare-gravita\/","name":"Legge n. 47 del 2015 Modifiche al codice di procedura penale in materia di misure cautelari personali: sintesi delle disposizioni per i reati di particolare gravit\u00e0 - Staging Avviso Pubblico","isPartOf":{"@id":"https:\/\/welaikaadv.site\/avviso\/#website"},"datePublished":"2015-04-23T20:18:19+00:00","breadcrumb":{"@id":"https:\/\/welaikaadv.site\/avviso\/home\/cosa-facciamo\/informare\/osservatorio-parlamentare\/attivita-legislativa\/legge-n-47-del-2015-modifiche-al-codice-di-procedura-penale-in-materia-di-misure-cautelari-personali-sintesi-delle-disposizioni-per-i-reati-di-particolare-gravita\/#breadcrumb"},"inLanguage":"it-IT","potentialAction":[{"@type":"ReadAction","target":["https:\/\/welaikaadv.site\/avviso\/home\/cosa-facciamo\/informare\/osservatorio-parlamentare\/attivita-legislativa\/legge-n-47-del-2015-modifiche-al-codice-di-procedura-penale-in-materia-di-misure-cautelari-personali-sintesi-delle-disposizioni-per-i-reati-di-particolare-gravita\/"]}]},{"@type":"BreadcrumbList","@id":"https:\/\/welaikaadv.site\/avviso\/home\/cosa-facciamo\/informare\/osservatorio-parlamentare\/attivita-legislativa\/legge-n-47-del-2015-modifiche-al-codice-di-procedura-penale-in-materia-di-misure-cautelari-personali-sintesi-delle-disposizioni-per-i-reati-di-particolare-gravita\/#breadcrumb","itemListElement":[{"@type":"ListItem","position":1,"name":"Home","item":"https:\/\/welaikaadv.site\/avviso\/"},{"@type":"ListItem","position":2,"name":"Legge n. 47 del 2015 Modifiche al codice di procedura penale in materia di misure cautelari personali: sintesi delle disposizioni per i reati di particolare gravit\u00e0"}]},{"@type":"WebSite","@id":"https:\/\/welaikaadv.site\/avviso\/#website","url":"https:\/\/welaikaadv.site\/avviso\/","name":"Staging Avviso Pubblico","description":"","publisher":{"@id":"https:\/\/welaikaadv.site\/avviso\/#organization"},"potentialAction":[{"@type":"SearchAction","target":{"@type":"EntryPoint","urlTemplate":"https:\/\/welaikaadv.site\/avviso\/?s={search_term_string}"},"query-input":{"@type":"PropertyValueSpecification","valueRequired":true,"valueName":"search_term_string"}}],"inLanguage":"it-IT"},{"@type":"Organization","@id":"https:\/\/welaikaadv.site\/avviso\/#organization","name":"Staging Avviso Pubblico","url":"https:\/\/welaikaadv.site\/avviso\/","logo":{"@type":"ImageObject","inLanguage":"it-IT","@id":"https:\/\/welaikaadv.site\/avviso\/#\/schema\/logo\/image\/","url":"https:\/\/welaikaadv.site\/avviso\/wp-content\/uploads\/2024\/08\/logoAPsito-400.png","contentUrl":"https:\/\/welaikaadv.site\/avviso\/wp-content\/uploads\/2024\/08\/logoAPsito-400.png","width":400,"height":97,"caption":"Staging Avviso Pubblico"},"image":{"@id":"https:\/\/welaikaadv.site\/avviso\/#\/schema\/logo\/image\/"}}]}},"_links":{"self":[{"href":"https:\/\/welaikaadv.site\/avviso\/wp-json\/wp\/v2\/pages\/3799","targetHints":{"allow":["GET"]}}],"collection":[{"href":"https:\/\/welaikaadv.site\/avviso\/wp-json\/wp\/v2\/pages"}],"about":[{"href":"https:\/\/welaikaadv.site\/avviso\/wp-json\/wp\/v2\/types\/page"}],"author":[{"embeddable":true,"href":"https:\/\/welaikaadv.site\/avviso\/wp-json\/wp\/v2\/users\/1"}],"replies":[{"embeddable":true,"href":"https:\/\/welaikaadv.site\/avviso\/wp-json\/wp\/v2\/comments?post=3799"}],"version-history":[{"count":0,"href":"https:\/\/welaikaadv.site\/avviso\/wp-json\/wp\/v2\/pages\/3799\/revisions"}],"up":[{"embeddable":true,"href":"https:\/\/welaikaadv.site\/avviso\/wp-json\/wp\/v2\/pages\/2537"}],"wp:attachment":[{"href":"https:\/\/welaikaadv.site\/avviso\/wp-json\/wp\/v2\/media?parent=3799"}],"curies":[{"name":"wp","href":"https:\/\/api.w.org\/{rel}","templated":true}]}}