{"id":39044,"date":"2020-09-27T10:45:16","date_gmt":"2020-09-27T08:45:16","guid":{"rendered":"https:\/\/www.avvisopubblico.it\/home\/?page_id=39044"},"modified":"2020-09-27T10:45:16","modified_gmt":"2020-09-27T08:45:16","slug":"il-consiglio-di-stato-annulla-ordinanza-di-limitazione-degli-orari-di-gioco-del-comune-di-monza","status":"publish","type":"page","link":"https:\/\/welaikaadv.site\/avviso\/home\/cosa-facciamo\/informare\/documenti-tematici\/gioco-dazzardo\/il-consiglio-di-stato-annulla-ordinanza-di-limitazione-degli-orari-di-gioco-del-comune-di-monza\/","title":{"rendered":"Il Consiglio di Stato annulla ordinanza di limitazione degli orari di gioco del Comune di Monza"},"content":{"rendered":"<p><strong>Premessa.<\/strong> Nel luglio del 2018, il Comune di Monza ha approvato il \u201c<a href=\"https:\/\/welaikaadv.site\/avviso\/wp-content\/uploads\/2019\/01\/Regolamento-Monza-MI.pdf\">Regolamento per la prevenzione ed il contrasto delle patologie e delle problematiche legate al gioco d\u2019azzardo lecito<\/a>\u201d con il quale venivano individuati alcuni criteri per modulare l\u2019attivit\u00e0 e l\u2019orario delle sale da gioco d\u2019azzardo lecito e il funzionamento degli apparecchi del gioco presenti nel territorio comunali.<\/p>\n<p>In particolare, va segnalato che i criteri indicati erano rivolti anzitutto alla prevenzione della diffusione del gioco d\u2019azzardo patologico tra i giovani, visto il riferimento agli orari scolastici, e nelle fasce pi\u00f9 fragili della popolazione (articolo 6, comma 1). Il Regolamento, poi, all\u2019articolo 6, comma 2 assegnava ad un\u2019ordinanza del Sindaco, da emettere ai sensi dell\u2019articolo 50 del TUEL, il compito di individuare nello specifico le fasce orarie di chiusure delle sale e di interruzione del funzionamento degli apparecchi del gioco lecito. In relazione a ci\u00f2, l\u2019ordinanza sindacale 211 del 30.11.2018 (commentata in maniera pi\u00f9 estesa <a href=\"https:\/\/welaikaadv.site\/avviso\/home\/cosa-facciamo\/informare\/documenti-tematici\/gioco-dazzardo\/comune-di-monza-ordinanza-sugli-orari-di-funzionamento-delle-sale-da-gioco-e-degli-apparecchi-con-vincita-in-denaro\/#:~:text=211%2F2018%20ha%20voluto%20regolamentare,al%20gioco%20d'azzardo%20lecito%E2%80%9D\">qui<\/a>) ha introdotto un limite orario che prevede una chiusura complessiva di 15 ore, potendosi tenere aperte le sale gioco e in funzione gli apparecchi dalle 14 alle 23.<\/p>\n<p>Fascia oraria, peraltro, insolita: spesso i Comuni optano per uno spezzettamento delle fasce orarie in cui \u00e8 possibile svolgere le attivit\u00e0, inframezzati da intervalli di chiusura (generalmente prevedendo alcune ore di apertura al mattino e nel tardo pomeriggio\/sera; es. 10-13 e 17-22, come si vedr\u00e0 anche pi\u00f9 avanti rispetto al Comune di Milano, le cui scelte sono state avallate dal TAR Lombardia).<\/p>\n<p><strong>Il ricorso.<\/strong> Il Consiglio di Stato \u00e8 stato interessato della questione in seguito ad un ricorso straordinario al Presidente della Repubblica proposto da Adda Gestioni S.p.A. contro il Comune di Monza per chiedere l\u2019annullamento dell\u2019ordinanza. I ricorrenti, in particolare, hanno lamentato la carenza di un\u2019adeguata attivit\u00e0 istruttoria in accompagnamento dell\u2019ordinanza, tale cio\u00e8 da giustificare lo scostamento rispetto alle 6 ore di interruzione previste dall<strong><a href=\"https:\/\/welaikaadv.site\/avviso\/home\/cosa-facciamo\/informare\/documenti-tematici\/gioco-dazzardo\/raggiunta-lintesa-sul-gioco-dazzardo-conferenza-unificata-un-primo-commento\/\">\u2019Intesa siglata in sede di Conferenza Unificata Stato Autonomie locali il 7 Settembre 2017<\/a><\/strong>. Proprio il valore di quest\u2019ultima costituisce uno degli snodi fondamentali: ad oggi, infatti, ancora non \u00e8 stata recepita da alcun decreto ministeriale e, pertanto, si potrebbe essere portati a pensare &#8211; come del resto argomenta il Comune di Monza &#8211; che per questo motivo essa sia \u201cpriva di valore cogente\u201d.<\/p>\n<p><strong>L&#8217;Intesa<\/strong>. Il Consiglio di Stato \u00e8, per\u00f2, di diverso avviso (richiamando TAR Lazio, sezione II-bis, <a href=\"https:\/\/www.giustizia-amministrativa.it\/portale\/pages\/istituzionale\/visualizza\/?nodeRef=&amp;schema=tar_rm&amp;nrg=201809849&amp;nomeFile=201901460_20.html&amp;subDir=Provvedimenti\">1460\/2019<\/a>; TAR Lazio <a href=\"https:\/\/www.giustizia-amministrativa.it\/portale\/pages\/istituzionale\/visualizza\/?nodeRef=&amp;schema=tar_rm&amp;nrg=201904616&amp;nomeFile=201906260_20.html&amp;subDir=Provvedimenti\">6260\/2019)<\/a>: viene valorizzata l\u2019idea che questo strumento consensuale possa, anzitutto, costituire un elemento a sostegno della \u201cleale collaborazione istituzionale\u201d tra diversi livelli di Governo e che tale funzione non sia smentita dalla semplice assenza di recepimento formale. In altre parole, per superare l\u2019argomento che afferma non si possa annullare un atto sulla base di un accordo che non ha trovato un ingresso formale nell\u2019ordinamento, il Consiglio di Stato ripercorre la funzione stessa della Conferenza sottolineandone l\u2019intrinseca funzione di raccordo e mediazione tra posizioni ed interessi dei diversi attori che vi partecipano e sostenendo che non si possa porre nel nulla un accordo comunque raggiunto tra le parti sol perch\u00e9 l\u2019Intesa non \u00e8 stata formalmente recepita.<\/p>\n<p>Dunque, l\u2019Intesa possiede un valore quanto meno di parametro cui le istituzioni che a vario livello intervengono nell\u2019ambito del gioco d\u2019azzardo devono riferirsi. La particolarit\u00e0 della materia risiede proprio nelle varie intersecazioni tra livelli di governo che essa implica: sono chiamati in causa, infatti, interessi che attengono a materie di esclusiva competenza statale (ordine pubblico e sicurezza), materie concorrenti tra Stato e Regioni (tutela della salute) e materie attribuite espressamente ai Comuni (interventi in tema di pianificazione e governo del territorio, tutela della quiete pubblica, regolamentazione della circolazione stradale, tutela della salute e della vita salubre degli abitanti di un Comune). Sul punto si veda anche la <a href=\"https:\/\/www.cortecostituzionale.it\/actionSchedaPronuncia.do?anno=2014&amp;numero=220\">sentenza 220\/2014<\/a>.<\/p>\n<p>Inquadrata in questi termini, l\u2019Intesa costituirebbe allo stato un punto di riferimento idoneo ad offrire copertura e giustificazione alle scelte dei Comuni che si collocano in assonanza con essa dovendosi per\u00f2, d\u2019altro canto, adeguatamente motivare ogni scostamento rispetto al modello prospettato (ci\u00f2 viene, peraltro, esplicitamente riconosciuto alle Regioni e Province Autonome nell\u2019Intesa laddove si dice che esse possono introdurre \u201cforme maggiori di tutela della popolazione\u201d per perseguire il contrasto al GAP).<\/p>\n<p><strong>L\u2019istruttoria.<\/strong> \u00c8 dunque necessario, a questo punto, analizzare le giustificazioni che vengono addotte in epigrafe dell\u2019Ordinanza 211 del 2018. In particolare, si tratta: 1) dei dati del SERT dell\u2019ASST di Monza; 2) dei numeri, in crescita, dei giocatori problematici e a rischio forniti dal Dipartimento Politiche anti droga della Presidenza del Consiglio dei Ministri, indagine GPS-DPA, e dal Sistema di sorveglianza nazionale sul disturbo da gioco d\u2019azzardo; 3) delle risultanze del Progetto Selfie, commissionato dal Comune di Monza, sul gioco d\u2019azzardo tra i minori.<\/p>\n<p>Tutte e tre queste risultanze istruttorie sono giudicate \u201cpalesemente insufficienti\u201d dal Consiglio di Stato ai fini delle restrizioni orarie oggetto dell\u2019Ordinanza sindacale. La prima viene censurata sulla base della considerazione che il SERT copre l\u2019intera provincia di Monza e Brianza e che dunque i dati da essa forniti non sono riferibili esclusivamente al solo territorio comunale; la seconda perch\u00e9 l\u2019indagine \u00e8 svolta, sul territorio nazionale, in un periodo temporale (2009-2015) antecedente all\u2019Intesa; la terza, infine, viene considerata insufficiente perch\u00e9 il Progetto si risolve, di fatto, in un questionario somministrato a minori: l\u2019attendibilit\u00e0 viene ridimensionata sia perch\u00e9 il fenomeno del gioco d\u2019azzardo lecito non riguarda in prima istanza i minori (a cui l\u2019accesso alle sale gioco \u00e8 interdetto, ricorda il Consiglio di Stato) sia perch\u00e9 il questionario stesso non affronta scientificamente il tema della dipendenza da gioco ma solo la conoscenza dei minori del fenomeno.<\/p>\n<p><strong>La Giurisprudenza.<\/strong> Va detto, per completezza, che sui due punti che maggiormente caratterizzano questo parere &#8211; vale a dire, il valore dell\u2019Intesa e le valutazioni dell\u2019attivit\u00e0 istruttoria svolta dai Comuni &#8211; la giurisprudenza amministrativa \u00e8 in realt\u00e0 abbastanza diversificata: non mancano infatti le sentenze in cui si giunge ad esiti diversi.<\/p>\n<p>Ad esempio, con riferimento al tema della valutazione delle istruttorie dei Comuni poste a fondamento delle misure in tema di orari, la sezione I del TAR Lombardia (sentenza <a href=\"https:\/\/www.giustizia-amministrativa.it\/portale\/pages\/istituzionale\/visualizza\/?nodeRef=&amp;schema=tar_mi&amp;nrg=201402863&amp;nomeFile=201900495_01.html&amp;subDir=Provvedimenti\">495\/2019<\/a>) ha avallato la scelta del Comune di Milano di riferirsi ai dati del SERT (\u201cche, ad avviso del Collegio, dimostra in realt\u00e0 l\u2019esistenza ed adeguatezza dell\u2019istruttoria\u201d) nell\u2019ordinanza (n. 63\/2014) che ha introdotto un limite massimo di 8 ore (dalle 9 alle 12 e dalle 18 alle 23) dell\u2019apertura e del funzionamento degli apparecchi da gioco. Inoltre, viene anche richiamata la sezione III del TAR Veneto (sentenza <a href=\"https:\/\/www.giustizia-amministrativa.it\/portale\/pages\/istituzionale\/visualizza\/?nodeRef=&amp;schema=tar_ve&amp;nrg=201601386&amp;nomeFile=201700128_01.html&amp;subDir=Provvedimenti\">128\/2017<\/a>) che definisce la diffusione del fenomeno della ludopatia un \u201cfatto notorio\u201d.<\/p>\n<p>Anche rispetto al valore dell\u2019Intesa, \u00e8 possibile richiamare una giurisprudenza di diverso avviso: ad esempio, la sezione II del TAR Lazio (sentenza <a href=\"https:\/\/www.giustizia-amministrativa.it\/portale\/pages\/istituzionale\/visualizza\/?nodeRef=&amp;schema=tar_rm&amp;nrg=201809653&amp;nomeFile=201902556_01.html&amp;subDir=Provvedimenti\">2556\/2019<\/a>) afferma: 1) che \u201cl\u2019intesa non ha valore cogente, in quanto non recepita da alcun atto normativo\u201d (richiamando anche TAR Veneto, sentenza <a href=\"https:\/\/www.giustizia-amministrativa.it\/portale\/pages\/istituzionale\/visualizza\/?nodeRef=&amp;schema=tar_ve&amp;nrg=201800311&amp;nomeFile=201800417_20.html&amp;subDir=Provvedimenti\">417\/2018<\/a>); 2) che avendo l\u2019Intesa carattere generale ed essendo finalizzata al riordino complessivo della materia, non \u00e8 pensabile che essa trovi applicazione e diventi parametro di proporzionalit\u00e0 solamente rispetto ad un singolo profilo (quello degli orari) dei tanti che affronta quando gli altri non vengono presi in considerazione.<\/p>\n<p>&nbsp;<\/p>\n<p style=\"text-align: right;\">(<em>a cura di <strong>Marco De Pasquale<\/strong>, <\/em><em>Master APC Universit\u00e0 di Pisa<\/em>)<\/p>\n","protected":false},"excerpt":{"rendered":"<p>Premessa. Nel luglio del 2018, il Comune di Monza ha approvato il \u201cRegolamento per la prevenzione ed il contrasto delle patologie e delle problematiche legate&nbsp;<span class=\"hellipsis\">[&hellip;]<\/span><a class=\"more-link\" href=\"https:\/\/welaikaadv.site\/avviso\/home\/cosa-facciamo\/informare\/documenti-tematici\/gioco-dazzardo\/il-consiglio-di-stato-annulla-ordinanza-di-limitazione-degli-orari-di-gioco-del-comune-di-monza\/\">Leggi tutto <span class=\"screen-reader-text\">Il Consiglio di Stato annulla ordinanza di limitazione degli orari di gioco del Comune di Monza<\/span> <span class=\"meta-nav\" aria-hidden=\"true\">&rarr;<\/span><\/a><\/p>\n","protected":false},"author":1,"featured_media":0,"parent":202,"menu_order":160,"comment_status":"closed","ping_status":"closed","template":"","meta":{"_acf_changed":false,"_exactmetrics_skip_tracking":false,"_exactmetrics_sitenote_active":false,"_exactmetrics_sitenote_note":"","_exactmetrics_sitenote_category":0,"wp_social_preview_title":"","wp_social_preview_description":"","wp_social_preview_image":0,"footnotes":""},"class_list":["post-39044","page","type-page","status-publish","hentry"],"acf":[],"yoast_head":"<!-- This site is optimized with the Yoast SEO plugin v27.2 - https:\/\/yoast.com\/product\/yoast-seo-wordpress\/ -->\n<title>Il Consiglio di Stato annulla ordinanza di limitazione degli orari di gioco del Comune di Monza - Staging Avviso Pubblico<\/title>\n<meta name=\"robots\" content=\"noindex, follow, max-snippet:-1, max-image-preview:large, max-video-preview:-1\" \/>\n<meta property=\"og:locale\" content=\"it_IT\" \/>\n<meta property=\"og:type\" content=\"article\" \/>\n<meta property=\"og:title\" content=\"Il Consiglio di Stato annulla ordinanza di limitazione degli orari di gioco del Comune di Monza - Staging Avviso Pubblico\" \/>\n<meta property=\"og:description\" content=\"Premessa. Nel luglio del 2018, il Comune di Monza ha approvato il \u201cRegolamento per la prevenzione ed il contrasto delle patologie e delle problematiche legate&nbsp;[&hellip;]Leggi tutto Il Consiglio di Stato annulla ordinanza di limitazione degli orari di gioco del Comune di Monza &rarr;\" \/>\n<meta property=\"og:url\" content=\"https:\/\/welaikaadv.site\/avviso\/home\/cosa-facciamo\/informare\/documenti-tematici\/gioco-dazzardo\/il-consiglio-di-stato-annulla-ordinanza-di-limitazione-degli-orari-di-gioco-del-comune-di-monza\/\" \/>\n<meta property=\"og:site_name\" content=\"Staging Avviso Pubblico\" \/>\n<meta name=\"twitter:card\" content=\"summary_large_image\" \/>\n<meta name=\"twitter:label1\" content=\"Tempo di lettura stimato\" \/>\n\t<meta name=\"twitter:data1\" content=\"6 minuti\" \/>\n<script type=\"application\/ld+json\" class=\"yoast-schema-graph\">{\"@context\":\"https:\/\/schema.org\",\"@graph\":[{\"@type\":\"WebPage\",\"@id\":\"https:\/\/welaikaadv.site\/avviso\/home\/cosa-facciamo\/informare\/documenti-tematici\/gioco-dazzardo\/il-consiglio-di-stato-annulla-ordinanza-di-limitazione-degli-orari-di-gioco-del-comune-di-monza\/\",\"url\":\"https:\/\/welaikaadv.site\/avviso\/home\/cosa-facciamo\/informare\/documenti-tematici\/gioco-dazzardo\/il-consiglio-di-stato-annulla-ordinanza-di-limitazione-degli-orari-di-gioco-del-comune-di-monza\/\",\"name\":\"Il Consiglio di Stato annulla ordinanza di limitazione degli orari di gioco del Comune di Monza - Staging Avviso Pubblico\",\"isPartOf\":{\"@id\":\"https:\/\/welaikaadv.site\/avviso\/#website\"},\"datePublished\":\"2020-09-27T08:45:16+00:00\",\"breadcrumb\":{\"@id\":\"https:\/\/welaikaadv.site\/avviso\/home\/cosa-facciamo\/informare\/documenti-tematici\/gioco-dazzardo\/il-consiglio-di-stato-annulla-ordinanza-di-limitazione-degli-orari-di-gioco-del-comune-di-monza\/#breadcrumb\"},\"inLanguage\":\"it-IT\",\"potentialAction\":[{\"@type\":\"ReadAction\",\"target\":[\"https:\/\/welaikaadv.site\/avviso\/home\/cosa-facciamo\/informare\/documenti-tematici\/gioco-dazzardo\/il-consiglio-di-stato-annulla-ordinanza-di-limitazione-degli-orari-di-gioco-del-comune-di-monza\/\"]}]},{\"@type\":\"BreadcrumbList\",\"@id\":\"https:\/\/welaikaadv.site\/avviso\/home\/cosa-facciamo\/informare\/documenti-tematici\/gioco-dazzardo\/il-consiglio-di-stato-annulla-ordinanza-di-limitazione-degli-orari-di-gioco-del-comune-di-monza\/#breadcrumb\",\"itemListElement\":[{\"@type\":\"ListItem\",\"position\":1,\"name\":\"Home\",\"item\":\"https:\/\/welaikaadv.site\/avviso\/\"},{\"@type\":\"ListItem\",\"position\":2,\"name\":\"Il Consiglio di Stato annulla ordinanza di limitazione degli orari di gioco del Comune di Monza\"}]},{\"@type\":\"WebSite\",\"@id\":\"https:\/\/welaikaadv.site\/avviso\/#website\",\"url\":\"https:\/\/welaikaadv.site\/avviso\/\",\"name\":\"Staging Avviso Pubblico\",\"description\":\"\",\"publisher\":{\"@id\":\"https:\/\/welaikaadv.site\/avviso\/#organization\"},\"potentialAction\":[{\"@type\":\"SearchAction\",\"target\":{\"@type\":\"EntryPoint\",\"urlTemplate\":\"https:\/\/welaikaadv.site\/avviso\/?s={search_term_string}\"},\"query-input\":{\"@type\":\"PropertyValueSpecification\",\"valueRequired\":true,\"valueName\":\"search_term_string\"}}],\"inLanguage\":\"it-IT\"},{\"@type\":\"Organization\",\"@id\":\"https:\/\/welaikaadv.site\/avviso\/#organization\",\"name\":\"Staging Avviso Pubblico\",\"url\":\"https:\/\/welaikaadv.site\/avviso\/\",\"logo\":{\"@type\":\"ImageObject\",\"inLanguage\":\"it-IT\",\"@id\":\"https:\/\/welaikaadv.site\/avviso\/#\/schema\/logo\/image\/\",\"url\":\"https:\/\/welaikaadv.site\/avviso\/wp-content\/uploads\/2024\/08\/logoAPsito-400.png\",\"contentUrl\":\"https:\/\/welaikaadv.site\/avviso\/wp-content\/uploads\/2024\/08\/logoAPsito-400.png\",\"width\":400,\"height\":97,\"caption\":\"Staging Avviso Pubblico\"},\"image\":{\"@id\":\"https:\/\/welaikaadv.site\/avviso\/#\/schema\/logo\/image\/\"}}]}<\/script>\n<!-- \/ Yoast SEO plugin. -->","yoast_head_json":{"title":"Il Consiglio di Stato annulla ordinanza di limitazione degli orari di gioco del Comune di Monza - Staging Avviso Pubblico","robots":{"index":"noindex","follow":"follow","max-snippet":"max-snippet:-1","max-image-preview":"max-image-preview:large","max-video-preview":"max-video-preview:-1"},"og_locale":"it_IT","og_type":"article","og_title":"Il Consiglio di Stato annulla ordinanza di limitazione degli orari di gioco del Comune di Monza - Staging Avviso Pubblico","og_description":"Premessa. Nel luglio del 2018, il Comune di Monza ha approvato il \u201cRegolamento per la prevenzione ed il contrasto delle patologie e delle problematiche legate&nbsp;[&hellip;]Leggi tutto Il Consiglio di Stato annulla ordinanza di limitazione degli orari di gioco del Comune di Monza &rarr;","og_url":"https:\/\/welaikaadv.site\/avviso\/home\/cosa-facciamo\/informare\/documenti-tematici\/gioco-dazzardo\/il-consiglio-di-stato-annulla-ordinanza-di-limitazione-degli-orari-di-gioco-del-comune-di-monza\/","og_site_name":"Staging Avviso Pubblico","twitter_card":"summary_large_image","twitter_misc":{"Tempo di lettura stimato":"6 minuti"},"schema":{"@context":"https:\/\/schema.org","@graph":[{"@type":"WebPage","@id":"https:\/\/welaikaadv.site\/avviso\/home\/cosa-facciamo\/informare\/documenti-tematici\/gioco-dazzardo\/il-consiglio-di-stato-annulla-ordinanza-di-limitazione-degli-orari-di-gioco-del-comune-di-monza\/","url":"https:\/\/welaikaadv.site\/avviso\/home\/cosa-facciamo\/informare\/documenti-tematici\/gioco-dazzardo\/il-consiglio-di-stato-annulla-ordinanza-di-limitazione-degli-orari-di-gioco-del-comune-di-monza\/","name":"Il Consiglio di Stato annulla ordinanza di limitazione degli orari di gioco del Comune di Monza - Staging Avviso Pubblico","isPartOf":{"@id":"https:\/\/welaikaadv.site\/avviso\/#website"},"datePublished":"2020-09-27T08:45:16+00:00","breadcrumb":{"@id":"https:\/\/welaikaadv.site\/avviso\/home\/cosa-facciamo\/informare\/documenti-tematici\/gioco-dazzardo\/il-consiglio-di-stato-annulla-ordinanza-di-limitazione-degli-orari-di-gioco-del-comune-di-monza\/#breadcrumb"},"inLanguage":"it-IT","potentialAction":[{"@type":"ReadAction","target":["https:\/\/welaikaadv.site\/avviso\/home\/cosa-facciamo\/informare\/documenti-tematici\/gioco-dazzardo\/il-consiglio-di-stato-annulla-ordinanza-di-limitazione-degli-orari-di-gioco-del-comune-di-monza\/"]}]},{"@type":"BreadcrumbList","@id":"https:\/\/welaikaadv.site\/avviso\/home\/cosa-facciamo\/informare\/documenti-tematici\/gioco-dazzardo\/il-consiglio-di-stato-annulla-ordinanza-di-limitazione-degli-orari-di-gioco-del-comune-di-monza\/#breadcrumb","itemListElement":[{"@type":"ListItem","position":1,"name":"Home","item":"https:\/\/welaikaadv.site\/avviso\/"},{"@type":"ListItem","position":2,"name":"Il Consiglio di Stato annulla ordinanza di limitazione degli orari di gioco del Comune di Monza"}]},{"@type":"WebSite","@id":"https:\/\/welaikaadv.site\/avviso\/#website","url":"https:\/\/welaikaadv.site\/avviso\/","name":"Staging Avviso Pubblico","description":"","publisher":{"@id":"https:\/\/welaikaadv.site\/avviso\/#organization"},"potentialAction":[{"@type":"SearchAction","target":{"@type":"EntryPoint","urlTemplate":"https:\/\/welaikaadv.site\/avviso\/?s={search_term_string}"},"query-input":{"@type":"PropertyValueSpecification","valueRequired":true,"valueName":"search_term_string"}}],"inLanguage":"it-IT"},{"@type":"Organization","@id":"https:\/\/welaikaadv.site\/avviso\/#organization","name":"Staging Avviso Pubblico","url":"https:\/\/welaikaadv.site\/avviso\/","logo":{"@type":"ImageObject","inLanguage":"it-IT","@id":"https:\/\/welaikaadv.site\/avviso\/#\/schema\/logo\/image\/","url":"https:\/\/welaikaadv.site\/avviso\/wp-content\/uploads\/2024\/08\/logoAPsito-400.png","contentUrl":"https:\/\/welaikaadv.site\/avviso\/wp-content\/uploads\/2024\/08\/logoAPsito-400.png","width":400,"height":97,"caption":"Staging Avviso Pubblico"},"image":{"@id":"https:\/\/welaikaadv.site\/avviso\/#\/schema\/logo\/image\/"}}]}},"_links":{"self":[{"href":"https:\/\/welaikaadv.site\/avviso\/wp-json\/wp\/v2\/pages\/39044","targetHints":{"allow":["GET"]}}],"collection":[{"href":"https:\/\/welaikaadv.site\/avviso\/wp-json\/wp\/v2\/pages"}],"about":[{"href":"https:\/\/welaikaadv.site\/avviso\/wp-json\/wp\/v2\/types\/page"}],"author":[{"embeddable":true,"href":"https:\/\/welaikaadv.site\/avviso\/wp-json\/wp\/v2\/users\/1"}],"replies":[{"embeddable":true,"href":"https:\/\/welaikaadv.site\/avviso\/wp-json\/wp\/v2\/comments?post=39044"}],"version-history":[{"count":0,"href":"https:\/\/welaikaadv.site\/avviso\/wp-json\/wp\/v2\/pages\/39044\/revisions"}],"up":[{"embeddable":true,"href":"https:\/\/welaikaadv.site\/avviso\/wp-json\/wp\/v2\/pages\/202"}],"wp:attachment":[{"href":"https:\/\/welaikaadv.site\/avviso\/wp-json\/wp\/v2\/media?parent=39044"}],"curies":[{"name":"wp","href":"https:\/\/api.w.org\/{rel}","templated":true}]}}