{"id":39639,"date":"2020-11-04T06:50:53","date_gmt":"2020-11-04T05:50:53","guid":{"rendered":"https:\/\/www.avvisopubblico.it\/home\/?page_id=39639"},"modified":"2020-11-04T06:50:53","modified_gmt":"2020-11-04T05:50:53","slug":"alcune-sentenze-del-tar-friuli-venezia-giulia-su-limitazione-degli-orari-e-distanze-dai-luoghi-sensibili","status":"publish","type":"page","link":"https:\/\/welaikaadv.site\/avviso\/home\/cosa-facciamo\/informare\/documenti-tematici\/gioco-dazzardo\/alcune-sentenze-del-tar-friuli-venezia-giulia-su-limitazione-degli-orari-e-distanze-dai-luoghi-sensibili\/","title":{"rendered":"ALCUNE SENTENZE DEL TAR FRIULI VENEZIA GIULIA SU LIMITAZIONE DEGLI ORARI E DISTANZE DAI LUOGHI SENSIBILI"},"content":{"rendered":"<p style=\"text-align: center;\"><strong>IL TAR CONFERMA LA SCELTA DEL COMUNE DI MARTIGNACCO DI DISINSTALLARE UN APPARECCHIO POSTO A MENO DI 500 METRI DA UN LUOGO SENSIBILE PREESISTENTE <\/strong><\/p>\n<p><strong>La normativa.<\/strong> L\u2019art. 6, comma 1 della <a href=\"http:\/\/lexview-int.regione.fvg.it\/fontinormative\/xml\/xmlLex.aspx?anno=2014&amp;legge=1&amp;fx=lex&amp;db=DBC\">legge regionale 1\/2014<\/a> del Friuli-Venezia Giulia dispone il divieto di installazione di apparecchi per il gioco lecito entro la distanza di cinquecento metri da luoghi sensibili; il comma 11 del medesimo articolo, invece, stabilisce una deroga nel caso in cui l\u2019insediamento dell\u2019attivit\u00e0 qualificata come luogo sensibile sia successivo all\u2019installazione degli apparecchi per il gioco.<\/p>\n<p><strong>Il caso.<\/strong> La societ\u00e0 ricorrente gestisce una sala bingo e slot in un centro commerciale nel Comune di Martignacco dal 2002. All\u2019interno del medesimo centro commerciale, e quindi a una distanza inferiore di 500 metri, si trovano alcuni luoghi sensibili (attivi gi\u00e0 prima del Febbraio 2019). La societ\u00e0 in questione ha installato, nel Febbraio 2019, un nuovo apparecchio per il gioco all\u2019interno della sala e, successivamente, ha effettuato, con SCIA (Segnalazione Certificata di Inizio Attivit\u00e0), la relativa comunicazione al Comune di Martignacco, dichiarando di avvalersi della deroga ex art. 6, comma 11 della legge regionale 1\/2014. Il Comune ha respinto la SCIA e ha emesso un provvedimento di divieto di avvio dell\u2019attivit\u00e0, avverso cui la societ\u00e0 ha sollevato ricorso. Il TAR per il Friuli-Venezia Giulia si \u00e8 pronunciato con la <a href=\"https:\/\/www.giustizia-amministrativa.it\/portale\/pages\/istituzionale\/visualizza\/?nodeRef=&amp;schema=tar_ts&amp;nrg=201900161&amp;nomeFile=202000110_01.html&amp;subDir=Provvedimenti\">sentenza 110\/2020<\/a>.<\/p>\n<p><strong>La deroga.<\/strong> Il punto centrale per la risoluzione della controversia consiste nella definizione delle caratteristiche e modalit\u00e0 applicative della deroga a cui il ricorrente fa riferimento. Il TAR non condivide l\u2019interpretazione che ne d\u00e0 la societ\u00e0 in questione. In particolare, dicono i giudici, \u00e8 necessario leggere la disposizione in esame in maniera congiunta con l\u2019art. 7 della <a href=\"https:\/\/lexview-int.regione.fvg.it\/FontiNormative\/xml\/xmllex.aspx?anno=2017&amp;legge=26\">legge regionale 26\/2017<\/a>: in quest\u2019ultima norma, infatti, vengono indicati i periodi tempo (5 o 3 anni) entro cui le attivit\u00e0 gi\u00e0 in esercizio in quel momento devono adeguarsi alla distanza di 500 metri. Per tale via, quindi, risulta evidente che la ratio complessiva delle misure introdotte a livello regionale \u00e8 quella di un \u201cgeneralizzato divieto di installare (e mantenere installati) apparecchi per il gioco lecito \u2026 entro la distanza di cinquecento metri da luoghi sensibili\u201d, e che la deroga di cui all\u2019art. 6 comma 11 ha soltanto lo scopo di salvaguardare le attivit\u00e0 che, al momento del loro avvio, si trovino in regola con il rispetto delle distanze (cosa che nel caso specifico, a detta sempre del TAR, non sussiste, in quanto \u201cl\u2019insediamento dei luoghi sensibili \u2026 precede pacificamente l\u2019installazione del nuovo apparecchio per il gioco\u201d).<\/p>\n<p>In definitiva, la deroga su cui poggiava la SCIA presentata dalla sala bingo non \u00e8 applicabile al caso specifico, mancando del tutto i presupposti (ossia, come si \u00e8 visto, l\u2019insediamento successivo del luogo sensibile rispetto al punto gioco).<\/p>\n<p><strong>La retroattivit\u00e0.<\/strong> Sulla contestazione del carattere retroattivo del provvedimento, il TAR spende poche parole per bocciare la censura proposta dal ricorrente: \u00e8 sufficiente infatti notare come l\u2019installazione del nuovo apparecchio sia successiva alle leggi regionali che si sono susseguite nel tempo e che hanno disciplinato la materia delle distanze dei punti gioco rispetto ai luoghi sensibili.<\/p>\n<p><strong>I principi di libert\u00e0 di iniziativa economica.<\/strong> Infine, per il TAR non merita accoglimento nemmeno l\u2019ultimo motivo di ricorso presentato dalla sala bingo, ossia quello relativo all\u2019asserita violazione dei principi nazionali e comunitari sulla libert\u00e0 di iniziativa economica. Infatti, tanto l\u2019art. 41 della Costituzione, quanto la giurisprudenza consolidata della Corte di Giustizia UE sono chiare nell\u2019ammettere la possibilit\u00e0 di introdurre limitazioni rispetto al gioco nell\u2019ottica del perseguimento di interessi di carattere generale (su tutti, la tutela della salute).<\/p>\n<p>Rispetto a questo argomento la sentenza porta in rassegna varie fonti giurisprudenziali, tra cui: le sentenze <a href=\"https:\/\/www.giustizia-amministrativa.it\/portale\/pages\/istituzionale\/visualizza\/?nodeRef=&amp;schema=cds&amp;nrg=201708163&amp;nomeFile=201908298_11.html&amp;subDir=Provvedimenti\">8298\/2019<\/a> e <a href=\"https:\/\/www.giustizia-amministrativa.it\/portale\/pages\/istituzionale\/visualizza\/?nodeRef=&amp;schema=cds&amp;nrg=201903509&amp;nomeFile=201908563_11.html&amp;subDir=Provvedimenti\">8563\/2019<\/a> del Consiglio di Stato, le sentenze della Corte di Giustizia UE del <a href=\"http:\/\/curia.europa.eu\/juris\/document\/document.jsf?docid=158804&amp;doclang=IT\">22 Ottobre 2014<\/a>, <a href=\"https:\/\/op.europa.eu\/it\/publication-detail\/-\/publication\/1f1dd348-54ce-4f9b-bcbd-ce111cfb90cf\/language-it\">24 Gennaio 2013<\/a>, <a href=\"https:\/\/eur-lex.europa.eu\/LexUriServ\/LexUriServ.do?uri=CELEX:62010CJ0072:IT:HTML\">16 Febbraio 2012<\/a> e <a href=\"https:\/\/eur-lex.europa.eu\/LexUriServ\/LexUriServ.do?uri=OJ:C:2011:252:0002:0003:IT:PDF\">30 Giugno 2011<\/a>.<\/p>\n<p>&nbsp;<\/p>\n<p style=\"text-align: center;\"><strong>LA DISTANZA DAI LUOGHI SENSIBILI NEL COMUNE DI PORDENONE<br \/>\nIN UN CASO DI NUOVA INSTALLAZIONE DEGLI APPARECCHI DA GIOCO<\/strong><\/p>\n<p><strong>La normativa e il caso.<\/strong> L\u2019art. 6, comma 1 della legge regionale 1\/2014 prescrive che sia vietata la nuova installazione di apparecchi per il gioco a una distanza inferiore a 500 metri; i commi 2-bis e 2-ter ricostruiscono il concetto di nuova installazione, in modo tale che in esso possano ritenersi compresi sia il collegamento degli apparecchi alle reti telematiche ADM successivo alla pubblicazione della delibera delle Giunta regionale relativa alla determinazione della distanza dai luoghi sensibili (avvenuta nel 2014), sia le ipotesi di stipulazione di un nuovo contratto nei casi di rescissione o risoluzione di quello in essere.<\/p>\n<p>Nel caso di specie, la societ\u00e0 ricorrente ha dapprima (nel marzo 2016) presentato la SCIA al Comune di Pordenone; successivamente ha proceduto alla stipula di un nuovo contratto con altro gestore e concessionario, risolvendo il precedente rapporto contrattuale, e ha quindi conseguentemente installato nuovi apparecchi.<\/p>\n<p>Nel suo ricorso la societ\u00e0 dichiara che il Comune avrebbe dovuto prima annullare in autotutela la SCIA (entro i 60 giorni di tempo) e solo dopo procedere con l\u2019ordine di disinstallazione.<\/p>\n<p><strong>La pronuncia del TAR.<\/strong> Il TAR per il Friuli-Venezia Giulia si pronuncia con la <a href=\"https:\/\/www.giustizia-amministrativa.it\/portale\/pages\/istituzionale\/visualizza\/?nodeRef=&amp;schema=tar_ts&amp;nrg=201700036&amp;nomeFile=201900155_01.html&amp;subDir=Provvedimenti\">sentenza 155\/2019<\/a> rigettando il ricorso.<\/p>\n<p>In particolare, per quel che concerne la SCIA, viene ricordato come questa \u201cnon potrebbe comunque surrogare il rilascio della prescritta autorizzazione all\u2019installazione dei giochi\u201d.<\/p>\n<p>Inoltre, secondo i giudici, non esistono dubbi intorno al fatto che l\u2019intera vicenda ricada sotto il concetto di nuova installazione (secondo quanto previsto dai commi 2-bis e 2-ter dell\u2019art. 6 della legge regionale 1\/2014), a cui deve essere pertanto applicato il divieto di cui all\u2019art. 6, comma 1.<\/p>\n<p>&nbsp;<\/p>\n<p style=\"text-align: center;\"><strong>LE LIMITAZIONI ORARIE NEL COMUNE DI FIUME VENETO SONO CORRETTE<\/strong><\/p>\n<p><strong>La normativa. <\/strong>L\u2019art 6, comma 12 della legge regionale 1\/2014 prevede che i Comuni, nello stabilire gli orari delle sale gioco, siano vincolati ad un massimo di 13 ore di apertura giornaliera (che diventano 8 ore massime per gli apparecchi negli altri esercizi commerciali). Il Consiglio comunale di Fiume Veneto \u00e8 intervenuto, prima con la deliberazione 4\/2018, che ha dettato le linee di indirizzo in materia, poi con l\u2019ordinanza 1\/2019 che ha fissato gli orari di apertura delle sale gioco (complessivamente 13 ore di apertura al giorno: dalle 8 alle 12 e dalle 16 alle 01) e ha introdotto anche alcune sanzioni (sempre sulla base di quanto espressamente previsto dall\u2019art. 6, comma 12 della legge regionale).<\/p>\n<p><strong>Il ricorso.<\/strong> Avverso tale ordinanza ha sollevato ricorso una sala giochi che prima dell\u2019entrata in vigore delle misure orarie teneva aperto il locale 24 ore al giorno e senza giorni di sospensione. Il TAR per il Friuli-Venezia Giulia si \u00e8 pronunciato con: il <a href=\"https:\/\/www.giustizia-amministrativa.it\/portale\/pages\/istituzionale\/visualizza\/?nodeRef=&amp;schema=tar_ts&amp;nrg=201900124&amp;nomeFile=201900027_06.html&amp;subDir=Provvedimenti\">decreto cautelare 27\/2019<\/a>, l\u2019<a href=\"https:\/\/www.giustizia-amministrativa.it\/portale\/pages\/istituzionale\/visualizza\/?nodeRef=&amp;schema=tar_ts&amp;nrg=201900124&amp;nomeFile=201900034_05.html&amp;subDir=Provvedimenti\">ordinanza cautelare 34\/2019<\/a> e la <a href=\"https:\/\/www.giustizia-amministrativa.it\/portale\/pages\/istituzionale\/visualizza\/?nodeRef=&amp;schema=tar_ts&amp;nrg=201900124&amp;nomeFile=202000067_01.html&amp;subDir=Provvedimenti\">sentenza 67\/2020<\/a> che qui si analizza.<\/p>\n<p><strong>L\u2019istruttoria e la motivazione.<\/strong> I primi motivi di ricorso sollevati dalla sala gioco sono relativi all\u2019istruttoria e alla motivazione, che a detta loro nell\u2019ordinanza non sarebbero sufficienti e non dimostrerebbero la correlazione positiva tra riduzione degli orari e contestuale diminuzione della diffusione del fenomeno della ludopatia.<\/p>\n<p>Il TAR, per\u00f2, circoscrive le questioni sollevate ad elementi ben pi\u00f9 specifici. Infatti, si ricorda che \u00e8 la legge regionale a vincolare i Comuni ad un massimo di 13 ore giornaliere di apertura per le sale gioco: il Comune di Fiume Veneto, prescrivendo proprio l\u2019orario massimo e non uno ridotto, ha gi\u00e0 adottato un indirizzo senz\u2019altro favorevole alle sale gioco. In ogni caso, se questo elemento discende direttamente dalla valutazione compiuta in sede regionale, ci\u00f2 rispetto a cui si devono verificare le censure suddette \u00e8 in realt\u00e0 solamente la distribuzione oraria delle ore di apertura e chiusura nel corso della giornata.<\/p>\n<p>Ma anche su questo punto, a detta del TAR, non emergerebbero problemi particolari, visto che l\u2019ordinanza si attiene ai criteri indicati nella deliberazione 4\/2018 del Consiglio comunale (su tutti spicca la necessit\u00e0 che le fasce orarie di apertura siano distribuite in modo tale da evitare che si verifichi la trasmigrazione degli utenti tra comuni limitrofi, con conseguenze negative anche rispetto alle condizioni di concorrenza tra operatori economici), la quale per altro verso non \u00e8 stata oggetto di impugnazione.<\/p>\n<p>Inoltre, costituendo l\u2019ordinanza un mero strumento attuativo della deliberazione suddetta, non \u00e8 necessario che riprenda i dati istruttori gi\u00e0 presenti nell\u2019atto di indirizzo del Consiglio comunale, reputati comunque sufficienti (in particolare, si veda la <a href=\"http:\/\/mtom.regione.fvg.it\/storage\/2017_1973\/Allegato%203%20alla%20Delibera%201973-2017.pdf\">relazione del Dipartimento dipendenze dell\u2019Azienda per l\u2019Assistenza Sanitaria n. 5 \u201cFriuli Occidentale\u201d dell\u201911 Luglio 2017<\/a>).<\/p>\n<p><strong>La necessaria consultazione degli operatori.<\/strong> Non merita accoglimento nemmeno la censura fondata sulla mancata previa consultazione degli operatori interessati che secondo i ricorrenti si sarebbe dovuta svolgere sulla base dell\u2019art. 6, comma 5, della <a href=\"https:\/\/www.gazzettaufficiale.it\/atto\/serie_generale\/caricaDettaglioAtto\/originario?atto.dataPubblicazioneGazzetta=2011-11-14&amp;atto.codiceRedazionale=011G0238&amp;elenco30giorni=false\">legge 180\/2011<\/a>. Il TAR a proposito afferma che: 1) la disposizione richiamata ha un carattere programmatico e pertanto \u201cnon pare idonea \u2026 a fondare un indiscriminato dovere di consultazione\u201d; 2) l\u2019ordinanza impugnata \u00e8 attuativa della deliberazione consiliare e della legge regionale e dunque a maggior ragione un dovere di consultazione nel caso specifico \u00e8 difficile da immaginare; 3) in ogni caso dovrebbero sollevare il punto le organizzazioni maggiormente rappresentative delle imprese (previste nel testo), non i singoli operatori economici che non avrebbero titolo a partecipare al processo consultivo.<\/p>\n<p><strong>Le sanzioni.<\/strong> Il TAR, inoltre, conferma la piena legittimit\u00e0 del Comune di individuare le sanzioni amministrative connesse ad eventuali violazioni: ci\u00f2 discende sempre dall\u2019art. 6 comma 12 della legge regionale che sul punto \u00e8 esplicita. Viene comunque ribadito che per sollevare questa censura \u00e8 necessario che tali sanzioni siano state effettivamente comminate (cosa che nel caso specifico non \u00e8 avvenuta).<\/p>\n<p><strong>Il contemperamento di interessi. <\/strong>Infine, il TAR si pronuncia rispetto al tema del bilanciamento degli interessi che la sala gioco ha sollevato sia rispetto ai profili di merito, sia per proporre questione di legittimit\u00e0 costituzionale e rinvio pregiudiziale alla Corte di Giustizia UE.<\/p>\n<p>La sentenza si sofferma ampiamente su questi aspetti, ricostruendo la giurisprudenza comunitaria ed amministrativa sul punto (in particolare, <a href=\"https:\/\/www.giustizia-amministrativa.it\/portale\/pages\/istituzionale\/visualizza\/?nodeRef=&amp;schema=cds&amp;nrg=201805809&amp;nomeFile=201904509_11.html&amp;subDir=Provvedimenti\">Consiglio di Stato 4509\/2019<\/a>) e richiamando le varie espressioni normative che attestano la pericolosit\u00e0 del gioco d\u2019azzardo. Da ci\u00f2 discende che sussiste un vero e proprio obbligo in capo alle amministrazioni comunali di intervenire con misure limitative e che esse debbano considerarsi ragionevoli e proporzionate, e sicuramente \u201ccompatibili con il diritto euro-unitario, in quanto manifestazione attuativa del principio di precauzione\u201d (<a href=\"https:\/\/eur-lex.europa.eu\/legal-content\/IT\/TXT\/?uri=celex%3A12016E191\">art. 191 TFUE<\/a>).<\/p>\n<p>&nbsp;<\/p>\n<p style=\"text-align: right;\">(<em>a cura di <strong>Marco De Pasquale<\/strong>, <\/em><em>Master APC Universit\u00e0 di Pisa<\/em>)<\/p>\n","protected":false},"excerpt":{"rendered":"<p>IL TAR CONFERMA LA SCELTA DEL COMUNE DI MARTIGNACCO DI DISINSTALLARE UN APPARECCHIO POSTO A MENO DI 500 METRI DA UN LUOGO SENSIBILE PREESISTENTE La&nbsp;<span class=\"hellipsis\">[&hellip;]<\/span><a class=\"more-link\" href=\"https:\/\/welaikaadv.site\/avviso\/home\/cosa-facciamo\/informare\/documenti-tematici\/gioco-dazzardo\/alcune-sentenze-del-tar-friuli-venezia-giulia-su-limitazione-degli-orari-e-distanze-dai-luoghi-sensibili\/\">Leggi tutto <span class=\"screen-reader-text\">ALCUNE SENTENZE DEL TAR FRIULI VENEZIA GIULIA SU LIMITAZIONE DEGLI ORARI E DISTANZE DAI LUOGHI SENSIBILI<\/span> <span class=\"meta-nav\" aria-hidden=\"true\">&rarr;<\/span><\/a><\/p>\n","protected":false},"author":1,"featured_media":0,"parent":202,"menu_order":160,"comment_status":"closed","ping_status":"closed","template":"","meta":{"_acf_changed":false,"_exactmetrics_skip_tracking":false,"_exactmetrics_sitenote_active":false,"_exactmetrics_sitenote_note":"","_exactmetrics_sitenote_category":0,"wp_social_preview_title":"","wp_social_preview_description":"","wp_social_preview_image":0,"footnotes":""},"class_list":["post-39639","page","type-page","status-publish","hentry"],"acf":[],"yoast_head":"<!-- This site is optimized with the Yoast SEO plugin v27.2 - https:\/\/yoast.com\/product\/yoast-seo-wordpress\/ -->\n<title>ALCUNE SENTENZE DEL TAR FRIULI VENEZIA GIULIA SU LIMITAZIONE DEGLI ORARI E DISTANZE DAI LUOGHI SENSIBILI - Staging Avviso Pubblico<\/title>\n<meta name=\"robots\" content=\"noindex, follow, max-snippet:-1, max-image-preview:large, max-video-preview:-1\" \/>\n<meta property=\"og:locale\" content=\"it_IT\" \/>\n<meta property=\"og:type\" content=\"article\" \/>\n<meta property=\"og:title\" content=\"ALCUNE SENTENZE DEL TAR FRIULI VENEZIA GIULIA SU LIMITAZIONE DEGLI ORARI E DISTANZE DAI LUOGHI SENSIBILI - Staging Avviso Pubblico\" \/>\n<meta property=\"og:description\" content=\"IL TAR CONFERMA LA SCELTA DEL COMUNE DI MARTIGNACCO DI DISINSTALLARE UN APPARECCHIO POSTO A MENO DI 500 METRI DA UN LUOGO SENSIBILE PREESISTENTE La&nbsp;[&hellip;]Leggi tutto ALCUNE SENTENZE DEL TAR FRIULI VENEZIA GIULIA SU LIMITAZIONE DEGLI ORARI E DISTANZE DAI LUOGHI SENSIBILI &rarr;\" \/>\n<meta property=\"og:url\" content=\"https:\/\/welaikaadv.site\/avviso\/home\/cosa-facciamo\/informare\/documenti-tematici\/gioco-dazzardo\/alcune-sentenze-del-tar-friuli-venezia-giulia-su-limitazione-degli-orari-e-distanze-dai-luoghi-sensibili\/\" \/>\n<meta property=\"og:site_name\" content=\"Staging Avviso Pubblico\" \/>\n<meta name=\"twitter:card\" content=\"summary_large_image\" \/>\n<meta name=\"twitter:label1\" content=\"Tempo di lettura stimato\" \/>\n\t<meta name=\"twitter:data1\" content=\"8 minuti\" \/>\n<script type=\"application\/ld+json\" class=\"yoast-schema-graph\">{\"@context\":\"https:\/\/schema.org\",\"@graph\":[{\"@type\":\"WebPage\",\"@id\":\"https:\/\/welaikaadv.site\/avviso\/home\/cosa-facciamo\/informare\/documenti-tematici\/gioco-dazzardo\/alcune-sentenze-del-tar-friuli-venezia-giulia-su-limitazione-degli-orari-e-distanze-dai-luoghi-sensibili\/\",\"url\":\"https:\/\/welaikaadv.site\/avviso\/home\/cosa-facciamo\/informare\/documenti-tematici\/gioco-dazzardo\/alcune-sentenze-del-tar-friuli-venezia-giulia-su-limitazione-degli-orari-e-distanze-dai-luoghi-sensibili\/\",\"name\":\"ALCUNE SENTENZE DEL TAR FRIULI VENEZIA GIULIA SU LIMITAZIONE DEGLI ORARI E DISTANZE DAI LUOGHI SENSIBILI - Staging Avviso Pubblico\",\"isPartOf\":{\"@id\":\"https:\/\/welaikaadv.site\/avviso\/#website\"},\"datePublished\":\"2020-11-04T05:50:53+00:00\",\"breadcrumb\":{\"@id\":\"https:\/\/welaikaadv.site\/avviso\/home\/cosa-facciamo\/informare\/documenti-tematici\/gioco-dazzardo\/alcune-sentenze-del-tar-friuli-venezia-giulia-su-limitazione-degli-orari-e-distanze-dai-luoghi-sensibili\/#breadcrumb\"},\"inLanguage\":\"it-IT\",\"potentialAction\":[{\"@type\":\"ReadAction\",\"target\":[\"https:\/\/welaikaadv.site\/avviso\/home\/cosa-facciamo\/informare\/documenti-tematici\/gioco-dazzardo\/alcune-sentenze-del-tar-friuli-venezia-giulia-su-limitazione-degli-orari-e-distanze-dai-luoghi-sensibili\/\"]}]},{\"@type\":\"BreadcrumbList\",\"@id\":\"https:\/\/welaikaadv.site\/avviso\/home\/cosa-facciamo\/informare\/documenti-tematici\/gioco-dazzardo\/alcune-sentenze-del-tar-friuli-venezia-giulia-su-limitazione-degli-orari-e-distanze-dai-luoghi-sensibili\/#breadcrumb\",\"itemListElement\":[{\"@type\":\"ListItem\",\"position\":1,\"name\":\"Home\",\"item\":\"https:\/\/welaikaadv.site\/avviso\/\"},{\"@type\":\"ListItem\",\"position\":2,\"name\":\"ALCUNE SENTENZE DEL TAR FRIULI VENEZIA GIULIA SU LIMITAZIONE DEGLI ORARI E DISTANZE DAI LUOGHI SENSIBILI\"}]},{\"@type\":\"WebSite\",\"@id\":\"https:\/\/welaikaadv.site\/avviso\/#website\",\"url\":\"https:\/\/welaikaadv.site\/avviso\/\",\"name\":\"Staging Avviso Pubblico\",\"description\":\"\",\"publisher\":{\"@id\":\"https:\/\/welaikaadv.site\/avviso\/#organization\"},\"potentialAction\":[{\"@type\":\"SearchAction\",\"target\":{\"@type\":\"EntryPoint\",\"urlTemplate\":\"https:\/\/welaikaadv.site\/avviso\/?s={search_term_string}\"},\"query-input\":{\"@type\":\"PropertyValueSpecification\",\"valueRequired\":true,\"valueName\":\"search_term_string\"}}],\"inLanguage\":\"it-IT\"},{\"@type\":\"Organization\",\"@id\":\"https:\/\/welaikaadv.site\/avviso\/#organization\",\"name\":\"Staging Avviso Pubblico\",\"url\":\"https:\/\/welaikaadv.site\/avviso\/\",\"logo\":{\"@type\":\"ImageObject\",\"inLanguage\":\"it-IT\",\"@id\":\"https:\/\/welaikaadv.site\/avviso\/#\/schema\/logo\/image\/\",\"url\":\"https:\/\/welaikaadv.site\/avviso\/wp-content\/uploads\/2024\/08\/logoAPsito-400.png\",\"contentUrl\":\"https:\/\/welaikaadv.site\/avviso\/wp-content\/uploads\/2024\/08\/logoAPsito-400.png\",\"width\":400,\"height\":97,\"caption\":\"Staging Avviso Pubblico\"},\"image\":{\"@id\":\"https:\/\/welaikaadv.site\/avviso\/#\/schema\/logo\/image\/\"}}]}<\/script>\n<!-- \/ Yoast SEO plugin. -->","yoast_head_json":{"title":"ALCUNE SENTENZE DEL TAR FRIULI VENEZIA GIULIA SU LIMITAZIONE DEGLI ORARI E DISTANZE DAI LUOGHI SENSIBILI - Staging Avviso Pubblico","robots":{"index":"noindex","follow":"follow","max-snippet":"max-snippet:-1","max-image-preview":"max-image-preview:large","max-video-preview":"max-video-preview:-1"},"og_locale":"it_IT","og_type":"article","og_title":"ALCUNE SENTENZE DEL TAR FRIULI VENEZIA GIULIA SU LIMITAZIONE DEGLI ORARI E DISTANZE DAI LUOGHI SENSIBILI - Staging Avviso Pubblico","og_description":"IL TAR CONFERMA LA SCELTA DEL COMUNE DI MARTIGNACCO DI DISINSTALLARE UN APPARECCHIO POSTO A MENO DI 500 METRI DA UN LUOGO SENSIBILE PREESISTENTE La&nbsp;[&hellip;]Leggi tutto ALCUNE SENTENZE DEL TAR FRIULI VENEZIA GIULIA SU LIMITAZIONE DEGLI ORARI E DISTANZE DAI LUOGHI SENSIBILI &rarr;","og_url":"https:\/\/welaikaadv.site\/avviso\/home\/cosa-facciamo\/informare\/documenti-tematici\/gioco-dazzardo\/alcune-sentenze-del-tar-friuli-venezia-giulia-su-limitazione-degli-orari-e-distanze-dai-luoghi-sensibili\/","og_site_name":"Staging Avviso Pubblico","twitter_card":"summary_large_image","twitter_misc":{"Tempo di lettura stimato":"8 minuti"},"schema":{"@context":"https:\/\/schema.org","@graph":[{"@type":"WebPage","@id":"https:\/\/welaikaadv.site\/avviso\/home\/cosa-facciamo\/informare\/documenti-tematici\/gioco-dazzardo\/alcune-sentenze-del-tar-friuli-venezia-giulia-su-limitazione-degli-orari-e-distanze-dai-luoghi-sensibili\/","url":"https:\/\/welaikaadv.site\/avviso\/home\/cosa-facciamo\/informare\/documenti-tematici\/gioco-dazzardo\/alcune-sentenze-del-tar-friuli-venezia-giulia-su-limitazione-degli-orari-e-distanze-dai-luoghi-sensibili\/","name":"ALCUNE SENTENZE DEL TAR FRIULI VENEZIA GIULIA SU LIMITAZIONE DEGLI ORARI E DISTANZE DAI LUOGHI SENSIBILI - Staging Avviso Pubblico","isPartOf":{"@id":"https:\/\/welaikaadv.site\/avviso\/#website"},"datePublished":"2020-11-04T05:50:53+00:00","breadcrumb":{"@id":"https:\/\/welaikaadv.site\/avviso\/home\/cosa-facciamo\/informare\/documenti-tematici\/gioco-dazzardo\/alcune-sentenze-del-tar-friuli-venezia-giulia-su-limitazione-degli-orari-e-distanze-dai-luoghi-sensibili\/#breadcrumb"},"inLanguage":"it-IT","potentialAction":[{"@type":"ReadAction","target":["https:\/\/welaikaadv.site\/avviso\/home\/cosa-facciamo\/informare\/documenti-tematici\/gioco-dazzardo\/alcune-sentenze-del-tar-friuli-venezia-giulia-su-limitazione-degli-orari-e-distanze-dai-luoghi-sensibili\/"]}]},{"@type":"BreadcrumbList","@id":"https:\/\/welaikaadv.site\/avviso\/home\/cosa-facciamo\/informare\/documenti-tematici\/gioco-dazzardo\/alcune-sentenze-del-tar-friuli-venezia-giulia-su-limitazione-degli-orari-e-distanze-dai-luoghi-sensibili\/#breadcrumb","itemListElement":[{"@type":"ListItem","position":1,"name":"Home","item":"https:\/\/welaikaadv.site\/avviso\/"},{"@type":"ListItem","position":2,"name":"ALCUNE SENTENZE DEL TAR FRIULI VENEZIA GIULIA SU LIMITAZIONE DEGLI ORARI E DISTANZE DAI LUOGHI SENSIBILI"}]},{"@type":"WebSite","@id":"https:\/\/welaikaadv.site\/avviso\/#website","url":"https:\/\/welaikaadv.site\/avviso\/","name":"Staging Avviso Pubblico","description":"","publisher":{"@id":"https:\/\/welaikaadv.site\/avviso\/#organization"},"potentialAction":[{"@type":"SearchAction","target":{"@type":"EntryPoint","urlTemplate":"https:\/\/welaikaadv.site\/avviso\/?s={search_term_string}"},"query-input":{"@type":"PropertyValueSpecification","valueRequired":true,"valueName":"search_term_string"}}],"inLanguage":"it-IT"},{"@type":"Organization","@id":"https:\/\/welaikaadv.site\/avviso\/#organization","name":"Staging Avviso Pubblico","url":"https:\/\/welaikaadv.site\/avviso\/","logo":{"@type":"ImageObject","inLanguage":"it-IT","@id":"https:\/\/welaikaadv.site\/avviso\/#\/schema\/logo\/image\/","url":"https:\/\/welaikaadv.site\/avviso\/wp-content\/uploads\/2024\/08\/logoAPsito-400.png","contentUrl":"https:\/\/welaikaadv.site\/avviso\/wp-content\/uploads\/2024\/08\/logoAPsito-400.png","width":400,"height":97,"caption":"Staging Avviso Pubblico"},"image":{"@id":"https:\/\/welaikaadv.site\/avviso\/#\/schema\/logo\/image\/"}}]}},"_links":{"self":[{"href":"https:\/\/welaikaadv.site\/avviso\/wp-json\/wp\/v2\/pages\/39639","targetHints":{"allow":["GET"]}}],"collection":[{"href":"https:\/\/welaikaadv.site\/avviso\/wp-json\/wp\/v2\/pages"}],"about":[{"href":"https:\/\/welaikaadv.site\/avviso\/wp-json\/wp\/v2\/types\/page"}],"author":[{"embeddable":true,"href":"https:\/\/welaikaadv.site\/avviso\/wp-json\/wp\/v2\/users\/1"}],"replies":[{"embeddable":true,"href":"https:\/\/welaikaadv.site\/avviso\/wp-json\/wp\/v2\/comments?post=39639"}],"version-history":[{"count":0,"href":"https:\/\/welaikaadv.site\/avviso\/wp-json\/wp\/v2\/pages\/39639\/revisions"}],"up":[{"embeddable":true,"href":"https:\/\/welaikaadv.site\/avviso\/wp-json\/wp\/v2\/pages\/202"}],"wp:attachment":[{"href":"https:\/\/welaikaadv.site\/avviso\/wp-json\/wp\/v2\/media?parent=39639"}],"curies":[{"name":"wp","href":"https:\/\/api.w.org\/{rel}","templated":true}]}}