{"id":39905,"date":"2020-11-24T06:49:00","date_gmt":"2020-11-24T05:49:00","guid":{"rendered":"https:\/\/www.avvisopubblico.it\/home\/?page_id=39905"},"modified":"2020-11-24T06:49:00","modified_gmt":"2020-11-24T05:49:00","slug":"il-consiglio-di-stato-conferma-la-disciplina-su-orari-e-distanze-approvata-dal-comune-di-marostica-vi","status":"publish","type":"page","link":"https:\/\/welaikaadv.site\/avviso\/home\/cosa-facciamo\/informare\/documenti-tematici\/gioco-dazzardo\/il-consiglio-di-stato-conferma-la-disciplina-su-orari-e-distanze-approvata-dal-comune-di-marostica-vi\/","title":{"rendered":"IL CONSIGLIO DI STATO CONFERMA LA DISCIPLINA SU ORARI E DISTANZE APPROVATA DAL COMUNE DI MAROSTICA (VI)"},"content":{"rendered":"<p><strong>La normativa e il caso. <\/strong>Il Comune di Marostica (Vi) \u00e8 intervenuto sulla materia del gioco d\u2019azzardo con il <a href=\"http:\/\/myphttp1.altovicentino.it\/web\/marostica\/servizi-online\/regolamenti;jsessionid=FA9F34FFAB6DD9F0F27641F6E5737EC5.liferay2?p_p_id=REGOLAMENTIMODULISTICA_WAR_myportalregmodportlet&amp;p_p_lifecycle=1&amp;p_p_state=normal&amp;p_p_mode=view&amp;p_p_col_id=column-3&amp;p_p_col_count=1&amp;template=\/regioneveneto\/myportal\/regmod-detail&amp;count=100&amp;varnish_ente=marostica&amp;format=html&amp;type=regolamenti-modulistica&amp;lang=it&amp;ente=Marostica&amp;page=1&amp;ticket=TICKET_e3f8c1bcfa2231f1d89f2b61a494763fbf5121e7&amp;path=\/Rve\/Preview-OnLine\/OnLine&amp;typelist=scheda-ufficio&amp;form-submit=true&amp;ordertype=DESC&amp;orderby=rve:regmod-oggetto&amp;uuid=f8f96726-7f8b-4c5a-a132-affbdd7d35ac&amp;action=detail&amp;ws=regmod-detail\">Regolamento comunale per sale giochi e installazione di apparecchi da intrattenimento<\/a> (approvato con delibera consiliare 45\/2016) e con l\u2019ordinanza sindacale 11\/2016 sulla disciplina degli orari di funzionamento degli apparecchi per il gioco lecito.<\/p>\n<p>Avverso tali provvedimenti \u00e8 stato sollevato ricorso straordinario al Presidente della Repubblica e, pertanto, il Consiglio di Stato si \u00e8 espresso con il parere definitivo <a href=\"https:\/\/www.giustizia-amministrativa.it\/portale\/pages\/istituzionale\/visualizza\/?nodeRef=&amp;schema=consul&amp;nrg=201701015&amp;nomeFile=201900402_27.html&amp;subDir=Provvedimenti\">402\/2019<\/a> che qui si analizza.<\/p>\n<p><strong>La relazione ministeriale. <\/strong>Innanzitutto, nel parere si d\u00e0 conto della relazione ministeriale, allegata agli atti trasmessi, che sostanzialmente propende per l\u2019accoglimento del ricorso. Ci\u00f2, in particolare, sulla base di alcune considerazioni:<\/p>\n<p>1) \u201cl\u2019adozione di misure limitative del gioco lecito \u2026 avrebbe come effetto quello di orientare la domanda dei giocatori verso offerte di gioco illegali\u201d;<\/p>\n<p>2) con questo tipo di normativa si cagionerebbe un \u201cpregiudizio pure al gettito erariale\u201d;<\/p>\n<p>3) \u201cle iniziative degli enti locali possono confliggere con la competenza statale in materia di contrasto e di prevenzione delle ludopatie\u201d: anche per questo, si \u201crichiede un sufficiente grado di uniformit\u00e0 regolatoria su tutto il territorio nazionale\u201d.<\/p>\n<p>Il Consiglio di Stato \u00e8 di diverso avviso ed esprime parere negativo al ricorso.<\/p>\n<p><strong>Gli strumenti di pianificazione urbanistica e il distanziometro. <\/strong>Per prima cosa, il Collegio interviene sugli strumenti normativi da utilizzare: per la societ\u00e0 ricorrente, infatti, anche in base all\u2019art. 20 della legge regionale <a href=\"https:\/\/bur.regione.veneto.it\/BurvServices\/Pubblica\/DettaglioLegge.aspx?id=297052\">6\/2015<\/a> (oggi superata con la legge regionale <a href=\"https:\/\/welaikaadv.site\/avviso\/wp-content\/uploads\/2019\/09\/Legge-Veneto-azzardo.pdf\">38\/2019<\/a>, che comunque sul punto non si discosta particolarmente rispetto alla normativa precedente), il Comune avrebbe dovuto utilizzare i \u201ctipici strumenti urbanistici e\/o gli atti del governo del territorio, i quali imporrebbero alle Amministrazioni comunali l\u2019obbligo di osservare un regime di cd. \u201ddoppio binario\u201d, dovendosi consentire agli interessati adeguate forme di partecipazione procedimentale\u201d.<\/p>\n<p>Il Consiglio di Stato respinge questa censura: la materia, infatti, afferisce anzitutto all\u2019ambito della tutela della salute pubblica; la legge regionale, inoltre, \u201cnon prevede alcun obbligo in capo al Comune di esercitare tale potere mediante strumenti di pianificazione urbanistica\u201d.<\/p>\n<p><strong>La sovrapposizione con la normativa statale. <\/strong>Il ricorrente, poi, solleva la questione relativa alla sovrapposizione tra la normativa nazionale di primo grado e quella locale, paventando cos\u00ec l\u2019illegittimit\u00e0 di quest\u2019ultima.<\/p>\n<p>I giudici ricostruiscono in altri termini il nodo delle competenze: \u201cla normativa in materia di gioco d&#8217;azzardo &#8211; con riguardo alle conseguenze sociali dell&#8217;offerta dei giochi su fasce di consumatori psicologicamente pi\u00f9 deboli, nonch\u00e9 dell&#8217;impatto sul territorio dell&#8217;afflusso ai giochi degli utenti &#8211; non \u00e8 riferibile alla sola competenza statale esclusiva in materia di tutela della concorrenza \u2026 ma alla tutela del benessere psico-fisico dei soggetti maggiormente vulnerabili e della quiete pubblica \u2026 tutela che rientra nelle attribuzioni del Comune\u00a0ex<em>\u00a0<\/em>artt. 3 e 5 del d.lgs. n. 267 del 2000\u201d.<\/p>\n<p><strong>Gli orari. <\/strong>L\u2019altro aspetto centrale del ricorso \u00e8 relativo alla contestazione della disciplina degli orari delle sale gioco (10-13 e 17-22). Anche in questo caso il Consiglio di Stato avalla la normativa introdotta nel Comune, in quanto:<\/p>\n<p>1) non \u00e8 dimostrata, dalla societ\u00e0 ricorrente, la pretesa diretta causalit\u00e0 \u201ctra la contestata riduzione dell\u2019orario e la diminuzione, fino al limite della non convenienza economica, dell\u2019attivit\u00e0 di gioco gestita\u201d;<\/p>\n<p>2) in ogni caso il diritto di iniziativa economica (art. 41 Cost.) non \u00e8 assoluto ma deve essere bilanciato con la sicurezza, la dignit\u00e0 umana e l\u2019utilit\u00e0 sociale;<\/p>\n<p>3) la riduzione degli orari di apertura \u00e8, pacificamente, \u201cuna delle molteplici misure delle quali le autorit\u00e0 pubbliche possono avvalersi per contrastare le ludopatie\u201d;<\/p>\n<p>4) nello specifico, il frazionamento in due periodi giornalieri dell\u2019orario di funzionamento non \u00e8 illogico \u201ctrattandosi di accorgimento regolatorio che disincentiva soprattutto le fasce pi\u00f9 giovani, e quindi pi\u00f9 deboli, di utenti e, sotto questo profilo, detta limitazione supera il test di proporzionalit\u00e0\u201d.<\/p>\n<p>&nbsp;<\/p>\n<p style=\"text-align: right;\">(<em>a cura di <strong>Marco De Pasquale<\/strong>, <\/em><em>Master APC Universit\u00e0 di Pisa<\/em>)<\/p>\n","protected":false},"excerpt":{"rendered":"<p>La normativa e il caso. Il Comune di Marostica (Vi) \u00e8 intervenuto sulla materia del gioco d\u2019azzardo con il Regolamento comunale per sale giochi e&nbsp;<span class=\"hellipsis\">[&hellip;]<\/span><a class=\"more-link\" href=\"https:\/\/welaikaadv.site\/avviso\/home\/cosa-facciamo\/informare\/documenti-tematici\/gioco-dazzardo\/il-consiglio-di-stato-conferma-la-disciplina-su-orari-e-distanze-approvata-dal-comune-di-marostica-vi\/\">Leggi tutto <span class=\"screen-reader-text\">IL CONSIGLIO DI STATO CONFERMA LA DISCIPLINA SU ORARI E DISTANZE APPROVATA DAL COMUNE DI MAROSTICA (VI)<\/span> <span class=\"meta-nav\" aria-hidden=\"true\">&rarr;<\/span><\/a><\/p>\n","protected":false},"author":1,"featured_media":0,"parent":202,"menu_order":160,"comment_status":"closed","ping_status":"closed","template":"","meta":{"_acf_changed":false,"_exactmetrics_skip_tracking":false,"_exactmetrics_sitenote_active":false,"_exactmetrics_sitenote_note":"","_exactmetrics_sitenote_category":0,"wp_social_preview_title":"","wp_social_preview_description":"","wp_social_preview_image":0,"footnotes":""},"class_list":["post-39905","page","type-page","status-publish","hentry"],"acf":[],"yoast_head":"<!-- This site is optimized with the Yoast SEO plugin v27.2 - https:\/\/yoast.com\/product\/yoast-seo-wordpress\/ -->\n<title>IL CONSIGLIO DI STATO CONFERMA LA DISCIPLINA SU ORARI E DISTANZE APPROVATA DAL COMUNE DI MAROSTICA (VI) - Staging Avviso Pubblico<\/title>\n<meta name=\"robots\" content=\"noindex, follow, max-snippet:-1, max-image-preview:large, max-video-preview:-1\" \/>\n<meta property=\"og:locale\" content=\"it_IT\" \/>\n<meta property=\"og:type\" content=\"article\" \/>\n<meta property=\"og:title\" content=\"IL CONSIGLIO DI STATO CONFERMA LA DISCIPLINA SU ORARI E DISTANZE APPROVATA DAL COMUNE DI MAROSTICA (VI) - Staging Avviso Pubblico\" \/>\n<meta property=\"og:description\" content=\"La normativa e il caso. Il Comune di Marostica (Vi) \u00e8 intervenuto sulla materia del gioco d\u2019azzardo con il Regolamento comunale per sale giochi e&nbsp;[&hellip;]Leggi tutto IL CONSIGLIO DI STATO CONFERMA LA DISCIPLINA SU ORARI E DISTANZE APPROVATA DAL COMUNE DI MAROSTICA (VI) &rarr;\" \/>\n<meta property=\"og:url\" content=\"https:\/\/welaikaadv.site\/avviso\/home\/cosa-facciamo\/informare\/documenti-tematici\/gioco-dazzardo\/il-consiglio-di-stato-conferma-la-disciplina-su-orari-e-distanze-approvata-dal-comune-di-marostica-vi\/\" \/>\n<meta property=\"og:site_name\" content=\"Staging Avviso Pubblico\" \/>\n<meta name=\"twitter:card\" content=\"summary_large_image\" \/>\n<meta name=\"twitter:label1\" content=\"Tempo di lettura stimato\" \/>\n\t<meta name=\"twitter:data1\" content=\"3 minuti\" \/>\n<script type=\"application\/ld+json\" class=\"yoast-schema-graph\">{\"@context\":\"https:\/\/schema.org\",\"@graph\":[{\"@type\":\"WebPage\",\"@id\":\"https:\/\/welaikaadv.site\/avviso\/home\/cosa-facciamo\/informare\/documenti-tematici\/gioco-dazzardo\/il-consiglio-di-stato-conferma-la-disciplina-su-orari-e-distanze-approvata-dal-comune-di-marostica-vi\/\",\"url\":\"https:\/\/welaikaadv.site\/avviso\/home\/cosa-facciamo\/informare\/documenti-tematici\/gioco-dazzardo\/il-consiglio-di-stato-conferma-la-disciplina-su-orari-e-distanze-approvata-dal-comune-di-marostica-vi\/\",\"name\":\"IL CONSIGLIO DI STATO CONFERMA LA DISCIPLINA SU ORARI E DISTANZE APPROVATA DAL COMUNE DI MAROSTICA (VI) - Staging Avviso Pubblico\",\"isPartOf\":{\"@id\":\"https:\/\/welaikaadv.site\/avviso\/#website\"},\"datePublished\":\"2020-11-24T05:49:00+00:00\",\"breadcrumb\":{\"@id\":\"https:\/\/welaikaadv.site\/avviso\/home\/cosa-facciamo\/informare\/documenti-tematici\/gioco-dazzardo\/il-consiglio-di-stato-conferma-la-disciplina-su-orari-e-distanze-approvata-dal-comune-di-marostica-vi\/#breadcrumb\"},\"inLanguage\":\"it-IT\",\"potentialAction\":[{\"@type\":\"ReadAction\",\"target\":[\"https:\/\/welaikaadv.site\/avviso\/home\/cosa-facciamo\/informare\/documenti-tematici\/gioco-dazzardo\/il-consiglio-di-stato-conferma-la-disciplina-su-orari-e-distanze-approvata-dal-comune-di-marostica-vi\/\"]}]},{\"@type\":\"BreadcrumbList\",\"@id\":\"https:\/\/welaikaadv.site\/avviso\/home\/cosa-facciamo\/informare\/documenti-tematici\/gioco-dazzardo\/il-consiglio-di-stato-conferma-la-disciplina-su-orari-e-distanze-approvata-dal-comune-di-marostica-vi\/#breadcrumb\",\"itemListElement\":[{\"@type\":\"ListItem\",\"position\":1,\"name\":\"Home\",\"item\":\"https:\/\/welaikaadv.site\/avviso\/\"},{\"@type\":\"ListItem\",\"position\":2,\"name\":\"IL CONSIGLIO DI STATO CONFERMA LA DISCIPLINA SU ORARI E DISTANZE APPROVATA DAL COMUNE DI MAROSTICA (VI)\"}]},{\"@type\":\"WebSite\",\"@id\":\"https:\/\/welaikaadv.site\/avviso\/#website\",\"url\":\"https:\/\/welaikaadv.site\/avviso\/\",\"name\":\"Staging Avviso Pubblico\",\"description\":\"\",\"publisher\":{\"@id\":\"https:\/\/welaikaadv.site\/avviso\/#organization\"},\"potentialAction\":[{\"@type\":\"SearchAction\",\"target\":{\"@type\":\"EntryPoint\",\"urlTemplate\":\"https:\/\/welaikaadv.site\/avviso\/?s={search_term_string}\"},\"query-input\":{\"@type\":\"PropertyValueSpecification\",\"valueRequired\":true,\"valueName\":\"search_term_string\"}}],\"inLanguage\":\"it-IT\"},{\"@type\":\"Organization\",\"@id\":\"https:\/\/welaikaadv.site\/avviso\/#organization\",\"name\":\"Staging Avviso Pubblico\",\"url\":\"https:\/\/welaikaadv.site\/avviso\/\",\"logo\":{\"@type\":\"ImageObject\",\"inLanguage\":\"it-IT\",\"@id\":\"https:\/\/welaikaadv.site\/avviso\/#\/schema\/logo\/image\/\",\"url\":\"https:\/\/welaikaadv.site\/avviso\/wp-content\/uploads\/2024\/08\/logoAPsito-400.png\",\"contentUrl\":\"https:\/\/welaikaadv.site\/avviso\/wp-content\/uploads\/2024\/08\/logoAPsito-400.png\",\"width\":400,\"height\":97,\"caption\":\"Staging Avviso Pubblico\"},\"image\":{\"@id\":\"https:\/\/welaikaadv.site\/avviso\/#\/schema\/logo\/image\/\"}}]}<\/script>\n<!-- \/ Yoast SEO plugin. -->","yoast_head_json":{"title":"IL CONSIGLIO DI STATO CONFERMA LA DISCIPLINA SU ORARI E DISTANZE APPROVATA DAL COMUNE DI MAROSTICA (VI) - Staging Avviso Pubblico","robots":{"index":"noindex","follow":"follow","max-snippet":"max-snippet:-1","max-image-preview":"max-image-preview:large","max-video-preview":"max-video-preview:-1"},"og_locale":"it_IT","og_type":"article","og_title":"IL CONSIGLIO DI STATO CONFERMA LA DISCIPLINA SU ORARI E DISTANZE APPROVATA DAL COMUNE DI MAROSTICA (VI) - Staging Avviso Pubblico","og_description":"La normativa e il caso. Il Comune di Marostica (Vi) \u00e8 intervenuto sulla materia del gioco d\u2019azzardo con il Regolamento comunale per sale giochi e&nbsp;[&hellip;]Leggi tutto IL CONSIGLIO DI STATO CONFERMA LA DISCIPLINA SU ORARI E DISTANZE APPROVATA DAL COMUNE DI MAROSTICA (VI) &rarr;","og_url":"https:\/\/welaikaadv.site\/avviso\/home\/cosa-facciamo\/informare\/documenti-tematici\/gioco-dazzardo\/il-consiglio-di-stato-conferma-la-disciplina-su-orari-e-distanze-approvata-dal-comune-di-marostica-vi\/","og_site_name":"Staging Avviso Pubblico","twitter_card":"summary_large_image","twitter_misc":{"Tempo di lettura stimato":"3 minuti"},"schema":{"@context":"https:\/\/schema.org","@graph":[{"@type":"WebPage","@id":"https:\/\/welaikaadv.site\/avviso\/home\/cosa-facciamo\/informare\/documenti-tematici\/gioco-dazzardo\/il-consiglio-di-stato-conferma-la-disciplina-su-orari-e-distanze-approvata-dal-comune-di-marostica-vi\/","url":"https:\/\/welaikaadv.site\/avviso\/home\/cosa-facciamo\/informare\/documenti-tematici\/gioco-dazzardo\/il-consiglio-di-stato-conferma-la-disciplina-su-orari-e-distanze-approvata-dal-comune-di-marostica-vi\/","name":"IL CONSIGLIO DI STATO CONFERMA LA DISCIPLINA SU ORARI E DISTANZE APPROVATA DAL COMUNE DI MAROSTICA (VI) - Staging Avviso Pubblico","isPartOf":{"@id":"https:\/\/welaikaadv.site\/avviso\/#website"},"datePublished":"2020-11-24T05:49:00+00:00","breadcrumb":{"@id":"https:\/\/welaikaadv.site\/avviso\/home\/cosa-facciamo\/informare\/documenti-tematici\/gioco-dazzardo\/il-consiglio-di-stato-conferma-la-disciplina-su-orari-e-distanze-approvata-dal-comune-di-marostica-vi\/#breadcrumb"},"inLanguage":"it-IT","potentialAction":[{"@type":"ReadAction","target":["https:\/\/welaikaadv.site\/avviso\/home\/cosa-facciamo\/informare\/documenti-tematici\/gioco-dazzardo\/il-consiglio-di-stato-conferma-la-disciplina-su-orari-e-distanze-approvata-dal-comune-di-marostica-vi\/"]}]},{"@type":"BreadcrumbList","@id":"https:\/\/welaikaadv.site\/avviso\/home\/cosa-facciamo\/informare\/documenti-tematici\/gioco-dazzardo\/il-consiglio-di-stato-conferma-la-disciplina-su-orari-e-distanze-approvata-dal-comune-di-marostica-vi\/#breadcrumb","itemListElement":[{"@type":"ListItem","position":1,"name":"Home","item":"https:\/\/welaikaadv.site\/avviso\/"},{"@type":"ListItem","position":2,"name":"IL CONSIGLIO DI STATO CONFERMA LA DISCIPLINA SU ORARI E DISTANZE APPROVATA DAL COMUNE DI MAROSTICA (VI)"}]},{"@type":"WebSite","@id":"https:\/\/welaikaadv.site\/avviso\/#website","url":"https:\/\/welaikaadv.site\/avviso\/","name":"Staging Avviso Pubblico","description":"","publisher":{"@id":"https:\/\/welaikaadv.site\/avviso\/#organization"},"potentialAction":[{"@type":"SearchAction","target":{"@type":"EntryPoint","urlTemplate":"https:\/\/welaikaadv.site\/avviso\/?s={search_term_string}"},"query-input":{"@type":"PropertyValueSpecification","valueRequired":true,"valueName":"search_term_string"}}],"inLanguage":"it-IT"},{"@type":"Organization","@id":"https:\/\/welaikaadv.site\/avviso\/#organization","name":"Staging Avviso Pubblico","url":"https:\/\/welaikaadv.site\/avviso\/","logo":{"@type":"ImageObject","inLanguage":"it-IT","@id":"https:\/\/welaikaadv.site\/avviso\/#\/schema\/logo\/image\/","url":"https:\/\/welaikaadv.site\/avviso\/wp-content\/uploads\/2024\/08\/logoAPsito-400.png","contentUrl":"https:\/\/welaikaadv.site\/avviso\/wp-content\/uploads\/2024\/08\/logoAPsito-400.png","width":400,"height":97,"caption":"Staging Avviso Pubblico"},"image":{"@id":"https:\/\/welaikaadv.site\/avviso\/#\/schema\/logo\/image\/"}}]}},"_links":{"self":[{"href":"https:\/\/welaikaadv.site\/avviso\/wp-json\/wp\/v2\/pages\/39905","targetHints":{"allow":["GET"]}}],"collection":[{"href":"https:\/\/welaikaadv.site\/avviso\/wp-json\/wp\/v2\/pages"}],"about":[{"href":"https:\/\/welaikaadv.site\/avviso\/wp-json\/wp\/v2\/types\/page"}],"author":[{"embeddable":true,"href":"https:\/\/welaikaadv.site\/avviso\/wp-json\/wp\/v2\/users\/1"}],"replies":[{"embeddable":true,"href":"https:\/\/welaikaadv.site\/avviso\/wp-json\/wp\/v2\/comments?post=39905"}],"version-history":[{"count":0,"href":"https:\/\/welaikaadv.site\/avviso\/wp-json\/wp\/v2\/pages\/39905\/revisions"}],"up":[{"embeddable":true,"href":"https:\/\/welaikaadv.site\/avviso\/wp-json\/wp\/v2\/pages\/202"}],"wp:attachment":[{"href":"https:\/\/welaikaadv.site\/avviso\/wp-json\/wp\/v2\/media?parent=39905"}],"curies":[{"name":"wp","href":"https:\/\/api.w.org\/{rel}","templated":true}]}}