{"id":40246,"date":"2020-12-18T14:13:58","date_gmt":"2020-12-18T13:13:58","guid":{"rendered":"https:\/\/www.avvisopubblico.it\/home\/?page_id=40246"},"modified":"2020-12-18T14:13:58","modified_gmt":"2020-12-18T13:13:58","slug":"relazione-2020-della-direzione-nazionale-antimafia-e-antiterrorismo","status":"publish","type":"page","link":"https:\/\/welaikaadv.site\/avviso\/home\/cosa-facciamo\/informare\/documenti-tematici\/mafie\/relazione-2020-della-direzione-nazionale-antimafia-e-antiterrorismo\/","title":{"rendered":"Relazione 2020 della Direzione Nazionale Antimafia e Antiterrorismo"},"content":{"rendered":"<p><strong>Premessa. <\/strong>La Direzione Nazionale Antimafia e Antiterrorismo ha elaborato la consueta Relazione annuale sulle attivit\u00e0 svolte dal Procuratore nazionale e dalla Direzione nazionale antimafia e antiterrorismo nonch\u00e9 sulle dinamiche e strategie della criminalit\u00e0 organizzata di tipo mafioso nel periodo luglio 2018 \u2013 dicembre 2019 (per le precedenti Relazioni clicca qui). Di seguito se ne sintetizzano alcuni aspetti.<\/p>\n<p><strong>Le cd. \u201cmafie storiche\u201d<\/strong>. La Relazione approfondisce le dinamiche e le evoluzioni delle principali forme di criminalit\u00e0 mafiosa di origine italiana. Indagini, sentenze e ordinanze cautelari confermano che le attivit\u00e0 di \u2018Ndrangheta, Cosa nostra, Camorra e delle due principali consorterie pugliesi, che operano nell&#8217;area di Bari e del foggiano, sono per molti aspetti in linea con la Relazione dello scorso anno. Per i dettagli si rimanda alle analoghe Relazioni elaborate nelle analisi semestrali della Direzione Investigativa Antimafia (<a href=\"https:\/\/welaikaadv.site\/avviso\/home\/cosa-facciamo\/informare\/osservatorio-parlamentare\/altri-atti-parlamentari\/direzione-nazionale-antimafia-e-direzione-investigativa-antimafia\/sintesi-della-relazione-della-direzione-investigativa-antimafia-primo-semestre-2019\/\">leggi qui<\/a> e <a href=\"https:\/\/welaikaadv.site\/avviso\/home\/cosa-facciamo\/informare\/osservatorio-parlamentare\/altri-atti-parlamentari\/direzione-nazionale-antimafia-e-direzione-investigativa-antimafia\/sintesi-della-relazione-della-direzione-investigativa-antimafia-secondo-semestre-2019\/\">qui<\/a>).<\/p>\n<p><strong>Corruzione.<\/strong> L&#8217;ottavo capitolo affronta i temi di interesse della Direzione Nazionale Antimafia, tra cui quello della corruzione. A conferma di un trend ormai consolidato, la DNA ribadisce che la criminalit\u00e0 organizzata preferisce \u201cnegoziare\u201d con i legittimi attori in campo invece di usare metodi tipicamente mafiosi, ovvero sempre meno ricorre alla forza e alla violenza.<\/p>\n<p>\u201cI sodalizi mafiosi infatti \u2013 recita una nota della DNA \u2013\u00a0 si sono mossi verso una sistematica e progressiva occupazione del mercato legale, manifestando una crescente attitudine a sviluppare le attivit\u00e0 illecite in ambiti imprenditoriali, ove riciclano le imponenti risorse economiche che derivano dagli affari criminali. Naturalmente continuando nella gestione dei tradizionali affari criminali quali il traffico di stupefacenti, il commercio di armi, il contrabbando, la contraffazione, le estorsioni\u201d.<\/p>\n<p><strong>Appalti e opere pubbliche<\/strong> sono l&#8217;ambito di interesse delle mafie, che attraverso la leva corruttiva e la collusione mirano a consolidare un sistema di relazioni forti. Buona parte dell&#8217;espansione dei clan passa per gli affidamenti pubblici. <strong>Infiltrare le amministrazioni locali,<\/strong> garantendosi l&#8217;assegnazione di opere pubbliche, non rappresenta quindi solo un&#8217;occasione per generale profitti. Ma contemporaneamente costituisce uno degli strumenti fondamentali per rafforzare il controllo del territorio e acquisire consenso sociale.<\/p>\n<p>Questo \u00e8 ancora pi\u00f9 vero nel contesto economico attuale, condizionato dall&#8217;emergenza Covid-19. Infatti, oggi pi\u00f9 di prima \u201cl\u2019impresa che risulta affidataria, o che partecipa ad una commessa pubblica, e\u0300 in grado di generare importanti ricadute sul tessuto sociale\u201d. Tutto questo si traduce in distribuzione di posti di lavoro, gestione di contratti di noleggi e forniture e quindi nella capacit\u00e0 di \u201cfidelizzare\u201d un numero elevato di persone.<\/p>\n<p>Tuttavia \u00e8 emerso che non sono solo le cosche a offrire i propri servizi, bens\u00ec sono <strong>gli stessi candidati a cercare il sostegno dei clan<\/strong>, mettendosi totalmente a disposizione del sodalizio. L&#8217;appoggio mafioso viene visto come determinante nella competizione elettorale. A conferma di questo trend crescente ci sono numerosi procedimenti. Uno su tutti l&#8217;indagine Geena della Direzione Distrettuale Antimafia di Torino, che ha documentato l&#8217;appoggio dei clan a diversi candidati autonomisti nelle elezioni amministrative dei Comuni di Aosta e di Saint Pierre, tanto da arrivare per quest&#8217;ultimo allo scioglimento per infiltrazioni mafiose.<\/p>\n<p><strong>I sistemi di affidamento.<\/strong> Le organizzazioni mafiose tendono a sfruttare la vulnerabilit\u00e0 dei politici o dei funzionari preposti all\u2019aggiudicazione delle gare, \u201csensibili\u201d ai meccanismi corruttivi e collusivi. Pi\u00f9 raramente si passa all&#8217;intimidazione. Ma l&#8217;illegalit\u00e0 \u2013 come emerge dalla nota della DDA \u2013 non si ferma al solo affidamento dell&#8217;opera, ma riguarda anche la qualit\u00e0 del servizio fornito. Nella maggior parte dei casi la fornitura \u00e8 scadente, quando non del tutto mancante; la realizzazione dell&#8217;opera \u00e8 spesso inidonea e non corrisponde agli standard richiesti.<\/p>\n<p><strong>Gli appalti vengono pilotati<\/strong> in vario modo, sfruttando la compiacenza di funzionari pubblici, che risparmiano tempo e inventiva ai clan nel ricorrere a tecniche di manipolazione particolarmente sofisticate. Tra quelle pi\u00f9 frequenti ci sono:<\/p>\n<ol>\n<li>capitolati redatti in modo da inserire specifiche caratteristiche possedute soltanto dall\u2019impresa che si intende favorire;<\/li>\n<li>formazione pilotata delle commissioni aggiudicatrici;<\/li>\n<li>offerte concordate tra le ditte che partecipano alla gara;<\/li>\n<li>cartelli di imprese basati su un accordo di desistenza, deliberatamente orientato a favorire l\u2019aggiudicazione, a rotazione, nei confronti di una di esse;<\/li>\n<li>adozione sistematica di procedure di rinnovo, o anche di procedure negoziate, creandone artatamente i presupposti come, ad esempio, l\u2019assoluta urgenza;<\/li>\n<li>varianti in corso d\u2019opera attraverso le quali si rendono remunerative offerte che, in sede di aggiudicazione, erano state aggiudicate grazie a fortissimi ribassi.<\/li>\n<\/ol>\n<p>A confermare quanto sopra descritto, c&#8217;\u00e8 ad esempio l\u2019indagine \u201cCumbertazione\u201d della DDA di Reggio Calabria che ha dimostrato come per una molteplicit\u00e0 di gare bandite da Comuni calabresi vigeva un accordo di cartello, a cui avevano aderito oltre 60 imprese, che regolava \u201cl\u2019aggiudicazione degli appalti tenendo conto degli interessi delle varie famiglie di \u2018ndrangheta in tutta la regione\u201d.<\/p>\n<p><strong>Il capitale sociale delle organizzazioni mafiose.<\/strong> La capacita\u0300 delle organizzazioni mafiose di costruire reti di relazioni con soggetti appartenenti a diverse realt\u00e0 e classi sociali si e\u0300 sempre pi\u00f9 affinata. E\u0300 una rete di relazioni destinata ad accrescersi continuamente, in quanto la interazione del mafioso con un imprenditore, un politico o un professionista genera ulteriori contatti ed alimenta cosi\u0300 il \u201ccapitale sociale\u201d della mafia. In recenti procedimenti e\u0300 emersa la sistematica affiliazione alla massoneria di alcuni associati, specificamente finalizzata ad avvicinare soggetti che ricoprono ruoli di rilievo nella societ\u00e0, pronti a scendere a patti con le famiglie criminali.<\/p>\n<p><strong>CRIMINALITA\u0300 FINANZIARIA ED EMERGENZA COVID-19<\/strong><\/p>\n<p>Dalla &#8216;ndrangheta a Cosa nostra, dalla Camorra alla mafia Garganica i clan stanno allungando i tentacoli non sono sulla compravendita di forniture e servizi sanitari, ma anche direttamente sui finanziamenti messi a disposizione dallo Stato nel cosiddetto Decreto Liquidit\u00e0 licenziato dal governo in primavera.<\/p>\n<p>Nella relazione la DNA evidenzia come le organizzazioni criminali abbiano mantenuto un apparente basso profilo nel gestire le attivit\u00e0 illecite, cercando \u201cdi proporsi come fornitori di generi di prima necessit\u00e0 nell\u2019ambito di iniziative pseudo-caritatevoli per acquisire e\/o consolidare il consenso degli strati pi\u00f9 popolari delle comunit\u00e0 cittadine\u201d.<\/p>\n<p>Ma dietro questa facciata di apparente immobilismo \u2013 avverte la nota della Direzione Nazionale Antimafia \u2013 non si sono mai fermati\u00a0 i soliti business, a cui si aggiungono nuove esplorazioni finalizzate a mettere direttamente le mani sul \u201cgettito monetario e dei cospicui contributi che l\u2019Autorit\u00e0 di Governo e l\u2019Unione Europea, hanno deciso di stanziare destinare, nell\u2019ambito di un piano pluriennale, alle imprese e a tutti i settori produttivi del Paese\u201d.<\/p>\n<p>Le mafie\u00a0 guardano lontano nello spazio e nel tempo, con una straordinaria capacit\u00e0 di ampliare gli orizzonti operativi e strategici nell&#8217;indirizzare quantita\u0300 ingenti di denaro di provenienza illecita verso nuove opportunita\u0300 derivanti dalla post-epidemia, quali quelle offerte dal settore sanitario, dalle forniture medicali, ma anche quelle offerte dai piu\u0300 tradizionali settori dell\u2019edilizia, del turismo, della grande distribuzione, del comparto scolastico, ecc.\u201d.<\/p>\n<p>Per questo \u2013 avverte la DNA \u2013 bisogna rivolgere particolare attenzione alla fase di pre-investigazione, mettendo in atto strategie in materia di contrasto patrimoniale della criminalita\u0300 organizzata, al fine di individuare quelle \u201cpedine umane che sempre piu\u0300 spesso non si identificano nel mafioso tout court ma si ritrovano in quei circoli affaristico-politici, composti sovente da pezzi della burocrazia istituzionale in grado di agevolare, anche per il tramite di processi corruttivi, la realizzazione degli interessi e degli obiettivi illeciti perseguiti dall\u2019organizzazione criminale\u201d.<\/p>\n<p style=\"text-align: right;\"><em>(a cura di <strong>Massimo Lauria<\/strong>, giornalista)<\/em><\/p>\n","protected":false},"excerpt":{"rendered":"<p>Premessa. La Direzione Nazionale Antimafia e Antiterrorismo ha elaborato la consueta Relazione annuale sulle attivit\u00e0 svolte dal Procuratore nazionale e dalla Direzione nazionale antimafia e&nbsp;<span class=\"hellipsis\">[&hellip;]<\/span><a class=\"more-link\" href=\"https:\/\/welaikaadv.site\/avviso\/home\/cosa-facciamo\/informare\/documenti-tematici\/mafie\/relazione-2020-della-direzione-nazionale-antimafia-e-antiterrorismo\/\">Leggi tutto <span class=\"screen-reader-text\">Relazione 2020 della Direzione Nazionale Antimafia e Antiterrorismo<\/span> <span class=\"meta-nav\" aria-hidden=\"true\">&rarr;<\/span><\/a><\/p>\n","protected":false},"author":1,"featured_media":0,"parent":207,"menu_order":0,"comment_status":"closed","ping_status":"closed","template":"","meta":{"_acf_changed":false,"_exactmetrics_skip_tracking":false,"_exactmetrics_sitenote_active":false,"_exactmetrics_sitenote_note":"","_exactmetrics_sitenote_category":0,"wp_social_preview_title":"","wp_social_preview_description":"","wp_social_preview_image":0,"footnotes":""},"class_list":["post-40246","page","type-page","status-publish","hentry"],"acf":[],"yoast_head":"<!-- This site is optimized with the Yoast SEO plugin v27.2 - https:\/\/yoast.com\/product\/yoast-seo-wordpress\/ -->\n<title>Relazione 2020 della Direzione Nazionale Antimafia e Antiterrorismo - Staging Avviso Pubblico<\/title>\n<meta name=\"robots\" content=\"noindex, follow, max-snippet:-1, max-image-preview:large, max-video-preview:-1\" \/>\n<meta property=\"og:locale\" content=\"it_IT\" \/>\n<meta property=\"og:type\" content=\"article\" \/>\n<meta property=\"og:title\" content=\"Relazione 2020 della Direzione Nazionale Antimafia e Antiterrorismo - Staging Avviso Pubblico\" \/>\n<meta property=\"og:description\" content=\"Premessa. La Direzione Nazionale Antimafia e Antiterrorismo ha elaborato la consueta Relazione annuale sulle attivit\u00e0 svolte dal Procuratore nazionale e dalla Direzione nazionale antimafia e&nbsp;[&hellip;]Leggi tutto Relazione 2020 della Direzione Nazionale Antimafia e Antiterrorismo &rarr;\" \/>\n<meta property=\"og:url\" content=\"https:\/\/welaikaadv.site\/avviso\/home\/cosa-facciamo\/informare\/documenti-tematici\/mafie\/relazione-2020-della-direzione-nazionale-antimafia-e-antiterrorismo\/\" \/>\n<meta property=\"og:site_name\" content=\"Staging Avviso Pubblico\" \/>\n<meta name=\"twitter:card\" content=\"summary_large_image\" \/>\n<meta name=\"twitter:label1\" content=\"Tempo di lettura stimato\" \/>\n\t<meta name=\"twitter:data1\" content=\"6 minuti\" \/>\n<script type=\"application\/ld+json\" class=\"yoast-schema-graph\">{\"@context\":\"https:\/\/schema.org\",\"@graph\":[{\"@type\":\"WebPage\",\"@id\":\"https:\/\/welaikaadv.site\/avviso\/home\/cosa-facciamo\/informare\/documenti-tematici\/mafie\/relazione-2020-della-direzione-nazionale-antimafia-e-antiterrorismo\/\",\"url\":\"https:\/\/welaikaadv.site\/avviso\/home\/cosa-facciamo\/informare\/documenti-tematici\/mafie\/relazione-2020-della-direzione-nazionale-antimafia-e-antiterrorismo\/\",\"name\":\"Relazione 2020 della Direzione Nazionale Antimafia e Antiterrorismo - Staging Avviso Pubblico\",\"isPartOf\":{\"@id\":\"https:\/\/welaikaadv.site\/avviso\/#website\"},\"datePublished\":\"2020-12-18T13:13:58+00:00\",\"breadcrumb\":{\"@id\":\"https:\/\/welaikaadv.site\/avviso\/home\/cosa-facciamo\/informare\/documenti-tematici\/mafie\/relazione-2020-della-direzione-nazionale-antimafia-e-antiterrorismo\/#breadcrumb\"},\"inLanguage\":\"it-IT\",\"potentialAction\":[{\"@type\":\"ReadAction\",\"target\":[\"https:\/\/welaikaadv.site\/avviso\/home\/cosa-facciamo\/informare\/documenti-tematici\/mafie\/relazione-2020-della-direzione-nazionale-antimafia-e-antiterrorismo\/\"]}]},{\"@type\":\"BreadcrumbList\",\"@id\":\"https:\/\/welaikaadv.site\/avviso\/home\/cosa-facciamo\/informare\/documenti-tematici\/mafie\/relazione-2020-della-direzione-nazionale-antimafia-e-antiterrorismo\/#breadcrumb\",\"itemListElement\":[{\"@type\":\"ListItem\",\"position\":1,\"name\":\"Home\",\"item\":\"https:\/\/welaikaadv.site\/avviso\/\"},{\"@type\":\"ListItem\",\"position\":2,\"name\":\"Relazione 2020 della Direzione Nazionale Antimafia e Antiterrorismo\"}]},{\"@type\":\"WebSite\",\"@id\":\"https:\/\/welaikaadv.site\/avviso\/#website\",\"url\":\"https:\/\/welaikaadv.site\/avviso\/\",\"name\":\"Staging Avviso Pubblico\",\"description\":\"\",\"publisher\":{\"@id\":\"https:\/\/welaikaadv.site\/avviso\/#organization\"},\"potentialAction\":[{\"@type\":\"SearchAction\",\"target\":{\"@type\":\"EntryPoint\",\"urlTemplate\":\"https:\/\/welaikaadv.site\/avviso\/?s={search_term_string}\"},\"query-input\":{\"@type\":\"PropertyValueSpecification\",\"valueRequired\":true,\"valueName\":\"search_term_string\"}}],\"inLanguage\":\"it-IT\"},{\"@type\":\"Organization\",\"@id\":\"https:\/\/welaikaadv.site\/avviso\/#organization\",\"name\":\"Staging Avviso Pubblico\",\"url\":\"https:\/\/welaikaadv.site\/avviso\/\",\"logo\":{\"@type\":\"ImageObject\",\"inLanguage\":\"it-IT\",\"@id\":\"https:\/\/welaikaadv.site\/avviso\/#\/schema\/logo\/image\/\",\"url\":\"https:\/\/welaikaadv.site\/avviso\/wp-content\/uploads\/2024\/08\/logoAPsito-400.png\",\"contentUrl\":\"https:\/\/welaikaadv.site\/avviso\/wp-content\/uploads\/2024\/08\/logoAPsito-400.png\",\"width\":400,\"height\":97,\"caption\":\"Staging Avviso Pubblico\"},\"image\":{\"@id\":\"https:\/\/welaikaadv.site\/avviso\/#\/schema\/logo\/image\/\"}}]}<\/script>\n<!-- \/ Yoast SEO plugin. -->","yoast_head_json":{"title":"Relazione 2020 della Direzione Nazionale Antimafia e Antiterrorismo - Staging Avviso Pubblico","robots":{"index":"noindex","follow":"follow","max-snippet":"max-snippet:-1","max-image-preview":"max-image-preview:large","max-video-preview":"max-video-preview:-1"},"og_locale":"it_IT","og_type":"article","og_title":"Relazione 2020 della Direzione Nazionale Antimafia e Antiterrorismo - Staging Avviso Pubblico","og_description":"Premessa. La Direzione Nazionale Antimafia e Antiterrorismo ha elaborato la consueta Relazione annuale sulle attivit\u00e0 svolte dal Procuratore nazionale e dalla Direzione nazionale antimafia e&nbsp;[&hellip;]Leggi tutto Relazione 2020 della Direzione Nazionale Antimafia e Antiterrorismo &rarr;","og_url":"https:\/\/welaikaadv.site\/avviso\/home\/cosa-facciamo\/informare\/documenti-tematici\/mafie\/relazione-2020-della-direzione-nazionale-antimafia-e-antiterrorismo\/","og_site_name":"Staging Avviso Pubblico","twitter_card":"summary_large_image","twitter_misc":{"Tempo di lettura stimato":"6 minuti"},"schema":{"@context":"https:\/\/schema.org","@graph":[{"@type":"WebPage","@id":"https:\/\/welaikaadv.site\/avviso\/home\/cosa-facciamo\/informare\/documenti-tematici\/mafie\/relazione-2020-della-direzione-nazionale-antimafia-e-antiterrorismo\/","url":"https:\/\/welaikaadv.site\/avviso\/home\/cosa-facciamo\/informare\/documenti-tematici\/mafie\/relazione-2020-della-direzione-nazionale-antimafia-e-antiterrorismo\/","name":"Relazione 2020 della Direzione Nazionale Antimafia e Antiterrorismo - Staging Avviso Pubblico","isPartOf":{"@id":"https:\/\/welaikaadv.site\/avviso\/#website"},"datePublished":"2020-12-18T13:13:58+00:00","breadcrumb":{"@id":"https:\/\/welaikaadv.site\/avviso\/home\/cosa-facciamo\/informare\/documenti-tematici\/mafie\/relazione-2020-della-direzione-nazionale-antimafia-e-antiterrorismo\/#breadcrumb"},"inLanguage":"it-IT","potentialAction":[{"@type":"ReadAction","target":["https:\/\/welaikaadv.site\/avviso\/home\/cosa-facciamo\/informare\/documenti-tematici\/mafie\/relazione-2020-della-direzione-nazionale-antimafia-e-antiterrorismo\/"]}]},{"@type":"BreadcrumbList","@id":"https:\/\/welaikaadv.site\/avviso\/home\/cosa-facciamo\/informare\/documenti-tematici\/mafie\/relazione-2020-della-direzione-nazionale-antimafia-e-antiterrorismo\/#breadcrumb","itemListElement":[{"@type":"ListItem","position":1,"name":"Home","item":"https:\/\/welaikaadv.site\/avviso\/"},{"@type":"ListItem","position":2,"name":"Relazione 2020 della Direzione Nazionale Antimafia e Antiterrorismo"}]},{"@type":"WebSite","@id":"https:\/\/welaikaadv.site\/avviso\/#website","url":"https:\/\/welaikaadv.site\/avviso\/","name":"Staging Avviso Pubblico","description":"","publisher":{"@id":"https:\/\/welaikaadv.site\/avviso\/#organization"},"potentialAction":[{"@type":"SearchAction","target":{"@type":"EntryPoint","urlTemplate":"https:\/\/welaikaadv.site\/avviso\/?s={search_term_string}"},"query-input":{"@type":"PropertyValueSpecification","valueRequired":true,"valueName":"search_term_string"}}],"inLanguage":"it-IT"},{"@type":"Organization","@id":"https:\/\/welaikaadv.site\/avviso\/#organization","name":"Staging Avviso Pubblico","url":"https:\/\/welaikaadv.site\/avviso\/","logo":{"@type":"ImageObject","inLanguage":"it-IT","@id":"https:\/\/welaikaadv.site\/avviso\/#\/schema\/logo\/image\/","url":"https:\/\/welaikaadv.site\/avviso\/wp-content\/uploads\/2024\/08\/logoAPsito-400.png","contentUrl":"https:\/\/welaikaadv.site\/avviso\/wp-content\/uploads\/2024\/08\/logoAPsito-400.png","width":400,"height":97,"caption":"Staging Avviso Pubblico"},"image":{"@id":"https:\/\/welaikaadv.site\/avviso\/#\/schema\/logo\/image\/"}}]}},"_links":{"self":[{"href":"https:\/\/welaikaadv.site\/avviso\/wp-json\/wp\/v2\/pages\/40246","targetHints":{"allow":["GET"]}}],"collection":[{"href":"https:\/\/welaikaadv.site\/avviso\/wp-json\/wp\/v2\/pages"}],"about":[{"href":"https:\/\/welaikaadv.site\/avviso\/wp-json\/wp\/v2\/types\/page"}],"author":[{"embeddable":true,"href":"https:\/\/welaikaadv.site\/avviso\/wp-json\/wp\/v2\/users\/1"}],"replies":[{"embeddable":true,"href":"https:\/\/welaikaadv.site\/avviso\/wp-json\/wp\/v2\/comments?post=40246"}],"version-history":[{"count":0,"href":"https:\/\/welaikaadv.site\/avviso\/wp-json\/wp\/v2\/pages\/40246\/revisions"}],"up":[{"embeddable":true,"href":"https:\/\/welaikaadv.site\/avviso\/wp-json\/wp\/v2\/pages\/207"}],"wp:attachment":[{"href":"https:\/\/welaikaadv.site\/avviso\/wp-json\/wp\/v2\/media?parent=40246"}],"curies":[{"name":"wp","href":"https:\/\/api.w.org\/{rel}","templated":true}]}}