{"id":40490,"date":"2021-01-14T09:25:58","date_gmt":"2021-01-14T08:25:58","guid":{"rendered":"https:\/\/www.avvisopubblico.it\/home\/?page_id=40490"},"modified":"2021-01-14T09:25:58","modified_gmt":"2021-01-14T08:25:58","slug":"il-tar-sardegna-si-esprime-sulle-limitazioni-orarie-e-sul-distanziometro-in-alcune-sentenze","status":"publish","type":"page","link":"https:\/\/welaikaadv.site\/avviso\/home\/cosa-facciamo\/informare\/documenti-tematici\/gioco-dazzardo\/il-tar-sardegna-si-esprime-sulle-limitazioni-orarie-e-sul-distanziometro-in-alcune-sentenze\/","title":{"rendered":"IL TAR SARDEGNA SI ESPRIME SULLE LIMITAZIONI ORARIE E SUL DISTANZIOMETRO IN ALCUNE SENTENZE"},"content":{"rendered":"<p><strong>Le normative e i casi.<\/strong> I casi che si prenderanno qui in esame sono relativi ai Comuni di Cagliari (sentenze <a href=\"https:\/\/www.giustizia-amministrativa.it\/portale\/pages\/istituzionale\/visualizza\/?nodeRef=&amp;schema=tar_ca&amp;nrg=201700509&amp;nomeFile=201800925_01.html&amp;subDir=Provvedimenti\">925<\/a>, <a href=\"https:\/\/www.giustizia-amministrativa.it\/portale\/pages\/istituzionale\/visualizza\/?nodeRef=&amp;schema=tar_ca&amp;nrg=201700586&amp;nomeFile=201800926_01.html&amp;subDir=Provvedimenti\">926<\/a> e <a href=\"https:\/\/www.giustizia-amministrativa.it\/portale\/pages\/istituzionale\/visualizza\/?nodeRef=&amp;schema=tar_ca&amp;nrg=201700867&amp;nomeFile=201800927_01.html&amp;subDir=Provvedimenti\">927<\/a> del 2018 del TAR Sardegna) e di Sestu (sentenza <a href=\"https:\/\/www.giustizia-amministrativa.it\/portale\/pages\/istituzionale\/visualizza\/?nodeRef=&amp;schema=tar_ca&amp;nrg=201800747&amp;nomeFile=201900137_01.html&amp;subDir=Provvedimenti\">137\/2019<\/a>) che hanno disciplinato, attraverso ordinanze e regolamenti (di cui si pu\u00f2 trovare <a href=\"https:\/\/welaikaadv.site\/avviso\/home\/cosa-facciamo\/informare\/documenti-tematici\/gioco-dazzardo\/il-contrasto-del-gioco-dazzardo-patologico-le-misure-adottate-in-sardegna\/\">qui<\/a> una sintesi, insieme ad altri interventi normativi e giurisprudenziali in Sardegna), le limitazioni orarie a cui le attivit\u00e0 del gioco sono sottoposte e, con riferimento al Comune di Cagliari, anche le distanze minime da alcuni luoghi sensibili.<\/p>\n<p><strong>Le limitazioni orarie: il quadro dei poteri.<\/strong> La sentenza 137\/2019 chiarisce che non vi \u00e8 alcuna interferenza tra la regolamentazione degli orari di apertura delle sale e di funzionamento degli apparecchi da gioco e le prerogative statali: l\u2019argomentazione si basa sulla sentenza <a href=\"https:\/\/www.cortecostituzionale.it\/actionSchedaPronuncia.do?anno=2014&amp;numero=220\">220\/2014<\/a> della Corte costituzionale che ha individuato nell\u2019art. 50, comma 7 del TUEL il fondamento legislativo al potere sindacale di introdurre, tramite ordinanza, le limitazioni orarie. Tale approccio \u00e8 stato ripreso anche dalla giurisprudenza del Consiglio di Stato (si citano, ad esempio, le sentenze <a href=\"https:\/\/www.giustizia-amministrativa.it\/portale\/pages\/istituzionale\/visualizza\/?nodeRef=&amp;schema=cds&amp;nrg=201202688&amp;nomeFile=201503778_11.html&amp;subDir=Provvedimenti\">3778\/2015<\/a> e <a href=\"https:\/\/www.giustizia-amministrativa.it\/portale\/pages\/istituzionale\/visualizza\/?nodeRef=&amp;schema=cds&amp;nrg=201505942&amp;nomeFile=201504861_23.html&amp;subDir=Provvedimenti\">4861\/2015<\/a>) che ha evidenziato che \u201cun simile potere non interferisce con quello degli organi statali preposti alla tutela dell&#8217;ordine e della sicurezza, atteso che la competenza di questi ha ad oggetto rilevanti aspetti di pubblica sicurezza, mentre quella del Sindaco concerne in senso lato gli interessi generali della comunit\u00e0 locale, con la conseguenza che le rispettive competenze operano su piani diversi e non \u00e8 configurabile alcuna violazione dell&#8217;art. 117, comma 2, lett. h), Cost.\u201d.<\/p>\n<p><strong>Le limitazioni orarie: l\u2019istruttoria.<\/strong> In tutte le sentenze che qui si analizzano i ricorrenti hanno lamentato la carenza di istruttoria nei provvedimenti comunali. Il TAR Sardegna respinge questa censura usando sostanzialmente gli stessi argomenti, ossia:<\/p>\n<p>1) si evidenzia come \u201cnell\u2019attuale frangente storico la ludopatia costituisca fenomeno patologico notoriamente diffuso in ampi strati della popolazione italiana, il che trova indiretta conferma nell\u2019evoluzione normativa di settore che evidenzia una costante (<em>rectius<\/em>\u00a0crescente) tensione del legislatore verso l\u2019attivit\u00e0 di contrasto del fenomeno stesso\u201d (ci\u00f2 in linea di continuit\u00e0 con la giurisprudenza maggioritaria sul punto);<\/p>\n<p>2) si ricorda che in questa direzione ci sono stati diversi interventi, sia a livello europeo (si cita la <a href=\"https:\/\/eur-lex.europa.eu\/legal-content\/IT\/TXT\/?uri=CELEX%3A32014H0478\">Raccomandazione 2014\/478\/UE<\/a> del 14 Luglio 2014) sia a livello regionale, con numerose leggi specifiche in materia di contrasto alla ludopatia (ad oggi, tutte le Regioni e Province Autonome hanno legiferato in questo senso);<\/p>\n<p>3) si d\u00e0 rilievo a vari dati istruttori contenuti nei provvedimenti comunali (tra questi, ad esempio, i dati pubblicati sul sito istituzionale del Consiglio regionale, i dati trasmessi dalla A.S.L. n. 8 in cui si evidenzia l\u2019elevato numero di pazienti in cura per disturbo da gioco d\u2019azzardo, il <a href=\"https:\/\/welaikaadv.site\/avviso\/wp-content\/uploads\/2018\/09\/Piano-Sardegna.pdf\">Piano regionale 2017<\/a> per il contrasto del Gioco d\u2019azzardo Patologico in Sardegna, i dati acquisiti dal Dipartimento di Salute Mentale della ASSL di Cagliari \u2013 Centro per il trattamento dei disturbi psichiatrici e gioco d\u2019azzardo patologico in cui si nota la crescita degli utenti che hanno ricevuto trattamenti tra il 2016 e il 2017);<\/p>\n<p>4) nel caso del Comune di Sestu, inoltre, \u00e8 interessante notare come il TAR nella sentenza 137\/2019 sottolinei il coordinamento operato dall\u2019Amministrazione comunale con le prescrizioni adottate nel limitrofo Comune di Cagliari: ci\u00f2 anche per \u201cevitare il possibile flusso di giocatori patologici da un territorio all\u2019altro\u201d.<\/p>\n<p><strong>Le limitazioni orarie: il principio di proporzionalit\u00e0.<\/strong> Riconosciuta, dunque, la correttezza dell\u2019attivit\u00e0 istruttoria effettuata dai Comuni, i giudici ribadiscono il rispetto del principio di proporzionalit\u00e0, rigettando le censure dei vari ricorrenti che ritenevano violata la libert\u00e0 d\u2019iniziativa economica. Affermano i giudici che:<\/p>\n<p>1) \u201cla libert\u00e0 di iniziativa economica trova limite, per espressa previsione di cui all\u2019art. 41 della Carta costituzionale, nel divieto di arrecare pregiudizio all&#8217;utilit\u00e0 sociale ovvero alla sicurezza, alla libert\u00e0 e alla dignit\u00e0 umane, tanto che il legislatore ha il precipuo compito di individuare i necessari contemperamenti tra le contrapposte necessit\u00e0\u201d;<\/p>\n<p>2) anche la disciplina comunitaria va nello stesso senso poich\u00e9, \u201c\u00adseppure complessivamente propensa a consentire quanto pi\u00f9 possibile lo svolgersi dell\u2019iniziativa economica in condizioni di parit\u00e0 su tutto il territorio dell\u2019Unione- non di meno consente agli stati membri di introdurre restrizioni alle libert\u00e0 di stabilimento e di libera prestazione di servizi proprio al fine di perseguire obiettivi di rilevanza generale, tra cui la protezione dei consumatori, la prevenzione delle frodi e la lotta agli effetti distorsivi del gioco d\u2019azzardo (cfr. Corte di Giustizia UE, 24 gennaio 2013, cause riunite <a href=\"http:\/\/curia.europa.eu\/juris\/liste.jsf?num=C-186\/11&amp;language=IT\">C-186\/11 e C-209\/11<\/a>, punto 23)\u201d.<\/p>\n<p><strong>Le limitazioni orarie: il potere sanzionatorio dei Comuni.<\/strong> Anche la previsione di sanzioni in caso di violazioni degli orari stabiliti viene considerata corretta da parte dei giudici. Ci\u00f2 \u00e8 emerso con riferimento alle scelte del Comune di Sestu, confermate nella sentenza 137\/2019 in quanto \u201cla previsione dell\u2019irrogazione di una misura amministrativa restrittiva (\u2026) \u00e8 coperta da apposita previsione di legge, l\u2019art. 10 del T.U.L.P.S. (secondo cui \u201c<em>Le autorizzazioni di polizia possono essere revocate o sospese in qualsiasi momento, nel caso di abuso della persona autorizzata<\/em>\u201d). Tale previsione, infatti, riferibile ad ogni abuso del titolo assentito, deve ritenersi applicabile anche a quelle autorizzazioni che, per effetto dell\u2019art. 19 del D. Lgs. n. 616 del 1977 sono state trasferite ai comuni, compresa la fattispecie della (ripetuta) violazione delle disposizioni legittimamente date dall\u2019autorit\u00e0 comunale in tema di orario di apertura e funzionamento delle sale gioco autorizzate (cfr. Consiglio di Stato, Sez. V, n. <a href=\"https:\/\/www.giustizia-amministrativa.it\/portale\/pages\/istituzionale\/visualizza\/?nodeRef=&amp;schema=cds&amp;nrg=201703783&amp;nomeFile=201801933_11.html&amp;subDir=Provvedimenti\">1933<\/a> del 28 marzo 2018)\u201d.<\/p>\n<p><strong>Le limitazioni orarie: il rapporto con l\u2019Intesa.<\/strong> Il TAR Sardegna, chiamato a pronunciarsi sull\u2019asserito contrasto tra le determinazioni dell\u2019Intesa (in cui si individua in sei ore al giorno l\u2019intervallo massimo di interruzione quotidiana del gioco) e le previsioni del Comune di Cagliari (in cui invece l\u2019attivit\u00e0 di gioco \u00e8 consentita per 8 ore al giorno), aderisce all\u2019orientamento maggioritario della giurisprudenza sul punto, affermando che \u201cdetta previsione \u00e8 (\u2026) inefficace, come lo \u00e8 l\u2019intera Intesa (\u2026) perch\u00e9 non ancora recepita nel decreto ministeriale\u201d, come invece previsto dall\u2019art. 1, comma 936, della <a href=\"https:\/\/www.gazzettaufficiale.it\/eli\/id\/2015\/12\/30\/15G00222\/sg\">legge 208\/2015<\/a>).<\/p>\n<p><strong>Il distanziometro: il quadro delle competenze.<\/strong> Nelle sentenze 925, 926 e 927 del 2018 il TAR Sardegna \u00e8 chiamato a pronunciarsi sul riparto di competenze in materia di distanziamento degli esercizi del gioco rispetto ad alcuni luoghi sensibili. La ricostruzione del quadro normativo parte dalla considerazione che la scelta del legislatore (effettuata innanzitutto con l\u2019art. 7, comma 10 del <a href=\"https:\/\/www.gazzettaufficiale.it\/eli\/id\/2012\/09\/13\/012G0180\/sg\">dl. 158\/2012<\/a>) appare chiara nell\u2019attribuire la competenza ad individuare i criteri della corretta distribuzione sul territorio dei videoterminali per il gioco \u201cal Ministero dell\u2019Economia, chiamato a recepire in apposito decreto le scelte di carattere sostanziale dettate da apposita Intesa approvata in sede di Conferenza Stato-Regioni, nel rispetto del canone di leale collaborazione che notoriamente caratterizza la disciplina di materie, come quella ora in esame, interferenti su diversi livelli territoriali di governo\u201d.<\/p>\n<p>I giudici, pur ribadendo che l\u2019Intesa \u201cnon \u00e8 stata ancora recepita nel decreto del Ministro dell\u2019Economia e, pertanto, non pu\u00f2 ancora considerarsi efficace\u201d, cercano in questo accordo alcune risposte: in particolare essi rilevano che emerge \u201cdall\u2019Intesa la scelta di coinvolgere (anche) gli enti locali nelle iniziative di contrasto della ludopatia, ma con l\u2019espressa precisazione che i criteri sull\u2019ubicazione territoriale dei videoterminali potranno -a livello locale- essere introdotti soltanto nei\u00a0<em>\u201cpiani urbanistici\u201d<\/em>\u00a0e nei\u00a0<em>\u201cregolamenti comunali\u201d<\/em>, cio\u00e8 in seno ad atti amministrativi di carattere normativo\/generale la cui approvazione \u00e8 riservata al Consiglio Comunale, mentre nessun potere \u00e8 riconosciuto al Sindaco in merito alla distribuzione territoriale dei videoterminali per il gioco d\u2019azzardo (su questi profili si veda, esattamente negli stessi termini, la sentenza di questa Sezione 3 settembre 2018, n. <a href=\"https:\/\/welaikaadv.site\/avviso\/home\/cosa-facciamo\/informare\/documenti-tematici\/gioco-dazzardo\/il-contrasto-del-gioco-dazzardo-patologico-le-misure-adottate-in-sardegna\/\">767<\/a>)\u201d. Ne discende, pertanto, l\u2019incompetenza sindacale in materia di distanze dai luoghi sensibili.<\/p>\n<p>&nbsp;<\/p>\n<p style=\"text-align: right;\">(<em>a cura di <strong>Marco De Pasquale<\/strong>, <\/em><em>Master APC Universit\u00e0 di Pisa<\/em>)<\/p>\n","protected":false},"excerpt":{"rendered":"<p>Le normative e i casi. I casi che si prenderanno qui in esame sono relativi ai Comuni di Cagliari (sentenze 925, 926 e 927 del&nbsp;<span class=\"hellipsis\">[&hellip;]<\/span><a class=\"more-link\" href=\"https:\/\/welaikaadv.site\/avviso\/home\/cosa-facciamo\/informare\/documenti-tematici\/gioco-dazzardo\/il-tar-sardegna-si-esprime-sulle-limitazioni-orarie-e-sul-distanziometro-in-alcune-sentenze\/\">Leggi tutto <span class=\"screen-reader-text\">IL TAR SARDEGNA SI ESPRIME SULLE LIMITAZIONI ORARIE E SUL DISTANZIOMETRO IN ALCUNE SENTENZE<\/span> <span class=\"meta-nav\" aria-hidden=\"true\">&rarr;<\/span><\/a><\/p>\n","protected":false},"author":1,"featured_media":0,"parent":202,"menu_order":160,"comment_status":"closed","ping_status":"closed","template":"","meta":{"_acf_changed":false,"_exactmetrics_skip_tracking":false,"_exactmetrics_sitenote_active":false,"_exactmetrics_sitenote_note":"","_exactmetrics_sitenote_category":0,"wp_social_preview_title":"","wp_social_preview_description":"","wp_social_preview_image":0,"footnotes":""},"class_list":["post-40490","page","type-page","status-publish","hentry"],"acf":[],"yoast_head":"<!-- This site is optimized with the Yoast SEO plugin v27.2 - https:\/\/yoast.com\/product\/yoast-seo-wordpress\/ -->\n<title>IL TAR SARDEGNA SI ESPRIME SULLE LIMITAZIONI ORARIE E SUL DISTANZIOMETRO IN ALCUNE SENTENZE - Staging Avviso Pubblico<\/title>\n<meta name=\"robots\" content=\"noindex, follow, max-snippet:-1, max-image-preview:large, max-video-preview:-1\" \/>\n<meta property=\"og:locale\" content=\"it_IT\" \/>\n<meta property=\"og:type\" content=\"article\" \/>\n<meta property=\"og:title\" content=\"IL TAR SARDEGNA SI ESPRIME SULLE LIMITAZIONI ORARIE E SUL DISTANZIOMETRO IN ALCUNE SENTENZE - Staging Avviso Pubblico\" \/>\n<meta property=\"og:description\" content=\"Le normative e i casi. I casi che si prenderanno qui in esame sono relativi ai Comuni di Cagliari (sentenze 925, 926 e 927 del&nbsp;[&hellip;]Leggi tutto IL TAR SARDEGNA SI ESPRIME SULLE LIMITAZIONI ORARIE E SUL DISTANZIOMETRO IN ALCUNE SENTENZE &rarr;\" \/>\n<meta property=\"og:url\" content=\"https:\/\/welaikaadv.site\/avviso\/home\/cosa-facciamo\/informare\/documenti-tematici\/gioco-dazzardo\/il-tar-sardegna-si-esprime-sulle-limitazioni-orarie-e-sul-distanziometro-in-alcune-sentenze\/\" \/>\n<meta property=\"og:site_name\" content=\"Staging Avviso Pubblico\" \/>\n<meta name=\"twitter:card\" content=\"summary_large_image\" \/>\n<meta name=\"twitter:label1\" content=\"Tempo di lettura stimato\" \/>\n\t<meta name=\"twitter:data1\" content=\"6 minuti\" \/>\n<script type=\"application\/ld+json\" class=\"yoast-schema-graph\">{\"@context\":\"https:\/\/schema.org\",\"@graph\":[{\"@type\":\"WebPage\",\"@id\":\"https:\/\/welaikaadv.site\/avviso\/home\/cosa-facciamo\/informare\/documenti-tematici\/gioco-dazzardo\/il-tar-sardegna-si-esprime-sulle-limitazioni-orarie-e-sul-distanziometro-in-alcune-sentenze\/\",\"url\":\"https:\/\/welaikaadv.site\/avviso\/home\/cosa-facciamo\/informare\/documenti-tematici\/gioco-dazzardo\/il-tar-sardegna-si-esprime-sulle-limitazioni-orarie-e-sul-distanziometro-in-alcune-sentenze\/\",\"name\":\"IL TAR SARDEGNA SI ESPRIME SULLE LIMITAZIONI ORARIE E SUL DISTANZIOMETRO IN ALCUNE SENTENZE - Staging Avviso Pubblico\",\"isPartOf\":{\"@id\":\"https:\/\/welaikaadv.site\/avviso\/#website\"},\"datePublished\":\"2021-01-14T08:25:58+00:00\",\"breadcrumb\":{\"@id\":\"https:\/\/welaikaadv.site\/avviso\/home\/cosa-facciamo\/informare\/documenti-tematici\/gioco-dazzardo\/il-tar-sardegna-si-esprime-sulle-limitazioni-orarie-e-sul-distanziometro-in-alcune-sentenze\/#breadcrumb\"},\"inLanguage\":\"it-IT\",\"potentialAction\":[{\"@type\":\"ReadAction\",\"target\":[\"https:\/\/welaikaadv.site\/avviso\/home\/cosa-facciamo\/informare\/documenti-tematici\/gioco-dazzardo\/il-tar-sardegna-si-esprime-sulle-limitazioni-orarie-e-sul-distanziometro-in-alcune-sentenze\/\"]}]},{\"@type\":\"BreadcrumbList\",\"@id\":\"https:\/\/welaikaadv.site\/avviso\/home\/cosa-facciamo\/informare\/documenti-tematici\/gioco-dazzardo\/il-tar-sardegna-si-esprime-sulle-limitazioni-orarie-e-sul-distanziometro-in-alcune-sentenze\/#breadcrumb\",\"itemListElement\":[{\"@type\":\"ListItem\",\"position\":1,\"name\":\"Home\",\"item\":\"https:\/\/welaikaadv.site\/avviso\/\"},{\"@type\":\"ListItem\",\"position\":2,\"name\":\"IL TAR SARDEGNA SI ESPRIME SULLE LIMITAZIONI ORARIE E SUL DISTANZIOMETRO IN ALCUNE SENTENZE\"}]},{\"@type\":\"WebSite\",\"@id\":\"https:\/\/welaikaadv.site\/avviso\/#website\",\"url\":\"https:\/\/welaikaadv.site\/avviso\/\",\"name\":\"Staging Avviso Pubblico\",\"description\":\"\",\"publisher\":{\"@id\":\"https:\/\/welaikaadv.site\/avviso\/#organization\"},\"potentialAction\":[{\"@type\":\"SearchAction\",\"target\":{\"@type\":\"EntryPoint\",\"urlTemplate\":\"https:\/\/welaikaadv.site\/avviso\/?s={search_term_string}\"},\"query-input\":{\"@type\":\"PropertyValueSpecification\",\"valueRequired\":true,\"valueName\":\"search_term_string\"}}],\"inLanguage\":\"it-IT\"},{\"@type\":\"Organization\",\"@id\":\"https:\/\/welaikaadv.site\/avviso\/#organization\",\"name\":\"Staging Avviso Pubblico\",\"url\":\"https:\/\/welaikaadv.site\/avviso\/\",\"logo\":{\"@type\":\"ImageObject\",\"inLanguage\":\"it-IT\",\"@id\":\"https:\/\/welaikaadv.site\/avviso\/#\/schema\/logo\/image\/\",\"url\":\"https:\/\/welaikaadv.site\/avviso\/wp-content\/uploads\/2024\/08\/logoAPsito-400.png\",\"contentUrl\":\"https:\/\/welaikaadv.site\/avviso\/wp-content\/uploads\/2024\/08\/logoAPsito-400.png\",\"width\":400,\"height\":97,\"caption\":\"Staging Avviso Pubblico\"},\"image\":{\"@id\":\"https:\/\/welaikaadv.site\/avviso\/#\/schema\/logo\/image\/\"}}]}<\/script>\n<!-- \/ Yoast SEO plugin. -->","yoast_head_json":{"title":"IL TAR SARDEGNA SI ESPRIME SULLE LIMITAZIONI ORARIE E SUL DISTANZIOMETRO IN ALCUNE SENTENZE - Staging Avviso Pubblico","robots":{"index":"noindex","follow":"follow","max-snippet":"max-snippet:-1","max-image-preview":"max-image-preview:large","max-video-preview":"max-video-preview:-1"},"og_locale":"it_IT","og_type":"article","og_title":"IL TAR SARDEGNA SI ESPRIME SULLE LIMITAZIONI ORARIE E SUL DISTANZIOMETRO IN ALCUNE SENTENZE - Staging Avviso Pubblico","og_description":"Le normative e i casi. I casi che si prenderanno qui in esame sono relativi ai Comuni di Cagliari (sentenze 925, 926 e 927 del&nbsp;[&hellip;]Leggi tutto IL TAR SARDEGNA SI ESPRIME SULLE LIMITAZIONI ORARIE E SUL DISTANZIOMETRO IN ALCUNE SENTENZE &rarr;","og_url":"https:\/\/welaikaadv.site\/avviso\/home\/cosa-facciamo\/informare\/documenti-tematici\/gioco-dazzardo\/il-tar-sardegna-si-esprime-sulle-limitazioni-orarie-e-sul-distanziometro-in-alcune-sentenze\/","og_site_name":"Staging Avviso Pubblico","twitter_card":"summary_large_image","twitter_misc":{"Tempo di lettura stimato":"6 minuti"},"schema":{"@context":"https:\/\/schema.org","@graph":[{"@type":"WebPage","@id":"https:\/\/welaikaadv.site\/avviso\/home\/cosa-facciamo\/informare\/documenti-tematici\/gioco-dazzardo\/il-tar-sardegna-si-esprime-sulle-limitazioni-orarie-e-sul-distanziometro-in-alcune-sentenze\/","url":"https:\/\/welaikaadv.site\/avviso\/home\/cosa-facciamo\/informare\/documenti-tematici\/gioco-dazzardo\/il-tar-sardegna-si-esprime-sulle-limitazioni-orarie-e-sul-distanziometro-in-alcune-sentenze\/","name":"IL TAR SARDEGNA SI ESPRIME SULLE LIMITAZIONI ORARIE E SUL DISTANZIOMETRO IN ALCUNE SENTENZE - Staging Avviso Pubblico","isPartOf":{"@id":"https:\/\/welaikaadv.site\/avviso\/#website"},"datePublished":"2021-01-14T08:25:58+00:00","breadcrumb":{"@id":"https:\/\/welaikaadv.site\/avviso\/home\/cosa-facciamo\/informare\/documenti-tematici\/gioco-dazzardo\/il-tar-sardegna-si-esprime-sulle-limitazioni-orarie-e-sul-distanziometro-in-alcune-sentenze\/#breadcrumb"},"inLanguage":"it-IT","potentialAction":[{"@type":"ReadAction","target":["https:\/\/welaikaadv.site\/avviso\/home\/cosa-facciamo\/informare\/documenti-tematici\/gioco-dazzardo\/il-tar-sardegna-si-esprime-sulle-limitazioni-orarie-e-sul-distanziometro-in-alcune-sentenze\/"]}]},{"@type":"BreadcrumbList","@id":"https:\/\/welaikaadv.site\/avviso\/home\/cosa-facciamo\/informare\/documenti-tematici\/gioco-dazzardo\/il-tar-sardegna-si-esprime-sulle-limitazioni-orarie-e-sul-distanziometro-in-alcune-sentenze\/#breadcrumb","itemListElement":[{"@type":"ListItem","position":1,"name":"Home","item":"https:\/\/welaikaadv.site\/avviso\/"},{"@type":"ListItem","position":2,"name":"IL TAR SARDEGNA SI ESPRIME SULLE LIMITAZIONI ORARIE E SUL DISTANZIOMETRO IN ALCUNE SENTENZE"}]},{"@type":"WebSite","@id":"https:\/\/welaikaadv.site\/avviso\/#website","url":"https:\/\/welaikaadv.site\/avviso\/","name":"Staging Avviso Pubblico","description":"","publisher":{"@id":"https:\/\/welaikaadv.site\/avviso\/#organization"},"potentialAction":[{"@type":"SearchAction","target":{"@type":"EntryPoint","urlTemplate":"https:\/\/welaikaadv.site\/avviso\/?s={search_term_string}"},"query-input":{"@type":"PropertyValueSpecification","valueRequired":true,"valueName":"search_term_string"}}],"inLanguage":"it-IT"},{"@type":"Organization","@id":"https:\/\/welaikaadv.site\/avviso\/#organization","name":"Staging Avviso Pubblico","url":"https:\/\/welaikaadv.site\/avviso\/","logo":{"@type":"ImageObject","inLanguage":"it-IT","@id":"https:\/\/welaikaadv.site\/avviso\/#\/schema\/logo\/image\/","url":"https:\/\/welaikaadv.site\/avviso\/wp-content\/uploads\/2024\/08\/logoAPsito-400.png","contentUrl":"https:\/\/welaikaadv.site\/avviso\/wp-content\/uploads\/2024\/08\/logoAPsito-400.png","width":400,"height":97,"caption":"Staging Avviso Pubblico"},"image":{"@id":"https:\/\/welaikaadv.site\/avviso\/#\/schema\/logo\/image\/"}}]}},"_links":{"self":[{"href":"https:\/\/welaikaadv.site\/avviso\/wp-json\/wp\/v2\/pages\/40490","targetHints":{"allow":["GET"]}}],"collection":[{"href":"https:\/\/welaikaadv.site\/avviso\/wp-json\/wp\/v2\/pages"}],"about":[{"href":"https:\/\/welaikaadv.site\/avviso\/wp-json\/wp\/v2\/types\/page"}],"author":[{"embeddable":true,"href":"https:\/\/welaikaadv.site\/avviso\/wp-json\/wp\/v2\/users\/1"}],"replies":[{"embeddable":true,"href":"https:\/\/welaikaadv.site\/avviso\/wp-json\/wp\/v2\/comments?post=40490"}],"version-history":[{"count":0,"href":"https:\/\/welaikaadv.site\/avviso\/wp-json\/wp\/v2\/pages\/40490\/revisions"}],"up":[{"embeddable":true,"href":"https:\/\/welaikaadv.site\/avviso\/wp-json\/wp\/v2\/pages\/202"}],"wp:attachment":[{"href":"https:\/\/welaikaadv.site\/avviso\/wp-json\/wp\/v2\/media?parent=40490"}],"curies":[{"name":"wp","href":"https:\/\/api.w.org\/{rel}","templated":true}]}}