{"id":40494,"date":"2021-05-18T06:33:55","date_gmt":"2021-05-18T04:33:55","guid":{"rendered":"https:\/\/www.avvisopubblico.it\/home\/?page_id=40494"},"modified":"2021-05-18T06:33:55","modified_gmt":"2021-05-18T04:33:55","slug":"il-tar-lombardia-si-esprime-sul-potere-sanzionatorio-dei-comuni-e-sul-valore-dellintesa-rispetto-al-numero-di-ore-di-sospensione-quotidiana-del-gioco","status":"publish","type":"page","link":"https:\/\/welaikaadv.site\/avviso\/home\/cosa-facciamo\/informare\/documenti-tematici\/gioco-dazzardo\/il-tar-lombardia-si-esprime-sul-potere-sanzionatorio-dei-comuni-e-sul-valore-dellintesa-rispetto-al-numero-di-ore-di-sospensione-quotidiana-del-gioco\/","title":{"rendered":"IL TAR LOMBARDIA SI ESPRIME SUL POTERE SANZIONATORIO DEI COMUNI E SUL VALORE DELL\u2019INTESA RISPETTO AL NUMERO DI ORE DI SOSPENSIONE QUOTIDIANA DEL GIOCO"},"content":{"rendered":"<p><strong>La normativa e il caso.<\/strong> Il Comune di Milano, con le ordinanze <a href=\"https:\/\/welaikaadv.site\/avviso\/wp-content\/uploads\/2016\/03\/Milano-ordinanza-n.-63-del-15.10.2014.pdf\">63\/2014<\/a> e <a href=\"https:\/\/welaikaadv.site\/avviso\/wp-content\/uploads\/2017\/02\/Milano_Ordinanza-n-65-del-23.10.2014.pdf\">65\/2014<\/a>, ha stabilito che gli apparecchi da gioco possono restare in funzione dalle 9 alle 12 e dalle 18 alle 23 e che, in caso di particolare gravit\u00e0 o recidiva delle violazioni rispetto a queste prescrizioni, pu\u00f2 essere comminata la sanzione della sospensione dell\u2019attivit\u00e0 delle sale gioco o del funzionamento degli apparecchi.<\/p>\n<p>Nel caso di specie, a fronte dell\u2019accertamento da parte della Polizia locale del funzionamento di un apparecchio in un orario non consentito, \u00e8 stata disposta la sospensione per un giorno del funzionamento di tutti gli apparecchi presenti nel locale in questione. La societ\u00e0 che gestisce l\u2019esercizio ha presentato ricorso contro questo provvedimento e le ordinanze poc\u2019anzi richiamate e il TAR per la Lombardia si \u00e8 pronunciato con la sentenza <a href=\"https:\/\/www.giustizia-amministrativa.it\/portale\/pages\/istituzionale\/visualizza\/?nodeRef=&amp;schema=tar_mi&amp;nrg=201902417&amp;nomeFile=202100008_01.html&amp;subDir=Provvedimenti\">8\/2021<\/a>.<\/p>\n<p><strong>Il potere sanzionatorio dei Comuni.<\/strong> Il cuore della controversia \u00e8 relativo al fondamento del potere sanzionatorio dei Comuni. Di fronte alle contestazioni del ricorrente, il TAR afferma che:<\/p>\n<p>1) in generale, sul piano della legittimit\u00e0 dell\u2019applicazione della sanzione sospensiva da parte del Sindaco in caso di recidiva, riprendendo dalla sentenza <a href=\"https:\/\/www.giustizia-amministrativa.it\/portale\/pages\/istituzionale\/visualizza\/?nodeRef=&amp;schema=cds&amp;nrg=201905073&amp;nomeFile=202006331_11.html&amp;subDir=Provvedimenti\">6331\/2020<\/a> del Consiglio di Stato, i giudici argomentano che \u201ccon il passaggio dall&#8217;autorit\u00e0 di pubblica sicurezza ai Comuni delle funzioni di cui al T.U.L.P.S. per opera dell&#8217;art. 19, comma 1, del d.P.R. n. 616 del 1977 (\u2026) sono transitati nella competenza dei Comuni anche i poteri sanzionatori, utilizzabili in presenza di violazione delle discipline specifiche che attengono alla tutela degli interessi pubblici diversi da quello dell&#8217;ordine e della sicurezza pubblica (\u2026). Tra le misure sanzionatorie l&#8217;art. 10 del T.U.L.P.S. prevede proprio la revoca o la sospensione dell&#8217;autorizzazione nel caso di abuso della persona autorizzata; l&#8217;abuso consisterebbe anche nella violazione delle disposizioni dirette a garantire il corretto esercizio dell&#8217;attivit\u00e0 autorizzata, nel caso di specie, proprio, l&#8217;orario di funzionamento degli apparecchi di intrattenimento e svago\u201d.<\/p>\n<p>2) nello specifico, sul piano della motivazione, secondo il TAR la sanzione sospensiva irrogata nei confronti dell\u2019esercizio \u00e8 correttamente motivata da parte del Comune, che richiama gli articoli 9 e 10 del TULPS. Pi\u00f9 espressamente, dicono i giudici che il \u201cComune di Milano motiva (\u2026) la disposta sospensione in relazione alla previsione dell\u2019art. 9 del T.U.L.P.S., in virt\u00f9 del quale: \u00abOltre le condizioni stabilite dalla legge, chiunque ottenga un&#8217;autorizzazione di polizia deve osservare le prescrizioni, che l&#8217;autorit\u00e0 di pubblica sicurezza ritenga di imporgli nel pubblico interesse\u00bb. La mancata osservanza della regolamentazione oraria stabilita dal Sindaco pu\u00f2 integrare abuso del titolo autorizzatorio; fattispecie, quest\u2019ultima, che legittima, ai sensi dell\u2019art. 10 del T.U.L.P.S., anch\u2019esso richiamato dal provvedimento impugnato, la sospensione dell\u2019esercizio: \u00abLe autorizzazioni di polizia possono essere revocate o sospese in qualsiasi momento, nel caso di abuso della persona autorizzata\u00bb\u201d.<\/p>\n<p><strong>L\u2019Intesa in sede di Conferenza Unificata.<\/strong> L\u2019altro punto centrale della sentenza \u00e8 relativo al valore che si deve attribuire all\u2019Intesa in sede di Conferenza Unificata Stato Autonomie locali del 7 Settembre 2017 in cui, tra le altre cose, viene individuato in sei ore il periodo massimo di interruzione quotidiana del gioco. Il TAR ripercorre le varie posizioni in campo, quella espressa da TAR Veneto <a href=\"https:\/\/www.giustizia-amministrativa.it\/portale\/pages\/istituzionale\/visualizza\/?nodeRef=&amp;schema=tar_ve&amp;nrg=201800311&amp;nomeFile=201800417_20.html&amp;subDir=Provvedimenti\">417\/2018<\/a> e TAR Lazio <a href=\"https:\/\/www.giustizia-amministrativa.it\/portale\/pages\/istituzionale\/visualizza\/?nodeRef=&amp;schema=tar_rm&amp;nrg=201808357&amp;nomeFile=201812322_01.html&amp;subDir=Provvedimenti\">12322\/2018<\/a>, secondo cui l\u2019Intesa deve ritenersi priva di valore cogente perch\u00e9 non recepita con decreto, e quella espressa da TAR Lazio <a href=\"https:\/\/welaikaadv.site\/avviso\/home\/cosa-facciamo\/informare\/documenti-tematici\/gioco-dazzardo\/lintesa-in-sede-di-conferenza-unificata-nellinterpretazione-del-tar-del-lazio-e-del-consiglio-di-stato\/\">1460\/2019<\/a> per cui invece l\u2019Intesa varrebbe come norma di indirizzo per gli Enti locali e come parametro per valutare la legittimit\u00e0 dei provvedimenti adottati.<\/p>\n<p>Il Collegio, richiamando Consiglio di Stato <a href=\"https:\/\/welaikaadv.site\/avviso\/home\/cosa-facciamo\/informare\/documenti-tematici\/gioco-dazzardo\/sentenze-del-tar-lazio-e-del-consiglio-di-stato-confermano-lordinanza-del-comune-di-roma-capitale-sulle-limitazioni-orarie-degli-apparecchi-da-gioco\/?hilite=%2712322%2F2018%27\">4119\/2020<\/a>, <a href=\"https:\/\/www.giustizia-amministrativa.it\/portale\/pages\/istituzionale\/visualizza\/?nodeRef=&amp;schema=cds&amp;nrg=201905466&amp;nomeFile=202004496_11.html&amp;subDir=Provvedimenti\">4496\/2020<\/a>, <a href=\"https:\/\/www.giustizia-amministrativa.it\/portale\/pages\/istituzionale\/visualizza\/?nodeRef=&amp;schema=cds&amp;nrg=201905105&amp;nomeFile=202005223_11.html&amp;subDir=Provvedimenti\">5223\/2020<\/a> e <a href=\"https:\/\/www.giustizia-amministrativa.it\/portale\/pages\/istituzionale\/visualizza\/?nodeRef=&amp;schema=cds&amp;nrg=201905073&amp;nomeFile=202006331_11.html&amp;subDir=Provvedimenti\">6331\/2020<\/a>, aderisce al primo orientamento: \u201cPer essere prevista quale atto prodromico all\u2019esercizio del potere statale di coordinamento ed indirizzo con finalit\u00e0 di coinvolgimento delle Regioni, all\u2019Intesa non pu\u00f2 riconoscersi ex se, e senza che i suoi contenuti siano recepiti nel decreto ministeriale, alcuna efficacia cogente\u201d.<\/p>\n<p>Lo stesso orientamento \u00e8 stato ribadito anche nella <a href=\"https:\/\/www.giustizia-amministrativa.it\/portale\/pages\/istituzionale\/visualizza\/?nodeRef=&amp;schema=tar_mi&amp;nrg=202000204&amp;nomeFile=202101189_01.html&amp;subDir=Provvedimenti\"><strong>sentenza 1189\/2021<\/strong> <\/a>del TAR Lombardia<\/p>\n<p><strong>La sentenza 666\/2021.<\/strong> Lo stesso orientamento \u00e8 stato confermato dal TAR Lombardia anche nella sentenza <a href=\"https:\/\/www.giustizia-amministrativa.it\/portale\/pages\/istituzionale\/visualizza\/?nodeRef=&amp;schema=tar_mi&amp;nrg=202000125&amp;nomeFile=202100666_01.html&amp;subDir=Provvedimenti\">666\/2021<\/a> in cui oggetto del giudizio erano le ordinanze del Comune di Milano, contestate dal ricorrente anche in questo caso per un\u2019asserita violazione dei contenuti dell\u2019Intesa.<\/p>\n<p>Nel respingere la censura, richiamando le argomentazioni contenute nella sentenza 8\/2021, il Collegio, inoltre, aggiunge che \u201cil Consiglio di Stato ha pi\u00f9 volte ribadito che rientra nei poteri dei Sindaci quello di fissare limitazioni orarie all\u2019utilizzo degli apparecchi da gioco, per contrastare la diffusione delle patologie legate al gioco stesso e realizzare cos\u00ec un equo contemperamento fra le esigenze imprenditoriali e quelle di tutela della salute pubblica, queste ultime aventi rilievo primario (cfr. ancora la gi\u00e0 citata sentenza del Consiglio di Stato, Sez. V, n. <a href=\"https:\/\/www.giustizia-amministrativa.it\/portale\/pages\/istituzionale\/visualizza\/?nodeRef=&amp;schema=cds&amp;nrg=202000078&amp;nomeFile=202005233_11.html&amp;subDir=Provvedimenti\">5233\/2020<\/a> e le sentenze della stessa Sezione V n. <a href=\"https:\/\/www.giustizia-amministrativa.it\/portale\/pages\/istituzionale\/visualizza\/?nodeRef=&amp;schema=cds&amp;nrg=201905501&amp;nomeFile=202004122_11.html&amp;subDir=Provvedimenti\">4122<\/a> e n. <a href=\"https:\/\/www.giustizia-amministrativa.it\/portale\/pages\/istituzionale\/visualizza\/?nodeRef=&amp;schema=cds&amp;nrg=201906425&amp;nomeFile=202004125_11.html&amp;subDir=Provvedimenti\">4125<\/a>, entrambe del 2020)\u201d.<\/p>\n<p style=\"text-align: center;\"><strong>SULLE LIMITAZIONI ORARIE NEL COMUNE DI PADERNO DUGNANO<\/strong><\/p>\n<p><strong>La normativa e il caso.<\/strong> Il Comune di Paderno Dugnano (Mi) con l\u2019ordinanza sindacale 60\/2019 ha disposto tre fasce orarie (7.30-9.30, 12-14, 19-21) di interruzione dell\u2019esercizio delle sale gioco e degli apparecchi collocati in altri esercizi. Avverso questo provvedimento, sollevando una serie di censure, hanno presentato ricorso alcuni esercenti, su cui il TAR per la Lombardia si \u00e8 pronunciato con la sentenza <a href=\"https:\/\/www.giustizia-amministrativa.it\/portale\/pages\/istituzionale\/visualizza\/?nodeRef=&amp;schema=tar_mi&amp;nrg=201901652&amp;nomeFile=202100036_01.html&amp;subDir=Provvedimenti\">36\/2021<\/a>.<\/p>\n<p><strong>L\u2019istruttoria.<\/strong> Il primo elemento che viene analizzato \u00e8 il lamentato difetto di istruttoria che, secondo gli esercenti, caratterizzerebbe l\u2019ordinanza. Il TAR \u00e8 di diverso avviso e, a dimostrazione che l\u2019istruttoria \u00e8 stata compiuta, cita una serie di iniziative che il Comune ha assunto sul versante del gioco: l\u2019approvazione del Regolamento comunale per la prevenzione e il contrasto delle patologie e delle problematiche legate al gioco d&#8217;azzardo lecito, i lavori della Commissione Comunale Legalit\u00e0, che ha svolto diverse sedute nel biennio precedente, i lavori del tavolo tecnico di lavoro costituito da Personale dell\u2019Amministrazione Comunale (Settore Socio-culturale, Polizia Locale, SUAP), l\u2019attuazione del Progetto di contrasto del Gioco d\u2019azzardo ideato in collaborazione con il Comune di Novate Milanese e finanziato dalla Regione Lombardia.<\/p>\n<p>Si tratta di argomentazioni in parte differenti rispetto alla maggioranza dei casi, in cui le valutazioni rispetto alla completezza dell\u2019istruttoria vengono generalmente ricondotte a dati quantitativi di immediata lettura (il numero di soggetti presi in carico dai Servizi per le dipendenze, il volume di giocate complessive, il numero di esercizi in cui \u00e8 possibile giocare ecc). In questa sentenza, invece, sulla base dell\u2019impegno del Comune qualificato sul tema (testimoniato dalle iniziative citate), i giudici ricavano che si debba escludere che \u201cil fenomeno della ludopatia e del collegamento tra il gioco da un lato e le sale giochi e gli apparecchi di intrattenimento e svago con vincita in denaro collocati in locali di pubblico esercizio dall\u2019altro non sia stato adeguatamente valutato, anche con riferimento alle caratteristiche del territorio comunale\u201d.<\/p>\n<p>Sempre in tema di istruttoria, inoltre, il TAR afferma che:<\/p>\n<p>1) il fenomeno della ludopatia costituisce un fatto notorio o, comunque, una nozione di fatto di comune esperienza (come si legge anche nella sentenza <a href=\"https:\/\/www.giustizia-amministrativa.it\/portale\/pages\/istituzionale\/visualizza\/?nodeRef=&amp;schema=tar_ve&amp;nrg=201601512&amp;nomeFile=201700128_01.html&amp;subDir=Provvedimenti\">128\/2017<\/a> del TAR Veneto);<\/p>\n<p>2) il numero di soggetti in cura per combattere la ludopatia risente di una notevole cifra oscura e, per questo, non si pu\u00f2 fondare una decisione solo su questi dati.<\/p>\n<p><strong>Il numero di ore di chiusura.<\/strong> L\u2019altro punto centrale della sentenza \u00e8 quello relativo al numero di ore di chiusura (fissato in sei ore al giorno, nell\u2019ordinanza impugnata). Centrale qui \u00e8 il rilievo che in altre circostanze la giurisprudenza del Consiglio di Stato ha avallato limitazioni orarie anche pi\u00f9 stringenti (tra le sentenze citate, ad esempio: <a href=\"https:\/\/www.giustizia-amministrativa.it\/portale\/pages\/istituzionale\/visualizza\/?nodeRef=&amp;schema=cds&amp;nrg=201509702&amp;nomeFile=201602519_11.html&amp;subDir=Provvedimenti\">2519\/2016<\/a>, <a href=\"https:\/\/www.giustizia-amministrativa.it\/portale\/pages\/istituzionale\/visualizza\/?nodeRef=&amp;schema=cds&amp;nrg=201505942&amp;nomeFile=201504861_23.html&amp;subDir=Provvedimenti\">4861\/2015<\/a>, <a href=\"https:\/\/www.giustizia-amministrativa.it\/portale\/pages\/istituzionale\/visualizza\/?nodeRef=&amp;schema=cds&amp;nrg=201505944&amp;nomeFile=201504794_23.html&amp;subDir=Provvedimenti\">4794\/2015<\/a>, <a href=\"https:\/\/www.giustizia-amministrativa.it\/portale\/pages\/istituzionale\/visualizza\/?nodeRef=&amp;schema=cds&amp;nrg=201306146&amp;nomeFile=201403271_11.html&amp;subDir=Provvedimenti\">3271\/2014<\/a>).<\/p>\n<p>Sul tema delle limitazioni orarie come misura efficace contro la ludopatia, il TAR (riprendendo anche qui parte della giurisprudenza del Consiglio di Stato) ritiene che:<\/p>\n<p>1) con questo tipo di provvedimento \u00e8 rispettato il principio di proporzionalit\u00e0;<\/p>\n<p>2) \u201cl&#8217;argomento secondo cui l\u2019amministrazione non abbia tenuto conto di altre forme di gioco verso le quali i soggetti affetti da ludopatia si indirizzerebbero prova troppo poich\u00e9 dimostra che comunque \u00e8 opportuno limitare gi\u00e0 una delle possibili forme di gioco (le slot machines, appunto) se altre ve ne sono a disposizione\u201d;<\/p>\n<p>3) il sacrificio per gli interessi privati \u00e8 il minore possibile, essendo ai gestori comunque consentita l\u2019apertura al pubblico anche nelle fasce orarie di interruzione del gioco, permettendo loro di realizzare una diversa organizzazione d\u2019impresa attraverso altre attivit\u00e0 (es. bar).<\/p>\n<p style=\"text-align: right;\">(<em>a cura di <strong>Marco De Pasquale<\/strong>, <\/em><em>Master APC Universit\u00e0 di Pisa<\/em>)<\/p>\n","protected":false},"excerpt":{"rendered":"<p>La normativa e il caso. Il Comune di Milano, con le ordinanze 63\/2014 e 65\/2014, ha stabilito che gli apparecchi da gioco possono restare in&nbsp;<span class=\"hellipsis\">[&hellip;]<\/span><a class=\"more-link\" href=\"https:\/\/welaikaadv.site\/avviso\/home\/cosa-facciamo\/informare\/documenti-tematici\/gioco-dazzardo\/il-tar-lombardia-si-esprime-sul-potere-sanzionatorio-dei-comuni-e-sul-valore-dellintesa-rispetto-al-numero-di-ore-di-sospensione-quotidiana-del-gioco\/\">Leggi tutto <span class=\"screen-reader-text\">IL TAR LOMBARDIA SI ESPRIME SUL POTERE SANZIONATORIO DEI COMUNI E SUL VALORE DELL\u2019INTESA RISPETTO AL NUMERO DI ORE DI SOSPENSIONE QUOTIDIANA DEL GIOCO<\/span> <span class=\"meta-nav\" aria-hidden=\"true\">&rarr;<\/span><\/a><\/p>\n","protected":false},"author":1,"featured_media":0,"parent":202,"menu_order":160,"comment_status":"closed","ping_status":"closed","template":"","meta":{"_acf_changed":false,"_exactmetrics_skip_tracking":false,"_exactmetrics_sitenote_active":false,"_exactmetrics_sitenote_note":"","_exactmetrics_sitenote_category":0,"wp_social_preview_title":"","wp_social_preview_description":"","wp_social_preview_image":0,"footnotes":""},"class_list":["post-40494","page","type-page","status-publish","hentry"],"acf":[],"yoast_head":"<!-- This site is optimized with the Yoast SEO plugin v27.2 - https:\/\/yoast.com\/product\/yoast-seo-wordpress\/ -->\n<title>IL TAR LOMBARDIA SI ESPRIME SUL POTERE SANZIONATORIO DEI COMUNI E SUL VALORE DELL\u2019INTESA RISPETTO AL NUMERO DI ORE DI SOSPENSIONE QUOTIDIANA DEL GIOCO - Staging Avviso Pubblico<\/title>\n<meta name=\"robots\" content=\"noindex, follow, max-snippet:-1, max-image-preview:large, max-video-preview:-1\" \/>\n<meta property=\"og:locale\" content=\"it_IT\" \/>\n<meta property=\"og:type\" content=\"article\" \/>\n<meta property=\"og:title\" content=\"IL TAR LOMBARDIA SI ESPRIME SUL POTERE SANZIONATORIO DEI COMUNI E SUL VALORE DELL\u2019INTESA RISPETTO AL NUMERO DI ORE DI SOSPENSIONE QUOTIDIANA DEL GIOCO - Staging Avviso Pubblico\" \/>\n<meta property=\"og:description\" content=\"La normativa e il caso. Il Comune di Milano, con le ordinanze 63\/2014 e 65\/2014, ha stabilito che gli apparecchi da gioco possono restare in&nbsp;[&hellip;]Leggi tutto IL TAR LOMBARDIA SI ESPRIME SUL POTERE SANZIONATORIO DEI COMUNI E SUL VALORE DELL\u2019INTESA RISPETTO AL NUMERO DI ORE DI SOSPENSIONE QUOTIDIANA DEL GIOCO &rarr;\" \/>\n<meta property=\"og:url\" content=\"https:\/\/welaikaadv.site\/avviso\/home\/cosa-facciamo\/informare\/documenti-tematici\/gioco-dazzardo\/il-tar-lombardia-si-esprime-sul-potere-sanzionatorio-dei-comuni-e-sul-valore-dellintesa-rispetto-al-numero-di-ore-di-sospensione-quotidiana-del-gioco\/\" \/>\n<meta property=\"og:site_name\" content=\"Staging Avviso Pubblico\" \/>\n<meta name=\"twitter:card\" content=\"summary_large_image\" \/>\n<meta name=\"twitter:label1\" content=\"Tempo di lettura stimato\" \/>\n\t<meta name=\"twitter:data1\" content=\"6 minuti\" \/>\n<script type=\"application\/ld+json\" class=\"yoast-schema-graph\">{\"@context\":\"https:\/\/schema.org\",\"@graph\":[{\"@type\":\"WebPage\",\"@id\":\"https:\/\/welaikaadv.site\/avviso\/home\/cosa-facciamo\/informare\/documenti-tematici\/gioco-dazzardo\/il-tar-lombardia-si-esprime-sul-potere-sanzionatorio-dei-comuni-e-sul-valore-dellintesa-rispetto-al-numero-di-ore-di-sospensione-quotidiana-del-gioco\/\",\"url\":\"https:\/\/welaikaadv.site\/avviso\/home\/cosa-facciamo\/informare\/documenti-tematici\/gioco-dazzardo\/il-tar-lombardia-si-esprime-sul-potere-sanzionatorio-dei-comuni-e-sul-valore-dellintesa-rispetto-al-numero-di-ore-di-sospensione-quotidiana-del-gioco\/\",\"name\":\"IL TAR LOMBARDIA SI ESPRIME SUL POTERE SANZIONATORIO DEI COMUNI E SUL VALORE DELL\u2019INTESA RISPETTO AL NUMERO DI ORE DI SOSPENSIONE QUOTIDIANA DEL GIOCO - Staging Avviso Pubblico\",\"isPartOf\":{\"@id\":\"https:\/\/welaikaadv.site\/avviso\/#website\"},\"datePublished\":\"2021-05-18T04:33:55+00:00\",\"breadcrumb\":{\"@id\":\"https:\/\/welaikaadv.site\/avviso\/home\/cosa-facciamo\/informare\/documenti-tematici\/gioco-dazzardo\/il-tar-lombardia-si-esprime-sul-potere-sanzionatorio-dei-comuni-e-sul-valore-dellintesa-rispetto-al-numero-di-ore-di-sospensione-quotidiana-del-gioco\/#breadcrumb\"},\"inLanguage\":\"it-IT\",\"potentialAction\":[{\"@type\":\"ReadAction\",\"target\":[\"https:\/\/welaikaadv.site\/avviso\/home\/cosa-facciamo\/informare\/documenti-tematici\/gioco-dazzardo\/il-tar-lombardia-si-esprime-sul-potere-sanzionatorio-dei-comuni-e-sul-valore-dellintesa-rispetto-al-numero-di-ore-di-sospensione-quotidiana-del-gioco\/\"]}]},{\"@type\":\"BreadcrumbList\",\"@id\":\"https:\/\/welaikaadv.site\/avviso\/home\/cosa-facciamo\/informare\/documenti-tematici\/gioco-dazzardo\/il-tar-lombardia-si-esprime-sul-potere-sanzionatorio-dei-comuni-e-sul-valore-dellintesa-rispetto-al-numero-di-ore-di-sospensione-quotidiana-del-gioco\/#breadcrumb\",\"itemListElement\":[{\"@type\":\"ListItem\",\"position\":1,\"name\":\"Home\",\"item\":\"https:\/\/welaikaadv.site\/avviso\/\"},{\"@type\":\"ListItem\",\"position\":2,\"name\":\"IL TAR LOMBARDIA SI ESPRIME SUL POTERE SANZIONATORIO DEI COMUNI E SUL VALORE DELL\u2019INTESA RISPETTO AL NUMERO DI ORE DI SOSPENSIONE QUOTIDIANA DEL GIOCO\"}]},{\"@type\":\"WebSite\",\"@id\":\"https:\/\/welaikaadv.site\/avviso\/#website\",\"url\":\"https:\/\/welaikaadv.site\/avviso\/\",\"name\":\"Staging Avviso Pubblico\",\"description\":\"\",\"publisher\":{\"@id\":\"https:\/\/welaikaadv.site\/avviso\/#organization\"},\"potentialAction\":[{\"@type\":\"SearchAction\",\"target\":{\"@type\":\"EntryPoint\",\"urlTemplate\":\"https:\/\/welaikaadv.site\/avviso\/?s={search_term_string}\"},\"query-input\":{\"@type\":\"PropertyValueSpecification\",\"valueRequired\":true,\"valueName\":\"search_term_string\"}}],\"inLanguage\":\"it-IT\"},{\"@type\":\"Organization\",\"@id\":\"https:\/\/welaikaadv.site\/avviso\/#organization\",\"name\":\"Staging Avviso Pubblico\",\"url\":\"https:\/\/welaikaadv.site\/avviso\/\",\"logo\":{\"@type\":\"ImageObject\",\"inLanguage\":\"it-IT\",\"@id\":\"https:\/\/welaikaadv.site\/avviso\/#\/schema\/logo\/image\/\",\"url\":\"https:\/\/welaikaadv.site\/avviso\/wp-content\/uploads\/2024\/08\/logoAPsito-400.png\",\"contentUrl\":\"https:\/\/welaikaadv.site\/avviso\/wp-content\/uploads\/2024\/08\/logoAPsito-400.png\",\"width\":400,\"height\":97,\"caption\":\"Staging Avviso Pubblico\"},\"image\":{\"@id\":\"https:\/\/welaikaadv.site\/avviso\/#\/schema\/logo\/image\/\"}}]}<\/script>\n<!-- \/ Yoast SEO plugin. -->","yoast_head_json":{"title":"IL TAR LOMBARDIA SI ESPRIME SUL POTERE SANZIONATORIO DEI COMUNI E SUL VALORE DELL\u2019INTESA RISPETTO AL NUMERO DI ORE DI SOSPENSIONE QUOTIDIANA DEL GIOCO - Staging Avviso Pubblico","robots":{"index":"noindex","follow":"follow","max-snippet":"max-snippet:-1","max-image-preview":"max-image-preview:large","max-video-preview":"max-video-preview:-1"},"og_locale":"it_IT","og_type":"article","og_title":"IL TAR LOMBARDIA SI ESPRIME SUL POTERE SANZIONATORIO DEI COMUNI E SUL VALORE DELL\u2019INTESA RISPETTO AL NUMERO DI ORE DI SOSPENSIONE QUOTIDIANA DEL GIOCO - Staging Avviso Pubblico","og_description":"La normativa e il caso. Il Comune di Milano, con le ordinanze 63\/2014 e 65\/2014, ha stabilito che gli apparecchi da gioco possono restare in&nbsp;[&hellip;]Leggi tutto IL TAR LOMBARDIA SI ESPRIME SUL POTERE SANZIONATORIO DEI COMUNI E SUL VALORE DELL\u2019INTESA RISPETTO AL NUMERO DI ORE DI SOSPENSIONE QUOTIDIANA DEL GIOCO &rarr;","og_url":"https:\/\/welaikaadv.site\/avviso\/home\/cosa-facciamo\/informare\/documenti-tematici\/gioco-dazzardo\/il-tar-lombardia-si-esprime-sul-potere-sanzionatorio-dei-comuni-e-sul-valore-dellintesa-rispetto-al-numero-di-ore-di-sospensione-quotidiana-del-gioco\/","og_site_name":"Staging Avviso Pubblico","twitter_card":"summary_large_image","twitter_misc":{"Tempo di lettura stimato":"6 minuti"},"schema":{"@context":"https:\/\/schema.org","@graph":[{"@type":"WebPage","@id":"https:\/\/welaikaadv.site\/avviso\/home\/cosa-facciamo\/informare\/documenti-tematici\/gioco-dazzardo\/il-tar-lombardia-si-esprime-sul-potere-sanzionatorio-dei-comuni-e-sul-valore-dellintesa-rispetto-al-numero-di-ore-di-sospensione-quotidiana-del-gioco\/","url":"https:\/\/welaikaadv.site\/avviso\/home\/cosa-facciamo\/informare\/documenti-tematici\/gioco-dazzardo\/il-tar-lombardia-si-esprime-sul-potere-sanzionatorio-dei-comuni-e-sul-valore-dellintesa-rispetto-al-numero-di-ore-di-sospensione-quotidiana-del-gioco\/","name":"IL TAR LOMBARDIA SI ESPRIME SUL POTERE SANZIONATORIO DEI COMUNI E SUL VALORE DELL\u2019INTESA RISPETTO AL NUMERO DI ORE DI SOSPENSIONE QUOTIDIANA DEL GIOCO - Staging Avviso Pubblico","isPartOf":{"@id":"https:\/\/welaikaadv.site\/avviso\/#website"},"datePublished":"2021-05-18T04:33:55+00:00","breadcrumb":{"@id":"https:\/\/welaikaadv.site\/avviso\/home\/cosa-facciamo\/informare\/documenti-tematici\/gioco-dazzardo\/il-tar-lombardia-si-esprime-sul-potere-sanzionatorio-dei-comuni-e-sul-valore-dellintesa-rispetto-al-numero-di-ore-di-sospensione-quotidiana-del-gioco\/#breadcrumb"},"inLanguage":"it-IT","potentialAction":[{"@type":"ReadAction","target":["https:\/\/welaikaadv.site\/avviso\/home\/cosa-facciamo\/informare\/documenti-tematici\/gioco-dazzardo\/il-tar-lombardia-si-esprime-sul-potere-sanzionatorio-dei-comuni-e-sul-valore-dellintesa-rispetto-al-numero-di-ore-di-sospensione-quotidiana-del-gioco\/"]}]},{"@type":"BreadcrumbList","@id":"https:\/\/welaikaadv.site\/avviso\/home\/cosa-facciamo\/informare\/documenti-tematici\/gioco-dazzardo\/il-tar-lombardia-si-esprime-sul-potere-sanzionatorio-dei-comuni-e-sul-valore-dellintesa-rispetto-al-numero-di-ore-di-sospensione-quotidiana-del-gioco\/#breadcrumb","itemListElement":[{"@type":"ListItem","position":1,"name":"Home","item":"https:\/\/welaikaadv.site\/avviso\/"},{"@type":"ListItem","position":2,"name":"IL TAR LOMBARDIA SI ESPRIME SUL POTERE SANZIONATORIO DEI COMUNI E SUL VALORE DELL\u2019INTESA RISPETTO AL NUMERO DI ORE DI SOSPENSIONE QUOTIDIANA DEL GIOCO"}]},{"@type":"WebSite","@id":"https:\/\/welaikaadv.site\/avviso\/#website","url":"https:\/\/welaikaadv.site\/avviso\/","name":"Staging Avviso Pubblico","description":"","publisher":{"@id":"https:\/\/welaikaadv.site\/avviso\/#organization"},"potentialAction":[{"@type":"SearchAction","target":{"@type":"EntryPoint","urlTemplate":"https:\/\/welaikaadv.site\/avviso\/?s={search_term_string}"},"query-input":{"@type":"PropertyValueSpecification","valueRequired":true,"valueName":"search_term_string"}}],"inLanguage":"it-IT"},{"@type":"Organization","@id":"https:\/\/welaikaadv.site\/avviso\/#organization","name":"Staging Avviso Pubblico","url":"https:\/\/welaikaadv.site\/avviso\/","logo":{"@type":"ImageObject","inLanguage":"it-IT","@id":"https:\/\/welaikaadv.site\/avviso\/#\/schema\/logo\/image\/","url":"https:\/\/welaikaadv.site\/avviso\/wp-content\/uploads\/2024\/08\/logoAPsito-400.png","contentUrl":"https:\/\/welaikaadv.site\/avviso\/wp-content\/uploads\/2024\/08\/logoAPsito-400.png","width":400,"height":97,"caption":"Staging Avviso Pubblico"},"image":{"@id":"https:\/\/welaikaadv.site\/avviso\/#\/schema\/logo\/image\/"}}]}},"_links":{"self":[{"href":"https:\/\/welaikaadv.site\/avviso\/wp-json\/wp\/v2\/pages\/40494","targetHints":{"allow":["GET"]}}],"collection":[{"href":"https:\/\/welaikaadv.site\/avviso\/wp-json\/wp\/v2\/pages"}],"about":[{"href":"https:\/\/welaikaadv.site\/avviso\/wp-json\/wp\/v2\/types\/page"}],"author":[{"embeddable":true,"href":"https:\/\/welaikaadv.site\/avviso\/wp-json\/wp\/v2\/users\/1"}],"replies":[{"embeddable":true,"href":"https:\/\/welaikaadv.site\/avviso\/wp-json\/wp\/v2\/comments?post=40494"}],"version-history":[{"count":0,"href":"https:\/\/welaikaadv.site\/avviso\/wp-json\/wp\/v2\/pages\/40494\/revisions"}],"up":[{"embeddable":true,"href":"https:\/\/welaikaadv.site\/avviso\/wp-json\/wp\/v2\/pages\/202"}],"wp:attachment":[{"href":"https:\/\/welaikaadv.site\/avviso\/wp-json\/wp\/v2\/media?parent=40494"}],"curies":[{"name":"wp","href":"https:\/\/api.w.org\/{rel}","templated":true}]}}