{"id":4208,"date":"2015-08-20T08:39:48","date_gmt":"2015-08-20T06:39:48","guid":{"rendered":"http:\/\/www.avvisopubblico.it\/osservatorio\/?page_id=4208"},"modified":"2015-08-20T08:39:48","modified_gmt":"2015-08-20T06:39:48","slug":"commissione-contraffazione-audizione-del-presidente-dellautorita-per-le-comunicazioni-sul-diritto-dautore","status":"publish","type":"page","link":"https:\/\/welaikaadv.site\/avviso\/home\/cosa-facciamo\/informare\/osservatorio-parlamentare\/attivita-dinchiesta\/attivita-dinchiesta-xvii\/commissione-sulla-contraffazione\/commissione-contraffazione-audizione-del-presidente-dellautorita-per-le-comunicazioni-sul-diritto-dautore\/","title":{"rendered":"Commissione contraffazione: audizione del Presidente dell\u2019Autorit\u00e0 per le comunicazioni sul diritto d\u2019autore"},"content":{"rendered":"<p>La Commissione di inchiesta sulla contraffazione ha ascoltato il <strong><a href=\"http:\/\/www.camera.it\/leg17\/1058?idLegislatura=17&amp;tipologia=audiz2&amp;sottotipologia=audizione&amp;anno=2015&amp;mese=04&amp;giorno=02&amp;idCommissione=64&amp;numero=0016&amp;file=indice_stenografico\">2 aprile 2015<\/a><\/strong> il Presidente dell\u2019Agcom sul regolamento per la tutela del diritto d&#8217;autore sulle reti di comunicazione elettronica approvato dall\u2019Autorit\u00e0 nel 2014 (delibera n.\u2002680\/2014 CONS); qui di seguito sono sintetizzati i temi trattati<strong>. <\/strong><\/p>\n<p><strong>I principi ispiratori del regolamento<\/strong>. La disciplina sul contrasto alla contraffazione sul web, frutto di una lunga istruttoria e di un confronto con tutti i soggetti interessati, si inserisce nel quadro delle iniziative volte all\u2019educazione alla legalit\u00e0 nella fruizione dei contenuti digitali e alla promozione di forme di offerta legale, sviluppando le forme di autodisciplina e controllo, con interventi dell\u2019Autorit\u00e0 svolti solo su richiesta di terzi, dando priorit\u00e0 \u00a0ai casi di violazioni massive, quando cio\u00e8 l&#8217;attivit\u00e0 di pirateria \u00e8 svolta in modo in modo professionale; il regolamento esclude espressamente qualunque forma di intervento nei confronti degli utenti che usufruiscono di contenuti digitali in modalit\u00e0 <em>downloading<\/em> o <em>streaming<\/em> e delle attivit\u00e0 di condivisione diretta dei file. Il procedimento si svolge nel rispetto dei diritti fondamentali rilevanti in materia e dei princ\u00ecpi di legalit\u00e0, ragionevolezza e proporzionalit\u00e0 nell&#8217;azione amministrativa e lascia sempre aperta la via del ricorso al giudice.<\/p>\n<p><strong>\u2003\u2002L\u2019esperienza del primo anno di attuazione<\/strong>. Il procedimento \u00e8 breve (con una durata media di 35 giorni lavorativi, ridotta a 12 giorni lavorativi per i casi di violazioni gravi o massive) ed \u00e8 completamente gratuito, attivabile con una semplice email. Nel primo anno ha interessato poco pi\u00f9 di 200 casi, quasi esclusivamente opere (audiovisive, fotografiche e e-books) diffuse via Internet, sulla base delle segnalazioni delle associazioni di settore ovvero dei singoli soggetti interessati (ad es. i fotografi). E\u2019 importante sottolineare che gran parte dei prodotti contraffatti riguarda le multinazionali della musica e della cinematografia, ma l\u2019intervento dell\u2019Agcom \u00a0si rivela molto utile anche per tuti quei prodotti realizzati da giovani, che trovano cos\u00ec una forma efficace di protezione. Significativo \u00e8 il fenomeno di rimozione spontanea dei contenuti illegali, segno di una maggiore consapevolezza dell&#8217;esistenza di forme di deterrenza, mentre \u00e8 assai contenuto in numero degli ordini di inibizione dei siti (limitato ai casi di vera e propria pirateria industriale) che per\u00f2 hanno interessato un enorme quantit\u00e0 di contenuti digitali (cartoon, serie televisive, film cinematografici, file musicali etc); si registra inoltre un significativo calo degli accessi ai siti pirata colpiti da ordini di disabilitazione, con una consistente riduzione delle inserzioni pubblicitarie \u2013 e quindi dei profitti \u2013 che rivestono un\u2019importanza essenziale per tali siti.<\/p>\n<p><strong>I limiti all\u2019intervento dell\u2019Agcom nel campo della contraffazione<\/strong>. Su sollecitazione dei parlamentari della Commissione, il Presidente dell\u2019Agcom ha ribadito l\u2019orientamento dell\u2019Autorit\u00e0 di limitare la sua azione ai reati che riguardano prodotti che viaggiano sul Web stesso, senza intervenire nei casi di vendita tramite internet di prodotti contraffatti, per il quale sembra pi\u00f9 appropriato un intervento dell\u2019Antitrust. Ha inoltre riaffermato, sulla base del quadro normativo esistente, la validit\u00e0 del procedimento basato sulla denuncia delle parti interessate, senza prevedere un monitoraggio generale autonomo da parte dell\u2019Agcom sui casi di contraffazione, peraltro assai complesso anche per la delicatezza della materia.<\/p>\n<p>(<em>20 agosto 2015<\/em>)<\/p>\n","protected":false},"excerpt":{"rendered":"<p>La Commissione di inchiesta sulla contraffazione ha ascoltato il 2 aprile 2015 il Presidente dell\u2019Agcom sul regolamento per la tutela del diritto d&#8217;autore sulle reti&nbsp;<span class=\"hellipsis\">[&hellip;]<\/span><a class=\"more-link\" href=\"https:\/\/welaikaadv.site\/avviso\/home\/cosa-facciamo\/informare\/osservatorio-parlamentare\/attivita-dinchiesta\/attivita-dinchiesta-xvii\/commissione-sulla-contraffazione\/commissione-contraffazione-audizione-del-presidente-dellautorita-per-le-comunicazioni-sul-diritto-dautore\/\">Leggi tutto <span class=\"screen-reader-text\">Commissione contraffazione: audizione del Presidente dell\u2019Autorit\u00e0 per le comunicazioni sul diritto d\u2019autore<\/span> <span class=\"meta-nav\" aria-hidden=\"true\">&rarr;<\/span><\/a><\/p>\n","protected":false},"author":1,"featured_media":0,"parent":23482,"menu_order":0,"comment_status":"closed","ping_status":"closed","template":"","meta":{"_acf_changed":false,"_exactmetrics_skip_tracking":false,"_exactmetrics_sitenote_active":false,"_exactmetrics_sitenote_note":"","_exactmetrics_sitenote_category":0,"wp_social_preview_title":"","wp_social_preview_description":"","wp_social_preview_image":0,"footnotes":""},"class_list":["post-4208","page","type-page","status-publish","hentry"],"acf":[],"yoast_head":"<!-- This site is optimized with the Yoast SEO plugin v27.2 - https:\/\/yoast.com\/product\/yoast-seo-wordpress\/ -->\n<title>Commissione contraffazione: audizione del Presidente dell\u2019Autorit\u00e0 per le comunicazioni sul diritto d\u2019autore - Staging Avviso Pubblico<\/title>\n<meta name=\"robots\" content=\"noindex, follow, max-snippet:-1, max-image-preview:large, max-video-preview:-1\" \/>\n<meta property=\"og:locale\" content=\"it_IT\" \/>\n<meta property=\"og:type\" content=\"article\" \/>\n<meta property=\"og:title\" content=\"Commissione contraffazione: audizione del Presidente dell\u2019Autorit\u00e0 per le comunicazioni sul diritto d\u2019autore - Staging Avviso Pubblico\" \/>\n<meta property=\"og:description\" content=\"La Commissione di inchiesta sulla contraffazione ha ascoltato il 2 aprile 2015 il Presidente dell\u2019Agcom sul regolamento per la tutela del diritto d&#8217;autore sulle reti&nbsp;[&hellip;]Leggi tutto Commissione contraffazione: audizione del Presidente dell\u2019Autorit\u00e0 per le comunicazioni sul diritto d\u2019autore &rarr;\" \/>\n<meta property=\"og:url\" content=\"https:\/\/welaikaadv.site\/avviso\/home\/cosa-facciamo\/informare\/osservatorio-parlamentare\/attivita-dinchiesta\/attivita-dinchiesta-xvii\/commissione-sulla-contraffazione\/commissione-contraffazione-audizione-del-presidente-dellautorita-per-le-comunicazioni-sul-diritto-dautore\/\" \/>\n<meta property=\"og:site_name\" content=\"Staging Avviso Pubblico\" \/>\n<meta name=\"twitter:card\" content=\"summary_large_image\" \/>\n<meta name=\"twitter:label1\" content=\"Tempo di lettura stimato\" \/>\n\t<meta name=\"twitter:data1\" content=\"3 minuti\" \/>\n<script type=\"application\/ld+json\" class=\"yoast-schema-graph\">{\"@context\":\"https:\/\/schema.org\",\"@graph\":[{\"@type\":\"WebPage\",\"@id\":\"https:\/\/welaikaadv.site\/avviso\/home\/cosa-facciamo\/informare\/osservatorio-parlamentare\/attivita-dinchiesta\/attivita-dinchiesta-xvii\/commissione-sulla-contraffazione\/commissione-contraffazione-audizione-del-presidente-dellautorita-per-le-comunicazioni-sul-diritto-dautore\/\",\"url\":\"https:\/\/welaikaadv.site\/avviso\/home\/cosa-facciamo\/informare\/osservatorio-parlamentare\/attivita-dinchiesta\/attivita-dinchiesta-xvii\/commissione-sulla-contraffazione\/commissione-contraffazione-audizione-del-presidente-dellautorita-per-le-comunicazioni-sul-diritto-dautore\/\",\"name\":\"Commissione contraffazione: audizione del Presidente dell\u2019Autorit\u00e0 per le comunicazioni sul diritto d\u2019autore - Staging Avviso Pubblico\",\"isPartOf\":{\"@id\":\"https:\/\/welaikaadv.site\/avviso\/#website\"},\"datePublished\":\"2015-08-20T06:39:48+00:00\",\"breadcrumb\":{\"@id\":\"https:\/\/welaikaadv.site\/avviso\/home\/cosa-facciamo\/informare\/osservatorio-parlamentare\/attivita-dinchiesta\/attivita-dinchiesta-xvii\/commissione-sulla-contraffazione\/commissione-contraffazione-audizione-del-presidente-dellautorita-per-le-comunicazioni-sul-diritto-dautore\/#breadcrumb\"},\"inLanguage\":\"it-IT\",\"potentialAction\":[{\"@type\":\"ReadAction\",\"target\":[\"https:\/\/welaikaadv.site\/avviso\/home\/cosa-facciamo\/informare\/osservatorio-parlamentare\/attivita-dinchiesta\/attivita-dinchiesta-xvii\/commissione-sulla-contraffazione\/commissione-contraffazione-audizione-del-presidente-dellautorita-per-le-comunicazioni-sul-diritto-dautore\/\"]}]},{\"@type\":\"BreadcrumbList\",\"@id\":\"https:\/\/welaikaadv.site\/avviso\/home\/cosa-facciamo\/informare\/osservatorio-parlamentare\/attivita-dinchiesta\/attivita-dinchiesta-xvii\/commissione-sulla-contraffazione\/commissione-contraffazione-audizione-del-presidente-dellautorita-per-le-comunicazioni-sul-diritto-dautore\/#breadcrumb\",\"itemListElement\":[{\"@type\":\"ListItem\",\"position\":1,\"name\":\"Home\",\"item\":\"https:\/\/welaikaadv.site\/avviso\/\"},{\"@type\":\"ListItem\",\"position\":2,\"name\":\"Attivit\u00e0 d&#8217;inchiesta nella XVII legislatura\",\"item\":\"https:\/\/welaikaadv.site\/avviso\/home\/cosa-facciamo\/informare\/osservatorio-parlamentare\/attivita-dinchiesta\/attivita-dinchiesta-xvii\/\"},{\"@type\":\"ListItem\",\"position\":3,\"name\":\"Commissione sulla contraffazione \u2013 XVII legislatura\",\"item\":\"https:\/\/welaikaadv.site\/avviso\/home\/cosa-facciamo\/informare\/osservatorio-parlamentare\/attivita-dinchiesta\/attivita-dinchiesta-xvii\/commissione-sulla-contraffazione\/\"},{\"@type\":\"ListItem\",\"position\":4,\"name\":\"Commissione contraffazione: audizione del Presidente dell\u2019Autorit\u00e0 per le comunicazioni sul diritto d\u2019autore\"}]},{\"@type\":\"WebSite\",\"@id\":\"https:\/\/welaikaadv.site\/avviso\/#website\",\"url\":\"https:\/\/welaikaadv.site\/avviso\/\",\"name\":\"Staging Avviso Pubblico\",\"description\":\"\",\"publisher\":{\"@id\":\"https:\/\/welaikaadv.site\/avviso\/#organization\"},\"potentialAction\":[{\"@type\":\"SearchAction\",\"target\":{\"@type\":\"EntryPoint\",\"urlTemplate\":\"https:\/\/welaikaadv.site\/avviso\/?s={search_term_string}\"},\"query-input\":{\"@type\":\"PropertyValueSpecification\",\"valueRequired\":true,\"valueName\":\"search_term_string\"}}],\"inLanguage\":\"it-IT\"},{\"@type\":\"Organization\",\"@id\":\"https:\/\/welaikaadv.site\/avviso\/#organization\",\"name\":\"Staging Avviso Pubblico\",\"url\":\"https:\/\/welaikaadv.site\/avviso\/\",\"logo\":{\"@type\":\"ImageObject\",\"inLanguage\":\"it-IT\",\"@id\":\"https:\/\/welaikaadv.site\/avviso\/#\/schema\/logo\/image\/\",\"url\":\"https:\/\/welaikaadv.site\/avviso\/wp-content\/uploads\/2024\/08\/logoAPsito-400.png\",\"contentUrl\":\"https:\/\/welaikaadv.site\/avviso\/wp-content\/uploads\/2024\/08\/logoAPsito-400.png\",\"width\":400,\"height\":97,\"caption\":\"Staging Avviso Pubblico\"},\"image\":{\"@id\":\"https:\/\/welaikaadv.site\/avviso\/#\/schema\/logo\/image\/\"}}]}<\/script>\n<!-- \/ Yoast SEO plugin. -->","yoast_head_json":{"title":"Commissione contraffazione: audizione del Presidente dell\u2019Autorit\u00e0 per le comunicazioni sul diritto d\u2019autore - Staging Avviso Pubblico","robots":{"index":"noindex","follow":"follow","max-snippet":"max-snippet:-1","max-image-preview":"max-image-preview:large","max-video-preview":"max-video-preview:-1"},"og_locale":"it_IT","og_type":"article","og_title":"Commissione contraffazione: audizione del Presidente dell\u2019Autorit\u00e0 per le comunicazioni sul diritto d\u2019autore - Staging Avviso Pubblico","og_description":"La Commissione di inchiesta sulla contraffazione ha ascoltato il 2 aprile 2015 il Presidente dell\u2019Agcom sul regolamento per la tutela del diritto d&#8217;autore sulle reti&nbsp;[&hellip;]Leggi tutto Commissione contraffazione: audizione del Presidente dell\u2019Autorit\u00e0 per le comunicazioni sul diritto d\u2019autore &rarr;","og_url":"https:\/\/welaikaadv.site\/avviso\/home\/cosa-facciamo\/informare\/osservatorio-parlamentare\/attivita-dinchiesta\/attivita-dinchiesta-xvii\/commissione-sulla-contraffazione\/commissione-contraffazione-audizione-del-presidente-dellautorita-per-le-comunicazioni-sul-diritto-dautore\/","og_site_name":"Staging Avviso Pubblico","twitter_card":"summary_large_image","twitter_misc":{"Tempo di lettura stimato":"3 minuti"},"schema":{"@context":"https:\/\/schema.org","@graph":[{"@type":"WebPage","@id":"https:\/\/welaikaadv.site\/avviso\/home\/cosa-facciamo\/informare\/osservatorio-parlamentare\/attivita-dinchiesta\/attivita-dinchiesta-xvii\/commissione-sulla-contraffazione\/commissione-contraffazione-audizione-del-presidente-dellautorita-per-le-comunicazioni-sul-diritto-dautore\/","url":"https:\/\/welaikaadv.site\/avviso\/home\/cosa-facciamo\/informare\/osservatorio-parlamentare\/attivita-dinchiesta\/attivita-dinchiesta-xvii\/commissione-sulla-contraffazione\/commissione-contraffazione-audizione-del-presidente-dellautorita-per-le-comunicazioni-sul-diritto-dautore\/","name":"Commissione contraffazione: audizione del Presidente dell\u2019Autorit\u00e0 per le comunicazioni sul diritto d\u2019autore - Staging Avviso Pubblico","isPartOf":{"@id":"https:\/\/welaikaadv.site\/avviso\/#website"},"datePublished":"2015-08-20T06:39:48+00:00","breadcrumb":{"@id":"https:\/\/welaikaadv.site\/avviso\/home\/cosa-facciamo\/informare\/osservatorio-parlamentare\/attivita-dinchiesta\/attivita-dinchiesta-xvii\/commissione-sulla-contraffazione\/commissione-contraffazione-audizione-del-presidente-dellautorita-per-le-comunicazioni-sul-diritto-dautore\/#breadcrumb"},"inLanguage":"it-IT","potentialAction":[{"@type":"ReadAction","target":["https:\/\/welaikaadv.site\/avviso\/home\/cosa-facciamo\/informare\/osservatorio-parlamentare\/attivita-dinchiesta\/attivita-dinchiesta-xvii\/commissione-sulla-contraffazione\/commissione-contraffazione-audizione-del-presidente-dellautorita-per-le-comunicazioni-sul-diritto-dautore\/"]}]},{"@type":"BreadcrumbList","@id":"https:\/\/welaikaadv.site\/avviso\/home\/cosa-facciamo\/informare\/osservatorio-parlamentare\/attivita-dinchiesta\/attivita-dinchiesta-xvii\/commissione-sulla-contraffazione\/commissione-contraffazione-audizione-del-presidente-dellautorita-per-le-comunicazioni-sul-diritto-dautore\/#breadcrumb","itemListElement":[{"@type":"ListItem","position":1,"name":"Home","item":"https:\/\/welaikaadv.site\/avviso\/"},{"@type":"ListItem","position":2,"name":"Attivit\u00e0 d&#8217;inchiesta nella XVII legislatura","item":"https:\/\/welaikaadv.site\/avviso\/home\/cosa-facciamo\/informare\/osservatorio-parlamentare\/attivita-dinchiesta\/attivita-dinchiesta-xvii\/"},{"@type":"ListItem","position":3,"name":"Commissione sulla contraffazione \u2013 XVII legislatura","item":"https:\/\/welaikaadv.site\/avviso\/home\/cosa-facciamo\/informare\/osservatorio-parlamentare\/attivita-dinchiesta\/attivita-dinchiesta-xvii\/commissione-sulla-contraffazione\/"},{"@type":"ListItem","position":4,"name":"Commissione contraffazione: audizione del Presidente dell\u2019Autorit\u00e0 per le comunicazioni sul diritto d\u2019autore"}]},{"@type":"WebSite","@id":"https:\/\/welaikaadv.site\/avviso\/#website","url":"https:\/\/welaikaadv.site\/avviso\/","name":"Staging Avviso Pubblico","description":"","publisher":{"@id":"https:\/\/welaikaadv.site\/avviso\/#organization"},"potentialAction":[{"@type":"SearchAction","target":{"@type":"EntryPoint","urlTemplate":"https:\/\/welaikaadv.site\/avviso\/?s={search_term_string}"},"query-input":{"@type":"PropertyValueSpecification","valueRequired":true,"valueName":"search_term_string"}}],"inLanguage":"it-IT"},{"@type":"Organization","@id":"https:\/\/welaikaadv.site\/avviso\/#organization","name":"Staging Avviso Pubblico","url":"https:\/\/welaikaadv.site\/avviso\/","logo":{"@type":"ImageObject","inLanguage":"it-IT","@id":"https:\/\/welaikaadv.site\/avviso\/#\/schema\/logo\/image\/","url":"https:\/\/welaikaadv.site\/avviso\/wp-content\/uploads\/2024\/08\/logoAPsito-400.png","contentUrl":"https:\/\/welaikaadv.site\/avviso\/wp-content\/uploads\/2024\/08\/logoAPsito-400.png","width":400,"height":97,"caption":"Staging Avviso Pubblico"},"image":{"@id":"https:\/\/welaikaadv.site\/avviso\/#\/schema\/logo\/image\/"}}]}},"_links":{"self":[{"href":"https:\/\/welaikaadv.site\/avviso\/wp-json\/wp\/v2\/pages\/4208","targetHints":{"allow":["GET"]}}],"collection":[{"href":"https:\/\/welaikaadv.site\/avviso\/wp-json\/wp\/v2\/pages"}],"about":[{"href":"https:\/\/welaikaadv.site\/avviso\/wp-json\/wp\/v2\/types\/page"}],"author":[{"embeddable":true,"href":"https:\/\/welaikaadv.site\/avviso\/wp-json\/wp\/v2\/users\/1"}],"replies":[{"embeddable":true,"href":"https:\/\/welaikaadv.site\/avviso\/wp-json\/wp\/v2\/comments?post=4208"}],"version-history":[{"count":0,"href":"https:\/\/welaikaadv.site\/avviso\/wp-json\/wp\/v2\/pages\/4208\/revisions"}],"up":[{"embeddable":true,"href":"https:\/\/welaikaadv.site\/avviso\/wp-json\/wp\/v2\/pages\/23482"}],"wp:attachment":[{"href":"https:\/\/welaikaadv.site\/avviso\/wp-json\/wp\/v2\/media?parent=4208"}],"curies":[{"name":"wp","href":"https:\/\/api.w.org\/{rel}","templated":true}]}}