{"id":42794,"date":"2021-05-19T12:21:21","date_gmt":"2021-05-19T10:21:21","guid":{"rendered":"https:\/\/www.avvisopubblico.it\/home\/?page_id=42794"},"modified":"2021-05-19T12:21:21","modified_gmt":"2021-05-19T10:21:21","slug":"il-tar-della-calabria-si-pronuncia-sul-regolamento-giochi-del-comune-di-corgliano-rossano-cs","status":"publish","type":"page","link":"https:\/\/welaikaadv.site\/avviso\/home\/cosa-facciamo\/informare\/documenti-tematici\/gioco-dazzardo\/il-tar-della-calabria-si-pronuncia-sul-regolamento-giochi-del-comune-di-corgliano-rossano-cs\/","title":{"rendered":"IL TAR DELLA CALABRIA SI PRONUNCIA SUL REGOLAMENTO GIOCHI DEL COMUNE DI CORGLIANO-ROSSANO (CS)"},"content":{"rendered":"<p><strong>L<\/strong><strong>a normativa e il caso.<\/strong> Il Comune di Corigliano-Rossano (Cs), con deliberazione del Commissario prefettizio con poteri del Consiglio comunale del 4 Aprile 2019, n. 27, ha approvato il Regolamento comunale per la prevenzione del gioco d\u2019azzardo; l\u2019articolo 6 del Regolamento, in particolare, vieta \u201cl\u2019inizio di una nuova attivit\u00e0 di raccolta scommesse, e di una nuova pratica di giochi in genere con vincita in denaro, in locali che si trovino entro il raggio di 500 (cinquecento) metri dal baricentro dei seguenti &#8220;luoghi sensibili&#8221; pubblici o privati: a) istituti scolastici, statali o paritari, di ogni ordine e grado (\u2026)\u201d.<\/p>\n<p>Il caso di specie, su cui il TAR per la Calabria si esprime nella sentenza <a href=\"https:\/\/www.giustizia-amministrativa.it\/portale\/pages\/istituzionale\/visualizza\/?nodeRef=&amp;schema=tar_cz&amp;nrg=202000490&amp;nomeFile=202101008_01.html&amp;subDir=Provvedimenti\">1008\/2021<\/a> (che qui si analizza), si apre con il ricorso di un operatore nel settore delle scommesse avverso il provvedimento con cui la Questura di Cosenza ha respinto la sua domanda di autorizzazione per l\u2019esercizio dell\u2019attivit\u00e0 di raccolta scommesse, motivando il diniego con il mancato rispetto della disciplina comunale in tema di distanze dai luoghi sensibili.<\/p>\n<p><strong>La distinzione tra sale gioco e sale scommesse.<\/strong> Il fulcro dell\u2019argomentazione dell\u2019esercente ricorrente risiede nell\u2019asserito contrasto tra il Regolamento comunale e l\u2019articolo 16 della <a href=\"https:\/\/welaikaadv.site\/avviso\/home\/cosa-facciamo\/informare\/documenti-tematici\/gioco-dazzardo\/la-legge-della-regione-calabria-di-contrasto-del-gioco-patologico\/\">legge regionale 26 Aprile 2018, n. 9<\/a>: quest\u2019ultimo, infatti, in tema di distanziometro farebbe esclusivo riferimento all\u2019installazione di apparecchi di videolottery e non prenderebbe invece in esame le sale scommesse. Per questo motivo il Regolamento comunale, nella parte in cui estende la disciplina sulle distanze anche ai centri scommesse, contrasterebbe con le prescrizioni regionali e dovrebbe, pertanto, essere considerato illegittimo.<\/p>\n<p>Il TAR respinge questo motivo di ricorso argomentando a partire dalla sentenza <a href=\"https:\/\/welaikaadv.site\/avviso\/home\/cosa-facciamo\/informare\/documenti-tematici\/gioco-dazzardo\/liguria-il-consiglio-di-stato-si-pronuncia-in-merito-alla-parificazione-tra-sale-gioco-e-sale-scommesse-nellapplicazione-del-distanziometro\/\">2579\/2021<\/a> del Consiglio di Stato, in cui si era concluso che la distinzione tra sale da gioco e agenzie per le scommesse non comporta che i limiti distanziometrici non si applichino alle seconde. E ci\u00f2 perch\u00e9, come ricorda il TAR Calabria nella sentenza che si sta analizzando, \u201cuna interpretazione che restringa la sfera di applicazione delle distanze minime dai luoghi sensibili porrebbe seri di costituzionalit\u00e0, nel doveroso inquadramento della legislazione regionale nella cornice di quella nazionale, con l&#8217;art. 32 Cost. e con il diritto alla salute\u201d, da salvaguardare rispetto al rischio della ludopatia, tanto pi\u00f9 con riferimento ai soggetti pi\u00f9 vulnerabili.<\/p>\n<p>Sul punto, si veda anche recentemente la sentenza <a href=\"https:\/\/welaikaadv.site\/avviso\/home\/cosa-facciamo\/informare\/documenti-tematici\/gioco-dazzardo\/il-tar-dellumbria-si-pronuncia-sul-regolamento-giochi-del-comune-di-perugia\/\">341\/2021<\/a> del TAR per l\u2019Umbria.<\/p>\n<p><strong>La finalit\u00e0 della legge regionale e del regolamento comunale.<\/strong> Pi\u00f9 in generale, ricorda il TAR, esiste un orientamento giurisprudenziale consolidato (tra cui si veda la sentenza <a href=\"https:\/\/welaikaadv.site\/avviso\/home\/cosa-facciamo\/informare\/documenti-tematici\/gioco-dazzardo\/il-consiglio-di-stato-afferma-la-legittimita-delle-disposizioni-di-contrasto-del-gioco-dazzardo-del-comune-di-vicenza\/\">4199\/2018<\/a> del Consiglio di Stato) che reputa \u201clegittima l\u2019adozione, da parte dei Comuni, di misure di pianificazione delle ubicazioni consentite alle sale giochi e scommesse basate su distanze minime da rispettare (prevenzione logistica delle ludopatie)\u201d. Per un approfondimento sul distanziometro si rimanda a questa <a href=\"https:\/\/welaikaadv.site\/avviso\/home\/cosa-facciamo\/informare\/documenti-tematici\/gioco-dazzardo\/giurisprudenza-e-dati-sul-giocato-pro-capite\/gioco-dazzardo-il-distanziometro-nella-giurisprudenza-dei-tar-e-del-consiglio-di-stato\/\">scheda<\/a>.<\/p>\n<p>A ci\u00f2 si aggiunge il fatto che \u00e8 la stessa legge regionale, nel caso di specie, a concedere margini di discrezionalit\u00e0 ai comuni per l\u2019introduzione di forme di regolamentazione pi\u00f9 stringente e specifica.<\/p>\n<p>Anche sotto questo profilo, dunque, il TAR nega che via sia quel contrasto tra legge regionale e regolamento comunale paventato dal ricorrente, poich\u00e9 di fondo i due provvedimenti condividono la medesima finalit\u00e0 di combattere la ludopatia e vanno, pertanto, nella stessa direzione.<\/p>\n<p style=\"text-align: right;\">(<em>a cura di <strong>Marco De Pasquale<\/strong>, <\/em><em>Master APC Universit\u00e0 di Pisa<\/em>)<\/p>\n","protected":false},"excerpt":{"rendered":"<p>La normativa e il caso. Il Comune di Corigliano-Rossano (Cs), con deliberazione del Commissario prefettizio con poteri del Consiglio comunale del 4 Aprile 2019, n.&nbsp;<span class=\"hellipsis\">[&hellip;]<\/span><a class=\"more-link\" href=\"https:\/\/welaikaadv.site\/avviso\/home\/cosa-facciamo\/informare\/documenti-tematici\/gioco-dazzardo\/il-tar-della-calabria-si-pronuncia-sul-regolamento-giochi-del-comune-di-corgliano-rossano-cs\/\">Leggi tutto <span class=\"screen-reader-text\">IL TAR DELLA CALABRIA SI PRONUNCIA SUL REGOLAMENTO GIOCHI DEL COMUNE DI CORGLIANO-ROSSANO (CS)<\/span> <span class=\"meta-nav\" aria-hidden=\"true\">&rarr;<\/span><\/a><\/p>\n","protected":false},"author":1,"featured_media":0,"parent":202,"menu_order":160,"comment_status":"closed","ping_status":"closed","template":"","meta":{"_acf_changed":false,"_exactmetrics_skip_tracking":false,"_exactmetrics_sitenote_active":false,"_exactmetrics_sitenote_note":"","_exactmetrics_sitenote_category":0,"wp_social_preview_title":"","wp_social_preview_description":"","wp_social_preview_image":0,"footnotes":""},"class_list":["post-42794","page","type-page","status-publish","hentry"],"acf":[],"yoast_head":"<!-- This site is optimized with the Yoast SEO plugin v27.2 - https:\/\/yoast.com\/product\/yoast-seo-wordpress\/ -->\n<title>IL TAR DELLA CALABRIA SI PRONUNCIA SUL REGOLAMENTO GIOCHI DEL COMUNE DI CORGLIANO-ROSSANO (CS) - Staging Avviso Pubblico<\/title>\n<meta name=\"robots\" content=\"noindex, follow, max-snippet:-1, max-image-preview:large, max-video-preview:-1\" \/>\n<meta property=\"og:locale\" content=\"it_IT\" \/>\n<meta property=\"og:type\" content=\"article\" \/>\n<meta property=\"og:title\" content=\"IL TAR DELLA CALABRIA SI PRONUNCIA SUL REGOLAMENTO GIOCHI DEL COMUNE DI CORGLIANO-ROSSANO (CS) - Staging Avviso Pubblico\" \/>\n<meta property=\"og:description\" content=\"La normativa e il caso. Il Comune di Corigliano-Rossano (Cs), con deliberazione del Commissario prefettizio con poteri del Consiglio comunale del 4 Aprile 2019, n.&nbsp;[&hellip;]Leggi tutto IL TAR DELLA CALABRIA SI PRONUNCIA SUL REGOLAMENTO GIOCHI DEL COMUNE DI CORGLIANO-ROSSANO (CS) &rarr;\" \/>\n<meta property=\"og:url\" content=\"https:\/\/welaikaadv.site\/avviso\/home\/cosa-facciamo\/informare\/documenti-tematici\/gioco-dazzardo\/il-tar-della-calabria-si-pronuncia-sul-regolamento-giochi-del-comune-di-corgliano-rossano-cs\/\" \/>\n<meta property=\"og:site_name\" content=\"Staging Avviso Pubblico\" \/>\n<meta name=\"twitter:card\" content=\"summary_large_image\" \/>\n<meta name=\"twitter:label1\" content=\"Tempo di lettura stimato\" \/>\n\t<meta name=\"twitter:data1\" content=\"3 minuti\" \/>\n<script type=\"application\/ld+json\" class=\"yoast-schema-graph\">{\"@context\":\"https:\/\/schema.org\",\"@graph\":[{\"@type\":\"WebPage\",\"@id\":\"https:\/\/welaikaadv.site\/avviso\/home\/cosa-facciamo\/informare\/documenti-tematici\/gioco-dazzardo\/il-tar-della-calabria-si-pronuncia-sul-regolamento-giochi-del-comune-di-corgliano-rossano-cs\/\",\"url\":\"https:\/\/welaikaadv.site\/avviso\/home\/cosa-facciamo\/informare\/documenti-tematici\/gioco-dazzardo\/il-tar-della-calabria-si-pronuncia-sul-regolamento-giochi-del-comune-di-corgliano-rossano-cs\/\",\"name\":\"IL TAR DELLA CALABRIA SI PRONUNCIA SUL REGOLAMENTO GIOCHI DEL COMUNE DI CORGLIANO-ROSSANO (CS) - Staging Avviso Pubblico\",\"isPartOf\":{\"@id\":\"https:\/\/welaikaadv.site\/avviso\/#website\"},\"datePublished\":\"2021-05-19T10:21:21+00:00\",\"breadcrumb\":{\"@id\":\"https:\/\/welaikaadv.site\/avviso\/home\/cosa-facciamo\/informare\/documenti-tematici\/gioco-dazzardo\/il-tar-della-calabria-si-pronuncia-sul-regolamento-giochi-del-comune-di-corgliano-rossano-cs\/#breadcrumb\"},\"inLanguage\":\"it-IT\",\"potentialAction\":[{\"@type\":\"ReadAction\",\"target\":[\"https:\/\/welaikaadv.site\/avviso\/home\/cosa-facciamo\/informare\/documenti-tematici\/gioco-dazzardo\/il-tar-della-calabria-si-pronuncia-sul-regolamento-giochi-del-comune-di-corgliano-rossano-cs\/\"]}]},{\"@type\":\"BreadcrumbList\",\"@id\":\"https:\/\/welaikaadv.site\/avviso\/home\/cosa-facciamo\/informare\/documenti-tematici\/gioco-dazzardo\/il-tar-della-calabria-si-pronuncia-sul-regolamento-giochi-del-comune-di-corgliano-rossano-cs\/#breadcrumb\",\"itemListElement\":[{\"@type\":\"ListItem\",\"position\":1,\"name\":\"Home\",\"item\":\"https:\/\/welaikaadv.site\/avviso\/\"},{\"@type\":\"ListItem\",\"position\":2,\"name\":\"IL TAR DELLA CALABRIA SI PRONUNCIA SUL REGOLAMENTO GIOCHI DEL COMUNE DI CORGLIANO-ROSSANO (CS)\"}]},{\"@type\":\"WebSite\",\"@id\":\"https:\/\/welaikaadv.site\/avviso\/#website\",\"url\":\"https:\/\/welaikaadv.site\/avviso\/\",\"name\":\"Staging Avviso Pubblico\",\"description\":\"\",\"publisher\":{\"@id\":\"https:\/\/welaikaadv.site\/avviso\/#organization\"},\"potentialAction\":[{\"@type\":\"SearchAction\",\"target\":{\"@type\":\"EntryPoint\",\"urlTemplate\":\"https:\/\/welaikaadv.site\/avviso\/?s={search_term_string}\"},\"query-input\":{\"@type\":\"PropertyValueSpecification\",\"valueRequired\":true,\"valueName\":\"search_term_string\"}}],\"inLanguage\":\"it-IT\"},{\"@type\":\"Organization\",\"@id\":\"https:\/\/welaikaadv.site\/avviso\/#organization\",\"name\":\"Staging Avviso Pubblico\",\"url\":\"https:\/\/welaikaadv.site\/avviso\/\",\"logo\":{\"@type\":\"ImageObject\",\"inLanguage\":\"it-IT\",\"@id\":\"https:\/\/welaikaadv.site\/avviso\/#\/schema\/logo\/image\/\",\"url\":\"https:\/\/welaikaadv.site\/avviso\/wp-content\/uploads\/2024\/08\/logoAPsito-400.png\",\"contentUrl\":\"https:\/\/welaikaadv.site\/avviso\/wp-content\/uploads\/2024\/08\/logoAPsito-400.png\",\"width\":400,\"height\":97,\"caption\":\"Staging Avviso Pubblico\"},\"image\":{\"@id\":\"https:\/\/welaikaadv.site\/avviso\/#\/schema\/logo\/image\/\"}}]}<\/script>\n<!-- \/ Yoast SEO plugin. -->","yoast_head_json":{"title":"IL TAR DELLA CALABRIA SI PRONUNCIA SUL REGOLAMENTO GIOCHI DEL COMUNE DI CORGLIANO-ROSSANO (CS) - Staging Avviso Pubblico","robots":{"index":"noindex","follow":"follow","max-snippet":"max-snippet:-1","max-image-preview":"max-image-preview:large","max-video-preview":"max-video-preview:-1"},"og_locale":"it_IT","og_type":"article","og_title":"IL TAR DELLA CALABRIA SI PRONUNCIA SUL REGOLAMENTO GIOCHI DEL COMUNE DI CORGLIANO-ROSSANO (CS) - Staging Avviso Pubblico","og_description":"La normativa e il caso. Il Comune di Corigliano-Rossano (Cs), con deliberazione del Commissario prefettizio con poteri del Consiglio comunale del 4 Aprile 2019, n.&nbsp;[&hellip;]Leggi tutto IL TAR DELLA CALABRIA SI PRONUNCIA SUL REGOLAMENTO GIOCHI DEL COMUNE DI CORGLIANO-ROSSANO (CS) &rarr;","og_url":"https:\/\/welaikaadv.site\/avviso\/home\/cosa-facciamo\/informare\/documenti-tematici\/gioco-dazzardo\/il-tar-della-calabria-si-pronuncia-sul-regolamento-giochi-del-comune-di-corgliano-rossano-cs\/","og_site_name":"Staging Avviso Pubblico","twitter_card":"summary_large_image","twitter_misc":{"Tempo di lettura stimato":"3 minuti"},"schema":{"@context":"https:\/\/schema.org","@graph":[{"@type":"WebPage","@id":"https:\/\/welaikaadv.site\/avviso\/home\/cosa-facciamo\/informare\/documenti-tematici\/gioco-dazzardo\/il-tar-della-calabria-si-pronuncia-sul-regolamento-giochi-del-comune-di-corgliano-rossano-cs\/","url":"https:\/\/welaikaadv.site\/avviso\/home\/cosa-facciamo\/informare\/documenti-tematici\/gioco-dazzardo\/il-tar-della-calabria-si-pronuncia-sul-regolamento-giochi-del-comune-di-corgliano-rossano-cs\/","name":"IL TAR DELLA CALABRIA SI PRONUNCIA SUL REGOLAMENTO GIOCHI DEL COMUNE DI CORGLIANO-ROSSANO (CS) - Staging Avviso Pubblico","isPartOf":{"@id":"https:\/\/welaikaadv.site\/avviso\/#website"},"datePublished":"2021-05-19T10:21:21+00:00","breadcrumb":{"@id":"https:\/\/welaikaadv.site\/avviso\/home\/cosa-facciamo\/informare\/documenti-tematici\/gioco-dazzardo\/il-tar-della-calabria-si-pronuncia-sul-regolamento-giochi-del-comune-di-corgliano-rossano-cs\/#breadcrumb"},"inLanguage":"it-IT","potentialAction":[{"@type":"ReadAction","target":["https:\/\/welaikaadv.site\/avviso\/home\/cosa-facciamo\/informare\/documenti-tematici\/gioco-dazzardo\/il-tar-della-calabria-si-pronuncia-sul-regolamento-giochi-del-comune-di-corgliano-rossano-cs\/"]}]},{"@type":"BreadcrumbList","@id":"https:\/\/welaikaadv.site\/avviso\/home\/cosa-facciamo\/informare\/documenti-tematici\/gioco-dazzardo\/il-tar-della-calabria-si-pronuncia-sul-regolamento-giochi-del-comune-di-corgliano-rossano-cs\/#breadcrumb","itemListElement":[{"@type":"ListItem","position":1,"name":"Home","item":"https:\/\/welaikaadv.site\/avviso\/"},{"@type":"ListItem","position":2,"name":"IL TAR DELLA CALABRIA SI PRONUNCIA SUL REGOLAMENTO GIOCHI DEL COMUNE DI CORGLIANO-ROSSANO (CS)"}]},{"@type":"WebSite","@id":"https:\/\/welaikaadv.site\/avviso\/#website","url":"https:\/\/welaikaadv.site\/avviso\/","name":"Staging Avviso Pubblico","description":"","publisher":{"@id":"https:\/\/welaikaadv.site\/avviso\/#organization"},"potentialAction":[{"@type":"SearchAction","target":{"@type":"EntryPoint","urlTemplate":"https:\/\/welaikaadv.site\/avviso\/?s={search_term_string}"},"query-input":{"@type":"PropertyValueSpecification","valueRequired":true,"valueName":"search_term_string"}}],"inLanguage":"it-IT"},{"@type":"Organization","@id":"https:\/\/welaikaadv.site\/avviso\/#organization","name":"Staging Avviso Pubblico","url":"https:\/\/welaikaadv.site\/avviso\/","logo":{"@type":"ImageObject","inLanguage":"it-IT","@id":"https:\/\/welaikaadv.site\/avviso\/#\/schema\/logo\/image\/","url":"https:\/\/welaikaadv.site\/avviso\/wp-content\/uploads\/2024\/08\/logoAPsito-400.png","contentUrl":"https:\/\/welaikaadv.site\/avviso\/wp-content\/uploads\/2024\/08\/logoAPsito-400.png","width":400,"height":97,"caption":"Staging Avviso Pubblico"},"image":{"@id":"https:\/\/welaikaadv.site\/avviso\/#\/schema\/logo\/image\/"}}]}},"_links":{"self":[{"href":"https:\/\/welaikaadv.site\/avviso\/wp-json\/wp\/v2\/pages\/42794","targetHints":{"allow":["GET"]}}],"collection":[{"href":"https:\/\/welaikaadv.site\/avviso\/wp-json\/wp\/v2\/pages"}],"about":[{"href":"https:\/\/welaikaadv.site\/avviso\/wp-json\/wp\/v2\/types\/page"}],"author":[{"embeddable":true,"href":"https:\/\/welaikaadv.site\/avviso\/wp-json\/wp\/v2\/users\/1"}],"replies":[{"embeddable":true,"href":"https:\/\/welaikaadv.site\/avviso\/wp-json\/wp\/v2\/comments?post=42794"}],"version-history":[{"count":0,"href":"https:\/\/welaikaadv.site\/avviso\/wp-json\/wp\/v2\/pages\/42794\/revisions"}],"up":[{"embeddable":true,"href":"https:\/\/welaikaadv.site\/avviso\/wp-json\/wp\/v2\/pages\/202"}],"wp:attachment":[{"href":"https:\/\/welaikaadv.site\/avviso\/wp-json\/wp\/v2\/media?parent=42794"}],"curies":[{"name":"wp","href":"https:\/\/api.w.org\/{rel}","templated":true}]}}