{"id":43592,"date":"2021-05-26T11:23:44","date_gmt":"2021-05-26T09:23:44","guid":{"rendered":"https:\/\/www.avvisopubblico.it\/home\/?page_id=43592"},"modified":"2021-05-26T11:23:44","modified_gmt":"2021-05-26T09:23:44","slug":"il-tar-per-lumbria-conferma-i-limiti-orari-introdotti-dal-comune-di-bastia-umbra-pg","status":"publish","type":"page","link":"https:\/\/welaikaadv.site\/avviso\/home\/cosa-facciamo\/informare\/documenti-tematici\/gioco-dazzardo\/il-tar-per-lumbria-conferma-i-limiti-orari-introdotti-dal-comune-di-bastia-umbra-pg\/","title":{"rendered":"IL TAR PER L\u2019UMBRIA CONFERMA I LIMITI ORARI INTRODOTTI DAL COMUNE DI BASTIA UMBRA (PG)"},"content":{"rendered":"<p><strong>La normativa e il caso.<\/strong> Il Sindaco del Comune di Bastia Umbra (Pg), con l\u2019<a href=\"https:\/\/www.comune.bastia.pg.it\/zf\/index.php\/atti-amministrativi\/ordinanze\/dettaglio\/atto\/G1XpJd0T6RT0-A\">ordinanza n. 110 del 31 Luglio 2017,<\/a> ha introdotto nel territorio comunale delle limitazioni orarie per quel che concerne le sale giochi, le sale scommesse e gli apparecchi da gioco del tipo newslot e VLT: nello specifico, le sale possono rimanere aperte e gli apparecchi in funzione dalle ore 10 alle ore 23.<\/p>\n<p>Avverso quest\u2019ordinanza hanno sollevato ricorso due societ\u00e0 operanti nel settore dell\u2019installazione e noleggio di apparecchi da intrattenimento e una societ\u00e0 che gestisce una sala giochi nel territorio comunale; il TAR per l\u2019Umbria si \u00e8 pronunciato con le sentenze <a href=\"https:\/\/www.giustizia-amministrativa.it\/portale\/pages\/istituzionale\/visualizza\/?nodeRef=&amp;schema=tar_pg&amp;nrg=201800132&amp;nomeFile=202100402_01.html&amp;subDir=Provvedimenti\">402\/2021<\/a> e <a href=\"https:\/\/www.giustizia-amministrativa.it\/portale\/pages\/istituzionale\/visualizza\/?nodeRef=&amp;schema=tar_pg&amp;nrg=201700393&amp;nomeFile=202100413_01.html&amp;subDir=Provvedimenti\">413\/2021<\/a> che qui si analizzano.<\/p>\n<p><strong>L\u2019istruttoria.<\/strong> La prima censura che i ricorrenti muovono avverso l\u2019ordinanza \u00e8 relativa alla carenza di istruttoria: essi sostengono, infatti, che non vi sarebbe alcun riferimento alla realt\u00e0 locale e che anche altre tipologie di gioco, diverse da quelle prese in esame nell\u2019ordinanza, sarebbero responsabili del fenomeno della dipendenza da gioco.<\/p>\n<p>Il TAR ricostruisce in altri termini la questione: \u00e8 sufficiente, secondo i giudici, il riferimento ai rapporti epidemiologici relativi agli anni 2017\/2018 utilizzati dalla U.S.L. Umbria, in cui emerge che nel territorio dell\u2019Assiano (in cui il Comune in esame \u00e8 ricompreso) il numero di soggetti affetti da gioco d&#8217;azzardo patologico \u00e8 raddoppiato dal 2015 al 2018.<\/p>\n<p>A ci\u00f2 il Collegio aggiunge, attingendo anche alla giurisprudenza sul punto, che \u201cnell\u2019attuale momento storico in cui la diffusione del fenomeno della ludopatia in ampie fasce della popolazione costituisce un fatto notorio o, comunque, una nozione di fatto di comune esperienza\u201d e che \u00e8 ragionevole pensare che una parte dei fenomeni legati alla ludopatia rimanga in ombra (\u201ccifra oscura\u201d).<\/p>\n<p>Per un approfondimento in merito alla giurisprudenza citata si veda questa <a href=\"https:\/\/welaikaadv.site\/avviso\/home\/cosa-facciamo\/informare\/documenti-tematici\/gioco-dazzardo\/giurisprudenza-e-dati-sul-giocato-pro-capite\/gioco-dazzardo-la-giurisprudenza-su-limitazione-degli-orari-e-apertura-delle-sale\/\">scheda<\/a>.<\/p>\n<p><strong>L\u2019efficacia delle misure di limitazione oraria.<\/strong> A margine delle considerazioni sull\u2019istruttoria, il TAR sottolinea che le misure introdotte dal Comune di Bastia Umbra devono considerarsi incisive e adeguate: infatti, dal 2017 (anno in cui l\u2019ordinanza \u00e8 stata emanata) al 2020 si \u00e8 registrata una \u201csignificativa riduzione della giocata pro capite effettuata nel territorio del Comune di Bastia Umbria (passata dai 2121 \u20ac dell\u2019anno 2017, ai 1646 \u20ac del 2018 e ai 1550 \u20ac del 2020), contrariamente a quanto avvenuto negli altri comuni limitrofi\u201d.<\/p>\n<p><strong>Le altre tipologie di gioco.<\/strong> Il TAR, infine, respinge anche l\u2019ulteriore motivo di censura presentato dai ricorrenti: questi sostenevano che l\u2019ordinanza fosse viziata da manifesta illogicit\u00e0 ed irragionevolezza poich\u00e9 non prescriveva misure di prevenzione e controllo anche rispetto alle altre forme di gioco (gratta e vinci, ecc) puramente aleatorie e anch\u2019esse causa di dipendenza patologica.<\/p>\n<p>Il TAR, nel rigettare questi argomenti, richiama la specificit\u00e0 della tipologia di giochi presi in esame nell\u2019ordinanza (ossia gli apparecchi newslot e VLT), i quali \u201cper la loro ubicazione, modalit\u00e0, tempistica, danno luogo &#8211; pi\u00f9 di altre &#8211; a manifestazioni di accesso al gioco irrefrenabili e compulsive, non comparabili, per contenuti ed effetti, ad altre forme di scommessa che possono anch\u2019esse dare dipendenza, ma in grado ritenuto (ragionevolmente) dal legislatore di gravit\u00e0 ed allarme sociale assai minore e, perci\u00f2, non necessitante di apposita e pi\u00f9 stringente tutela preventiva mirata\u201d.<\/p>\n<p>Anche in questo caso il TAR attinge alla giurisprudenza sviluppatasi sul punto (TRGA Trento, <a href=\"https:\/\/www.giustizia-amministrativa.it\/portale\/pages\/istituzionale\/visualizza\/?nodeRef=&amp;schema=tar_tn&amp;nrg=201200184&amp;nomeFile=201300221_01.html&amp;subDir=Provvedimenti\">221\/2013<\/a>; TAR Lombardia, <a href=\"https:\/\/www.giustizia-amministrativa.it\/portale\/pages\/istituzionale\/visualizza\/?nodeRef=&amp;schema=tar_mi&amp;nrg=201402671&amp;nomeFile=201500706_01.html&amp;subDir=Provvedimenti\">706\/2015<\/a> e <a href=\"https:\/\/www.giustizia-amministrativa.it\/portale\/pages\/istituzionale\/visualizza\/?nodeRef=&amp;schema=tar_mi&amp;nrg=201402998&amp;nomeFile=201501570_01.html&amp;subDir=Provvedimenti\">1570\/2015<\/a>; TAR Veneto <a href=\"https:\/\/www.giustizia-amministrativa.it\/portale\/pages\/istituzionale\/visualizza\/?nodeRef=&amp;schema=tar_ve&amp;nrg=201601002&amp;nomeFile=201601081_20.html&amp;subDir=Provvedimenti\">1081\/2016<\/a>). Per ulteriori approfondimenti si veda questa <a href=\"https:\/\/welaikaadv.site\/avviso\/home\/cosa-facciamo\/informare\/documenti-tematici\/gioco-dazzardo\/giurisprudenza-e-dati-sul-giocato-pro-capite\/gioco-dazzardo-la-giurisprudenza-su-limitazione-degli-orari-e-apertura-delle-sale\/\">scheda<\/a>.<\/p>\n<p style=\"text-align: right;\">(<em>a cura di <strong>Marco De Pasquale<\/strong>, <\/em><em>Master APC Universit\u00e0 di Pisa<\/em>)<\/p>\n","protected":false},"excerpt":{"rendered":"<p>La normativa e il caso. Il Sindaco del Comune di Bastia Umbra (Pg), con l\u2019ordinanza n. 110 del 31 Luglio 2017, ha introdotto nel territorio&nbsp;<span class=\"hellipsis\">[&hellip;]<\/span><a class=\"more-link\" href=\"https:\/\/welaikaadv.site\/avviso\/home\/cosa-facciamo\/informare\/documenti-tematici\/gioco-dazzardo\/il-tar-per-lumbria-conferma-i-limiti-orari-introdotti-dal-comune-di-bastia-umbra-pg\/\">Leggi tutto <span class=\"screen-reader-text\">IL TAR PER L\u2019UMBRIA CONFERMA I LIMITI ORARI INTRODOTTI DAL COMUNE DI BASTIA UMBRA (PG)<\/span> <span class=\"meta-nav\" aria-hidden=\"true\">&rarr;<\/span><\/a><\/p>\n","protected":false},"author":1,"featured_media":0,"parent":202,"menu_order":160,"comment_status":"closed","ping_status":"closed","template":"","meta":{"_acf_changed":false,"_exactmetrics_skip_tracking":false,"_exactmetrics_sitenote_active":false,"_exactmetrics_sitenote_note":"","_exactmetrics_sitenote_category":0,"wp_social_preview_title":"","wp_social_preview_description":"","wp_social_preview_image":0,"footnotes":""},"class_list":["post-43592","page","type-page","status-publish","hentry"],"acf":[],"yoast_head":"<!-- This site is optimized with the Yoast SEO plugin v27.2 - https:\/\/yoast.com\/product\/yoast-seo-wordpress\/ -->\n<title>IL TAR PER L\u2019UMBRIA CONFERMA I LIMITI ORARI INTRODOTTI DAL COMUNE DI BASTIA UMBRA (PG) - Staging Avviso Pubblico<\/title>\n<meta name=\"robots\" content=\"noindex, follow, max-snippet:-1, max-image-preview:large, max-video-preview:-1\" \/>\n<meta property=\"og:locale\" content=\"it_IT\" \/>\n<meta property=\"og:type\" content=\"article\" \/>\n<meta property=\"og:title\" content=\"IL TAR PER L\u2019UMBRIA CONFERMA I LIMITI ORARI INTRODOTTI DAL COMUNE DI BASTIA UMBRA (PG) - Staging Avviso Pubblico\" \/>\n<meta property=\"og:description\" content=\"La normativa e il caso. Il Sindaco del Comune di Bastia Umbra (Pg), con l\u2019ordinanza n. 110 del 31 Luglio 2017, ha introdotto nel territorio&nbsp;[&hellip;]Leggi tutto IL TAR PER L\u2019UMBRIA CONFERMA I LIMITI ORARI INTRODOTTI DAL COMUNE DI BASTIA UMBRA (PG) &rarr;\" \/>\n<meta property=\"og:url\" content=\"https:\/\/welaikaadv.site\/avviso\/home\/cosa-facciamo\/informare\/documenti-tematici\/gioco-dazzardo\/il-tar-per-lumbria-conferma-i-limiti-orari-introdotti-dal-comune-di-bastia-umbra-pg\/\" \/>\n<meta property=\"og:site_name\" content=\"Staging Avviso Pubblico\" \/>\n<meta name=\"twitter:card\" content=\"summary_large_image\" \/>\n<meta name=\"twitter:label1\" content=\"Tempo di lettura stimato\" \/>\n\t<meta name=\"twitter:data1\" content=\"3 minuti\" \/>\n<script type=\"application\/ld+json\" class=\"yoast-schema-graph\">{\"@context\":\"https:\/\/schema.org\",\"@graph\":[{\"@type\":\"WebPage\",\"@id\":\"https:\/\/welaikaadv.site\/avviso\/home\/cosa-facciamo\/informare\/documenti-tematici\/gioco-dazzardo\/il-tar-per-lumbria-conferma-i-limiti-orari-introdotti-dal-comune-di-bastia-umbra-pg\/\",\"url\":\"https:\/\/welaikaadv.site\/avviso\/home\/cosa-facciamo\/informare\/documenti-tematici\/gioco-dazzardo\/il-tar-per-lumbria-conferma-i-limiti-orari-introdotti-dal-comune-di-bastia-umbra-pg\/\",\"name\":\"IL TAR PER L\u2019UMBRIA CONFERMA I LIMITI ORARI INTRODOTTI DAL COMUNE DI BASTIA UMBRA (PG) - Staging Avviso Pubblico\",\"isPartOf\":{\"@id\":\"https:\/\/welaikaadv.site\/avviso\/#website\"},\"datePublished\":\"2021-05-26T09:23:44+00:00\",\"breadcrumb\":{\"@id\":\"https:\/\/welaikaadv.site\/avviso\/home\/cosa-facciamo\/informare\/documenti-tematici\/gioco-dazzardo\/il-tar-per-lumbria-conferma-i-limiti-orari-introdotti-dal-comune-di-bastia-umbra-pg\/#breadcrumb\"},\"inLanguage\":\"it-IT\",\"potentialAction\":[{\"@type\":\"ReadAction\",\"target\":[\"https:\/\/welaikaadv.site\/avviso\/home\/cosa-facciamo\/informare\/documenti-tematici\/gioco-dazzardo\/il-tar-per-lumbria-conferma-i-limiti-orari-introdotti-dal-comune-di-bastia-umbra-pg\/\"]}]},{\"@type\":\"BreadcrumbList\",\"@id\":\"https:\/\/welaikaadv.site\/avviso\/home\/cosa-facciamo\/informare\/documenti-tematici\/gioco-dazzardo\/il-tar-per-lumbria-conferma-i-limiti-orari-introdotti-dal-comune-di-bastia-umbra-pg\/#breadcrumb\",\"itemListElement\":[{\"@type\":\"ListItem\",\"position\":1,\"name\":\"Home\",\"item\":\"https:\/\/welaikaadv.site\/avviso\/\"},{\"@type\":\"ListItem\",\"position\":2,\"name\":\"IL TAR PER L\u2019UMBRIA CONFERMA I LIMITI ORARI INTRODOTTI DAL COMUNE DI BASTIA UMBRA (PG)\"}]},{\"@type\":\"WebSite\",\"@id\":\"https:\/\/welaikaadv.site\/avviso\/#website\",\"url\":\"https:\/\/welaikaadv.site\/avviso\/\",\"name\":\"Staging Avviso Pubblico\",\"description\":\"\",\"publisher\":{\"@id\":\"https:\/\/welaikaadv.site\/avviso\/#organization\"},\"potentialAction\":[{\"@type\":\"SearchAction\",\"target\":{\"@type\":\"EntryPoint\",\"urlTemplate\":\"https:\/\/welaikaadv.site\/avviso\/?s={search_term_string}\"},\"query-input\":{\"@type\":\"PropertyValueSpecification\",\"valueRequired\":true,\"valueName\":\"search_term_string\"}}],\"inLanguage\":\"it-IT\"},{\"@type\":\"Organization\",\"@id\":\"https:\/\/welaikaadv.site\/avviso\/#organization\",\"name\":\"Staging Avviso Pubblico\",\"url\":\"https:\/\/welaikaadv.site\/avviso\/\",\"logo\":{\"@type\":\"ImageObject\",\"inLanguage\":\"it-IT\",\"@id\":\"https:\/\/welaikaadv.site\/avviso\/#\/schema\/logo\/image\/\",\"url\":\"https:\/\/welaikaadv.site\/avviso\/wp-content\/uploads\/2024\/08\/logoAPsito-400.png\",\"contentUrl\":\"https:\/\/welaikaadv.site\/avviso\/wp-content\/uploads\/2024\/08\/logoAPsito-400.png\",\"width\":400,\"height\":97,\"caption\":\"Staging Avviso Pubblico\"},\"image\":{\"@id\":\"https:\/\/welaikaadv.site\/avviso\/#\/schema\/logo\/image\/\"}}]}<\/script>\n<!-- \/ Yoast SEO plugin. -->","yoast_head_json":{"title":"IL TAR PER L\u2019UMBRIA CONFERMA I LIMITI ORARI INTRODOTTI DAL COMUNE DI BASTIA UMBRA (PG) - Staging Avviso Pubblico","robots":{"index":"noindex","follow":"follow","max-snippet":"max-snippet:-1","max-image-preview":"max-image-preview:large","max-video-preview":"max-video-preview:-1"},"og_locale":"it_IT","og_type":"article","og_title":"IL TAR PER L\u2019UMBRIA CONFERMA I LIMITI ORARI INTRODOTTI DAL COMUNE DI BASTIA UMBRA (PG) - Staging Avviso Pubblico","og_description":"La normativa e il caso. Il Sindaco del Comune di Bastia Umbra (Pg), con l\u2019ordinanza n. 110 del 31 Luglio 2017, ha introdotto nel territorio&nbsp;[&hellip;]Leggi tutto IL TAR PER L\u2019UMBRIA CONFERMA I LIMITI ORARI INTRODOTTI DAL COMUNE DI BASTIA UMBRA (PG) &rarr;","og_url":"https:\/\/welaikaadv.site\/avviso\/home\/cosa-facciamo\/informare\/documenti-tematici\/gioco-dazzardo\/il-tar-per-lumbria-conferma-i-limiti-orari-introdotti-dal-comune-di-bastia-umbra-pg\/","og_site_name":"Staging Avviso Pubblico","twitter_card":"summary_large_image","twitter_misc":{"Tempo di lettura stimato":"3 minuti"},"schema":{"@context":"https:\/\/schema.org","@graph":[{"@type":"WebPage","@id":"https:\/\/welaikaadv.site\/avviso\/home\/cosa-facciamo\/informare\/documenti-tematici\/gioco-dazzardo\/il-tar-per-lumbria-conferma-i-limiti-orari-introdotti-dal-comune-di-bastia-umbra-pg\/","url":"https:\/\/welaikaadv.site\/avviso\/home\/cosa-facciamo\/informare\/documenti-tematici\/gioco-dazzardo\/il-tar-per-lumbria-conferma-i-limiti-orari-introdotti-dal-comune-di-bastia-umbra-pg\/","name":"IL TAR PER L\u2019UMBRIA CONFERMA I LIMITI ORARI INTRODOTTI DAL COMUNE DI BASTIA UMBRA (PG) - Staging Avviso Pubblico","isPartOf":{"@id":"https:\/\/welaikaadv.site\/avviso\/#website"},"datePublished":"2021-05-26T09:23:44+00:00","breadcrumb":{"@id":"https:\/\/welaikaadv.site\/avviso\/home\/cosa-facciamo\/informare\/documenti-tematici\/gioco-dazzardo\/il-tar-per-lumbria-conferma-i-limiti-orari-introdotti-dal-comune-di-bastia-umbra-pg\/#breadcrumb"},"inLanguage":"it-IT","potentialAction":[{"@type":"ReadAction","target":["https:\/\/welaikaadv.site\/avviso\/home\/cosa-facciamo\/informare\/documenti-tematici\/gioco-dazzardo\/il-tar-per-lumbria-conferma-i-limiti-orari-introdotti-dal-comune-di-bastia-umbra-pg\/"]}]},{"@type":"BreadcrumbList","@id":"https:\/\/welaikaadv.site\/avviso\/home\/cosa-facciamo\/informare\/documenti-tematici\/gioco-dazzardo\/il-tar-per-lumbria-conferma-i-limiti-orari-introdotti-dal-comune-di-bastia-umbra-pg\/#breadcrumb","itemListElement":[{"@type":"ListItem","position":1,"name":"Home","item":"https:\/\/welaikaadv.site\/avviso\/"},{"@type":"ListItem","position":2,"name":"IL TAR PER L\u2019UMBRIA CONFERMA I LIMITI ORARI INTRODOTTI DAL COMUNE DI BASTIA UMBRA (PG)"}]},{"@type":"WebSite","@id":"https:\/\/welaikaadv.site\/avviso\/#website","url":"https:\/\/welaikaadv.site\/avviso\/","name":"Staging Avviso Pubblico","description":"","publisher":{"@id":"https:\/\/welaikaadv.site\/avviso\/#organization"},"potentialAction":[{"@type":"SearchAction","target":{"@type":"EntryPoint","urlTemplate":"https:\/\/welaikaadv.site\/avviso\/?s={search_term_string}"},"query-input":{"@type":"PropertyValueSpecification","valueRequired":true,"valueName":"search_term_string"}}],"inLanguage":"it-IT"},{"@type":"Organization","@id":"https:\/\/welaikaadv.site\/avviso\/#organization","name":"Staging Avviso Pubblico","url":"https:\/\/welaikaadv.site\/avviso\/","logo":{"@type":"ImageObject","inLanguage":"it-IT","@id":"https:\/\/welaikaadv.site\/avviso\/#\/schema\/logo\/image\/","url":"https:\/\/welaikaadv.site\/avviso\/wp-content\/uploads\/2024\/08\/logoAPsito-400.png","contentUrl":"https:\/\/welaikaadv.site\/avviso\/wp-content\/uploads\/2024\/08\/logoAPsito-400.png","width":400,"height":97,"caption":"Staging Avviso Pubblico"},"image":{"@id":"https:\/\/welaikaadv.site\/avviso\/#\/schema\/logo\/image\/"}}]}},"_links":{"self":[{"href":"https:\/\/welaikaadv.site\/avviso\/wp-json\/wp\/v2\/pages\/43592","targetHints":{"allow":["GET"]}}],"collection":[{"href":"https:\/\/welaikaadv.site\/avviso\/wp-json\/wp\/v2\/pages"}],"about":[{"href":"https:\/\/welaikaadv.site\/avviso\/wp-json\/wp\/v2\/types\/page"}],"author":[{"embeddable":true,"href":"https:\/\/welaikaadv.site\/avviso\/wp-json\/wp\/v2\/users\/1"}],"replies":[{"embeddable":true,"href":"https:\/\/welaikaadv.site\/avviso\/wp-json\/wp\/v2\/comments?post=43592"}],"version-history":[{"count":0,"href":"https:\/\/welaikaadv.site\/avviso\/wp-json\/wp\/v2\/pages\/43592\/revisions"}],"up":[{"embeddable":true,"href":"https:\/\/welaikaadv.site\/avviso\/wp-json\/wp\/v2\/pages\/202"}],"wp:attachment":[{"href":"https:\/\/welaikaadv.site\/avviso\/wp-json\/wp\/v2\/media?parent=43592"}],"curies":[{"name":"wp","href":"https:\/\/api.w.org\/{rel}","templated":true}]}}