{"id":43732,"date":"2021-05-27T17:17:03","date_gmt":"2021-05-27T15:17:03","guid":{"rendered":"https:\/\/www.avvisopubblico.it\/home\/?page_id=43732"},"modified":"2021-05-27T17:17:03","modified_gmt":"2021-05-27T15:17:03","slug":"il-tar-della-toscana-conferma-che-una-palestra-e-una-scuola-di-danza-sono-luoghi-sensibili-ai-fini-del-distanziometro-regionale","status":"publish","type":"page","link":"https:\/\/welaikaadv.site\/avviso\/home\/cosa-facciamo\/informare\/documenti-tematici\/gioco-dazzardo\/il-tar-della-toscana-conferma-che-una-palestra-e-una-scuola-di-danza-sono-luoghi-sensibili-ai-fini-del-distanziometro-regionale\/","title":{"rendered":"IL TAR DELLA TOSCANA CONFERMA CHE UNA PALESTRA E UNA SCUOLA DI DANZA SONO LUOGHI SENSIBILI AI FINI DEL DISTANZIOMETRO REGIONALE"},"content":{"rendered":"<p><strong>La normativa e il caso.<\/strong> L\u2019articolo 4 della legge regionale <a href=\"https:\/\/welaikaadv.site\/avviso\/home\/cosa-facciamo\/informare\/documenti-tematici\/gioco-dazzardo\/la-nuova-legge-della-regione-toscana-sul-contrasto-al-gioco-dazzardo-patologico\/\">57\/2013<\/a> della Toscana afferma che \u201c\u00e8 vietata l&#8217;apertura di centri di scommesse, di spazi per il gioco con vincita in denaro, nonch\u00e9 la nuova installazione di apparecchi per il gioco lecito all&#8217;interno dei centri e degli spazi medesimi, situati ad una distanza inferiore a 500 metri, misurata in base al percorso pedonale pi\u00f9 breve\u201d, da una serie di luoghi sensibili, tra cui anche i \u201ccentri socio-ricreativi e sportivi\u201d. Questi ultimi, in particolare, \u201csi considerano luoghi sensibili da cui calcolare la distanza se soddisfano\u201d alcune condizioni: tra queste, essi devono \u201crisultano facilmente riconoscibili come tali, visibili dalla pubblica via o comunque adeguatamente segnalati al pubblico da insegne o altra pubblicit\u00e0\u201d.<\/p>\n<p>Nel caso in esame, la Questura di Pistoia e lo Sportello Unico Associato Attivit\u00e0 Produttive dei Comuni di Quarrata Agliana Montale hanno rigettato la domanda di licenza per l\u2019apertura di una sala giochi per violazione delle distanze minime da due centri sportivi.<\/p>\n<p>Avverso questo esito ha presentato ricorso la societ\u00e0 richiedente: il TAR per la Toscana si \u00e8 pronunciato nella sentenza <a href=\"https:\/\/www.giustizia-amministrativa.it\/portale\/pages\/istituzionale\/visualizza\/?nodeRef=&amp;schema=tar_fi&amp;nrg=202001313&amp;nomeFile=202100776_01.html&amp;subDir=Provvedimenti\">776\/2021<\/a> (che qui si analizza).<\/p>\n<p><strong>I luoghi sensibili.<\/strong> Il cuore della vicenda consiste nel modo in cui si devono considerare una palestra e una scuola di danza: si tratta, infatti, di centri che la Questura di Pistoia e lo Sportello Unico Associato Attivit\u00e0 Produttive dei Comuni di Quarrata Agliana Montale hanno considerato come luoghi sensibili. Tale definizione \u00e8, per\u00f2, contestata dalla sala giochi.<\/p>\n<p>Il TAR respinge il ricorso.<\/p>\n<p>Per quanto concerne la palestra, decisiva \u00e8 la considerazione che la societ\u00e0 sportiva in questione sia iscritta al CONI e che in essa si svolgano attivit\u00e0 sportive come le arti marziali, il Ju Jitsu e la MMA: in questo senso, si segnala che il medesimo orientamento \u00e8 stato recentemente confermato anche dal Consiglio di Stato con la sentenza <a href=\"https:\/\/welaikaadv.site\/avviso\/home\/cosa-facciamo\/informare\/documenti-tematici\/gioco-dazzardo\/il-consiglio-di-stato-si-pronuncia-sulla-configurabilita-di-una-palestra-affiliata-al-coni-quale-luogo-sensibile-ai-fini-del-distanziometro\/\">3028\/2021<\/a>.<\/p>\n<p>Per quanto concerne, invece, la scuola di danza, il Collegio richiama la sentenza <a href=\"https:\/\/www.giustizia-amministrativa.it\/portale\/pages\/istituzionale\/visualizza\/?nodeRef=&amp;schema=tar_fi&amp;nrg=201801178&amp;nomeFile=202000351_01.html&amp;subDir=Provvedimenti\">351\/2020<\/a> sempre del TAR Toscana, in cui \u00e8 stata riconosciuta la rilevanza, quali luoghi sensibili, degli spazi in cui si svolge la danza.<\/p>\n<p>Infine, anche con riferimento alla cartellonistica esterna, in grado di garantire il riconoscimento degli spazi sportivi in esame, il TAR afferma che la disposizione di legge della Regione Toscana nel caso specifico \u00e8 stata rispettata.<\/p>\n<p style=\"text-align: right;\">(<em>a cura di <strong>Marco De Pasquale<\/strong>, <\/em><em>Master APC Universit\u00e0 di Pisa<\/em>)<\/p>\n","protected":false},"excerpt":{"rendered":"<p>La normativa e il caso. L\u2019articolo 4 della legge regionale 57\/2013 della Toscana afferma che \u201c\u00e8 vietata l&#8217;apertura di centri di scommesse, di spazi per&nbsp;<span class=\"hellipsis\">[&hellip;]<\/span><a class=\"more-link\" href=\"https:\/\/welaikaadv.site\/avviso\/home\/cosa-facciamo\/informare\/documenti-tematici\/gioco-dazzardo\/il-tar-della-toscana-conferma-che-una-palestra-e-una-scuola-di-danza-sono-luoghi-sensibili-ai-fini-del-distanziometro-regionale\/\">Leggi tutto <span class=\"screen-reader-text\">IL TAR DELLA TOSCANA CONFERMA CHE UNA PALESTRA E UNA SCUOLA DI DANZA SONO LUOGHI SENSIBILI AI FINI DEL DISTANZIOMETRO REGIONALE<\/span> <span class=\"meta-nav\" aria-hidden=\"true\">&rarr;<\/span><\/a><\/p>\n","protected":false},"author":1,"featured_media":0,"parent":202,"menu_order":160,"comment_status":"closed","ping_status":"closed","template":"","meta":{"_acf_changed":false,"_exactmetrics_skip_tracking":false,"_exactmetrics_sitenote_active":false,"_exactmetrics_sitenote_note":"","_exactmetrics_sitenote_category":0,"wp_social_preview_title":"","wp_social_preview_description":"","wp_social_preview_image":0,"footnotes":""},"class_list":["post-43732","page","type-page","status-publish","hentry"],"acf":[],"yoast_head":"<!-- This site is optimized with the Yoast SEO plugin v27.2 - https:\/\/yoast.com\/product\/yoast-seo-wordpress\/ -->\n<title>IL TAR DELLA TOSCANA CONFERMA CHE UNA PALESTRA E UNA SCUOLA DI DANZA SONO LUOGHI SENSIBILI AI FINI DEL DISTANZIOMETRO REGIONALE - Staging Avviso Pubblico<\/title>\n<meta name=\"robots\" content=\"noindex, follow, max-snippet:-1, max-image-preview:large, max-video-preview:-1\" \/>\n<meta property=\"og:locale\" content=\"it_IT\" \/>\n<meta property=\"og:type\" content=\"article\" \/>\n<meta property=\"og:title\" content=\"IL TAR DELLA TOSCANA CONFERMA CHE UNA PALESTRA E UNA SCUOLA DI DANZA SONO LUOGHI SENSIBILI AI FINI DEL DISTANZIOMETRO REGIONALE - Staging Avviso Pubblico\" \/>\n<meta property=\"og:description\" content=\"La normativa e il caso. L\u2019articolo 4 della legge regionale 57\/2013 della Toscana afferma che \u201c\u00e8 vietata l&#8217;apertura di centri di scommesse, di spazi per&nbsp;[&hellip;]Leggi tutto IL TAR DELLA TOSCANA CONFERMA CHE UNA PALESTRA E UNA SCUOLA DI DANZA SONO LUOGHI SENSIBILI AI FINI DEL DISTANZIOMETRO REGIONALE &rarr;\" \/>\n<meta property=\"og:url\" content=\"https:\/\/welaikaadv.site\/avviso\/home\/cosa-facciamo\/informare\/documenti-tematici\/gioco-dazzardo\/il-tar-della-toscana-conferma-che-una-palestra-e-una-scuola-di-danza-sono-luoghi-sensibili-ai-fini-del-distanziometro-regionale\/\" \/>\n<meta property=\"og:site_name\" content=\"Staging Avviso Pubblico\" \/>\n<meta name=\"twitter:card\" content=\"summary_large_image\" \/>\n<meta name=\"twitter:label1\" content=\"Tempo di lettura stimato\" \/>\n\t<meta name=\"twitter:data1\" content=\"6 minuti\" \/>\n<script type=\"application\/ld+json\" class=\"yoast-schema-graph\">{\"@context\":\"https:\/\/schema.org\",\"@graph\":[{\"@type\":\"WebPage\",\"@id\":\"https:\/\/welaikaadv.site\/avviso\/home\/cosa-facciamo\/informare\/documenti-tematici\/gioco-dazzardo\/il-tar-della-toscana-conferma-che-una-palestra-e-una-scuola-di-danza-sono-luoghi-sensibili-ai-fini-del-distanziometro-regionale\/\",\"url\":\"https:\/\/welaikaadv.site\/avviso\/home\/cosa-facciamo\/informare\/documenti-tematici\/gioco-dazzardo\/il-tar-della-toscana-conferma-che-una-palestra-e-una-scuola-di-danza-sono-luoghi-sensibili-ai-fini-del-distanziometro-regionale\/\",\"name\":\"IL TAR DELLA TOSCANA CONFERMA CHE UNA PALESTRA E UNA SCUOLA DI DANZA SONO LUOGHI SENSIBILI AI FINI DEL DISTANZIOMETRO REGIONALE - Staging Avviso Pubblico\",\"isPartOf\":{\"@id\":\"https:\/\/welaikaadv.site\/avviso\/#website\"},\"datePublished\":\"2021-05-27T15:17:03+00:00\",\"breadcrumb\":{\"@id\":\"https:\/\/welaikaadv.site\/avviso\/home\/cosa-facciamo\/informare\/documenti-tematici\/gioco-dazzardo\/il-tar-della-toscana-conferma-che-una-palestra-e-una-scuola-di-danza-sono-luoghi-sensibili-ai-fini-del-distanziometro-regionale\/#breadcrumb\"},\"inLanguage\":\"it-IT\",\"potentialAction\":[{\"@type\":\"ReadAction\",\"target\":[\"https:\/\/welaikaadv.site\/avviso\/home\/cosa-facciamo\/informare\/documenti-tematici\/gioco-dazzardo\/il-tar-della-toscana-conferma-che-una-palestra-e-una-scuola-di-danza-sono-luoghi-sensibili-ai-fini-del-distanziometro-regionale\/\"]}]},{\"@type\":\"BreadcrumbList\",\"@id\":\"https:\/\/welaikaadv.site\/avviso\/home\/cosa-facciamo\/informare\/documenti-tematici\/gioco-dazzardo\/il-tar-della-toscana-conferma-che-una-palestra-e-una-scuola-di-danza-sono-luoghi-sensibili-ai-fini-del-distanziometro-regionale\/#breadcrumb\",\"itemListElement\":[{\"@type\":\"ListItem\",\"position\":1,\"name\":\"Home\",\"item\":\"https:\/\/welaikaadv.site\/avviso\/\"},{\"@type\":\"ListItem\",\"position\":2,\"name\":\"IL TAR DELLA TOSCANA CONFERMA CHE UNA PALESTRA E UNA SCUOLA DI DANZA SONO LUOGHI SENSIBILI AI FINI DEL DISTANZIOMETRO REGIONALE\"}]},{\"@type\":\"WebSite\",\"@id\":\"https:\/\/welaikaadv.site\/avviso\/#website\",\"url\":\"https:\/\/welaikaadv.site\/avviso\/\",\"name\":\"Staging Avviso Pubblico\",\"description\":\"\",\"publisher\":{\"@id\":\"https:\/\/welaikaadv.site\/avviso\/#organization\"},\"potentialAction\":[{\"@type\":\"SearchAction\",\"target\":{\"@type\":\"EntryPoint\",\"urlTemplate\":\"https:\/\/welaikaadv.site\/avviso\/?s={search_term_string}\"},\"query-input\":{\"@type\":\"PropertyValueSpecification\",\"valueRequired\":true,\"valueName\":\"search_term_string\"}}],\"inLanguage\":\"it-IT\"},{\"@type\":\"Organization\",\"@id\":\"https:\/\/welaikaadv.site\/avviso\/#organization\",\"name\":\"Staging Avviso Pubblico\",\"url\":\"https:\/\/welaikaadv.site\/avviso\/\",\"logo\":{\"@type\":\"ImageObject\",\"inLanguage\":\"it-IT\",\"@id\":\"https:\/\/welaikaadv.site\/avviso\/#\/schema\/logo\/image\/\",\"url\":\"https:\/\/welaikaadv.site\/avviso\/wp-content\/uploads\/2024\/08\/logoAPsito-400.png\",\"contentUrl\":\"https:\/\/welaikaadv.site\/avviso\/wp-content\/uploads\/2024\/08\/logoAPsito-400.png\",\"width\":400,\"height\":97,\"caption\":\"Staging Avviso Pubblico\"},\"image\":{\"@id\":\"https:\/\/welaikaadv.site\/avviso\/#\/schema\/logo\/image\/\"}}]}<\/script>\n<!-- \/ Yoast SEO plugin. -->","yoast_head_json":{"title":"IL TAR DELLA TOSCANA CONFERMA CHE UNA PALESTRA E UNA SCUOLA DI DANZA SONO LUOGHI SENSIBILI AI FINI DEL DISTANZIOMETRO REGIONALE - Staging Avviso Pubblico","robots":{"index":"noindex","follow":"follow","max-snippet":"max-snippet:-1","max-image-preview":"max-image-preview:large","max-video-preview":"max-video-preview:-1"},"og_locale":"it_IT","og_type":"article","og_title":"IL TAR DELLA TOSCANA CONFERMA CHE UNA PALESTRA E UNA SCUOLA DI DANZA SONO LUOGHI SENSIBILI AI FINI DEL DISTANZIOMETRO REGIONALE - Staging Avviso Pubblico","og_description":"La normativa e il caso. L\u2019articolo 4 della legge regionale 57\/2013 della Toscana afferma che \u201c\u00e8 vietata l&#8217;apertura di centri di scommesse, di spazi per&nbsp;[&hellip;]Leggi tutto IL TAR DELLA TOSCANA CONFERMA CHE UNA PALESTRA E UNA SCUOLA DI DANZA SONO LUOGHI SENSIBILI AI FINI DEL DISTANZIOMETRO REGIONALE &rarr;","og_url":"https:\/\/welaikaadv.site\/avviso\/home\/cosa-facciamo\/informare\/documenti-tematici\/gioco-dazzardo\/il-tar-della-toscana-conferma-che-una-palestra-e-una-scuola-di-danza-sono-luoghi-sensibili-ai-fini-del-distanziometro-regionale\/","og_site_name":"Staging Avviso Pubblico","twitter_card":"summary_large_image","twitter_misc":{"Tempo di lettura stimato":"6 minuti"},"schema":{"@context":"https:\/\/schema.org","@graph":[{"@type":"WebPage","@id":"https:\/\/welaikaadv.site\/avviso\/home\/cosa-facciamo\/informare\/documenti-tematici\/gioco-dazzardo\/il-tar-della-toscana-conferma-che-una-palestra-e-una-scuola-di-danza-sono-luoghi-sensibili-ai-fini-del-distanziometro-regionale\/","url":"https:\/\/welaikaadv.site\/avviso\/home\/cosa-facciamo\/informare\/documenti-tematici\/gioco-dazzardo\/il-tar-della-toscana-conferma-che-una-palestra-e-una-scuola-di-danza-sono-luoghi-sensibili-ai-fini-del-distanziometro-regionale\/","name":"IL TAR DELLA TOSCANA CONFERMA CHE UNA PALESTRA E UNA SCUOLA DI DANZA SONO LUOGHI SENSIBILI AI FINI DEL DISTANZIOMETRO REGIONALE - Staging Avviso Pubblico","isPartOf":{"@id":"https:\/\/welaikaadv.site\/avviso\/#website"},"datePublished":"2021-05-27T15:17:03+00:00","breadcrumb":{"@id":"https:\/\/welaikaadv.site\/avviso\/home\/cosa-facciamo\/informare\/documenti-tematici\/gioco-dazzardo\/il-tar-della-toscana-conferma-che-una-palestra-e-una-scuola-di-danza-sono-luoghi-sensibili-ai-fini-del-distanziometro-regionale\/#breadcrumb"},"inLanguage":"it-IT","potentialAction":[{"@type":"ReadAction","target":["https:\/\/welaikaadv.site\/avviso\/home\/cosa-facciamo\/informare\/documenti-tematici\/gioco-dazzardo\/il-tar-della-toscana-conferma-che-una-palestra-e-una-scuola-di-danza-sono-luoghi-sensibili-ai-fini-del-distanziometro-regionale\/"]}]},{"@type":"BreadcrumbList","@id":"https:\/\/welaikaadv.site\/avviso\/home\/cosa-facciamo\/informare\/documenti-tematici\/gioco-dazzardo\/il-tar-della-toscana-conferma-che-una-palestra-e-una-scuola-di-danza-sono-luoghi-sensibili-ai-fini-del-distanziometro-regionale\/#breadcrumb","itemListElement":[{"@type":"ListItem","position":1,"name":"Home","item":"https:\/\/welaikaadv.site\/avviso\/"},{"@type":"ListItem","position":2,"name":"IL TAR DELLA TOSCANA CONFERMA CHE UNA PALESTRA E UNA SCUOLA DI DANZA SONO LUOGHI SENSIBILI AI FINI DEL DISTANZIOMETRO REGIONALE"}]},{"@type":"WebSite","@id":"https:\/\/welaikaadv.site\/avviso\/#website","url":"https:\/\/welaikaadv.site\/avviso\/","name":"Staging Avviso Pubblico","description":"","publisher":{"@id":"https:\/\/welaikaadv.site\/avviso\/#organization"},"potentialAction":[{"@type":"SearchAction","target":{"@type":"EntryPoint","urlTemplate":"https:\/\/welaikaadv.site\/avviso\/?s={search_term_string}"},"query-input":{"@type":"PropertyValueSpecification","valueRequired":true,"valueName":"search_term_string"}}],"inLanguage":"it-IT"},{"@type":"Organization","@id":"https:\/\/welaikaadv.site\/avviso\/#organization","name":"Staging Avviso Pubblico","url":"https:\/\/welaikaadv.site\/avviso\/","logo":{"@type":"ImageObject","inLanguage":"it-IT","@id":"https:\/\/welaikaadv.site\/avviso\/#\/schema\/logo\/image\/","url":"https:\/\/welaikaadv.site\/avviso\/wp-content\/uploads\/2024\/08\/logoAPsito-400.png","contentUrl":"https:\/\/welaikaadv.site\/avviso\/wp-content\/uploads\/2024\/08\/logoAPsito-400.png","width":400,"height":97,"caption":"Staging Avviso Pubblico"},"image":{"@id":"https:\/\/welaikaadv.site\/avviso\/#\/schema\/logo\/image\/"}}]}},"_links":{"self":[{"href":"https:\/\/welaikaadv.site\/avviso\/wp-json\/wp\/v2\/pages\/43732","targetHints":{"allow":["GET"]}}],"collection":[{"href":"https:\/\/welaikaadv.site\/avviso\/wp-json\/wp\/v2\/pages"}],"about":[{"href":"https:\/\/welaikaadv.site\/avviso\/wp-json\/wp\/v2\/types\/page"}],"author":[{"embeddable":true,"href":"https:\/\/welaikaadv.site\/avviso\/wp-json\/wp\/v2\/users\/1"}],"replies":[{"embeddable":true,"href":"https:\/\/welaikaadv.site\/avviso\/wp-json\/wp\/v2\/comments?post=43732"}],"version-history":[{"count":0,"href":"https:\/\/welaikaadv.site\/avviso\/wp-json\/wp\/v2\/pages\/43732\/revisions"}],"up":[{"embeddable":true,"href":"https:\/\/welaikaadv.site\/avviso\/wp-json\/wp\/v2\/pages\/202"}],"wp:attachment":[{"href":"https:\/\/welaikaadv.site\/avviso\/wp-json\/wp\/v2\/media?parent=43732"}],"curies":[{"name":"wp","href":"https:\/\/api.w.org\/{rel}","templated":true}]}}