{"id":44059,"date":"2021-06-10T09:09:31","date_gmt":"2021-06-10T07:09:31","guid":{"rendered":"https:\/\/www.avvisopubblico.it\/home\/?page_id=44059"},"modified":"2021-06-10T09:09:31","modified_gmt":"2021-06-10T07:09:31","slug":"modifica-profilo","status":"publish","type":"page","link":"https:\/\/welaikaadv.site\/avviso\/area-riservata\/modifica-profilo\/","title":{"rendered":"Modifica profilo"},"content":{"rendered":"<link rel='stylesheet' id='formidable-css' href='https:\/\/welaikaadv.site\/avviso\/wp-content\/plugins\/formidable\/css\/formidableforms.css?ver=312743' type='text\/css' media='all' \/>\n<div class=\"frm_forms  with_frm_style frm_style_stile-di-formidable\" id=\"frm_form_11_container\" >\n<form enctype=\"multipart\/form-data\" method=\"post\" class=\"frm-show-form  frm_js_validate  frm_ajax_submit  frm_pro_form \" id=\"form_form-sostienici\" >\n<div class=\"frm_form_fields \">\n<fieldset>\n<legend class=\"frm_screen_reader\">Sostienici<\/legend>\r\n\r\n<div class=\"frm_fields_container\">\n<input type=\"hidden\" name=\"frm_action\" value=\"create\" \/>\n<input type=\"hidden\" name=\"form_id\" value=\"11\" \/>\n<input type=\"hidden\" name=\"frm_hide_fields_11\" id=\"frm_hide_fields_11\" value=\"\" \/>\n<input type=\"hidden\" name=\"form_key\" value=\"form-sostienici\" \/>\n<input type=\"hidden\" name=\"item_meta[0]\" value=\"\" \/>\n<input type=\"hidden\" id=\"frm_submit_entry_11\" name=\"frm_submit_entry_11\" value=\"13e45fde91\" \/><input type=\"hidden\" name=\"_wp_http_referer\" value=\"\/avviso\/wp-json\/wp\/v2\/pages\/44059\" \/><div id=\"frm_field_27_container\" class=\"frm_form_field form-field  frm_top_container rb-mensile-ricorrente horizontal_radio\">\r\n    <label for=\"field_mensile-ricorrente\" class=\"frm_primary_label\">Mensile \/ singola\r\n        <span class=\"frm_required\"><\/span>\r\n    <\/label>\r\n    <div class=\"frm_opt_container\">\t\t<div class=\"frm_radio\" id=\"frm_radio_27-0\">\t\t\t<label  for=\"field_mensile-ricorrente-0\">\n\t\t\t\t\t<input type=\"radio\" name=\"item_meta[27]\" id=\"field_mensile-ricorrente-0\" value=\"recurring\"\n\t\t data-frmval=\"recurring\" data-invmsg=\"Mensile \/ singola non \u00e8 valido\"  checked=\"checked\" \/> <div class=\"etichetta\">donazione mensile<\/div><\/label><\/div>\n\t\t<div class=\"frm_radio\" id=\"frm_radio_27-1\">\t\t\t<label  for=\"field_mensile-ricorrente-1\">\n\t\t\t\t\t<input type=\"radio\" name=\"item_meta[27]\" id=\"field_mensile-ricorrente-1\" value=\"single\"\n\t\t data-frmval=\"recurring\" data-invmsg=\"Mensile \/ singola non \u00e8 valido\"   \/> <div class=\"etichetta\">donazione singola<\/div><\/label><\/div>\n<\/div>\r\n    \r\n    \r\n<\/div>\n<div id=\"frm_field_28_container\" class=\"frm_form_field form-field  frm_top_container rb-importi-fissi horizontal_radio\">\r\n    <label for=\"field_importi-fissi\" class=\"frm_primary_label\">Importi fissi\r\n        <span class=\"frm_required\"><\/span>\r\n    <\/label>\r\n    <div class=\"frm_opt_container\">\t\t<div class=\"frm_radio\" id=\"frm_radio_28-0\">\t\t\t<label  for=\"field_importi-fissi-0\">\n\t\t\t\t\t<input type=\"radio\" name=\"item_meta[28]\" id=\"field_importi-fissi-0\" value=\"10\"\n\t\t data-frmval=\"10\" data-invmsg=\"Importi fissi non \u00e8 valido\"  checked=\"checked\" \/> <div class=\"etichetta\"><div class=\"importo\">10 \u20ac<\/div><div class=\"testo\">contribuisci a sostenere la redazione di <strong>Vademecum<\/strong> utili per gli amministratori locali e i cittadini<\/div><\/div><\/label><\/div>\n\t\t<div class=\"frm_radio\" id=\"frm_radio_28-1\">\t\t\t<label  for=\"field_importi-fissi-1\">\n\t\t\t\t\t<input type=\"radio\" name=\"item_meta[28]\" id=\"field_importi-fissi-1\" value=\"20\"\n\t\t data-frmval=\"10\" data-invmsg=\"Importi fissi non \u00e8 valido\"   \/> <div class=\"etichetta\"><div class=\"importo\">20 \u20ac<\/div><div class=\"testo\">per la realizzazione di libri e di iniziative contro le mafie e la corruzione<\/div><\/div><\/label><\/div>\n<\/div>\r\n    \r\n    \r\n<\/div>\n<div id=\"frm_field_29_container\" class=\"frm_form_field form-field  frm_left_container f-importo-libero\">\r\n    <label for=\"field_importo-libero\" class=\"frm_primary_label\">scelta libera\r\n        <span class=\"frm_required\"><\/span>\r\n    <\/label>\r\n    <input type=\"number\" id=\"field_importo-libero\" name=\"item_meta[29]\" value=\"\" data-invmsg=\"Numero non \u00e8 valido\" aria-invalid=\"false\"   min=\"0\" max=\"9999\" step=\"any\" \/>\r\n    \r\n    \r\n<\/div>\n<div id=\"frm_field_30_container\" class=\"frm_form_field  form-text--centered frm_html_container form-field\">Per tutti i progetti sopra citati, Avviso Pubblico render\u00e0 noti i nomi di tutti\/tutte coloro che ci sosterranno, salvo indicazioni diverse espresse direttamente dai\/dalle donatori\/donatrici.<br \/>\n<span class=\"text--stronger\">Ciascuna persona che effettuer\u00e0 una donazione ricever\u00e0 una copia dei materiali prodotti. <\/span><\/p>\n<p>Per accettare le vostre donazioni utilizziamo PayPal.<br \/>\nPer una donazione singola, non \u00e8 necessario avere un conto PayPal; si pu\u00f2 utilizzare la carta di credito e la transazione verr\u00e0 processata da PayPal.<br \/>\nPer le donazioni ricorrenti \u00e8 invece necessario avere un conto PayPal. La donazione si pu\u00f2 interrompere in qualsiasi momento dalle impostazioni del proprio conto PayPal.<\/p><\/div>\n<div id=\"frm_field_31_container\" class=\"frm_form_field form-field  frm_required_field frm_top_container\">\r\n    <label for=\"field_nome\" class=\"frm_primary_label\">Nome\r\n        <span class=\"frm_required\">*<\/span>\r\n    <\/label>\r\n    <input  type=\"text\" id=\"field_nome\" name=\"item_meta[31]\" value=\"\"  data-reqmsg=\"Nome non pu\u00f2 essere vuoto.\" aria-required=\"true\" data-invmsg=\"Testo non \u00e8 valido\" aria-invalid=\"false\"   \/>\r\n    \r\n    \r\n<\/div>\n<div id=\"frm_field_32_container\" class=\"frm_form_field form-field  frm_required_field frm_top_container\">\r\n    <label for=\"field_cognome\" class=\"frm_primary_label\">Cognome\r\n        <span class=\"frm_required\">*<\/span>\r\n    <\/label>\r\n    <input  type=\"text\" id=\"field_cognome\" name=\"item_meta[32]\" value=\"\"  data-reqmsg=\"Cognome non pu\u00f2 essere vuoto.\" aria-required=\"true\" data-invmsg=\"Testo non \u00e8 valido\" aria-invalid=\"false\"   \/>\r\n    \r\n    \r\n<\/div>\n<div id=\"frm_field_33_container\" class=\"frm_form_field form-field  frm_top_container\">\r\n    <label for=\"field_datanascita\" id=\"field_datanascita_label\" class=\"frm_primary_label\">Data di nascita\r\n        <span class=\"frm_required\"><\/span>\r\n    <\/label>\r\n    <input type=\"text\" id=\"field_datanascita\" name=\"item_meta[33]\" value=\"\"  maxlength=\"10\" data-invmsg=\"Data non \u00e8 valido\" class=\"frm_date\" aria-invalid=\"false\"  \/>\r\n    \r\n    \r\n<\/div>\n<div id=\"frm_field_34_container\" class=\"frm_form_field form-field  frm_required_field frm_top_container\">\r\n    <label for=\"field_mail\" class=\"frm_primary_label\">Email\r\n        <span class=\"frm_required\">*<\/span>\r\n    <\/label>\r\n    <input type=\"email\" id=\"field_mail\" name=\"item_meta[34]\" value=\"\"  data-reqmsg=\"Email non pu\u00f2 essere vuoto.\" aria-required=\"true\" data-invmsg=\"Per favore inserire un indirizzo mail valido\" aria-invalid=\"false\"  \/>\r\n    \r\n    \r\n<\/div>\n<div id=\"frm_field_35_container\" class=\"frm_form_field form-field  frm_top_container\">\r\n    <label for=\"field_cellulare\" id=\"field_cellulare_label\" class=\"frm_primary_label\">Cellulare\r\n        <span class=\"frm_required\"><\/span>\r\n    <\/label>\r\n    <input type=\"tel\" id=\"field_cellulare\" name=\"item_meta[35]\" value=\"\"  data-invmsg=\"Phone non \u00e8 valido\" aria-invalid=\"false\" pattern=\"((\\+\\d{1,3}(-|.| )?\\(?\\d\\)?(-| |.)?\\d{1,5})|(\\(?\\d{2,6}\\)?))(-|.| )?(\\d{3,4})(-|.| )?(\\d{4})(( x| ext)\\d{1,5}){0,1}$\"  \/>\r\n    \r\n    \r\n<\/div>\n<div id=\"frm_field_36_container\" class=\"frm_form_field form-field  frm_required_field frm_top_container\">\r\n    <label for=\"field_indirizzo\" class=\"frm_primary_label\">Indirizzo\r\n        <span class=\"frm_required\">*<\/span>\r\n    <\/label>\r\n    <input  type=\"text\" id=\"field_indirizzo\" name=\"item_meta[36]\" value=\"\"  data-reqmsg=\"Indirizzo non pu\u00f2 essere vuoto.\" aria-required=\"true\" data-invmsg=\"Testo non \u00e8 valido\" aria-invalid=\"false\"   \/>\r\n    \r\n    \r\n<\/div>\n<div id=\"frm_field_37_container\" class=\"frm_form_field form-field  frm_required_field frm_top_container\">\r\n    <label for=\"field_cap\" class=\"frm_primary_label\">CAP\r\n        <span class=\"frm_required\">*<\/span>\r\n    <\/label>\r\n    <input  type=\"text\" id=\"field_cap\" name=\"item_meta[37]\" value=\"\"  data-reqmsg=\"CAP non pu\u00f2 essere vuoto.\" aria-required=\"true\" data-invmsg=\"Testo non \u00e8 valido\" aria-invalid=\"false\"   \/>\r\n    \r\n    \r\n<\/div>\n<div id=\"frm_field_38_container\" class=\"frm_form_field form-field  frm_required_field frm_top_container\">\r\n    <label for=\"field_comune\" class=\"frm_primary_label\">Comune\r\n        <span class=\"frm_required\">*<\/span>\r\n    <\/label>\r\n    <input  type=\"text\" id=\"field_comune\" name=\"item_meta[38]\" value=\"\"  data-reqmsg=\"Comune non pu\u00f2 essere vuoto.\" aria-required=\"true\" data-invmsg=\"Testo non \u00e8 valido\" aria-invalid=\"false\"   \/>\r\n    \r\n    \r\n<\/div>\n<div id=\"frm_field_39_container\" class=\"frm_form_field form-field  frm_required_field frm_top_container\">\r\n    <label for=\"field_provincia\" class=\"frm_primary_label\">Provincia\r\n        <span class=\"frm_required\">*<\/span>\r\n    <\/label>\r\n    <input  type=\"text\" id=\"field_provincia\" name=\"item_meta[39]\" value=\"\"  data-reqmsg=\"Provincia non pu\u00f2 essere vuoto.\" aria-required=\"true\" data-invmsg=\"Testo non \u00e8 valido\" aria-invalid=\"false\"   \/>\r\n    \r\n    \r\n<\/div>\n<div id=\"frm_field_40_container\" class=\"frm_form_field form-field  frm_inline_container horizontal_radio\">\r\n    <div  id=\"field_pubblicare_nome_label\" class=\"frm_primary_label\">Desidero che il mio nominativo venga reso noto\r\n        <span class=\"frm_required\"><\/span>\r\n    <\/div>\r\n    <div class=\"frm_opt_container\" aria-labelledby=\"field_pubblicare_nome_label\" role=\"radiogroup\">\t\t<div class=\"frm_radio\" id=\"frm_radio_40-0\">\t\t\t<label  for=\"field_pubblicare_nome-0\">\n\t\t\t\t\t<input type=\"radio\" name=\"item_meta[40]\" id=\"field_pubblicare_nome-0\" value=\"S\u00ec\"\n\t\t data-frmval=\"S\u00ec\" data-invmsg=\"Desidero che il mio nominativo venga reso noto non \u00e8 valido\"  checked=\"checked\" \/> S\u00ec<\/label><\/div>\n\t\t<div class=\"frm_radio\" id=\"frm_radio_40-1\">\t\t\t<label  for=\"field_pubblicare_nome-1\">\n\t\t\t\t\t<input type=\"radio\" name=\"item_meta[40]\" id=\"field_pubblicare_nome-1\" value=\"No\"\n\t\t data-frmval=\"S\u00ec\" data-invmsg=\"Desidero che il mio nominativo venga reso noto non \u00e8 valido\"   \/> No<\/label><\/div>\n<\/div>\r\n    \r\n    \r\n<\/div>\n<div id=\"frm_field_41_container\" class=\"frm_form_field form-field  frm_required_field frm_none_container vertical_radio\">\r\n    <label for=\"field_accept_tos\" class=\"frm_primary_label\">Check box\r\n        <span class=\"frm_required\">*<\/span>\r\n    <\/label>\r\n    <div class=\"frm_opt_container\">\t\t<div class=\"frm_checkbox\" id=\"frm_checkbox_41-0\">\t\t\t<label  for=\"field_accept_tos-0\">\n\t\t\t<input type=\"checkbox\" name=\"item_meta[41][]\" id=\"field_accept_tos-0\" value=\"Ho letto e accetto l&#039;&lt;a href=&quot;https:\/\/welaikaadv.site\/avviso\/politica-della-privacy\/&quot; target=&quot;_blank&quot;&gt;Informativa sulla privacy&lt;\/a&gt;\"  data-reqmsg=\"\u00c8 obbligatorio prendere visione dell&#039;informativa e accettarla.\" data-invmsg=\"Check box non \u00e8 valido\"   aria-required=\"true\"  \/> Ho letto e accetto l'<a href=\"https:\/\/welaikaadv.site\/avviso\/politica-della-privacy\/\" target=\"_blank\">Informativa sulla privacy<\/a><\/label><\/div>\n<\/div>\r\n    \r\n    \r\n<\/div>\n\t<input type=\"hidden\" name=\"item_key\" value=\"\" \/>\n\t\t\t<div id=\"frm_field_395_container\">\n\t\t\t<label for=\"field_tv6b2\" >\n\t\t\t\tSe sei un essere umano, lascia questo campo vuoto.\t\t\t<\/label>\n\t\t\t<input  id=\"field_tv6b2\" type=\"text\" class=\"frm_form_field form-field frm_verify\" name=\"item_meta[395]\" value=\"\"  \/>\n\t\t<\/div>\n\t\t<input name=\"frm_state\" type=\"hidden\" value=\"WM6rOPC6Njhdamn60hEg8xXmJBoapn5WnIjJiC3KkMg6ujume1ljh1Mj+0wf4EdS\" \/><div class=\"frm_submit\">\r\n\r\n<button class=\"frm_button_submit frm_final_submit\" type=\"submit\"   formnovalidate=\"formnovalidate\">Invia<\/button>\r\n\r\n<\/div><\/div>\n<\/fieldset>\n<\/div>\n\n<\/form>\n<\/div>\n\n","protected":false},"excerpt":{"rendered":"","protected":false},"author":1,"featured_media":0,"parent":43967,"menu_order":0,"comment_status":"closed","ping_status":"closed","template":"","meta":{"_acf_changed":false,"_exactmetrics_skip_tracking":false,"_exactmetrics_sitenote_active":false,"_exactmetrics_sitenote_note":"","_exactmetrics_sitenote_category":0,"wp_social_preview_title":"","wp_social_preview_description":"","wp_social_preview_image":0,"footnotes":""},"class_list":["post-44059","page","type-page","status-publish","hentry"],"acf":[],"yoast_head":"<!-- This site is optimized with the Yoast SEO plugin v27.2 - https:\/\/yoast.com\/product\/yoast-seo-wordpress\/ -->\n<title>Modifica profilo - Staging Avviso Pubblico<\/title>\n<meta name=\"robots\" content=\"noindex, follow, max-snippet:-1, max-image-preview:large, max-video-preview:-1\" \/>\n<meta property=\"og:locale\" content=\"it_IT\" \/>\n<meta property=\"og:type\" content=\"article\" \/>\n<meta property=\"og:title\" content=\"Modifica profilo - Staging Avviso Pubblico\" \/>\n<meta property=\"og:url\" content=\"https:\/\/welaikaadv.site\/avviso\/area-riservata\/modifica-profilo\/\" \/>\n<meta property=\"og:site_name\" content=\"Staging Avviso Pubblico\" \/>\n<meta name=\"twitter:card\" content=\"summary_large_image\" \/>\n<meta name=\"twitter:label1\" content=\"Tempo di lettura stimato\" \/>\n\t<meta name=\"twitter:data1\" content=\"1 minuto\" \/>\n<script type=\"application\/ld+json\" class=\"yoast-schema-graph\">{\"@context\":\"https:\/\/schema.org\",\"@graph\":[{\"@type\":\"WebPage\",\"@id\":\"https:\/\/welaikaadv.site\/avviso\/area-riservata\/modifica-profilo\/\",\"url\":\"https:\/\/welaikaadv.site\/avviso\/area-riservata\/modifica-profilo\/\",\"name\":\"Modifica profilo - Staging Avviso Pubblico\",\"isPartOf\":{\"@id\":\"https:\/\/welaikaadv.site\/avviso\/#website\"},\"datePublished\":\"2021-06-10T07:09:31+00:00\",\"breadcrumb\":{\"@id\":\"https:\/\/welaikaadv.site\/avviso\/area-riservata\/modifica-profilo\/#breadcrumb\"},\"inLanguage\":\"it-IT\",\"potentialAction\":[{\"@type\":\"ReadAction\",\"target\":[\"https:\/\/welaikaadv.site\/avviso\/area-riservata\/modifica-profilo\/\"]}]},{\"@type\":\"BreadcrumbList\",\"@id\":\"https:\/\/welaikaadv.site\/avviso\/area-riservata\/modifica-profilo\/#breadcrumb\",\"itemListElement\":[{\"@type\":\"ListItem\",\"position\":1,\"name\":\"Home\",\"item\":\"https:\/\/welaikaadv.site\/avviso\/\"},{\"@type\":\"ListItem\",\"position\":2,\"name\":\"Area riservata\",\"item\":\"https:\/\/welaikaadv.site\/avviso\/area-riservata\/\"},{\"@type\":\"ListItem\",\"position\":3,\"name\":\"Modifica profilo\"}]},{\"@type\":\"WebSite\",\"@id\":\"https:\/\/welaikaadv.site\/avviso\/#website\",\"url\":\"https:\/\/welaikaadv.site\/avviso\/\",\"name\":\"Staging Avviso Pubblico\",\"description\":\"\",\"publisher\":{\"@id\":\"https:\/\/welaikaadv.site\/avviso\/#organization\"},\"potentialAction\":[{\"@type\":\"SearchAction\",\"target\":{\"@type\":\"EntryPoint\",\"urlTemplate\":\"https:\/\/welaikaadv.site\/avviso\/?s={search_term_string}\"},\"query-input\":{\"@type\":\"PropertyValueSpecification\",\"valueRequired\":true,\"valueName\":\"search_term_string\"}}],\"inLanguage\":\"it-IT\"},{\"@type\":\"Organization\",\"@id\":\"https:\/\/welaikaadv.site\/avviso\/#organization\",\"name\":\"Staging Avviso Pubblico\",\"url\":\"https:\/\/welaikaadv.site\/avviso\/\",\"logo\":{\"@type\":\"ImageObject\",\"inLanguage\":\"it-IT\",\"@id\":\"https:\/\/welaikaadv.site\/avviso\/#\/schema\/logo\/image\/\",\"url\":\"https:\/\/welaikaadv.site\/avviso\/wp-content\/uploads\/2024\/08\/logoAPsito-400.png\",\"contentUrl\":\"https:\/\/welaikaadv.site\/avviso\/wp-content\/uploads\/2024\/08\/logoAPsito-400.png\",\"width\":400,\"height\":97,\"caption\":\"Staging Avviso Pubblico\"},\"image\":{\"@id\":\"https:\/\/welaikaadv.site\/avviso\/#\/schema\/logo\/image\/\"}}]}<\/script>\n<!-- \/ Yoast SEO plugin. -->","yoast_head_json":{"title":"Modifica profilo - Staging Avviso Pubblico","robots":{"index":"noindex","follow":"follow","max-snippet":"max-snippet:-1","max-image-preview":"max-image-preview:large","max-video-preview":"max-video-preview:-1"},"og_locale":"it_IT","og_type":"article","og_title":"Modifica profilo - Staging Avviso Pubblico","og_url":"https:\/\/welaikaadv.site\/avviso\/area-riservata\/modifica-profilo\/","og_site_name":"Staging Avviso Pubblico","twitter_card":"summary_large_image","twitter_misc":{"Tempo di lettura stimato":"1 minuto"},"schema":{"@context":"https:\/\/schema.org","@graph":[{"@type":"WebPage","@id":"https:\/\/welaikaadv.site\/avviso\/area-riservata\/modifica-profilo\/","url":"https:\/\/welaikaadv.site\/avviso\/area-riservata\/modifica-profilo\/","name":"Modifica profilo - Staging Avviso Pubblico","isPartOf":{"@id":"https:\/\/welaikaadv.site\/avviso\/#website"},"datePublished":"2021-06-10T07:09:31+00:00","breadcrumb":{"@id":"https:\/\/welaikaadv.site\/avviso\/area-riservata\/modifica-profilo\/#breadcrumb"},"inLanguage":"it-IT","potentialAction":[{"@type":"ReadAction","target":["https:\/\/welaikaadv.site\/avviso\/area-riservata\/modifica-profilo\/"]}]},{"@type":"BreadcrumbList","@id":"https:\/\/welaikaadv.site\/avviso\/area-riservata\/modifica-profilo\/#breadcrumb","itemListElement":[{"@type":"ListItem","position":1,"name":"Home","item":"https:\/\/welaikaadv.site\/avviso\/"},{"@type":"ListItem","position":2,"name":"Area riservata","item":"https:\/\/welaikaadv.site\/avviso\/area-riservata\/"},{"@type":"ListItem","position":3,"name":"Modifica profilo"}]},{"@type":"WebSite","@id":"https:\/\/welaikaadv.site\/avviso\/#website","url":"https:\/\/welaikaadv.site\/avviso\/","name":"Staging Avviso Pubblico","description":"","publisher":{"@id":"https:\/\/welaikaadv.site\/avviso\/#organization"},"potentialAction":[{"@type":"SearchAction","target":{"@type":"EntryPoint","urlTemplate":"https:\/\/welaikaadv.site\/avviso\/?s={search_term_string}"},"query-input":{"@type":"PropertyValueSpecification","valueRequired":true,"valueName":"search_term_string"}}],"inLanguage":"it-IT"},{"@type":"Organization","@id":"https:\/\/welaikaadv.site\/avviso\/#organization","name":"Staging Avviso Pubblico","url":"https:\/\/welaikaadv.site\/avviso\/","logo":{"@type":"ImageObject","inLanguage":"it-IT","@id":"https:\/\/welaikaadv.site\/avviso\/#\/schema\/logo\/image\/","url":"https:\/\/welaikaadv.site\/avviso\/wp-content\/uploads\/2024\/08\/logoAPsito-400.png","contentUrl":"https:\/\/welaikaadv.site\/avviso\/wp-content\/uploads\/2024\/08\/logoAPsito-400.png","width":400,"height":97,"caption":"Staging Avviso Pubblico"},"image":{"@id":"https:\/\/welaikaadv.site\/avviso\/#\/schema\/logo\/image\/"}}]}},"_links":{"self":[{"href":"https:\/\/welaikaadv.site\/avviso\/wp-json\/wp\/v2\/pages\/44059","targetHints":{"allow":["GET"]}}],"collection":[{"href":"https:\/\/welaikaadv.site\/avviso\/wp-json\/wp\/v2\/pages"}],"about":[{"href":"https:\/\/welaikaadv.site\/avviso\/wp-json\/wp\/v2\/types\/page"}],"author":[{"embeddable":true,"href":"https:\/\/welaikaadv.site\/avviso\/wp-json\/wp\/v2\/users\/1"}],"replies":[{"embeddable":true,"href":"https:\/\/welaikaadv.site\/avviso\/wp-json\/wp\/v2\/comments?post=44059"}],"version-history":[{"count":0,"href":"https:\/\/welaikaadv.site\/avviso\/wp-json\/wp\/v2\/pages\/44059\/revisions"}],"up":[{"embeddable":true,"href":"https:\/\/welaikaadv.site\/avviso\/wp-json\/wp\/v2\/pages\/43967"}],"wp:attachment":[{"href":"https:\/\/welaikaadv.site\/avviso\/wp-json\/wp\/v2\/media?parent=44059"}],"curies":[{"name":"wp","href":"https:\/\/api.w.org\/{rel}","templated":true}]}}