{"id":45595,"date":"2021-07-27T14:30:01","date_gmt":"2021-07-27T12:30:01","guid":{"rendered":"https:\/\/www.avvisopubblico.it\/home\/?page_id=45595"},"modified":"2021-07-27T14:30:01","modified_gmt":"2021-07-27T12:30:01","slug":"il-tar-di-bologna-si-pronuncia-sul-presunto-effetto-espulsivo-nel-comune-di-reggio-emilia","status":"publish","type":"page","link":"https:\/\/welaikaadv.site\/avviso\/home\/cosa-facciamo\/informare\/documenti-tematici\/gioco-dazzardo\/il-tar-di-bologna-si-pronuncia-sul-presunto-effetto-espulsivo-nel-comune-di-reggio-emilia\/","title":{"rendered":"IL TAR DI BOLOGNA SI PRONUNCIA SUL PRESUNTO EFFETTO ESPULSIVO NEL COMUNE DI REGGIO EMILIA"},"content":{"rendered":"<p><strong>La normativa.<\/strong> L\u2019articolo 6, comma 2-bis, della legge regionale <a href=\"https:\/\/demetra.regione.emilia-romagna.it\/al\/articolo?urn=er:assemblealegislativa:legge:2013;5&amp;dl_t=text\/xml&amp;dl_a=y&amp;dl_id=10&amp;pr=idx,0;artic,1;articparziale,0&amp;ev=1\">5\/2013<\/a> dell\u2019Emilia-Romagna introduce lo strumento del distanziometro anche per quel che concerne le sale scommesse e i punti di raccolta scommesse (cd. corner) rispetto ad una serie di luoghi sensibili elencati per categorie e la cui puntuale individuazione \u00e8 rimessa ai singoli Comuni. Con la delibera di Giunta regionale <a href=\"https:\/\/welaikaadv.site\/avviso\/wp-content\/uploads\/2019\/01\/Delibera-E.R.-68-del-2019.pdf\">68\/2019<\/a> sono state, inoltre, specificate le modalit\u00e0 applicative del divieto di esercizio dei punti di raccolta delle scommesse (cd. corner).<\/p>\n<p>Il Comune di Reggio Emilia \u00e8 intervenuto, prima con la deliberazione di Giunta comunale <a href=\"https:\/\/openapps.comune.re.it\/jattipubblicazioni\/AttiPubblicazioni?servizio=Link&amp;rifAtto=GC\/2017\/221\">221\/2017<\/a> e successivamente con la deliberazione <a href=\"https:\/\/openapps.comune.re.it\/jattipubblicazioni\/AttiPubblicazioni?servizio=Link&amp;rifAtto=GC\/2018\/112\">112\/2018<\/a>, per procedere alla mappatura dei luoghi sensibili presenti nel territorio comunale.<\/p>\n<p><strong>Il caso.<\/strong> La sentenza <a href=\"https:\/\/www.giustizia-amministrativa.it\/portale\/pages\/istituzionale\/visualizza\/?nodeRef=&amp;schema=tar_bo&amp;nrg=202100100&amp;nomeFile=202100732_01.html&amp;subDir=Provvedimenti\">732\/2021<\/a> del TAR per l\u2019Emilia-Romagna, che qui si analizza, prende avvio dai ricorsi presentati da due esercenti che gestiscono, nel territorio comunale di Reggio Emilia, l\u2019attivit\u00e0 di raccolta scommesse per conto di vari bookmaker regolarmente autorizzati dall\u2019Agenzia delle Dogane e dei Monopoli in seguito all\u2019adesione alla procedura di regolarizzazione. Nello specifico, entrambi gli esercizi sono stati oggetto di due ordinanze del Comune di Reggio Emilia con cui \u00e8 stata disposta la chiusura delle attivit\u00e0 dei ricorrenti per mancato rispetto delle distanze minime.<\/p>\n<p><strong>L\u2019effetto espulsivo: la valutazione infra-comunale delle aree.<\/strong> Il cuore della controversia risiede nell\u2019effetto espulsivo per le attivit\u00e0 di gioco che, a detta dei due esercenti, si verificherebbe a seguito dell\u2019applicazione del distanziometro nel Comune di Reggio Emilia.<\/p>\n<p>Per prima cosa, i giudici prendono in esame la prospettazione della difesa regionale, secondo cui l\u2019effetto espulsivo andrebbe valutato non a livello infra comunale bens\u00ec su base provinciale o regionale. Il TAR non condivide questo assunto: richiamando la pronuncia <a href=\"https:\/\/welaikaadv.site\/avviso\/home\/cosa-facciamo\/informare\/documenti-tematici\/gioco-dazzardo\/il-tar-emilia-romagna-si-pronuncia-sulleffetto-espulsivo-generato-dal-distanziometro\/\">703\/2020<\/a> del TAR Bologna, il Collegio ribadisce la necessit\u00e0 che, \u201cin chiave di garanzia per il diritto di libera iniziativa economica\u201d, per \u201cstabilire la concreta possibilit\u00e0 di delocalizzazione\u201d sia preso in esame \u201cil solo ambito territoriale infra comunale, dovendo esso contemplare l\u2019esistenza di aree idonee \u2018commercialmente fattibili\u2019 e dovendosi escludere quelle \u2018in zone rurali o scarsamente abitate e penalizzate dal punto di vista dell\u2019attivit\u00e0 commerciale o comunque incompatibili con l\u2019esercizio delle attivit\u00e0 di che trattasi (per l\u2019assenza di parcheggi, ragioni di viabilit\u00e0 ecc.)\u2019\u201d.<\/p>\n<p><strong>L\u2019effetto espulsivo: la situazione nel territorio comunale di Reggio Emilia.<\/strong> Una volta stabiliti questi criteri, i giudici analizzano la relazione peritale depositata dalle due societ\u00e0 ricorrenti: dalla lettura di tale relazione emerge che esistono aree idonee alla localizzazione delle attivit\u00e0 di gioco, bench\u00e9 queste siano \u201cpari ad una minuscola porzione di territorio superstite (0,097Kmq pari allo 0,04% del totale)\u201d. Si tratta nello specifico di cinque aree, di cui almeno due \u201ccommercialmente fattibili\u201d che sono gi\u00e0 di per s\u00e9 sufficienti ad escludere il denunciato effetto espulsivo.<\/p>\n<p>Per questo motivo, dunque, il ricorso viene respinto.<\/p>\n<p>Per ulteriori approfondimenti sulla giurisprudenza relativa all\u2019effetto espulsivo in seguito all&#8217;applicazione del distanziometro si rinvia a questa <a href=\"https:\/\/welaikaadv.site\/avviso\/home\/cosa-facciamo\/informare\/documenti-tematici\/gioco-dazzardo\/giurisprudenza-e-dati-sul-giocato-pro-capite\/gioco-dazzardo-il-distanziometro-nella-giurisprudenza-dei-tar-e-del-consiglio-di-stato\/\">scheda<\/a> dell\u2019area riservata.<\/p>\n<p><strong>Il confronto con la sentenza <a href=\"https:\/\/welaikaadv.site\/avviso\/home\/cosa-facciamo\/informare\/documenti-tematici\/gioco-dazzardo\/il-tar-emilia-romagna-si-pronuncia-sulleffetto-espulsivo-generato-dal-distanziometro\/\">703\/2020<\/a>.<\/strong> Altri motivi di ricorso, inoltre, vengono respinti dal Collegio richiamando nuovamente la sentenza 703\/2020 (in cui oggetto del giudizio era un analogo regolamento adottato dal Comune di Bologna). In particolare, i giudici richiamano tale pronuncia per smentire:<\/p>\n<p>1) l\u2019asserito carattere retroattivo dell\u2019impianto normativo regionale e dei provvedimenti attuativi comunali: decisive in questo senso sono le considerazioni che la normativa regionale prevede tempi di adattamento e proroghe per gli esercizi gi\u00e0 autorizzati e che, in ogni caso, l\u2019esistenza di un\u2019autorizzazione pregressa non pu\u00f2 comportare una deroga permanente alle prescrizioni in materia di salute (anche perch\u00e9 ci\u00f2 comporterebbe una distorsione della concorrenza);<\/p>\n<p>2) l\u2019asserita vincolativit\u00e0 dell\u2019Intesa in sede di Conferenza Stato Autonomie locali, non essendo questa stata recepita a livello normativo (su questo punto, si veda anche l\u2019analisi della giurisprudenza contenuta in questa <a href=\"https:\/\/welaikaadv.site\/avviso\/home\/cosa-facciamo\/informare\/documenti-tematici\/gioco-dazzardo\/giurisprudenza-e-dati-sul-giocato-pro-capite\/gioco-dazzardo-la-giurisprudenza-su-limitazione-degli-orari-e-apertura-delle-sale\/\">scheda<\/a> dell\u2019area riservata).<\/p>\n<p style=\"text-align: right;\">(<em>a cura di <strong>Marco De Pasquale<\/strong><\/em>)<\/p>\n","protected":false},"excerpt":{"rendered":"<p>La normativa. L\u2019articolo 6, comma 2-bis, della legge regionale 5\/2013 dell\u2019Emilia-Romagna introduce lo strumento del distanziometro anche per quel che concerne le sale scommesse e&nbsp;<span class=\"hellipsis\">[&hellip;]<\/span><a class=\"more-link\" href=\"https:\/\/welaikaadv.site\/avviso\/home\/cosa-facciamo\/informare\/documenti-tematici\/gioco-dazzardo\/il-tar-di-bologna-si-pronuncia-sul-presunto-effetto-espulsivo-nel-comune-di-reggio-emilia\/\">Leggi tutto <span class=\"screen-reader-text\">IL TAR DI BOLOGNA SI PRONUNCIA SUL PRESUNTO EFFETTO ESPULSIVO NEL COMUNE DI REGGIO EMILIA<\/span> <span class=\"meta-nav\" aria-hidden=\"true\">&rarr;<\/span><\/a><\/p>\n","protected":false},"author":1,"featured_media":0,"parent":202,"menu_order":160,"comment_status":"closed","ping_status":"closed","template":"","meta":{"_acf_changed":false,"_exactmetrics_skip_tracking":false,"_exactmetrics_sitenote_active":false,"_exactmetrics_sitenote_note":"","_exactmetrics_sitenote_category":0,"wp_social_preview_title":"","wp_social_preview_description":"","wp_social_preview_image":0,"footnotes":""},"class_list":["post-45595","page","type-page","status-publish","hentry"],"acf":[],"yoast_head":"<!-- This site is optimized with the Yoast SEO plugin v27.2 - https:\/\/yoast.com\/product\/yoast-seo-wordpress\/ -->\n<title>IL TAR DI BOLOGNA SI PRONUNCIA SUL PRESUNTO EFFETTO ESPULSIVO NEL COMUNE DI REGGIO EMILIA - Staging Avviso Pubblico<\/title>\n<meta name=\"robots\" content=\"noindex, follow, max-snippet:-1, max-image-preview:large, max-video-preview:-1\" \/>\n<meta property=\"og:locale\" content=\"it_IT\" \/>\n<meta property=\"og:type\" content=\"article\" \/>\n<meta property=\"og:title\" content=\"IL TAR DI BOLOGNA SI PRONUNCIA SUL PRESUNTO EFFETTO ESPULSIVO NEL COMUNE DI REGGIO EMILIA - Staging Avviso Pubblico\" \/>\n<meta property=\"og:description\" content=\"La normativa. L\u2019articolo 6, comma 2-bis, della legge regionale 5\/2013 dell\u2019Emilia-Romagna introduce lo strumento del distanziometro anche per quel che concerne le sale scommesse e&nbsp;[&hellip;]Leggi tutto IL TAR DI BOLOGNA SI PRONUNCIA SUL PRESUNTO EFFETTO ESPULSIVO NEL COMUNE DI REGGIO EMILIA &rarr;\" \/>\n<meta property=\"og:url\" content=\"https:\/\/welaikaadv.site\/avviso\/home\/cosa-facciamo\/informare\/documenti-tematici\/gioco-dazzardo\/il-tar-di-bologna-si-pronuncia-sul-presunto-effetto-espulsivo-nel-comune-di-reggio-emilia\/\" \/>\n<meta property=\"og:site_name\" content=\"Staging Avviso Pubblico\" \/>\n<meta name=\"twitter:card\" content=\"summary_large_image\" \/>\n<meta name=\"twitter:label1\" content=\"Tempo di lettura stimato\" \/>\n\t<meta name=\"twitter:data1\" content=\"3 minuti\" \/>\n<script type=\"application\/ld+json\" class=\"yoast-schema-graph\">{\"@context\":\"https:\/\/schema.org\",\"@graph\":[{\"@type\":\"WebPage\",\"@id\":\"https:\/\/welaikaadv.site\/avviso\/home\/cosa-facciamo\/informare\/documenti-tematici\/gioco-dazzardo\/il-tar-di-bologna-si-pronuncia-sul-presunto-effetto-espulsivo-nel-comune-di-reggio-emilia\/\",\"url\":\"https:\/\/welaikaadv.site\/avviso\/home\/cosa-facciamo\/informare\/documenti-tematici\/gioco-dazzardo\/il-tar-di-bologna-si-pronuncia-sul-presunto-effetto-espulsivo-nel-comune-di-reggio-emilia\/\",\"name\":\"IL TAR DI BOLOGNA SI PRONUNCIA SUL PRESUNTO EFFETTO ESPULSIVO NEL COMUNE DI REGGIO EMILIA - Staging Avviso Pubblico\",\"isPartOf\":{\"@id\":\"https:\/\/welaikaadv.site\/avviso\/#website\"},\"datePublished\":\"2021-07-27T12:30:01+00:00\",\"breadcrumb\":{\"@id\":\"https:\/\/welaikaadv.site\/avviso\/home\/cosa-facciamo\/informare\/documenti-tematici\/gioco-dazzardo\/il-tar-di-bologna-si-pronuncia-sul-presunto-effetto-espulsivo-nel-comune-di-reggio-emilia\/#breadcrumb\"},\"inLanguage\":\"it-IT\",\"potentialAction\":[{\"@type\":\"ReadAction\",\"target\":[\"https:\/\/welaikaadv.site\/avviso\/home\/cosa-facciamo\/informare\/documenti-tematici\/gioco-dazzardo\/il-tar-di-bologna-si-pronuncia-sul-presunto-effetto-espulsivo-nel-comune-di-reggio-emilia\/\"]}]},{\"@type\":\"BreadcrumbList\",\"@id\":\"https:\/\/welaikaadv.site\/avviso\/home\/cosa-facciamo\/informare\/documenti-tematici\/gioco-dazzardo\/il-tar-di-bologna-si-pronuncia-sul-presunto-effetto-espulsivo-nel-comune-di-reggio-emilia\/#breadcrumb\",\"itemListElement\":[{\"@type\":\"ListItem\",\"position\":1,\"name\":\"Home\",\"item\":\"https:\/\/welaikaadv.site\/avviso\/\"},{\"@type\":\"ListItem\",\"position\":2,\"name\":\"IL TAR DI BOLOGNA SI PRONUNCIA SUL PRESUNTO EFFETTO ESPULSIVO NEL COMUNE DI REGGIO EMILIA\"}]},{\"@type\":\"WebSite\",\"@id\":\"https:\/\/welaikaadv.site\/avviso\/#website\",\"url\":\"https:\/\/welaikaadv.site\/avviso\/\",\"name\":\"Staging Avviso Pubblico\",\"description\":\"\",\"publisher\":{\"@id\":\"https:\/\/welaikaadv.site\/avviso\/#organization\"},\"potentialAction\":[{\"@type\":\"SearchAction\",\"target\":{\"@type\":\"EntryPoint\",\"urlTemplate\":\"https:\/\/welaikaadv.site\/avviso\/?s={search_term_string}\"},\"query-input\":{\"@type\":\"PropertyValueSpecification\",\"valueRequired\":true,\"valueName\":\"search_term_string\"}}],\"inLanguage\":\"it-IT\"},{\"@type\":\"Organization\",\"@id\":\"https:\/\/welaikaadv.site\/avviso\/#organization\",\"name\":\"Staging Avviso Pubblico\",\"url\":\"https:\/\/welaikaadv.site\/avviso\/\",\"logo\":{\"@type\":\"ImageObject\",\"inLanguage\":\"it-IT\",\"@id\":\"https:\/\/welaikaadv.site\/avviso\/#\/schema\/logo\/image\/\",\"url\":\"https:\/\/welaikaadv.site\/avviso\/wp-content\/uploads\/2024\/08\/logoAPsito-400.png\",\"contentUrl\":\"https:\/\/welaikaadv.site\/avviso\/wp-content\/uploads\/2024\/08\/logoAPsito-400.png\",\"width\":400,\"height\":97,\"caption\":\"Staging Avviso Pubblico\"},\"image\":{\"@id\":\"https:\/\/welaikaadv.site\/avviso\/#\/schema\/logo\/image\/\"}}]}<\/script>\n<!-- \/ Yoast SEO plugin. -->","yoast_head_json":{"title":"IL TAR DI BOLOGNA SI PRONUNCIA SUL PRESUNTO EFFETTO ESPULSIVO NEL COMUNE DI REGGIO EMILIA - Staging Avviso Pubblico","robots":{"index":"noindex","follow":"follow","max-snippet":"max-snippet:-1","max-image-preview":"max-image-preview:large","max-video-preview":"max-video-preview:-1"},"og_locale":"it_IT","og_type":"article","og_title":"IL TAR DI BOLOGNA SI PRONUNCIA SUL PRESUNTO EFFETTO ESPULSIVO NEL COMUNE DI REGGIO EMILIA - Staging Avviso Pubblico","og_description":"La normativa. L\u2019articolo 6, comma 2-bis, della legge regionale 5\/2013 dell\u2019Emilia-Romagna introduce lo strumento del distanziometro anche per quel che concerne le sale scommesse e&nbsp;[&hellip;]Leggi tutto IL TAR DI BOLOGNA SI PRONUNCIA SUL PRESUNTO EFFETTO ESPULSIVO NEL COMUNE DI REGGIO EMILIA &rarr;","og_url":"https:\/\/welaikaadv.site\/avviso\/home\/cosa-facciamo\/informare\/documenti-tematici\/gioco-dazzardo\/il-tar-di-bologna-si-pronuncia-sul-presunto-effetto-espulsivo-nel-comune-di-reggio-emilia\/","og_site_name":"Staging Avviso Pubblico","twitter_card":"summary_large_image","twitter_misc":{"Tempo di lettura stimato":"3 minuti"},"schema":{"@context":"https:\/\/schema.org","@graph":[{"@type":"WebPage","@id":"https:\/\/welaikaadv.site\/avviso\/home\/cosa-facciamo\/informare\/documenti-tematici\/gioco-dazzardo\/il-tar-di-bologna-si-pronuncia-sul-presunto-effetto-espulsivo-nel-comune-di-reggio-emilia\/","url":"https:\/\/welaikaadv.site\/avviso\/home\/cosa-facciamo\/informare\/documenti-tematici\/gioco-dazzardo\/il-tar-di-bologna-si-pronuncia-sul-presunto-effetto-espulsivo-nel-comune-di-reggio-emilia\/","name":"IL TAR DI BOLOGNA SI PRONUNCIA SUL PRESUNTO EFFETTO ESPULSIVO NEL COMUNE DI REGGIO EMILIA - Staging Avviso Pubblico","isPartOf":{"@id":"https:\/\/welaikaadv.site\/avviso\/#website"},"datePublished":"2021-07-27T12:30:01+00:00","breadcrumb":{"@id":"https:\/\/welaikaadv.site\/avviso\/home\/cosa-facciamo\/informare\/documenti-tematici\/gioco-dazzardo\/il-tar-di-bologna-si-pronuncia-sul-presunto-effetto-espulsivo-nel-comune-di-reggio-emilia\/#breadcrumb"},"inLanguage":"it-IT","potentialAction":[{"@type":"ReadAction","target":["https:\/\/welaikaadv.site\/avviso\/home\/cosa-facciamo\/informare\/documenti-tematici\/gioco-dazzardo\/il-tar-di-bologna-si-pronuncia-sul-presunto-effetto-espulsivo-nel-comune-di-reggio-emilia\/"]}]},{"@type":"BreadcrumbList","@id":"https:\/\/welaikaadv.site\/avviso\/home\/cosa-facciamo\/informare\/documenti-tematici\/gioco-dazzardo\/il-tar-di-bologna-si-pronuncia-sul-presunto-effetto-espulsivo-nel-comune-di-reggio-emilia\/#breadcrumb","itemListElement":[{"@type":"ListItem","position":1,"name":"Home","item":"https:\/\/welaikaadv.site\/avviso\/"},{"@type":"ListItem","position":2,"name":"IL TAR DI BOLOGNA SI PRONUNCIA SUL PRESUNTO EFFETTO ESPULSIVO NEL COMUNE DI REGGIO EMILIA"}]},{"@type":"WebSite","@id":"https:\/\/welaikaadv.site\/avviso\/#website","url":"https:\/\/welaikaadv.site\/avviso\/","name":"Staging Avviso Pubblico","description":"","publisher":{"@id":"https:\/\/welaikaadv.site\/avviso\/#organization"},"potentialAction":[{"@type":"SearchAction","target":{"@type":"EntryPoint","urlTemplate":"https:\/\/welaikaadv.site\/avviso\/?s={search_term_string}"},"query-input":{"@type":"PropertyValueSpecification","valueRequired":true,"valueName":"search_term_string"}}],"inLanguage":"it-IT"},{"@type":"Organization","@id":"https:\/\/welaikaadv.site\/avviso\/#organization","name":"Staging Avviso Pubblico","url":"https:\/\/welaikaadv.site\/avviso\/","logo":{"@type":"ImageObject","inLanguage":"it-IT","@id":"https:\/\/welaikaadv.site\/avviso\/#\/schema\/logo\/image\/","url":"https:\/\/welaikaadv.site\/avviso\/wp-content\/uploads\/2024\/08\/logoAPsito-400.png","contentUrl":"https:\/\/welaikaadv.site\/avviso\/wp-content\/uploads\/2024\/08\/logoAPsito-400.png","width":400,"height":97,"caption":"Staging Avviso Pubblico"},"image":{"@id":"https:\/\/welaikaadv.site\/avviso\/#\/schema\/logo\/image\/"}}]}},"_links":{"self":[{"href":"https:\/\/welaikaadv.site\/avviso\/wp-json\/wp\/v2\/pages\/45595","targetHints":{"allow":["GET"]}}],"collection":[{"href":"https:\/\/welaikaadv.site\/avviso\/wp-json\/wp\/v2\/pages"}],"about":[{"href":"https:\/\/welaikaadv.site\/avviso\/wp-json\/wp\/v2\/types\/page"}],"author":[{"embeddable":true,"href":"https:\/\/welaikaadv.site\/avviso\/wp-json\/wp\/v2\/users\/1"}],"replies":[{"embeddable":true,"href":"https:\/\/welaikaadv.site\/avviso\/wp-json\/wp\/v2\/comments?post=45595"}],"version-history":[{"count":0,"href":"https:\/\/welaikaadv.site\/avviso\/wp-json\/wp\/v2\/pages\/45595\/revisions"}],"up":[{"embeddable":true,"href":"https:\/\/welaikaadv.site\/avviso\/wp-json\/wp\/v2\/pages\/202"}],"wp:attachment":[{"href":"https:\/\/welaikaadv.site\/avviso\/wp-json\/wp\/v2\/media?parent=45595"}],"curies":[{"name":"wp","href":"https:\/\/api.w.org\/{rel}","templated":true}]}}