{"id":45707,"date":"2021-08-24T11:02:39","date_gmt":"2021-08-24T09:02:39","guid":{"rendered":"https:\/\/www.avvisopubblico.it\/home\/?page_id=45707"},"modified":"2021-08-24T11:02:39","modified_gmt":"2021-08-24T09:02:39","slug":"il-tar-brescia-si-pronuncia-sullapplicazione-del-distanziometro-ai-ctd","status":"publish","type":"page","link":"https:\/\/welaikaadv.site\/avviso\/home\/cosa-facciamo\/informare\/documenti-tematici\/gioco-dazzardo\/il-tar-brescia-si-pronuncia-sullapplicazione-del-distanziometro-ai-ctd\/","title":{"rendered":"IL TAR BRESCIA SI PRONUNCIA SULL\u2019APPLICAZIONE DEL DISTANZIOMETRO AI CTD"},"content":{"rendered":"<p><strong>Il caso.<\/strong> La sentenza <a href=\"https:\/\/www.giustizia-amministrativa.it\/portale\/pages\/istituzionale\/visualizza\/?nodeRef=&amp;schema=tar_bs&amp;nrg=202000089&amp;nomeFile=202100760_01.html&amp;subDir=Provvedimenti\">760\/2021<\/a> del TAR Lombardia \u2013 sezione staccata di Brescia trae origine dal ricorso presentato da una ditta individuale, operante nel Comune di Suzzara (Mn), che svolge la funzione di Centro di Trasmissione ed Elaborazione Dati (CTD) per conto di un bookmaker autorizzato in Austria (non in Italia).<\/p>\n<p>Nel ricorso, la ditta italiana ha impugnato il decreto della Questura di Mantova con cui questa ha respinto la richiesta di licenza ex art. 88 TULPS; alla base del diniego, l\u2019argomentazione secondo cui tale richiesta pu\u00f2 essere legittimamente presentata solo da soggetti che siano titolari della concessione per l\u2019esercizio delle scommesse rilasciata dall\u2019ADM e la circostanza che la sede del CTD non rispetta la distanza minima di 500 metri dai luoghi sensibili prevista dalla <a href=\"https:\/\/www.indicenormativa.it\/sites\/default\/files\/DGR%25201274%2520del%252024%2520gennaio%25202014.pdf\">DGR 24 gennaio 2014 n. 10\/1274<\/a>.<\/p>\n<p><strong>La necessit\u00e0 dell\u2019autorizzazione per l\u2019esercizio delle scommesse.<\/strong> Su questo punto, il TAR sottolinea, anzitutto, che \u201ci CTD sono di fatto inseriti nella struttura aziendale del bookmaker, e possono quindi svolgere il loro segmento di attivit\u00e0 solo a condizione che il bookmaker sia autorizzato a operare in Italia\u201d, precisando anche che non sussiste \u201calcun obbligo per gli Stati dell\u2019Unione circa il riconoscimento reciproco degli atti autorizzativi\u201d. Il requisito dell\u2019autorizzazione appare conforme al diritto comunitario, purch\u00e9 venga comunque \u201cconsentito l\u2019accesso a tutti gli operatori interessati\u201d, mediante la \u201credistribuzione delle concessioni esistenti\u201d ovvero \u201cla messa a concorso di un numero rilevante di nuove concessioni, in ogni caso senza proteggere le posizioni acquisite dagli operatori storici\u201d.<\/p>\n<p>Di fronte al lamentato ritardo dell\u2019Italia nell\u2019indizione del nuovo concorso per l\u2019attribuzione delle concessioni, i giudici non si spingono a decretare la disapplicazione della normativa nazionale, poich\u00e9 per procedere in tal senso servirebbe anzitutto che il ricorso venisse presentato dal bookmaker straniero, e comunque la disapplicazione in s\u00e9 non basterebbe per risolvere la questione oggetto del giudizio.<\/p>\n<p><strong>Sul distanziometro per i CTD.<\/strong> Sul tema del mancato rispetto delle distanze minime, per prima cosa i giudici respingono la tesi secondo cui la fissazione di distanze sarebbe illegittima in quanto favorirebbe i concessionari storici gi\u00e0 insediati e, dunque, esonerati dall\u2019obbligo: il TAR rileva che la disciplina sul distanziometro deve essere letta non solo alla luce del diritto della concorrenza, ma anche nell\u2019ottica della finalit\u00e0 di interesse pubblico della tutela della salute dei soggetti pi\u00f9 fragili.<\/p>\n<p>Per il TAR, in ogni caso, la DGR 24 gennaio 2014 n. 10\/1274, relativa al distanziometro, non \u00e8 applicabile ai CTD: trattandosi di una normativa restrittiva della libert\u00e0 di iniziativa economica dei privati, non \u00e8 pensabile un\u2019applicazione analogica fuori dai casi espressamente previsti dalla legge. Nel caso specifico, l\u2019articolo 5, comma 1, della <a href=\"https:\/\/welaikaadv.site\/avviso\/home\/cosa-facciamo\/informare\/documenti-tematici\/gioco-dazzardo\/la-legge-della-regione-lombardia-di-contrasto-al-gioco-patologico\/\">legge regionale 8\/2013<\/a> menziona espressamente, ai fini del distanziometro, solo le sale da gioco e gli altri locali che ospitano apparecchi AWP e VLT. Per questo motivo, almeno nel territorio regionale lombardo, con la normativa attuale il distanziometro non pu\u00f2 essere applicato anche ai CTD.<\/p>\n<p>Tali argomentazioni, comunque, non servono a modificare l\u2019esito del ricorso dell\u2019esercente che viene respinto.<\/p>\n<p style=\"text-align: right;\">(<em>a cura di <strong>Marco De Pasquale<\/strong><\/em>)<\/p>\n","protected":false},"excerpt":{"rendered":"<p>Il caso. La sentenza 760\/2021 del TAR Lombardia \u2013 sezione staccata di Brescia trae origine dal ricorso presentato da una ditta individuale, operante nel Comune&nbsp;<span class=\"hellipsis\">[&hellip;]<\/span><a class=\"more-link\" href=\"https:\/\/welaikaadv.site\/avviso\/home\/cosa-facciamo\/informare\/documenti-tematici\/gioco-dazzardo\/il-tar-brescia-si-pronuncia-sullapplicazione-del-distanziometro-ai-ctd\/\">Leggi tutto <span class=\"screen-reader-text\">IL TAR BRESCIA SI PRONUNCIA SULL\u2019APPLICAZIONE DEL DISTANZIOMETRO AI CTD<\/span> <span class=\"meta-nav\" aria-hidden=\"true\">&rarr;<\/span><\/a><\/p>\n","protected":false},"author":1,"featured_media":0,"parent":202,"menu_order":160,"comment_status":"closed","ping_status":"closed","template":"","meta":{"_acf_changed":false,"_exactmetrics_skip_tracking":false,"_exactmetrics_sitenote_active":false,"_exactmetrics_sitenote_note":"","_exactmetrics_sitenote_category":0,"wp_social_preview_title":"","wp_social_preview_description":"","wp_social_preview_image":0,"footnotes":""},"class_list":["post-45707","page","type-page","status-publish","hentry"],"acf":[],"yoast_head":"<!-- This site is optimized with the Yoast SEO plugin v27.2 - https:\/\/yoast.com\/product\/yoast-seo-wordpress\/ -->\n<title>IL TAR BRESCIA SI PRONUNCIA SULL\u2019APPLICAZIONE DEL DISTANZIOMETRO AI CTD - Staging Avviso Pubblico<\/title>\n<meta name=\"robots\" content=\"noindex, follow, max-snippet:-1, max-image-preview:large, max-video-preview:-1\" \/>\n<meta property=\"og:locale\" content=\"it_IT\" \/>\n<meta property=\"og:type\" content=\"article\" \/>\n<meta property=\"og:title\" content=\"IL TAR BRESCIA SI PRONUNCIA SULL\u2019APPLICAZIONE DEL DISTANZIOMETRO AI CTD - Staging Avviso Pubblico\" \/>\n<meta property=\"og:description\" content=\"Il caso. La sentenza 760\/2021 del TAR Lombardia \u2013 sezione staccata di Brescia trae origine dal ricorso presentato da una ditta individuale, operante nel Comune&nbsp;[&hellip;]Leggi tutto IL TAR BRESCIA SI PRONUNCIA SULL\u2019APPLICAZIONE DEL DISTANZIOMETRO AI CTD &rarr;\" \/>\n<meta property=\"og:url\" content=\"https:\/\/welaikaadv.site\/avviso\/home\/cosa-facciamo\/informare\/documenti-tematici\/gioco-dazzardo\/il-tar-brescia-si-pronuncia-sullapplicazione-del-distanziometro-ai-ctd\/\" \/>\n<meta property=\"og:site_name\" content=\"Staging Avviso Pubblico\" \/>\n<meta name=\"twitter:card\" content=\"summary_large_image\" \/>\n<meta name=\"twitter:label1\" content=\"Tempo di lettura stimato\" \/>\n\t<meta name=\"twitter:data1\" content=\"3 minuti\" \/>\n<script type=\"application\/ld+json\" class=\"yoast-schema-graph\">{\"@context\":\"https:\/\/schema.org\",\"@graph\":[{\"@type\":\"WebPage\",\"@id\":\"https:\/\/welaikaadv.site\/avviso\/home\/cosa-facciamo\/informare\/documenti-tematici\/gioco-dazzardo\/il-tar-brescia-si-pronuncia-sullapplicazione-del-distanziometro-ai-ctd\/\",\"url\":\"https:\/\/welaikaadv.site\/avviso\/home\/cosa-facciamo\/informare\/documenti-tematici\/gioco-dazzardo\/il-tar-brescia-si-pronuncia-sullapplicazione-del-distanziometro-ai-ctd\/\",\"name\":\"IL TAR BRESCIA SI PRONUNCIA SULL\u2019APPLICAZIONE DEL DISTANZIOMETRO AI CTD - Staging Avviso Pubblico\",\"isPartOf\":{\"@id\":\"https:\/\/welaikaadv.site\/avviso\/#website\"},\"datePublished\":\"2021-08-24T09:02:39+00:00\",\"breadcrumb\":{\"@id\":\"https:\/\/welaikaadv.site\/avviso\/home\/cosa-facciamo\/informare\/documenti-tematici\/gioco-dazzardo\/il-tar-brescia-si-pronuncia-sullapplicazione-del-distanziometro-ai-ctd\/#breadcrumb\"},\"inLanguage\":\"it-IT\",\"potentialAction\":[{\"@type\":\"ReadAction\",\"target\":[\"https:\/\/welaikaadv.site\/avviso\/home\/cosa-facciamo\/informare\/documenti-tematici\/gioco-dazzardo\/il-tar-brescia-si-pronuncia-sullapplicazione-del-distanziometro-ai-ctd\/\"]}]},{\"@type\":\"BreadcrumbList\",\"@id\":\"https:\/\/welaikaadv.site\/avviso\/home\/cosa-facciamo\/informare\/documenti-tematici\/gioco-dazzardo\/il-tar-brescia-si-pronuncia-sullapplicazione-del-distanziometro-ai-ctd\/#breadcrumb\",\"itemListElement\":[{\"@type\":\"ListItem\",\"position\":1,\"name\":\"Home\",\"item\":\"https:\/\/welaikaadv.site\/avviso\/\"},{\"@type\":\"ListItem\",\"position\":2,\"name\":\"IL TAR BRESCIA SI PRONUNCIA SULL\u2019APPLICAZIONE DEL DISTANZIOMETRO AI CTD\"}]},{\"@type\":\"WebSite\",\"@id\":\"https:\/\/welaikaadv.site\/avviso\/#website\",\"url\":\"https:\/\/welaikaadv.site\/avviso\/\",\"name\":\"Staging Avviso Pubblico\",\"description\":\"\",\"publisher\":{\"@id\":\"https:\/\/welaikaadv.site\/avviso\/#organization\"},\"potentialAction\":[{\"@type\":\"SearchAction\",\"target\":{\"@type\":\"EntryPoint\",\"urlTemplate\":\"https:\/\/welaikaadv.site\/avviso\/?s={search_term_string}\"},\"query-input\":{\"@type\":\"PropertyValueSpecification\",\"valueRequired\":true,\"valueName\":\"search_term_string\"}}],\"inLanguage\":\"it-IT\"},{\"@type\":\"Organization\",\"@id\":\"https:\/\/welaikaadv.site\/avviso\/#organization\",\"name\":\"Staging Avviso Pubblico\",\"url\":\"https:\/\/welaikaadv.site\/avviso\/\",\"logo\":{\"@type\":\"ImageObject\",\"inLanguage\":\"it-IT\",\"@id\":\"https:\/\/welaikaadv.site\/avviso\/#\/schema\/logo\/image\/\",\"url\":\"https:\/\/welaikaadv.site\/avviso\/wp-content\/uploads\/2024\/08\/logoAPsito-400.png\",\"contentUrl\":\"https:\/\/welaikaadv.site\/avviso\/wp-content\/uploads\/2024\/08\/logoAPsito-400.png\",\"width\":400,\"height\":97,\"caption\":\"Staging Avviso Pubblico\"},\"image\":{\"@id\":\"https:\/\/welaikaadv.site\/avviso\/#\/schema\/logo\/image\/\"}}]}<\/script>\n<!-- \/ Yoast SEO plugin. -->","yoast_head_json":{"title":"IL TAR BRESCIA SI PRONUNCIA SULL\u2019APPLICAZIONE DEL DISTANZIOMETRO AI CTD - Staging Avviso Pubblico","robots":{"index":"noindex","follow":"follow","max-snippet":"max-snippet:-1","max-image-preview":"max-image-preview:large","max-video-preview":"max-video-preview:-1"},"og_locale":"it_IT","og_type":"article","og_title":"IL TAR BRESCIA SI PRONUNCIA SULL\u2019APPLICAZIONE DEL DISTANZIOMETRO AI CTD - Staging Avviso Pubblico","og_description":"Il caso. La sentenza 760\/2021 del TAR Lombardia \u2013 sezione staccata di Brescia trae origine dal ricorso presentato da una ditta individuale, operante nel Comune&nbsp;[&hellip;]Leggi tutto IL TAR BRESCIA SI PRONUNCIA SULL\u2019APPLICAZIONE DEL DISTANZIOMETRO AI CTD &rarr;","og_url":"https:\/\/welaikaadv.site\/avviso\/home\/cosa-facciamo\/informare\/documenti-tematici\/gioco-dazzardo\/il-tar-brescia-si-pronuncia-sullapplicazione-del-distanziometro-ai-ctd\/","og_site_name":"Staging Avviso Pubblico","twitter_card":"summary_large_image","twitter_misc":{"Tempo di lettura stimato":"3 minuti"},"schema":{"@context":"https:\/\/schema.org","@graph":[{"@type":"WebPage","@id":"https:\/\/welaikaadv.site\/avviso\/home\/cosa-facciamo\/informare\/documenti-tematici\/gioco-dazzardo\/il-tar-brescia-si-pronuncia-sullapplicazione-del-distanziometro-ai-ctd\/","url":"https:\/\/welaikaadv.site\/avviso\/home\/cosa-facciamo\/informare\/documenti-tematici\/gioco-dazzardo\/il-tar-brescia-si-pronuncia-sullapplicazione-del-distanziometro-ai-ctd\/","name":"IL TAR BRESCIA SI PRONUNCIA SULL\u2019APPLICAZIONE DEL DISTANZIOMETRO AI CTD - Staging Avviso Pubblico","isPartOf":{"@id":"https:\/\/welaikaadv.site\/avviso\/#website"},"datePublished":"2021-08-24T09:02:39+00:00","breadcrumb":{"@id":"https:\/\/welaikaadv.site\/avviso\/home\/cosa-facciamo\/informare\/documenti-tematici\/gioco-dazzardo\/il-tar-brescia-si-pronuncia-sullapplicazione-del-distanziometro-ai-ctd\/#breadcrumb"},"inLanguage":"it-IT","potentialAction":[{"@type":"ReadAction","target":["https:\/\/welaikaadv.site\/avviso\/home\/cosa-facciamo\/informare\/documenti-tematici\/gioco-dazzardo\/il-tar-brescia-si-pronuncia-sullapplicazione-del-distanziometro-ai-ctd\/"]}]},{"@type":"BreadcrumbList","@id":"https:\/\/welaikaadv.site\/avviso\/home\/cosa-facciamo\/informare\/documenti-tematici\/gioco-dazzardo\/il-tar-brescia-si-pronuncia-sullapplicazione-del-distanziometro-ai-ctd\/#breadcrumb","itemListElement":[{"@type":"ListItem","position":1,"name":"Home","item":"https:\/\/welaikaadv.site\/avviso\/"},{"@type":"ListItem","position":2,"name":"IL TAR BRESCIA SI PRONUNCIA SULL\u2019APPLICAZIONE DEL DISTANZIOMETRO AI CTD"}]},{"@type":"WebSite","@id":"https:\/\/welaikaadv.site\/avviso\/#website","url":"https:\/\/welaikaadv.site\/avviso\/","name":"Staging Avviso Pubblico","description":"","publisher":{"@id":"https:\/\/welaikaadv.site\/avviso\/#organization"},"potentialAction":[{"@type":"SearchAction","target":{"@type":"EntryPoint","urlTemplate":"https:\/\/welaikaadv.site\/avviso\/?s={search_term_string}"},"query-input":{"@type":"PropertyValueSpecification","valueRequired":true,"valueName":"search_term_string"}}],"inLanguage":"it-IT"},{"@type":"Organization","@id":"https:\/\/welaikaadv.site\/avviso\/#organization","name":"Staging Avviso Pubblico","url":"https:\/\/welaikaadv.site\/avviso\/","logo":{"@type":"ImageObject","inLanguage":"it-IT","@id":"https:\/\/welaikaadv.site\/avviso\/#\/schema\/logo\/image\/","url":"https:\/\/welaikaadv.site\/avviso\/wp-content\/uploads\/2024\/08\/logoAPsito-400.png","contentUrl":"https:\/\/welaikaadv.site\/avviso\/wp-content\/uploads\/2024\/08\/logoAPsito-400.png","width":400,"height":97,"caption":"Staging Avviso Pubblico"},"image":{"@id":"https:\/\/welaikaadv.site\/avviso\/#\/schema\/logo\/image\/"}}]}},"_links":{"self":[{"href":"https:\/\/welaikaadv.site\/avviso\/wp-json\/wp\/v2\/pages\/45707","targetHints":{"allow":["GET"]}}],"collection":[{"href":"https:\/\/welaikaadv.site\/avviso\/wp-json\/wp\/v2\/pages"}],"about":[{"href":"https:\/\/welaikaadv.site\/avviso\/wp-json\/wp\/v2\/types\/page"}],"author":[{"embeddable":true,"href":"https:\/\/welaikaadv.site\/avviso\/wp-json\/wp\/v2\/users\/1"}],"replies":[{"embeddable":true,"href":"https:\/\/welaikaadv.site\/avviso\/wp-json\/wp\/v2\/comments?post=45707"}],"version-history":[{"count":0,"href":"https:\/\/welaikaadv.site\/avviso\/wp-json\/wp\/v2\/pages\/45707\/revisions"}],"up":[{"embeddable":true,"href":"https:\/\/welaikaadv.site\/avviso\/wp-json\/wp\/v2\/pages\/202"}],"wp:attachment":[{"href":"https:\/\/welaikaadv.site\/avviso\/wp-json\/wp\/v2\/media?parent=45707"}],"curies":[{"name":"wp","href":"https:\/\/api.w.org\/{rel}","templated":true}]}}