{"id":45710,"date":"2021-08-25T15:52:08","date_gmt":"2021-08-25T13:52:08","guid":{"rendered":"https:\/\/www.avvisopubblico.it\/home\/?page_id=45710"},"modified":"2021-08-25T15:52:08","modified_gmt":"2021-08-25T13:52:08","slug":"il-tar-veneto-conferma-le-limitazioni-orarie-introdotte-nel-comune-di-venezia","status":"publish","type":"page","link":"https:\/\/welaikaadv.site\/avviso\/home\/cosa-facciamo\/informare\/documenti-tematici\/gioco-dazzardo\/il-tar-veneto-conferma-le-limitazioni-orarie-introdotte-nel-comune-di-venezia\/","title":{"rendered":"IL TAR VENETO CONFERMA LE LIMITAZIONI ORARIE INTRODOTTE NEL COMUNE DI VENEZIA"},"content":{"rendered":"<p><strong>La normativa e il caso.<\/strong> La <a href=\"https:\/\/welaikaadv.site\/avviso\/wp-content\/uploads\/2019\/09\/Legge-Veneto-azzardo.pdf\">legge regionale 38\/2019<\/a> del Veneto ha stabilito che, mediante un provvedimento adottato dalla Giunta regionale, vengono rese \u201comogenee sul territorio regionale le fasce orarie di interruzione quotidiana del gioco, secondo quanto previsto dall\u2019intesa\u201d in sede di Conferenza Unificata Stato Autonomie Locali.<\/p>\n<p>La Giunta \u00e8 quindi intervenuta con la <a href=\"https:\/\/welaikaadv.site\/avviso\/wp-content\/uploads\/2020\/01\/Deliberazione-Giunta-Veneto.pdf\">deliberazione 2006\/2019<\/a> con cui ha introdotto tre fasce orarie di interruzione del gioco a livello regionale (7.00-9.00; 13.00-15.00; 18.00-20.00), precisando inoltre che i Comuni possono \u201caggiungere \u2026 anche ulteriori fasce di chiusura, anche in relazione alla situazione locale\u201d.<\/p>\n<p>Il Comune di Venezia, attraverso una <a href=\"https:\/\/www.ascomvenezia.com\/circolari-1808-Comune-di-Venezia---Nuove-fasce-orarie-per-gli-apparecchi-per-il-gioco.html\">Nota<\/a>, ha integrato le disposizioni in tema di orari gi\u00e0 contenute nel previgente <a href=\"https:\/\/www.comune.venezia.it\/it\/content\/regolamento-comunale-materia-giochi\">Regolamento comunale in materia di giochi<\/a> (approvato con delibera del Consiglio comunale n. 50 del 10 novembre 2016) con le nuove norme della delibera di Giunta, stabilendo cos\u00ec che gli apparecchi di intrattenimento possono essere messi in funzione nelle fasce orarie 09.00-13.00 e 15.00-18.00.<\/p>\n<p>Avverso la Nota e le nuove fasce orarie ha presentato ricorso una societ\u00e0 che gestisce in Veneto oltre sessanta sale da gioco dotate di apparecchi del tipo AWP e VLT; il TAR per il Veneto si \u00e8 pronunciato con la sentenza <a href=\"https:\/\/www.giustizia-amministrativa.it\/portale\/pages\/istituzionale\/visualizza\/?nodeRef=&amp;schema=tar_ve&amp;nrg=202000305&amp;nomeFile=202101016_01.html&amp;subDir=Provvedimenti\">1016\/2021<\/a> che qui si analizza.<\/p>\n<p><strong>Il valore dell\u2019Intesa.<\/strong> Tra i motivi di ricorso sollevati dall\u2019esercente spicca, anzitutto, la considerazione che l\u2019illegittimit\u00e0 dei provvedimenti impugnati discenderebbe da una violazione del contenuto dell\u2019Intesa in sede di Conferenza Unificata.<\/p>\n<p>Il TAR, nel respingere queste argomentazioni, richiama l\u2019ampia giurisprudenza sul punto (si veda questa <a href=\"https:\/\/welaikaadv.site\/avviso\/home\/cosa-facciamo\/informare\/documenti-tematici\/gioco-dazzardo\/giurisprudenza-e-dati-sul-giocato-pro-capite\/gioco-dazzardo-la-giurisprudenza-su-limitazione-degli-orari-e-apertura-delle-sale\/\">scheda<\/a> dell\u2019area riservata) che ha costantemente negato l\u2019efficacia cogente dell\u2019Intesa, non essendo stata recepita da un decreto ministeriale.<\/p>\n<p>L\u2019Intesa, anzi, se da un lato \u00e8 priva di valore cogente, dall\u2019altro sarebbe invece idonea a riconoscere in via pi\u00f9 generale le limitazioni orarie del gioco quale strumento di lotta al fenomeno della ludopatia.<\/p>\n<p>Aggiungono i giudici, inoltre, che \u00e8 lo stesso testo dell\u2019Intesa a far salve le disposizioni specifiche previste dalle Regioni che prevedono una tutela maggiore e che, in ogni caso, essendo l\u2019Intesa preordinata alla definizione di un complessivo riordino della materia, con la previsione di varie disposizioni, risulterebbe \u201carbitrario e contrario allo spirito dell\u2019Intesa predicarne un\u2019applicazione atomistica o parcellizzata\u201d.<\/p>\n<p><strong>Le competenze dei Comuni.<\/strong> Il ricorrente sostiene, inoltre, che la menzione nell\u2019articolo 8 della legge regionale dell\u2019Intesa avrebbe, nei fatti, \u201clegificato\u201d il suo contenuto, imponendo in tutto il territorio regionale il limite massimo di interruzione quotidiana del gioco in sei ore, secondo le fasce da individuare con delibera di Giunta, senza che i Comuni potessero individuare fasce ulteriori di interruzione dal gioco.<\/p>\n<p>Tale ricostruzione \u00e8 smentita, giurisprudenza alla mano (es. <a href=\"https:\/\/www.cortecostituzionale.it\/actionSchedaPronuncia.do?anno=2014&amp;numero=220\">sentenza 220\/2014 della Corte costituzionale<\/a>), dai giudici del TAR Veneto: deve considerarsi ferma la facolt\u00e0 degli Enti locali di \u201cporre in essere gli interventi necessari a garantire il corretto equilibrio tra la libert\u00e0 di iniziativa economica ex art. 41 della Costituzione e la tutela della sicurezza, della salute, della libert\u00e0 e dignit\u00e0 umana in ragione delle specifiche problematiche di ciascun territorio\u201d, anche attraverso la limitazione degli orari del gioco, ai sensi dell\u2019art. 50, comma 7, del TUEL, per la tutela della salute pubblica ed il benessere socio-economico dei cittadini.<\/p>\n<p>Il Collegio, anzi, si spinge oltre, ricordando come la giurisprudenza abbia riconosciuto in capo ai Comuni non solo il potere \u201cma anche un vero e proprio obbligo di adottare interventi limitativi nella regolamentazione delle attivit\u00e0 di gioco (sentenza <a href=\"https:\/\/www.giustizia-amministrativa.it\/portale\/pages\/istituzionale\/visualizza\/?nodeRef=&amp;schema=cds&amp;nrg=201805809&amp;nomeFile=201904509_11.html&amp;subDir=Provvedimenti\">4509\/2019<\/a> del Consiglio di Stato) sulla base della tutela della salute pubblica e del rispetto del principio di precauzione (di derivazione comunitaria).<\/p>\n<p>Non sussiste, inoltre, la prospettata disparit\u00e0 di trattamento rispetto ad eventuali discipline meno restrittive adottate in altri Comuni: trattandosi di prerogative comunali, ciascun Ente le esercita con riferimento al territorio di propria pertinenza e alle specifiche realt\u00e0 locali.<\/p>\n<p>Per questi motivi, il TAR ha riconosciuto la correttezza sia della delibera di Giunta sia delle integrazioni del Comune di Venezia e ha respinto il ricorso dell\u2019esercente.<\/p>\n<p style=\"text-align: right;\">(<em>a cura di <strong>Marco De Pasquale<\/strong><\/em>)<\/p>\n","protected":false},"excerpt":{"rendered":"<p>La normativa e il caso. La legge regionale 38\/2019 del Veneto ha stabilito che, mediante un provvedimento adottato dalla Giunta regionale, vengono rese \u201comogenee sul&nbsp;<span class=\"hellipsis\">[&hellip;]<\/span><a class=\"more-link\" href=\"https:\/\/welaikaadv.site\/avviso\/home\/cosa-facciamo\/informare\/documenti-tematici\/gioco-dazzardo\/il-tar-veneto-conferma-le-limitazioni-orarie-introdotte-nel-comune-di-venezia\/\">Leggi tutto <span class=\"screen-reader-text\">IL TAR VENETO CONFERMA LE LIMITAZIONI ORARIE INTRODOTTE NEL COMUNE DI VENEZIA<\/span> <span class=\"meta-nav\" aria-hidden=\"true\">&rarr;<\/span><\/a><\/p>\n","protected":false},"author":1,"featured_media":0,"parent":202,"menu_order":160,"comment_status":"closed","ping_status":"closed","template":"","meta":{"_acf_changed":false,"_exactmetrics_skip_tracking":false,"_exactmetrics_sitenote_active":false,"_exactmetrics_sitenote_note":"","_exactmetrics_sitenote_category":0,"wp_social_preview_title":"","wp_social_preview_description":"","wp_social_preview_image":0,"footnotes":""},"class_list":["post-45710","page","type-page","status-publish","hentry"],"acf":[],"yoast_head":"<!-- This site is optimized with the Yoast SEO plugin v27.2 - https:\/\/yoast.com\/product\/yoast-seo-wordpress\/ -->\n<title>IL TAR VENETO CONFERMA LE LIMITAZIONI ORARIE INTRODOTTE NEL COMUNE DI VENEZIA - Staging Avviso Pubblico<\/title>\n<meta name=\"robots\" content=\"noindex, follow, max-snippet:-1, max-image-preview:large, max-video-preview:-1\" \/>\n<meta property=\"og:locale\" content=\"it_IT\" \/>\n<meta property=\"og:type\" content=\"article\" \/>\n<meta property=\"og:title\" content=\"IL TAR VENETO CONFERMA LE LIMITAZIONI ORARIE INTRODOTTE NEL COMUNE DI VENEZIA - Staging Avviso Pubblico\" \/>\n<meta property=\"og:description\" content=\"La normativa e il caso. La legge regionale 38\/2019 del Veneto ha stabilito che, mediante un provvedimento adottato dalla Giunta regionale, vengono rese \u201comogenee sul&nbsp;[&hellip;]Leggi tutto IL TAR VENETO CONFERMA LE LIMITAZIONI ORARIE INTRODOTTE NEL COMUNE DI VENEZIA &rarr;\" \/>\n<meta property=\"og:url\" content=\"https:\/\/welaikaadv.site\/avviso\/home\/cosa-facciamo\/informare\/documenti-tematici\/gioco-dazzardo\/il-tar-veneto-conferma-le-limitazioni-orarie-introdotte-nel-comune-di-venezia\/\" \/>\n<meta property=\"og:site_name\" content=\"Staging Avviso Pubblico\" \/>\n<meta name=\"twitter:card\" content=\"summary_large_image\" \/>\n<meta name=\"twitter:label1\" content=\"Tempo di lettura stimato\" \/>\n\t<meta name=\"twitter:data1\" content=\"3 minuti\" \/>\n<script type=\"application\/ld+json\" class=\"yoast-schema-graph\">{\"@context\":\"https:\/\/schema.org\",\"@graph\":[{\"@type\":\"WebPage\",\"@id\":\"https:\/\/welaikaadv.site\/avviso\/home\/cosa-facciamo\/informare\/documenti-tematici\/gioco-dazzardo\/il-tar-veneto-conferma-le-limitazioni-orarie-introdotte-nel-comune-di-venezia\/\",\"url\":\"https:\/\/welaikaadv.site\/avviso\/home\/cosa-facciamo\/informare\/documenti-tematici\/gioco-dazzardo\/il-tar-veneto-conferma-le-limitazioni-orarie-introdotte-nel-comune-di-venezia\/\",\"name\":\"IL TAR VENETO CONFERMA LE LIMITAZIONI ORARIE INTRODOTTE NEL COMUNE DI VENEZIA - Staging Avviso Pubblico\",\"isPartOf\":{\"@id\":\"https:\/\/welaikaadv.site\/avviso\/#website\"},\"datePublished\":\"2021-08-25T13:52:08+00:00\",\"breadcrumb\":{\"@id\":\"https:\/\/welaikaadv.site\/avviso\/home\/cosa-facciamo\/informare\/documenti-tematici\/gioco-dazzardo\/il-tar-veneto-conferma-le-limitazioni-orarie-introdotte-nel-comune-di-venezia\/#breadcrumb\"},\"inLanguage\":\"it-IT\",\"potentialAction\":[{\"@type\":\"ReadAction\",\"target\":[\"https:\/\/welaikaadv.site\/avviso\/home\/cosa-facciamo\/informare\/documenti-tematici\/gioco-dazzardo\/il-tar-veneto-conferma-le-limitazioni-orarie-introdotte-nel-comune-di-venezia\/\"]}]},{\"@type\":\"BreadcrumbList\",\"@id\":\"https:\/\/welaikaadv.site\/avviso\/home\/cosa-facciamo\/informare\/documenti-tematici\/gioco-dazzardo\/il-tar-veneto-conferma-le-limitazioni-orarie-introdotte-nel-comune-di-venezia\/#breadcrumb\",\"itemListElement\":[{\"@type\":\"ListItem\",\"position\":1,\"name\":\"Home\",\"item\":\"https:\/\/welaikaadv.site\/avviso\/\"},{\"@type\":\"ListItem\",\"position\":2,\"name\":\"IL TAR VENETO CONFERMA LE LIMITAZIONI ORARIE INTRODOTTE NEL COMUNE DI VENEZIA\"}]},{\"@type\":\"WebSite\",\"@id\":\"https:\/\/welaikaadv.site\/avviso\/#website\",\"url\":\"https:\/\/welaikaadv.site\/avviso\/\",\"name\":\"Staging Avviso Pubblico\",\"description\":\"\",\"publisher\":{\"@id\":\"https:\/\/welaikaadv.site\/avviso\/#organization\"},\"potentialAction\":[{\"@type\":\"SearchAction\",\"target\":{\"@type\":\"EntryPoint\",\"urlTemplate\":\"https:\/\/welaikaadv.site\/avviso\/?s={search_term_string}\"},\"query-input\":{\"@type\":\"PropertyValueSpecification\",\"valueRequired\":true,\"valueName\":\"search_term_string\"}}],\"inLanguage\":\"it-IT\"},{\"@type\":\"Organization\",\"@id\":\"https:\/\/welaikaadv.site\/avviso\/#organization\",\"name\":\"Staging Avviso Pubblico\",\"url\":\"https:\/\/welaikaadv.site\/avviso\/\",\"logo\":{\"@type\":\"ImageObject\",\"inLanguage\":\"it-IT\",\"@id\":\"https:\/\/welaikaadv.site\/avviso\/#\/schema\/logo\/image\/\",\"url\":\"https:\/\/welaikaadv.site\/avviso\/wp-content\/uploads\/2024\/08\/logoAPsito-400.png\",\"contentUrl\":\"https:\/\/welaikaadv.site\/avviso\/wp-content\/uploads\/2024\/08\/logoAPsito-400.png\",\"width\":400,\"height\":97,\"caption\":\"Staging Avviso Pubblico\"},\"image\":{\"@id\":\"https:\/\/welaikaadv.site\/avviso\/#\/schema\/logo\/image\/\"}}]}<\/script>\n<!-- \/ Yoast SEO plugin. -->","yoast_head_json":{"title":"IL TAR VENETO CONFERMA LE LIMITAZIONI ORARIE INTRODOTTE NEL COMUNE DI VENEZIA - Staging Avviso Pubblico","robots":{"index":"noindex","follow":"follow","max-snippet":"max-snippet:-1","max-image-preview":"max-image-preview:large","max-video-preview":"max-video-preview:-1"},"og_locale":"it_IT","og_type":"article","og_title":"IL TAR VENETO CONFERMA LE LIMITAZIONI ORARIE INTRODOTTE NEL COMUNE DI VENEZIA - Staging Avviso Pubblico","og_description":"La normativa e il caso. La legge regionale 38\/2019 del Veneto ha stabilito che, mediante un provvedimento adottato dalla Giunta regionale, vengono rese \u201comogenee sul&nbsp;[&hellip;]Leggi tutto IL TAR VENETO CONFERMA LE LIMITAZIONI ORARIE INTRODOTTE NEL COMUNE DI VENEZIA &rarr;","og_url":"https:\/\/welaikaadv.site\/avviso\/home\/cosa-facciamo\/informare\/documenti-tematici\/gioco-dazzardo\/il-tar-veneto-conferma-le-limitazioni-orarie-introdotte-nel-comune-di-venezia\/","og_site_name":"Staging Avviso Pubblico","twitter_card":"summary_large_image","twitter_misc":{"Tempo di lettura stimato":"3 minuti"},"schema":{"@context":"https:\/\/schema.org","@graph":[{"@type":"WebPage","@id":"https:\/\/welaikaadv.site\/avviso\/home\/cosa-facciamo\/informare\/documenti-tematici\/gioco-dazzardo\/il-tar-veneto-conferma-le-limitazioni-orarie-introdotte-nel-comune-di-venezia\/","url":"https:\/\/welaikaadv.site\/avviso\/home\/cosa-facciamo\/informare\/documenti-tematici\/gioco-dazzardo\/il-tar-veneto-conferma-le-limitazioni-orarie-introdotte-nel-comune-di-venezia\/","name":"IL TAR VENETO CONFERMA LE LIMITAZIONI ORARIE INTRODOTTE NEL COMUNE DI VENEZIA - Staging Avviso Pubblico","isPartOf":{"@id":"https:\/\/welaikaadv.site\/avviso\/#website"},"datePublished":"2021-08-25T13:52:08+00:00","breadcrumb":{"@id":"https:\/\/welaikaadv.site\/avviso\/home\/cosa-facciamo\/informare\/documenti-tematici\/gioco-dazzardo\/il-tar-veneto-conferma-le-limitazioni-orarie-introdotte-nel-comune-di-venezia\/#breadcrumb"},"inLanguage":"it-IT","potentialAction":[{"@type":"ReadAction","target":["https:\/\/welaikaadv.site\/avviso\/home\/cosa-facciamo\/informare\/documenti-tematici\/gioco-dazzardo\/il-tar-veneto-conferma-le-limitazioni-orarie-introdotte-nel-comune-di-venezia\/"]}]},{"@type":"BreadcrumbList","@id":"https:\/\/welaikaadv.site\/avviso\/home\/cosa-facciamo\/informare\/documenti-tematici\/gioco-dazzardo\/il-tar-veneto-conferma-le-limitazioni-orarie-introdotte-nel-comune-di-venezia\/#breadcrumb","itemListElement":[{"@type":"ListItem","position":1,"name":"Home","item":"https:\/\/welaikaadv.site\/avviso\/"},{"@type":"ListItem","position":2,"name":"IL TAR VENETO CONFERMA LE LIMITAZIONI ORARIE INTRODOTTE NEL COMUNE DI VENEZIA"}]},{"@type":"WebSite","@id":"https:\/\/welaikaadv.site\/avviso\/#website","url":"https:\/\/welaikaadv.site\/avviso\/","name":"Staging Avviso Pubblico","description":"","publisher":{"@id":"https:\/\/welaikaadv.site\/avviso\/#organization"},"potentialAction":[{"@type":"SearchAction","target":{"@type":"EntryPoint","urlTemplate":"https:\/\/welaikaadv.site\/avviso\/?s={search_term_string}"},"query-input":{"@type":"PropertyValueSpecification","valueRequired":true,"valueName":"search_term_string"}}],"inLanguage":"it-IT"},{"@type":"Organization","@id":"https:\/\/welaikaadv.site\/avviso\/#organization","name":"Staging Avviso Pubblico","url":"https:\/\/welaikaadv.site\/avviso\/","logo":{"@type":"ImageObject","inLanguage":"it-IT","@id":"https:\/\/welaikaadv.site\/avviso\/#\/schema\/logo\/image\/","url":"https:\/\/welaikaadv.site\/avviso\/wp-content\/uploads\/2024\/08\/logoAPsito-400.png","contentUrl":"https:\/\/welaikaadv.site\/avviso\/wp-content\/uploads\/2024\/08\/logoAPsito-400.png","width":400,"height":97,"caption":"Staging Avviso Pubblico"},"image":{"@id":"https:\/\/welaikaadv.site\/avviso\/#\/schema\/logo\/image\/"}}]}},"_links":{"self":[{"href":"https:\/\/welaikaadv.site\/avviso\/wp-json\/wp\/v2\/pages\/45710","targetHints":{"allow":["GET"]}}],"collection":[{"href":"https:\/\/welaikaadv.site\/avviso\/wp-json\/wp\/v2\/pages"}],"about":[{"href":"https:\/\/welaikaadv.site\/avviso\/wp-json\/wp\/v2\/types\/page"}],"author":[{"embeddable":true,"href":"https:\/\/welaikaadv.site\/avviso\/wp-json\/wp\/v2\/users\/1"}],"replies":[{"embeddable":true,"href":"https:\/\/welaikaadv.site\/avviso\/wp-json\/wp\/v2\/comments?post=45710"}],"version-history":[{"count":0,"href":"https:\/\/welaikaadv.site\/avviso\/wp-json\/wp\/v2\/pages\/45710\/revisions"}],"up":[{"embeddable":true,"href":"https:\/\/welaikaadv.site\/avviso\/wp-json\/wp\/v2\/pages\/202"}],"wp:attachment":[{"href":"https:\/\/welaikaadv.site\/avviso\/wp-json\/wp\/v2\/media?parent=45710"}],"curies":[{"name":"wp","href":"https:\/\/api.w.org\/{rel}","templated":true}]}}