{"id":45855,"date":"2021-09-09T16:33:30","date_gmt":"2021-09-09T14:33:30","guid":{"rendered":"https:\/\/www.avvisopubblico.it\/home\/?page_id=45855"},"modified":"2021-09-09T16:33:30","modified_gmt":"2021-09-09T14:33:30","slug":"il-tar-veneto-si-pronuncia-sulle-limitazioni-al-gioco-introdotte-dai-comuni-di-abano-terme-pd-e-di-pove-del-grappa-vi","status":"publish","type":"page","link":"https:\/\/welaikaadv.site\/avviso\/home\/cosa-facciamo\/informare\/documenti-tematici\/gioco-dazzardo\/il-tar-veneto-si-pronuncia-sulle-limitazioni-al-gioco-introdotte-dai-comuni-di-abano-terme-pd-e-di-pove-del-grappa-vi\/","title":{"rendered":"IL TAR VENETO SI PRONUNCIA SULLE LIMITAZIONI AL GIOCO INTRODOTTE DAI COMUNI DI ABANO TERME (PD) E DI POVE DEL GRAPPA (VI)"},"content":{"rendered":"<p><strong>LE LIMITAZIONI AL GIOCO D\u2019AZZARDO NEL COMUNE DI ABANO TERME (PD)<\/strong><\/p>\n<p><strong>La normativa e il caso.<\/strong> Il Comune di Abano Terme (Pd) con il <a href=\"https:\/\/www.comune.abanoterme.pd.it\/wp-content\/uploads\/2018\/12\/20160926-REGOLAMENTO_SALE_GIOCO-completa.pdf\">Regolamento comunale<\/a> approvato dalla delibera 60\/2016 del Commissario straordinario e, successivamente, con l\u2019ordinanza 9930\/2016 ha introdotto, in materia di gioco d\u2019azzardo, il distanziometro rispetto ad alcuni luoghi sensibili e le limitazioni agli orari di funzionamento degli apparecchi da gioco AWP e VLT (in funzione dalle 10 alle 13 e dalle 17 alle 22), con obbligo di completo spegnimento negli orari di non funzionamento e con un apparato sanzionatorio.<\/p>\n<p>Avverso queste previsioni ha presentato ricorso un esercente del settore dei giochi, che gestisce una sala nel Comune di Abano Terme. Si \u00e8 pronunciato il TAR per il Veneto con la sentenza <a href=\"https:\/\/www.giustizia-amministrativa.it\/portale\/pages\/istituzionale\/visualizza\/?nodeRef=&amp;schema=tar_ve&amp;nrg=201601520&amp;nomeFile=202101053_01.html&amp;subDir=Provvedimenti\">1053\/2021<\/a> che qui si analizza.<\/p>\n<p><strong>Il valore dell\u2019Intesa.<\/strong> In tema di limitazioni orarie il TAR, riprendendo un orientamento ormai consolidato, nega che l\u2019Intesa raggiunta in sede di Conferenza Unificata Stato &#8211; Regioni \u2013 Comuni del 7 Settembre 2017 abbia efficacia cogente, in quanto non recepita dal previsto decreto del Ministero dell\u2019Economia, cosicch\u00e9 non \u00e8 corretto affermare che da questa possa discendere l\u2019illegittimit\u00e0 dell\u2019ordinanza impugnata. Anzi, dall\u2019Intesa pu\u00f2 semmai ricavarsi che \u00e8 ormai assunto a principio generale che la previsione di limitazioni orarie debba essere considerata come uno strumento di lotta alla ludopatia.<\/p>\n<p><strong>Il rapporto con la legge regionale 38\/2019.<\/strong> Sempre sul punto dei limiti orari, il Collegio nega che le previsioni comunali siano in contrasto con i contenuti della <a href=\"https:\/\/welaikaadv.site\/avviso\/wp-content\/uploads\/2019\/09\/Legge-Veneto-azzardo.pdf\">legge regionale 38\/2019<\/a>: innanzitutto, sostengono i giudici, \u201cin virt\u00f9 del principio tempus regit actum, la sopravventa approvazione della legge regionale n. 38 del 2019, non potrebbe rilevare ai fini della legittimit\u00e0 di una ordinanza comunale preesistente\u201d; inoltre, \u00e8 la stessa Delibera di Giunta Regionale <a href=\"https:\/\/welaikaadv.site\/avviso\/wp-content\/uploads\/2020\/01\/Deliberazione-Giunta-Veneto.pdf\">2006\/2019<\/a> (che ha dato attuazione alle previsioni di legge relative ai limiti orari) a riconoscere la possibilit\u00e0 per i Comuni di aggiungere alle fasce di interruzione regionali ulteriori fasce orarie di chiusura, anche in relazione alla situazione locale.<\/p>\n<p><strong>I poteri comunali.<\/strong> Il potere del Sindaco di disciplinare gli orari delle sale da gioco e di accensione e spegnimento degli apparecchi durante l\u2019orario di apertura degli esercizi in cui i medesimi sono installati trova il suo fondamento, per giurisprudenza (anche costituzionale) consolidata, nell\u2019articolo 50, comma 7, del TUEL. Del resto, sottolineano ancora i giudici, in assenza di una normativa di coordinamento di ambito statale i Comuni non solo sono legittimati a intervenire nella materia ma in capo a questi esiste \u201cun vero e proprio obbligo a porre in essere \u2026 interventi limitativi nella regolamentazione delle attivit\u00e0 di gioco\u201d con la finalit\u00e0 di tutela della salute collettiva e in ossequio al principio (di derivazione comunitaria) di precauzione.<\/p>\n<p><strong>Il principio di proporzionalit\u00e0.<\/strong> Sulla scia di queste argomentazioni, i giudici ritengono sia correttamente superato anche il test di proporzionalit\u00e0, con il quale si verifica se la scelta concreta dell&#8217;amministrazione \u00e8 in potenza capace di conseguire l&#8217;obiettivo (idoneit\u00e0 del mezzo), rappresenta il minor sacrificio possibile per gli interessi privati attinti (stretta necessit\u00e0) ed \u00e8 tale, comunque, da poter essere sostenuto dal destinatario (adeguatezza).<\/p>\n<p>A tal proposito, il TAR sottolinea che una limitazione oraria dell&#8217;apertura a otto ore complessiva comporta il minor sacrificio possibile per l&#8217;interesse dei privati gestori delle sale in relazione all&#8217;interesse pubblico a prevenire e contrastare fenomeni di patologia sociale connessi al gioco compulsivo; il tutto nel rispetto dell\u2019articolo 41 della Costituzione, che prevede una libert\u00e0 economica non assoluta, e degli orientamenti della Corte di Giustizia UE, che ammette restrizioni alla libert\u00e0 di stabilimento e alla libera prestazione di servizi in presenza di esigenze imperative connesse all\u2019interesse generale.<\/p>\n<p><strong>L\u2019istruttoria e gli obiettivi delle limitazioni orarie.<\/strong> Secondo l\u2019esercente, i provvedimenti comunali sarebbero carenti sul piano dell\u2019istruttoria: il TAR respinge, per\u00f2, anche questa censura. I giudici non si limitano a ricordare che \u201cla diffusione del fenomeno della ludopatia in ampie fasce della societ\u00e0 civile costituisce un fatto notorio o, comunque, una nozione di fatto di comune esperienza\u201d (come affermato da una parte rilevante della giurisprudenza) ma, analizzando i dati riportati nell\u2019ordinanza, rilevano che il Comune ha dato conto:<\/p>\n<p>1) della capillare diffusione di sale e apparecchi da gioco nel territorio interessato;<\/p>\n<p>2) del numero crescente di cittadini utenti presso l\u2019Ambulatorio per la Prevenzione e il Trattamento della Dipendenza da Gioco d\u2019Azzardo anche nella realt\u00e0 specifica del distretto dei Colli e residenti nel Comune di Abano Terme.<\/p>\n<p>Questi dati, uniti alla considerazione che il fenomeno della ludopatia si caratterizza per una notevole cifra oscura, permettono di considerare adeguatamente svolta l\u2019attivit\u00e0 istruttoria.<\/p>\n<p>Peraltro, sottolinea il TAR, non si deve comunque ritenere che con le limitazioni poste all\u2019orario di funzionamento degli apparecchi si sarebbe eliminato il fenomeno del gioco patologico: l\u2019obiettivo rimane quello di creare le condizioni per disincentivare l\u2019utilizzo continuativo e a tempo pieno degli apparecchi stessi, nell\u2019ottica di prevenire, contrastare e ridurre il rischio di dipendenza patologica da gioco.<\/p>\n<p><strong>L\u2019apparato sanzionatorio.<\/strong> Richiamando la sentenza del Consiglio di Stato <a href=\"https:\/\/welaikaadv.site\/avviso\/home\/cosa-facciamo\/informare\/documenti-tematici\/gioco-dazzardo\/il-tar-lombardia-si-esprime-sul-potere-sanzionatorio-dei-comuni-e-sul-valore-dellintesa-rispetto-al-numero-di-ore-di-sospensione-quotidiana-del-gioco\/?hilite=%276331%2F2021%27\">6331\/2020<\/a>, i giudici respingono anche l\u2019ulteriore censura relativa all\u2019apparato sanzionatorio introdotto dal Regolamento: si ricorda, infatti, che \u201ca fronte del potere del Sindaco di disciplinare l\u2019orario di apertura delle sale da gioco e di funzionamento degli apparecchi con vincite in danaro, deve logicamente e giuridicamente affermarsi la sussistenza anche di un corrispondente potere sanzionatorio, che sia effettivo e dunque non meramente simbolico o sproporzionato, in modo da garantire l&#8217;effettivit\u00e0 della stessa disciplina sindacale\u201d.<\/p>\n<p>&nbsp;<\/p>\n<p><strong>LE LIMITAZIONI AL GIOCO D\u2019AZZARDO NEL COMUNE DI POVE DEL GRAPPA (VI)<\/strong><\/p>\n<p><strong>La normativa e il caso. <\/strong>Il Comune di Pove del Grappa (Vi) \u00e8 intervenuto per disciplinare gli orari di funzionamento degli apparecchi da gioco con l\u2019ordinanza 18\/2020, con cui sono state introdotte le seguenti fasce di spegnimento: dalle ore 7.00 alle ore 10.00; dalle ore 13.00 alle ore 15.00; dalle ore 18.00 alle ore 20.00; dalle ore 22.00 alle ore 7.00.<\/p>\n<p>Avverso questo provvedimento ha sollevato ricorso una sala giochi operante nel territorio comunale; il TAR per il Veneto si \u00e8 pronunciato con la sentenza <a href=\"https:\/\/www.giustizia-amministrativa.it\/portale\/pages\/istituzionale\/visualizza\/?nodeRef=&amp;schema=tar_ve&amp;nrg=202001191&amp;nomeFile=202101056_01.html&amp;subDir=Provvedimenti\">1056\/2021<\/a>: in buona parte, le argomentazioni ivi contenute ricalcano quelle della pronuncia 1053\/2021 sopra analizzata. Ora si analizzano, quindi, solo due profili specifici relativi ad aspetti non considerati nella precedente sentenza.<\/p>\n<p><strong>L\u2019intesa e l\u2019articolo 8 della legge regionale <\/strong><a href=\"https:\/\/welaikaadv.site\/avviso\/wp-content\/uploads\/2019\/09\/Legge-Veneto-azzardo.pdf\"><strong>38\/2019<\/strong><\/a><strong>.<\/strong> Secondo la societ\u00e0 ricorrente, l\u2019articolo 8 della legge regionale 38\/2019 attraverso la citazione dell\u2019Intesa avrebbe di fatto legificato il contenuto di questa, in particolare per quel che riguarda il limite massimo di sospensione quotidiana del gioco, previsto dall\u2019Intesa stessa in sei ore al giorno.<\/p>\n<p>Il TAR, riprendendo anche le considerazioni relative all\u2019assenza di efficacia cogente di tale provvedimento (come poc\u2019anzi esposto), nega che tale articolo possa essere interpretato \u201cnel senso di aver comportato l\u2019assunzione a rango di norma regionale delle indicazioni dell\u2019Intesa, se non sotto il profilo della riconosciuta esigenza di coordinamento ma sempre nel rispetto del principio di leale cooperazione e sussidiariet\u00e0 e nel rispetto delle prerogative proprie dei Comuni\u201d. Peraltro, \u00e8 sempre l\u2019Intesa ad aver previsto la possibilit\u00e0 di mantenere le misure locali pi\u00f9 restrittive, a ulteriore conferma della correttezza di limiti orari pi\u00f9 estesi.<\/p>\n<p><strong>L\u2019istruttoria.<\/strong> Per quanto riguarda, infine, la censura del ricorrente relativa alla carenza di istruttoria, i giudici, nel respingere questo motivo di ricorso, richiamano la relazione della ULSS 7 Pedemontana: dati alla mano, da questa si evince una vera e propria escalation del fenomeno del gioco d\u2019azzardo (dalla mole di soldi giocati e persi alla percentuale di soggetti problematici).<\/p>\n<p>Queste considerazioni, insieme alla gi\u00e0 richiamata \u201ccifra oscura\u201d che circonda il fenomeno del GAP, conducono i giudici a ritenere che, anche se solo tre residenti nel Comune di Pove del Grappa sono presi in carico per disturbi da gioco d\u2019azzardo, le limitazioni orarie stabilite dal Comune sono adeguatamente sorrette dal complessivo apparato motivazionale dell\u2019ordinanza.<\/p>\n<p style=\"text-align: right;\">(<em>a cura di <strong>Marco De Pasquale<\/strong><\/em>)<\/p>\n","protected":false},"excerpt":{"rendered":"<p>LE LIMITAZIONI AL GIOCO D\u2019AZZARDO NEL COMUNE DI ABANO TERME (PD) La normativa e il caso. Il Comune di Abano Terme (Pd) con il Regolamento&nbsp;<span class=\"hellipsis\">[&hellip;]<\/span><a class=\"more-link\" href=\"https:\/\/welaikaadv.site\/avviso\/home\/cosa-facciamo\/informare\/documenti-tematici\/gioco-dazzardo\/il-tar-veneto-si-pronuncia-sulle-limitazioni-al-gioco-introdotte-dai-comuni-di-abano-terme-pd-e-di-pove-del-grappa-vi\/\">Leggi tutto <span class=\"screen-reader-text\">IL TAR VENETO SI PRONUNCIA SULLE LIMITAZIONI AL GIOCO INTRODOTTE DAI COMUNI DI ABANO TERME (PD) E DI POVE DEL GRAPPA (VI)<\/span> <span class=\"meta-nav\" aria-hidden=\"true\">&rarr;<\/span><\/a><\/p>\n","protected":false},"author":1,"featured_media":0,"parent":202,"menu_order":160,"comment_status":"closed","ping_status":"closed","template":"","meta":{"_acf_changed":false,"_exactmetrics_skip_tracking":false,"_exactmetrics_sitenote_active":false,"_exactmetrics_sitenote_note":"","_exactmetrics_sitenote_category":0,"wp_social_preview_title":"","wp_social_preview_description":"","wp_social_preview_image":0,"footnotes":""},"class_list":["post-45855","page","type-page","status-publish","hentry"],"acf":[],"yoast_head":"<!-- This site is optimized with the Yoast SEO plugin v27.2 - https:\/\/yoast.com\/product\/yoast-seo-wordpress\/ -->\n<title>IL TAR VENETO SI PRONUNCIA SULLE LIMITAZIONI AL GIOCO INTRODOTTE DAI COMUNI DI ABANO TERME (PD) E DI POVE DEL GRAPPA (VI) - Staging Avviso Pubblico<\/title>\n<meta name=\"robots\" content=\"noindex, follow, max-snippet:-1, max-image-preview:large, max-video-preview:-1\" \/>\n<meta property=\"og:locale\" content=\"it_IT\" \/>\n<meta property=\"og:type\" content=\"article\" \/>\n<meta property=\"og:title\" content=\"IL TAR VENETO SI PRONUNCIA SULLE LIMITAZIONI AL GIOCO INTRODOTTE DAI COMUNI DI ABANO TERME (PD) E DI POVE DEL GRAPPA (VI) - Staging Avviso Pubblico\" \/>\n<meta property=\"og:description\" content=\"LE LIMITAZIONI AL GIOCO D\u2019AZZARDO NEL COMUNE DI ABANO TERME (PD) La normativa e il caso. Il Comune di Abano Terme (Pd) con il Regolamento&nbsp;[&hellip;]Leggi tutto IL TAR VENETO SI PRONUNCIA SULLE LIMITAZIONI AL GIOCO INTRODOTTE DAI COMUNI DI ABANO TERME (PD) E DI POVE DEL GRAPPA (VI) &rarr;\" \/>\n<meta property=\"og:url\" content=\"https:\/\/welaikaadv.site\/avviso\/home\/cosa-facciamo\/informare\/documenti-tematici\/gioco-dazzardo\/il-tar-veneto-si-pronuncia-sulle-limitazioni-al-gioco-introdotte-dai-comuni-di-abano-terme-pd-e-di-pove-del-grappa-vi\/\" \/>\n<meta property=\"og:site_name\" content=\"Staging Avviso Pubblico\" \/>\n<meta name=\"twitter:card\" content=\"summary_large_image\" \/>\n<meta name=\"twitter:label1\" content=\"Tempo di lettura stimato\" \/>\n\t<meta name=\"twitter:data1\" content=\"6 minuti\" \/>\n<script type=\"application\/ld+json\" class=\"yoast-schema-graph\">{\"@context\":\"https:\/\/schema.org\",\"@graph\":[{\"@type\":\"WebPage\",\"@id\":\"https:\/\/welaikaadv.site\/avviso\/home\/cosa-facciamo\/informare\/documenti-tematici\/gioco-dazzardo\/il-tar-veneto-si-pronuncia-sulle-limitazioni-al-gioco-introdotte-dai-comuni-di-abano-terme-pd-e-di-pove-del-grappa-vi\/\",\"url\":\"https:\/\/welaikaadv.site\/avviso\/home\/cosa-facciamo\/informare\/documenti-tematici\/gioco-dazzardo\/il-tar-veneto-si-pronuncia-sulle-limitazioni-al-gioco-introdotte-dai-comuni-di-abano-terme-pd-e-di-pove-del-grappa-vi\/\",\"name\":\"IL TAR VENETO SI PRONUNCIA SULLE LIMITAZIONI AL GIOCO INTRODOTTE DAI COMUNI DI ABANO TERME (PD) E DI POVE DEL GRAPPA (VI) - Staging Avviso Pubblico\",\"isPartOf\":{\"@id\":\"https:\/\/welaikaadv.site\/avviso\/#website\"},\"datePublished\":\"2021-09-09T14:33:30+00:00\",\"breadcrumb\":{\"@id\":\"https:\/\/welaikaadv.site\/avviso\/home\/cosa-facciamo\/informare\/documenti-tematici\/gioco-dazzardo\/il-tar-veneto-si-pronuncia-sulle-limitazioni-al-gioco-introdotte-dai-comuni-di-abano-terme-pd-e-di-pove-del-grappa-vi\/#breadcrumb\"},\"inLanguage\":\"it-IT\",\"potentialAction\":[{\"@type\":\"ReadAction\",\"target\":[\"https:\/\/welaikaadv.site\/avviso\/home\/cosa-facciamo\/informare\/documenti-tematici\/gioco-dazzardo\/il-tar-veneto-si-pronuncia-sulle-limitazioni-al-gioco-introdotte-dai-comuni-di-abano-terme-pd-e-di-pove-del-grappa-vi\/\"]}]},{\"@type\":\"BreadcrumbList\",\"@id\":\"https:\/\/welaikaadv.site\/avviso\/home\/cosa-facciamo\/informare\/documenti-tematici\/gioco-dazzardo\/il-tar-veneto-si-pronuncia-sulle-limitazioni-al-gioco-introdotte-dai-comuni-di-abano-terme-pd-e-di-pove-del-grappa-vi\/#breadcrumb\",\"itemListElement\":[{\"@type\":\"ListItem\",\"position\":1,\"name\":\"Home\",\"item\":\"https:\/\/welaikaadv.site\/avviso\/\"},{\"@type\":\"ListItem\",\"position\":2,\"name\":\"IL TAR VENETO SI PRONUNCIA SULLE LIMITAZIONI AL GIOCO INTRODOTTE DAI COMUNI DI ABANO TERME (PD) E DI POVE DEL GRAPPA (VI)\"}]},{\"@type\":\"WebSite\",\"@id\":\"https:\/\/welaikaadv.site\/avviso\/#website\",\"url\":\"https:\/\/welaikaadv.site\/avviso\/\",\"name\":\"Staging Avviso Pubblico\",\"description\":\"\",\"publisher\":{\"@id\":\"https:\/\/welaikaadv.site\/avviso\/#organization\"},\"potentialAction\":[{\"@type\":\"SearchAction\",\"target\":{\"@type\":\"EntryPoint\",\"urlTemplate\":\"https:\/\/welaikaadv.site\/avviso\/?s={search_term_string}\"},\"query-input\":{\"@type\":\"PropertyValueSpecification\",\"valueRequired\":true,\"valueName\":\"search_term_string\"}}],\"inLanguage\":\"it-IT\"},{\"@type\":\"Organization\",\"@id\":\"https:\/\/welaikaadv.site\/avviso\/#organization\",\"name\":\"Staging Avviso Pubblico\",\"url\":\"https:\/\/welaikaadv.site\/avviso\/\",\"logo\":{\"@type\":\"ImageObject\",\"inLanguage\":\"it-IT\",\"@id\":\"https:\/\/welaikaadv.site\/avviso\/#\/schema\/logo\/image\/\",\"url\":\"https:\/\/welaikaadv.site\/avviso\/wp-content\/uploads\/2024\/08\/logoAPsito-400.png\",\"contentUrl\":\"https:\/\/welaikaadv.site\/avviso\/wp-content\/uploads\/2024\/08\/logoAPsito-400.png\",\"width\":400,\"height\":97,\"caption\":\"Staging Avviso Pubblico\"},\"image\":{\"@id\":\"https:\/\/welaikaadv.site\/avviso\/#\/schema\/logo\/image\/\"}}]}<\/script>\n<!-- \/ Yoast SEO plugin. -->","yoast_head_json":{"title":"IL TAR VENETO SI PRONUNCIA SULLE LIMITAZIONI AL GIOCO INTRODOTTE DAI COMUNI DI ABANO TERME (PD) E DI POVE DEL GRAPPA (VI) - Staging Avviso Pubblico","robots":{"index":"noindex","follow":"follow","max-snippet":"max-snippet:-1","max-image-preview":"max-image-preview:large","max-video-preview":"max-video-preview:-1"},"og_locale":"it_IT","og_type":"article","og_title":"IL TAR VENETO SI PRONUNCIA SULLE LIMITAZIONI AL GIOCO INTRODOTTE DAI COMUNI DI ABANO TERME (PD) E DI POVE DEL GRAPPA (VI) - Staging Avviso Pubblico","og_description":"LE LIMITAZIONI AL GIOCO D\u2019AZZARDO NEL COMUNE DI ABANO TERME (PD) La normativa e il caso. Il Comune di Abano Terme (Pd) con il Regolamento&nbsp;[&hellip;]Leggi tutto IL TAR VENETO SI PRONUNCIA SULLE LIMITAZIONI AL GIOCO INTRODOTTE DAI COMUNI DI ABANO TERME (PD) E DI POVE DEL GRAPPA (VI) &rarr;","og_url":"https:\/\/welaikaadv.site\/avviso\/home\/cosa-facciamo\/informare\/documenti-tematici\/gioco-dazzardo\/il-tar-veneto-si-pronuncia-sulle-limitazioni-al-gioco-introdotte-dai-comuni-di-abano-terme-pd-e-di-pove-del-grappa-vi\/","og_site_name":"Staging Avviso Pubblico","twitter_card":"summary_large_image","twitter_misc":{"Tempo di lettura stimato":"6 minuti"},"schema":{"@context":"https:\/\/schema.org","@graph":[{"@type":"WebPage","@id":"https:\/\/welaikaadv.site\/avviso\/home\/cosa-facciamo\/informare\/documenti-tematici\/gioco-dazzardo\/il-tar-veneto-si-pronuncia-sulle-limitazioni-al-gioco-introdotte-dai-comuni-di-abano-terme-pd-e-di-pove-del-grappa-vi\/","url":"https:\/\/welaikaadv.site\/avviso\/home\/cosa-facciamo\/informare\/documenti-tematici\/gioco-dazzardo\/il-tar-veneto-si-pronuncia-sulle-limitazioni-al-gioco-introdotte-dai-comuni-di-abano-terme-pd-e-di-pove-del-grappa-vi\/","name":"IL TAR VENETO SI PRONUNCIA SULLE LIMITAZIONI AL GIOCO INTRODOTTE DAI COMUNI DI ABANO TERME (PD) E DI POVE DEL GRAPPA (VI) - Staging Avviso Pubblico","isPartOf":{"@id":"https:\/\/welaikaadv.site\/avviso\/#website"},"datePublished":"2021-09-09T14:33:30+00:00","breadcrumb":{"@id":"https:\/\/welaikaadv.site\/avviso\/home\/cosa-facciamo\/informare\/documenti-tematici\/gioco-dazzardo\/il-tar-veneto-si-pronuncia-sulle-limitazioni-al-gioco-introdotte-dai-comuni-di-abano-terme-pd-e-di-pove-del-grappa-vi\/#breadcrumb"},"inLanguage":"it-IT","potentialAction":[{"@type":"ReadAction","target":["https:\/\/welaikaadv.site\/avviso\/home\/cosa-facciamo\/informare\/documenti-tematici\/gioco-dazzardo\/il-tar-veneto-si-pronuncia-sulle-limitazioni-al-gioco-introdotte-dai-comuni-di-abano-terme-pd-e-di-pove-del-grappa-vi\/"]}]},{"@type":"BreadcrumbList","@id":"https:\/\/welaikaadv.site\/avviso\/home\/cosa-facciamo\/informare\/documenti-tematici\/gioco-dazzardo\/il-tar-veneto-si-pronuncia-sulle-limitazioni-al-gioco-introdotte-dai-comuni-di-abano-terme-pd-e-di-pove-del-grappa-vi\/#breadcrumb","itemListElement":[{"@type":"ListItem","position":1,"name":"Home","item":"https:\/\/welaikaadv.site\/avviso\/"},{"@type":"ListItem","position":2,"name":"IL TAR VENETO SI PRONUNCIA SULLE LIMITAZIONI AL GIOCO INTRODOTTE DAI COMUNI DI ABANO TERME (PD) E DI POVE DEL GRAPPA (VI)"}]},{"@type":"WebSite","@id":"https:\/\/welaikaadv.site\/avviso\/#website","url":"https:\/\/welaikaadv.site\/avviso\/","name":"Staging Avviso Pubblico","description":"","publisher":{"@id":"https:\/\/welaikaadv.site\/avviso\/#organization"},"potentialAction":[{"@type":"SearchAction","target":{"@type":"EntryPoint","urlTemplate":"https:\/\/welaikaadv.site\/avviso\/?s={search_term_string}"},"query-input":{"@type":"PropertyValueSpecification","valueRequired":true,"valueName":"search_term_string"}}],"inLanguage":"it-IT"},{"@type":"Organization","@id":"https:\/\/welaikaadv.site\/avviso\/#organization","name":"Staging Avviso Pubblico","url":"https:\/\/welaikaadv.site\/avviso\/","logo":{"@type":"ImageObject","inLanguage":"it-IT","@id":"https:\/\/welaikaadv.site\/avviso\/#\/schema\/logo\/image\/","url":"https:\/\/welaikaadv.site\/avviso\/wp-content\/uploads\/2024\/08\/logoAPsito-400.png","contentUrl":"https:\/\/welaikaadv.site\/avviso\/wp-content\/uploads\/2024\/08\/logoAPsito-400.png","width":400,"height":97,"caption":"Staging Avviso Pubblico"},"image":{"@id":"https:\/\/welaikaadv.site\/avviso\/#\/schema\/logo\/image\/"}}]}},"_links":{"self":[{"href":"https:\/\/welaikaadv.site\/avviso\/wp-json\/wp\/v2\/pages\/45855","targetHints":{"allow":["GET"]}}],"collection":[{"href":"https:\/\/welaikaadv.site\/avviso\/wp-json\/wp\/v2\/pages"}],"about":[{"href":"https:\/\/welaikaadv.site\/avviso\/wp-json\/wp\/v2\/types\/page"}],"author":[{"embeddable":true,"href":"https:\/\/welaikaadv.site\/avviso\/wp-json\/wp\/v2\/users\/1"}],"replies":[{"embeddable":true,"href":"https:\/\/welaikaadv.site\/avviso\/wp-json\/wp\/v2\/comments?post=45855"}],"version-history":[{"count":0,"href":"https:\/\/welaikaadv.site\/avviso\/wp-json\/wp\/v2\/pages\/45855\/revisions"}],"up":[{"embeddable":true,"href":"https:\/\/welaikaadv.site\/avviso\/wp-json\/wp\/v2\/pages\/202"}],"wp:attachment":[{"href":"https:\/\/welaikaadv.site\/avviso\/wp-json\/wp\/v2\/media?parent=45855"}],"curies":[{"name":"wp","href":"https:\/\/api.w.org\/{rel}","templated":true}]}}