{"id":45886,"date":"2021-09-13T10:06:40","date_gmt":"2021-09-13T08:06:40","guid":{"rendered":"https:\/\/www.avvisopubblico.it\/home\/?page_id=45886"},"modified":"2021-09-13T10:06:40","modified_gmt":"2021-09-13T08:06:40","slug":"il-tar-toscana-e-il-consiglio-di-stato-si-esprimono-sul-caso-di-una-sala-giochi-e-scommesse-adiacente-a-uno-sportello-bancomat","status":"publish","type":"page","link":"https:\/\/welaikaadv.site\/avviso\/home\/cosa-facciamo\/informare\/documenti-tematici\/gioco-dazzardo\/il-tar-toscana-e-il-consiglio-di-stato-si-esprimono-sul-caso-di-una-sala-giochi-e-scommesse-adiacente-a-uno-sportello-bancomat\/","title":{"rendered":"IL TAR TOSCANA E IL CONSIGLIO DI STATO SI ESPRIMONO SUL CASO DI UNA SALA GIOCHI E SCOMMESSE ADIACENTE A UNO SPORTELLO BANCOMAT"},"content":{"rendered":"<p><strong>La normativa.<\/strong> La legge regionale della Toscana <a href=\"https:\/\/welaikaadv.site\/avviso\/home\/cosa-facciamo\/informare\/documenti-tematici\/gioco-dazzardo\/la-nuova-legge-della-regione-toscana-sul-contrasto-al-gioco-dazzardo-patologico\/\">57\/2013<\/a>, come modificata dalla legge regionale 4\/2018, all\u2019articolo 4 comprende, nell\u2019ambito del distanziometro, anche gli sportelli bancomat tra i luoghi sensibili rispetto ai quali \u00e8 vietata, a una distanza inferiore a 500 metri, l\u2019apertura di centri di scommesse, di spazi per il gioco con vincita in denaro, nonch\u00e9 la nuova installazione di apparecchi per il gioco lecito.<\/p>\n<p>Il Comune di Calenzano (Fi) ha recepito la normativa sul distanziometro nell\u2019articolo 5, comma 3, del <a href=\"http:\/\/web.comune.calenzano.fi.it\/portale\/schede\/ufficio_relazioni_con_il_pubblico\/amministrazione-trasparente\/disposizioni-generali\/atti-generali\/regolamenti-comunali\/commercio-imprese-e-lavoro\/regolamento-comunale-per-lesercizio-del-gioco-lecito\/view\">Regolamento comunale per l\u2019esercizio del gioco lecito<\/a>, dichiarando vietata, tra le altre cose, l&#8217;apertura di centri di scommesse e di spazi per il gioco con vincita in denaro ad una distanza inferiore a 500 metri da sportelli bancari, postali e bancomat.<\/p>\n<p><strong>Il caso.<\/strong> Nel caso in esame, il Comune di Calenzano ha ordinato la chiusura di un esercizio di raccolta scommesse, condotto dalla societ\u00e0 ricorrente in locali presso cui la stessa \u00e8 comodataria da altra societ\u00e0, la quale a sua volta \u00e8 locataria del fondo su cui insiste l\u2019esercizio da una terza societ\u00e0 proprietaria del fondo stesso. L\u2019ordine di chiusura \u00e8 motivato dalla circostanza che, successivamente all\u2019autorizzazione all\u2019esercizio dell\u2019attivit\u00e0 di raccolta scommesse e all\u2019entrata in vigore della legge regionale 4\/2018, presso il medesimo fondo \u00e8 stato installato uno sportello bancomat (che si trova dunque nelle pertinenze del centro di raccolta scommesse) la cui alimentazione \u00e8 garantita dallo stesso esercizio di scommesse, mediante un allaccio ad una presa di corrente posta al suo interno.<\/p>\n<p>Avverso il provvedimento di chiusura ha presentato ricorso l\u2019esercente il punto scommesse: si \u00e8 pronunciato, rigettando il ricorso, il TAR per la Toscana con la sentenza <a href=\"https:\/\/www.giustizia-amministrativa.it\/portale\/pages\/istituzionale\/visualizza\/?nodeRef=&amp;schema=tar_fi&amp;nrg=202000389&amp;nomeFile=202001324_01.html&amp;subDir=Provvedimenti\">1324\/2020<\/a>; in appello, ancora con un rigetto, si \u00e8 espresso il Consiglio di Stato nella sentenza <a href=\"https:\/\/www.giustizia-amministrativa.it\/portale\/pages\/istituzionale\/visualizza\/?nodeRef=&amp;schema=cds&amp;nrg=202009289&amp;nomeFile=202106215_11.html&amp;subDir=Provvedimenti\">6215\/2021<\/a>.<\/p>\n<p><strong>Il \u201cdivieto di apertura\u201d nella legge regionale 57\/2013.<\/strong> Il TAR concentra buona parte delle sue argomentazioni intorno al termine \u201capertura\u201d contenuto nell\u2019articolo 4 della legge regionale 57\/2013, come modificata dalla legge regionale 4\/2018 (e ripreso nel Regolamento del Comune di Calenzano): secondo l\u2019interpretazione del ricorrente, infatti, aver vietato l\u2019apertura di centri di scommesse e di spazi per il gioco che siano situati a una distanza inferiore a 500 metri (tra l\u2019altro) da sportelli bancomat escluderebbe dal campo di applicazione della normativa proprio il caso di specie, in cui l\u2019esercizio in esame era gi\u00e0 avviato ed aperto prima della collocazione dello sportello bancomat.<\/p>\n<p>Il TAR boccia questa ricostruzione: dal momento che la legge persegue la finalit\u00e0 di prevenire i fenomeni di ludopatia (in questo caso allontanando i luoghi del gioco dai bancomat), i giudici ritengono che \u201cil legislatore regionale, pur con formulazione non perspicua, abbia inteso applicare il divieto non solo alle nuove aperture di tale tipologia di esercizi a distanza inferiore di 500 metri rispetto ad elementi sensibili, ma anche al mantenimento in essere degli esercizi che pur legittimamente aperti, nel corso del tempo pongano in essere violazioni\u201d; se cos\u00ec non fosse, sottolinea sempre il Collegio, la normativa sarebbe facilmente aggirabile, mancando l\u2019obiettivo di evitare la disponibilit\u00e0 immediata di denaro per i giocatori attraverso il vicino sportello bancomat.<\/p>\n<p><strong>La tutela dell\u2019affidamento e il cambiamento della situazione di fatto dell\u2019attivit\u00e0.<\/strong> In appello il Consiglio di Stato ricostruisce la successione temporale dei fatti, per rispondere alla doglianza della societ\u00e0 ricorrente che sollevava il problema dell\u2019applicazione retroattiva della disciplina nel caso di specie.<\/p>\n<p>I giudici, anzitutto, escludono che si possa parlare di retroattivit\u00e0, visto che l\u2019esercizio di raccolta scommesse ha avviato la propria attivit\u00e0 in data successiva all\u2019entrata in vigore della novella regionale introdotta con la legge 4\/2018.<\/p>\n<p>Il problema, se mai, sarebbe quello dell\u2019applicazione dei divieti legislativi e regolamentari vigenti ad un\u2019attivit\u00e0 di raccolta scommesse regolarmente avviata nel caso di sopravvenienza di una situazione di fatto in violazione di detti divieti, ossia l\u2019apertura del luogo sensibile rappresentato dallo sportello bancomat.<\/p>\n<p>Si sottolinea, infatti, che nell\u2019attivit\u00e0 di contemperamento tra l\u2019interesse pubblico alla tutela della salute collettiva attraverso il distanziometro e l\u2019interesse privato alla salvaguardia delle attivit\u00e0 economiche gi\u00e0 in essere deve essere comunque garantita \u201cla tutela dell\u2019affidamento maturato dai gestori di attivit\u00e0 di gioco e scommesse autorizzati precedentemente all\u2019installazione del \u2018luogo sensibile\u2019, escludendo di regola la retroattivit\u00e0 dei divieti di ubicazione sopravvenuti\u201d.<\/p>\n<p>Il caso di specie \u00e8, per\u00f2, pi\u00f9 articolato: dalla complessa ricostruzione dei fatti i giudici traggono la conclusione che la circostanza che il bancomat sia alimentato elettricamente dallo stesso esercizio di raccolta scommesse rappresenti un elemento rilevante che esclude qualunque tutela dell\u2019affidamento, visto che \u201cil cambiamento della situazione giuridica o fattuale dell\u2019attivit\u00e0 o dello stato dei luoghi, sopravvenuto al rilascio dell\u2019autorizzazione, dipend[e] da condotte riconducibili allo stesso gestore\u201d.<\/p>\n<p>Anche il Consiglio di Stato, dunque, conferma l\u2019interpretazione dell\u2019articolo 4 della legge regionale 57\/2013 (come modificata) nel senso in cui riferisce il divieto \u201cnon solo alle nuove aperture di centri scommesse, ma anche al mantenimento in esercizio delle attivit\u00e0 gi\u00e0 autorizzate e regolarmente avviate quando sopravvenga una situazione di violazione del divieto che sia direttamente riconducibile all\u2019operatore economico autorizzato\u201d, onde \u201cevitare che la normativa vigente possa essere derogata da comportamenti, materiali o giuridici, imputabili direttamente al gestore dell\u2019esercizio\u201d.<\/p>\n<p><strong>La tutela della concorrenza.<\/strong> Quella appena descritta rappresenta, secondo i giudici di appello, l\u2019unica via che consente di evitare anche un effetto distorsivo della concorrenza: nel caso in cui, infatti, si permettesse ad un operatore di installare un luogo sensibile adiacente alla propria sala giochi, l\u2019effetto sarebbe quello di consentirgli anche di precludere l\u2019apertura di analoghi esercizi da parte di operatori economici concorrenti ad una distanza inferiore a 500 metri dalla medesima sala giochi.<\/p>\n<p style=\"text-align: right;\">(<em>a cura di <strong>Marco De Pasquale<\/strong><\/em>)<\/p>\n","protected":false},"excerpt":{"rendered":"<p>La normativa. La legge regionale della Toscana 57\/2013, come modificata dalla legge regionale 4\/2018, all\u2019articolo 4 comprende, nell\u2019ambito del distanziometro, anche gli sportelli bancomat tra&nbsp;<span class=\"hellipsis\">[&hellip;]<\/span><a class=\"more-link\" href=\"https:\/\/welaikaadv.site\/avviso\/home\/cosa-facciamo\/informare\/documenti-tematici\/gioco-dazzardo\/il-tar-toscana-e-il-consiglio-di-stato-si-esprimono-sul-caso-di-una-sala-giochi-e-scommesse-adiacente-a-uno-sportello-bancomat\/\">Leggi tutto <span class=\"screen-reader-text\">IL TAR TOSCANA E IL CONSIGLIO DI STATO SI ESPRIMONO SUL CASO DI UNA SALA GIOCHI E SCOMMESSE ADIACENTE A UNO SPORTELLO BANCOMAT<\/span> <span class=\"meta-nav\" aria-hidden=\"true\">&rarr;<\/span><\/a><\/p>\n","protected":false},"author":1,"featured_media":0,"parent":202,"menu_order":160,"comment_status":"closed","ping_status":"closed","template":"","meta":{"_acf_changed":false,"_exactmetrics_skip_tracking":false,"_exactmetrics_sitenote_active":false,"_exactmetrics_sitenote_note":"","_exactmetrics_sitenote_category":0,"wp_social_preview_title":"","wp_social_preview_description":"","wp_social_preview_image":0,"footnotes":""},"class_list":["post-45886","page","type-page","status-publish","hentry"],"acf":[],"yoast_head":"<!-- This site is optimized with the Yoast SEO plugin v27.2 - https:\/\/yoast.com\/product\/yoast-seo-wordpress\/ -->\n<title>IL TAR TOSCANA E IL CONSIGLIO DI STATO SI ESPRIMONO SUL CASO DI UNA SALA GIOCHI E SCOMMESSE ADIACENTE A UNO SPORTELLO BANCOMAT - Staging Avviso Pubblico<\/title>\n<meta name=\"robots\" content=\"noindex, follow, max-snippet:-1, max-image-preview:large, max-video-preview:-1\" \/>\n<meta property=\"og:locale\" content=\"it_IT\" \/>\n<meta property=\"og:type\" content=\"article\" \/>\n<meta property=\"og:title\" content=\"IL TAR TOSCANA E IL CONSIGLIO DI STATO SI ESPRIMONO SUL CASO DI UNA SALA GIOCHI E SCOMMESSE ADIACENTE A UNO SPORTELLO BANCOMAT - Staging Avviso Pubblico\" \/>\n<meta property=\"og:description\" content=\"La normativa. La legge regionale della Toscana 57\/2013, come modificata dalla legge regionale 4\/2018, all\u2019articolo 4 comprende, nell\u2019ambito del distanziometro, anche gli sportelli bancomat tra&nbsp;[&hellip;]Leggi tutto IL TAR TOSCANA E IL CONSIGLIO DI STATO SI ESPRIMONO SUL CASO DI UNA SALA GIOCHI E SCOMMESSE ADIACENTE A UNO SPORTELLO BANCOMAT &rarr;\" \/>\n<meta property=\"og:url\" content=\"https:\/\/welaikaadv.site\/avviso\/home\/cosa-facciamo\/informare\/documenti-tematici\/gioco-dazzardo\/il-tar-toscana-e-il-consiglio-di-stato-si-esprimono-sul-caso-di-una-sala-giochi-e-scommesse-adiacente-a-uno-sportello-bancomat\/\" \/>\n<meta property=\"og:site_name\" content=\"Staging Avviso Pubblico\" \/>\n<meta name=\"twitter:card\" content=\"summary_large_image\" \/>\n<meta name=\"twitter:label1\" content=\"Tempo di lettura stimato\" \/>\n\t<meta name=\"twitter:data1\" content=\"4 minuti\" \/>\n<script type=\"application\/ld+json\" class=\"yoast-schema-graph\">{\"@context\":\"https:\/\/schema.org\",\"@graph\":[{\"@type\":\"WebPage\",\"@id\":\"https:\/\/welaikaadv.site\/avviso\/home\/cosa-facciamo\/informare\/documenti-tematici\/gioco-dazzardo\/il-tar-toscana-e-il-consiglio-di-stato-si-esprimono-sul-caso-di-una-sala-giochi-e-scommesse-adiacente-a-uno-sportello-bancomat\/\",\"url\":\"https:\/\/welaikaadv.site\/avviso\/home\/cosa-facciamo\/informare\/documenti-tematici\/gioco-dazzardo\/il-tar-toscana-e-il-consiglio-di-stato-si-esprimono-sul-caso-di-una-sala-giochi-e-scommesse-adiacente-a-uno-sportello-bancomat\/\",\"name\":\"IL TAR TOSCANA E IL CONSIGLIO DI STATO SI ESPRIMONO SUL CASO DI UNA SALA GIOCHI E SCOMMESSE ADIACENTE A UNO SPORTELLO BANCOMAT - Staging Avviso Pubblico\",\"isPartOf\":{\"@id\":\"https:\/\/welaikaadv.site\/avviso\/#website\"},\"datePublished\":\"2021-09-13T08:06:40+00:00\",\"breadcrumb\":{\"@id\":\"https:\/\/welaikaadv.site\/avviso\/home\/cosa-facciamo\/informare\/documenti-tematici\/gioco-dazzardo\/il-tar-toscana-e-il-consiglio-di-stato-si-esprimono-sul-caso-di-una-sala-giochi-e-scommesse-adiacente-a-uno-sportello-bancomat\/#breadcrumb\"},\"inLanguage\":\"it-IT\",\"potentialAction\":[{\"@type\":\"ReadAction\",\"target\":[\"https:\/\/welaikaadv.site\/avviso\/home\/cosa-facciamo\/informare\/documenti-tematici\/gioco-dazzardo\/il-tar-toscana-e-il-consiglio-di-stato-si-esprimono-sul-caso-di-una-sala-giochi-e-scommesse-adiacente-a-uno-sportello-bancomat\/\"]}]},{\"@type\":\"BreadcrumbList\",\"@id\":\"https:\/\/welaikaadv.site\/avviso\/home\/cosa-facciamo\/informare\/documenti-tematici\/gioco-dazzardo\/il-tar-toscana-e-il-consiglio-di-stato-si-esprimono-sul-caso-di-una-sala-giochi-e-scommesse-adiacente-a-uno-sportello-bancomat\/#breadcrumb\",\"itemListElement\":[{\"@type\":\"ListItem\",\"position\":1,\"name\":\"Home\",\"item\":\"https:\/\/welaikaadv.site\/avviso\/\"},{\"@type\":\"ListItem\",\"position\":2,\"name\":\"IL TAR TOSCANA E IL CONSIGLIO DI STATO SI ESPRIMONO SUL CASO DI UNA SALA GIOCHI E SCOMMESSE ADIACENTE A UNO SPORTELLO BANCOMAT\"}]},{\"@type\":\"WebSite\",\"@id\":\"https:\/\/welaikaadv.site\/avviso\/#website\",\"url\":\"https:\/\/welaikaadv.site\/avviso\/\",\"name\":\"Staging Avviso Pubblico\",\"description\":\"\",\"publisher\":{\"@id\":\"https:\/\/welaikaadv.site\/avviso\/#organization\"},\"potentialAction\":[{\"@type\":\"SearchAction\",\"target\":{\"@type\":\"EntryPoint\",\"urlTemplate\":\"https:\/\/welaikaadv.site\/avviso\/?s={search_term_string}\"},\"query-input\":{\"@type\":\"PropertyValueSpecification\",\"valueRequired\":true,\"valueName\":\"search_term_string\"}}],\"inLanguage\":\"it-IT\"},{\"@type\":\"Organization\",\"@id\":\"https:\/\/welaikaadv.site\/avviso\/#organization\",\"name\":\"Staging Avviso Pubblico\",\"url\":\"https:\/\/welaikaadv.site\/avviso\/\",\"logo\":{\"@type\":\"ImageObject\",\"inLanguage\":\"it-IT\",\"@id\":\"https:\/\/welaikaadv.site\/avviso\/#\/schema\/logo\/image\/\",\"url\":\"https:\/\/welaikaadv.site\/avviso\/wp-content\/uploads\/2024\/08\/logoAPsito-400.png\",\"contentUrl\":\"https:\/\/welaikaadv.site\/avviso\/wp-content\/uploads\/2024\/08\/logoAPsito-400.png\",\"width\":400,\"height\":97,\"caption\":\"Staging Avviso Pubblico\"},\"image\":{\"@id\":\"https:\/\/welaikaadv.site\/avviso\/#\/schema\/logo\/image\/\"}}]}<\/script>\n<!-- \/ Yoast SEO plugin. -->","yoast_head_json":{"title":"IL TAR TOSCANA E IL CONSIGLIO DI STATO SI ESPRIMONO SUL CASO DI UNA SALA GIOCHI E SCOMMESSE ADIACENTE A UNO SPORTELLO BANCOMAT - Staging Avviso Pubblico","robots":{"index":"noindex","follow":"follow","max-snippet":"max-snippet:-1","max-image-preview":"max-image-preview:large","max-video-preview":"max-video-preview:-1"},"og_locale":"it_IT","og_type":"article","og_title":"IL TAR TOSCANA E IL CONSIGLIO DI STATO SI ESPRIMONO SUL CASO DI UNA SALA GIOCHI E SCOMMESSE ADIACENTE A UNO SPORTELLO BANCOMAT - Staging Avviso Pubblico","og_description":"La normativa. La legge regionale della Toscana 57\/2013, come modificata dalla legge regionale 4\/2018, all\u2019articolo 4 comprende, nell\u2019ambito del distanziometro, anche gli sportelli bancomat tra&nbsp;[&hellip;]Leggi tutto IL TAR TOSCANA E IL CONSIGLIO DI STATO SI ESPRIMONO SUL CASO DI UNA SALA GIOCHI E SCOMMESSE ADIACENTE A UNO SPORTELLO BANCOMAT &rarr;","og_url":"https:\/\/welaikaadv.site\/avviso\/home\/cosa-facciamo\/informare\/documenti-tematici\/gioco-dazzardo\/il-tar-toscana-e-il-consiglio-di-stato-si-esprimono-sul-caso-di-una-sala-giochi-e-scommesse-adiacente-a-uno-sportello-bancomat\/","og_site_name":"Staging Avviso Pubblico","twitter_card":"summary_large_image","twitter_misc":{"Tempo di lettura stimato":"4 minuti"},"schema":{"@context":"https:\/\/schema.org","@graph":[{"@type":"WebPage","@id":"https:\/\/welaikaadv.site\/avviso\/home\/cosa-facciamo\/informare\/documenti-tematici\/gioco-dazzardo\/il-tar-toscana-e-il-consiglio-di-stato-si-esprimono-sul-caso-di-una-sala-giochi-e-scommesse-adiacente-a-uno-sportello-bancomat\/","url":"https:\/\/welaikaadv.site\/avviso\/home\/cosa-facciamo\/informare\/documenti-tematici\/gioco-dazzardo\/il-tar-toscana-e-il-consiglio-di-stato-si-esprimono-sul-caso-di-una-sala-giochi-e-scommesse-adiacente-a-uno-sportello-bancomat\/","name":"IL TAR TOSCANA E IL CONSIGLIO DI STATO SI ESPRIMONO SUL CASO DI UNA SALA GIOCHI E SCOMMESSE ADIACENTE A UNO SPORTELLO BANCOMAT - Staging Avviso Pubblico","isPartOf":{"@id":"https:\/\/welaikaadv.site\/avviso\/#website"},"datePublished":"2021-09-13T08:06:40+00:00","breadcrumb":{"@id":"https:\/\/welaikaadv.site\/avviso\/home\/cosa-facciamo\/informare\/documenti-tematici\/gioco-dazzardo\/il-tar-toscana-e-il-consiglio-di-stato-si-esprimono-sul-caso-di-una-sala-giochi-e-scommesse-adiacente-a-uno-sportello-bancomat\/#breadcrumb"},"inLanguage":"it-IT","potentialAction":[{"@type":"ReadAction","target":["https:\/\/welaikaadv.site\/avviso\/home\/cosa-facciamo\/informare\/documenti-tematici\/gioco-dazzardo\/il-tar-toscana-e-il-consiglio-di-stato-si-esprimono-sul-caso-di-una-sala-giochi-e-scommesse-adiacente-a-uno-sportello-bancomat\/"]}]},{"@type":"BreadcrumbList","@id":"https:\/\/welaikaadv.site\/avviso\/home\/cosa-facciamo\/informare\/documenti-tematici\/gioco-dazzardo\/il-tar-toscana-e-il-consiglio-di-stato-si-esprimono-sul-caso-di-una-sala-giochi-e-scommesse-adiacente-a-uno-sportello-bancomat\/#breadcrumb","itemListElement":[{"@type":"ListItem","position":1,"name":"Home","item":"https:\/\/welaikaadv.site\/avviso\/"},{"@type":"ListItem","position":2,"name":"IL TAR TOSCANA E IL CONSIGLIO DI STATO SI ESPRIMONO SUL CASO DI UNA SALA GIOCHI E SCOMMESSE ADIACENTE A UNO SPORTELLO BANCOMAT"}]},{"@type":"WebSite","@id":"https:\/\/welaikaadv.site\/avviso\/#website","url":"https:\/\/welaikaadv.site\/avviso\/","name":"Staging Avviso Pubblico","description":"","publisher":{"@id":"https:\/\/welaikaadv.site\/avviso\/#organization"},"potentialAction":[{"@type":"SearchAction","target":{"@type":"EntryPoint","urlTemplate":"https:\/\/welaikaadv.site\/avviso\/?s={search_term_string}"},"query-input":{"@type":"PropertyValueSpecification","valueRequired":true,"valueName":"search_term_string"}}],"inLanguage":"it-IT"},{"@type":"Organization","@id":"https:\/\/welaikaadv.site\/avviso\/#organization","name":"Staging Avviso Pubblico","url":"https:\/\/welaikaadv.site\/avviso\/","logo":{"@type":"ImageObject","inLanguage":"it-IT","@id":"https:\/\/welaikaadv.site\/avviso\/#\/schema\/logo\/image\/","url":"https:\/\/welaikaadv.site\/avviso\/wp-content\/uploads\/2024\/08\/logoAPsito-400.png","contentUrl":"https:\/\/welaikaadv.site\/avviso\/wp-content\/uploads\/2024\/08\/logoAPsito-400.png","width":400,"height":97,"caption":"Staging Avviso Pubblico"},"image":{"@id":"https:\/\/welaikaadv.site\/avviso\/#\/schema\/logo\/image\/"}}]}},"_links":{"self":[{"href":"https:\/\/welaikaadv.site\/avviso\/wp-json\/wp\/v2\/pages\/45886","targetHints":{"allow":["GET"]}}],"collection":[{"href":"https:\/\/welaikaadv.site\/avviso\/wp-json\/wp\/v2\/pages"}],"about":[{"href":"https:\/\/welaikaadv.site\/avviso\/wp-json\/wp\/v2\/types\/page"}],"author":[{"embeddable":true,"href":"https:\/\/welaikaadv.site\/avviso\/wp-json\/wp\/v2\/users\/1"}],"replies":[{"embeddable":true,"href":"https:\/\/welaikaadv.site\/avviso\/wp-json\/wp\/v2\/comments?post=45886"}],"version-history":[{"count":0,"href":"https:\/\/welaikaadv.site\/avviso\/wp-json\/wp\/v2\/pages\/45886\/revisions"}],"up":[{"embeddable":true,"href":"https:\/\/welaikaadv.site\/avviso\/wp-json\/wp\/v2\/pages\/202"}],"wp:attachment":[{"href":"https:\/\/welaikaadv.site\/avviso\/wp-json\/wp\/v2\/media?parent=45886"}],"curies":[{"name":"wp","href":"https:\/\/api.w.org\/{rel}","templated":true}]}}