{"id":45904,"date":"2021-09-14T10:55:59","date_gmt":"2021-09-14T08:55:59","guid":{"rendered":"https:\/\/www.avvisopubblico.it\/home\/?page_id=45904"},"modified":"2021-09-14T10:55:59","modified_gmt":"2021-09-14T08:55:59","slug":"i-dati-ufficiali-sul-gioco-dazzardo-in-italia-nel-2020","status":"publish","type":"page","link":"https:\/\/welaikaadv.site\/avviso\/home\/cosa-facciamo\/informare\/documenti-tematici\/gioco-dazzardo\/i-dati-ufficiali-sul-gioco-dazzardo-in-italia-nel-2020\/","title":{"rendered":"I dati ufficiali sul gioco d\u2019azzardo in Italia nel 2020"},"content":{"rendered":"<p>L\u2019Agenzia delle Dogane e dei Monopoli ha presentato il 10 settembre 2021 (<a href=\"https:\/\/www.youtube.com\/watch?v=IAhIFTPDRdk\"><strong>guarda il video della presentazione<\/strong><\/a>) <strong>il <\/strong><em><strong>Libro Blu per il 2020 <\/strong><\/em>(<a href=\"https:\/\/welaikaadv.site\/avviso\/wp-content\/uploads\/2021\/09\/Libro-Blu-2020.pdf\"><strong>clicca qui per consultare il documento completo<\/strong><\/a>), pubblicazione annuale che riporta i dati principali \u2013 Raccolta, Spesa, vincite, incassi erariali \u2013 sul mercato del gioco d\u2019azzardo legale in Italia (<strong><a href=\"https:\/\/welaikaadv.site\/avviso\/home\/cosa-facciamo\/informare\/documenti-tematici\/gioco-dazzardo\/i-primi-dati-sul-gioco-dazzardo-in-italia-nel-2019\/\">clicca qui per i dati ufficiali del 2019<\/a><\/strong>).<\/p>\n<p style=\"text-align: center;\"><strong>Glossario<\/strong><\/p>\n<p>Per <strong>\u201cRaccolta\u201d<\/strong> si intende l\u2019ammontare complessivo delle puntate effettuate dalla collettivit\u00e0 dei giocatori. \u00a0La \u201c<strong>Spesa<\/strong>\u201d corrisponde alle perdite dei giocatori ed \u00e8 data dalla differenza tra \u201cRaccolta\u201d e <strong>\u201cVincite\u201d.<\/strong> Corrisponde inoltre al \u201cRicavo\u201d della filiera (al lordo delle somme destinate all\u2019Erario). L\u2019<strong>\u201cErario\u201d<\/strong> costituisce l\u2019ammontare totale dell\u2019imposizione fiscale e del differenziale residuale tra Raccolta, Aggi e Vincite dei giochi che entra nelle casse pubbliche.<\/p>\n<p>&nbsp;<\/p>\n<p style=\"text-align: center;\"><strong>RACCOLTA, SPESA ED ERARIO \u2013 DATI NAZIONALI<\/strong><\/p>\n<p>Il\u00a0<strong>volume di denaro giocato in Italia nel 2020 \u00e8 calato del 20%<\/strong>, attestandosi sul valore di <strong>88,38 miliardi di euro<\/strong>. A determinare tale drastica discesa sono state le chiusure al gioco fisico imposte per limitare la diffusione del Covid-19.<\/p>\n<p>La Raccolta pro capite &#8211; calcolata sulla popolazione maggiorenne residente in Italia censita dall&#8217;ISTAT &#8211; \u00e8 pari a\u00a0 circa 1.760 euro. Diminuiscono anche <strong>la Spesa (12,96 miliardi: -33%) e gli incassi erariali (7,24 miliardi: -36%)<\/strong>.<\/p>\n<p><img fetchpriority=\"high\" decoding=\"async\" class=\" wp-image-45908 aligncenter\" src=\"https:\/\/welaikaadv.site\/avviso\/wp-content\/uploads\/2021\/09\/Trend-dati-gioco-485x405.png\" alt=\"\" width=\"638\" height=\"533\" \/><\/p>\n<p>&nbsp;<\/p>\n<p style=\"text-align: center;\"><strong>RACCOLTA E SPESA SU RETE FISICA<br \/>\nSUDDIVISE PER REGIONE<\/strong><\/p>\n<p>Di seguito la tabella dei volumi di Raccolta e Spesa, suddivisi per regione (<span style=\"text-decoration: underline;\">valori espressi in milioni di euro<\/span>). Va sottolineato che il <strong>dato si riferisce alla sola rete fisica<\/strong>, escludendo il comparto del gioco online.\u00a0 <strong>Il totale della Raccolta su rete fisica \u00e8 stato pari a 39,1 miliardi di euro<\/strong> (-47,2% rispetto al 2019)<\/p>\n<p><img decoding=\"async\" class=\" wp-image-45910 aligncenter\" src=\"https:\/\/welaikaadv.site\/avviso\/wp-content\/uploads\/2021\/09\/Dati-regioni-1-540x370.png\" alt=\"\" width=\"651\" height=\"446\" \/><\/p>\n<p><img decoding=\"async\" class=\" wp-image-45911 aligncenter\" src=\"https:\/\/welaikaadv.site\/avviso\/wp-content\/uploads\/2021\/09\/Dati-regioni-2-540x310.png\" alt=\"\" width=\"650\" height=\"373\" \/><\/p>\n<p>&nbsp;<\/p>\n<p style=\"text-align: center;\"><strong>GIOCO ONLINE, EFFETTO COVID:<br \/>\n<\/strong><strong>IL 56% DELLA RACCOLTA TOTALE<\/strong><\/p>\n<p>Le chiusure del gioco fisico hanno alimentato ulteriormente il gioco a distanza, modalit\u00e0 comunque in ascesa da diversi anni. Nel 2020 si \u00e8 assistito pertanto ad un temporaneo sorpasso: la Raccolta online \u00e8 stata pari a 49,2 miliardi di euro (+35% rispetto al 2019), il 55,7% delle giocate complessive in Italia.<\/p>\n<p><img loading=\"lazy\" decoding=\"async\" class=\" wp-image-45914 aligncenter\" src=\"https:\/\/welaikaadv.site\/avviso\/wp-content\/uploads\/2021\/09\/Riepilogo-gioco-a-distanza-465x405.png\" alt=\"\" width=\"651\" height=\"567\" \/><\/p>\n<p>Per quanto riguarda <strong>la tipologia di raccolta online<\/strong>, ad incidere maggiormente sull&#8217;aumento complessivo della rete telematica sono i cd. Giochi di carte e giochi di sorte a quota fissa, oltre due terzi della raccolta totale online. In aumento anche il Poker Cash e i giochi a base sportiva.<\/p>\n<p style=\"text-align: center;\"><strong>RACCOLTA PER TIPOLOGIA DI GIOCO SU RETE FISICA<\/strong><\/p>\n<p style=\"text-align: left;\">I cosiddetti <strong>Apparecchi da intrattenimento<\/strong> &#8211; ovvero slot machine e VideoLottery &#8211; sono stati i pi\u00f9 penalizzati dalle chiusure del 2020, facendo registrare un calo delle giocate prossimo al 60%. Ciononostante questa tipologia di gioco si conferma la pi\u00f9 praticata su rete fisica (il 48% della Raccolta complessiva). Seguono le <strong>Lotterie<\/strong>, comprese quelle istantanee &#8211; i cd. Gratta e Vinci &#8211; con oltre 8 miliardi di euro di giocate (20,7% del totale su rete fisica) e le varie tipologie di <strong>Lotto<\/strong>, 6,2 miliardi di giocate (15,9% del totale su rete fisica).<\/p>\n<p><img loading=\"lazy\" decoding=\"async\" class=\"wp-image-45919 aligncenter\" src=\"https:\/\/welaikaadv.site\/avviso\/wp-content\/uploads\/2021\/09\/Riepilogo-per-giochi-540x373.png\" alt=\"\" width=\"653\" height=\"451\" \/><\/p>\n<p>Il calo delle giocate sugli apparecchi da intrattenimento ha avuto ripercussioni anche sul gettito erariale. Se nel 2019 slot machine e VideoLottery garantivano il 63,4% dell&#8217;entrate tributarie complessive garantite dall&#8217;azzardo, nel 2020 la percentuale \u00e8 scesa al 44,6.<\/p>\n<p style=\"text-align: left;\"><img loading=\"lazy\" decoding=\"async\" class=\"wp-image-45922 aligncenter\" src=\"https:\/\/welaikaadv.site\/avviso\/wp-content\/uploads\/2021\/09\/Contributo-erario-502x405.png\" alt=\"\" width=\"650\" height=\"524\" \/><\/p>\n<p>&nbsp;<\/p>\n<p>In calo anche il numero degli apparecchi da intrattenimento presenti in Italia:<\/p>\n<ul>\n<li><strong>261.186 AWP<\/strong> (-0.8%)<\/li>\n<li><strong>55.968 VLT<\/strong> (-3,4%)<\/li>\n<\/ul>\n<p><img loading=\"lazy\" decoding=\"async\" class=\" wp-image-45924 aligncenter\" src=\"https:\/\/welaikaadv.site\/avviso\/wp-content\/uploads\/2021\/09\/Numero-apparecchi-in-Italia-540x358.png\" alt=\"\" width=\"649\" height=\"430\" \/><\/p>\n<p>&nbsp;<\/p>\n<p style=\"text-align: right;\">\n","protected":false},"excerpt":{"rendered":"<p>L\u2019Agenzia delle Dogane e dei Monopoli ha presentato il 10 settembre 2021 (guarda il video della presentazione) il Libro Blu per il 2020 (clicca qui&nbsp;<span class=\"hellipsis\">[&hellip;]<\/span><a class=\"more-link\" href=\"https:\/\/welaikaadv.site\/avviso\/home\/cosa-facciamo\/informare\/documenti-tematici\/gioco-dazzardo\/i-dati-ufficiali-sul-gioco-dazzardo-in-italia-nel-2020\/\">Leggi tutto <span class=\"screen-reader-text\">I dati ufficiali sul gioco d\u2019azzardo in Italia nel 2020<\/span> <span class=\"meta-nav\" aria-hidden=\"true\">&rarr;<\/span><\/a><\/p>\n","protected":false},"author":1,"featured_media":0,"parent":202,"menu_order":280,"comment_status":"closed","ping_status":"closed","template":"","meta":{"_acf_changed":false,"_exactmetrics_skip_tracking":false,"_exactmetrics_sitenote_active":false,"_exactmetrics_sitenote_note":"","_exactmetrics_sitenote_category":0,"wp_social_preview_title":"","wp_social_preview_description":"","wp_social_preview_image":0,"footnotes":""},"class_list":["post-45904","page","type-page","status-publish","hentry"],"acf":[],"yoast_head":"<!-- This site is optimized with the Yoast SEO plugin v27.2 - https:\/\/yoast.com\/product\/yoast-seo-wordpress\/ -->\n<title>I dati ufficiali sul gioco d\u2019azzardo in Italia nel 2020 - Staging Avviso Pubblico<\/title>\n<meta name=\"robots\" content=\"noindex, follow, max-snippet:-1, max-image-preview:large, max-video-preview:-1\" \/>\n<meta property=\"og:locale\" content=\"it_IT\" \/>\n<meta property=\"og:type\" content=\"article\" \/>\n<meta property=\"og:title\" content=\"I dati ufficiali sul gioco d\u2019azzardo in Italia nel 2020 - Staging Avviso Pubblico\" \/>\n<meta property=\"og:description\" content=\"L\u2019Agenzia delle Dogane e dei Monopoli ha presentato il 10 settembre 2021 (guarda il video della presentazione) il Libro Blu per il 2020 (clicca qui&nbsp;[&hellip;]Leggi tutto I dati ufficiali sul gioco d\u2019azzardo in Italia nel 2020 &rarr;\" \/>\n<meta property=\"og:url\" content=\"https:\/\/welaikaadv.site\/avviso\/home\/cosa-facciamo\/informare\/documenti-tematici\/gioco-dazzardo\/i-dati-ufficiali-sul-gioco-dazzardo-in-italia-nel-2020\/\" \/>\n<meta property=\"og:site_name\" content=\"Staging Avviso Pubblico\" \/>\n<meta property=\"og:image\" content=\"https:\/\/welaikaadv.site\/avviso\/wp-content\/uploads\/2021\/09\/Trend-dati-gioco-485x405.png\" \/>\n<meta name=\"twitter:card\" content=\"summary_large_image\" \/>\n<meta name=\"twitter:label1\" content=\"Tempo di lettura stimato\" \/>\n\t<meta name=\"twitter:data1\" content=\"4 minuti\" \/>\n<script type=\"application\/ld+json\" class=\"yoast-schema-graph\">{\"@context\":\"https:\/\/schema.org\",\"@graph\":[{\"@type\":\"WebPage\",\"@id\":\"https:\/\/welaikaadv.site\/avviso\/home\/cosa-facciamo\/informare\/documenti-tematici\/gioco-dazzardo\/i-dati-ufficiali-sul-gioco-dazzardo-in-italia-nel-2020\/\",\"url\":\"https:\/\/welaikaadv.site\/avviso\/home\/cosa-facciamo\/informare\/documenti-tematici\/gioco-dazzardo\/i-dati-ufficiali-sul-gioco-dazzardo-in-italia-nel-2020\/\",\"name\":\"I dati ufficiali sul gioco d\u2019azzardo in Italia nel 2020 - Staging Avviso Pubblico\",\"isPartOf\":{\"@id\":\"https:\/\/welaikaadv.site\/avviso\/#website\"},\"primaryImageOfPage\":{\"@id\":\"https:\/\/welaikaadv.site\/avviso\/home\/cosa-facciamo\/informare\/documenti-tematici\/gioco-dazzardo\/i-dati-ufficiali-sul-gioco-dazzardo-in-italia-nel-2020\/#primaryimage\"},\"image\":{\"@id\":\"https:\/\/welaikaadv.site\/avviso\/home\/cosa-facciamo\/informare\/documenti-tematici\/gioco-dazzardo\/i-dati-ufficiali-sul-gioco-dazzardo-in-italia-nel-2020\/#primaryimage\"},\"thumbnailUrl\":\"https:\/\/welaikaadv.site\/avviso\/wp-content\/uploads\/2021\/09\/Trend-dati-gioco-485x405.png\",\"datePublished\":\"2021-09-14T08:55:59+00:00\",\"breadcrumb\":{\"@id\":\"https:\/\/welaikaadv.site\/avviso\/home\/cosa-facciamo\/informare\/documenti-tematici\/gioco-dazzardo\/i-dati-ufficiali-sul-gioco-dazzardo-in-italia-nel-2020\/#breadcrumb\"},\"inLanguage\":\"it-IT\",\"potentialAction\":[{\"@type\":\"ReadAction\",\"target\":[\"https:\/\/welaikaadv.site\/avviso\/home\/cosa-facciamo\/informare\/documenti-tematici\/gioco-dazzardo\/i-dati-ufficiali-sul-gioco-dazzardo-in-italia-nel-2020\/\"]}]},{\"@type\":\"ImageObject\",\"inLanguage\":\"it-IT\",\"@id\":\"https:\/\/welaikaadv.site\/avviso\/home\/cosa-facciamo\/informare\/documenti-tematici\/gioco-dazzardo\/i-dati-ufficiali-sul-gioco-dazzardo-in-italia-nel-2020\/#primaryimage\",\"url\":\"https:\/\/welaikaadv.site\/avviso\/wp-content\/uploads\/2021\/09\/Trend-dati-gioco-485x405.png\",\"contentUrl\":\"https:\/\/welaikaadv.site\/avviso\/wp-content\/uploads\/2021\/09\/Trend-dati-gioco-485x405.png\"},{\"@type\":\"BreadcrumbList\",\"@id\":\"https:\/\/welaikaadv.site\/avviso\/home\/cosa-facciamo\/informare\/documenti-tematici\/gioco-dazzardo\/i-dati-ufficiali-sul-gioco-dazzardo-in-italia-nel-2020\/#breadcrumb\",\"itemListElement\":[{\"@type\":\"ListItem\",\"position\":1,\"name\":\"Home\",\"item\":\"https:\/\/welaikaadv.site\/avviso\/\"},{\"@type\":\"ListItem\",\"position\":2,\"name\":\"I dati ufficiali sul gioco d\u2019azzardo in Italia nel 2020\"}]},{\"@type\":\"WebSite\",\"@id\":\"https:\/\/welaikaadv.site\/avviso\/#website\",\"url\":\"https:\/\/welaikaadv.site\/avviso\/\",\"name\":\"Staging Avviso Pubblico\",\"description\":\"\",\"publisher\":{\"@id\":\"https:\/\/welaikaadv.site\/avviso\/#organization\"},\"potentialAction\":[{\"@type\":\"SearchAction\",\"target\":{\"@type\":\"EntryPoint\",\"urlTemplate\":\"https:\/\/welaikaadv.site\/avviso\/?s={search_term_string}\"},\"query-input\":{\"@type\":\"PropertyValueSpecification\",\"valueRequired\":true,\"valueName\":\"search_term_string\"}}],\"inLanguage\":\"it-IT\"},{\"@type\":\"Organization\",\"@id\":\"https:\/\/welaikaadv.site\/avviso\/#organization\",\"name\":\"Staging Avviso Pubblico\",\"url\":\"https:\/\/welaikaadv.site\/avviso\/\",\"logo\":{\"@type\":\"ImageObject\",\"inLanguage\":\"it-IT\",\"@id\":\"https:\/\/welaikaadv.site\/avviso\/#\/schema\/logo\/image\/\",\"url\":\"https:\/\/welaikaadv.site\/avviso\/wp-content\/uploads\/2024\/08\/logoAPsito-400.png\",\"contentUrl\":\"https:\/\/welaikaadv.site\/avviso\/wp-content\/uploads\/2024\/08\/logoAPsito-400.png\",\"width\":400,\"height\":97,\"caption\":\"Staging Avviso Pubblico\"},\"image\":{\"@id\":\"https:\/\/welaikaadv.site\/avviso\/#\/schema\/logo\/image\/\"}}]}<\/script>\n<!-- \/ Yoast SEO plugin. -->","yoast_head_json":{"title":"I dati ufficiali sul gioco d\u2019azzardo in Italia nel 2020 - Staging Avviso Pubblico","robots":{"index":"noindex","follow":"follow","max-snippet":"max-snippet:-1","max-image-preview":"max-image-preview:large","max-video-preview":"max-video-preview:-1"},"og_locale":"it_IT","og_type":"article","og_title":"I dati ufficiali sul gioco d\u2019azzardo in Italia nel 2020 - Staging Avviso Pubblico","og_description":"L\u2019Agenzia delle Dogane e dei Monopoli ha presentato il 10 settembre 2021 (guarda il video della presentazione) il Libro Blu per il 2020 (clicca qui&nbsp;[&hellip;]Leggi tutto I dati ufficiali sul gioco d\u2019azzardo in Italia nel 2020 &rarr;","og_url":"https:\/\/welaikaadv.site\/avviso\/home\/cosa-facciamo\/informare\/documenti-tematici\/gioco-dazzardo\/i-dati-ufficiali-sul-gioco-dazzardo-in-italia-nel-2020\/","og_site_name":"Staging Avviso Pubblico","og_image":[{"url":"https:\/\/welaikaadv.site\/avviso\/wp-content\/uploads\/2021\/09\/Trend-dati-gioco-485x405.png","type":"","width":"","height":""}],"twitter_card":"summary_large_image","twitter_misc":{"Tempo di lettura stimato":"4 minuti"},"schema":{"@context":"https:\/\/schema.org","@graph":[{"@type":"WebPage","@id":"https:\/\/welaikaadv.site\/avviso\/home\/cosa-facciamo\/informare\/documenti-tematici\/gioco-dazzardo\/i-dati-ufficiali-sul-gioco-dazzardo-in-italia-nel-2020\/","url":"https:\/\/welaikaadv.site\/avviso\/home\/cosa-facciamo\/informare\/documenti-tematici\/gioco-dazzardo\/i-dati-ufficiali-sul-gioco-dazzardo-in-italia-nel-2020\/","name":"I dati ufficiali sul gioco d\u2019azzardo in Italia nel 2020 - Staging Avviso Pubblico","isPartOf":{"@id":"https:\/\/welaikaadv.site\/avviso\/#website"},"primaryImageOfPage":{"@id":"https:\/\/welaikaadv.site\/avviso\/home\/cosa-facciamo\/informare\/documenti-tematici\/gioco-dazzardo\/i-dati-ufficiali-sul-gioco-dazzardo-in-italia-nel-2020\/#primaryimage"},"image":{"@id":"https:\/\/welaikaadv.site\/avviso\/home\/cosa-facciamo\/informare\/documenti-tematici\/gioco-dazzardo\/i-dati-ufficiali-sul-gioco-dazzardo-in-italia-nel-2020\/#primaryimage"},"thumbnailUrl":"https:\/\/welaikaadv.site\/avviso\/wp-content\/uploads\/2021\/09\/Trend-dati-gioco-485x405.png","datePublished":"2021-09-14T08:55:59+00:00","breadcrumb":{"@id":"https:\/\/welaikaadv.site\/avviso\/home\/cosa-facciamo\/informare\/documenti-tematici\/gioco-dazzardo\/i-dati-ufficiali-sul-gioco-dazzardo-in-italia-nel-2020\/#breadcrumb"},"inLanguage":"it-IT","potentialAction":[{"@type":"ReadAction","target":["https:\/\/welaikaadv.site\/avviso\/home\/cosa-facciamo\/informare\/documenti-tematici\/gioco-dazzardo\/i-dati-ufficiali-sul-gioco-dazzardo-in-italia-nel-2020\/"]}]},{"@type":"ImageObject","inLanguage":"it-IT","@id":"https:\/\/welaikaadv.site\/avviso\/home\/cosa-facciamo\/informare\/documenti-tematici\/gioco-dazzardo\/i-dati-ufficiali-sul-gioco-dazzardo-in-italia-nel-2020\/#primaryimage","url":"https:\/\/welaikaadv.site\/avviso\/wp-content\/uploads\/2021\/09\/Trend-dati-gioco-485x405.png","contentUrl":"https:\/\/welaikaadv.site\/avviso\/wp-content\/uploads\/2021\/09\/Trend-dati-gioco-485x405.png"},{"@type":"BreadcrumbList","@id":"https:\/\/welaikaadv.site\/avviso\/home\/cosa-facciamo\/informare\/documenti-tematici\/gioco-dazzardo\/i-dati-ufficiali-sul-gioco-dazzardo-in-italia-nel-2020\/#breadcrumb","itemListElement":[{"@type":"ListItem","position":1,"name":"Home","item":"https:\/\/welaikaadv.site\/avviso\/"},{"@type":"ListItem","position":2,"name":"I dati ufficiali sul gioco d\u2019azzardo in Italia nel 2020"}]},{"@type":"WebSite","@id":"https:\/\/welaikaadv.site\/avviso\/#website","url":"https:\/\/welaikaadv.site\/avviso\/","name":"Staging Avviso Pubblico","description":"","publisher":{"@id":"https:\/\/welaikaadv.site\/avviso\/#organization"},"potentialAction":[{"@type":"SearchAction","target":{"@type":"EntryPoint","urlTemplate":"https:\/\/welaikaadv.site\/avviso\/?s={search_term_string}"},"query-input":{"@type":"PropertyValueSpecification","valueRequired":true,"valueName":"search_term_string"}}],"inLanguage":"it-IT"},{"@type":"Organization","@id":"https:\/\/welaikaadv.site\/avviso\/#organization","name":"Staging Avviso Pubblico","url":"https:\/\/welaikaadv.site\/avviso\/","logo":{"@type":"ImageObject","inLanguage":"it-IT","@id":"https:\/\/welaikaadv.site\/avviso\/#\/schema\/logo\/image\/","url":"https:\/\/welaikaadv.site\/avviso\/wp-content\/uploads\/2024\/08\/logoAPsito-400.png","contentUrl":"https:\/\/welaikaadv.site\/avviso\/wp-content\/uploads\/2024\/08\/logoAPsito-400.png","width":400,"height":97,"caption":"Staging Avviso Pubblico"},"image":{"@id":"https:\/\/welaikaadv.site\/avviso\/#\/schema\/logo\/image\/"}}]}},"_links":{"self":[{"href":"https:\/\/welaikaadv.site\/avviso\/wp-json\/wp\/v2\/pages\/45904","targetHints":{"allow":["GET"]}}],"collection":[{"href":"https:\/\/welaikaadv.site\/avviso\/wp-json\/wp\/v2\/pages"}],"about":[{"href":"https:\/\/welaikaadv.site\/avviso\/wp-json\/wp\/v2\/types\/page"}],"author":[{"embeddable":true,"href":"https:\/\/welaikaadv.site\/avviso\/wp-json\/wp\/v2\/users\/1"}],"replies":[{"embeddable":true,"href":"https:\/\/welaikaadv.site\/avviso\/wp-json\/wp\/v2\/comments?post=45904"}],"version-history":[{"count":0,"href":"https:\/\/welaikaadv.site\/avviso\/wp-json\/wp\/v2\/pages\/45904\/revisions"}],"up":[{"embeddable":true,"href":"https:\/\/welaikaadv.site\/avviso\/wp-json\/wp\/v2\/pages\/202"}],"wp:attachment":[{"href":"https:\/\/welaikaadv.site\/avviso\/wp-json\/wp\/v2\/media?parent=45904"}],"curies":[{"name":"wp","href":"https:\/\/api.w.org\/{rel}","templated":true}]}}