{"id":46153,"date":"2021-10-04T12:33:54","date_gmt":"2021-10-04T10:33:54","guid":{"rendered":"https:\/\/www.avvisopubblico.it\/home\/?page_id=46153"},"modified":"2021-10-04T12:33:54","modified_gmt":"2021-10-04T10:33:54","slug":"la-corte-costituzionale-dichiara-lillegittimita-costituzionale-della-sanzione-amministrativa-fissa-in-tema-di-formule-di-avvertimento-sul-gap-nelle-sale-gioco","status":"publish","type":"page","link":"https:\/\/welaikaadv.site\/avviso\/home\/cosa-facciamo\/informare\/documenti-tematici\/gioco-dazzardo\/la-corte-costituzionale-dichiara-lillegittimita-costituzionale-della-sanzione-amministrativa-fissa-in-tema-di-formule-di-avvertimento-sul-gap-nelle-sale-gioco\/","title":{"rendered":"LA CORTE COSTITUZIONALE DICHIARA L\u2019ILLEGITTIMIT\u00c0 COSTITUZIONALE DELLA SANZIONE AMMINISTRATIVA FISSA IN TEMA DI FORMULE DI AVVERTIMENTO SUL GAP NELLE SALE GIOCO"},"content":{"rendered":"<p><strong>La normativa.<\/strong> L\u2019articolo 7, comma 5, del <a href=\"https:\/\/www.normattiva.it\/uri-res\/N2Ls?urn:nir:stato:decreto.legge:2012;158~art7\">decreto-legge 158\/2012<\/a> (come modificato in sede di conversione) introduce la disciplina relativa alle formule di avvertimento sul rischio di dipendenza dal gioco. Tali formule, in particolare, devono essere: riportate sui tagliandi e sulle schedine del gioco; applicate sugli apparecchi da gioco; riportate su apposite targhe esposte nelle aree ovvero nelle sale in cui sono installati i videoterminali. Si prescrive, inoltre, che i gestori delle sale in esame devono esporre il materiale informativo predisposto dalle aziende sanitarie locali sul tema del gioco patologico.<\/p>\n<p>Il successivo comma 6 prevede che, in caso di violazione di tali prescrizioni, venga comminata (al concessionario, ovvero al titolare della sala o del punto di raccolta dei giochi, ovvero ancora al solo titolare del punto vendita se diverso dal concessionario, a seconda dei casi) una sanzione amministrativa fissa di cinquanta mila euro.<\/p>\n<p><strong>Il caso.<\/strong> Nel caso di specie, il titolare di un bar si \u00e8 visto applicare la sanzione amministrativa prevista dal comma 6 in quanto nel locale non risultavano esposte le targhe di avvertimento, pur avendo rispettato tutte le altre prescrizioni contenute nel comma 5.<\/p>\n<p>Il Tribunale Ordinario di Trapani ha, quindi, sollevato questione di legittimit\u00e0 costituzionale, denunciando che la sanzione prevista dal comma 6, in particolare per la sua fissit\u00e0 e la sua non graduabilit\u00e0 a seconda dei casi, si porrebbe in contrasto con il principio di ragionevolezza di cui all\u2019articolo 3 della Costituzione (anche in combinato disposto con gli articoli 41 e 42 Costituzione, e con l\u2019articolo 117, comma 1, della Costituzione, in relazione all\u2019articolo 1 del Protocollo addizionale CEDU e agli articoli 16 e 17 della CDFUE).<\/p>\n<p>La Corte costituzionale, con la sentenza <a href=\"https:\/\/www.cortecostituzionale.it\/actionSchedaPronuncia.do?anno=2021&amp;numero=185\">185\/2021<\/a> che qui si analizza, ha accolto la questione di legittimit\u00e0 costituzionale (salvo che per il riferimento agli articoli 16 e 17 della CDFUE, rispetto ai quali la questione \u00e8 stata dichiarata inammissibile).<\/p>\n<p><strong>La disciplina di contrasto al GAP.<\/strong> Per prima cosa, i giudici costituzionali rilevano che le prescrizioni di cui ai commi 5 e 6 dell\u2019articolo 7 del decreto-legge 158\/2012 si inseriscono nel contesto di un \u201carticolato quadro d[i] misure intese a contrastare il fenomeno \u2013 diffusosi in parallelo al progressivo aumento dell\u2019offerta ludica consentita, sino ad assumere dimensioni allarmanti \u2013 della dipendenza da gioco d\u2019azzardo (\u2026) riconosciuto come vero e proprio disturbo del comportamento, assimilabile, per certi versi, alla tossicodipendenza e all\u2019alcoolismo (sentenza <a href=\"https:\/\/www.cortecostituzionale.it\/actionSchedaPronuncia.do?anno=2017&amp;numero=108\">108\/2017<\/a>), con riflessi, talvolta gravi, sulle capacit\u00e0 intellettive, di lavoro e di relazione di chi ne \u00e8 affetto, e con ricadute negative altrettanto rilevanti sulle economie personali e familiari\u201d.<\/p>\n<p>Vengono rammentate, quindi, le altre misure assunte dal legislatore nazionale e anche regionale, come quelle di prevenzione logistica (distanziometro), il divieto di pubblicit\u00e0, il divieto di gioco per i minori. \u00c8 in questo quadro, dunque, che vanno lette anche le previsioni relative alle formule di avvertimento sul rischio di dipendenza che il gioco pu\u00f2 indurre.<\/p>\n<p><strong>Il principio di proporzionalit\u00e0.<\/strong> Il cuore della vicenda risiede, come poc\u2019anzi accennato, nella contestazione che la previsione di una sanzione amministrativa fissa e di considerevole entit\u00e0 contrasterebbe con il principio di proporzionalit\u00e0.<\/p>\n<p>La Corte, anzitutto, ricorda che costituisce gi\u00e0 principio acquisito della giurisprudenza costituzionale la considerazione che la declinazione del principio di proporzionalit\u00e0 nella materia penale trova applicazione anche con riferimento alle sanzioni amministrative a carattere punitivo.<\/p>\n<p><strong>La fissit\u00e0 della sanzione amministrativa.<\/strong> Sulla base di questa premessa, i giudici della Consulta estendono anche a questa circostanza il principio secondo cui la mobilit\u00e0 o (l\u2019individualizzazione) della pena costituisce naturale attuazione e sviluppo dei principi costituzionali: ci\u00f2 comporta che, in caso di sanzioni rigide, emerge l\u2019esigenza di verificare se anche le infrazioni meno gravi tra quelle comprese nel perimetro applicativo della previsione sanzionatoria siano connotate da un disvalore tale da non rendere manifestamente sproporzionata la sanzione amministrativa comminata.<\/p>\n<p>Nel caso di specie, sostengono i giudici, la fissit\u00e0 del trattamento sanzionatorio impedisce di tener conto della diversa gravit\u00e0 concreta dei singoli illeciti, che \u00e8 in funzione dell\u2019ampiezza dell\u2019offerta di gioco e del tipo di violazione commessa: un conto \u00e8, infatti \u201cl\u2019omissione delle formule di avvertimento in schedine o tagliandi di giochi soggetti ad ampia diffusione, altro conto [sono] le inadempienze relative a sale da gioco o esercizi in cui vi sia offerta di giochi pubblici, la cui gravit\u00e0 varia in modo rilevante secondo la dimensione e l\u2019ubicazione della sala o dell\u2019esercizio, il grado di frequentazione, il numero di apparecchiature da gioco presenti e la circostanza che si sia di fronte a una violazione totale, ovvero solo parziale, degli obblighi previsti\u201d.<\/p>\n<p>Tutti elementi che conducono i giudici della Corte a dichiarare l\u2019illegittimit\u00e0 costituzionale della sanzione di cui all\u2019articolo 7, comma 6, del decreto-legge 158\/2012 per violazione del principio di proporzionalit\u00e0.<\/p>\n<p><strong>Il problema del vuoto giuridico.<\/strong> Non costituisce ostacolo alla pronuncia di incostituzionalit\u00e0 la circostanza, sottolineata dall\u2019Avvocatura dello Stato, che per questa via si determinerebbe una carenza normativa in tema di sanzioni, in attesa di un futuro intervento del legislatore.<\/p>\n<p>La Corte sottolinea che il determinarsi di un vuoto normativo non \u00e8, in linea generale, circostanza preclusiva della declaratoria di illegittimit\u00e0 costituzionale.<\/p>\n<p>Alla Corte non mancano, peraltro, gli strumenti di tipo manipolativo o creativo per evitare che si determini questo esito: questa soluzione, tuttavia, va circoscritta a quelle ipotesi in cui dalla pronuncia si determinerebbero insostenibili vuoti di tutela per gli interessi protetti dalla norma.<\/p>\n<p>Non \u00e8 questo il caso: la norma oggetto del giudizio, infatti, pur inerendo alla tutela della salute, detta una disciplina di carattere preventivo (in breve, obblighi informativi per dissuadere gli utenti dall\u2019abuso del gioco), che non \u00e8 tale da rendere indispensabile per la Corte la ricerca di altre soluzioni normative immediate.<\/p>\n<p><strong>Il confronto con le sanzioni previste nel caso di violazione del divieto di gioco per i minori.<\/strong> I giudici respingono anche l\u2019ipotesi che il vuoto possa essere colmato dall\u2019estensione della sanzione prevista nel caso di violazione delle prescrizioni che vietano il gioco per i minori (sanzione amministrativa pecuniaria, di minor importo e graduabile, da cinquemila a ventimila euro; sanzioni accessorie pi\u00f9 significative, come la chiusura temporanea dell\u2019esercizio e, in determinati casi di recidiva, revoca delle autorizzazioni e delle concessioni amministrative). Le due ipotesi non sono, infatti, assimilabili tra loro, per l\u2019evidente diversit\u00e0 dei presupposti e delle conseguenze sanzionatorie.<\/p>\n<p>Spetter\u00e0 pertanto al legislatore \u201cdeterminare, nel rispetto dei principi costituzionali, una diversa sanzione per i comportamenti considerati, stabilendone i relativi limiti minimo e massimo\u201d.<\/p>\n<p style=\"text-align: right;\">(<em>a cura di <strong>Marco De Pasquale<\/strong><\/em>)<\/p>\n","protected":false},"excerpt":{"rendered":"<p>La normativa. L\u2019articolo 7, comma 5, del decreto-legge 158\/2012 (come modificato in sede di conversione) introduce la disciplina relativa alle formule di avvertimento sul rischio&nbsp;<span class=\"hellipsis\">[&hellip;]<\/span><a class=\"more-link\" href=\"https:\/\/welaikaadv.site\/avviso\/home\/cosa-facciamo\/informare\/documenti-tematici\/gioco-dazzardo\/la-corte-costituzionale-dichiara-lillegittimita-costituzionale-della-sanzione-amministrativa-fissa-in-tema-di-formule-di-avvertimento-sul-gap-nelle-sale-gioco\/\">Leggi tutto <span class=\"screen-reader-text\">LA CORTE COSTITUZIONALE DICHIARA L\u2019ILLEGITTIMIT\u00c0 COSTITUZIONALE DELLA SANZIONE AMMINISTRATIVA FISSA IN TEMA DI FORMULE DI AVVERTIMENTO SUL GAP NELLE SALE GIOCO<\/span> <span class=\"meta-nav\" aria-hidden=\"true\">&rarr;<\/span><\/a><\/p>\n","protected":false},"author":1,"featured_media":0,"parent":202,"menu_order":160,"comment_status":"closed","ping_status":"closed","template":"","meta":{"_acf_changed":false,"_exactmetrics_skip_tracking":false,"_exactmetrics_sitenote_active":false,"_exactmetrics_sitenote_note":"","_exactmetrics_sitenote_category":0,"wp_social_preview_title":"","wp_social_preview_description":"","wp_social_preview_image":0,"footnotes":""},"class_list":["post-46153","page","type-page","status-publish","hentry"],"acf":[],"yoast_head":"<!-- This site is optimized with the Yoast SEO plugin v27.2 - https:\/\/yoast.com\/product\/yoast-seo-wordpress\/ -->\n<title>LA CORTE COSTITUZIONALE DICHIARA L\u2019ILLEGITTIMIT\u00c0 COSTITUZIONALE DELLA SANZIONE AMMINISTRATIVA FISSA IN TEMA DI FORMULE DI AVVERTIMENTO SUL GAP NELLE SALE GIOCO - Staging Avviso Pubblico<\/title>\n<meta name=\"robots\" content=\"noindex, follow, max-snippet:-1, max-image-preview:large, max-video-preview:-1\" \/>\n<meta property=\"og:locale\" content=\"it_IT\" \/>\n<meta property=\"og:type\" content=\"article\" \/>\n<meta property=\"og:title\" content=\"LA CORTE COSTITUZIONALE DICHIARA L\u2019ILLEGITTIMIT\u00c0 COSTITUZIONALE DELLA SANZIONE AMMINISTRATIVA FISSA IN TEMA DI FORMULE DI AVVERTIMENTO SUL GAP NELLE SALE GIOCO - Staging Avviso Pubblico\" \/>\n<meta property=\"og:description\" content=\"La normativa. L\u2019articolo 7, comma 5, del decreto-legge 158\/2012 (come modificato in sede di conversione) introduce la disciplina relativa alle formule di avvertimento sul rischio&nbsp;[&hellip;]Leggi tutto LA CORTE COSTITUZIONALE DICHIARA L\u2019ILLEGITTIMIT\u00c0 COSTITUZIONALE DELLA SANZIONE AMMINISTRATIVA FISSA IN TEMA DI FORMULE DI AVVERTIMENTO SUL GAP NELLE SALE GIOCO &rarr;\" \/>\n<meta property=\"og:url\" content=\"https:\/\/welaikaadv.site\/avviso\/home\/cosa-facciamo\/informare\/documenti-tematici\/gioco-dazzardo\/la-corte-costituzionale-dichiara-lillegittimita-costituzionale-della-sanzione-amministrativa-fissa-in-tema-di-formule-di-avvertimento-sul-gap-nelle-sale-gioco\/\" \/>\n<meta property=\"og:site_name\" content=\"Staging Avviso Pubblico\" \/>\n<meta name=\"twitter:card\" content=\"summary_large_image\" \/>\n<meta name=\"twitter:label1\" content=\"Tempo di lettura stimato\" \/>\n\t<meta name=\"twitter:data1\" content=\"5 minuti\" \/>\n<script type=\"application\/ld+json\" class=\"yoast-schema-graph\">{\"@context\":\"https:\/\/schema.org\",\"@graph\":[{\"@type\":\"WebPage\",\"@id\":\"https:\/\/welaikaadv.site\/avviso\/home\/cosa-facciamo\/informare\/documenti-tematici\/gioco-dazzardo\/la-corte-costituzionale-dichiara-lillegittimita-costituzionale-della-sanzione-amministrativa-fissa-in-tema-di-formule-di-avvertimento-sul-gap-nelle-sale-gioco\/\",\"url\":\"https:\/\/welaikaadv.site\/avviso\/home\/cosa-facciamo\/informare\/documenti-tematici\/gioco-dazzardo\/la-corte-costituzionale-dichiara-lillegittimita-costituzionale-della-sanzione-amministrativa-fissa-in-tema-di-formule-di-avvertimento-sul-gap-nelle-sale-gioco\/\",\"name\":\"LA CORTE COSTITUZIONALE DICHIARA L\u2019ILLEGITTIMIT\u00c0 COSTITUZIONALE DELLA SANZIONE AMMINISTRATIVA FISSA IN TEMA DI FORMULE DI AVVERTIMENTO SUL GAP NELLE SALE GIOCO - Staging Avviso Pubblico\",\"isPartOf\":{\"@id\":\"https:\/\/welaikaadv.site\/avviso\/#website\"},\"datePublished\":\"2021-10-04T10:33:54+00:00\",\"breadcrumb\":{\"@id\":\"https:\/\/welaikaadv.site\/avviso\/home\/cosa-facciamo\/informare\/documenti-tematici\/gioco-dazzardo\/la-corte-costituzionale-dichiara-lillegittimita-costituzionale-della-sanzione-amministrativa-fissa-in-tema-di-formule-di-avvertimento-sul-gap-nelle-sale-gioco\/#breadcrumb\"},\"inLanguage\":\"it-IT\",\"potentialAction\":[{\"@type\":\"ReadAction\",\"target\":[\"https:\/\/welaikaadv.site\/avviso\/home\/cosa-facciamo\/informare\/documenti-tematici\/gioco-dazzardo\/la-corte-costituzionale-dichiara-lillegittimita-costituzionale-della-sanzione-amministrativa-fissa-in-tema-di-formule-di-avvertimento-sul-gap-nelle-sale-gioco\/\"]}]},{\"@type\":\"BreadcrumbList\",\"@id\":\"https:\/\/welaikaadv.site\/avviso\/home\/cosa-facciamo\/informare\/documenti-tematici\/gioco-dazzardo\/la-corte-costituzionale-dichiara-lillegittimita-costituzionale-della-sanzione-amministrativa-fissa-in-tema-di-formule-di-avvertimento-sul-gap-nelle-sale-gioco\/#breadcrumb\",\"itemListElement\":[{\"@type\":\"ListItem\",\"position\":1,\"name\":\"Home\",\"item\":\"https:\/\/welaikaadv.site\/avviso\/\"},{\"@type\":\"ListItem\",\"position\":2,\"name\":\"LA CORTE COSTITUZIONALE DICHIARA L\u2019ILLEGITTIMIT\u00c0 COSTITUZIONALE DELLA SANZIONE AMMINISTRATIVA FISSA IN TEMA DI FORMULE DI AVVERTIMENTO SUL GAP NELLE SALE GIOCO\"}]},{\"@type\":\"WebSite\",\"@id\":\"https:\/\/welaikaadv.site\/avviso\/#website\",\"url\":\"https:\/\/welaikaadv.site\/avviso\/\",\"name\":\"Staging Avviso Pubblico\",\"description\":\"\",\"publisher\":{\"@id\":\"https:\/\/welaikaadv.site\/avviso\/#organization\"},\"potentialAction\":[{\"@type\":\"SearchAction\",\"target\":{\"@type\":\"EntryPoint\",\"urlTemplate\":\"https:\/\/welaikaadv.site\/avviso\/?s={search_term_string}\"},\"query-input\":{\"@type\":\"PropertyValueSpecification\",\"valueRequired\":true,\"valueName\":\"search_term_string\"}}],\"inLanguage\":\"it-IT\"},{\"@type\":\"Organization\",\"@id\":\"https:\/\/welaikaadv.site\/avviso\/#organization\",\"name\":\"Staging Avviso Pubblico\",\"url\":\"https:\/\/welaikaadv.site\/avviso\/\",\"logo\":{\"@type\":\"ImageObject\",\"inLanguage\":\"it-IT\",\"@id\":\"https:\/\/welaikaadv.site\/avviso\/#\/schema\/logo\/image\/\",\"url\":\"https:\/\/welaikaadv.site\/avviso\/wp-content\/uploads\/2024\/08\/logoAPsito-400.png\",\"contentUrl\":\"https:\/\/welaikaadv.site\/avviso\/wp-content\/uploads\/2024\/08\/logoAPsito-400.png\",\"width\":400,\"height\":97,\"caption\":\"Staging Avviso Pubblico\"},\"image\":{\"@id\":\"https:\/\/welaikaadv.site\/avviso\/#\/schema\/logo\/image\/\"}}]}<\/script>\n<!-- \/ Yoast SEO plugin. -->","yoast_head_json":{"title":"LA CORTE COSTITUZIONALE DICHIARA L\u2019ILLEGITTIMIT\u00c0 COSTITUZIONALE DELLA SANZIONE AMMINISTRATIVA FISSA IN TEMA DI FORMULE DI AVVERTIMENTO SUL GAP NELLE SALE GIOCO - Staging Avviso Pubblico","robots":{"index":"noindex","follow":"follow","max-snippet":"max-snippet:-1","max-image-preview":"max-image-preview:large","max-video-preview":"max-video-preview:-1"},"og_locale":"it_IT","og_type":"article","og_title":"LA CORTE COSTITUZIONALE DICHIARA L\u2019ILLEGITTIMIT\u00c0 COSTITUZIONALE DELLA SANZIONE AMMINISTRATIVA FISSA IN TEMA DI FORMULE DI AVVERTIMENTO SUL GAP NELLE SALE GIOCO - Staging Avviso Pubblico","og_description":"La normativa. L\u2019articolo 7, comma 5, del decreto-legge 158\/2012 (come modificato in sede di conversione) introduce la disciplina relativa alle formule di avvertimento sul rischio&nbsp;[&hellip;]Leggi tutto LA CORTE COSTITUZIONALE DICHIARA L\u2019ILLEGITTIMIT\u00c0 COSTITUZIONALE DELLA SANZIONE AMMINISTRATIVA FISSA IN TEMA DI FORMULE DI AVVERTIMENTO SUL GAP NELLE SALE GIOCO &rarr;","og_url":"https:\/\/welaikaadv.site\/avviso\/home\/cosa-facciamo\/informare\/documenti-tematici\/gioco-dazzardo\/la-corte-costituzionale-dichiara-lillegittimita-costituzionale-della-sanzione-amministrativa-fissa-in-tema-di-formule-di-avvertimento-sul-gap-nelle-sale-gioco\/","og_site_name":"Staging Avviso Pubblico","twitter_card":"summary_large_image","twitter_misc":{"Tempo di lettura stimato":"5 minuti"},"schema":{"@context":"https:\/\/schema.org","@graph":[{"@type":"WebPage","@id":"https:\/\/welaikaadv.site\/avviso\/home\/cosa-facciamo\/informare\/documenti-tematici\/gioco-dazzardo\/la-corte-costituzionale-dichiara-lillegittimita-costituzionale-della-sanzione-amministrativa-fissa-in-tema-di-formule-di-avvertimento-sul-gap-nelle-sale-gioco\/","url":"https:\/\/welaikaadv.site\/avviso\/home\/cosa-facciamo\/informare\/documenti-tematici\/gioco-dazzardo\/la-corte-costituzionale-dichiara-lillegittimita-costituzionale-della-sanzione-amministrativa-fissa-in-tema-di-formule-di-avvertimento-sul-gap-nelle-sale-gioco\/","name":"LA CORTE COSTITUZIONALE DICHIARA L\u2019ILLEGITTIMIT\u00c0 COSTITUZIONALE DELLA SANZIONE AMMINISTRATIVA FISSA IN TEMA DI FORMULE DI AVVERTIMENTO SUL GAP NELLE SALE GIOCO - Staging Avviso Pubblico","isPartOf":{"@id":"https:\/\/welaikaadv.site\/avviso\/#website"},"datePublished":"2021-10-04T10:33:54+00:00","breadcrumb":{"@id":"https:\/\/welaikaadv.site\/avviso\/home\/cosa-facciamo\/informare\/documenti-tematici\/gioco-dazzardo\/la-corte-costituzionale-dichiara-lillegittimita-costituzionale-della-sanzione-amministrativa-fissa-in-tema-di-formule-di-avvertimento-sul-gap-nelle-sale-gioco\/#breadcrumb"},"inLanguage":"it-IT","potentialAction":[{"@type":"ReadAction","target":["https:\/\/welaikaadv.site\/avviso\/home\/cosa-facciamo\/informare\/documenti-tematici\/gioco-dazzardo\/la-corte-costituzionale-dichiara-lillegittimita-costituzionale-della-sanzione-amministrativa-fissa-in-tema-di-formule-di-avvertimento-sul-gap-nelle-sale-gioco\/"]}]},{"@type":"BreadcrumbList","@id":"https:\/\/welaikaadv.site\/avviso\/home\/cosa-facciamo\/informare\/documenti-tematici\/gioco-dazzardo\/la-corte-costituzionale-dichiara-lillegittimita-costituzionale-della-sanzione-amministrativa-fissa-in-tema-di-formule-di-avvertimento-sul-gap-nelle-sale-gioco\/#breadcrumb","itemListElement":[{"@type":"ListItem","position":1,"name":"Home","item":"https:\/\/welaikaadv.site\/avviso\/"},{"@type":"ListItem","position":2,"name":"LA CORTE COSTITUZIONALE DICHIARA L\u2019ILLEGITTIMIT\u00c0 COSTITUZIONALE DELLA SANZIONE AMMINISTRATIVA FISSA IN TEMA DI FORMULE DI AVVERTIMENTO SUL GAP NELLE SALE GIOCO"}]},{"@type":"WebSite","@id":"https:\/\/welaikaadv.site\/avviso\/#website","url":"https:\/\/welaikaadv.site\/avviso\/","name":"Staging Avviso Pubblico","description":"","publisher":{"@id":"https:\/\/welaikaadv.site\/avviso\/#organization"},"potentialAction":[{"@type":"SearchAction","target":{"@type":"EntryPoint","urlTemplate":"https:\/\/welaikaadv.site\/avviso\/?s={search_term_string}"},"query-input":{"@type":"PropertyValueSpecification","valueRequired":true,"valueName":"search_term_string"}}],"inLanguage":"it-IT"},{"@type":"Organization","@id":"https:\/\/welaikaadv.site\/avviso\/#organization","name":"Staging Avviso Pubblico","url":"https:\/\/welaikaadv.site\/avviso\/","logo":{"@type":"ImageObject","inLanguage":"it-IT","@id":"https:\/\/welaikaadv.site\/avviso\/#\/schema\/logo\/image\/","url":"https:\/\/welaikaadv.site\/avviso\/wp-content\/uploads\/2024\/08\/logoAPsito-400.png","contentUrl":"https:\/\/welaikaadv.site\/avviso\/wp-content\/uploads\/2024\/08\/logoAPsito-400.png","width":400,"height":97,"caption":"Staging Avviso Pubblico"},"image":{"@id":"https:\/\/welaikaadv.site\/avviso\/#\/schema\/logo\/image\/"}}]}},"_links":{"self":[{"href":"https:\/\/welaikaadv.site\/avviso\/wp-json\/wp\/v2\/pages\/46153","targetHints":{"allow":["GET"]}}],"collection":[{"href":"https:\/\/welaikaadv.site\/avviso\/wp-json\/wp\/v2\/pages"}],"about":[{"href":"https:\/\/welaikaadv.site\/avviso\/wp-json\/wp\/v2\/types\/page"}],"author":[{"embeddable":true,"href":"https:\/\/welaikaadv.site\/avviso\/wp-json\/wp\/v2\/users\/1"}],"replies":[{"embeddable":true,"href":"https:\/\/welaikaadv.site\/avviso\/wp-json\/wp\/v2\/comments?post=46153"}],"version-history":[{"count":0,"href":"https:\/\/welaikaadv.site\/avviso\/wp-json\/wp\/v2\/pages\/46153\/revisions"}],"up":[{"embeddable":true,"href":"https:\/\/welaikaadv.site\/avviso\/wp-json\/wp\/v2\/pages\/202"}],"wp:attachment":[{"href":"https:\/\/welaikaadv.site\/avviso\/wp-json\/wp\/v2\/media?parent=46153"}],"curies":[{"name":"wp","href":"https:\/\/api.w.org\/{rel}","templated":true}]}}