{"id":465,"date":"2017-08-09T14:34:24","date_gmt":"2017-08-09T12:34:24","guid":{"rendered":"http:\/\/www.avvisopubblico.it\/home\/?page_id=465"},"modified":"2017-08-09T14:34:24","modified_gmt":"2017-08-09T12:34:24","slug":"faq","status":"publish","type":"page","link":"https:\/\/welaikaadv.site\/avviso\/carta-2nd-content-block\/faq\/","title":{"rendered":"FAQ"},"content":{"rendered":"<p><strong>La Carta \u00e8 un codice rigido che va sottoscritto e approvato cos\u00ec come proposto?<\/strong><br \/>\nLa Carta di Avviso Pubblico non va letta come un insieme rigido di disposizioni \u201ccalate dall\u2019alto\u201d. Al contrario, essa si pone come strumento aperto, possibile termine di riferimento per l\u2019elaborazione di qualsiasi codice di condotta per amministratori pubblici di cui un ente locale intenda dotarsi.<\/p>\n<p><strong>Come e da chi pu\u00f2 essere sottoscritta la Carta?<\/strong><br \/>\nLa Carta pu\u00f2 essere adottata con specifico atto di deliberazione da assemblee istituzionali (consigli comunali, metropolitani, giunte, ecc.) e sottoscritta da singoli amministratori.<\/p>\n<p><strong>Se l\u2019ente o il singolo amministratore hanno gi\u00e0 sottoscritto la Carta di Pisa come possono fare per sottoscrivere la Carta di Avviso Pubblico?<\/strong><br \/>\nApprovando un atto amministrativo in cui si ufficializza l\u2019adozione del nuovo testo del codice etico.<\/p>\n<p><strong>Come si fa a verificare quantificare il valore dei regali?<\/strong><br \/>\nLa responsabilit\u00e0 politica di chi riceve regali di renderne pubblica l&#8217;esistenza e dunque anche valutarne il controvalore. Se qualcuno ritiene che vi siano state infrazioni pu\u00f2 naturalmente chiedere chiarimenti o denunciare pubblicamente la violazione (richiamo formale e censura pubblica sono sanzioni previste dalla Carta).<\/p>\n<p><strong>L\u2019espressione \u201cpersone operanti\u201d contenuta nell\u2019articolo 5, lettera c) come \u00e8 da considerare?<\/strong><br \/>\nL\u2019espressione fa riferimento a persone che hanno ruoli di responsabilit\u00e0.<\/p>\n<p><strong>In riferimento all\u2019articolo 5, lettera d) cosa si intende per &#8220;frequentazione abituale&#8221;?<\/strong><br \/>\nLa frequentazione abituale non \u00e8, come nel diritto penale, quella caratterizzata dai profili di comunanza di vita e di interessi, ritenendo invece che essa debba essere riferita esclusivamente alla nozione di conflitto di interessi, cosicch\u00e9 non \u00e8 richiesta la assidua e costante relazione personale, essendo invece sufficiente la frequentazione, anche nel caso di due o pi\u00f9 intrattenimenti (es. cene, feste, riunioni celebrative, riunioni private) per essere assunta a sintomo di abitualit\u00e0 di tale comportamento.<\/p>\n<p><strong>In riferimento all\u2019articolo 5, lettera e) cosa si intende per &#8220;vantaggio personale&#8221;? Come si concilia con la frase successiva che esclude il conflitto di interesse se l\u2019amministratore percepisce il vantaggio come membro di un&#8217;ampia categoria di persone? Come si definisce  una \u201campia categoria di persone\u201d?<\/strong><br \/>\nIl vantaggio personale e diretto deriva dal fatto di ricavare un\u2019utilit\u00e0 economica da una decisione pubblica.<br \/>\nEsistono anche categorie intermedie, fra le quali quella rappresentata dal vantaggio di reputazione, derivante dall&#8217;essere cercati, considerati e tenuti presenti per le cariche ricoperte e per l&#8217;influenza esercitabile.<br \/>\nLa frase successiva intende riferirsi agli atti di programmazione e agli atti amministrativi generali.<br \/>\nPer definire la \u201campia categoria di persone\u201d si pu\u00f2 fare riferimento ai soggetti portatori di interessi diffusi.<\/p>\n<p><strong>L\u2019articolo 7 della Carta parla di \u201cEsercizio delle competenze discrezionali\u201d. Come \u00e8 da intendersi?<\/strong><br \/>\nLa disposizione scritta nella Carta mira ad evitare ogni forma di vantaggio, diretto o indiretto, dell&#8217;amministratore derivante dall&#8217;adozione di atti o dallo svolgimento di attivit\u00e0 caratterizzate dal confronto e dalla scelta fra pi\u00f9 opzioni possibili. Quindi, anche l&#8217;interpretazione dei casi dovrebbe essere estensiva e la soluzione sta nella motivazione, reale e pubblica, delle decisioni.<\/p>\n<p><strong>L\u2019articolo 9 della Carta come va interpretato?<\/strong><br \/>\nLa norma scatta quando l&#8217;amministratore vota ed esprime pareri che avvantaggiano direttamente un&#8217;impresa che successivamente lo assume (in caso favorisca un&#8217;impresa in cui gi\u00e0 lavorava sarebbe conflitto di interessi). Se questo accade &#8211; un professionista ex assessore che va a lavorare in una societ\u00e0 a cui aveva direttamente assegnato appalti licenze o concessioni &#8211; e solo in questo caso, l&#8217;amministrazione impedisce per tre anni a quell&#8217;impresa di partecipare alle gare.<\/p>\n<p><strong>Nell\u2019articolo 9 si legge che &#8220;L\u2019amministratore che negli ultimi cinque anni ha esercitato poteri decisionali per conto dell\u2019amministrazione&#8221; Chi si intende?<\/strong><br \/>\nL&#8217;organo di governo del Comune \u00e8 la giunta, per cui la norma \u00e8 riferita al Sindaco e agli Assessori. Si possono verificare singole fattispecie riferite ai Consiglieri delegati, da esaminare caso per caso.<\/p>\n<p><strong>Nell\u2019articolo 10 si legge che \u201cL\u2019amministratore deve rendere pubblica la propria appartenenza ad associazioni e organizzazioni, anche quelle di carattere riservato\u201d. Come va interpretato?<\/strong><br \/>\nNell&#8217;interesse generale e del singolo amministratore, la situazione dovrebbe essere chiarita, cio\u00e8 resa pubblica, al momento della candidatura o della nomina all&#8217;incarico pubblico.<\/p>\n<p><strong>Una persona intende candidarsi alle elezioni amministrative. Ha un parente stretto (es. fratello\/sorella) che \u00e8 direttore generale (non di nomina politica) di una societ\u00e0 in house partecipata dal Comune. Questo \u00e8 motivo di conflitto con quanto previsto dall\u2019articolo 6 della Carta?<\/strong><br \/>\nLa Carta non vuole e non pu\u00f2 incidere nella sfera dell&#8217;elettorato passivo. Il problema dell&#8217;applicazione dell&#8217;articolo 6 potrebbe porsi soltanto nel caso di adozione da parte del Comune (con l&#8217;eventuale neo Sindaco a capo dell&#8217;amministrazione) di atti di indirizzo, programmazione o controllo nei confronti della societ\u00e0 in house oppure di risposte a richieste dell&#8217;azienda al Comune.<br \/>\nAnche in questo caso, dovrebbero essere valutati bene la portata e gli effetti dell&#8217;atto o del documento, rispetto alla posizione del direttore generale della societ\u00e0.<br \/>\nNell&#8217;ipotesi di possibile impatto (o anche per motivi di opportunit\u00e0), il Sindaco si asterrebbe dal partecipare alla formazione e alla deliberazione dell&#8217;atto o alla sottoscrizione del documento, delegando il Vice Sindaco o un altro assessore agli adempimenti di possibile spettanza del Sindaco.<\/p>\n<p><strong>Esiste un conflitto tra la carica di amministratore e cariche nei direttivi di associazioni che percepiscono contributi dalle amministrazioni locali?<\/strong><br \/>\nIn questo caso, la risposta \u00e8 positiva: pu\u00f2 sussistere  un problema di conflitto d&#8217;interessi per gli amministratori (Sindaco e Assessori) che siano anche componenti degli organi direttivi di associazioni che ricevono contributi dagli enti, per i seguenti motivi:<br \/>\n1. in un Comune, in particolare se \u00e8 di rilevanti dimensioni, sussiste la possibilit\u00e0 di scegliere i componenti degli organi direttivi delle associazioni in una platea vasta di cittadini;<br \/>\n2. la competenza a deliberare i contributi \u00e8 direttamente attribuita alla giunta comunale, cio\u00e8 agli stessi eventuali soggetti rappresentativi delle associazioni;<br \/>\n3. il vantaggio eventualmente derivante (articolo 6, lettere D ed E) pu\u00f2 anche non essere di tipo strettamente personale, ma deriva all&#8217;associazione anche per la funzione duplice dell&#8217;amministratore, per cui questo potrebbe incentivare la nomina di amministratori locali fra i dirigenti delle associazioni;<br \/>\n4. l&#8217;articolo 5 della Carta intende evitare confusioni negative fra cura degli interessi generali da parte degli amministratori e interessi degli amministratori stessi, in quanto rappresentanti anche di altri soggetti.<br \/>\nRimane in ogni caso ferma la libert\u00e0 di associazione per gli amministratori che intendono far parte di associazioni presenti sul territorio.<br \/>\nI rimedi possibili sono: 1) quello previsto dall&#8217;articolo 6, comma 2, che stabilisce l&#8217;obbligo di rendere pubblica la situazione e di astenersi da qualunque decisione al riguardo. 2) In sede di rinnovo degli organi delle associazioni o di presentazione delle candidature elettorali, il problema potrebbe essere affrontato convenientemente dai partiti e dai movimenti, per prevenire tali situazioni.<\/p>\n<p><strong>Nell&#8217;articolo 10 \u00e8 scritto che l&#8217;amministratore deve rendere pubblica la sua appartenenza ad associazioni e organizzazioni anche a carattere riservato. Questo non \u00e8 in conflitto con la legge sulla privacy?<\/strong><br \/>\nL&#8217;articolo si riferisce alle associazioni e organizzazioni che abbiano attinenza o che possono avere attinenza all&#8217;attivit\u00e0 di amministratore pubblico locale (Es. associazioni di categoria, imprenditoriale o professionale, lobbies costituite da imprese o gruppi di imprese, intergruppi misti di pressione e di promozione di politiche, prodotti e servizi, logge massoniche e altre).<br \/>\nNon devono essere comunicate le appartenenze a gruppi di tipo politico (dovrebbero coincidere con quelli di riferimento per la candidatura), sindacale o a gruppi che siano in grado di indicare le condizioni di salute, le scelte sessuali della persona e tutte quelle che non hanno attinenza con lo svolgimento dell&#8217;incarico pubblico.<\/p>\n","protected":false},"excerpt":{"rendered":"<p>La Carta \u00e8 un codice rigido che va sottoscritto e approvato cos\u00ec come proposto? La Carta di Avviso Pubblico non va letta come un insieme&nbsp;<span class=\"hellipsis\">[&hellip;]<\/span><a class=\"more-link\" href=\"https:\/\/welaikaadv.site\/avviso\/carta-2nd-content-block\/faq\/\">Leggi tutto <span class=\"screen-reader-text\">FAQ<\/span> <span class=\"meta-nav\" aria-hidden=\"true\">&rarr;<\/span><\/a><\/p>\n","protected":false},"author":1,"featured_media":479,"parent":467,"menu_order":40,"comment_status":"closed","ping_status":"closed","template":"","meta":{"_acf_changed":false,"_exactmetrics_skip_tracking":false,"_exactmetrics_sitenote_active":false,"_exactmetrics_sitenote_note":"","_exactmetrics_sitenote_category":0,"wp_social_preview_title":"","wp_social_preview_description":"","wp_social_preview_image":0,"footnotes":""},"class_list":["post-465","page","type-page","status-publish","has-post-thumbnail","hentry"],"acf":[],"yoast_head":"<!-- This site is optimized with the Yoast SEO plugin v27.2 - https:\/\/yoast.com\/product\/yoast-seo-wordpress\/ -->\n<title>FAQ - Staging Avviso Pubblico<\/title>\n<meta name=\"description\" content=\"FAQ: le risposte ad alcune delle domande pi\u00f9 frequenti che sono giunte all\u2019Associazione in merito alla Carta di Avviso Pubblico.\" \/>\n<meta name=\"robots\" content=\"noindex, follow, max-snippet:-1, max-image-preview:large, max-video-preview:-1\" \/>\n<meta property=\"og:locale\" content=\"it_IT\" \/>\n<meta property=\"og:type\" content=\"article\" \/>\n<meta property=\"og:title\" content=\"FAQ - Staging Avviso Pubblico\" \/>\n<meta property=\"og:description\" content=\"FAQ: le risposte ad alcune delle domande pi\u00f9 frequenti che sono giunte all\u2019Associazione in merito alla Carta di Avviso Pubblico.\" \/>\n<meta property=\"og:url\" content=\"https:\/\/welaikaadv.site\/avviso\/carta-2nd-content-block\/faq\/\" \/>\n<meta property=\"og:site_name\" content=\"Staging Avviso Pubblico\" \/>\n<meta name=\"twitter:card\" content=\"summary_large_image\" \/>\n<meta name=\"twitter:label1\" content=\"Tempo di lettura stimato\" \/>\n\t<meta name=\"twitter:data1\" content=\"6 minuti\" \/>\n<script type=\"application\/ld+json\" class=\"yoast-schema-graph\">{\"@context\":\"https:\/\/schema.org\",\"@graph\":[{\"@type\":\"WebPage\",\"@id\":\"https:\/\/welaikaadv.site\/avviso\/carta-2nd-content-block\/faq\/\",\"url\":\"https:\/\/welaikaadv.site\/avviso\/carta-2nd-content-block\/faq\/\",\"name\":\"FAQ - Staging Avviso Pubblico\",\"isPartOf\":{\"@id\":\"https:\/\/welaikaadv.site\/avviso\/#website\"},\"primaryImageOfPage\":{\"@id\":\"https:\/\/welaikaadv.site\/avviso\/carta-2nd-content-block\/faq\/#primaryimage\"},\"image\":{\"@id\":\"https:\/\/welaikaadv.site\/avviso\/carta-2nd-content-block\/faq\/#primaryimage\"},\"thumbnailUrl\":\"\",\"datePublished\":\"2017-08-09T12:34:24+00:00\",\"description\":\"FAQ: le risposte ad alcune delle domande pi\u00f9 frequenti che sono giunte all\u2019Associazione in merito alla Carta di Avviso Pubblico.\",\"breadcrumb\":{\"@id\":\"https:\/\/welaikaadv.site\/avviso\/carta-2nd-content-block\/faq\/#breadcrumb\"},\"inLanguage\":\"it-IT\",\"potentialAction\":[{\"@type\":\"ReadAction\",\"target\":[\"https:\/\/welaikaadv.site\/avviso\/carta-2nd-content-block\/faq\/\"]}]},{\"@type\":\"ImageObject\",\"inLanguage\":\"it-IT\",\"@id\":\"https:\/\/welaikaadv.site\/avviso\/carta-2nd-content-block\/faq\/#primaryimage\",\"url\":\"\",\"contentUrl\":\"\"},{\"@type\":\"BreadcrumbList\",\"@id\":\"https:\/\/welaikaadv.site\/avviso\/carta-2nd-content-block\/faq\/#breadcrumb\",\"itemListElement\":[{\"@type\":\"ListItem\",\"position\":1,\"name\":\"Home\",\"item\":\"https:\/\/welaikaadv.site\/avviso\/\"},{\"@type\":\"ListItem\",\"position\":2,\"name\":\"Carta &#8211; 2nd content block\",\"item\":\"https:\/\/welaikaadv.site\/avviso\/carta-2nd-content-block\/\"},{\"@type\":\"ListItem\",\"position\":3,\"name\":\"FAQ\"}]},{\"@type\":\"WebSite\",\"@id\":\"https:\/\/welaikaadv.site\/avviso\/#website\",\"url\":\"https:\/\/welaikaadv.site\/avviso\/\",\"name\":\"Staging Avviso Pubblico\",\"description\":\"\",\"publisher\":{\"@id\":\"https:\/\/welaikaadv.site\/avviso\/#organization\"},\"potentialAction\":[{\"@type\":\"SearchAction\",\"target\":{\"@type\":\"EntryPoint\",\"urlTemplate\":\"https:\/\/welaikaadv.site\/avviso\/?s={search_term_string}\"},\"query-input\":{\"@type\":\"PropertyValueSpecification\",\"valueRequired\":true,\"valueName\":\"search_term_string\"}}],\"inLanguage\":\"it-IT\"},{\"@type\":\"Organization\",\"@id\":\"https:\/\/welaikaadv.site\/avviso\/#organization\",\"name\":\"Staging Avviso Pubblico\",\"url\":\"https:\/\/welaikaadv.site\/avviso\/\",\"logo\":{\"@type\":\"ImageObject\",\"inLanguage\":\"it-IT\",\"@id\":\"https:\/\/welaikaadv.site\/avviso\/#\/schema\/logo\/image\/\",\"url\":\"https:\/\/welaikaadv.site\/avviso\/wp-content\/uploads\/2024\/08\/logoAPsito-400.png\",\"contentUrl\":\"https:\/\/welaikaadv.site\/avviso\/wp-content\/uploads\/2024\/08\/logoAPsito-400.png\",\"width\":400,\"height\":97,\"caption\":\"Staging Avviso Pubblico\"},\"image\":{\"@id\":\"https:\/\/welaikaadv.site\/avviso\/#\/schema\/logo\/image\/\"}}]}<\/script>\n<!-- \/ Yoast SEO plugin. -->","yoast_head_json":{"title":"FAQ - Staging Avviso Pubblico","description":"FAQ: le risposte ad alcune delle domande pi\u00f9 frequenti che sono giunte all\u2019Associazione in merito alla Carta di Avviso Pubblico.","robots":{"index":"noindex","follow":"follow","max-snippet":"max-snippet:-1","max-image-preview":"max-image-preview:large","max-video-preview":"max-video-preview:-1"},"og_locale":"it_IT","og_type":"article","og_title":"FAQ - Staging Avviso Pubblico","og_description":"FAQ: le risposte ad alcune delle domande pi\u00f9 frequenti che sono giunte all\u2019Associazione in merito alla Carta di Avviso Pubblico.","og_url":"https:\/\/welaikaadv.site\/avviso\/carta-2nd-content-block\/faq\/","og_site_name":"Staging Avviso Pubblico","twitter_card":"summary_large_image","twitter_misc":{"Tempo di lettura stimato":"6 minuti"},"schema":{"@context":"https:\/\/schema.org","@graph":[{"@type":"WebPage","@id":"https:\/\/welaikaadv.site\/avviso\/carta-2nd-content-block\/faq\/","url":"https:\/\/welaikaadv.site\/avviso\/carta-2nd-content-block\/faq\/","name":"FAQ - Staging Avviso Pubblico","isPartOf":{"@id":"https:\/\/welaikaadv.site\/avviso\/#website"},"primaryImageOfPage":{"@id":"https:\/\/welaikaadv.site\/avviso\/carta-2nd-content-block\/faq\/#primaryimage"},"image":{"@id":"https:\/\/welaikaadv.site\/avviso\/carta-2nd-content-block\/faq\/#primaryimage"},"thumbnailUrl":"","datePublished":"2017-08-09T12:34:24+00:00","description":"FAQ: le risposte ad alcune delle domande pi\u00f9 frequenti che sono giunte all\u2019Associazione in merito alla Carta di Avviso Pubblico.","breadcrumb":{"@id":"https:\/\/welaikaadv.site\/avviso\/carta-2nd-content-block\/faq\/#breadcrumb"},"inLanguage":"it-IT","potentialAction":[{"@type":"ReadAction","target":["https:\/\/welaikaadv.site\/avviso\/carta-2nd-content-block\/faq\/"]}]},{"@type":"ImageObject","inLanguage":"it-IT","@id":"https:\/\/welaikaadv.site\/avviso\/carta-2nd-content-block\/faq\/#primaryimage","url":"","contentUrl":""},{"@type":"BreadcrumbList","@id":"https:\/\/welaikaadv.site\/avviso\/carta-2nd-content-block\/faq\/#breadcrumb","itemListElement":[{"@type":"ListItem","position":1,"name":"Home","item":"https:\/\/welaikaadv.site\/avviso\/"},{"@type":"ListItem","position":2,"name":"Carta &#8211; 2nd content block","item":"https:\/\/welaikaadv.site\/avviso\/carta-2nd-content-block\/"},{"@type":"ListItem","position":3,"name":"FAQ"}]},{"@type":"WebSite","@id":"https:\/\/welaikaadv.site\/avviso\/#website","url":"https:\/\/welaikaadv.site\/avviso\/","name":"Staging Avviso Pubblico","description":"","publisher":{"@id":"https:\/\/welaikaadv.site\/avviso\/#organization"},"potentialAction":[{"@type":"SearchAction","target":{"@type":"EntryPoint","urlTemplate":"https:\/\/welaikaadv.site\/avviso\/?s={search_term_string}"},"query-input":{"@type":"PropertyValueSpecification","valueRequired":true,"valueName":"search_term_string"}}],"inLanguage":"it-IT"},{"@type":"Organization","@id":"https:\/\/welaikaadv.site\/avviso\/#organization","name":"Staging Avviso Pubblico","url":"https:\/\/welaikaadv.site\/avviso\/","logo":{"@type":"ImageObject","inLanguage":"it-IT","@id":"https:\/\/welaikaadv.site\/avviso\/#\/schema\/logo\/image\/","url":"https:\/\/welaikaadv.site\/avviso\/wp-content\/uploads\/2024\/08\/logoAPsito-400.png","contentUrl":"https:\/\/welaikaadv.site\/avviso\/wp-content\/uploads\/2024\/08\/logoAPsito-400.png","width":400,"height":97,"caption":"Staging Avviso Pubblico"},"image":{"@id":"https:\/\/welaikaadv.site\/avviso\/#\/schema\/logo\/image\/"}}]}},"_links":{"self":[{"href":"https:\/\/welaikaadv.site\/avviso\/wp-json\/wp\/v2\/pages\/465","targetHints":{"allow":["GET"]}}],"collection":[{"href":"https:\/\/welaikaadv.site\/avviso\/wp-json\/wp\/v2\/pages"}],"about":[{"href":"https:\/\/welaikaadv.site\/avviso\/wp-json\/wp\/v2\/types\/page"}],"author":[{"embeddable":true,"href":"https:\/\/welaikaadv.site\/avviso\/wp-json\/wp\/v2\/users\/1"}],"replies":[{"embeddable":true,"href":"https:\/\/welaikaadv.site\/avviso\/wp-json\/wp\/v2\/comments?post=465"}],"version-history":[{"count":0,"href":"https:\/\/welaikaadv.site\/avviso\/wp-json\/wp\/v2\/pages\/465\/revisions"}],"up":[{"embeddable":true,"href":"https:\/\/welaikaadv.site\/avviso\/wp-json\/wp\/v2\/pages\/467"}],"wp:featuredmedia":[{"embeddable":true,"href":"https:\/\/welaikaadv.site\/avviso\/wp-json\/"}],"wp:attachment":[{"href":"https:\/\/welaikaadv.site\/avviso\/wp-json\/wp\/v2\/media?parent=465"}],"curies":[{"name":"wp","href":"https:\/\/api.w.org\/{rel}","templated":true}]}}