{"id":46619,"date":"2021-11-05T09:09:08","date_gmt":"2021-11-05T08:09:08","guid":{"rendered":"https:\/\/www.avvisopubblico.it\/home\/?page_id=46619"},"modified":"2021-11-05T09:09:08","modified_gmt":"2021-11-05T08:09:08","slug":"audizione-del-sottosegretario-al-ministero-delleconomia-con-delega-ai-giochi-4-novembre-2021","status":"publish","type":"page","link":"https:\/\/welaikaadv.site\/avviso\/home\/cosa-facciamo\/informare\/osservatorio-parlamentare\/attivita-dinchiesta\/le-commissioni-di-inchiesta-nella-xviii-legislatura\/commissione-sul-gioco-illegale-e-sulle-disfunzioni-del-gioco-pubblico-quadro-generale-dellattivita-xviii-legislatura\/audizione-del-sottosegretario-al-ministero-delleconomia-con-delega-ai-giochi-4-novembre-2021\/","title":{"rendered":"Audizione del sottosegretario al Ministero dell&#8217;Economia con delega ai giochi (4 novembre 2021)"},"content":{"rendered":"<p class=\"p1\">La <a href=\"https:\/\/welaikaadv.site\/avviso\/home\/cosa-facciamo\/informare\/osservatorio-parlamentare\/attivita-dinchiesta\/le-commissioni-di-inchiesta-nella-xviii-legislatura\/commissione-sul-gioco-illegale-e-sulle-disfunzioni-del-gioco-pubblico-quadro-generale-dellattivita-xviii-legislatura\/\">Commissione parlamentare di inchiesta sul gioco illegale e sulle disfunzioni del gioco pubblico<\/a> ha audito, nella <a href=\"https:\/\/www.senato.it\/japp\/bgt\/showdoc\/frame.jsp?tipodoc=SommComm&amp;leg=18&amp;id=1317225&amp;part=doc_dc\">seduta del 4 novembre 2021<\/a>, il sottosegretario al Ministero dell\u2019Economia e Finanze con delega ai Giochi, Federico Freni (<a href=\"https:\/\/webtv.senato.it\/4621?video_evento=238939\">qui il video dell&#8217;audizione<\/a>).<\/p>\n<p>L\u2019audizione \u00e8 stata l\u2019occasione per un confronto su vari temi: dalla questione del gioco illegale, definito come vero e proprio cancro da estirpare, alla legge delega sul riassetto del settore del gioco, come collegato alla legge di bilancio, fino al tema delle proroghe delle concessioni agli operatori.<\/p>\n<p>Asse portante dell\u2019indirizzo espresso in vista del programma di riassetto \u00e8 la considerazione che siano presenti vari interessi da tutelare congiuntamente:<\/p>\n<p>1) quello degli operatori del settore del gioco, a cui va fornita una regolamentazione omogenea su tutto il territorio;<\/p>\n<p>2) quello dei giocatori, da tutelare rispetto ai rischi della dipendenza da gioco d&#8217;azzardo;<\/p>\n<p>3) quello dell\u2019erario, per garantire anche in futuro un flusso di entrate analogo a quello odierno.<\/p>\n<p>Rispetto a queste tre direttrici, attualmente si registra una crescita per quel che concerne il gettito erariale: un dato che, secondo le parole del sottosegretario, pi\u00f9 che indicare lo stato di salute del comparto, esprime una propensione crescente al gioco. Contemporaneamente, come indicato anche in un <a href=\"https:\/\/www.luiss.it\/news\/comunicato-stampa-il-gioco-in-italia-tra-legalit%C3%A0-e-illegalit%C3%A0?category=&amp;date=\">report<\/a> del Centro Studi Luiss del Luglio 2021, si \u00e8 assistito nel corso della pandemia ad un aumento tendenziale del fenomeno del gioco illegale nel nostro Paese, pur continuando ad avere in Italia, anche grazie agli strumenti molto evoluti di ADM, l\u2019incidenza di gioco illegale pi\u00f9 bassa a livello europeo.<\/p>\n<p>In questo quadro, il Ministero dell\u2019Economia e delle Finanze sta lavorando alla definizione della legge delega sul riassetto del gioco, come collegato alla legge di bilancio, da portare in Consiglio dei Ministri e in Parlamento entro questo mese. L\u2019obiettivo di fondo \u00e8 quello di mettere fine alla differenziazione normativa tra singole Regioni e singoli Comuni (con leggi regionali che, si \u00e8 ricordato, oggi sono anche radicalmente diverse tra loro; con distanziometri diversi tra i vari Comuni, ecc), individuando una regolazione omogenea a livello nazionale che dia certezze e stabilit\u00e0 agli operatori del gioco, nell\u2019ottica di fornire una cornice stabile nazionale agli interventi di Comuni e Regioni (i cui poteri non verranno eliminati).<\/p>\n<p>Sar\u00e0 necessario, secondo il sottosegretario, individuare una quadra anche in sede di Conferenza Unificata Stato Regioni, rispetto alla quale l\u2019Intesa del 2017 costituisce un punto di partenza per il confronto che partir\u00e0 sul tema. Fino alla definizione del nuovo assetto regolatorio si continuer\u00e0 con il sistema delle proroghe delle concessioni (annuali o biennali), con l\u2019orizzonte, dopo l\u2019approvazione della legge delega di riassetto del sistema del gioco, di bandire le gare per le concessioni, ci\u00f2 che garantisce l\u2019aggiudicazione a condizioni di mercato.<\/p>\n<p>Sul tema dei rischi della salute per i cittadini, una parte della discussione si \u00e8 concentrata sulla differenziazione tra le diverse forme di gioco: si terr\u00e0 conto, anche in sede di proroga, di quelli a maggior contenuto di socialit\u00e0 (es. sale bingo), che sono anche quelli pi\u00f9 colpiti dalle chiusure Covid e a maggior impatto occupazionale. In ogni caso, secondo alcune statistiche citate dal sottosegretario, anche sul versante della ludopatia il vero problema risiede nel gioco illegale: se si riuscisse ad eliminare completamente questi canali si assisterebbe ad una drastica riduzione (fino all\u201980%) dei disturbi da gioco.<\/p>\n<p class=\"p1\" style=\"text-align: right;\"><span class=\"s1\"><i>(a cura di <strong>Marco De Pasquale<\/strong><\/i><i>, Master APC dell\u2019Universit\u00e0 di Pisa)<\/i><\/span><\/p>\n","protected":false},"excerpt":{"rendered":"<p>La Commissione parlamentare di inchiesta sul gioco illegale e sulle disfunzioni del gioco pubblico ha audito, nella seduta del 4 novembre 2021, il sottosegretario al&nbsp;<span class=\"hellipsis\">[&hellip;]<\/span><a class=\"more-link\" href=\"https:\/\/welaikaadv.site\/avviso\/home\/cosa-facciamo\/informare\/osservatorio-parlamentare\/attivita-dinchiesta\/le-commissioni-di-inchiesta-nella-xviii-legislatura\/commissione-sul-gioco-illegale-e-sulle-disfunzioni-del-gioco-pubblico-quadro-generale-dellattivita-xviii-legislatura\/audizione-del-sottosegretario-al-ministero-delleconomia-con-delega-ai-giochi-4-novembre-2021\/\">Leggi tutto <span class=\"screen-reader-text\">Audizione del sottosegretario al Ministero dell&#8217;Economia con delega ai giochi (4 novembre 2021)<\/span> <span class=\"meta-nav\" aria-hidden=\"true\">&rarr;<\/span><\/a><\/p>\n","protected":false},"author":1,"featured_media":0,"parent":44908,"menu_order":0,"comment_status":"closed","ping_status":"closed","template":"","meta":{"_acf_changed":false,"_exactmetrics_skip_tracking":false,"_exactmetrics_sitenote_active":false,"_exactmetrics_sitenote_note":"","_exactmetrics_sitenote_category":0,"wp_social_preview_title":"","wp_social_preview_description":"","wp_social_preview_image":0,"footnotes":""},"class_list":["post-46619","page","type-page","status-publish","hentry"],"acf":[],"yoast_head":"<!-- This site is optimized with the Yoast SEO plugin v27.2 - https:\/\/yoast.com\/product\/yoast-seo-wordpress\/ -->\n<title>Audizione del sottosegretario al Ministero dell&#039;Economia con delega ai giochi (4 novembre 2021) - Staging Avviso Pubblico<\/title>\n<meta name=\"robots\" content=\"noindex, follow, max-snippet:-1, max-image-preview:large, max-video-preview:-1\" \/>\n<meta property=\"og:locale\" content=\"it_IT\" \/>\n<meta property=\"og:type\" content=\"article\" \/>\n<meta property=\"og:title\" content=\"Audizione del sottosegretario al Ministero dell&#039;Economia con delega ai giochi (4 novembre 2021) - Staging Avviso Pubblico\" \/>\n<meta property=\"og:description\" content=\"La Commissione parlamentare di inchiesta sul gioco illegale e sulle disfunzioni del gioco pubblico ha audito, nella seduta del 4 novembre 2021, il sottosegretario al&nbsp;[&hellip;]Leggi tutto Audizione del sottosegretario al Ministero dell&#8217;Economia con delega ai giochi (4 novembre 2021) &rarr;\" \/>\n<meta property=\"og:url\" content=\"https:\/\/welaikaadv.site\/avviso\/home\/cosa-facciamo\/informare\/osservatorio-parlamentare\/attivita-dinchiesta\/le-commissioni-di-inchiesta-nella-xviii-legislatura\/commissione-sul-gioco-illegale-e-sulle-disfunzioni-del-gioco-pubblico-quadro-generale-dellattivita-xviii-legislatura\/audizione-del-sottosegretario-al-ministero-delleconomia-con-delega-ai-giochi-4-novembre-2021\/\" \/>\n<meta property=\"og:site_name\" content=\"Staging Avviso Pubblico\" \/>\n<meta name=\"twitter:card\" content=\"summary_large_image\" \/>\n<meta name=\"twitter:label1\" content=\"Tempo di lettura stimato\" \/>\n\t<meta name=\"twitter:data1\" content=\"3 minuti\" \/>\n<script type=\"application\/ld+json\" class=\"yoast-schema-graph\">{\"@context\":\"https:\/\/schema.org\",\"@graph\":[{\"@type\":\"WebPage\",\"@id\":\"https:\/\/welaikaadv.site\/avviso\/home\/cosa-facciamo\/informare\/osservatorio-parlamentare\/attivita-dinchiesta\/le-commissioni-di-inchiesta-nella-xviii-legislatura\/commissione-sul-gioco-illegale-e-sulle-disfunzioni-del-gioco-pubblico-quadro-generale-dellattivita-xviii-legislatura\/audizione-del-sottosegretario-al-ministero-delleconomia-con-delega-ai-giochi-4-novembre-2021\/\",\"url\":\"https:\/\/welaikaadv.site\/avviso\/home\/cosa-facciamo\/informare\/osservatorio-parlamentare\/attivita-dinchiesta\/le-commissioni-di-inchiesta-nella-xviii-legislatura\/commissione-sul-gioco-illegale-e-sulle-disfunzioni-del-gioco-pubblico-quadro-generale-dellattivita-xviii-legislatura\/audizione-del-sottosegretario-al-ministero-delleconomia-con-delega-ai-giochi-4-novembre-2021\/\",\"name\":\"Audizione del sottosegretario al Ministero dell'Economia con delega ai giochi (4 novembre 2021) - Staging Avviso Pubblico\",\"isPartOf\":{\"@id\":\"https:\/\/welaikaadv.site\/avviso\/#website\"},\"datePublished\":\"2021-11-05T08:09:08+00:00\",\"breadcrumb\":{\"@id\":\"https:\/\/welaikaadv.site\/avviso\/home\/cosa-facciamo\/informare\/osservatorio-parlamentare\/attivita-dinchiesta\/le-commissioni-di-inchiesta-nella-xviii-legislatura\/commissione-sul-gioco-illegale-e-sulle-disfunzioni-del-gioco-pubblico-quadro-generale-dellattivita-xviii-legislatura\/audizione-del-sottosegretario-al-ministero-delleconomia-con-delega-ai-giochi-4-novembre-2021\/#breadcrumb\"},\"inLanguage\":\"it-IT\",\"potentialAction\":[{\"@type\":\"ReadAction\",\"target\":[\"https:\/\/welaikaadv.site\/avviso\/home\/cosa-facciamo\/informare\/osservatorio-parlamentare\/attivita-dinchiesta\/le-commissioni-di-inchiesta-nella-xviii-legislatura\/commissione-sul-gioco-illegale-e-sulle-disfunzioni-del-gioco-pubblico-quadro-generale-dellattivita-xviii-legislatura\/audizione-del-sottosegretario-al-ministero-delleconomia-con-delega-ai-giochi-4-novembre-2021\/\"]}]},{\"@type\":\"BreadcrumbList\",\"@id\":\"https:\/\/welaikaadv.site\/avviso\/home\/cosa-facciamo\/informare\/osservatorio-parlamentare\/attivita-dinchiesta\/le-commissioni-di-inchiesta-nella-xviii-legislatura\/commissione-sul-gioco-illegale-e-sulle-disfunzioni-del-gioco-pubblico-quadro-generale-dellattivita-xviii-legislatura\/audizione-del-sottosegretario-al-ministero-delleconomia-con-delega-ai-giochi-4-novembre-2021\/#breadcrumb\",\"itemListElement\":[{\"@type\":\"ListItem\",\"position\":1,\"name\":\"Home\",\"item\":\"https:\/\/welaikaadv.site\/avviso\/\"},{\"@type\":\"ListItem\",\"position\":2,\"name\":\"Audizione del sottosegretario al Ministero dell&#8217;Economia con delega ai giochi (4 novembre 2021)\"}]},{\"@type\":\"WebSite\",\"@id\":\"https:\/\/welaikaadv.site\/avviso\/#website\",\"url\":\"https:\/\/welaikaadv.site\/avviso\/\",\"name\":\"Staging Avviso Pubblico\",\"description\":\"\",\"publisher\":{\"@id\":\"https:\/\/welaikaadv.site\/avviso\/#organization\"},\"potentialAction\":[{\"@type\":\"SearchAction\",\"target\":{\"@type\":\"EntryPoint\",\"urlTemplate\":\"https:\/\/welaikaadv.site\/avviso\/?s={search_term_string}\"},\"query-input\":{\"@type\":\"PropertyValueSpecification\",\"valueRequired\":true,\"valueName\":\"search_term_string\"}}],\"inLanguage\":\"it-IT\"},{\"@type\":\"Organization\",\"@id\":\"https:\/\/welaikaadv.site\/avviso\/#organization\",\"name\":\"Staging Avviso Pubblico\",\"url\":\"https:\/\/welaikaadv.site\/avviso\/\",\"logo\":{\"@type\":\"ImageObject\",\"inLanguage\":\"it-IT\",\"@id\":\"https:\/\/welaikaadv.site\/avviso\/#\/schema\/logo\/image\/\",\"url\":\"https:\/\/welaikaadv.site\/avviso\/wp-content\/uploads\/2024\/08\/logoAPsito-400.png\",\"contentUrl\":\"https:\/\/welaikaadv.site\/avviso\/wp-content\/uploads\/2024\/08\/logoAPsito-400.png\",\"width\":400,\"height\":97,\"caption\":\"Staging Avviso Pubblico\"},\"image\":{\"@id\":\"https:\/\/welaikaadv.site\/avviso\/#\/schema\/logo\/image\/\"}}]}<\/script>\n<!-- \/ Yoast SEO plugin. -->","yoast_head_json":{"title":"Audizione del sottosegretario al Ministero dell'Economia con delega ai giochi (4 novembre 2021) - Staging Avviso Pubblico","robots":{"index":"noindex","follow":"follow","max-snippet":"max-snippet:-1","max-image-preview":"max-image-preview:large","max-video-preview":"max-video-preview:-1"},"og_locale":"it_IT","og_type":"article","og_title":"Audizione del sottosegretario al Ministero dell'Economia con delega ai giochi (4 novembre 2021) - Staging Avviso Pubblico","og_description":"La Commissione parlamentare di inchiesta sul gioco illegale e sulle disfunzioni del gioco pubblico ha audito, nella seduta del 4 novembre 2021, il sottosegretario al&nbsp;[&hellip;]Leggi tutto Audizione del sottosegretario al Ministero dell&#8217;Economia con delega ai giochi (4 novembre 2021) &rarr;","og_url":"https:\/\/welaikaadv.site\/avviso\/home\/cosa-facciamo\/informare\/osservatorio-parlamentare\/attivita-dinchiesta\/le-commissioni-di-inchiesta-nella-xviii-legislatura\/commissione-sul-gioco-illegale-e-sulle-disfunzioni-del-gioco-pubblico-quadro-generale-dellattivita-xviii-legislatura\/audizione-del-sottosegretario-al-ministero-delleconomia-con-delega-ai-giochi-4-novembre-2021\/","og_site_name":"Staging Avviso Pubblico","twitter_card":"summary_large_image","twitter_misc":{"Tempo di lettura stimato":"3 minuti"},"schema":{"@context":"https:\/\/schema.org","@graph":[{"@type":"WebPage","@id":"https:\/\/welaikaadv.site\/avviso\/home\/cosa-facciamo\/informare\/osservatorio-parlamentare\/attivita-dinchiesta\/le-commissioni-di-inchiesta-nella-xviii-legislatura\/commissione-sul-gioco-illegale-e-sulle-disfunzioni-del-gioco-pubblico-quadro-generale-dellattivita-xviii-legislatura\/audizione-del-sottosegretario-al-ministero-delleconomia-con-delega-ai-giochi-4-novembre-2021\/","url":"https:\/\/welaikaadv.site\/avviso\/home\/cosa-facciamo\/informare\/osservatorio-parlamentare\/attivita-dinchiesta\/le-commissioni-di-inchiesta-nella-xviii-legislatura\/commissione-sul-gioco-illegale-e-sulle-disfunzioni-del-gioco-pubblico-quadro-generale-dellattivita-xviii-legislatura\/audizione-del-sottosegretario-al-ministero-delleconomia-con-delega-ai-giochi-4-novembre-2021\/","name":"Audizione del sottosegretario al Ministero dell'Economia con delega ai giochi (4 novembre 2021) - Staging Avviso Pubblico","isPartOf":{"@id":"https:\/\/welaikaadv.site\/avviso\/#website"},"datePublished":"2021-11-05T08:09:08+00:00","breadcrumb":{"@id":"https:\/\/welaikaadv.site\/avviso\/home\/cosa-facciamo\/informare\/osservatorio-parlamentare\/attivita-dinchiesta\/le-commissioni-di-inchiesta-nella-xviii-legislatura\/commissione-sul-gioco-illegale-e-sulle-disfunzioni-del-gioco-pubblico-quadro-generale-dellattivita-xviii-legislatura\/audizione-del-sottosegretario-al-ministero-delleconomia-con-delega-ai-giochi-4-novembre-2021\/#breadcrumb"},"inLanguage":"it-IT","potentialAction":[{"@type":"ReadAction","target":["https:\/\/welaikaadv.site\/avviso\/home\/cosa-facciamo\/informare\/osservatorio-parlamentare\/attivita-dinchiesta\/le-commissioni-di-inchiesta-nella-xviii-legislatura\/commissione-sul-gioco-illegale-e-sulle-disfunzioni-del-gioco-pubblico-quadro-generale-dellattivita-xviii-legislatura\/audizione-del-sottosegretario-al-ministero-delleconomia-con-delega-ai-giochi-4-novembre-2021\/"]}]},{"@type":"BreadcrumbList","@id":"https:\/\/welaikaadv.site\/avviso\/home\/cosa-facciamo\/informare\/osservatorio-parlamentare\/attivita-dinchiesta\/le-commissioni-di-inchiesta-nella-xviii-legislatura\/commissione-sul-gioco-illegale-e-sulle-disfunzioni-del-gioco-pubblico-quadro-generale-dellattivita-xviii-legislatura\/audizione-del-sottosegretario-al-ministero-delleconomia-con-delega-ai-giochi-4-novembre-2021\/#breadcrumb","itemListElement":[{"@type":"ListItem","position":1,"name":"Home","item":"https:\/\/welaikaadv.site\/avviso\/"},{"@type":"ListItem","position":2,"name":"Audizione del sottosegretario al Ministero dell&#8217;Economia con delega ai giochi (4 novembre 2021)"}]},{"@type":"WebSite","@id":"https:\/\/welaikaadv.site\/avviso\/#website","url":"https:\/\/welaikaadv.site\/avviso\/","name":"Staging Avviso Pubblico","description":"","publisher":{"@id":"https:\/\/welaikaadv.site\/avviso\/#organization"},"potentialAction":[{"@type":"SearchAction","target":{"@type":"EntryPoint","urlTemplate":"https:\/\/welaikaadv.site\/avviso\/?s={search_term_string}"},"query-input":{"@type":"PropertyValueSpecification","valueRequired":true,"valueName":"search_term_string"}}],"inLanguage":"it-IT"},{"@type":"Organization","@id":"https:\/\/welaikaadv.site\/avviso\/#organization","name":"Staging Avviso Pubblico","url":"https:\/\/welaikaadv.site\/avviso\/","logo":{"@type":"ImageObject","inLanguage":"it-IT","@id":"https:\/\/welaikaadv.site\/avviso\/#\/schema\/logo\/image\/","url":"https:\/\/welaikaadv.site\/avviso\/wp-content\/uploads\/2024\/08\/logoAPsito-400.png","contentUrl":"https:\/\/welaikaadv.site\/avviso\/wp-content\/uploads\/2024\/08\/logoAPsito-400.png","width":400,"height":97,"caption":"Staging Avviso Pubblico"},"image":{"@id":"https:\/\/welaikaadv.site\/avviso\/#\/schema\/logo\/image\/"}}]}},"_links":{"self":[{"href":"https:\/\/welaikaadv.site\/avviso\/wp-json\/wp\/v2\/pages\/46619","targetHints":{"allow":["GET"]}}],"collection":[{"href":"https:\/\/welaikaadv.site\/avviso\/wp-json\/wp\/v2\/pages"}],"about":[{"href":"https:\/\/welaikaadv.site\/avviso\/wp-json\/wp\/v2\/types\/page"}],"author":[{"embeddable":true,"href":"https:\/\/welaikaadv.site\/avviso\/wp-json\/wp\/v2\/users\/1"}],"replies":[{"embeddable":true,"href":"https:\/\/welaikaadv.site\/avviso\/wp-json\/wp\/v2\/comments?post=46619"}],"version-history":[{"count":0,"href":"https:\/\/welaikaadv.site\/avviso\/wp-json\/wp\/v2\/pages\/46619\/revisions"}],"up":[{"embeddable":true,"href":"https:\/\/welaikaadv.site\/avviso\/wp-json\/wp\/v2\/pages\/44908"}],"wp:attachment":[{"href":"https:\/\/welaikaadv.site\/avviso\/wp-json\/wp\/v2\/media?parent=46619"}],"curies":[{"name":"wp","href":"https:\/\/api.w.org\/{rel}","templated":true}]}}