{"id":46709,"date":"2021-11-12T12:03:09","date_gmt":"2021-11-12T11:03:09","guid":{"rendered":"https:\/\/www.avvisopubblico.it\/home\/?page_id=46709"},"modified":"2021-11-12T12:03:09","modified_gmt":"2021-11-12T11:03:09","slug":"audizione-del-direttore-generale-dellagenzia-delle-dogane-e-dei-monopoli-10-novembre-2021","status":"publish","type":"page","link":"https:\/\/welaikaadv.site\/avviso\/home\/cosa-facciamo\/informare\/osservatorio-parlamentare\/attivita-dinchiesta\/le-commissioni-di-inchiesta-nella-xviii-legislatura\/commissione-sul-gioco-illegale-e-sulle-disfunzioni-del-gioco-pubblico-quadro-generale-dellattivita-xviii-legislatura\/audizione-del-direttore-generale-dellagenzia-delle-dogane-e-dei-monopoli-10-novembre-2021\/","title":{"rendered":"Audizione del Direttore generale dell&#8217;Agenzia delle Dogane e dei Monopoli (10 novembre 2021)"},"content":{"rendered":"<p class=\"p1\">La <a href=\"https:\/\/welaikaadv.site\/avviso\/home\/cosa-facciamo\/informare\/osservatorio-parlamentare\/attivita-dinchiesta\/le-commissioni-di-inchiesta-nella-xviii-legislatura\/commissione-sul-gioco-illegale-e-sulle-disfunzioni-del-gioco-pubblico-quadro-generale-dellattivita-xviii-legislatura\/\">Commissione parlamentare di inchiesta sul gioco illegale e sulle disfunzioni del gioco pubblico<\/a> ha audito, <a href=\"https:\/\/www.senato.it\/japp\/bgt\/showdoc\/frame.jsp?tipodoc=SommComm&amp;leg=18&amp;id=1317794&amp;part=doc_dc\">nella seduta del 10 novembre 2021<\/a>, il Direttore generale dell\u2019Agenzia delle Accise, Dogane e Monopoli, Marcello Minenna (<a href=\"https:\/\/webtv.senato.it\/webtv_comm?video_evento=239007\"><strong>qui il video integrale dell&#8217;audizione<\/strong><\/a>).<\/p>\n<p>L\u2019audizione \u00e8 stata occasione per fare il punto della situazione sul settore del gioco d\u2019azzardo, interessato da un&#8217;importante stratificazione normativa e da infiltrazioni della criminalit\u00e0 organizzata. Su quest\u2019ultimo punto \u2013 e in generale sul tema del gioco illegale \u2013, il Direttore Minenna sottolinea che in alcuni casi la partecipazione ad attivit\u00e0 illecite da parte del giocatore \u00e8 consapevole, mentre altre volte \u00e8 conseguenza della capacit\u00e0 della organizzazioni criminali di \u201cvestire legalmente\u201d l\u2019attivit\u00e0 illegale, creando punti gioco solo apparentemente autorizzati dall\u2019Agenzia. Tale problema si \u00e8 acuito durante la pandemia, periodo nel quale l\u2019Agenzia ha stipulato un protocollo di regolamentazione per COPREGI (comitato per la prevenzione e la repressione del gioco illegale), che ha consentito la chiusura di circa 200 sale illegali in tutta Italia.<\/p>\n<p>La stratificazione di normative a livello nazionale, regionale e comunale porta secondo il Direttore a disfunzioni e problemi in diversi ambiti, tra cui le concessioni e le gare. A tal proposito Minenna ha citato una serie di proposte di riforma, elaborate a seguito di alcuni confronti istituzionali con altri operatori interessati. Tali misure hanno l\u2019obiettivo di razionalizzare l\u2019offerta del gioco pubblico \u2013 anche tramite la creazione di un Testo Unico \u2013 e di contrastare l\u2019offerta illegale, con particolare attenzione al divieto di gioco per i minorenni.<\/p>\n<p>Tra i vari interventi ipotizzati, assumono rilevanza la proposta di creare un albo degli operatori del gioco \u2013 al fine di istituire un vero e proprio strumento di vigilanza informativa \u2013 e l\u2019idea della compartecipazione di Regioni e Comuni al gettito erariale &#8211; che suscita diversi dubbi tra alcuni membri della Commissione &#8211; in quanto direttamente coinvolti nella lotta al gioco illegale, nella tutela dei minori e nel problema del disturbo da gioco d&#8217;azzardo.<\/p>\n<p>L\u2019audito porta poi l\u2019attenzione al tema dei <em>whistleblowing<\/em> e al fatto che non esisterebbe un percorso guidato e tutelato per i cittadini che vogliano segnalare un illecito nel campo del gioco d\u2019azzardo. Il Direttore ha infine presentato l&#8217;App \u201cGioco sicuro\u201d, attiva da pochi giorni, il cui obiettivo dichiarato \u00e8 consentire la localizzazione della rete di gioco autorizzata, al fine di contrastare il gioco illegale. Dal punto di vista pratico, l\u2019App permette all\u2019utente di distinguere i giochi regolati dall\u2019Agenzia da quelli non regolati e, se lo desidera, di segnalare le irregolarit\u00e0.<\/p>\n<p>Le domande dei presenti hanno sollevato numerosi temi che saranno approfonditi in una successiva audizione, convocata per il 18 novembre 2021.<\/p>\n<p class=\"p1\" style=\"text-align: right;\"><span class=\"s1\"><i>(a cura di <strong>Sara Noto<\/strong><\/i><i>, Master APC dell\u2019Universit\u00e0 di Pisa)<\/i><\/span><\/p>\n","protected":false},"excerpt":{"rendered":"<p>La Commissione parlamentare di inchiesta sul gioco illegale e sulle disfunzioni del gioco pubblico ha audito, nella seduta del 10 novembre 2021, il Direttore generale&nbsp;<span class=\"hellipsis\">[&hellip;]<\/span><a class=\"more-link\" href=\"https:\/\/welaikaadv.site\/avviso\/home\/cosa-facciamo\/informare\/osservatorio-parlamentare\/attivita-dinchiesta\/le-commissioni-di-inchiesta-nella-xviii-legislatura\/commissione-sul-gioco-illegale-e-sulle-disfunzioni-del-gioco-pubblico-quadro-generale-dellattivita-xviii-legislatura\/audizione-del-direttore-generale-dellagenzia-delle-dogane-e-dei-monopoli-10-novembre-2021\/\">Leggi tutto <span class=\"screen-reader-text\">Audizione del Direttore generale dell&#8217;Agenzia delle Dogane e dei Monopoli (10 novembre 2021)<\/span> <span class=\"meta-nav\" aria-hidden=\"true\">&rarr;<\/span><\/a><\/p>\n","protected":false},"author":1,"featured_media":0,"parent":44908,"menu_order":0,"comment_status":"closed","ping_status":"closed","template":"","meta":{"_acf_changed":false,"_exactmetrics_skip_tracking":false,"_exactmetrics_sitenote_active":false,"_exactmetrics_sitenote_note":"","_exactmetrics_sitenote_category":0,"wp_social_preview_title":"","wp_social_preview_description":"","wp_social_preview_image":0,"footnotes":""},"class_list":["post-46709","page","type-page","status-publish","hentry"],"acf":[],"yoast_head":"<!-- This site is optimized with the Yoast SEO plugin v27.2 - https:\/\/yoast.com\/product\/yoast-seo-wordpress\/ -->\n<title>Audizione del Direttore generale dell&#039;Agenzia delle Dogane e dei Monopoli (10 novembre 2021) - Staging Avviso Pubblico<\/title>\n<meta name=\"robots\" content=\"noindex, follow, max-snippet:-1, max-image-preview:large, max-video-preview:-1\" \/>\n<meta property=\"og:locale\" content=\"it_IT\" \/>\n<meta property=\"og:type\" content=\"article\" \/>\n<meta property=\"og:title\" content=\"Audizione del Direttore generale dell&#039;Agenzia delle Dogane e dei Monopoli (10 novembre 2021) - Staging Avviso Pubblico\" \/>\n<meta property=\"og:description\" content=\"La Commissione parlamentare di inchiesta sul gioco illegale e sulle disfunzioni del gioco pubblico ha audito, nella seduta del 10 novembre 2021, il Direttore generale&nbsp;[&hellip;]Leggi tutto Audizione del Direttore generale dell&#8217;Agenzia delle Dogane e dei Monopoli (10 novembre 2021) &rarr;\" \/>\n<meta property=\"og:url\" content=\"https:\/\/welaikaadv.site\/avviso\/home\/cosa-facciamo\/informare\/osservatorio-parlamentare\/attivita-dinchiesta\/le-commissioni-di-inchiesta-nella-xviii-legislatura\/commissione-sul-gioco-illegale-e-sulle-disfunzioni-del-gioco-pubblico-quadro-generale-dellattivita-xviii-legislatura\/audizione-del-direttore-generale-dellagenzia-delle-dogane-e-dei-monopoli-10-novembre-2021\/\" \/>\n<meta property=\"og:site_name\" content=\"Staging Avviso Pubblico\" \/>\n<meta name=\"twitter:card\" content=\"summary_large_image\" \/>\n<meta name=\"twitter:label1\" content=\"Tempo di lettura stimato\" \/>\n\t<meta name=\"twitter:data1\" content=\"2 minuti\" \/>\n<script type=\"application\/ld+json\" class=\"yoast-schema-graph\">{\"@context\":\"https:\/\/schema.org\",\"@graph\":[{\"@type\":\"WebPage\",\"@id\":\"https:\/\/welaikaadv.site\/avviso\/home\/cosa-facciamo\/informare\/osservatorio-parlamentare\/attivita-dinchiesta\/le-commissioni-di-inchiesta-nella-xviii-legislatura\/commissione-sul-gioco-illegale-e-sulle-disfunzioni-del-gioco-pubblico-quadro-generale-dellattivita-xviii-legislatura\/audizione-del-direttore-generale-dellagenzia-delle-dogane-e-dei-monopoli-10-novembre-2021\/\",\"url\":\"https:\/\/welaikaadv.site\/avviso\/home\/cosa-facciamo\/informare\/osservatorio-parlamentare\/attivita-dinchiesta\/le-commissioni-di-inchiesta-nella-xviii-legislatura\/commissione-sul-gioco-illegale-e-sulle-disfunzioni-del-gioco-pubblico-quadro-generale-dellattivita-xviii-legislatura\/audizione-del-direttore-generale-dellagenzia-delle-dogane-e-dei-monopoli-10-novembre-2021\/\",\"name\":\"Audizione del Direttore generale dell'Agenzia delle Dogane e dei Monopoli (10 novembre 2021) - Staging Avviso Pubblico\",\"isPartOf\":{\"@id\":\"https:\/\/welaikaadv.site\/avviso\/#website\"},\"datePublished\":\"2021-11-12T11:03:09+00:00\",\"breadcrumb\":{\"@id\":\"https:\/\/welaikaadv.site\/avviso\/home\/cosa-facciamo\/informare\/osservatorio-parlamentare\/attivita-dinchiesta\/le-commissioni-di-inchiesta-nella-xviii-legislatura\/commissione-sul-gioco-illegale-e-sulle-disfunzioni-del-gioco-pubblico-quadro-generale-dellattivita-xviii-legislatura\/audizione-del-direttore-generale-dellagenzia-delle-dogane-e-dei-monopoli-10-novembre-2021\/#breadcrumb\"},\"inLanguage\":\"it-IT\",\"potentialAction\":[{\"@type\":\"ReadAction\",\"target\":[\"https:\/\/welaikaadv.site\/avviso\/home\/cosa-facciamo\/informare\/osservatorio-parlamentare\/attivita-dinchiesta\/le-commissioni-di-inchiesta-nella-xviii-legislatura\/commissione-sul-gioco-illegale-e-sulle-disfunzioni-del-gioco-pubblico-quadro-generale-dellattivita-xviii-legislatura\/audizione-del-direttore-generale-dellagenzia-delle-dogane-e-dei-monopoli-10-novembre-2021\/\"]}]},{\"@type\":\"BreadcrumbList\",\"@id\":\"https:\/\/welaikaadv.site\/avviso\/home\/cosa-facciamo\/informare\/osservatorio-parlamentare\/attivita-dinchiesta\/le-commissioni-di-inchiesta-nella-xviii-legislatura\/commissione-sul-gioco-illegale-e-sulle-disfunzioni-del-gioco-pubblico-quadro-generale-dellattivita-xviii-legislatura\/audizione-del-direttore-generale-dellagenzia-delle-dogane-e-dei-monopoli-10-novembre-2021\/#breadcrumb\",\"itemListElement\":[{\"@type\":\"ListItem\",\"position\":1,\"name\":\"Home\",\"item\":\"https:\/\/welaikaadv.site\/avviso\/\"},{\"@type\":\"ListItem\",\"position\":2,\"name\":\"Audizione del Direttore generale dell&#8217;Agenzia delle Dogane e dei Monopoli (10 novembre 2021)\"}]},{\"@type\":\"WebSite\",\"@id\":\"https:\/\/welaikaadv.site\/avviso\/#website\",\"url\":\"https:\/\/welaikaadv.site\/avviso\/\",\"name\":\"Staging Avviso Pubblico\",\"description\":\"\",\"publisher\":{\"@id\":\"https:\/\/welaikaadv.site\/avviso\/#organization\"},\"potentialAction\":[{\"@type\":\"SearchAction\",\"target\":{\"@type\":\"EntryPoint\",\"urlTemplate\":\"https:\/\/welaikaadv.site\/avviso\/?s={search_term_string}\"},\"query-input\":{\"@type\":\"PropertyValueSpecification\",\"valueRequired\":true,\"valueName\":\"search_term_string\"}}],\"inLanguage\":\"it-IT\"},{\"@type\":\"Organization\",\"@id\":\"https:\/\/welaikaadv.site\/avviso\/#organization\",\"name\":\"Staging Avviso Pubblico\",\"url\":\"https:\/\/welaikaadv.site\/avviso\/\",\"logo\":{\"@type\":\"ImageObject\",\"inLanguage\":\"it-IT\",\"@id\":\"https:\/\/welaikaadv.site\/avviso\/#\/schema\/logo\/image\/\",\"url\":\"https:\/\/welaikaadv.site\/avviso\/wp-content\/uploads\/2024\/08\/logoAPsito-400.png\",\"contentUrl\":\"https:\/\/welaikaadv.site\/avviso\/wp-content\/uploads\/2024\/08\/logoAPsito-400.png\",\"width\":400,\"height\":97,\"caption\":\"Staging Avviso Pubblico\"},\"image\":{\"@id\":\"https:\/\/welaikaadv.site\/avviso\/#\/schema\/logo\/image\/\"}}]}<\/script>\n<!-- \/ Yoast SEO plugin. -->","yoast_head_json":{"title":"Audizione del Direttore generale dell'Agenzia delle Dogane e dei Monopoli (10 novembre 2021) - Staging Avviso Pubblico","robots":{"index":"noindex","follow":"follow","max-snippet":"max-snippet:-1","max-image-preview":"max-image-preview:large","max-video-preview":"max-video-preview:-1"},"og_locale":"it_IT","og_type":"article","og_title":"Audizione del Direttore generale dell'Agenzia delle Dogane e dei Monopoli (10 novembre 2021) - Staging Avviso Pubblico","og_description":"La Commissione parlamentare di inchiesta sul gioco illegale e sulle disfunzioni del gioco pubblico ha audito, nella seduta del 10 novembre 2021, il Direttore generale&nbsp;[&hellip;]Leggi tutto Audizione del Direttore generale dell&#8217;Agenzia delle Dogane e dei Monopoli (10 novembre 2021) &rarr;","og_url":"https:\/\/welaikaadv.site\/avviso\/home\/cosa-facciamo\/informare\/osservatorio-parlamentare\/attivita-dinchiesta\/le-commissioni-di-inchiesta-nella-xviii-legislatura\/commissione-sul-gioco-illegale-e-sulle-disfunzioni-del-gioco-pubblico-quadro-generale-dellattivita-xviii-legislatura\/audizione-del-direttore-generale-dellagenzia-delle-dogane-e-dei-monopoli-10-novembre-2021\/","og_site_name":"Staging Avviso Pubblico","twitter_card":"summary_large_image","twitter_misc":{"Tempo di lettura stimato":"2 minuti"},"schema":{"@context":"https:\/\/schema.org","@graph":[{"@type":"WebPage","@id":"https:\/\/welaikaadv.site\/avviso\/home\/cosa-facciamo\/informare\/osservatorio-parlamentare\/attivita-dinchiesta\/le-commissioni-di-inchiesta-nella-xviii-legislatura\/commissione-sul-gioco-illegale-e-sulle-disfunzioni-del-gioco-pubblico-quadro-generale-dellattivita-xviii-legislatura\/audizione-del-direttore-generale-dellagenzia-delle-dogane-e-dei-monopoli-10-novembre-2021\/","url":"https:\/\/welaikaadv.site\/avviso\/home\/cosa-facciamo\/informare\/osservatorio-parlamentare\/attivita-dinchiesta\/le-commissioni-di-inchiesta-nella-xviii-legislatura\/commissione-sul-gioco-illegale-e-sulle-disfunzioni-del-gioco-pubblico-quadro-generale-dellattivita-xviii-legislatura\/audizione-del-direttore-generale-dellagenzia-delle-dogane-e-dei-monopoli-10-novembre-2021\/","name":"Audizione del Direttore generale dell'Agenzia delle Dogane e dei Monopoli (10 novembre 2021) - Staging Avviso Pubblico","isPartOf":{"@id":"https:\/\/welaikaadv.site\/avviso\/#website"},"datePublished":"2021-11-12T11:03:09+00:00","breadcrumb":{"@id":"https:\/\/welaikaadv.site\/avviso\/home\/cosa-facciamo\/informare\/osservatorio-parlamentare\/attivita-dinchiesta\/le-commissioni-di-inchiesta-nella-xviii-legislatura\/commissione-sul-gioco-illegale-e-sulle-disfunzioni-del-gioco-pubblico-quadro-generale-dellattivita-xviii-legislatura\/audizione-del-direttore-generale-dellagenzia-delle-dogane-e-dei-monopoli-10-novembre-2021\/#breadcrumb"},"inLanguage":"it-IT","potentialAction":[{"@type":"ReadAction","target":["https:\/\/welaikaadv.site\/avviso\/home\/cosa-facciamo\/informare\/osservatorio-parlamentare\/attivita-dinchiesta\/le-commissioni-di-inchiesta-nella-xviii-legislatura\/commissione-sul-gioco-illegale-e-sulle-disfunzioni-del-gioco-pubblico-quadro-generale-dellattivita-xviii-legislatura\/audizione-del-direttore-generale-dellagenzia-delle-dogane-e-dei-monopoli-10-novembre-2021\/"]}]},{"@type":"BreadcrumbList","@id":"https:\/\/welaikaadv.site\/avviso\/home\/cosa-facciamo\/informare\/osservatorio-parlamentare\/attivita-dinchiesta\/le-commissioni-di-inchiesta-nella-xviii-legislatura\/commissione-sul-gioco-illegale-e-sulle-disfunzioni-del-gioco-pubblico-quadro-generale-dellattivita-xviii-legislatura\/audizione-del-direttore-generale-dellagenzia-delle-dogane-e-dei-monopoli-10-novembre-2021\/#breadcrumb","itemListElement":[{"@type":"ListItem","position":1,"name":"Home","item":"https:\/\/welaikaadv.site\/avviso\/"},{"@type":"ListItem","position":2,"name":"Audizione del Direttore generale dell&#8217;Agenzia delle Dogane e dei Monopoli (10 novembre 2021)"}]},{"@type":"WebSite","@id":"https:\/\/welaikaadv.site\/avviso\/#website","url":"https:\/\/welaikaadv.site\/avviso\/","name":"Staging Avviso Pubblico","description":"","publisher":{"@id":"https:\/\/welaikaadv.site\/avviso\/#organization"},"potentialAction":[{"@type":"SearchAction","target":{"@type":"EntryPoint","urlTemplate":"https:\/\/welaikaadv.site\/avviso\/?s={search_term_string}"},"query-input":{"@type":"PropertyValueSpecification","valueRequired":true,"valueName":"search_term_string"}}],"inLanguage":"it-IT"},{"@type":"Organization","@id":"https:\/\/welaikaadv.site\/avviso\/#organization","name":"Staging Avviso Pubblico","url":"https:\/\/welaikaadv.site\/avviso\/","logo":{"@type":"ImageObject","inLanguage":"it-IT","@id":"https:\/\/welaikaadv.site\/avviso\/#\/schema\/logo\/image\/","url":"https:\/\/welaikaadv.site\/avviso\/wp-content\/uploads\/2024\/08\/logoAPsito-400.png","contentUrl":"https:\/\/welaikaadv.site\/avviso\/wp-content\/uploads\/2024\/08\/logoAPsito-400.png","width":400,"height":97,"caption":"Staging Avviso Pubblico"},"image":{"@id":"https:\/\/welaikaadv.site\/avviso\/#\/schema\/logo\/image\/"}}]}},"_links":{"self":[{"href":"https:\/\/welaikaadv.site\/avviso\/wp-json\/wp\/v2\/pages\/46709","targetHints":{"allow":["GET"]}}],"collection":[{"href":"https:\/\/welaikaadv.site\/avviso\/wp-json\/wp\/v2\/pages"}],"about":[{"href":"https:\/\/welaikaadv.site\/avviso\/wp-json\/wp\/v2\/types\/page"}],"author":[{"embeddable":true,"href":"https:\/\/welaikaadv.site\/avviso\/wp-json\/wp\/v2\/users\/1"}],"replies":[{"embeddable":true,"href":"https:\/\/welaikaadv.site\/avviso\/wp-json\/wp\/v2\/comments?post=46709"}],"version-history":[{"count":0,"href":"https:\/\/welaikaadv.site\/avviso\/wp-json\/wp\/v2\/pages\/46709\/revisions"}],"up":[{"embeddable":true,"href":"https:\/\/welaikaadv.site\/avviso\/wp-json\/wp\/v2\/pages\/44908"}],"wp:attachment":[{"href":"https:\/\/welaikaadv.site\/avviso\/wp-json\/wp\/v2\/media?parent=46709"}],"curies":[{"name":"wp","href":"https:\/\/api.w.org\/{rel}","templated":true}]}}