{"id":46795,"date":"2021-11-20T10:37:32","date_gmt":"2021-11-20T09:37:32","guid":{"rendered":"https:\/\/www.avvisopubblico.it\/home\/?page_id=46795"},"modified":"2021-11-20T10:37:32","modified_gmt":"2021-11-20T09:37:32","slug":"seguito-dellaudizione-del-direttore-generale-dellagenzia-delle-dogane-e-dei-monopoli-18-novembre-2021","status":"publish","type":"page","link":"https:\/\/welaikaadv.site\/avviso\/home\/cosa-facciamo\/informare\/osservatorio-parlamentare\/attivita-dinchiesta\/le-commissioni-di-inchiesta-nella-xviii-legislatura\/commissione-sul-gioco-illegale-e-sulle-disfunzioni-del-gioco-pubblico-quadro-generale-dellattivita-xviii-legislatura\/seguito-dellaudizione-del-direttore-generale-dellagenzia-delle-dogane-e-dei-monopoli-18-novembre-2021\/","title":{"rendered":"Seguito dell&#8217;audizione del Direttore generale dell&#8217;Agenzia delle Dogane e dei Monopoli (18 novembre 2021)"},"content":{"rendered":"<p>Il Direttore Generale dell\u2019Agenzie delle Dogane e dei Monopoli Marcello Minenna ha proseguito l\u2019audizione in <a href=\"https:\/\/welaikaadv.site\/avviso\/home\/cosa-facciamo\/informare\/osservatorio-parlamentare\/attivita-dinchiesta\/le-commissioni-di-inchiesta-nella-xviii-legislatura\/commissione-sul-gioco-illegale-e-sulle-disfunzioni-del-gioco-pubblico-quadro-generale-dellattivita-xviii-legislatura\/\">Commissione Gioco<\/a>, iniziata in data <a href=\"https:\/\/welaikaadv.site\/avviso\/home\/cosa-facciamo\/informare\/osservatorio-parlamentare\/attivita-dinchiesta\/le-commissioni-di-inchiesta-nella-xviii-legislatura\/commissione-sul-gioco-illegale-e-sulle-disfunzioni-del-gioco-pubblico-quadro-generale-dellattivita-xviii-legislatura\/audizione-del-direttore-generale-dellagenzia-delle-dogane-e-dei-monopoli-10-novembre-2021\/\">10.11.2021<\/a>, rispondendo ad alcune domande sollevate dai parlamentari (<a href=\"https:\/\/webtv.senato.it\/4621?video_evento=239091\">qui il video<\/a>).<\/p>\n<p>Tra le questioni su cui, a domanda, si \u00e8 espresso Minenna, si segnalano:<\/p>\n<ul>\n<li><strong>Giochi senza vincite in denaro (cosiddetti apparecchi ex comma 7):<\/strong> in merito alla disciplina di questi giochi, il Direttore Generale ha sottolineato la necessit\u00e0 di intervento in quanto alcuni controlli effettuati hanno fatto emergere diverse situazioni di irregolarit\u00e0 connesse a questa particolare tipologia di apparecchi, che sono sfociate anche in sequestri.<\/li>\n<li><strong>Coinvolgimento degli operatori in tema di lotta alla ludopatia e al gioco minorile:<\/strong> su quest\u2019ambito, il Direttore Generale Minenna ha espresso qualche perplessit\u00e0 in merito alla reale efficacia della tessera sanitaria (da inserire per giocare) quale strumento per verificare la maggiore et\u00e0 dell\u2019utente. Sono da segnalare, infatti, diversi casi di uso anomalo delle tessere sanitarie.<\/li>\n<li><strong>Le innovazioni tecnologiche:<\/strong> Minenna ha approfondito il tema delle innovazioni tecnologiche, suggerendo che, anzich\u00e9 puntare tutto su uno strumento di dubbia efficacia quale \u00e8 quello della tessera sanitaria, meglio sarebbe investire maggiormente sul tema dell\u2019identificazione dei giocatori, incrociando, a partire da ci\u00f2, una serie di altri dati (es. quelli reddituali) e informazioni. Ci\u00f2 consentirebbe allo Stato di conoscere il profilo del giocatore, le modalit\u00e0 di gioco, i tempi di utilizzo ecc. Si tratta di un aspetto che l\u2019ADM pu\u00f2 affrontare e predisporre sul piano tecnico, spettando poi al legislatore la decisione politica sull\u2019estensione di tali controlli e il bilanciamento di questo eventuale impianto con altri valori rilevanti (es. privacy, ordine pubblico, salute pubblica).<\/li>\n<li><strong>Le leggi regionali e gli interventi comunali:<\/strong> Minenna ha affrontato anche il tema della stratificazione normativa che interessa il settore del gioco con i vari interventi legislativi regionali. La convinzione del Direttore Generale di ADM \u00e8 che serva una soluzione pi\u00f9 ampia e di sistema, anche alla luce della circostanza che l\u201980% degli operatori del gioco sarebbero critici rispetto all\u2019attuale compresenza di pi\u00f9 normative (e ci\u00f2 comprometterebbe anche un\u2019eventuale gara per le nuove concessioni). Nell\u2019ambito del superamento del sistema attuale, \u00e8 necessario coinvolgere Regioni e Comuni, anche attraverso la compartecipazione al gettito, elemento che per\u00f2, ha specificato Minenna, non creer\u00e0 un incentivo per gli Enti locali all\u2019aumento dell\u2019offerta di gioco, in quanto si tratta di una misura tecnica (necessaria proprio alla luce del coinvolgimento dei Comuni stessi in questa partita).<\/li>\n<li><strong>Il distanziometro:<\/strong> Anche rispetto al distanziometro Minenna ha specificato alcuni orientamenti: la misura va interpretata, a suo dire, non come un modo per calmierare l\u2019offerta di gioco, bens\u00ec come uno strumento utile per tutelare alcuni luoghi sensibili frequentati da soggetti fragili. Anche in questo caso, Minenna ha auspicato la definizione di una disciplina omogenea (da tenere distinta rispetto al tema dell\u2019offerta).<\/li>\n<\/ul>\n","protected":false},"excerpt":{"rendered":"<p>Il Direttore Generale dell\u2019Agenzie delle Dogane e dei Monopoli Marcello Minenna ha proseguito l\u2019audizione in Commissione Gioco, iniziata in data 10.11.2021, rispondendo ad alcune domande&nbsp;<span class=\"hellipsis\">[&hellip;]<\/span><a class=\"more-link\" href=\"https:\/\/welaikaadv.site\/avviso\/home\/cosa-facciamo\/informare\/osservatorio-parlamentare\/attivita-dinchiesta\/le-commissioni-di-inchiesta-nella-xviii-legislatura\/commissione-sul-gioco-illegale-e-sulle-disfunzioni-del-gioco-pubblico-quadro-generale-dellattivita-xviii-legislatura\/seguito-dellaudizione-del-direttore-generale-dellagenzia-delle-dogane-e-dei-monopoli-18-novembre-2021\/\">Leggi tutto <span class=\"screen-reader-text\">Seguito dell&#8217;audizione del Direttore generale dell&#8217;Agenzia delle Dogane e dei Monopoli (18 novembre 2021)<\/span> <span class=\"meta-nav\" aria-hidden=\"true\">&rarr;<\/span><\/a><\/p>\n","protected":false},"author":1,"featured_media":0,"parent":44908,"menu_order":0,"comment_status":"closed","ping_status":"closed","template":"","meta":{"_acf_changed":false,"_exactmetrics_skip_tracking":false,"_exactmetrics_sitenote_active":false,"_exactmetrics_sitenote_note":"","_exactmetrics_sitenote_category":0,"wp_social_preview_title":"","wp_social_preview_description":"","wp_social_preview_image":0,"footnotes":""},"class_list":["post-46795","page","type-page","status-publish","hentry"],"acf":[],"yoast_head":"<!-- This site is optimized with the Yoast SEO plugin v27.2 - https:\/\/yoast.com\/product\/yoast-seo-wordpress\/ -->\n<title>Seguito dell&#039;audizione del Direttore generale dell&#039;Agenzia delle Dogane e dei Monopoli (18 novembre 2021) - Staging Avviso Pubblico<\/title>\n<meta name=\"robots\" content=\"noindex, follow, max-snippet:-1, max-image-preview:large, max-video-preview:-1\" \/>\n<meta property=\"og:locale\" content=\"it_IT\" \/>\n<meta property=\"og:type\" content=\"article\" \/>\n<meta property=\"og:title\" content=\"Seguito dell&#039;audizione del Direttore generale dell&#039;Agenzia delle Dogane e dei Monopoli (18 novembre 2021) - Staging Avviso Pubblico\" \/>\n<meta property=\"og:description\" content=\"Il Direttore Generale dell\u2019Agenzie delle Dogane e dei Monopoli Marcello Minenna ha proseguito l\u2019audizione in Commissione Gioco, iniziata in data 10.11.2021, rispondendo ad alcune domande&nbsp;[&hellip;]Leggi tutto Seguito dell&#8217;audizione del Direttore generale dell&#8217;Agenzia delle Dogane e dei Monopoli (18 novembre 2021) &rarr;\" \/>\n<meta property=\"og:url\" content=\"https:\/\/welaikaadv.site\/avviso\/home\/cosa-facciamo\/informare\/osservatorio-parlamentare\/attivita-dinchiesta\/le-commissioni-di-inchiesta-nella-xviii-legislatura\/commissione-sul-gioco-illegale-e-sulle-disfunzioni-del-gioco-pubblico-quadro-generale-dellattivita-xviii-legislatura\/seguito-dellaudizione-del-direttore-generale-dellagenzia-delle-dogane-e-dei-monopoli-18-novembre-2021\/\" \/>\n<meta property=\"og:site_name\" content=\"Staging Avviso Pubblico\" \/>\n<meta name=\"twitter:card\" content=\"summary_large_image\" \/>\n<meta name=\"twitter:label1\" content=\"Tempo di lettura stimato\" \/>\n\t<meta name=\"twitter:data1\" content=\"2 minuti\" \/>\n<script type=\"application\/ld+json\" class=\"yoast-schema-graph\">{\"@context\":\"https:\/\/schema.org\",\"@graph\":[{\"@type\":\"WebPage\",\"@id\":\"https:\/\/welaikaadv.site\/avviso\/home\/cosa-facciamo\/informare\/osservatorio-parlamentare\/attivita-dinchiesta\/le-commissioni-di-inchiesta-nella-xviii-legislatura\/commissione-sul-gioco-illegale-e-sulle-disfunzioni-del-gioco-pubblico-quadro-generale-dellattivita-xviii-legislatura\/seguito-dellaudizione-del-direttore-generale-dellagenzia-delle-dogane-e-dei-monopoli-18-novembre-2021\/\",\"url\":\"https:\/\/welaikaadv.site\/avviso\/home\/cosa-facciamo\/informare\/osservatorio-parlamentare\/attivita-dinchiesta\/le-commissioni-di-inchiesta-nella-xviii-legislatura\/commissione-sul-gioco-illegale-e-sulle-disfunzioni-del-gioco-pubblico-quadro-generale-dellattivita-xviii-legislatura\/seguito-dellaudizione-del-direttore-generale-dellagenzia-delle-dogane-e-dei-monopoli-18-novembre-2021\/\",\"name\":\"Seguito dell'audizione del Direttore generale dell'Agenzia delle Dogane e dei Monopoli (18 novembre 2021) - Staging Avviso Pubblico\",\"isPartOf\":{\"@id\":\"https:\/\/welaikaadv.site\/avviso\/#website\"},\"datePublished\":\"2021-11-20T09:37:32+00:00\",\"breadcrumb\":{\"@id\":\"https:\/\/welaikaadv.site\/avviso\/home\/cosa-facciamo\/informare\/osservatorio-parlamentare\/attivita-dinchiesta\/le-commissioni-di-inchiesta-nella-xviii-legislatura\/commissione-sul-gioco-illegale-e-sulle-disfunzioni-del-gioco-pubblico-quadro-generale-dellattivita-xviii-legislatura\/seguito-dellaudizione-del-direttore-generale-dellagenzia-delle-dogane-e-dei-monopoli-18-novembre-2021\/#breadcrumb\"},\"inLanguage\":\"it-IT\",\"potentialAction\":[{\"@type\":\"ReadAction\",\"target\":[\"https:\/\/welaikaadv.site\/avviso\/home\/cosa-facciamo\/informare\/osservatorio-parlamentare\/attivita-dinchiesta\/le-commissioni-di-inchiesta-nella-xviii-legislatura\/commissione-sul-gioco-illegale-e-sulle-disfunzioni-del-gioco-pubblico-quadro-generale-dellattivita-xviii-legislatura\/seguito-dellaudizione-del-direttore-generale-dellagenzia-delle-dogane-e-dei-monopoli-18-novembre-2021\/\"]}]},{\"@type\":\"BreadcrumbList\",\"@id\":\"https:\/\/welaikaadv.site\/avviso\/home\/cosa-facciamo\/informare\/osservatorio-parlamentare\/attivita-dinchiesta\/le-commissioni-di-inchiesta-nella-xviii-legislatura\/commissione-sul-gioco-illegale-e-sulle-disfunzioni-del-gioco-pubblico-quadro-generale-dellattivita-xviii-legislatura\/seguito-dellaudizione-del-direttore-generale-dellagenzia-delle-dogane-e-dei-monopoli-18-novembre-2021\/#breadcrumb\",\"itemListElement\":[{\"@type\":\"ListItem\",\"position\":1,\"name\":\"Home\",\"item\":\"https:\/\/welaikaadv.site\/avviso\/\"},{\"@type\":\"ListItem\",\"position\":2,\"name\":\"Seguito dell&#8217;audizione del Direttore generale dell&#8217;Agenzia delle Dogane e dei Monopoli (18 novembre 2021)\"}]},{\"@type\":\"WebSite\",\"@id\":\"https:\/\/welaikaadv.site\/avviso\/#website\",\"url\":\"https:\/\/welaikaadv.site\/avviso\/\",\"name\":\"Staging Avviso Pubblico\",\"description\":\"\",\"publisher\":{\"@id\":\"https:\/\/welaikaadv.site\/avviso\/#organization\"},\"potentialAction\":[{\"@type\":\"SearchAction\",\"target\":{\"@type\":\"EntryPoint\",\"urlTemplate\":\"https:\/\/welaikaadv.site\/avviso\/?s={search_term_string}\"},\"query-input\":{\"@type\":\"PropertyValueSpecification\",\"valueRequired\":true,\"valueName\":\"search_term_string\"}}],\"inLanguage\":\"it-IT\"},{\"@type\":\"Organization\",\"@id\":\"https:\/\/welaikaadv.site\/avviso\/#organization\",\"name\":\"Staging Avviso Pubblico\",\"url\":\"https:\/\/welaikaadv.site\/avviso\/\",\"logo\":{\"@type\":\"ImageObject\",\"inLanguage\":\"it-IT\",\"@id\":\"https:\/\/welaikaadv.site\/avviso\/#\/schema\/logo\/image\/\",\"url\":\"https:\/\/welaikaadv.site\/avviso\/wp-content\/uploads\/2024\/08\/logoAPsito-400.png\",\"contentUrl\":\"https:\/\/welaikaadv.site\/avviso\/wp-content\/uploads\/2024\/08\/logoAPsito-400.png\",\"width\":400,\"height\":97,\"caption\":\"Staging Avviso Pubblico\"},\"image\":{\"@id\":\"https:\/\/welaikaadv.site\/avviso\/#\/schema\/logo\/image\/\"}}]}<\/script>\n<!-- \/ Yoast SEO plugin. -->","yoast_head_json":{"title":"Seguito dell'audizione del Direttore generale dell'Agenzia delle Dogane e dei Monopoli (18 novembre 2021) - Staging Avviso Pubblico","robots":{"index":"noindex","follow":"follow","max-snippet":"max-snippet:-1","max-image-preview":"max-image-preview:large","max-video-preview":"max-video-preview:-1"},"og_locale":"it_IT","og_type":"article","og_title":"Seguito dell'audizione del Direttore generale dell'Agenzia delle Dogane e dei Monopoli (18 novembre 2021) - Staging Avviso Pubblico","og_description":"Il Direttore Generale dell\u2019Agenzie delle Dogane e dei Monopoli Marcello Minenna ha proseguito l\u2019audizione in Commissione Gioco, iniziata in data 10.11.2021, rispondendo ad alcune domande&nbsp;[&hellip;]Leggi tutto Seguito dell&#8217;audizione del Direttore generale dell&#8217;Agenzia delle Dogane e dei Monopoli (18 novembre 2021) &rarr;","og_url":"https:\/\/welaikaadv.site\/avviso\/home\/cosa-facciamo\/informare\/osservatorio-parlamentare\/attivita-dinchiesta\/le-commissioni-di-inchiesta-nella-xviii-legislatura\/commissione-sul-gioco-illegale-e-sulle-disfunzioni-del-gioco-pubblico-quadro-generale-dellattivita-xviii-legislatura\/seguito-dellaudizione-del-direttore-generale-dellagenzia-delle-dogane-e-dei-monopoli-18-novembre-2021\/","og_site_name":"Staging Avviso Pubblico","twitter_card":"summary_large_image","twitter_misc":{"Tempo di lettura stimato":"2 minuti"},"schema":{"@context":"https:\/\/schema.org","@graph":[{"@type":"WebPage","@id":"https:\/\/welaikaadv.site\/avviso\/home\/cosa-facciamo\/informare\/osservatorio-parlamentare\/attivita-dinchiesta\/le-commissioni-di-inchiesta-nella-xviii-legislatura\/commissione-sul-gioco-illegale-e-sulle-disfunzioni-del-gioco-pubblico-quadro-generale-dellattivita-xviii-legislatura\/seguito-dellaudizione-del-direttore-generale-dellagenzia-delle-dogane-e-dei-monopoli-18-novembre-2021\/","url":"https:\/\/welaikaadv.site\/avviso\/home\/cosa-facciamo\/informare\/osservatorio-parlamentare\/attivita-dinchiesta\/le-commissioni-di-inchiesta-nella-xviii-legislatura\/commissione-sul-gioco-illegale-e-sulle-disfunzioni-del-gioco-pubblico-quadro-generale-dellattivita-xviii-legislatura\/seguito-dellaudizione-del-direttore-generale-dellagenzia-delle-dogane-e-dei-monopoli-18-novembre-2021\/","name":"Seguito dell'audizione del Direttore generale dell'Agenzia delle Dogane e dei Monopoli (18 novembre 2021) - Staging Avviso Pubblico","isPartOf":{"@id":"https:\/\/welaikaadv.site\/avviso\/#website"},"datePublished":"2021-11-20T09:37:32+00:00","breadcrumb":{"@id":"https:\/\/welaikaadv.site\/avviso\/home\/cosa-facciamo\/informare\/osservatorio-parlamentare\/attivita-dinchiesta\/le-commissioni-di-inchiesta-nella-xviii-legislatura\/commissione-sul-gioco-illegale-e-sulle-disfunzioni-del-gioco-pubblico-quadro-generale-dellattivita-xviii-legislatura\/seguito-dellaudizione-del-direttore-generale-dellagenzia-delle-dogane-e-dei-monopoli-18-novembre-2021\/#breadcrumb"},"inLanguage":"it-IT","potentialAction":[{"@type":"ReadAction","target":["https:\/\/welaikaadv.site\/avviso\/home\/cosa-facciamo\/informare\/osservatorio-parlamentare\/attivita-dinchiesta\/le-commissioni-di-inchiesta-nella-xviii-legislatura\/commissione-sul-gioco-illegale-e-sulle-disfunzioni-del-gioco-pubblico-quadro-generale-dellattivita-xviii-legislatura\/seguito-dellaudizione-del-direttore-generale-dellagenzia-delle-dogane-e-dei-monopoli-18-novembre-2021\/"]}]},{"@type":"BreadcrumbList","@id":"https:\/\/welaikaadv.site\/avviso\/home\/cosa-facciamo\/informare\/osservatorio-parlamentare\/attivita-dinchiesta\/le-commissioni-di-inchiesta-nella-xviii-legislatura\/commissione-sul-gioco-illegale-e-sulle-disfunzioni-del-gioco-pubblico-quadro-generale-dellattivita-xviii-legislatura\/seguito-dellaudizione-del-direttore-generale-dellagenzia-delle-dogane-e-dei-monopoli-18-novembre-2021\/#breadcrumb","itemListElement":[{"@type":"ListItem","position":1,"name":"Home","item":"https:\/\/welaikaadv.site\/avviso\/"},{"@type":"ListItem","position":2,"name":"Seguito dell&#8217;audizione del Direttore generale dell&#8217;Agenzia delle Dogane e dei Monopoli (18 novembre 2021)"}]},{"@type":"WebSite","@id":"https:\/\/welaikaadv.site\/avviso\/#website","url":"https:\/\/welaikaadv.site\/avviso\/","name":"Staging Avviso Pubblico","description":"","publisher":{"@id":"https:\/\/welaikaadv.site\/avviso\/#organization"},"potentialAction":[{"@type":"SearchAction","target":{"@type":"EntryPoint","urlTemplate":"https:\/\/welaikaadv.site\/avviso\/?s={search_term_string}"},"query-input":{"@type":"PropertyValueSpecification","valueRequired":true,"valueName":"search_term_string"}}],"inLanguage":"it-IT"},{"@type":"Organization","@id":"https:\/\/welaikaadv.site\/avviso\/#organization","name":"Staging Avviso Pubblico","url":"https:\/\/welaikaadv.site\/avviso\/","logo":{"@type":"ImageObject","inLanguage":"it-IT","@id":"https:\/\/welaikaadv.site\/avviso\/#\/schema\/logo\/image\/","url":"https:\/\/welaikaadv.site\/avviso\/wp-content\/uploads\/2024\/08\/logoAPsito-400.png","contentUrl":"https:\/\/welaikaadv.site\/avviso\/wp-content\/uploads\/2024\/08\/logoAPsito-400.png","width":400,"height":97,"caption":"Staging Avviso Pubblico"},"image":{"@id":"https:\/\/welaikaadv.site\/avviso\/#\/schema\/logo\/image\/"}}]}},"_links":{"self":[{"href":"https:\/\/welaikaadv.site\/avviso\/wp-json\/wp\/v2\/pages\/46795","targetHints":{"allow":["GET"]}}],"collection":[{"href":"https:\/\/welaikaadv.site\/avviso\/wp-json\/wp\/v2\/pages"}],"about":[{"href":"https:\/\/welaikaadv.site\/avviso\/wp-json\/wp\/v2\/types\/page"}],"author":[{"embeddable":true,"href":"https:\/\/welaikaadv.site\/avviso\/wp-json\/wp\/v2\/users\/1"}],"replies":[{"embeddable":true,"href":"https:\/\/welaikaadv.site\/avviso\/wp-json\/wp\/v2\/comments?post=46795"}],"version-history":[{"count":0,"href":"https:\/\/welaikaadv.site\/avviso\/wp-json\/wp\/v2\/pages\/46795\/revisions"}],"up":[{"embeddable":true,"href":"https:\/\/welaikaadv.site\/avviso\/wp-json\/wp\/v2\/pages\/44908"}],"wp:attachment":[{"href":"https:\/\/welaikaadv.site\/avviso\/wp-json\/wp\/v2\/media?parent=46795"}],"curies":[{"name":"wp","href":"https:\/\/api.w.org\/{rel}","templated":true}]}}