{"id":47089,"date":"2023-12-09T10:26:04","date_gmt":"2023-12-09T09:26:04","guid":{"rendered":"https:\/\/www.avvisopubblico.it\/home\/?page_id=47089"},"modified":"2023-12-09T10:26:04","modified_gmt":"2023-12-09T09:26:04","slug":"la-nuova-legge-della-regione-piemonte-di-contrasto-del-gioco-patologico-n-19-del-2021","status":"publish","type":"page","link":"https:\/\/welaikaadv.site\/avviso\/home\/cosa-facciamo\/informare\/documenti-tematici\/gioco-dazzardo\/la-nuova-legge-della-regione-piemonte-di-contrasto-del-gioco-patologico-n-19-del-2021\/","title":{"rendered":"La nuova legge della Regione Piemonte di contrasto del gioco patologico (n.19 del 2021)"},"content":{"rendered":"<p><strong>Premessa<\/strong>. La Regione Piemonte ha approvato nel luglio 2021 una nuova legge per il contrasto alla diffusione del gioco d\u2019azzardo patologico (<a href=\"http:\/\/arianna.cr.piemonte.it\/iterlegcoordweb\/dettaglioLegge.do?urnLegge=urn:nir:regione.piemonte:legge:2021;19\">L.R. 19\/2021 e successive modifiche<\/a>), che abroga la precedente (<a href=\"https:\/\/welaikaadv.site\/avviso\/home\/cosa-facciamo\/informare\/documenti-tematici\/gioco-dazzardo\/la-legge-della-regione-piemonte-contrasto-del-gioco-patologico\/\">L.R. 9\/2016<\/a>) e di cui qui vengono sintetizzati gli aspetti principali.<\/p>\n<p><strong>Formazione<\/strong>. La Regione, tra le altre attivit\u00e0, disciplina i corsi di formazione e aggiornamento degli esercenti, dei dipendenti e degli attori istituzionali che operano nel settore del gioco d\u2019azzardo.<\/p>\n<p><strong>Piano integrato e Osservatorio<\/strong>. La Regione si impegna ad approvare il Piano integrato per il contrasto, la prevenzione e la riduzione del rischio del gioco d\u2019azzardo patologico, con validit\u00e0 triennale, al fine di incentivare iniziative di monitoraggio (anche informando sulle possibilit\u00e0 di filtraggio e blocco dei giochi online), di formazione e di assistenza telefonica (tramite l\u2019estensione di numeri verdi esistenti). La Regione, inoltre, istituisce presso l\u2019Osservatorio epidemiologico delle dipendenze patologiche la sezione tematica sul GAP, che ha la funzione di informare la Giunta sull\u2019esito del monitoraggio e di formulare proposte e pareri.<\/p>\n<p><strong>Minori.<\/strong>\u00a0Le scuole di ogni ordine e grado predispongono iniziative didattiche volte a sensibilizzare e informare le nuove generazioni su una positiva cultura del gioco e sui rischi derivanti dall\u2019abuso del gioco d\u2019azzardo.<\/p>\n<p><strong>Logo e giornata dedicata<\/strong>. Viene istituito il logo regionale \u201cSlot, no grazie!\u201d, rilasciato agli esercenti che decidono di non installare o disinstallare gli apparecchi per il gioco. La Regione istituisce la giornata \u201cSlot, no grazie!\u201d dedicata alla sensibilizzazione sul tema del gioco, in collaborazione con gli istituti scolastici e le universit\u00e0.<\/p>\n<p><strong>Divieto di pubblicit\u00e0<\/strong>. La Regione vieta gli spazi pubblicitari relativi al gioco lecito sui mezzi di trasporto pubblico locale e regionale e qualsiasi forma di pubblicit\u00e0 relativa all\u2019apertura o all\u2019esercizio di sale da gioco e sale scommesse. \u00c8 inoltre vietata l\u2019esposizione, all\u2019esterno dei locali che offrono giochi con vincite in denaro, di cartelli, manoscritti o proiezioni video che pubblicizzano la possibilit\u00e0 di vincita o vincite appena accadute o risalenti nel tempo.<\/p>\n<p><strong>Concessione dei benefici e divieto di patrocinio<\/strong>. La Regione, nella concessione qualunque tipo di vantaggio economico, considera titolo di preferenza l\u2019assenza di apparecchi da gioco lecito e di relativa pubblicit\u00e0. La Regione inoltre non concede n\u00e9 finanziamenti n\u00e9 patrocinio a eventi che favoriscono o inducono la dipendenza dal gioco d\u2019azzardo.<\/p>\n<p><strong>Usura<\/strong>. L\u2019Osservatorio regionale sui fenomeni di usura, estorsione e sovraindebitamento promuove attivit\u00e0 di informazione e sensibilizzazione sull\u2019utilizzo corretto e responsabile del denaro.<\/p>\n<p><strong>Nuove aperture e \u201cdistanziometro\u201d<\/strong> (artt. 16-18). \u00c8 prevista una distanza minima di 300 metri (per i Comuni fino a 5.000 abitanti) o di 400 metri (per i Comuni sopra i 5.000 abitanti), per la nuova apertura di esercizi commerciali, rispetto a una serie di luoghi sensibili: istituti scolastici secondari di secondo grado e sedi delle agenzie formative accreditate per i percorsi di Istruzione e Formazione Professionale (IeFP), universit\u00e0, istituti di credito, sportelli ATM e servizi di trasferimento denaro, esercizi di compravendita di oggetti preziosi ed oro usati e altre attivit\u00e0 creditizie, ospedali e strutture residenziali o semiresidenziali operanti in ambito sanitario o sociosanitario, strutture ricettive per categorie protette.<\/p>\n<p>I Comuni possono pubblicare sul proprio sito istituzionale la mappatura dei luoghi sensibili insistenti nei loro territori. Tali disposizioni non trovano applicazione nei casi in cui il rispetto delle distanze previste venga meno per fatti sopravvenuti. Sono presenti inoltre indicazioni per il numero massimo di apparecchi installabili in relazione alla superficie calpestabile dell\u2019esercizio commerciale (nessuno sotto i 25mq, al massimo 1 tra i 25 e i 50 mq, al massimo 2 sopra i 50mq).<\/p>\n<p>Tutte le disposizioni di cui sopra non si applicano agli esercizi gi\u00e0 esistenti: la legge regionale del 2016, abrogata, aveva efficacia anche sulle licenze in essere, mentre la legge del 2021 prevede invece limitazioni per le nuove aperture, ma consente ai titolari degli esercizi pubblici e commerciali, presso cui alla data del 19 maggio 2016 erano collocati apparecchi per il gioco dismessi per quanto disposto dalla legge 9\/2016, di rivolgere istanza al soggetto competente (entro il 31 dicembre 2021) e reinstallarli senza che ci\u00f2 possa essere equiparato a nuova installazione (art. 26).<\/p>\n<p><strong>Limitazioni orarie<\/strong>. Gli orari di interruzione del gioco sul territorio regionale sono cos\u00ec definiti: per le sale da gioco e le sale scommesse, dalle 02:00 alle 10:00; per gli esercizi non esclusivamente dedicati all&#8217;azzardo, dalle ore 23:00 alle ore 9:30 e dalle ore 12:30 alle ore 14:30.<\/p>\n<p><strong>Sanzioni<\/strong>. L\u2019inosservanza delle disposizioni relative alle nuove installazioni e al \u201cdistanziometro\u201d prevede una sanzione amministrativa compresa tra 2000 e 6000 euro per ogni apparecchio (nonch\u00e9 la chiusura temporanea dell&#8217;esercizio tra 5 e 10 giorni); la violazione delle norme sul divieto di pubblicit\u00e0 e sulle limitazioni orarie comporta una sanzione tra 500 e 4000 euro.<\/p>\n<p><strong><span style=\"text-decoration: underline;\">MODIFICHE INTERVENUTE<\/span>\u00a0&#8211;\u00a0<\/strong><a href=\"http:\/\/arianna.cr.piemonte.it\/iterlegcoordweb\/dettaglioLegge.do?urnLegge=urn:nir:regione.piemonte:legge:2023;3\"><strong>Legge regionale 9 marzo 2023, n. 3<\/strong><\/a><strong>. Legge annuale di riordino dell&#8217;ordinamento regionale. Anno 2022.<\/strong><\/p>\n<p>Gli articoli 31, 32, 33, 34, 105, 106, 107 della legge 3\/2023 intervengono su alcuni articoli della Legge 19\/2021 (Contrasto alla diffusione del gioco d&#8217;azzardo patologico &#8216;GAP&#8217;).<\/p>\n<p>Tra le novit\u00e0, in particolare si segnala:<\/p>\n<ul>\n<li>l\u2019abrogazione dell\u2019art. 14, comma 2, che prevedeva che \u201cal fine di prevenire e contrastare le infiltrazioni della criminalit\u00e0 organizzata, la Regione, attraverso la commissione permanente per la promozione della cultura della legalit\u00e0 e contrasto ai fenomeni mafiosi, promuove[sse] appositi protocolli con le prefetture e le forze dell&#8217;ordine\u201d;<\/li>\n<li>la semplificazione dei corsi di formazione per il personale delle sale giochi (nuova lett. d, comma 1, art. 4);<\/li>\n<li>l\u2019esclusione dal divieto minorile delle tipologie di gioco ex comma 7, art. 110 Tulps, lett. c-bis (quando non distribuiscono tagliandi) e c-ter (quando riproducono esclusivamente audio o video o sono privi di interazione con il giocatore);<\/li>\n<li>l\u2019abrogazione del riferimento alla promozione, da parte della Regione, di iniziative delle associazioni di categoria dei gestori di sale, e del riferimento al loro codice etico di autoregolamentazione per la sorveglianza delle condizioni e delle caratteristiche di fragilit\u00e0 dei giocatori e del rispetto della legalit\u00e0;<\/li>\n<li>l\u2019abrogazione del riferimento agli incentivi alla formazione per una serie di soggetti (dagli operatori al personale alla Polizia locale).<\/li>\n<\/ul>\n","protected":false},"excerpt":{"rendered":"<p>Premessa. La Regione Piemonte ha approvato nel luglio 2021 una nuova legge per il contrasto alla diffusione del gioco d\u2019azzardo patologico (L.R. 19\/2021 e successive&nbsp;<span class=\"hellipsis\">[&hellip;]<\/span><a class=\"more-link\" href=\"https:\/\/welaikaadv.site\/avviso\/home\/cosa-facciamo\/informare\/documenti-tematici\/gioco-dazzardo\/la-nuova-legge-della-regione-piemonte-di-contrasto-del-gioco-patologico-n-19-del-2021\/\">Leggi tutto <span class=\"screen-reader-text\">La nuova legge della Regione Piemonte di contrasto del gioco patologico (n.19 del 2021)<\/span> <span class=\"meta-nav\" aria-hidden=\"true\">&rarr;<\/span><\/a><\/p>\n","protected":false},"author":1,"featured_media":0,"parent":202,"menu_order":110,"comment_status":"closed","ping_status":"closed","template":"","meta":{"_acf_changed":false,"_exactmetrics_skip_tracking":false,"_exactmetrics_sitenote_active":false,"_exactmetrics_sitenote_note":"","_exactmetrics_sitenote_category":0,"wp_social_preview_title":"","wp_social_preview_description":"","wp_social_preview_image":0,"footnotes":""},"class_list":["post-47089","page","type-page","status-publish","hentry"],"acf":[],"yoast_head":"<!-- This site is optimized with the Yoast SEO plugin v27.2 - https:\/\/yoast.com\/product\/yoast-seo-wordpress\/ -->\n<title>La nuova legge della Regione Piemonte di contrasto del gioco patologico (n.19 del 2021) - Staging Avviso Pubblico<\/title>\n<meta name=\"robots\" content=\"noindex, follow, max-snippet:-1, max-image-preview:large, max-video-preview:-1\" \/>\n<meta property=\"og:locale\" content=\"it_IT\" \/>\n<meta property=\"og:type\" content=\"article\" \/>\n<meta property=\"og:title\" content=\"La nuova legge della Regione Piemonte di contrasto del gioco patologico (n.19 del 2021) - Staging Avviso Pubblico\" \/>\n<meta property=\"og:description\" content=\"Premessa. La Regione Piemonte ha approvato nel luglio 2021 una nuova legge per il contrasto alla diffusione del gioco d\u2019azzardo patologico (L.R. 19\/2021 e successive&nbsp;[&hellip;]Leggi tutto La nuova legge della Regione Piemonte di contrasto del gioco patologico (n.19 del 2021) &rarr;\" \/>\n<meta property=\"og:url\" content=\"https:\/\/welaikaadv.site\/avviso\/home\/cosa-facciamo\/informare\/documenti-tematici\/gioco-dazzardo\/la-nuova-legge-della-regione-piemonte-di-contrasto-del-gioco-patologico-n-19-del-2021\/\" \/>\n<meta property=\"og:site_name\" content=\"Staging Avviso Pubblico\" \/>\n<meta name=\"twitter:card\" content=\"summary_large_image\" \/>\n<meta name=\"twitter:label1\" content=\"Tempo di lettura stimato\" \/>\n\t<meta name=\"twitter:data1\" content=\"3 minuti\" \/>\n<script type=\"application\/ld+json\" class=\"yoast-schema-graph\">{\"@context\":\"https:\/\/schema.org\",\"@graph\":[{\"@type\":\"WebPage\",\"@id\":\"https:\/\/welaikaadv.site\/avviso\/home\/cosa-facciamo\/informare\/documenti-tematici\/gioco-dazzardo\/la-nuova-legge-della-regione-piemonte-di-contrasto-del-gioco-patologico-n-19-del-2021\/\",\"url\":\"https:\/\/welaikaadv.site\/avviso\/home\/cosa-facciamo\/informare\/documenti-tematici\/gioco-dazzardo\/la-nuova-legge-della-regione-piemonte-di-contrasto-del-gioco-patologico-n-19-del-2021\/\",\"name\":\"La nuova legge della Regione Piemonte di contrasto del gioco patologico (n.19 del 2021) - Staging Avviso Pubblico\",\"isPartOf\":{\"@id\":\"https:\/\/welaikaadv.site\/avviso\/#website\"},\"datePublished\":\"2023-12-09T09:26:04+00:00\",\"breadcrumb\":{\"@id\":\"https:\/\/welaikaadv.site\/avviso\/home\/cosa-facciamo\/informare\/documenti-tematici\/gioco-dazzardo\/la-nuova-legge-della-regione-piemonte-di-contrasto-del-gioco-patologico-n-19-del-2021\/#breadcrumb\"},\"inLanguage\":\"it-IT\",\"potentialAction\":[{\"@type\":\"ReadAction\",\"target\":[\"https:\/\/welaikaadv.site\/avviso\/home\/cosa-facciamo\/informare\/documenti-tematici\/gioco-dazzardo\/la-nuova-legge-della-regione-piemonte-di-contrasto-del-gioco-patologico-n-19-del-2021\/\"]}]},{\"@type\":\"BreadcrumbList\",\"@id\":\"https:\/\/welaikaadv.site\/avviso\/home\/cosa-facciamo\/informare\/documenti-tematici\/gioco-dazzardo\/la-nuova-legge-della-regione-piemonte-di-contrasto-del-gioco-patologico-n-19-del-2021\/#breadcrumb\",\"itemListElement\":[{\"@type\":\"ListItem\",\"position\":1,\"name\":\"Home\",\"item\":\"https:\/\/welaikaadv.site\/avviso\/\"},{\"@type\":\"ListItem\",\"position\":2,\"name\":\"La nuova legge della Regione Piemonte di contrasto del gioco patologico (n.19 del 2021)\"}]},{\"@type\":\"WebSite\",\"@id\":\"https:\/\/welaikaadv.site\/avviso\/#website\",\"url\":\"https:\/\/welaikaadv.site\/avviso\/\",\"name\":\"Staging Avviso Pubblico\",\"description\":\"\",\"publisher\":{\"@id\":\"https:\/\/welaikaadv.site\/avviso\/#organization\"},\"potentialAction\":[{\"@type\":\"SearchAction\",\"target\":{\"@type\":\"EntryPoint\",\"urlTemplate\":\"https:\/\/welaikaadv.site\/avviso\/?s={search_term_string}\"},\"query-input\":{\"@type\":\"PropertyValueSpecification\",\"valueRequired\":true,\"valueName\":\"search_term_string\"}}],\"inLanguage\":\"it-IT\"},{\"@type\":\"Organization\",\"@id\":\"https:\/\/welaikaadv.site\/avviso\/#organization\",\"name\":\"Staging Avviso Pubblico\",\"url\":\"https:\/\/welaikaadv.site\/avviso\/\",\"logo\":{\"@type\":\"ImageObject\",\"inLanguage\":\"it-IT\",\"@id\":\"https:\/\/welaikaadv.site\/avviso\/#\/schema\/logo\/image\/\",\"url\":\"https:\/\/welaikaadv.site\/avviso\/wp-content\/uploads\/2024\/08\/logoAPsito-400.png\",\"contentUrl\":\"https:\/\/welaikaadv.site\/avviso\/wp-content\/uploads\/2024\/08\/logoAPsito-400.png\",\"width\":400,\"height\":97,\"caption\":\"Staging Avviso Pubblico\"},\"image\":{\"@id\":\"https:\/\/welaikaadv.site\/avviso\/#\/schema\/logo\/image\/\"}}]}<\/script>\n<!-- \/ Yoast SEO plugin. -->","yoast_head_json":{"title":"La nuova legge della Regione Piemonte di contrasto del gioco patologico (n.19 del 2021) - Staging Avviso Pubblico","robots":{"index":"noindex","follow":"follow","max-snippet":"max-snippet:-1","max-image-preview":"max-image-preview:large","max-video-preview":"max-video-preview:-1"},"og_locale":"it_IT","og_type":"article","og_title":"La nuova legge della Regione Piemonte di contrasto del gioco patologico (n.19 del 2021) - Staging Avviso Pubblico","og_description":"Premessa. La Regione Piemonte ha approvato nel luglio 2021 una nuova legge per il contrasto alla diffusione del gioco d\u2019azzardo patologico (L.R. 19\/2021 e successive&nbsp;[&hellip;]Leggi tutto La nuova legge della Regione Piemonte di contrasto del gioco patologico (n.19 del 2021) &rarr;","og_url":"https:\/\/welaikaadv.site\/avviso\/home\/cosa-facciamo\/informare\/documenti-tematici\/gioco-dazzardo\/la-nuova-legge-della-regione-piemonte-di-contrasto-del-gioco-patologico-n-19-del-2021\/","og_site_name":"Staging Avviso Pubblico","twitter_card":"summary_large_image","twitter_misc":{"Tempo di lettura stimato":"3 minuti"},"schema":{"@context":"https:\/\/schema.org","@graph":[{"@type":"WebPage","@id":"https:\/\/welaikaadv.site\/avviso\/home\/cosa-facciamo\/informare\/documenti-tematici\/gioco-dazzardo\/la-nuova-legge-della-regione-piemonte-di-contrasto-del-gioco-patologico-n-19-del-2021\/","url":"https:\/\/welaikaadv.site\/avviso\/home\/cosa-facciamo\/informare\/documenti-tematici\/gioco-dazzardo\/la-nuova-legge-della-regione-piemonte-di-contrasto-del-gioco-patologico-n-19-del-2021\/","name":"La nuova legge della Regione Piemonte di contrasto del gioco patologico (n.19 del 2021) - Staging Avviso Pubblico","isPartOf":{"@id":"https:\/\/welaikaadv.site\/avviso\/#website"},"datePublished":"2023-12-09T09:26:04+00:00","breadcrumb":{"@id":"https:\/\/welaikaadv.site\/avviso\/home\/cosa-facciamo\/informare\/documenti-tematici\/gioco-dazzardo\/la-nuova-legge-della-regione-piemonte-di-contrasto-del-gioco-patologico-n-19-del-2021\/#breadcrumb"},"inLanguage":"it-IT","potentialAction":[{"@type":"ReadAction","target":["https:\/\/welaikaadv.site\/avviso\/home\/cosa-facciamo\/informare\/documenti-tematici\/gioco-dazzardo\/la-nuova-legge-della-regione-piemonte-di-contrasto-del-gioco-patologico-n-19-del-2021\/"]}]},{"@type":"BreadcrumbList","@id":"https:\/\/welaikaadv.site\/avviso\/home\/cosa-facciamo\/informare\/documenti-tematici\/gioco-dazzardo\/la-nuova-legge-della-regione-piemonte-di-contrasto-del-gioco-patologico-n-19-del-2021\/#breadcrumb","itemListElement":[{"@type":"ListItem","position":1,"name":"Home","item":"https:\/\/welaikaadv.site\/avviso\/"},{"@type":"ListItem","position":2,"name":"La nuova legge della Regione Piemonte di contrasto del gioco patologico (n.19 del 2021)"}]},{"@type":"WebSite","@id":"https:\/\/welaikaadv.site\/avviso\/#website","url":"https:\/\/welaikaadv.site\/avviso\/","name":"Staging Avviso Pubblico","description":"","publisher":{"@id":"https:\/\/welaikaadv.site\/avviso\/#organization"},"potentialAction":[{"@type":"SearchAction","target":{"@type":"EntryPoint","urlTemplate":"https:\/\/welaikaadv.site\/avviso\/?s={search_term_string}"},"query-input":{"@type":"PropertyValueSpecification","valueRequired":true,"valueName":"search_term_string"}}],"inLanguage":"it-IT"},{"@type":"Organization","@id":"https:\/\/welaikaadv.site\/avviso\/#organization","name":"Staging Avviso Pubblico","url":"https:\/\/welaikaadv.site\/avviso\/","logo":{"@type":"ImageObject","inLanguage":"it-IT","@id":"https:\/\/welaikaadv.site\/avviso\/#\/schema\/logo\/image\/","url":"https:\/\/welaikaadv.site\/avviso\/wp-content\/uploads\/2024\/08\/logoAPsito-400.png","contentUrl":"https:\/\/welaikaadv.site\/avviso\/wp-content\/uploads\/2024\/08\/logoAPsito-400.png","width":400,"height":97,"caption":"Staging Avviso Pubblico"},"image":{"@id":"https:\/\/welaikaadv.site\/avviso\/#\/schema\/logo\/image\/"}}]}},"_links":{"self":[{"href":"https:\/\/welaikaadv.site\/avviso\/wp-json\/wp\/v2\/pages\/47089","targetHints":{"allow":["GET"]}}],"collection":[{"href":"https:\/\/welaikaadv.site\/avviso\/wp-json\/wp\/v2\/pages"}],"about":[{"href":"https:\/\/welaikaadv.site\/avviso\/wp-json\/wp\/v2\/types\/page"}],"author":[{"embeddable":true,"href":"https:\/\/welaikaadv.site\/avviso\/wp-json\/wp\/v2\/users\/1"}],"replies":[{"embeddable":true,"href":"https:\/\/welaikaadv.site\/avviso\/wp-json\/wp\/v2\/comments?post=47089"}],"version-history":[{"count":0,"href":"https:\/\/welaikaadv.site\/avviso\/wp-json\/wp\/v2\/pages\/47089\/revisions"}],"up":[{"embeddable":true,"href":"https:\/\/welaikaadv.site\/avviso\/wp-json\/wp\/v2\/pages\/202"}],"wp:attachment":[{"href":"https:\/\/welaikaadv.site\/avviso\/wp-json\/wp\/v2\/media?parent=47089"}],"curies":[{"name":"wp","href":"https:\/\/api.w.org\/{rel}","templated":true}]}}