{"id":47098,"date":"2021-12-09T10:51:29","date_gmt":"2021-12-09T09:51:29","guid":{"rendered":"https:\/\/www.avvisopubblico.it\/home\/?page_id=47098"},"modified":"2021-12-09T10:51:29","modified_gmt":"2021-12-09T09:51:29","slug":"legge-della-regione-campania-per-la-prevenzione-e-la-cura-del-gioco-dazzardo-patologico","status":"publish","type":"page","link":"https:\/\/welaikaadv.site\/avviso\/home\/cosa-facciamo\/informare\/documenti-tematici\/gioco-dazzardo\/legge-della-regione-campania-per-la-prevenzione-e-la-cura-del-gioco-dazzardo-patologico\/","title":{"rendered":"LEGGE DELLA REGIONE CAMPANIA PER LA PREVENZIONE E LA CURA DEL GIOCO D\u2019AZZARDO PATOLOGICO"},"content":{"rendered":"<p><strong>Premessa<\/strong>. La Regione Campania ha approvato una legge per la prevenzione e la cura del disturbo da gioco d\u2019azzardo e per la tutela sanitaria, sociale ed economica delle persone affette e dei loro familiari (<a href=\"https:\/\/welaikaadv.site\/avviso\/wp-content\/uploads\/2020\/03\/Legge-gioco-dazzardo-Campania-.pdf\"><strong>L.R. 2\/2020<\/strong><\/a>), modificata poi dalla <a href=\"https:\/\/welaikaadv.site\/avviso\/wp-content\/uploads\/2020\/06\/13_2020_LR_MODIF._2_2020_DGA_LEGGI_REGIONALI.pdf\"><strong>L.R. 13\/2020<\/strong><\/a>, di cui qui vengono sintetizzati gli aspetti principali.<\/p>\n<p><strong>Competenze della Regione <\/strong>(art. 4). Tra le altre attivit\u00e0, la Regione istituisce uno specifico numero verde, promuove iniziative di formazione e aggiornamento per gli esercenti e gli attori istituzionali operanti nel settore, istituisce un registro di soggetti che vogliono essere inibiti al gioco e cura la realizzazione di una mappa geo-referenziata del luoghi sensibili.<\/p>\n<p><strong>Osservatorio e Piano d\u2019azione regionale <\/strong>(artt. 5-6). \u00c8 istituito \u2013 presso la direzione generale per la tutela della salute \u2013 un Osservatorio regionale sul disturbo da gioco d\u2019azzardo composto da numerosi attori rilevanti in materia (tra cui un rappresentante del terzo settore esperto in problematiche di usura) con compiti di monitoraggio, formulazione di proposte e promozione di indagini epidemiologiche. La Giunta approva il Piano d\u2019azione regionale per la prevenzione, il contrasto e la cura del disturbo da gioco d\u2019azzardo di durata biennale che rende omogeneo su tutto il territorio regionale il sistema di offerta sanitaria e sociosanitaria.<\/p>\n<p><strong>Centro di riferimento regionale e Rete regionale <\/strong>(artt. 10-11). La Giunta individua un centro di riferimento regionale per il trattamento del disturbo da gioco d\u2019azzardo per garantire un rinnovamento negli approcci e promuovere l\u2019uniformit\u00e0 di trattamento. \u00c8 prevista inoltre l\u2019individuazione di una rete regionale per il contrasto al gioco d\u2019azzardo patologico che unisce i servizi pubblici e il privato sociale.<\/p>\n<p><strong>Comuni <\/strong>(art. 7). I Comuni possono regolamentare le distanze dai luoghi sensibili e gli orari di chiusura delle attivit\u00e0 nel rispetto della normativa regionale. Adottano inoltre misure finalizzate alla tutela dei livelli occupazionali esistenti nel settore del gioco e promuovono iniziative culturali specifiche aventi ad oggetto la prevenzione e la cura del disturbo da gioco d\u2019azzardo.<\/p>\n<p><strong>Nuove installazioni, \u201cdistanziometro\u201d e limitazioni orarie <\/strong>(art. 13). \u00c8 vietata la nuova apertura di attivit\u00e0 site a una distanza inferiore a 250 metri da una serie di luoghi sensibili (istituti scolastici o formativi di qualsiasi ordine e grado, comprese le scuole dell\u2019infanzia e i nidi d\u2019infanzia; strutture sanitarie e ospedaliere, incluse quelle dedicate all\u2019accoglienza, all\u2019assistenza e al recupero di soggetti affetti da qualsiasi forma di dipendenza o in particolari condizioni di disagio sociale o che comunque fanno parte di categorie protette; strutture residenziali o semiresidenziali operanti in ambito sanitario, scolastico o socio-assistenziale; luoghi di culto \u2013 art. 3). Tali disposizioni non si applicano alle attivit\u00e0 gi\u00e0 esistenti alla data di entrata in vigore della presente legge a condizione che queste si dotino di una serie di requisiti entro duecentoquaranta giorni.<\/p>\n<p>\u00c8 prevista la sospensione dell\u2019attivit\u00e0 degli apparecchi da intrattenimento dalle 23:00 alle 9:00 e dalle 12.30 alle 14.30 per gli esercizi aventi attivit\u00e0 esclusiva o prevalente differente dal gioco e nei quali non \u00e8 vietato l\u2019accesso ai minori; dalle 2:00 alle 10:00 per gli esercizi aventi il gioco quale attivit\u00e0 esclusiva e prevalente e nei quali \u00e8 vietato l\u2019accesso ai minori.<\/p>\n<p><strong>Gruppi di auto mutuo-aiuto e registro dei soggetti esclusi <\/strong>(artt. 12 e 14). La Regione favorisce la costituzione di gruppi di auto mutuo-aiuto e definisce le modalit\u00e0 di organizzazione e di gestione del Registro regionale dei soggetti che intendono essere inibiti dal gioco con vincite in denaro.<\/p>\n<p><strong>Logo Giornata dedicata <\/strong>(artt. 16-17). La Giunta istituisce il logo regionale \u201cNo Gambling Campania\u201d, rilasciato dai Comuni agli esercenti e ai gestori che rinunciano ad offrire gioco d&#8217;azzardo. Su questa base \u00e8 costituito un albo, titolo di preferenza per eventuali finanziamenti o vantaggi fiscali. \u00c8 istituita la giornata del \u201cNo Gambling\u201d, da celebrarsi il 22 maggio di ogni anno.<\/p>\n<p><strong>Formazione<\/strong> (art. 18). \u00c8 obbligatoria la formazione dei gestori delle attivit\u00e0 e degli esercizi commerciali connessi al gioco d\u2019azzardo. La Regione promuove iniziative di sensibilizzazione e informazione nelle scuole secondarie sui rischi connessi al gioco d\u2019azzardo, anche online.<\/p>\n<p><strong>Sostegno degli esercenti <\/strong>(art. 19). La Giunta pu\u00f2 concedere un contributo massimo del 50% dell\u2019importo della penale prevista per l\u2019esercente che decide di recedere dal contratto di noleggio di apparecchiature per il gioco d\u2019azzardo. La Regione pu\u00f2 inoltre concedere un contributo annuale straordinario, relativo al triennio 2020-2022, ai titolari che rimuovono dai locali l\u2019offerta di gioco.<\/p>\n<p><strong>Assistenza legale <\/strong>(art. 20). Sono attivati appositi percorsi di assistenza legale per persone affette da disturbo da gioco d\u2019azzardo e i loro familiari che hanno problemi di usura e sovraindebitamento e partecipano ad iniziative sanitarie e socio-sanitarie.<\/p>\n<p><strong>Sanzioni <\/strong>(art. 21). Il mancato rispetto della normativa sul \u201cdistanziometro\u201d comporta una sanzione amministrativa compresa tra 5000 e 15000 euro. I Comuni destinano i proventi delle sanzioni a iniziative di prevenzione e recupero delle persone affette da disturbo da gioco d\u2019azzardo.<\/p>\n","protected":false},"excerpt":{"rendered":"<p>Premessa. La Regione Campania ha approvato una legge per la prevenzione e la cura del disturbo da gioco d\u2019azzardo e per la tutela sanitaria, sociale&nbsp;<span class=\"hellipsis\">[&hellip;]<\/span><a class=\"more-link\" href=\"https:\/\/welaikaadv.site\/avviso\/home\/cosa-facciamo\/informare\/documenti-tematici\/gioco-dazzardo\/legge-della-regione-campania-per-la-prevenzione-e-la-cura-del-gioco-dazzardo-patologico\/\">Leggi tutto <span class=\"screen-reader-text\">LEGGE DELLA REGIONE CAMPANIA PER LA PREVENZIONE E LA CURA DEL GIOCO D\u2019AZZARDO PATOLOGICO<\/span> <span class=\"meta-nav\" aria-hidden=\"true\">&rarr;<\/span><\/a><\/p>\n","protected":false},"author":1,"featured_media":0,"parent":202,"menu_order":110,"comment_status":"closed","ping_status":"closed","template":"","meta":{"_acf_changed":false,"_exactmetrics_skip_tracking":false,"_exactmetrics_sitenote_active":false,"_exactmetrics_sitenote_note":"","_exactmetrics_sitenote_category":0,"wp_social_preview_title":"","wp_social_preview_description":"","wp_social_preview_image":0,"footnotes":""},"class_list":["post-47098","page","type-page","status-publish","hentry"],"acf":[],"yoast_head":"<!-- This site is optimized with the Yoast SEO plugin v27.2 - https:\/\/yoast.com\/product\/yoast-seo-wordpress\/ -->\n<title>LEGGE DELLA REGIONE CAMPANIA PER LA PREVENZIONE E LA CURA DEL GIOCO D\u2019AZZARDO PATOLOGICO - Staging Avviso Pubblico<\/title>\n<meta name=\"robots\" content=\"noindex, follow, max-snippet:-1, max-image-preview:large, max-video-preview:-1\" \/>\n<meta property=\"og:locale\" content=\"it_IT\" \/>\n<meta property=\"og:type\" content=\"article\" \/>\n<meta property=\"og:title\" content=\"LEGGE DELLA REGIONE CAMPANIA PER LA PREVENZIONE E LA CURA DEL GIOCO D\u2019AZZARDO PATOLOGICO - Staging Avviso Pubblico\" \/>\n<meta property=\"og:description\" content=\"Premessa. La Regione Campania ha approvato una legge per la prevenzione e la cura del disturbo da gioco d\u2019azzardo e per la tutela sanitaria, sociale&nbsp;[&hellip;]Leggi tutto LEGGE DELLA REGIONE CAMPANIA PER LA PREVENZIONE E LA CURA DEL GIOCO D\u2019AZZARDO PATOLOGICO &rarr;\" \/>\n<meta property=\"og:url\" content=\"https:\/\/welaikaadv.site\/avviso\/home\/cosa-facciamo\/informare\/documenti-tematici\/gioco-dazzardo\/legge-della-regione-campania-per-la-prevenzione-e-la-cura-del-gioco-dazzardo-patologico\/\" \/>\n<meta property=\"og:site_name\" content=\"Staging Avviso Pubblico\" \/>\n<meta name=\"twitter:card\" content=\"summary_large_image\" \/>\n<meta name=\"twitter:label1\" content=\"Tempo di lettura stimato\" \/>\n\t<meta name=\"twitter:data1\" content=\"4 minuti\" \/>\n<script type=\"application\/ld+json\" class=\"yoast-schema-graph\">{\"@context\":\"https:\/\/schema.org\",\"@graph\":[{\"@type\":\"WebPage\",\"@id\":\"https:\/\/welaikaadv.site\/avviso\/home\/cosa-facciamo\/informare\/documenti-tematici\/gioco-dazzardo\/legge-della-regione-campania-per-la-prevenzione-e-la-cura-del-gioco-dazzardo-patologico\/\",\"url\":\"https:\/\/welaikaadv.site\/avviso\/home\/cosa-facciamo\/informare\/documenti-tematici\/gioco-dazzardo\/legge-della-regione-campania-per-la-prevenzione-e-la-cura-del-gioco-dazzardo-patologico\/\",\"name\":\"LEGGE DELLA REGIONE CAMPANIA PER LA PREVENZIONE E LA CURA DEL GIOCO D\u2019AZZARDO PATOLOGICO - Staging Avviso Pubblico\",\"isPartOf\":{\"@id\":\"https:\/\/welaikaadv.site\/avviso\/#website\"},\"datePublished\":\"2021-12-09T09:51:29+00:00\",\"breadcrumb\":{\"@id\":\"https:\/\/welaikaadv.site\/avviso\/home\/cosa-facciamo\/informare\/documenti-tematici\/gioco-dazzardo\/legge-della-regione-campania-per-la-prevenzione-e-la-cura-del-gioco-dazzardo-patologico\/#breadcrumb\"},\"inLanguage\":\"it-IT\",\"potentialAction\":[{\"@type\":\"ReadAction\",\"target\":[\"https:\/\/welaikaadv.site\/avviso\/home\/cosa-facciamo\/informare\/documenti-tematici\/gioco-dazzardo\/legge-della-regione-campania-per-la-prevenzione-e-la-cura-del-gioco-dazzardo-patologico\/\"]}]},{\"@type\":\"BreadcrumbList\",\"@id\":\"https:\/\/welaikaadv.site\/avviso\/home\/cosa-facciamo\/informare\/documenti-tematici\/gioco-dazzardo\/legge-della-regione-campania-per-la-prevenzione-e-la-cura-del-gioco-dazzardo-patologico\/#breadcrumb\",\"itemListElement\":[{\"@type\":\"ListItem\",\"position\":1,\"name\":\"Home\",\"item\":\"https:\/\/welaikaadv.site\/avviso\/\"},{\"@type\":\"ListItem\",\"position\":2,\"name\":\"LEGGE DELLA REGIONE CAMPANIA PER LA PREVENZIONE E LA CURA DEL GIOCO D\u2019AZZARDO PATOLOGICO\"}]},{\"@type\":\"WebSite\",\"@id\":\"https:\/\/welaikaadv.site\/avviso\/#website\",\"url\":\"https:\/\/welaikaadv.site\/avviso\/\",\"name\":\"Staging Avviso Pubblico\",\"description\":\"\",\"publisher\":{\"@id\":\"https:\/\/welaikaadv.site\/avviso\/#organization\"},\"potentialAction\":[{\"@type\":\"SearchAction\",\"target\":{\"@type\":\"EntryPoint\",\"urlTemplate\":\"https:\/\/welaikaadv.site\/avviso\/?s={search_term_string}\"},\"query-input\":{\"@type\":\"PropertyValueSpecification\",\"valueRequired\":true,\"valueName\":\"search_term_string\"}}],\"inLanguage\":\"it-IT\"},{\"@type\":\"Organization\",\"@id\":\"https:\/\/welaikaadv.site\/avviso\/#organization\",\"name\":\"Staging Avviso Pubblico\",\"url\":\"https:\/\/welaikaadv.site\/avviso\/\",\"logo\":{\"@type\":\"ImageObject\",\"inLanguage\":\"it-IT\",\"@id\":\"https:\/\/welaikaadv.site\/avviso\/#\/schema\/logo\/image\/\",\"url\":\"https:\/\/welaikaadv.site\/avviso\/wp-content\/uploads\/2024\/08\/logoAPsito-400.png\",\"contentUrl\":\"https:\/\/welaikaadv.site\/avviso\/wp-content\/uploads\/2024\/08\/logoAPsito-400.png\",\"width\":400,\"height\":97,\"caption\":\"Staging Avviso Pubblico\"},\"image\":{\"@id\":\"https:\/\/welaikaadv.site\/avviso\/#\/schema\/logo\/image\/\"}}]}<\/script>\n<!-- \/ Yoast SEO plugin. -->","yoast_head_json":{"title":"LEGGE DELLA REGIONE CAMPANIA PER LA PREVENZIONE E LA CURA DEL GIOCO D\u2019AZZARDO PATOLOGICO - Staging Avviso Pubblico","robots":{"index":"noindex","follow":"follow","max-snippet":"max-snippet:-1","max-image-preview":"max-image-preview:large","max-video-preview":"max-video-preview:-1"},"og_locale":"it_IT","og_type":"article","og_title":"LEGGE DELLA REGIONE CAMPANIA PER LA PREVENZIONE E LA CURA DEL GIOCO D\u2019AZZARDO PATOLOGICO - Staging Avviso Pubblico","og_description":"Premessa. La Regione Campania ha approvato una legge per la prevenzione e la cura del disturbo da gioco d\u2019azzardo e per la tutela sanitaria, sociale&nbsp;[&hellip;]Leggi tutto LEGGE DELLA REGIONE CAMPANIA PER LA PREVENZIONE E LA CURA DEL GIOCO D\u2019AZZARDO PATOLOGICO &rarr;","og_url":"https:\/\/welaikaadv.site\/avviso\/home\/cosa-facciamo\/informare\/documenti-tematici\/gioco-dazzardo\/legge-della-regione-campania-per-la-prevenzione-e-la-cura-del-gioco-dazzardo-patologico\/","og_site_name":"Staging Avviso Pubblico","twitter_card":"summary_large_image","twitter_misc":{"Tempo di lettura stimato":"4 minuti"},"schema":{"@context":"https:\/\/schema.org","@graph":[{"@type":"WebPage","@id":"https:\/\/welaikaadv.site\/avviso\/home\/cosa-facciamo\/informare\/documenti-tematici\/gioco-dazzardo\/legge-della-regione-campania-per-la-prevenzione-e-la-cura-del-gioco-dazzardo-patologico\/","url":"https:\/\/welaikaadv.site\/avviso\/home\/cosa-facciamo\/informare\/documenti-tematici\/gioco-dazzardo\/legge-della-regione-campania-per-la-prevenzione-e-la-cura-del-gioco-dazzardo-patologico\/","name":"LEGGE DELLA REGIONE CAMPANIA PER LA PREVENZIONE E LA CURA DEL GIOCO D\u2019AZZARDO PATOLOGICO - Staging Avviso Pubblico","isPartOf":{"@id":"https:\/\/welaikaadv.site\/avviso\/#website"},"datePublished":"2021-12-09T09:51:29+00:00","breadcrumb":{"@id":"https:\/\/welaikaadv.site\/avviso\/home\/cosa-facciamo\/informare\/documenti-tematici\/gioco-dazzardo\/legge-della-regione-campania-per-la-prevenzione-e-la-cura-del-gioco-dazzardo-patologico\/#breadcrumb"},"inLanguage":"it-IT","potentialAction":[{"@type":"ReadAction","target":["https:\/\/welaikaadv.site\/avviso\/home\/cosa-facciamo\/informare\/documenti-tematici\/gioco-dazzardo\/legge-della-regione-campania-per-la-prevenzione-e-la-cura-del-gioco-dazzardo-patologico\/"]}]},{"@type":"BreadcrumbList","@id":"https:\/\/welaikaadv.site\/avviso\/home\/cosa-facciamo\/informare\/documenti-tematici\/gioco-dazzardo\/legge-della-regione-campania-per-la-prevenzione-e-la-cura-del-gioco-dazzardo-patologico\/#breadcrumb","itemListElement":[{"@type":"ListItem","position":1,"name":"Home","item":"https:\/\/welaikaadv.site\/avviso\/"},{"@type":"ListItem","position":2,"name":"LEGGE DELLA REGIONE CAMPANIA PER LA PREVENZIONE E LA CURA DEL GIOCO D\u2019AZZARDO PATOLOGICO"}]},{"@type":"WebSite","@id":"https:\/\/welaikaadv.site\/avviso\/#website","url":"https:\/\/welaikaadv.site\/avviso\/","name":"Staging Avviso Pubblico","description":"","publisher":{"@id":"https:\/\/welaikaadv.site\/avviso\/#organization"},"potentialAction":[{"@type":"SearchAction","target":{"@type":"EntryPoint","urlTemplate":"https:\/\/welaikaadv.site\/avviso\/?s={search_term_string}"},"query-input":{"@type":"PropertyValueSpecification","valueRequired":true,"valueName":"search_term_string"}}],"inLanguage":"it-IT"},{"@type":"Organization","@id":"https:\/\/welaikaadv.site\/avviso\/#organization","name":"Staging Avviso Pubblico","url":"https:\/\/welaikaadv.site\/avviso\/","logo":{"@type":"ImageObject","inLanguage":"it-IT","@id":"https:\/\/welaikaadv.site\/avviso\/#\/schema\/logo\/image\/","url":"https:\/\/welaikaadv.site\/avviso\/wp-content\/uploads\/2024\/08\/logoAPsito-400.png","contentUrl":"https:\/\/welaikaadv.site\/avviso\/wp-content\/uploads\/2024\/08\/logoAPsito-400.png","width":400,"height":97,"caption":"Staging Avviso Pubblico"},"image":{"@id":"https:\/\/welaikaadv.site\/avviso\/#\/schema\/logo\/image\/"}}]}},"_links":{"self":[{"href":"https:\/\/welaikaadv.site\/avviso\/wp-json\/wp\/v2\/pages\/47098","targetHints":{"allow":["GET"]}}],"collection":[{"href":"https:\/\/welaikaadv.site\/avviso\/wp-json\/wp\/v2\/pages"}],"about":[{"href":"https:\/\/welaikaadv.site\/avviso\/wp-json\/wp\/v2\/types\/page"}],"author":[{"embeddable":true,"href":"https:\/\/welaikaadv.site\/avviso\/wp-json\/wp\/v2\/users\/1"}],"replies":[{"embeddable":true,"href":"https:\/\/welaikaadv.site\/avviso\/wp-json\/wp\/v2\/comments?post=47098"}],"version-history":[{"count":0,"href":"https:\/\/welaikaadv.site\/avviso\/wp-json\/wp\/v2\/pages\/47098\/revisions"}],"up":[{"embeddable":true,"href":"https:\/\/welaikaadv.site\/avviso\/wp-json\/wp\/v2\/pages\/202"}],"wp:attachment":[{"href":"https:\/\/welaikaadv.site\/avviso\/wp-json\/wp\/v2\/media?parent=47098"}],"curies":[{"name":"wp","href":"https:\/\/api.w.org\/{rel}","templated":true}]}}