{"id":47205,"date":"2024-02-15T10:16:24","date_gmt":"2024-02-15T09:16:24","guid":{"rendered":"https:\/\/www.avvisopubblico.it\/home\/?page_id=47205"},"modified":"2024-02-15T10:16:24","modified_gmt":"2024-02-15T09:16:24","slug":"legge-della-regione-sicilia-per-la-prevenzione-e-il-trattamento-del-disturbo-da-gioco-dazzardo","status":"publish","type":"page","link":"https:\/\/welaikaadv.site\/avviso\/home\/cosa-facciamo\/informare\/documenti-tematici\/gioco-dazzardo\/legge-della-regione-sicilia-per-la-prevenzione-e-il-trattamento-del-disturbo-da-gioco-dazzardo\/","title":{"rendered":"LEGGE DELLA REGIONE SICILIA PER LA PREVENZIONE E IL TRATTAMENTO DEL DISTURBO DA GIOCO D\u2019AZZARDO"},"content":{"rendered":"<p><strong>Premessa<\/strong>. La Regione Sicilia ha approvato una legge per la prevenzione e il trattamento del disturbo da gioco d\u2019azzardo (L.R. 24\/2020 e successive modifiche) di cui qui vengono analizzati gli aspetti principali.<\/p>\n<p><strong>Osservatorio regionale <\/strong>(art. 3). \u00c8 istituito, presso il Dipartimento delle attivit\u00e0 sanitarie, l\u2019Osservatorio regionale sul disturbo da gioco d\u2019azzardo che ha il dovere di relazionare annualmente sull\u2019offerta del gioco; monitorare e studiare il fenomeno; formulare pareri e proposte. L\u2019Osservatorio \u00e8 costituito da numerosi attori, compreso un rappresentante delle fondazioni e\/o associazioni riconosciute per la prevenzione del fenomeno dell\u2019usura.<\/p>\n<p><strong>Soggetti inibiti al gioco <\/strong>(art. 4). La Regione istituisce un elenco di persone che intendono essere inibite al gioco con vincite in denaro. L\u2019iscrizione \u00e8 su base volontaria e pu\u00f2 essere effettuata per un periodo definito, almeno semestrale, o a tempo indeterminato.<\/p>\n<p><strong>La Regione<\/strong> (art. 5). Tra le altre attivit\u00e0, la Regione: istituisce un numero verde per segnalazioni e richieste di aiuto; promuove la conoscenza, l\u2019informazione e l\u2019aggiornamento degli esercenti e di altri attori istituzionali; sostiene le famiglie e le associazioni\/fondazioni antiusura. L\u2019assessore regionale per la salute, con cadenza biennale, adotta il Piano per il contrasto, la prevenzione e la riduzione del rischio della dipendenza dal gioco patologico.<\/p>\n<p><strong>Marchio regionale<\/strong> (art. 5). La Regione rilascia il marchio \u201cSlot? No Grazie!\u201d agli esercenti e ai gestori di luoghi deputati all\u2019intrattenimento che decidono di non installare le apparecchiature per il gioco d\u2019azzardo.<\/p>\n<p><strong>Nuove installazioni e \u201cdistanziometro\u201d <\/strong>(art. 6). \u00c8 vietata l\u2019apertura di centri scommesse e la nuova installazione di apparecchi per il gioco che siano collocati a una distanza inferiore a 300 metri (per i comuni sotto i 50.000 abitanti) o 500 metri (per i comuni sopra i 50.000 abitanti) da una serie di luoghi sensibili (indicati nell\u2019art. 1): istituti scolastici di ogni ordine e grado, incluse le universit\u00e0 e ogni altra struttura formativa; luoghi di culto; strutture sanitarie ed ospedaliere, incluse quelle dedicate all\u2019accoglienza, all\u2019assistenza e al recupero di soggetti affetti da qualsiasi forma di dipendenza o in particolari condizioni di disagio sociale o che, comunque, fanno parte di categorie protette; luoghi di aggregazione giovanile, inclusi gli impianti sportivi; caserme; centri di aggregazione di anziani; cimiteri e camere mortuarie.<\/p>\n<p><strong>Comuni <\/strong>(art. 1 e art. 6). I Comuni possono individuare ulteriori luoghi sensibili e contingentare il numero delle sale da gioco esistenti sul proprio territorio, tenendo conto che la regolamentazione non potr\u00e0 avere effetto retroattivo e dovr\u00e0 salvaguardare le attivit\u00e0 gi\u00e0 esistenti. I Comuni possono prevedere forme premianti per gli esercizi \u201cSlot? No Grazie!\u201d. Spetta, infine, ai Comuni prevedere sospensioni orarie per le attivit\u00e0 di gioco con vincita in denaro nella fascia notturna e nella fascia oraria di ingresso e uscita da scuola.<\/p>\n<p><strong>Sanzioni <\/strong>(art. 8). La violazione delle disposizioni relative al \u201cdistanziometro\u201d \u00e8 punita con una sanzione amministrativa compresa tra 2.000 e 10.000 euro. I Comuni destinano i proventi delle sanzioni a sostegno di iniziative promosse dalle associazioni a tutela dei diritti dei consumatori e degli utenti, dalle associazioni di familiari vittime del gioco d\u2019azzardo volte al recupero dei soggetti patologici o in alternativa a finalit\u00e0 di carattere sociale e assistenziale.<\/p>\n<p><span style=\"text-decoration: underline;\"><strong>MODIFICHE INTERVENUTE<\/strong> <\/span>&#8211; <a href=\"http:\/\/www.gurs.regione.sicilia.it\/Gazzette\/g24-07\/g24-07.pdf\"><strong>Legge regionale febbraio 2024, n. 3<\/strong><\/a><strong>. Disposizioni varie e finanziarie.<\/strong><\/p>\n<p>L\u2019art. 44 della LR 3\/2024 interviene sul distanziometro di cui all\u2019art. 6 della <a href=\"https:\/\/www.gazzettaufficiale.it\/atto\/regioni\/caricaDettaglioAtto\/originario?atto.dataPubblicazioneGazzetta=2021-04-10&amp;atto.codiceRedazionale=21R00042\">LR 24\/2020<\/a>.<\/p>\n<p>In particolare si prevede che:<\/p>\n<ul>\n<li>non \u00e8 considerata nuova installazione o nuova apertura il cambio della titolarit\u00e0 dell\u2019esercizio, il cambio del rappresentante legale, il cambio del concessionario e il cambio della ditta proprietaria degli apparecchi;<\/li>\n<li>il distanziometro non si applichi alle rivendite di tabacchi e ricevitorie lotto (soggetti al rispetto dei parametri distanziali previsti dall&#8217;articolo 2 del decreto ministeriale \u201cdistribuzione e vendita prodotti da fumo\u201d).<\/li>\n<\/ul>\n<p>&nbsp;<\/p>\n","protected":false},"excerpt":{"rendered":"<p>Premessa. La Regione Sicilia ha approvato una legge per la prevenzione e il trattamento del disturbo da gioco d\u2019azzardo (L.R. 24\/2020 e successive modifiche) di&nbsp;<span class=\"hellipsis\">[&hellip;]<\/span><a class=\"more-link\" href=\"https:\/\/welaikaadv.site\/avviso\/home\/cosa-facciamo\/informare\/documenti-tematici\/gioco-dazzardo\/legge-della-regione-sicilia-per-la-prevenzione-e-il-trattamento-del-disturbo-da-gioco-dazzardo\/\">Leggi tutto <span class=\"screen-reader-text\">LEGGE DELLA REGIONE SICILIA PER LA PREVENZIONE E IL TRATTAMENTO DEL DISTURBO DA GIOCO D\u2019AZZARDO<\/span> <span class=\"meta-nav\" aria-hidden=\"true\">&rarr;<\/span><\/a><\/p>\n","protected":false},"author":1,"featured_media":0,"parent":202,"menu_order":110,"comment_status":"closed","ping_status":"closed","template":"","meta":{"_acf_changed":false,"_exactmetrics_skip_tracking":false,"_exactmetrics_sitenote_active":false,"_exactmetrics_sitenote_note":"","_exactmetrics_sitenote_category":0,"wp_social_preview_title":"","wp_social_preview_description":"","wp_social_preview_image":0,"footnotes":""},"class_list":["post-47205","page","type-page","status-publish","hentry"],"acf":[],"yoast_head":"<!-- This site is optimized with the Yoast SEO plugin v27.2 - https:\/\/yoast.com\/product\/yoast-seo-wordpress\/ -->\n<title>LEGGE DELLA REGIONE SICILIA PER LA PREVENZIONE E IL TRATTAMENTO DEL DISTURBO DA GIOCO D\u2019AZZARDO - Staging Avviso Pubblico<\/title>\n<meta name=\"robots\" content=\"noindex, follow, max-snippet:-1, max-image-preview:large, max-video-preview:-1\" \/>\n<meta property=\"og:locale\" content=\"it_IT\" \/>\n<meta property=\"og:type\" content=\"article\" \/>\n<meta property=\"og:title\" content=\"LEGGE DELLA REGIONE SICILIA PER LA PREVENZIONE E IL TRATTAMENTO DEL DISTURBO DA GIOCO D\u2019AZZARDO - Staging Avviso Pubblico\" \/>\n<meta property=\"og:description\" content=\"Premessa. La Regione Sicilia ha approvato una legge per la prevenzione e il trattamento del disturbo da gioco d\u2019azzardo (L.R. 24\/2020 e successive modifiche) di&nbsp;[&hellip;]Leggi tutto LEGGE DELLA REGIONE SICILIA PER LA PREVENZIONE E IL TRATTAMENTO DEL DISTURBO DA GIOCO D\u2019AZZARDO &rarr;\" \/>\n<meta property=\"og:url\" content=\"https:\/\/welaikaadv.site\/avviso\/home\/cosa-facciamo\/informare\/documenti-tematici\/gioco-dazzardo\/legge-della-regione-sicilia-per-la-prevenzione-e-il-trattamento-del-disturbo-da-gioco-dazzardo\/\" \/>\n<meta property=\"og:site_name\" content=\"Staging Avviso Pubblico\" \/>\n<meta name=\"twitter:card\" content=\"summary_large_image\" \/>\n<meta name=\"twitter:label1\" content=\"Tempo di lettura stimato\" \/>\n\t<meta name=\"twitter:data1\" content=\"4 minuti\" \/>\n<script type=\"application\/ld+json\" class=\"yoast-schema-graph\">{\"@context\":\"https:\/\/schema.org\",\"@graph\":[{\"@type\":\"WebPage\",\"@id\":\"https:\/\/welaikaadv.site\/avviso\/home\/cosa-facciamo\/informare\/documenti-tematici\/gioco-dazzardo\/legge-della-regione-sicilia-per-la-prevenzione-e-il-trattamento-del-disturbo-da-gioco-dazzardo\/\",\"url\":\"https:\/\/welaikaadv.site\/avviso\/home\/cosa-facciamo\/informare\/documenti-tematici\/gioco-dazzardo\/legge-della-regione-sicilia-per-la-prevenzione-e-il-trattamento-del-disturbo-da-gioco-dazzardo\/\",\"name\":\"LEGGE DELLA REGIONE SICILIA PER LA PREVENZIONE E IL TRATTAMENTO DEL DISTURBO DA GIOCO D\u2019AZZARDO - Staging Avviso Pubblico\",\"isPartOf\":{\"@id\":\"https:\/\/welaikaadv.site\/avviso\/#website\"},\"datePublished\":\"2024-02-15T09:16:24+00:00\",\"breadcrumb\":{\"@id\":\"https:\/\/welaikaadv.site\/avviso\/home\/cosa-facciamo\/informare\/documenti-tematici\/gioco-dazzardo\/legge-della-regione-sicilia-per-la-prevenzione-e-il-trattamento-del-disturbo-da-gioco-dazzardo\/#breadcrumb\"},\"inLanguage\":\"it-IT\",\"potentialAction\":[{\"@type\":\"ReadAction\",\"target\":[\"https:\/\/welaikaadv.site\/avviso\/home\/cosa-facciamo\/informare\/documenti-tematici\/gioco-dazzardo\/legge-della-regione-sicilia-per-la-prevenzione-e-il-trattamento-del-disturbo-da-gioco-dazzardo\/\"]}]},{\"@type\":\"BreadcrumbList\",\"@id\":\"https:\/\/welaikaadv.site\/avviso\/home\/cosa-facciamo\/informare\/documenti-tematici\/gioco-dazzardo\/legge-della-regione-sicilia-per-la-prevenzione-e-il-trattamento-del-disturbo-da-gioco-dazzardo\/#breadcrumb\",\"itemListElement\":[{\"@type\":\"ListItem\",\"position\":1,\"name\":\"Home\",\"item\":\"https:\/\/welaikaadv.site\/avviso\/\"},{\"@type\":\"ListItem\",\"position\":2,\"name\":\"LEGGE DELLA REGIONE SICILIA PER LA PREVENZIONE E IL TRATTAMENTO DEL DISTURBO DA GIOCO D\u2019AZZARDO\"}]},{\"@type\":\"WebSite\",\"@id\":\"https:\/\/welaikaadv.site\/avviso\/#website\",\"url\":\"https:\/\/welaikaadv.site\/avviso\/\",\"name\":\"Staging Avviso Pubblico\",\"description\":\"\",\"publisher\":{\"@id\":\"https:\/\/welaikaadv.site\/avviso\/#organization\"},\"potentialAction\":[{\"@type\":\"SearchAction\",\"target\":{\"@type\":\"EntryPoint\",\"urlTemplate\":\"https:\/\/welaikaadv.site\/avviso\/?s={search_term_string}\"},\"query-input\":{\"@type\":\"PropertyValueSpecification\",\"valueRequired\":true,\"valueName\":\"search_term_string\"}}],\"inLanguage\":\"it-IT\"},{\"@type\":\"Organization\",\"@id\":\"https:\/\/welaikaadv.site\/avviso\/#organization\",\"name\":\"Staging Avviso Pubblico\",\"url\":\"https:\/\/welaikaadv.site\/avviso\/\",\"logo\":{\"@type\":\"ImageObject\",\"inLanguage\":\"it-IT\",\"@id\":\"https:\/\/welaikaadv.site\/avviso\/#\/schema\/logo\/image\/\",\"url\":\"https:\/\/welaikaadv.site\/avviso\/wp-content\/uploads\/2024\/08\/logoAPsito-400.png\",\"contentUrl\":\"https:\/\/welaikaadv.site\/avviso\/wp-content\/uploads\/2024\/08\/logoAPsito-400.png\",\"width\":400,\"height\":97,\"caption\":\"Staging Avviso Pubblico\"},\"image\":{\"@id\":\"https:\/\/welaikaadv.site\/avviso\/#\/schema\/logo\/image\/\"}}]}<\/script>\n<!-- \/ Yoast SEO plugin. -->","yoast_head_json":{"title":"LEGGE DELLA REGIONE SICILIA PER LA PREVENZIONE E IL TRATTAMENTO DEL DISTURBO DA GIOCO D\u2019AZZARDO - Staging Avviso Pubblico","robots":{"index":"noindex","follow":"follow","max-snippet":"max-snippet:-1","max-image-preview":"max-image-preview:large","max-video-preview":"max-video-preview:-1"},"og_locale":"it_IT","og_type":"article","og_title":"LEGGE DELLA REGIONE SICILIA PER LA PREVENZIONE E IL TRATTAMENTO DEL DISTURBO DA GIOCO D\u2019AZZARDO - Staging Avviso Pubblico","og_description":"Premessa. La Regione Sicilia ha approvato una legge per la prevenzione e il trattamento del disturbo da gioco d\u2019azzardo (L.R. 24\/2020 e successive modifiche) di&nbsp;[&hellip;]Leggi tutto LEGGE DELLA REGIONE SICILIA PER LA PREVENZIONE E IL TRATTAMENTO DEL DISTURBO DA GIOCO D\u2019AZZARDO &rarr;","og_url":"https:\/\/welaikaadv.site\/avviso\/home\/cosa-facciamo\/informare\/documenti-tematici\/gioco-dazzardo\/legge-della-regione-sicilia-per-la-prevenzione-e-il-trattamento-del-disturbo-da-gioco-dazzardo\/","og_site_name":"Staging Avviso Pubblico","twitter_card":"summary_large_image","twitter_misc":{"Tempo di lettura stimato":"4 minuti"},"schema":{"@context":"https:\/\/schema.org","@graph":[{"@type":"WebPage","@id":"https:\/\/welaikaadv.site\/avviso\/home\/cosa-facciamo\/informare\/documenti-tematici\/gioco-dazzardo\/legge-della-regione-sicilia-per-la-prevenzione-e-il-trattamento-del-disturbo-da-gioco-dazzardo\/","url":"https:\/\/welaikaadv.site\/avviso\/home\/cosa-facciamo\/informare\/documenti-tematici\/gioco-dazzardo\/legge-della-regione-sicilia-per-la-prevenzione-e-il-trattamento-del-disturbo-da-gioco-dazzardo\/","name":"LEGGE DELLA REGIONE SICILIA PER LA PREVENZIONE E IL TRATTAMENTO DEL DISTURBO DA GIOCO D\u2019AZZARDO - Staging Avviso Pubblico","isPartOf":{"@id":"https:\/\/welaikaadv.site\/avviso\/#website"},"datePublished":"2024-02-15T09:16:24+00:00","breadcrumb":{"@id":"https:\/\/welaikaadv.site\/avviso\/home\/cosa-facciamo\/informare\/documenti-tematici\/gioco-dazzardo\/legge-della-regione-sicilia-per-la-prevenzione-e-il-trattamento-del-disturbo-da-gioco-dazzardo\/#breadcrumb"},"inLanguage":"it-IT","potentialAction":[{"@type":"ReadAction","target":["https:\/\/welaikaadv.site\/avviso\/home\/cosa-facciamo\/informare\/documenti-tematici\/gioco-dazzardo\/legge-della-regione-sicilia-per-la-prevenzione-e-il-trattamento-del-disturbo-da-gioco-dazzardo\/"]}]},{"@type":"BreadcrumbList","@id":"https:\/\/welaikaadv.site\/avviso\/home\/cosa-facciamo\/informare\/documenti-tematici\/gioco-dazzardo\/legge-della-regione-sicilia-per-la-prevenzione-e-il-trattamento-del-disturbo-da-gioco-dazzardo\/#breadcrumb","itemListElement":[{"@type":"ListItem","position":1,"name":"Home","item":"https:\/\/welaikaadv.site\/avviso\/"},{"@type":"ListItem","position":2,"name":"LEGGE DELLA REGIONE SICILIA PER LA PREVENZIONE E IL TRATTAMENTO DEL DISTURBO DA GIOCO D\u2019AZZARDO"}]},{"@type":"WebSite","@id":"https:\/\/welaikaadv.site\/avviso\/#website","url":"https:\/\/welaikaadv.site\/avviso\/","name":"Staging Avviso Pubblico","description":"","publisher":{"@id":"https:\/\/welaikaadv.site\/avviso\/#organization"},"potentialAction":[{"@type":"SearchAction","target":{"@type":"EntryPoint","urlTemplate":"https:\/\/welaikaadv.site\/avviso\/?s={search_term_string}"},"query-input":{"@type":"PropertyValueSpecification","valueRequired":true,"valueName":"search_term_string"}}],"inLanguage":"it-IT"},{"@type":"Organization","@id":"https:\/\/welaikaadv.site\/avviso\/#organization","name":"Staging Avviso Pubblico","url":"https:\/\/welaikaadv.site\/avviso\/","logo":{"@type":"ImageObject","inLanguage":"it-IT","@id":"https:\/\/welaikaadv.site\/avviso\/#\/schema\/logo\/image\/","url":"https:\/\/welaikaadv.site\/avviso\/wp-content\/uploads\/2024\/08\/logoAPsito-400.png","contentUrl":"https:\/\/welaikaadv.site\/avviso\/wp-content\/uploads\/2024\/08\/logoAPsito-400.png","width":400,"height":97,"caption":"Staging Avviso Pubblico"},"image":{"@id":"https:\/\/welaikaadv.site\/avviso\/#\/schema\/logo\/image\/"}}]}},"_links":{"self":[{"href":"https:\/\/welaikaadv.site\/avviso\/wp-json\/wp\/v2\/pages\/47205","targetHints":{"allow":["GET"]}}],"collection":[{"href":"https:\/\/welaikaadv.site\/avviso\/wp-json\/wp\/v2\/pages"}],"about":[{"href":"https:\/\/welaikaadv.site\/avviso\/wp-json\/wp\/v2\/types\/page"}],"author":[{"embeddable":true,"href":"https:\/\/welaikaadv.site\/avviso\/wp-json\/wp\/v2\/users\/1"}],"replies":[{"embeddable":true,"href":"https:\/\/welaikaadv.site\/avviso\/wp-json\/wp\/v2\/comments?post=47205"}],"version-history":[{"count":0,"href":"https:\/\/welaikaadv.site\/avviso\/wp-json\/wp\/v2\/pages\/47205\/revisions"}],"up":[{"embeddable":true,"href":"https:\/\/welaikaadv.site\/avviso\/wp-json\/wp\/v2\/pages\/202"}],"wp:attachment":[{"href":"https:\/\/welaikaadv.site\/avviso\/wp-json\/wp\/v2\/media?parent=47205"}],"curies":[{"name":"wp","href":"https:\/\/api.w.org\/{rel}","templated":true}]}}