{"id":47207,"date":"2023-12-15T11:18:51","date_gmt":"2023-12-15T10:18:51","guid":{"rendered":"https:\/\/www.avvisopubblico.it\/home\/?page_id=47207"},"modified":"2023-12-15T11:18:51","modified_gmt":"2023-12-15T10:18:51","slug":"legge-della-regione-friuli-venezia-giulia-per-la-prevenzione-il-trattamento-e-il-contrasto-della-dipendenza-da-gioco-dazzardo","status":"publish","type":"page","link":"https:\/\/welaikaadv.site\/avviso\/home\/cosa-facciamo\/informare\/documenti-tematici\/gioco-dazzardo\/legge-della-regione-friuli-venezia-giulia-per-la-prevenzione-il-trattamento-e-il-contrasto-della-dipendenza-da-gioco-dazzardo\/","title":{"rendered":"LEGGE DELLA REGIONE FRIULI VENEZIA GIULIA PER LA PREVENZIONE, IL TRATTAMENTO E IL CONTRASTO DELLA DIPENDENZA DA GIOCO D\u2019AZZARDO"},"content":{"rendered":"<p><strong>Premessa<\/strong>. La Regione Friuli Venezia Giulia ha approvato una legge per la prevenzione, il trattamento e il contrasto della dipendenza da gioco d\u2019azzardo, nonch\u00e9 delle problematiche e patologie correlate (<a href=\"https:\/\/lexview-int.regione.fvg.it\/FontiNormative\/xml\/xmllex.aspx?anno=2017&amp;legge=26\">L.R. 1\/2014 e successive modifiche e integrazioni<\/a>) di cui qui vengono analizzati gli aspetti principali.<\/p>\n<p><strong>La Regione<\/strong> (art. 5). Tra le altre attivit\u00e0, la Regione agisce in collaborazione con altre istituzioni attraverso lo strumento dei Piani di zona (PDZ) e dei Piani attuativi locali (PAL) e collabora con le associazioni di categoria e del terzo settore per predisporre e promuovere un codice etico di autoregolamentazione finalizzato anche alla prevenzione della malavita organizzata. Per il tramite delle Aziende sanitarie, la Regione inoltre promuove luoghi di socializzazione per contrastare la solitudine degli anziani e dei giovani; si impegna a promuovere la formazione e l\u2019aggiornamento degli esercenti e degli operatori del settore nonch\u00e9 degli altri attori coinvolti nel contrasto al GAP; istituisce un numero verde regionale per le segnalazioni e le richieste di aiuto. Per quanto riguarda la concessione di finanziamenti, benefici e vantaggi economici regionali, costituisce requisito essenziale l\u2019assenza di apparecchi da gioco nei locali.<\/p>\n<p><strong>Marchio regionale <\/strong>(art. 5). La Regione istituisce un marchio regionale da rilasciare agli esercizi e ad altri luoghi deputati all\u2019intrattenimento che scelgono di non installare o di disinstallare tutti gli apparecchi da gioco lecito.<\/p>\n<p>\u201c<strong>Distanziometro\u201d <\/strong>(art. 6). \u00c8 vietata l\u2019installazione di apparecchi per il gioco e l\u2019attivit\u00e0 di raccolta di scommesse entro 500 metri da una serie di luoghi sensibili (individuati dall\u2019art. 2): istituti scolastici di ogni ordine e grado; centri preposti alla formazione professionale; luoghi di culto, relativi alle confessioni religiose; impianti sportivi; strutture residenziali o semiresidenziali operanti in ambito sanitario o sociosanitario; strutture ricettive per categorie protette; luoghi di aggregazione giovanile, compresi le ludoteche, i ricreatori, gli oratori e le biblioteche; luoghi di aggregazione per anziani definiti con apposito atto da parte di ogni Comune; istituti di credito e gli sportelli bancomat; esercizi di compravendita di oggetti preziosi e oro usati; stazioni ferroviarie. Il divieto non si applica se l\u2019insediamento del luogo considerato sensibile \u00e8 successivo alla data di installazione degli apparecchi per il gioco o dell\u2019attivit\u00e0 di raccolta scommesse.<\/p>\n<p>La L.R. 13\/2021 ha prorogato i termini di adeguamento alla normativa per le attivit\u00e0 gi\u00e0 in essere: cinque anni per le sale gioco e le sale scommesse ed entro il termine delle concessioni governative per le altre attivit\u00e0.<\/p>\n<p><strong>Comuni <\/strong>(art. 6). I Comuni possono individuare ulteriori luoghi sensibili e hanno il compito di stabilire gli orari di apertura delle sale da gioco, rispettando questi limiti: per le sale gioco autorizzate, non oltre le tredici ore giornaliere; negli altri esercizi commerciali (dove gli apparecchi sono installati come attivit\u00e0 complementari), non oltre le otto ore giornaliere. I Comuni stabiliscono anche l\u2019importo delle relative sanzioni amministrative e sono tenuti a trasmettere ogni anno alla Regione lo stato di avanzamento delle prescrizioni di propria competenza.<\/p>\n<p><strong>Divieto di pubblicit\u00e0 <\/strong>(art. 6). \u00c8 vietata qualsiasi attivit\u00e0 pubblicitaria relativa all\u2019apertura o all\u2019esercizio di sale da gioco e sale scommesse.<\/p>\n<p><strong>Tavolo tecnico <\/strong>(art. 8). \u00c8 istituito, presso l\u2019Osservatorio regionale sulle dipendenze, il Tavolo tecnico regionale Gioco d\u2019Azzardo Patologico finalizzato a realizzare campagne informative e di sensibilizzazione, studiare e monitorare il fenomeno del GAP producendo una relazione annuale, individuare buone prassi e formulare proposte e pareri.<\/p>\n<p><strong>Disposizioni in materia di IRAP e incentivi <\/strong>(art. 8<em>bis<\/em> e 8<em>ter<\/em>). A decorrere dal periodo di imposta in corso al 1\u00b0 gennaio 2018, \u00e8 prevista una maggiorazione dell\u2019IRAP dello 0,92% per gli esercizi in cui sono installati apparecchi per il gioco lecito e una pari diminuzione per gli esercizi in cui questi sono stati disinstallati (per i tre periodi di imposta successivi alla disinstallazione). La riduzione di aliquota non si applica alle sale scommesse. Sono inoltre previsti contributi per la copertura delle spese di riconversione delle sale in cui vengono disinstallati gli apparecchi da gioco, nella misura del 90% della spesa ammissibile e fino a un massimo di 5.000 euro.<\/p>\n<p><strong>Sanzioni <\/strong>(art. 9). L\u2019inosservanza delle disposizioni relative al \u201cdistanziometro\u201d prevede una sanzione compresa tra 5.000 e 15.000 euro. La violazione del divieto di pubblicit\u00e0 \u00e8 punita con una sanzione amministrativa tra i 1.000 e i 5.000 euro.<\/p>\n<p><span style=\"text-decoration: underline;\"><strong>MODIFICHE INTERVENUTE<\/strong><\/span> &#8211;\u00a0<a href=\"https:\/\/lexview-int.regione.fvg.it\/FontiNormative\/xml\/xmllex.aspx?anno=2023&amp;legge=10#art49\"><strong>Legge regionale 3 marzo 2023, n. 10<\/strong><\/a><strong>. Misure per la semplificazione e la crescita economica.<\/strong><\/p>\n<p>L\u2019art. 49 della LR 10\/2023 interviene sul comma 5 dell&#8217;articolo 6 della <a href=\"https:\/\/lexview-int.regione.fvg.it\/FontiNormative\/xml\/xmllex.aspx?anno=2014&amp;legge=1#art6-com5\">legge regionale 14 febbraio 2014, n. 1<\/a> (Disposizioni per la prevenzione, il trattamento e il contrasto della dipendenza da gioco d&#8217;azzardo, nonch\u00e9 delle problematiche e patologie correlate.<\/p>\n<p>Con la modifica si ammette il subingresso anche per quel che riguarda le attivit\u00e0 di scommesse (prima riservato solo nelle attivit\u00e0 di utilizzo degli apparecchi da gioco): anche le attivit\u00e0 di scommesse, dunque, possono subentrare e stipulare un nuovo contratto con il concessionario.<\/p>\n<p>&nbsp;<\/p>\n","protected":false},"excerpt":{"rendered":"<p>Premessa. La Regione Friuli Venezia Giulia ha approvato una legge per la prevenzione, il trattamento e il contrasto della dipendenza da gioco d\u2019azzardo, nonch\u00e9 delle&nbsp;<span class=\"hellipsis\">[&hellip;]<\/span><a class=\"more-link\" href=\"https:\/\/welaikaadv.site\/avviso\/home\/cosa-facciamo\/informare\/documenti-tematici\/gioco-dazzardo\/legge-della-regione-friuli-venezia-giulia-per-la-prevenzione-il-trattamento-e-il-contrasto-della-dipendenza-da-gioco-dazzardo\/\">Leggi tutto <span class=\"screen-reader-text\">LEGGE DELLA REGIONE FRIULI VENEZIA GIULIA PER LA PREVENZIONE, IL TRATTAMENTO E IL CONTRASTO DELLA DIPENDENZA DA GIOCO D\u2019AZZARDO<\/span> <span class=\"meta-nav\" aria-hidden=\"true\">&rarr;<\/span><\/a><\/p>\n","protected":false},"author":1,"featured_media":0,"parent":202,"menu_order":110,"comment_status":"closed","ping_status":"closed","template":"","meta":{"_acf_changed":false,"_exactmetrics_skip_tracking":false,"_exactmetrics_sitenote_active":false,"_exactmetrics_sitenote_note":"","_exactmetrics_sitenote_category":0,"wp_social_preview_title":"","wp_social_preview_description":"","wp_social_preview_image":0,"footnotes":""},"class_list":["post-47207","page","type-page","status-publish","hentry"],"acf":[],"yoast_head":"<!-- This site is optimized with the Yoast SEO plugin v27.2 - https:\/\/yoast.com\/product\/yoast-seo-wordpress\/ -->\n<title>LEGGE DELLA REGIONE FRIULI VENEZIA GIULIA PER LA PREVENZIONE, IL TRATTAMENTO E IL CONTRASTO DELLA DIPENDENZA DA GIOCO D\u2019AZZARDO - Staging Avviso Pubblico<\/title>\n<meta name=\"robots\" content=\"noindex, follow, max-snippet:-1, max-image-preview:large, max-video-preview:-1\" \/>\n<meta property=\"og:locale\" content=\"it_IT\" \/>\n<meta property=\"og:type\" content=\"article\" \/>\n<meta property=\"og:title\" content=\"LEGGE DELLA REGIONE FRIULI VENEZIA GIULIA PER LA PREVENZIONE, IL TRATTAMENTO E IL CONTRASTO DELLA DIPENDENZA DA GIOCO D\u2019AZZARDO - Staging Avviso Pubblico\" \/>\n<meta property=\"og:description\" content=\"Premessa. La Regione Friuli Venezia Giulia ha approvato una legge per la prevenzione, il trattamento e il contrasto della dipendenza da gioco d\u2019azzardo, nonch\u00e9 delle&nbsp;[&hellip;]Leggi tutto LEGGE DELLA REGIONE FRIULI VENEZIA GIULIA PER LA PREVENZIONE, IL TRATTAMENTO E IL CONTRASTO DELLA DIPENDENZA DA GIOCO D\u2019AZZARDO &rarr;\" \/>\n<meta property=\"og:url\" content=\"https:\/\/welaikaadv.site\/avviso\/home\/cosa-facciamo\/informare\/documenti-tematici\/gioco-dazzardo\/legge-della-regione-friuli-venezia-giulia-per-la-prevenzione-il-trattamento-e-il-contrasto-della-dipendenza-da-gioco-dazzardo\/\" \/>\n<meta property=\"og:site_name\" content=\"Staging Avviso Pubblico\" \/>\n<meta name=\"twitter:card\" content=\"summary_large_image\" \/>\n<meta name=\"twitter:label1\" content=\"Tempo di lettura stimato\" \/>\n\t<meta name=\"twitter:data1\" content=\"4 minuti\" \/>\n<script type=\"application\/ld+json\" class=\"yoast-schema-graph\">{\"@context\":\"https:\/\/schema.org\",\"@graph\":[{\"@type\":\"WebPage\",\"@id\":\"https:\/\/welaikaadv.site\/avviso\/home\/cosa-facciamo\/informare\/documenti-tematici\/gioco-dazzardo\/legge-della-regione-friuli-venezia-giulia-per-la-prevenzione-il-trattamento-e-il-contrasto-della-dipendenza-da-gioco-dazzardo\/\",\"url\":\"https:\/\/welaikaadv.site\/avviso\/home\/cosa-facciamo\/informare\/documenti-tematici\/gioco-dazzardo\/legge-della-regione-friuli-venezia-giulia-per-la-prevenzione-il-trattamento-e-il-contrasto-della-dipendenza-da-gioco-dazzardo\/\",\"name\":\"LEGGE DELLA REGIONE FRIULI VENEZIA GIULIA PER LA PREVENZIONE, IL TRATTAMENTO E IL CONTRASTO DELLA DIPENDENZA DA GIOCO D\u2019AZZARDO - Staging Avviso Pubblico\",\"isPartOf\":{\"@id\":\"https:\/\/welaikaadv.site\/avviso\/#website\"},\"datePublished\":\"2023-12-15T10:18:51+00:00\",\"breadcrumb\":{\"@id\":\"https:\/\/welaikaadv.site\/avviso\/home\/cosa-facciamo\/informare\/documenti-tematici\/gioco-dazzardo\/legge-della-regione-friuli-venezia-giulia-per-la-prevenzione-il-trattamento-e-il-contrasto-della-dipendenza-da-gioco-dazzardo\/#breadcrumb\"},\"inLanguage\":\"it-IT\",\"potentialAction\":[{\"@type\":\"ReadAction\",\"target\":[\"https:\/\/welaikaadv.site\/avviso\/home\/cosa-facciamo\/informare\/documenti-tematici\/gioco-dazzardo\/legge-della-regione-friuli-venezia-giulia-per-la-prevenzione-il-trattamento-e-il-contrasto-della-dipendenza-da-gioco-dazzardo\/\"]}]},{\"@type\":\"BreadcrumbList\",\"@id\":\"https:\/\/welaikaadv.site\/avviso\/home\/cosa-facciamo\/informare\/documenti-tematici\/gioco-dazzardo\/legge-della-regione-friuli-venezia-giulia-per-la-prevenzione-il-trattamento-e-il-contrasto-della-dipendenza-da-gioco-dazzardo\/#breadcrumb\",\"itemListElement\":[{\"@type\":\"ListItem\",\"position\":1,\"name\":\"Home\",\"item\":\"https:\/\/welaikaadv.site\/avviso\/\"},{\"@type\":\"ListItem\",\"position\":2,\"name\":\"LEGGE DELLA REGIONE FRIULI VENEZIA GIULIA PER LA PREVENZIONE, IL TRATTAMENTO E IL CONTRASTO DELLA DIPENDENZA DA GIOCO D\u2019AZZARDO\"}]},{\"@type\":\"WebSite\",\"@id\":\"https:\/\/welaikaadv.site\/avviso\/#website\",\"url\":\"https:\/\/welaikaadv.site\/avviso\/\",\"name\":\"Staging Avviso Pubblico\",\"description\":\"\",\"publisher\":{\"@id\":\"https:\/\/welaikaadv.site\/avviso\/#organization\"},\"potentialAction\":[{\"@type\":\"SearchAction\",\"target\":{\"@type\":\"EntryPoint\",\"urlTemplate\":\"https:\/\/welaikaadv.site\/avviso\/?s={search_term_string}\"},\"query-input\":{\"@type\":\"PropertyValueSpecification\",\"valueRequired\":true,\"valueName\":\"search_term_string\"}}],\"inLanguage\":\"it-IT\"},{\"@type\":\"Organization\",\"@id\":\"https:\/\/welaikaadv.site\/avviso\/#organization\",\"name\":\"Staging Avviso Pubblico\",\"url\":\"https:\/\/welaikaadv.site\/avviso\/\",\"logo\":{\"@type\":\"ImageObject\",\"inLanguage\":\"it-IT\",\"@id\":\"https:\/\/welaikaadv.site\/avviso\/#\/schema\/logo\/image\/\",\"url\":\"https:\/\/welaikaadv.site\/avviso\/wp-content\/uploads\/2024\/08\/logoAPsito-400.png\",\"contentUrl\":\"https:\/\/welaikaadv.site\/avviso\/wp-content\/uploads\/2024\/08\/logoAPsito-400.png\",\"width\":400,\"height\":97,\"caption\":\"Staging Avviso Pubblico\"},\"image\":{\"@id\":\"https:\/\/welaikaadv.site\/avviso\/#\/schema\/logo\/image\/\"}}]}<\/script>\n<!-- \/ Yoast SEO plugin. -->","yoast_head_json":{"title":"LEGGE DELLA REGIONE FRIULI VENEZIA GIULIA PER LA PREVENZIONE, IL TRATTAMENTO E IL CONTRASTO DELLA DIPENDENZA DA GIOCO D\u2019AZZARDO - Staging Avviso Pubblico","robots":{"index":"noindex","follow":"follow","max-snippet":"max-snippet:-1","max-image-preview":"max-image-preview:large","max-video-preview":"max-video-preview:-1"},"og_locale":"it_IT","og_type":"article","og_title":"LEGGE DELLA REGIONE FRIULI VENEZIA GIULIA PER LA PREVENZIONE, IL TRATTAMENTO E IL CONTRASTO DELLA DIPENDENZA DA GIOCO D\u2019AZZARDO - Staging Avviso Pubblico","og_description":"Premessa. La Regione Friuli Venezia Giulia ha approvato una legge per la prevenzione, il trattamento e il contrasto della dipendenza da gioco d\u2019azzardo, nonch\u00e9 delle&nbsp;[&hellip;]Leggi tutto LEGGE DELLA REGIONE FRIULI VENEZIA GIULIA PER LA PREVENZIONE, IL TRATTAMENTO E IL CONTRASTO DELLA DIPENDENZA DA GIOCO D\u2019AZZARDO &rarr;","og_url":"https:\/\/welaikaadv.site\/avviso\/home\/cosa-facciamo\/informare\/documenti-tematici\/gioco-dazzardo\/legge-della-regione-friuli-venezia-giulia-per-la-prevenzione-il-trattamento-e-il-contrasto-della-dipendenza-da-gioco-dazzardo\/","og_site_name":"Staging Avviso Pubblico","twitter_card":"summary_large_image","twitter_misc":{"Tempo di lettura stimato":"4 minuti"},"schema":{"@context":"https:\/\/schema.org","@graph":[{"@type":"WebPage","@id":"https:\/\/welaikaadv.site\/avviso\/home\/cosa-facciamo\/informare\/documenti-tematici\/gioco-dazzardo\/legge-della-regione-friuli-venezia-giulia-per-la-prevenzione-il-trattamento-e-il-contrasto-della-dipendenza-da-gioco-dazzardo\/","url":"https:\/\/welaikaadv.site\/avviso\/home\/cosa-facciamo\/informare\/documenti-tematici\/gioco-dazzardo\/legge-della-regione-friuli-venezia-giulia-per-la-prevenzione-il-trattamento-e-il-contrasto-della-dipendenza-da-gioco-dazzardo\/","name":"LEGGE DELLA REGIONE FRIULI VENEZIA GIULIA PER LA PREVENZIONE, IL TRATTAMENTO E IL CONTRASTO DELLA DIPENDENZA DA GIOCO D\u2019AZZARDO - Staging Avviso Pubblico","isPartOf":{"@id":"https:\/\/welaikaadv.site\/avviso\/#website"},"datePublished":"2023-12-15T10:18:51+00:00","breadcrumb":{"@id":"https:\/\/welaikaadv.site\/avviso\/home\/cosa-facciamo\/informare\/documenti-tematici\/gioco-dazzardo\/legge-della-regione-friuli-venezia-giulia-per-la-prevenzione-il-trattamento-e-il-contrasto-della-dipendenza-da-gioco-dazzardo\/#breadcrumb"},"inLanguage":"it-IT","potentialAction":[{"@type":"ReadAction","target":["https:\/\/welaikaadv.site\/avviso\/home\/cosa-facciamo\/informare\/documenti-tematici\/gioco-dazzardo\/legge-della-regione-friuli-venezia-giulia-per-la-prevenzione-il-trattamento-e-il-contrasto-della-dipendenza-da-gioco-dazzardo\/"]}]},{"@type":"BreadcrumbList","@id":"https:\/\/welaikaadv.site\/avviso\/home\/cosa-facciamo\/informare\/documenti-tematici\/gioco-dazzardo\/legge-della-regione-friuli-venezia-giulia-per-la-prevenzione-il-trattamento-e-il-contrasto-della-dipendenza-da-gioco-dazzardo\/#breadcrumb","itemListElement":[{"@type":"ListItem","position":1,"name":"Home","item":"https:\/\/welaikaadv.site\/avviso\/"},{"@type":"ListItem","position":2,"name":"LEGGE DELLA REGIONE FRIULI VENEZIA GIULIA PER LA PREVENZIONE, IL TRATTAMENTO E IL CONTRASTO DELLA DIPENDENZA DA GIOCO D\u2019AZZARDO"}]},{"@type":"WebSite","@id":"https:\/\/welaikaadv.site\/avviso\/#website","url":"https:\/\/welaikaadv.site\/avviso\/","name":"Staging Avviso Pubblico","description":"","publisher":{"@id":"https:\/\/welaikaadv.site\/avviso\/#organization"},"potentialAction":[{"@type":"SearchAction","target":{"@type":"EntryPoint","urlTemplate":"https:\/\/welaikaadv.site\/avviso\/?s={search_term_string}"},"query-input":{"@type":"PropertyValueSpecification","valueRequired":true,"valueName":"search_term_string"}}],"inLanguage":"it-IT"},{"@type":"Organization","@id":"https:\/\/welaikaadv.site\/avviso\/#organization","name":"Staging Avviso Pubblico","url":"https:\/\/welaikaadv.site\/avviso\/","logo":{"@type":"ImageObject","inLanguage":"it-IT","@id":"https:\/\/welaikaadv.site\/avviso\/#\/schema\/logo\/image\/","url":"https:\/\/welaikaadv.site\/avviso\/wp-content\/uploads\/2024\/08\/logoAPsito-400.png","contentUrl":"https:\/\/welaikaadv.site\/avviso\/wp-content\/uploads\/2024\/08\/logoAPsito-400.png","width":400,"height":97,"caption":"Staging Avviso Pubblico"},"image":{"@id":"https:\/\/welaikaadv.site\/avviso\/#\/schema\/logo\/image\/"}}]}},"_links":{"self":[{"href":"https:\/\/welaikaadv.site\/avviso\/wp-json\/wp\/v2\/pages\/47207","targetHints":{"allow":["GET"]}}],"collection":[{"href":"https:\/\/welaikaadv.site\/avviso\/wp-json\/wp\/v2\/pages"}],"about":[{"href":"https:\/\/welaikaadv.site\/avviso\/wp-json\/wp\/v2\/types\/page"}],"author":[{"embeddable":true,"href":"https:\/\/welaikaadv.site\/avviso\/wp-json\/wp\/v2\/users\/1"}],"replies":[{"embeddable":true,"href":"https:\/\/welaikaadv.site\/avviso\/wp-json\/wp\/v2\/comments?post=47207"}],"version-history":[{"count":0,"href":"https:\/\/welaikaadv.site\/avviso\/wp-json\/wp\/v2\/pages\/47207\/revisions"}],"up":[{"embeddable":true,"href":"https:\/\/welaikaadv.site\/avviso\/wp-json\/wp\/v2\/pages\/202"}],"wp:attachment":[{"href":"https:\/\/welaikaadv.site\/avviso\/wp-json\/wp\/v2\/media?parent=47207"}],"curies":[{"name":"wp","href":"https:\/\/api.w.org\/{rel}","templated":true}]}}