{"id":47214,"date":"2021-12-15T09:27:39","date_gmt":"2021-12-15T08:27:39","guid":{"rendered":"https:\/\/www.avvisopubblico.it\/home\/?page_id=47214"},"modified":"2021-12-15T09:27:39","modified_gmt":"2021-12-15T08:27:39","slug":"legge-della-regione-puglia-per-il-contrasto-alla-diffusione-del-gioco-dazzardo-patologico-gap","status":"publish","type":"page","link":"https:\/\/welaikaadv.site\/avviso\/home\/cosa-facciamo\/informare\/documenti-tematici\/gioco-dazzardo\/legge-della-regione-puglia-per-il-contrasto-alla-diffusione-del-gioco-dazzardo-patologico-gap\/","title":{"rendered":"LEGGE DELLA REGIONE PUGLIA PER IL CONTRASTO ALLA DIFFUSIONE DEL GIOCO D\u2019AZZARDO PATOLOGICO (GAP)"},"content":{"rendered":"<p><strong>Premessa<\/strong>. La Regione Puglia ha approvato una legge per il contrasto alla diffusione del gioco d\u2019azzardo patologico (<a href=\"http:\/\/portale2015.consiglio.puglia.it\/documentazione\/leges\/modulo.aspx?id=12683\">L.R. 43\/2013 e successive modifiche e integrazioni<\/a>) di cui qui vengono analizzati gli aspetti principali.<\/p>\n<p><strong>Comuni <\/strong>(art. 3). I Comuni \u2013 insieme alle ASL \u2013 promuovono nei rispettivi Piani di azione locali e Piani sociali di zona iniziative e attivit\u00e0 finalizzate alla prevenzione e al contrasto delle dipendenze da gioco e in particolare: campagne di informazione e sensibilizzazione; monitoraggio nelle scuole, nei luoghi di formazione e nei luoghi deputati allo sport; attivit\u00e0 di supporto psicologico, economico, di mediazione familiare e di consulenza legale per contrastare il rischio di usura rivolte ai soggetti affetti da disturbo da gioco d\u2019azzardo e ai relativi familiari.<\/p>\n<p><strong>Osservatorio, marchio regionale e giornata dedicata<\/strong> (artt. 4 e 5). \u00c8 istituito l\u2019Osservatorio regionale sul GAP con il compito di relazionare annualmente le attivit\u00e0 terapeutiche prestate, formulare proposte e pareri per la Giunta e istituire un numero verde dedicato all\u2019assistenza e alla consulenza. \u00c8 inoltre istituito il marchio regionale \u201cLibero da slot \u2013 Regione Puglia\u201d, rilasciato agli esercenti e ai gestori che scelgono di non installare le apparecchiature per il gioco d\u2019azzardo. La Regione Puglia indice una giornata dedicata al contrasto alla diffusione del gioco d\u2019azzardo presso tutti gli istituti scolastici e universitari per sensibilizzare, illustrare e prevenire i rischi del gioco.<\/p>\n<p><strong>Nuove installazioni e \u201cdistanziometro\u201d <\/strong>(art. 7). Non vengono concesse nuove autorizzazioni in caso di ubicazione dei locali a meno di 250 metri da una serie di luoghi sensibili: istituti scolastici primari e secondari, universit\u00e0, biblioteche pubbliche, strutture sanitarie e ospedaliere e luoghi di culto. Restano valide le autorizzazioni concesse prima della data di entrata in vigore della presente legge.<\/p>\n<p><strong>Limitazioni relative agli spazi interni <\/strong>(art. 7). A partire dal 1\u00b0 gennaio 2020:<\/p>\n<ol>\n<li>non \u00e8 consentita l\u2019installazione e la presenza di apparecchi per il gioco negli esercizi di dimensione inferiore a 20 mq di superficie calpestabile aventi attivit\u00e0 principale diversa dalla gestione, commercializzazione o somministrazione di giochi con vincite in denaro;<\/li>\n<li>nello stesso tipo di esercizi, non \u00e8 consentita l\u2019installazione di pi\u00f9 di due apparecchi se la superficie calpestabile \u00e8 compresa tra 20 e 50 mq;<\/li>\n<li>sopra i 50mq, \u00e8 possibile installare un apparecchio ogni 25mq ulteriori di superficie, fino a un massimo di sei.<\/li>\n<\/ol>\n<p>Nei casi sopra citati, la superficie dedicata agli apparecchi da gioco non pu\u00f2 essere superiore a quella destinata all\u2019attivit\u00e0 principale dell\u2019esercizio.<\/p>\n<p>Nei bar, tabaccai, ristoranti e negli altri esercizi assimilati, \u00e8 consentito esporre biglietti o tagliandi di lotterie nazionali a estrazione istantanea esclusivamente in spazi delimitati, che non superino il 30% della superficie espositiva totale.<\/p>\n<p><strong>Obblighi formativi<\/strong> (art. 7). I gestori e il personale dei centri scommesse e degli spazi per il gioco sono tenuti a frequentare, entro 6 mesi dall\u2019entrata in vigore della presente legge e poi con cadenza biennale, dei corsi di formazione organizzati dalle ASL (o da altri soggetti individuati dalla Giunta) con uno specifico programma definito dalla legge.<\/p>\n<p><strong>Divieto di pubblicit\u00e0 <\/strong>(art. 7). \u00c8 vietata qualsiasi attivit\u00e0 pubblicitaria relativa all\u2019apertura o all\u2019esercizio di sale da gioco. \u00c8 inoltre vietata, all\u2019esterno dei locali che prevedono vincite in denaro di ogni genere, qualunque forma di esposizione di cartelli, manoscritti o proiezioni video che pubblicizzino la possibilit\u00e0 di vincita o di vincite appena accadute o risalenti nel tempo.<\/p>\n<p><strong>Sanzioni <\/strong>(art. 7). La violazione delle disposizioni sul \u201cdistanziometro\u201d, sugli obblighi di formazione e sul divieto di pubblicit\u00e0 \u00e8 punita con una sanzione compresa tra 6.000 e 10.000 euro. I proventi sono destinati alle finalit\u00e0 previste dalla presente legge.<\/p>\n<p><strong>Accordo Regione-Forze dell\u2019ordine <\/strong>(art. 8<em>bis<\/em>). La Giunta promuove la stipula di una apposita convenzione tra Regione, forze dell\u2019ordine, concessionari di giochi e ASL pugliesi al fine di attivare uno specifico programma di azioni comuni e di interventi nel campo della prevenzione, della vigilanza e del contrasto alle violazioni delle norme regionali e nazionali in materia di gioco d\u2019azzardo, anche allo scopo di determinare un effetto deterrente e dissuasivo rispetto all\u2019assunzione di comportamenti illeciti da parte di gestori ed esercenti.<\/p>\n","protected":false},"excerpt":{"rendered":"<p>Premessa. La Regione Puglia ha approvato una legge per il contrasto alla diffusione del gioco d\u2019azzardo patologico (L.R. 43\/2013 e successive modifiche e integrazioni) di&nbsp;<span class=\"hellipsis\">[&hellip;]<\/span><a class=\"more-link\" href=\"https:\/\/welaikaadv.site\/avviso\/home\/cosa-facciamo\/informare\/documenti-tematici\/gioco-dazzardo\/legge-della-regione-puglia-per-il-contrasto-alla-diffusione-del-gioco-dazzardo-patologico-gap\/\">Leggi tutto <span class=\"screen-reader-text\">LEGGE DELLA REGIONE PUGLIA PER IL CONTRASTO ALLA DIFFUSIONE DEL GIOCO D\u2019AZZARDO PATOLOGICO (GAP)<\/span> <span class=\"meta-nav\" aria-hidden=\"true\">&rarr;<\/span><\/a><\/p>\n","protected":false},"author":1,"featured_media":0,"parent":202,"menu_order":110,"comment_status":"closed","ping_status":"closed","template":"","meta":{"_acf_changed":false,"_exactmetrics_skip_tracking":false,"_exactmetrics_sitenote_active":false,"_exactmetrics_sitenote_note":"","_exactmetrics_sitenote_category":0,"wp_social_preview_title":"","wp_social_preview_description":"","wp_social_preview_image":0,"footnotes":""},"class_list":["post-47214","page","type-page","status-publish","hentry"],"acf":[],"yoast_head":"<!-- This site is optimized with the Yoast SEO plugin v27.2 - https:\/\/yoast.com\/product\/yoast-seo-wordpress\/ -->\n<title>LEGGE DELLA REGIONE PUGLIA PER IL CONTRASTO ALLA DIFFUSIONE DEL GIOCO D\u2019AZZARDO PATOLOGICO (GAP) - Staging Avviso Pubblico<\/title>\n<meta name=\"robots\" content=\"noindex, follow, max-snippet:-1, max-image-preview:large, max-video-preview:-1\" \/>\n<meta property=\"og:locale\" content=\"it_IT\" \/>\n<meta property=\"og:type\" content=\"article\" \/>\n<meta property=\"og:title\" content=\"LEGGE DELLA REGIONE PUGLIA PER IL CONTRASTO ALLA DIFFUSIONE DEL GIOCO D\u2019AZZARDO PATOLOGICO (GAP) - Staging Avviso Pubblico\" \/>\n<meta property=\"og:description\" content=\"Premessa. La Regione Puglia ha approvato una legge per il contrasto alla diffusione del gioco d\u2019azzardo patologico (L.R. 43\/2013 e successive modifiche e integrazioni) di&nbsp;[&hellip;]Leggi tutto LEGGE DELLA REGIONE PUGLIA PER IL CONTRASTO ALLA DIFFUSIONE DEL GIOCO D\u2019AZZARDO PATOLOGICO (GAP) &rarr;\" \/>\n<meta property=\"og:url\" content=\"https:\/\/welaikaadv.site\/avviso\/home\/cosa-facciamo\/informare\/documenti-tematici\/gioco-dazzardo\/legge-della-regione-puglia-per-il-contrasto-alla-diffusione-del-gioco-dazzardo-patologico-gap\/\" \/>\n<meta property=\"og:site_name\" content=\"Staging Avviso Pubblico\" \/>\n<meta name=\"twitter:card\" content=\"summary_large_image\" \/>\n<meta name=\"twitter:label1\" content=\"Tempo di lettura stimato\" \/>\n\t<meta name=\"twitter:data1\" content=\"2 minuti\" \/>\n<script type=\"application\/ld+json\" class=\"yoast-schema-graph\">{\"@context\":\"https:\/\/schema.org\",\"@graph\":[{\"@type\":\"WebPage\",\"@id\":\"https:\/\/welaikaadv.site\/avviso\/home\/cosa-facciamo\/informare\/documenti-tematici\/gioco-dazzardo\/legge-della-regione-puglia-per-il-contrasto-alla-diffusione-del-gioco-dazzardo-patologico-gap\/\",\"url\":\"https:\/\/welaikaadv.site\/avviso\/home\/cosa-facciamo\/informare\/documenti-tematici\/gioco-dazzardo\/legge-della-regione-puglia-per-il-contrasto-alla-diffusione-del-gioco-dazzardo-patologico-gap\/\",\"name\":\"LEGGE DELLA REGIONE PUGLIA PER IL CONTRASTO ALLA DIFFUSIONE DEL GIOCO D\u2019AZZARDO PATOLOGICO (GAP) - Staging Avviso Pubblico\",\"isPartOf\":{\"@id\":\"https:\/\/welaikaadv.site\/avviso\/#website\"},\"datePublished\":\"2021-12-15T08:27:39+00:00\",\"breadcrumb\":{\"@id\":\"https:\/\/welaikaadv.site\/avviso\/home\/cosa-facciamo\/informare\/documenti-tematici\/gioco-dazzardo\/legge-della-regione-puglia-per-il-contrasto-alla-diffusione-del-gioco-dazzardo-patologico-gap\/#breadcrumb\"},\"inLanguage\":\"it-IT\",\"potentialAction\":[{\"@type\":\"ReadAction\",\"target\":[\"https:\/\/welaikaadv.site\/avviso\/home\/cosa-facciamo\/informare\/documenti-tematici\/gioco-dazzardo\/legge-della-regione-puglia-per-il-contrasto-alla-diffusione-del-gioco-dazzardo-patologico-gap\/\"]}]},{\"@type\":\"BreadcrumbList\",\"@id\":\"https:\/\/welaikaadv.site\/avviso\/home\/cosa-facciamo\/informare\/documenti-tematici\/gioco-dazzardo\/legge-della-regione-puglia-per-il-contrasto-alla-diffusione-del-gioco-dazzardo-patologico-gap\/#breadcrumb\",\"itemListElement\":[{\"@type\":\"ListItem\",\"position\":1,\"name\":\"Home\",\"item\":\"https:\/\/welaikaadv.site\/avviso\/\"},{\"@type\":\"ListItem\",\"position\":2,\"name\":\"LEGGE DELLA REGIONE PUGLIA PER IL CONTRASTO ALLA DIFFUSIONE DEL GIOCO D\u2019AZZARDO PATOLOGICO (GAP)\"}]},{\"@type\":\"WebSite\",\"@id\":\"https:\/\/welaikaadv.site\/avviso\/#website\",\"url\":\"https:\/\/welaikaadv.site\/avviso\/\",\"name\":\"Staging Avviso Pubblico\",\"description\":\"\",\"publisher\":{\"@id\":\"https:\/\/welaikaadv.site\/avviso\/#organization\"},\"potentialAction\":[{\"@type\":\"SearchAction\",\"target\":{\"@type\":\"EntryPoint\",\"urlTemplate\":\"https:\/\/welaikaadv.site\/avviso\/?s={search_term_string}\"},\"query-input\":{\"@type\":\"PropertyValueSpecification\",\"valueRequired\":true,\"valueName\":\"search_term_string\"}}],\"inLanguage\":\"it-IT\"},{\"@type\":\"Organization\",\"@id\":\"https:\/\/welaikaadv.site\/avviso\/#organization\",\"name\":\"Staging Avviso Pubblico\",\"url\":\"https:\/\/welaikaadv.site\/avviso\/\",\"logo\":{\"@type\":\"ImageObject\",\"inLanguage\":\"it-IT\",\"@id\":\"https:\/\/welaikaadv.site\/avviso\/#\/schema\/logo\/image\/\",\"url\":\"https:\/\/welaikaadv.site\/avviso\/wp-content\/uploads\/2024\/08\/logoAPsito-400.png\",\"contentUrl\":\"https:\/\/welaikaadv.site\/avviso\/wp-content\/uploads\/2024\/08\/logoAPsito-400.png\",\"width\":400,\"height\":97,\"caption\":\"Staging Avviso Pubblico\"},\"image\":{\"@id\":\"https:\/\/welaikaadv.site\/avviso\/#\/schema\/logo\/image\/\"}}]}<\/script>\n<!-- \/ Yoast SEO plugin. -->","yoast_head_json":{"title":"LEGGE DELLA REGIONE PUGLIA PER IL CONTRASTO ALLA DIFFUSIONE DEL GIOCO D\u2019AZZARDO PATOLOGICO (GAP) - Staging Avviso Pubblico","robots":{"index":"noindex","follow":"follow","max-snippet":"max-snippet:-1","max-image-preview":"max-image-preview:large","max-video-preview":"max-video-preview:-1"},"og_locale":"it_IT","og_type":"article","og_title":"LEGGE DELLA REGIONE PUGLIA PER IL CONTRASTO ALLA DIFFUSIONE DEL GIOCO D\u2019AZZARDO PATOLOGICO (GAP) - Staging Avviso Pubblico","og_description":"Premessa. La Regione Puglia ha approvato una legge per il contrasto alla diffusione del gioco d\u2019azzardo patologico (L.R. 43\/2013 e successive modifiche e integrazioni) di&nbsp;[&hellip;]Leggi tutto LEGGE DELLA REGIONE PUGLIA PER IL CONTRASTO ALLA DIFFUSIONE DEL GIOCO D\u2019AZZARDO PATOLOGICO (GAP) &rarr;","og_url":"https:\/\/welaikaadv.site\/avviso\/home\/cosa-facciamo\/informare\/documenti-tematici\/gioco-dazzardo\/legge-della-regione-puglia-per-il-contrasto-alla-diffusione-del-gioco-dazzardo-patologico-gap\/","og_site_name":"Staging Avviso Pubblico","twitter_card":"summary_large_image","twitter_misc":{"Tempo di lettura stimato":"2 minuti"},"schema":{"@context":"https:\/\/schema.org","@graph":[{"@type":"WebPage","@id":"https:\/\/welaikaadv.site\/avviso\/home\/cosa-facciamo\/informare\/documenti-tematici\/gioco-dazzardo\/legge-della-regione-puglia-per-il-contrasto-alla-diffusione-del-gioco-dazzardo-patologico-gap\/","url":"https:\/\/welaikaadv.site\/avviso\/home\/cosa-facciamo\/informare\/documenti-tematici\/gioco-dazzardo\/legge-della-regione-puglia-per-il-contrasto-alla-diffusione-del-gioco-dazzardo-patologico-gap\/","name":"LEGGE DELLA REGIONE PUGLIA PER IL CONTRASTO ALLA DIFFUSIONE DEL GIOCO D\u2019AZZARDO PATOLOGICO (GAP) - Staging Avviso Pubblico","isPartOf":{"@id":"https:\/\/welaikaadv.site\/avviso\/#website"},"datePublished":"2021-12-15T08:27:39+00:00","breadcrumb":{"@id":"https:\/\/welaikaadv.site\/avviso\/home\/cosa-facciamo\/informare\/documenti-tematici\/gioco-dazzardo\/legge-della-regione-puglia-per-il-contrasto-alla-diffusione-del-gioco-dazzardo-patologico-gap\/#breadcrumb"},"inLanguage":"it-IT","potentialAction":[{"@type":"ReadAction","target":["https:\/\/welaikaadv.site\/avviso\/home\/cosa-facciamo\/informare\/documenti-tematici\/gioco-dazzardo\/legge-della-regione-puglia-per-il-contrasto-alla-diffusione-del-gioco-dazzardo-patologico-gap\/"]}]},{"@type":"BreadcrumbList","@id":"https:\/\/welaikaadv.site\/avviso\/home\/cosa-facciamo\/informare\/documenti-tematici\/gioco-dazzardo\/legge-della-regione-puglia-per-il-contrasto-alla-diffusione-del-gioco-dazzardo-patologico-gap\/#breadcrumb","itemListElement":[{"@type":"ListItem","position":1,"name":"Home","item":"https:\/\/welaikaadv.site\/avviso\/"},{"@type":"ListItem","position":2,"name":"LEGGE DELLA REGIONE PUGLIA PER IL CONTRASTO ALLA DIFFUSIONE DEL GIOCO D\u2019AZZARDO PATOLOGICO (GAP)"}]},{"@type":"WebSite","@id":"https:\/\/welaikaadv.site\/avviso\/#website","url":"https:\/\/welaikaadv.site\/avviso\/","name":"Staging Avviso Pubblico","description":"","publisher":{"@id":"https:\/\/welaikaadv.site\/avviso\/#organization"},"potentialAction":[{"@type":"SearchAction","target":{"@type":"EntryPoint","urlTemplate":"https:\/\/welaikaadv.site\/avviso\/?s={search_term_string}"},"query-input":{"@type":"PropertyValueSpecification","valueRequired":true,"valueName":"search_term_string"}}],"inLanguage":"it-IT"},{"@type":"Organization","@id":"https:\/\/welaikaadv.site\/avviso\/#organization","name":"Staging Avviso Pubblico","url":"https:\/\/welaikaadv.site\/avviso\/","logo":{"@type":"ImageObject","inLanguage":"it-IT","@id":"https:\/\/welaikaadv.site\/avviso\/#\/schema\/logo\/image\/","url":"https:\/\/welaikaadv.site\/avviso\/wp-content\/uploads\/2024\/08\/logoAPsito-400.png","contentUrl":"https:\/\/welaikaadv.site\/avviso\/wp-content\/uploads\/2024\/08\/logoAPsito-400.png","width":400,"height":97,"caption":"Staging Avviso Pubblico"},"image":{"@id":"https:\/\/welaikaadv.site\/avviso\/#\/schema\/logo\/image\/"}}]}},"_links":{"self":[{"href":"https:\/\/welaikaadv.site\/avviso\/wp-json\/wp\/v2\/pages\/47214","targetHints":{"allow":["GET"]}}],"collection":[{"href":"https:\/\/welaikaadv.site\/avviso\/wp-json\/wp\/v2\/pages"}],"about":[{"href":"https:\/\/welaikaadv.site\/avviso\/wp-json\/wp\/v2\/types\/page"}],"author":[{"embeddable":true,"href":"https:\/\/welaikaadv.site\/avviso\/wp-json\/wp\/v2\/users\/1"}],"replies":[{"embeddable":true,"href":"https:\/\/welaikaadv.site\/avviso\/wp-json\/wp\/v2\/comments?post=47214"}],"version-history":[{"count":0,"href":"https:\/\/welaikaadv.site\/avviso\/wp-json\/wp\/v2\/pages\/47214\/revisions"}],"up":[{"embeddable":true,"href":"https:\/\/welaikaadv.site\/avviso\/wp-json\/wp\/v2\/pages\/202"}],"wp:attachment":[{"href":"https:\/\/welaikaadv.site\/avviso\/wp-json\/wp\/v2\/media?parent=47214"}],"curies":[{"name":"wp","href":"https:\/\/api.w.org\/{rel}","templated":true}]}}