{"id":47218,"date":"2021-12-17T15:42:20","date_gmt":"2021-12-17T14:42:20","guid":{"rendered":"https:\/\/www.avvisopubblico.it\/home\/?page_id=47218"},"modified":"2021-12-17T15:42:20","modified_gmt":"2021-12-17T14:42:20","slug":"il-consiglio-di-stato-si-pronuncia-sullincompatibilita-di-una-sala-giochi-in-una-zona-a-destinazione-sportiva","status":"publish","type":"page","link":"https:\/\/welaikaadv.site\/avviso\/home\/cosa-facciamo\/informare\/documenti-tematici\/gioco-dazzardo\/il-consiglio-di-stato-si-pronuncia-sullincompatibilita-di-una-sala-giochi-in-una-zona-a-destinazione-sportiva\/","title":{"rendered":"IL CONSIGLIO DI STATO SI PRONUNCIA SULL\u2019INCOMPATIBILIT\u00c0 DI UNA SALA GIOCHI IN UNA ZONA A DESTINAZIONE SPORTIVA"},"content":{"rendered":"<p><strong>Il caso.<\/strong> Una societ\u00e0 operante nel settore dei giochi ha presentato, nel Gennaio 2018, al Comune di Monteforte Irpino (Av) una Cila (Comunicazione inizio lavori asseverata) di avvio lavori per l\u2019esercizio dell\u2019attivit\u00e0 di videolottery e raccolta scommesse, e, nel Maggio dello stesso anno, un\u2019istanza al Suap (Sportello unico attivit\u00e0 produttive) per l\u2019autorizzazione all\u2019esercizio dell\u2019attivit\u00e0 stessa.<\/p>\n<p>Il Comune di Monteforte Irpino, tuttavia, nell\u2019Agosto 2018 ha rigettato l\u2019istanza e, poco dopo, ha ordinato la cessazione dell\u2019attivit\u00e0 gi\u00e0 avviata sulla base della Cila. Alla base di ci\u00f2, l\u2019incompatibilit\u00e0 sul piano urbanistico delle attivit\u00e0 richieste con la destinazione d\u2019uso dell\u2019area interessata.<\/p>\n<p>Anche la Questura \u00e8 quindi intervenuta, disponendo la revoca della licenza rilasciata.<\/p>\n<p>Avverso questi provvedimenti, la societ\u00e0 ha quindi presentato ricorso al TAR Campania \u2013 Sezione di Salerno che, con la sentenza <a href=\"https:\/\/www.giustizia-amministrativa.it\/portale\/pages\/istituzionale\/visualizza\/?nodeRef=&amp;schema=tar_sa&amp;nrg=201801264&amp;nomeFile=202001071_01.html&amp;subDir=Provvedimenti\">1071\/2020<\/a>, ha accolto il ricorso.<\/p>\n<p>Il Comune di Monteforte Irpino ha, quindi, presentato appello al Consiglio di Stato che si \u00e8 pronunciato con la sentenza <a href=\"https:\/\/www.giustizia-amministrativa.it\/portale\/pages\/istituzionale\/visualizza\/?nodeRef=&amp;schema=cds&amp;nrg=202102723&amp;nomeFile=202108369_11.html&amp;subDir=Provvedimenti\">8369\/2021<\/a> che qui si analizza.<\/p>\n<p><strong>La destinazione urbanistica.<\/strong> Il Consiglio di Stato accoglie l\u2019appello dell\u2019Ente locale.<\/p>\n<p>Anzitutto, ricorda il Collegio, in assenza di una mappatura di luoghi sensibili, la normativa che deve essere applicata \u00e8 quella urbanistica.<\/p>\n<p>Nel caso di specie, l\u2019area in cui si trova l\u2019immobile in questione ricade nella categoria \u201cG4 \u2013 Area privata sportiva a uso collettivo\u201d: questa categoria, secondo i giudici, presenta una \u201cpalese e frontale incompatibilit\u00e0 urbanistica\u201d con il gioco d&#8217;azzardo, non potendosi porre \u201csullo stesso piano urbanistico e d\u2019uso (\u2026) l\u2019attivit\u00e0 sportiva privata a uso collettivo con l\u2019attivit\u00e0 di sala giochi a mezzo videolottery\u201d, che \u00e8 \u201cdi natura prettamente commerciale\u201d.<\/p>\n<p>Tra le due attivit\u00e0 possono, certo, esserci alcune analogie (l\u2019aspetto ricreativo, ludico e di abilit\u00e0) ma, sottolinea il CdS, da ci\u00f2 non si pu\u00f2 ricavare \u201calcuna assimilazione ontologico-funzionale stante il diverso e incisivo impatto che esse esercitano sulla persona (implicazioni sanitarie, economiche, familiari), con rilevanti risvolti di tipo sociale e collettivo\u201d.<\/p>\n<p>Questa conclusione deve essere confermata anche se l\u2019art. 38 delle N.T.A. non esclude espressamente le sale giochi dagli insediamenti praticabili nella zona \u201cG4\u201d: questa circostanza, infatti, ricordano i giudici, \u201cnon implica che le stesse debbano intendersi implicitamente consentite\u201d.<\/p>\n<p><strong>La revoca della licenza da parte della Questura. <\/strong>Bene ha fatto, inoltre, secondo il Consiglio di Stato, la Questura a revocare (o meglio, ad annullare d\u2019ufficio per vizio di legittimit\u00e0 originario della licenza, come precisano i giudici di Palazzo Spada) la licenza alla societ\u00e0: \u201cil rilascio dell\u2019autorizzazione di pubblica sicurezza, e il suo mantenimento (\u2026), presuppongono il rispetto di tutte le norme di polizia urbana, sanitaria, urbanistiche, edilizie (incluse le destinazioni d\u2019uso)\u201d.<\/p>\n<p style=\"text-align: right;\">(<em>a cura di <strong>Marco De Pasquale<\/strong><\/em>)<\/p>\n","protected":false},"excerpt":{"rendered":"<p>Il caso. Una societ\u00e0 operante nel settore dei giochi ha presentato, nel Gennaio 2018, al Comune di Monteforte Irpino (Av) una Cila (Comunicazione inizio lavori&nbsp;<span class=\"hellipsis\">[&hellip;]<\/span><a class=\"more-link\" href=\"https:\/\/welaikaadv.site\/avviso\/home\/cosa-facciamo\/informare\/documenti-tematici\/gioco-dazzardo\/il-consiglio-di-stato-si-pronuncia-sullincompatibilita-di-una-sala-giochi-in-una-zona-a-destinazione-sportiva\/\">Leggi tutto <span class=\"screen-reader-text\">IL CONSIGLIO DI STATO SI PRONUNCIA SULL\u2019INCOMPATIBILIT\u00c0 DI UNA SALA GIOCHI IN UNA ZONA A DESTINAZIONE SPORTIVA<\/span> <span class=\"meta-nav\" aria-hidden=\"true\">&rarr;<\/span><\/a><\/p>\n","protected":false},"author":1,"featured_media":0,"parent":202,"menu_order":160,"comment_status":"closed","ping_status":"closed","template":"","meta":{"_acf_changed":false,"_exactmetrics_skip_tracking":false,"_exactmetrics_sitenote_active":false,"_exactmetrics_sitenote_note":"","_exactmetrics_sitenote_category":0,"wp_social_preview_title":"","wp_social_preview_description":"","wp_social_preview_image":0,"footnotes":""},"class_list":["post-47218","page","type-page","status-publish","hentry"],"acf":[],"yoast_head":"<!-- This site is optimized with the Yoast SEO plugin v27.2 - https:\/\/yoast.com\/product\/yoast-seo-wordpress\/ -->\n<title>IL CONSIGLIO DI STATO SI PRONUNCIA SULL\u2019INCOMPATIBILIT\u00c0 DI UNA SALA GIOCHI IN UNA ZONA A DESTINAZIONE SPORTIVA - Staging Avviso Pubblico<\/title>\n<meta name=\"robots\" content=\"noindex, follow, max-snippet:-1, max-image-preview:large, max-video-preview:-1\" \/>\n<meta property=\"og:locale\" content=\"it_IT\" \/>\n<meta property=\"og:type\" content=\"article\" \/>\n<meta property=\"og:title\" content=\"IL CONSIGLIO DI STATO SI PRONUNCIA SULL\u2019INCOMPATIBILIT\u00c0 DI UNA SALA GIOCHI IN UNA ZONA A DESTINAZIONE SPORTIVA - Staging Avviso Pubblico\" \/>\n<meta property=\"og:description\" content=\"Il caso. Una societ\u00e0 operante nel settore dei giochi ha presentato, nel Gennaio 2018, al Comune di Monteforte Irpino (Av) una Cila (Comunicazione inizio lavori&nbsp;[&hellip;]Leggi tutto IL CONSIGLIO DI STATO SI PRONUNCIA SULL\u2019INCOMPATIBILIT\u00c0 DI UNA SALA GIOCHI IN UNA ZONA A DESTINAZIONE SPORTIVA &rarr;\" \/>\n<meta property=\"og:url\" content=\"https:\/\/welaikaadv.site\/avviso\/home\/cosa-facciamo\/informare\/documenti-tematici\/gioco-dazzardo\/il-consiglio-di-stato-si-pronuncia-sullincompatibilita-di-una-sala-giochi-in-una-zona-a-destinazione-sportiva\/\" \/>\n<meta property=\"og:site_name\" content=\"Staging Avviso Pubblico\" \/>\n<meta name=\"twitter:card\" content=\"summary_large_image\" \/>\n<meta name=\"twitter:label1\" content=\"Tempo di lettura stimato\" \/>\n\t<meta name=\"twitter:data1\" content=\"2 minuti\" \/>\n<script type=\"application\/ld+json\" class=\"yoast-schema-graph\">{\"@context\":\"https:\/\/schema.org\",\"@graph\":[{\"@type\":\"WebPage\",\"@id\":\"https:\/\/welaikaadv.site\/avviso\/home\/cosa-facciamo\/informare\/documenti-tematici\/gioco-dazzardo\/il-consiglio-di-stato-si-pronuncia-sullincompatibilita-di-una-sala-giochi-in-una-zona-a-destinazione-sportiva\/\",\"url\":\"https:\/\/welaikaadv.site\/avviso\/home\/cosa-facciamo\/informare\/documenti-tematici\/gioco-dazzardo\/il-consiglio-di-stato-si-pronuncia-sullincompatibilita-di-una-sala-giochi-in-una-zona-a-destinazione-sportiva\/\",\"name\":\"IL CONSIGLIO DI STATO SI PRONUNCIA SULL\u2019INCOMPATIBILIT\u00c0 DI UNA SALA GIOCHI IN UNA ZONA A DESTINAZIONE SPORTIVA - Staging Avviso Pubblico\",\"isPartOf\":{\"@id\":\"https:\/\/welaikaadv.site\/avviso\/#website\"},\"datePublished\":\"2021-12-17T14:42:20+00:00\",\"breadcrumb\":{\"@id\":\"https:\/\/welaikaadv.site\/avviso\/home\/cosa-facciamo\/informare\/documenti-tematici\/gioco-dazzardo\/il-consiglio-di-stato-si-pronuncia-sullincompatibilita-di-una-sala-giochi-in-una-zona-a-destinazione-sportiva\/#breadcrumb\"},\"inLanguage\":\"it-IT\",\"potentialAction\":[{\"@type\":\"ReadAction\",\"target\":[\"https:\/\/welaikaadv.site\/avviso\/home\/cosa-facciamo\/informare\/documenti-tematici\/gioco-dazzardo\/il-consiglio-di-stato-si-pronuncia-sullincompatibilita-di-una-sala-giochi-in-una-zona-a-destinazione-sportiva\/\"]}]},{\"@type\":\"BreadcrumbList\",\"@id\":\"https:\/\/welaikaadv.site\/avviso\/home\/cosa-facciamo\/informare\/documenti-tematici\/gioco-dazzardo\/il-consiglio-di-stato-si-pronuncia-sullincompatibilita-di-una-sala-giochi-in-una-zona-a-destinazione-sportiva\/#breadcrumb\",\"itemListElement\":[{\"@type\":\"ListItem\",\"position\":1,\"name\":\"Home\",\"item\":\"https:\/\/welaikaadv.site\/avviso\/\"},{\"@type\":\"ListItem\",\"position\":2,\"name\":\"IL CONSIGLIO DI STATO SI PRONUNCIA SULL\u2019INCOMPATIBILIT\u00c0 DI UNA SALA GIOCHI IN UNA ZONA A DESTINAZIONE SPORTIVA\"}]},{\"@type\":\"WebSite\",\"@id\":\"https:\/\/welaikaadv.site\/avviso\/#website\",\"url\":\"https:\/\/welaikaadv.site\/avviso\/\",\"name\":\"Staging Avviso Pubblico\",\"description\":\"\",\"publisher\":{\"@id\":\"https:\/\/welaikaadv.site\/avviso\/#organization\"},\"potentialAction\":[{\"@type\":\"SearchAction\",\"target\":{\"@type\":\"EntryPoint\",\"urlTemplate\":\"https:\/\/welaikaadv.site\/avviso\/?s={search_term_string}\"},\"query-input\":{\"@type\":\"PropertyValueSpecification\",\"valueRequired\":true,\"valueName\":\"search_term_string\"}}],\"inLanguage\":\"it-IT\"},{\"@type\":\"Organization\",\"@id\":\"https:\/\/welaikaadv.site\/avviso\/#organization\",\"name\":\"Staging Avviso Pubblico\",\"url\":\"https:\/\/welaikaadv.site\/avviso\/\",\"logo\":{\"@type\":\"ImageObject\",\"inLanguage\":\"it-IT\",\"@id\":\"https:\/\/welaikaadv.site\/avviso\/#\/schema\/logo\/image\/\",\"url\":\"https:\/\/welaikaadv.site\/avviso\/wp-content\/uploads\/2024\/08\/logoAPsito-400.png\",\"contentUrl\":\"https:\/\/welaikaadv.site\/avviso\/wp-content\/uploads\/2024\/08\/logoAPsito-400.png\",\"width\":400,\"height\":97,\"caption\":\"Staging Avviso Pubblico\"},\"image\":{\"@id\":\"https:\/\/welaikaadv.site\/avviso\/#\/schema\/logo\/image\/\"}}]}<\/script>\n<!-- \/ Yoast SEO plugin. -->","yoast_head_json":{"title":"IL CONSIGLIO DI STATO SI PRONUNCIA SULL\u2019INCOMPATIBILIT\u00c0 DI UNA SALA GIOCHI IN UNA ZONA A DESTINAZIONE SPORTIVA - Staging Avviso Pubblico","robots":{"index":"noindex","follow":"follow","max-snippet":"max-snippet:-1","max-image-preview":"max-image-preview:large","max-video-preview":"max-video-preview:-1"},"og_locale":"it_IT","og_type":"article","og_title":"IL CONSIGLIO DI STATO SI PRONUNCIA SULL\u2019INCOMPATIBILIT\u00c0 DI UNA SALA GIOCHI IN UNA ZONA A DESTINAZIONE SPORTIVA - Staging Avviso Pubblico","og_description":"Il caso. Una societ\u00e0 operante nel settore dei giochi ha presentato, nel Gennaio 2018, al Comune di Monteforte Irpino (Av) una Cila (Comunicazione inizio lavori&nbsp;[&hellip;]Leggi tutto IL CONSIGLIO DI STATO SI PRONUNCIA SULL\u2019INCOMPATIBILIT\u00c0 DI UNA SALA GIOCHI IN UNA ZONA A DESTINAZIONE SPORTIVA &rarr;","og_url":"https:\/\/welaikaadv.site\/avviso\/home\/cosa-facciamo\/informare\/documenti-tematici\/gioco-dazzardo\/il-consiglio-di-stato-si-pronuncia-sullincompatibilita-di-una-sala-giochi-in-una-zona-a-destinazione-sportiva\/","og_site_name":"Staging Avviso Pubblico","twitter_card":"summary_large_image","twitter_misc":{"Tempo di lettura stimato":"2 minuti"},"schema":{"@context":"https:\/\/schema.org","@graph":[{"@type":"WebPage","@id":"https:\/\/welaikaadv.site\/avviso\/home\/cosa-facciamo\/informare\/documenti-tematici\/gioco-dazzardo\/il-consiglio-di-stato-si-pronuncia-sullincompatibilita-di-una-sala-giochi-in-una-zona-a-destinazione-sportiva\/","url":"https:\/\/welaikaadv.site\/avviso\/home\/cosa-facciamo\/informare\/documenti-tematici\/gioco-dazzardo\/il-consiglio-di-stato-si-pronuncia-sullincompatibilita-di-una-sala-giochi-in-una-zona-a-destinazione-sportiva\/","name":"IL CONSIGLIO DI STATO SI PRONUNCIA SULL\u2019INCOMPATIBILIT\u00c0 DI UNA SALA GIOCHI IN UNA ZONA A DESTINAZIONE SPORTIVA - Staging Avviso Pubblico","isPartOf":{"@id":"https:\/\/welaikaadv.site\/avviso\/#website"},"datePublished":"2021-12-17T14:42:20+00:00","breadcrumb":{"@id":"https:\/\/welaikaadv.site\/avviso\/home\/cosa-facciamo\/informare\/documenti-tematici\/gioco-dazzardo\/il-consiglio-di-stato-si-pronuncia-sullincompatibilita-di-una-sala-giochi-in-una-zona-a-destinazione-sportiva\/#breadcrumb"},"inLanguage":"it-IT","potentialAction":[{"@type":"ReadAction","target":["https:\/\/welaikaadv.site\/avviso\/home\/cosa-facciamo\/informare\/documenti-tematici\/gioco-dazzardo\/il-consiglio-di-stato-si-pronuncia-sullincompatibilita-di-una-sala-giochi-in-una-zona-a-destinazione-sportiva\/"]}]},{"@type":"BreadcrumbList","@id":"https:\/\/welaikaadv.site\/avviso\/home\/cosa-facciamo\/informare\/documenti-tematici\/gioco-dazzardo\/il-consiglio-di-stato-si-pronuncia-sullincompatibilita-di-una-sala-giochi-in-una-zona-a-destinazione-sportiva\/#breadcrumb","itemListElement":[{"@type":"ListItem","position":1,"name":"Home","item":"https:\/\/welaikaadv.site\/avviso\/"},{"@type":"ListItem","position":2,"name":"IL CONSIGLIO DI STATO SI PRONUNCIA SULL\u2019INCOMPATIBILIT\u00c0 DI UNA SALA GIOCHI IN UNA ZONA A DESTINAZIONE SPORTIVA"}]},{"@type":"WebSite","@id":"https:\/\/welaikaadv.site\/avviso\/#website","url":"https:\/\/welaikaadv.site\/avviso\/","name":"Staging Avviso Pubblico","description":"","publisher":{"@id":"https:\/\/welaikaadv.site\/avviso\/#organization"},"potentialAction":[{"@type":"SearchAction","target":{"@type":"EntryPoint","urlTemplate":"https:\/\/welaikaadv.site\/avviso\/?s={search_term_string}"},"query-input":{"@type":"PropertyValueSpecification","valueRequired":true,"valueName":"search_term_string"}}],"inLanguage":"it-IT"},{"@type":"Organization","@id":"https:\/\/welaikaadv.site\/avviso\/#organization","name":"Staging Avviso Pubblico","url":"https:\/\/welaikaadv.site\/avviso\/","logo":{"@type":"ImageObject","inLanguage":"it-IT","@id":"https:\/\/welaikaadv.site\/avviso\/#\/schema\/logo\/image\/","url":"https:\/\/welaikaadv.site\/avviso\/wp-content\/uploads\/2024\/08\/logoAPsito-400.png","contentUrl":"https:\/\/welaikaadv.site\/avviso\/wp-content\/uploads\/2024\/08\/logoAPsito-400.png","width":400,"height":97,"caption":"Staging Avviso Pubblico"},"image":{"@id":"https:\/\/welaikaadv.site\/avviso\/#\/schema\/logo\/image\/"}}]}},"_links":{"self":[{"href":"https:\/\/welaikaadv.site\/avviso\/wp-json\/wp\/v2\/pages\/47218","targetHints":{"allow":["GET"]}}],"collection":[{"href":"https:\/\/welaikaadv.site\/avviso\/wp-json\/wp\/v2\/pages"}],"about":[{"href":"https:\/\/welaikaadv.site\/avviso\/wp-json\/wp\/v2\/types\/page"}],"author":[{"embeddable":true,"href":"https:\/\/welaikaadv.site\/avviso\/wp-json\/wp\/v2\/users\/1"}],"replies":[{"embeddable":true,"href":"https:\/\/welaikaadv.site\/avviso\/wp-json\/wp\/v2\/comments?post=47218"}],"version-history":[{"count":0,"href":"https:\/\/welaikaadv.site\/avviso\/wp-json\/wp\/v2\/pages\/47218\/revisions"}],"up":[{"embeddable":true,"href":"https:\/\/welaikaadv.site\/avviso\/wp-json\/wp\/v2\/pages\/202"}],"wp:attachment":[{"href":"https:\/\/welaikaadv.site\/avviso\/wp-json\/wp\/v2\/media?parent=47218"}],"curies":[{"name":"wp","href":"https:\/\/api.w.org\/{rel}","templated":true}]}}