{"id":47311,"date":"2022-01-03T10:15:31","date_gmt":"2022-01-03T09:15:31","guid":{"rendered":"https:\/\/www.avvisopubblico.it\/home\/?page_id=47311"},"modified":"2022-01-03T10:15:31","modified_gmt":"2022-01-03T09:15:31","slug":"legge-n-234-del-2021-bilancio-di-previsione-dello-stato-per-lanno-finanziario-2022-e-bilancio-pluriennale-per-il-triennio-2022-2024","status":"publish","type":"page","link":"https:\/\/welaikaadv.site\/avviso\/home\/cosa-facciamo\/informare\/osservatorio-parlamentare\/attivita-legislativa\/leggi-approvate\/legge-n-234-del-2021-bilancio-di-previsione-dello-stato-per-lanno-finanziario-2022-e-bilancio-pluriennale-per-il-triennio-2022-2024\/","title":{"rendered":"LEGGE N. 234 DEL 2021: BILANCIO DI PREVISIONE DELLO STATO PER L\u2019ANNO FINANZIARIO 2022 E BILANCIO PLURIENNALE PER IL TRIENNIO 2022-2024"},"content":{"rendered":"<p>Nella legge n. <a href=\"https:\/\/www.gazzettaufficiale.it\/atto\/serie_generale\/caricaDettaglioAtto\/originario?atto.dataPubblicazioneGazzetta=2021-12-31&amp;atto.codiceRedazionale=21G00256&amp;elenco30giorni=false\">234<\/a> del 2021 (Legge di Bilancio per il 2022) sono presenti alcune disposizioni che interessano da vicino la lotta alla criminalit\u00e0 organizzata e all\u2019usura oltre ai temi relativi a gioco d\u2019azzardo e dipendenze.<\/p>\n<p><strong>Beni confiscati.<\/strong> All\u2019articolo 1, commi 475 e 476, si prevede che nell\u2019ambito degli interventi volti ad assicurare la funzionalit\u00e0 dei servizi di istituto dell\u2019organizzazione territoriale e del Comando per la tutela forestale dell\u2019Arma dei carabinieri e dei servizi di istituto della Guardia di finanza si ricorra preferibilmente (tra gli altri) anche alla rifunzionalizzazione degli immobili confiscati alla criminalit\u00e0 organizzata ai sensi del Codice Antimafia, anche attraverso il loro abbattimento e successiva ricostruzione laddove economicamente pi\u00f9 vantaggioso. Si prevede, inoltre, che vengano stanziati dei fondi per la ristrutturazione delle caserme demaniali dell\u2019Arma dei Carabinieri e della Guardia di Finanza, comprese quelle confiscate alla criminalit\u00e0 organizzata.<\/p>\n<p>Inoltre, nello stato di previsione del Ministero dell\u2019Interno (Tabella 8), alla voce 1.1 \u00e8 previsto un contributo all\u2019Agenzia dei Beni Confiscati di 14,8 milioni per il 2022 e di 13,8 milioni per il 2023 e il 2024.<\/p>\n<p><strong>Amministratori sotto tiro.<\/strong> All&#8217;articolo 1, comma 589, viene istituito, nello stato di previsione del Ministero dell&#8217;Interno, un fondo con dotazione di 5 milioni di euro per ciascun anno (2022-2024), rivolto agli Enti locali e finalizzato all&#8217;adozione di iniziative per la promozione della legalit\u00e0 e di misure di ristoro del patrimonio dell&#8217;Ente o in favore di amministratori locali che hanno subito episodi di intimidazione connessi all&#8217;esercizio delle funzioni esercitate.<\/p>\n<p>Un decreto del Ministero dell&#8217;Interno, da adottare entro sessanta giorni di concerto con il Ministro dell&#8217;Istruzione e il Ministro dell&#8217;Economia e delle Finanze e sentita la Conferenza Stato-Citt\u00e0 ed autonomie locali, definir\u00e0 criteri e modalit\u00e0 di ripartizione del fondo.<\/p>\n<p><strong>Attivit\u00e0 antimafia nelle Universit\u00e0.<\/strong> All\u2019articolo 1, commi 774 e 775, si prevede che, al fine di favorire attivit\u00e0 seminariali e di studio e iniziative studentesche e di promuovere la cultura della legalit\u00e0, la condivisione dei princ\u00ecpi costituzionali e l\u2019impegno contro le mafie e la violenza, \u201c\u00e8 istituito il Fondo per la diffusione della cultura della legalit\u00e0\u201d; tale fondo \u00e8 \u201cistituito nello stato di previsione del Ministero dell\u2019universit\u00e0 e della ricerca, con una dotazione di 1 milione di euro per l\u2019anno 2022\u201d ed \u201c\u00e8 destinato alle universit\u00e0 statali italiane per le diverse attivit\u00e0\u201d.<\/p>\n<p><strong>Vittime di mafia e usura.<\/strong> Alla voce 1.1 dello stato di previsione del Ministero dell\u2019Interno (Tabella 8) si segnala, inoltre, che sono stanziati, quali Interventi per il Fondo delle vittime dell\u2019usura e della mafia, 35,4 milioni annui per ciascuno dei tre esercizi. Inoltre, alla voce 5.1 sono disposte speciali elargizioni in favore delle vittime del terrorismo e della criminalit\u00e0 organizzata e delle loro famiglie, pari a 61,5 milioni di euro annui.<\/p>\n<p><strong>Gioco d\u2019azzardo.<\/strong> In primo luogo, l\u2019articolo 1, comma 550, disciplina le modalit\u00e0 di calcolo delle quote spettanti alle province autonome relative alle entrate derivanti dalla raccolta dei giochi con vincita in denaro; altre modifiche, relative sempre alle province autonome, sono poi contenute nel precedente comma 549, che interviene sul DPR 670\/1972 (statuto speciale per il Trentino-Alto Adige).<\/p>\n<p>Al comma 157 \u00e8 prevista l\u2019istituzione del Fondo di intervento per la prevenzione e il contrasto delle dipendenze tra le giovani generazioni: tale Fondo \u00e8 destinato a finanziare la realizzazione di progetti a valenza ed impatto nazionale in materia di prevenzione e contrasto delle dipendenze comportamentali e da sostanze nelle giovani generazioni. La dotazione finanziaria del Fondo \u00e8 costituita con 2 milioni di euro per ciascuno degli anni 2022 e 2023.<\/p>\n<p>Nello stato di previsione dell\u2019entrata, alle voci 1.1.10, 1.1.11 e 1.1.12, si prevedono, rispettivamente, introiti pari a: 8,102 miliardi annui dal lotto (per ciascuno dei tre anni); 5,140 miliardi per il 2022 da imposte gravanti sui giochi (che diventano 5,235 miliardi nel 2023 e 5,304 miliardi nel 2024); 382 milioni per il 2022 da lotterie e altri giochi (383 nel 2023 e 384 nel 2024).<\/p>\n<p class=\"p1\">Alla voce 1.4 dello stato di previsione del Ministero dell\u2019Economia e delle Finanze si prevedono stanziamenti annui pari a 16 miliardi di euro per vincite su giochi e lotterie, e ulteriori 3 miliardi di euro quali aggi su giochi e lotterie (per le scommesse ippiche gli stanziamenti per le vincite sono pari a 404 milioni annui e per gli aggi sono di 63,5 milioni).<\/p>\n","protected":false},"excerpt":{"rendered":"<p>Nella legge n. 234 del 2021 (Legge di Bilancio per il 2022) sono presenti alcune disposizioni che interessano da vicino la lotta alla criminalit\u00e0 organizzata&nbsp;<span class=\"hellipsis\">[&hellip;]<\/span><a class=\"more-link\" href=\"https:\/\/welaikaadv.site\/avviso\/home\/cosa-facciamo\/informare\/osservatorio-parlamentare\/attivita-legislativa\/leggi-approvate\/legge-n-234-del-2021-bilancio-di-previsione-dello-stato-per-lanno-finanziario-2022-e-bilancio-pluriennale-per-il-triennio-2022-2024\/\">Leggi tutto <span class=\"screen-reader-text\">LEGGE N. 234 DEL 2021: BILANCIO DI PREVISIONE DELLO STATO PER L\u2019ANNO FINANZIARIO 2022 E BILANCIO PLURIENNALE PER IL TRIENNIO 2022-2024<\/span> <span class=\"meta-nav\" aria-hidden=\"true\">&rarr;<\/span><\/a><\/p>\n","protected":false},"author":1,"featured_media":0,"parent":2575,"menu_order":0,"comment_status":"closed","ping_status":"closed","template":"","meta":{"_acf_changed":false,"_exactmetrics_skip_tracking":false,"_exactmetrics_sitenote_active":false,"_exactmetrics_sitenote_note":"","_exactmetrics_sitenote_category":0,"wp_social_preview_title":"","wp_social_preview_description":"","wp_social_preview_image":0,"footnotes":""},"class_list":["post-47311","page","type-page","status-publish","hentry"],"acf":[],"yoast_head":"<!-- This site is optimized with the Yoast SEO plugin v27.2 - https:\/\/yoast.com\/product\/yoast-seo-wordpress\/ -->\n<title>LEGGE N. 234 DEL 2021: BILANCIO DI PREVISIONE DELLO STATO PER L\u2019ANNO FINANZIARIO 2022 E BILANCIO PLURIENNALE PER IL TRIENNIO 2022-2024 - Staging Avviso Pubblico<\/title>\n<meta name=\"robots\" content=\"noindex, follow, max-snippet:-1, max-image-preview:large, max-video-preview:-1\" \/>\n<meta property=\"og:locale\" content=\"it_IT\" \/>\n<meta property=\"og:type\" content=\"article\" \/>\n<meta property=\"og:title\" content=\"LEGGE N. 234 DEL 2021: BILANCIO DI PREVISIONE DELLO STATO PER L\u2019ANNO FINANZIARIO 2022 E BILANCIO PLURIENNALE PER IL TRIENNIO 2022-2024 - Staging Avviso Pubblico\" \/>\n<meta property=\"og:description\" content=\"Nella legge n. 234 del 2021 (Legge di Bilancio per il 2022) sono presenti alcune disposizioni che interessano da vicino la lotta alla criminalit\u00e0 organizzata&nbsp;[&hellip;]Leggi tutto LEGGE N. 234 DEL 2021: BILANCIO DI PREVISIONE DELLO STATO PER L\u2019ANNO FINANZIARIO 2022 E BILANCIO PLURIENNALE PER IL TRIENNIO 2022-2024 &rarr;\" \/>\n<meta property=\"og:url\" content=\"https:\/\/welaikaadv.site\/avviso\/home\/cosa-facciamo\/informare\/osservatorio-parlamentare\/attivita-legislativa\/leggi-approvate\/legge-n-234-del-2021-bilancio-di-previsione-dello-stato-per-lanno-finanziario-2022-e-bilancio-pluriennale-per-il-triennio-2022-2024\/\" \/>\n<meta property=\"og:site_name\" content=\"Staging Avviso Pubblico\" \/>\n<meta name=\"twitter:card\" content=\"summary_large_image\" \/>\n<meta name=\"twitter:label1\" content=\"Tempo di lettura stimato\" \/>\n\t<meta name=\"twitter:data1\" content=\"4 minuti\" \/>\n<script type=\"application\/ld+json\" class=\"yoast-schema-graph\">{\"@context\":\"https:\/\/schema.org\",\"@graph\":[{\"@type\":\"WebPage\",\"@id\":\"https:\/\/welaikaadv.site\/avviso\/home\/cosa-facciamo\/informare\/osservatorio-parlamentare\/attivita-legislativa\/leggi-approvate\/legge-n-234-del-2021-bilancio-di-previsione-dello-stato-per-lanno-finanziario-2022-e-bilancio-pluriennale-per-il-triennio-2022-2024\/\",\"url\":\"https:\/\/welaikaadv.site\/avviso\/home\/cosa-facciamo\/informare\/osservatorio-parlamentare\/attivita-legislativa\/leggi-approvate\/legge-n-234-del-2021-bilancio-di-previsione-dello-stato-per-lanno-finanziario-2022-e-bilancio-pluriennale-per-il-triennio-2022-2024\/\",\"name\":\"LEGGE N. 234 DEL 2021: BILANCIO DI PREVISIONE DELLO STATO PER L\u2019ANNO FINANZIARIO 2022 E BILANCIO PLURIENNALE PER IL TRIENNIO 2022-2024 - Staging Avviso Pubblico\",\"isPartOf\":{\"@id\":\"https:\/\/welaikaadv.site\/avviso\/#website\"},\"datePublished\":\"2022-01-03T09:15:31+00:00\",\"breadcrumb\":{\"@id\":\"https:\/\/welaikaadv.site\/avviso\/home\/cosa-facciamo\/informare\/osservatorio-parlamentare\/attivita-legislativa\/leggi-approvate\/legge-n-234-del-2021-bilancio-di-previsione-dello-stato-per-lanno-finanziario-2022-e-bilancio-pluriennale-per-il-triennio-2022-2024\/#breadcrumb\"},\"inLanguage\":\"it-IT\",\"potentialAction\":[{\"@type\":\"ReadAction\",\"target\":[\"https:\/\/welaikaadv.site\/avviso\/home\/cosa-facciamo\/informare\/osservatorio-parlamentare\/attivita-legislativa\/leggi-approvate\/legge-n-234-del-2021-bilancio-di-previsione-dello-stato-per-lanno-finanziario-2022-e-bilancio-pluriennale-per-il-triennio-2022-2024\/\"]}]},{\"@type\":\"BreadcrumbList\",\"@id\":\"https:\/\/welaikaadv.site\/avviso\/home\/cosa-facciamo\/informare\/osservatorio-parlamentare\/attivita-legislativa\/leggi-approvate\/legge-n-234-del-2021-bilancio-di-previsione-dello-stato-per-lanno-finanziario-2022-e-bilancio-pluriennale-per-il-triennio-2022-2024\/#breadcrumb\",\"itemListElement\":[{\"@type\":\"ListItem\",\"position\":1,\"name\":\"Home\",\"item\":\"https:\/\/welaikaadv.site\/avviso\/\"},{\"@type\":\"ListItem\",\"position\":2,\"name\":\"LEGGE N. 234 DEL 2021: BILANCIO DI PREVISIONE DELLO STATO PER L\u2019ANNO FINANZIARIO 2022 E BILANCIO PLURIENNALE PER IL TRIENNIO 2022-2024\"}]},{\"@type\":\"WebSite\",\"@id\":\"https:\/\/welaikaadv.site\/avviso\/#website\",\"url\":\"https:\/\/welaikaadv.site\/avviso\/\",\"name\":\"Staging Avviso Pubblico\",\"description\":\"\",\"publisher\":{\"@id\":\"https:\/\/welaikaadv.site\/avviso\/#organization\"},\"potentialAction\":[{\"@type\":\"SearchAction\",\"target\":{\"@type\":\"EntryPoint\",\"urlTemplate\":\"https:\/\/welaikaadv.site\/avviso\/?s={search_term_string}\"},\"query-input\":{\"@type\":\"PropertyValueSpecification\",\"valueRequired\":true,\"valueName\":\"search_term_string\"}}],\"inLanguage\":\"it-IT\"},{\"@type\":\"Organization\",\"@id\":\"https:\/\/welaikaadv.site\/avviso\/#organization\",\"name\":\"Staging Avviso Pubblico\",\"url\":\"https:\/\/welaikaadv.site\/avviso\/\",\"logo\":{\"@type\":\"ImageObject\",\"inLanguage\":\"it-IT\",\"@id\":\"https:\/\/welaikaadv.site\/avviso\/#\/schema\/logo\/image\/\",\"url\":\"https:\/\/welaikaadv.site\/avviso\/wp-content\/uploads\/2024\/08\/logoAPsito-400.png\",\"contentUrl\":\"https:\/\/welaikaadv.site\/avviso\/wp-content\/uploads\/2024\/08\/logoAPsito-400.png\",\"width\":400,\"height\":97,\"caption\":\"Staging Avviso Pubblico\"},\"image\":{\"@id\":\"https:\/\/welaikaadv.site\/avviso\/#\/schema\/logo\/image\/\"}}]}<\/script>\n<!-- \/ Yoast SEO plugin. -->","yoast_head_json":{"title":"LEGGE N. 234 DEL 2021: BILANCIO DI PREVISIONE DELLO STATO PER L\u2019ANNO FINANZIARIO 2022 E BILANCIO PLURIENNALE PER IL TRIENNIO 2022-2024 - Staging Avviso Pubblico","robots":{"index":"noindex","follow":"follow","max-snippet":"max-snippet:-1","max-image-preview":"max-image-preview:large","max-video-preview":"max-video-preview:-1"},"og_locale":"it_IT","og_type":"article","og_title":"LEGGE N. 234 DEL 2021: BILANCIO DI PREVISIONE DELLO STATO PER L\u2019ANNO FINANZIARIO 2022 E BILANCIO PLURIENNALE PER IL TRIENNIO 2022-2024 - Staging Avviso Pubblico","og_description":"Nella legge n. 234 del 2021 (Legge di Bilancio per il 2022) sono presenti alcune disposizioni che interessano da vicino la lotta alla criminalit\u00e0 organizzata&nbsp;[&hellip;]Leggi tutto LEGGE N. 234 DEL 2021: BILANCIO DI PREVISIONE DELLO STATO PER L\u2019ANNO FINANZIARIO 2022 E BILANCIO PLURIENNALE PER IL TRIENNIO 2022-2024 &rarr;","og_url":"https:\/\/welaikaadv.site\/avviso\/home\/cosa-facciamo\/informare\/osservatorio-parlamentare\/attivita-legislativa\/leggi-approvate\/legge-n-234-del-2021-bilancio-di-previsione-dello-stato-per-lanno-finanziario-2022-e-bilancio-pluriennale-per-il-triennio-2022-2024\/","og_site_name":"Staging Avviso Pubblico","twitter_card":"summary_large_image","twitter_misc":{"Tempo di lettura stimato":"4 minuti"},"schema":{"@context":"https:\/\/schema.org","@graph":[{"@type":"WebPage","@id":"https:\/\/welaikaadv.site\/avviso\/home\/cosa-facciamo\/informare\/osservatorio-parlamentare\/attivita-legislativa\/leggi-approvate\/legge-n-234-del-2021-bilancio-di-previsione-dello-stato-per-lanno-finanziario-2022-e-bilancio-pluriennale-per-il-triennio-2022-2024\/","url":"https:\/\/welaikaadv.site\/avviso\/home\/cosa-facciamo\/informare\/osservatorio-parlamentare\/attivita-legislativa\/leggi-approvate\/legge-n-234-del-2021-bilancio-di-previsione-dello-stato-per-lanno-finanziario-2022-e-bilancio-pluriennale-per-il-triennio-2022-2024\/","name":"LEGGE N. 234 DEL 2021: BILANCIO DI PREVISIONE DELLO STATO PER L\u2019ANNO FINANZIARIO 2022 E BILANCIO PLURIENNALE PER IL TRIENNIO 2022-2024 - Staging Avviso Pubblico","isPartOf":{"@id":"https:\/\/welaikaadv.site\/avviso\/#website"},"datePublished":"2022-01-03T09:15:31+00:00","breadcrumb":{"@id":"https:\/\/welaikaadv.site\/avviso\/home\/cosa-facciamo\/informare\/osservatorio-parlamentare\/attivita-legislativa\/leggi-approvate\/legge-n-234-del-2021-bilancio-di-previsione-dello-stato-per-lanno-finanziario-2022-e-bilancio-pluriennale-per-il-triennio-2022-2024\/#breadcrumb"},"inLanguage":"it-IT","potentialAction":[{"@type":"ReadAction","target":["https:\/\/welaikaadv.site\/avviso\/home\/cosa-facciamo\/informare\/osservatorio-parlamentare\/attivita-legislativa\/leggi-approvate\/legge-n-234-del-2021-bilancio-di-previsione-dello-stato-per-lanno-finanziario-2022-e-bilancio-pluriennale-per-il-triennio-2022-2024\/"]}]},{"@type":"BreadcrumbList","@id":"https:\/\/welaikaadv.site\/avviso\/home\/cosa-facciamo\/informare\/osservatorio-parlamentare\/attivita-legislativa\/leggi-approvate\/legge-n-234-del-2021-bilancio-di-previsione-dello-stato-per-lanno-finanziario-2022-e-bilancio-pluriennale-per-il-triennio-2022-2024\/#breadcrumb","itemListElement":[{"@type":"ListItem","position":1,"name":"Home","item":"https:\/\/welaikaadv.site\/avviso\/"},{"@type":"ListItem","position":2,"name":"LEGGE N. 234 DEL 2021: BILANCIO DI PREVISIONE DELLO STATO PER L\u2019ANNO FINANZIARIO 2022 E BILANCIO PLURIENNALE PER IL TRIENNIO 2022-2024"}]},{"@type":"WebSite","@id":"https:\/\/welaikaadv.site\/avviso\/#website","url":"https:\/\/welaikaadv.site\/avviso\/","name":"Staging Avviso Pubblico","description":"","publisher":{"@id":"https:\/\/welaikaadv.site\/avviso\/#organization"},"potentialAction":[{"@type":"SearchAction","target":{"@type":"EntryPoint","urlTemplate":"https:\/\/welaikaadv.site\/avviso\/?s={search_term_string}"},"query-input":{"@type":"PropertyValueSpecification","valueRequired":true,"valueName":"search_term_string"}}],"inLanguage":"it-IT"},{"@type":"Organization","@id":"https:\/\/welaikaadv.site\/avviso\/#organization","name":"Staging Avviso Pubblico","url":"https:\/\/welaikaadv.site\/avviso\/","logo":{"@type":"ImageObject","inLanguage":"it-IT","@id":"https:\/\/welaikaadv.site\/avviso\/#\/schema\/logo\/image\/","url":"https:\/\/welaikaadv.site\/avviso\/wp-content\/uploads\/2024\/08\/logoAPsito-400.png","contentUrl":"https:\/\/welaikaadv.site\/avviso\/wp-content\/uploads\/2024\/08\/logoAPsito-400.png","width":400,"height":97,"caption":"Staging Avviso Pubblico"},"image":{"@id":"https:\/\/welaikaadv.site\/avviso\/#\/schema\/logo\/image\/"}}]}},"_links":{"self":[{"href":"https:\/\/welaikaadv.site\/avviso\/wp-json\/wp\/v2\/pages\/47311","targetHints":{"allow":["GET"]}}],"collection":[{"href":"https:\/\/welaikaadv.site\/avviso\/wp-json\/wp\/v2\/pages"}],"about":[{"href":"https:\/\/welaikaadv.site\/avviso\/wp-json\/wp\/v2\/types\/page"}],"author":[{"embeddable":true,"href":"https:\/\/welaikaadv.site\/avviso\/wp-json\/wp\/v2\/users\/1"}],"replies":[{"embeddable":true,"href":"https:\/\/welaikaadv.site\/avviso\/wp-json\/wp\/v2\/comments?post=47311"}],"version-history":[{"count":0,"href":"https:\/\/welaikaadv.site\/avviso\/wp-json\/wp\/v2\/pages\/47311\/revisions"}],"up":[{"embeddable":true,"href":"https:\/\/welaikaadv.site\/avviso\/wp-json\/wp\/v2\/pages\/2575"}],"wp:attachment":[{"href":"https:\/\/welaikaadv.site\/avviso\/wp-json\/wp\/v2\/media?parent=47311"}],"curies":[{"name":"wp","href":"https:\/\/api.w.org\/{rel}","templated":true}]}}