{"id":47347,"date":"2022-01-04T12:24:25","date_gmt":"2022-01-04T11:24:25","guid":{"rendered":"https:\/\/www.avvisopubblico.it\/home\/?page_id=47347"},"modified":"2022-01-04T12:24:25","modified_gmt":"2022-01-04T11:24:25","slug":"5-rapporto-sui-fenomeni-corruttivi-e-di-criminalita-organizzata-in-toscana-scheda-di-sintesi","status":"publish","type":"page","link":"https:\/\/welaikaadv.site\/avviso\/home\/cosa-facciamo\/informare\/documenti-tematici\/mafie\/5-rapporto-sui-fenomeni-corruttivi-e-di-criminalita-organizzata-in-toscana-scheda-di-sintesi\/","title":{"rendered":"5\u00b0 Rapporto sui Fenomeni Corruttivi e di Criminalit\u00e0 Organizzata in Toscana: scheda di sintesi"},"content":{"rendered":"<p><strong>Premessa.<\/strong> Si \u00e8 svolta il 15 dicembre 2021, <a href=\"https:\/\/www.youtube.com\/watch?v=n8N1tgU9jTU\">in diretta streaming sul canale YouTube della Regione Toscana<\/a>, la presentazione della <strong><a href=\"https:\/\/www.regione.toscana.it\/documents\/10180\/23864036\/V%20rapporto%20corruzione%20e%20criminalit%C3%A0%20in%20Toscana\/0096efcd-af0e-93dd-b1b9-3a6c755d119c\">Quinta Relazione scientifica relativa alla ricerca sui fenomeni di corruzione e di criminalit\u00e0 organizzata in Toscana<\/a>.<br \/>\n<\/strong><\/p>\n<p>Il Rapporto pubblica i risultati di una ricerca, realizzata dalla Scuola Normale Superiore di Pisa in accordo con la Regione Toscana, finalizzata a fornire alle amministrazioni pubbliche e alla societ\u00e0 civile strumenti informativi sull\u2019evoluzione dei fenomeni corruttivi e di criminalit\u00e0 organizzata in Toscana per l\u2019anno 2020, le loro dinamiche di riproduzione e sviluppo criminale alla luce della crisi sanitaria.<\/p>\n<p>Il rapporto \u00e8 articolato in due macro-sezioni. La prima sezione aggiorna le precedenti analisi sui fenomeni di criminalit\u00e0 organizzata fornendo un approfondimento sui processi di espansione e riproduzione nei mercati legali e non della regione. La seconda sezione presenta, invece, i principali andamenti relativi alla corruzione politica e amministrativa in Toscana.<\/p>\n<p>Nel rapporto vengono analizzati tre principali focus tematici: un\u2019indagine sulle forme di sfruttamento lavorativo e caporalato, uno studio sulle infiltrazioni criminali nel sistema portuale della Toscana e un\u2019analisi ad ampio spettro sui beni confiscati in Toscana.<\/p>\n<p>&nbsp;<\/p>\n<p><strong><span style=\"text-decoration: underline;\">Criminalit\u00e0 organizzata<\/span>.<\/strong> Nel 2020 non sono ancora emerse evidenze di un radicamento organizzativo delle mafie sul territorio regionale, a differenza invece, come sappiamo di altre regioni del centro-nord.<\/p>\n<p>Questo per\u00f2, non significa che la regione sia immune dalla presenza della criminalit\u00e0 organizzata, ma che esiste una \u201cvariante\u201d toscana dei fenomeni mafiosi che si manifesta in diverse modalit\u00e0 e per questo \u00e8 anche pi\u00f9 difficile da localizzare e investigare.<\/p>\n<p>In base all\u2019analisi dei principali eventi riconducibili alla criminalit\u00e0 organizzata di origine nazionale, la presenza di organizzazioni di matrice camorristica risulta la pi\u00f9 diffusa ed eterogenea per strategie di business criminale (38%); i gruppi \u2019ndranghetisti (29%) confermano invece la loro capacit\u00e0 nel promuovere attivit\u00e0 illecite su larga scala, dal traffico di stupefacenti al condizionamento dell\u2019economia legale. Per quanto riguarda le organizzazioni di origine siciliana (21%) rivelano il perdurare di relazioni tra gruppi ancora operativi nell\u2019isola e soggetti da tempo trasferitisi sul territorio toscano.<\/p>\n<p>Sono inoltre sempre pi\u00f9 organizzate le associazioni criminali transnazionali, soprattutto nel traffico di stupefacenti, seguito da favoreggiamento della migrazione clandestina e caporalato. In particolare, le organizzazioni criminali straniere, come quelle albanesi hanno acquisito una posizione privilegiata nel mercato toscano degli stupefacenti.<\/p>\n<p>Nel 2020 la Toscana \u00e8 stata la seconda regione in Italia per quantitativo di cocaina sequestrata (kg 3495) con un incremento del 199% rispetto al 2019. Nel 2020, il porto di Livorno ha fatto registrare il picco pi\u00f9 alto dei sequestri rispetto agli ultimi dieci anni.<\/p>\n<p>Sul territorio toscano le organizzazioni criminali sono particolarmente interessate agli investimenti nel settore privato, il quale si trova pi\u00f9 vulnerabile per via dell\u2019incremento di domanda di capitali e di compravendite di attivit\u00e0 economiche in difficolt\u00e0 finanziarie dovute all\u2019emergenza sanitaria.<\/p>\n<p>Secondo i dati U.I.F. di Banca d\u2019Italia, la provincia di Prato conferma il primato nazionale per numero pro-capite di segnalazioni sospette. Rispetto al mercato dei contratti pubblici e delle concessioni\/autorizzazioni, <strong>la Toscana \u00e8 la terza regione del Centro Nord Italia per numero di provvedimenti interdittivi emessi dalle prefetture nel corso del 2020<\/strong>, confermando la vulnerabilit\u00e0 sia dei lavori che dei servizi.<\/p>\n<p>&nbsp;<\/p>\n<p><span style=\"text-decoration: underline;\"><strong>Sistema portuale e traffici illeciti.<\/strong><\/span> Tra gli scali toscani il pi\u00f9 rilevante \u00e8 sicuramente quello di Livorno, non solo nelle dinamiche geopolitiche nazionali e regionali, ma anche come prima esperienza di \u201cporto libero\u201d in Europa.<\/p>\n<p>Il porto di Livorno \u00e8 un porto multi-purpose, dove possono confluire, dunque, ogni tipo di merce e diverse tipologie di navi. Questo lo rende uno scalo particolarmente attrattivo, in cui sia la dimensione commerciale, sia quella crocieristica trovano un importante punto di riferimento.<\/p>\n<p>I risultati di alcune ricerche indicano come i porti possano essere dei veri generatori e attrattori del crimine all\u2019interno dei quali le attivit\u00e0 criminali si riproducono circolarmente autoalimentandosi, questo soprattutto grazie ai grandi spazi e alle possibilit\u00e0 offerte dal posto stesso.<\/p>\n<p>Nel 2020 all\u2019interno del porto di Livorno sono state movimentate 31.781.949 tonnellate di merci, dato che lo colloca al quarto posto nella classifica complessiva italiana. Nelle sue relazioni annuali la D.N.A. ha riconosciuto la centralit\u00e0 del porto di Livorno nel sistema del traffici illeciti nazionali, collocandolo al terzo posto della classifica nazionale dei porti monitorati dalla Direzione.<\/p>\n<p>Il numero di operazioni antidroga avvenute nella provincia di Livorno negli ultimi sette anni \u00e8 in progressivo aumento. I traffici illegali vanno dal traffico di prodotti contraffatti, al contrabbando di prodotti, di sigarette, al traffico di rifiuti. Traffici portati a termine grazie al coinvolgimento nell\u2019attivit\u00e0 criminale di attori operanti all\u2019interno dei porti.<\/p>\n<p><strong>\u00a0<\/strong><\/p>\n<p><strong><span style=\"text-decoration: underline;\">Gravi forme di sfruttamento e caporalato<\/span>. <\/strong>La Toscana, con 209 persone oggetto di grave sfruttamento lavorativo nel 2020, \u00e8 la seconda regione in Italia per numero di vittime identificate nelle attivit\u00e0 ispettive sui luoghi di lavoro.<\/p>\n<p>La maggioranza di casi di sfruttamento lavorativo in Toscana nel periodo luglio 2020\/giugno 2021 coinvolge lavoratori stranieri occupati nelle province di Prato, Firenze e Pistoia in imprese manifatturiere del distretto del tessile, dell\u2019abbigliamento, dell\u2019agricoltura, delle costruzioni e del commercio.<\/p>\n<p>Pi\u00f9 che di lavoro nero, si parla di lavoro grigio, quindi di: sotto-inquadramento, sotto-dichiarazione delle ore lavorate, elusione contributiva. Vi \u00e8 una forte presenza di caporalato e sfruttamento lavorativo soprattutto nei confronti delle fasce pi\u00f9 precarie e vulnerabili della popolazione migrante, in particolare nella comunit\u00e0 egiziana.<\/p>\n<p>Ad agosto 2021 la Regione Toscana ha aggiornato il Protocollo contro il caporalato e lo sfruttamento in agricoltura, sottoscritto nel 2016. Il nuovo \u201cProtocollo sperimentale contro il caporalato e lo sfruttamento lavorativo in agricoltura per l\u2019annualit\u00e0 2021\u201d aggiorna il precedente piano, fornendo indicazioni di prevenzione e di contrasto pi\u00f9 incisive e puntuali. Nelle premesse del documento, vengono richiamati i fattori di rischio legati allo sfruttamento lavorativo e all\u2019intermediazione illegale in agricoltura, in particolare rispetto alla violazione del diritto alla salute e alla sicurezza sul lavoro, all\u2019aumento della vulnerabilit\u00e0 dei lavoratori stranieri e alla possibilit\u00e0 che i circuiti di sfruttamento possano facilitare l\u2019infiltrazione di gruppi criminali.<\/p>\n<p>Vi \u00e8 anche una nuova tipologia di intervento sullo sfruttamento lavorativo, rappresentata da quattro progetti che prevedono azioni di contrasto al caporalato e allo sfruttamento nel settore agricolo. In Toscana si parla di Demetra, Diagrammi Nord, Urban Social Act e Sipla, che coinvolgono reti composite, formate da associazioni datoriali del settore agricolo, sindacati, universit\u00e0, enti del terzo settore, sistema antitratta. Attraverso l\u2019attivit\u00e0 di specifici sportelli e unit\u00e0 mobili, i programmi attuano azioni volte alla consulenza, all\u2019emersione e alla tutela delle vittime di sfruttamento e di caporalato e in alcuni casi azioni di ricerca-intervento e di clinica legale. A seconda del progetto, sono inoltre previste attivit\u00e0 formative e di reinserimento sociale destinate ai lavoratori vulnerabili e\/o interventi di sensibilizzazione e di sostegno all\u2019agricoltura sociale.<\/p>\n<p>La messa a regime di questi progetti pu\u00f2 costituire un\u2019opportunit\u00e0 di rafforzamento delle attivit\u00e0 di contrasto alla filiera dello sfruttamento.<\/p>\n<p>&nbsp;<\/p>\n<p><span style=\"text-decoration: underline;\"><strong>I beni confiscati in Toscana. <\/strong><\/span>Il sequestro e la confisca dei beni riconducibili ad organizzazioni criminali di stampo mafioso, e ad altre attivit\u00e0 illecite dall\u2019elevata pericolosit\u00e0 sociale, rappresenta uno dei principali strumenti della strategia di prevenzione e contrasto antimafia implementata in Italia dagli anni Ottanta e nei decenni successivi. Il riutilizzo sociale di questi beni, a sua volta, contribuisce a rendere questa politica, non solo innovativa a livello internazionale, ma integrata perch\u00e9 identifica un preciso percorso di rigenerazione etica, economica e pubblica di beni.<\/p>\n<p>In Toscana, come in altre regioni italiane, la criminalit\u00e0 organizzata ha da sempre dimostrato elevate capacit\u00e0 di occultamento delle propriet\u00e0 attivit\u00e0 illecite, in particolare di quelle a sfondo economico-patrimoniale. Il riferimento va ai delitti di riciclaggio e di reimpiego di capitali di provenienza illecita, ma anche al condizionamento del mercato degli appalti pubblici.<\/p>\n<p>Esiste quindi anche in toscana una sorta di economia criminale circolare dove forme di criminalit\u00e0 differenti, non per forza di matrice mafiosa, costruiscono relazioni di scambio simbiotiche nel comune interesse di riciclare ed occultare i capitali illeciti prodotti dalle loro attivit\u00e0 di origine.<\/p>\n<p>Sebbene non si possa giungere ad una conclusione definitiva sull\u2019effettivo stato criminale della regione, attraverso questa ricerca, nel corso degli anni si pu\u00f2 notare chiaramente un evoluzione del fenomeno criminale mafioso nella regione.<\/p>\n<p>L\u2019analisi dei provvedimenti di sequestro e confisca dei beni in gestione o destinate da parte dell\u2019ANBSC rappresenta la principale fonte di informazione statistica disponibile sugli investimenti della criminalit\u00e0 organizzata nell\u2019economia locale.<\/p>\n<p>In base alla banca-dati dell\u2019ANBSC, in Toscana il numero totale dei beni confiscati (fonte ANBSC) \u00e8 di 541 beni totali presenti, con un incremento rispetto all\u2019anno precedente del 11%. Di questi, 377 (70% del totale) sono in gestione. 167 sono i beni che risultano destinati sul territorio regionale, mentre resta ancora ampio di numero di beni destinabili perch\u00e9 giunti a confisca definitiva, i quali dal 2019 sono in costante aumento, fenomeno che provoca il rallentamento di destinazione, data l\u2019attesa media di destinazione di 7 anni dalla confisca del bene stesso. Su base provinciale, Arezzo e Pistoia sono le prime in Toscana per numero di beni sotto confisca. I beni immobili rappresentano l\u201988% del totale, il restante \u00e8 costituito da aziende. Entrambi in aumento rispetto all\u2019anno precedente. Su 63 beni classificati come aziende, circa il 25% \u00e8 costituito da aziende nel settore del commercio ingrosso-dettaglio, seguito da alberghi e ristoranti (21%) e da quello immobiliare e servizi alle aziende (17%).<\/p>\n<p>&nbsp;<\/p>\n<p><strong><span style=\"text-decoration: underline;\">Fenomeni corruttivi<\/span>. <\/strong>Nel 2020, come nei precedenti rapporti, si registra in Toscana, uno spostamento del baricentro invisibile dell\u2019autorit\u00e0 di organizzazione, gestione e governo degli scambi occulti pi\u00f9 orientato verso dirigenti e funzionari pubblici, e verso una gamma di attori privati: imprenditori, mediatori, faccendieri, professionisti, gruppi criminali.<\/p>\n<p>Con il sopracitato spostamento del baricentro verso il privato, si accende un segnale di allarme sulla vulnerabilit\u00e0 delle societ\u00e0 pubbliche e partecipate a fenomeni di potenziale abuso di potere. Anche nel 2020 si ha la conferma del coinvolgimento di figure professionali delle reti della corruzione, in particolare quelle di tipo sistemico. Nel 2020 gli imprenditori dominano la scena quali attori privati, presenti in 11 casi, in aumento sia in termini assoluti che percentuali. I soggetti con responsabilit\u00e0 politica che fino ai rapporti precedenti erano presenze marginali, nel 2020 sono presenti in ben 6 dei 16 casi considerati. I restanti 11 casi coinvolgono funzionari e dipendenti pubblici.<\/p>\n<p>In pi\u00f9 del 60% degli eventi di corruzione nel quinquennio si registra un tipo di corruzione che si fonda su scambi occulti ripetuti nel tempo. La pi\u00f9 frequente \u00e8 quella <strong>consuetudinaria<\/strong>, con 31 casi, con scambi reiterati nel tempo, seguita da quella <strong>sistemica<\/strong> in 15 eventi, con la ripetizione di scambi e aumento graduale dei partecipanti. In 23 casi la vicenda sembra invece basarsi su un incontro occasionale tra pochi soggetti disposti ad entrare in una relazione di scambio, secondo il<strong> modello di corruzione<\/strong> <strong>occasionale<\/strong>.<\/p>\n<p>Si rileva un decremento dei casi di corruzione nel settore delle nomine, ma nell\u2019attivit\u00e0 contrattuale si registra l\u2019area pi\u00f9 sensibile al rischio corruzione ovvero il settore degli appalti. Negli ultimi cinque anni si registrano ben 27 eventi di corruzione nell\u2019ambito degli appalti: 16 appalti per lavori, 6 appalti per forniture, 5 appalti per servizi.<\/p>\n<p>Nella gestione della pandemia da covid-19 sono particolarmente vulnerabili le attivit\u00e0 che si occupano di approvvigionamenti necessari e acquisti straordinari per sostenere e fronteggiare le lacune del sistema sanitario. Secondo i dati raccolti nell\u2019ambito del progetto C.E.C.O la pandemia ha anche provocato una diminuzione nel numero di lanci stampa trattanti eventi di corruzione. Dal punto di vista della distribuzione territoriale degli episodi di corruzione, ben 26 casi hanno come sede Firenze. Il livello provinciale sembra essere quello maggiormente coinvolto rispetto a quello comunale e interprovinciale. Anche nel 2020 i settori maggiormente interessati dai reati contro la pubblica amministrazione sono stati gli appalti (circa il 55% dei casi). Oltre a questi vi \u00e8 un aumento di eventi emersi nel governo del territorio (11,5%).<\/p>\n<p style=\"text-align: right;\"><em>a cura di Noemi Roszak<\/em><\/p>\n","protected":false},"excerpt":{"rendered":"<p>Premessa. Si \u00e8 svolta il 15 dicembre 2021, in diretta streaming sul canale YouTube della Regione Toscana, la presentazione della Quinta Relazione scientifica relativa alla&nbsp;<span class=\"hellipsis\">[&hellip;]<\/span><a class=\"more-link\" href=\"https:\/\/welaikaadv.site\/avviso\/home\/cosa-facciamo\/informare\/documenti-tematici\/mafie\/5-rapporto-sui-fenomeni-corruttivi-e-di-criminalita-organizzata-in-toscana-scheda-di-sintesi\/\">Leggi tutto <span class=\"screen-reader-text\">5\u00b0 Rapporto sui Fenomeni Corruttivi e di Criminalit\u00e0 Organizzata in Toscana: scheda di sintesi<\/span> <span class=\"meta-nav\" aria-hidden=\"true\">&rarr;<\/span><\/a><\/p>\n","protected":false},"author":1,"featured_media":0,"parent":207,"menu_order":0,"comment_status":"closed","ping_status":"closed","template":"","meta":{"_acf_changed":false,"_exactmetrics_skip_tracking":false,"_exactmetrics_sitenote_active":false,"_exactmetrics_sitenote_note":"","_exactmetrics_sitenote_category":0,"wp_social_preview_title":"","wp_social_preview_description":"","wp_social_preview_image":0,"footnotes":""},"class_list":["post-47347","page","type-page","status-publish","hentry"],"acf":[],"yoast_head":"<!-- This site is optimized with the Yoast SEO plugin v27.2 - https:\/\/yoast.com\/product\/yoast-seo-wordpress\/ -->\n<title>5\u00b0 Rapporto sui Fenomeni Corruttivi e di Criminalit\u00e0 Organizzata in Toscana: scheda di sintesi - Staging Avviso Pubblico<\/title>\n<meta name=\"robots\" content=\"noindex, follow, max-snippet:-1, max-image-preview:large, max-video-preview:-1\" \/>\n<meta property=\"og:locale\" content=\"it_IT\" \/>\n<meta property=\"og:type\" content=\"article\" \/>\n<meta property=\"og:title\" content=\"5\u00b0 Rapporto sui Fenomeni Corruttivi e di Criminalit\u00e0 Organizzata in Toscana: scheda di sintesi - Staging Avviso Pubblico\" \/>\n<meta property=\"og:description\" content=\"Premessa. Si \u00e8 svolta il 15 dicembre 2021, in diretta streaming sul canale YouTube della Regione Toscana, la presentazione della Quinta Relazione scientifica relativa alla&nbsp;[&hellip;]Leggi tutto 5\u00b0 Rapporto sui Fenomeni Corruttivi e di Criminalit\u00e0 Organizzata in Toscana: scheda di sintesi &rarr;\" \/>\n<meta property=\"og:url\" content=\"https:\/\/welaikaadv.site\/avviso\/home\/cosa-facciamo\/informare\/documenti-tematici\/mafie\/5-rapporto-sui-fenomeni-corruttivi-e-di-criminalita-organizzata-in-toscana-scheda-di-sintesi\/\" \/>\n<meta property=\"og:site_name\" content=\"Staging Avviso Pubblico\" \/>\n<meta name=\"twitter:card\" content=\"summary_large_image\" \/>\n<meta name=\"twitter:label1\" content=\"Tempo di lettura stimato\" \/>\n\t<meta name=\"twitter:data1\" content=\"9 minuti\" \/>\n<script type=\"application\/ld+json\" class=\"yoast-schema-graph\">{\"@context\":\"https:\/\/schema.org\",\"@graph\":[{\"@type\":\"WebPage\",\"@id\":\"https:\/\/welaikaadv.site\/avviso\/home\/cosa-facciamo\/informare\/documenti-tematici\/mafie\/5-rapporto-sui-fenomeni-corruttivi-e-di-criminalita-organizzata-in-toscana-scheda-di-sintesi\/\",\"url\":\"https:\/\/welaikaadv.site\/avviso\/home\/cosa-facciamo\/informare\/documenti-tematici\/mafie\/5-rapporto-sui-fenomeni-corruttivi-e-di-criminalita-organizzata-in-toscana-scheda-di-sintesi\/\",\"name\":\"5\u00b0 Rapporto sui Fenomeni Corruttivi e di Criminalit\u00e0 Organizzata in Toscana: scheda di sintesi - Staging Avviso Pubblico\",\"isPartOf\":{\"@id\":\"https:\/\/welaikaadv.site\/avviso\/#website\"},\"datePublished\":\"2022-01-04T11:24:25+00:00\",\"breadcrumb\":{\"@id\":\"https:\/\/welaikaadv.site\/avviso\/home\/cosa-facciamo\/informare\/documenti-tematici\/mafie\/5-rapporto-sui-fenomeni-corruttivi-e-di-criminalita-organizzata-in-toscana-scheda-di-sintesi\/#breadcrumb\"},\"inLanguage\":\"it-IT\",\"potentialAction\":[{\"@type\":\"ReadAction\",\"target\":[\"https:\/\/welaikaadv.site\/avviso\/home\/cosa-facciamo\/informare\/documenti-tematici\/mafie\/5-rapporto-sui-fenomeni-corruttivi-e-di-criminalita-organizzata-in-toscana-scheda-di-sintesi\/\"]}]},{\"@type\":\"BreadcrumbList\",\"@id\":\"https:\/\/welaikaadv.site\/avviso\/home\/cosa-facciamo\/informare\/documenti-tematici\/mafie\/5-rapporto-sui-fenomeni-corruttivi-e-di-criminalita-organizzata-in-toscana-scheda-di-sintesi\/#breadcrumb\",\"itemListElement\":[{\"@type\":\"ListItem\",\"position\":1,\"name\":\"Home\",\"item\":\"https:\/\/welaikaadv.site\/avviso\/\"},{\"@type\":\"ListItem\",\"position\":2,\"name\":\"5\u00b0 Rapporto sui Fenomeni Corruttivi e di Criminalit\u00e0 Organizzata in Toscana: scheda di sintesi\"}]},{\"@type\":\"WebSite\",\"@id\":\"https:\/\/welaikaadv.site\/avviso\/#website\",\"url\":\"https:\/\/welaikaadv.site\/avviso\/\",\"name\":\"Staging Avviso Pubblico\",\"description\":\"\",\"publisher\":{\"@id\":\"https:\/\/welaikaadv.site\/avviso\/#organization\"},\"potentialAction\":[{\"@type\":\"SearchAction\",\"target\":{\"@type\":\"EntryPoint\",\"urlTemplate\":\"https:\/\/welaikaadv.site\/avviso\/?s={search_term_string}\"},\"query-input\":{\"@type\":\"PropertyValueSpecification\",\"valueRequired\":true,\"valueName\":\"search_term_string\"}}],\"inLanguage\":\"it-IT\"},{\"@type\":\"Organization\",\"@id\":\"https:\/\/welaikaadv.site\/avviso\/#organization\",\"name\":\"Staging Avviso Pubblico\",\"url\":\"https:\/\/welaikaadv.site\/avviso\/\",\"logo\":{\"@type\":\"ImageObject\",\"inLanguage\":\"it-IT\",\"@id\":\"https:\/\/welaikaadv.site\/avviso\/#\/schema\/logo\/image\/\",\"url\":\"https:\/\/welaikaadv.site\/avviso\/wp-content\/uploads\/2024\/08\/logoAPsito-400.png\",\"contentUrl\":\"https:\/\/welaikaadv.site\/avviso\/wp-content\/uploads\/2024\/08\/logoAPsito-400.png\",\"width\":400,\"height\":97,\"caption\":\"Staging Avviso Pubblico\"},\"image\":{\"@id\":\"https:\/\/welaikaadv.site\/avviso\/#\/schema\/logo\/image\/\"}}]}<\/script>\n<!-- \/ Yoast SEO plugin. -->","yoast_head_json":{"title":"5\u00b0 Rapporto sui Fenomeni Corruttivi e di Criminalit\u00e0 Organizzata in Toscana: scheda di sintesi - Staging Avviso Pubblico","robots":{"index":"noindex","follow":"follow","max-snippet":"max-snippet:-1","max-image-preview":"max-image-preview:large","max-video-preview":"max-video-preview:-1"},"og_locale":"it_IT","og_type":"article","og_title":"5\u00b0 Rapporto sui Fenomeni Corruttivi e di Criminalit\u00e0 Organizzata in Toscana: scheda di sintesi - Staging Avviso Pubblico","og_description":"Premessa. Si \u00e8 svolta il 15 dicembre 2021, in diretta streaming sul canale YouTube della Regione Toscana, la presentazione della Quinta Relazione scientifica relativa alla&nbsp;[&hellip;]Leggi tutto 5\u00b0 Rapporto sui Fenomeni Corruttivi e di Criminalit\u00e0 Organizzata in Toscana: scheda di sintesi &rarr;","og_url":"https:\/\/welaikaadv.site\/avviso\/home\/cosa-facciamo\/informare\/documenti-tematici\/mafie\/5-rapporto-sui-fenomeni-corruttivi-e-di-criminalita-organizzata-in-toscana-scheda-di-sintesi\/","og_site_name":"Staging Avviso Pubblico","twitter_card":"summary_large_image","twitter_misc":{"Tempo di lettura stimato":"9 minuti"},"schema":{"@context":"https:\/\/schema.org","@graph":[{"@type":"WebPage","@id":"https:\/\/welaikaadv.site\/avviso\/home\/cosa-facciamo\/informare\/documenti-tematici\/mafie\/5-rapporto-sui-fenomeni-corruttivi-e-di-criminalita-organizzata-in-toscana-scheda-di-sintesi\/","url":"https:\/\/welaikaadv.site\/avviso\/home\/cosa-facciamo\/informare\/documenti-tematici\/mafie\/5-rapporto-sui-fenomeni-corruttivi-e-di-criminalita-organizzata-in-toscana-scheda-di-sintesi\/","name":"5\u00b0 Rapporto sui Fenomeni Corruttivi e di Criminalit\u00e0 Organizzata in Toscana: scheda di sintesi - Staging Avviso Pubblico","isPartOf":{"@id":"https:\/\/welaikaadv.site\/avviso\/#website"},"datePublished":"2022-01-04T11:24:25+00:00","breadcrumb":{"@id":"https:\/\/welaikaadv.site\/avviso\/home\/cosa-facciamo\/informare\/documenti-tematici\/mafie\/5-rapporto-sui-fenomeni-corruttivi-e-di-criminalita-organizzata-in-toscana-scheda-di-sintesi\/#breadcrumb"},"inLanguage":"it-IT","potentialAction":[{"@type":"ReadAction","target":["https:\/\/welaikaadv.site\/avviso\/home\/cosa-facciamo\/informare\/documenti-tematici\/mafie\/5-rapporto-sui-fenomeni-corruttivi-e-di-criminalita-organizzata-in-toscana-scheda-di-sintesi\/"]}]},{"@type":"BreadcrumbList","@id":"https:\/\/welaikaadv.site\/avviso\/home\/cosa-facciamo\/informare\/documenti-tematici\/mafie\/5-rapporto-sui-fenomeni-corruttivi-e-di-criminalita-organizzata-in-toscana-scheda-di-sintesi\/#breadcrumb","itemListElement":[{"@type":"ListItem","position":1,"name":"Home","item":"https:\/\/welaikaadv.site\/avviso\/"},{"@type":"ListItem","position":2,"name":"5\u00b0 Rapporto sui Fenomeni Corruttivi e di Criminalit\u00e0 Organizzata in Toscana: scheda di sintesi"}]},{"@type":"WebSite","@id":"https:\/\/welaikaadv.site\/avviso\/#website","url":"https:\/\/welaikaadv.site\/avviso\/","name":"Staging Avviso Pubblico","description":"","publisher":{"@id":"https:\/\/welaikaadv.site\/avviso\/#organization"},"potentialAction":[{"@type":"SearchAction","target":{"@type":"EntryPoint","urlTemplate":"https:\/\/welaikaadv.site\/avviso\/?s={search_term_string}"},"query-input":{"@type":"PropertyValueSpecification","valueRequired":true,"valueName":"search_term_string"}}],"inLanguage":"it-IT"},{"@type":"Organization","@id":"https:\/\/welaikaadv.site\/avviso\/#organization","name":"Staging Avviso Pubblico","url":"https:\/\/welaikaadv.site\/avviso\/","logo":{"@type":"ImageObject","inLanguage":"it-IT","@id":"https:\/\/welaikaadv.site\/avviso\/#\/schema\/logo\/image\/","url":"https:\/\/welaikaadv.site\/avviso\/wp-content\/uploads\/2024\/08\/logoAPsito-400.png","contentUrl":"https:\/\/welaikaadv.site\/avviso\/wp-content\/uploads\/2024\/08\/logoAPsito-400.png","width":400,"height":97,"caption":"Staging Avviso Pubblico"},"image":{"@id":"https:\/\/welaikaadv.site\/avviso\/#\/schema\/logo\/image\/"}}]}},"_links":{"self":[{"href":"https:\/\/welaikaadv.site\/avviso\/wp-json\/wp\/v2\/pages\/47347","targetHints":{"allow":["GET"]}}],"collection":[{"href":"https:\/\/welaikaadv.site\/avviso\/wp-json\/wp\/v2\/pages"}],"about":[{"href":"https:\/\/welaikaadv.site\/avviso\/wp-json\/wp\/v2\/types\/page"}],"author":[{"embeddable":true,"href":"https:\/\/welaikaadv.site\/avviso\/wp-json\/wp\/v2\/users\/1"}],"replies":[{"embeddable":true,"href":"https:\/\/welaikaadv.site\/avviso\/wp-json\/wp\/v2\/comments?post=47347"}],"version-history":[{"count":0,"href":"https:\/\/welaikaadv.site\/avviso\/wp-json\/wp\/v2\/pages\/47347\/revisions"}],"up":[{"embeddable":true,"href":"https:\/\/welaikaadv.site\/avviso\/wp-json\/wp\/v2\/pages\/207"}],"wp:attachment":[{"href":"https:\/\/welaikaadv.site\/avviso\/wp-json\/wp\/v2\/media?parent=47347"}],"curies":[{"name":"wp","href":"https:\/\/api.w.org\/{rel}","templated":true}]}}