{"id":47624,"date":"2022-01-31T16:16:35","date_gmt":"2022-01-31T15:16:35","guid":{"rendered":"https:\/\/www.avvisopubblico.it\/home\/?page_id=47624"},"modified":"2022-01-31T16:16:35","modified_gmt":"2022-01-31T15:16:35","slug":"il-tar-per-lumbria-avalla-il-regolamento-giochi-del-comune-di-amelia-tr","status":"publish","type":"page","link":"https:\/\/welaikaadv.site\/avviso\/home\/cosa-facciamo\/informare\/documenti-tematici\/gioco-dazzardo\/il-tar-per-lumbria-avalla-il-regolamento-giochi-del-comune-di-amelia-tr\/","title":{"rendered":"IL TAR PER L\u2019UMBRIA AVALLA IL REGOLAMENTO GIOCHI DEL COMUNE DI AMELIA (TR)"},"content":{"rendered":"<p><strong>La normativa e il caso.<\/strong> Il Comune di Amelia (Tr), con deliberazione 30\/2019 del Consiglio Comunale, ha approvato il <a href=\"http:\/\/www.comune.amelia.tr.it\/images\/filepicker_users\/4ef36b04f2-70\/RegolComm\/Regolamento%20sulla%20Ludopatia%20delib%20CC%2030%20del%202019.pdf\">Regolamento<\/a> per la prevenzione ed il contrasto del gioco d\u2019azzardo patologico; tra le misure previste anche quelle in tema di limitazioni orarie e distanziometro.<\/p>\n<p>Avverso tale provvedimento due societ\u00e0 (una che si occupa di installazione e noleggio di apparecchi da gioco, l\u2019altra che tali apparecchi aveva collocato all\u2019interno del proprio esercizio commerciale) hanno sollevato ricorso dinanzi al TAR per l\u2019Umbria che, prima con l\u2019ordinanza cautelare <a href=\"https:\/\/www.giustizia-amministrativa.it\/portale\/pages\/istituzionale\/visualizza\/?nodeRef=&amp;schema=tar_pg&amp;nrg=201900916&amp;nomeFile=201900158_05.html&amp;subDir=Provvedimenti\">158\/2019<\/a>, poi con la sentenza <a href=\"https:\/\/www.giustizia-amministrativa.it\/portale\/pages\/istituzionale\/visualizza\/?nodeRef=&amp;schema=tar_pg&amp;nrg=201900916&amp;nomeFile=202200009_01.html&amp;subDir=Provvedimenti\">9\/2022<\/a> si \u00e8 pronunciato, respingendo in ultimo le doglianze dei due operatori economici. Dello stesso tenore anche la sentenza <a href=\"https:\/\/www.giustizia-amministrativa.it\/portale\/pages\/istituzionale\/visualizza\/?nodeRef=&amp;schema=tar_pg&amp;nrg=201900917&amp;nomeFile=202200041_01.html&amp;subDir=Provvedimenti\">41\/2022<\/a> del TAR Umbria sempre relativa al Comune di Amelia, in cui vengono riproposte le medesime argomentazioni.<\/p>\n<p><strong>L\u2019Intesa.<\/strong> In primo luogo i giudici respingono il motivo di censura relativo all\u2019asserita violazione dei contenuti dell\u2019Intesa Stato-Regioni del 2017 per quel che concerne le limitazioni orarie: tale Intesa, infatti, non essendo stata recepita va considerata priva di valore cogente e, come tale, incapace di dispiegare un\u2019efficacia invalidante sulla disciplina oraria comunale; inoltre, l\u2019Intesa opera ad ampio raggio nell\u2019ottica di un complessivo riordino della materia, motivo per cui non \u00e8 pensabile \u201cun\u2019applicazione atomistica o parcellizzata dell\u2019accordo raggiunto, ossia limitata al solo profilo degli orari di funzionamento degli apparecchi, laddove non siano contestualmente attuate anche le altre previsioni oggetto di accordo\u201d.<\/p>\n<p><strong>L\u2019onere motivazionale.<\/strong> Anche sul piano motivazionale il TAR conferma la correttezza del Regolamento impugnato: questo, infatti, \u201ccontiene puntuale motivazione in ordine alle esigenze di tutela della salute pubblica, e di prevenzione e contrasto alle dipendenze da gioco\u201d, con l\u2019obiettivo di \u201celiminare o quantomeno contenere i fenomeni legati al vizio del gioco\u201d. Il Collegio aderisce all\u2019indirizzo maggioritario in giurisprudenza che ritiene che \u201cnell\u2019attuale momento storico la diffusione del fenomeno della ludopatia in ampie fasce della societ\u00e0 civile costituisce un fatto notorio o, comunque, una nozione di fatto di comune esperienza\u201d.<\/p>\n<p><strong>Il principio di proporzionalit\u00e0 e la parit\u00e0 di trattamento.<\/strong> I giudici ritengono, inoltre, che il Regolamento impugnato superi complessivamente il test di proporzionalit\u00e0 anche rispetto alle finalit\u00e0 che si prefigge di perseguire: esso ha, infatti, una \u201cvalenza fortemente preventiva, in quanto non mira solo a ridimensionare il fenomeno esistente, sia palese che sommerso e non registrato nei dati ufficiali, ma anche a evitare ulteriori casi di ludopatia, in particolare tra le fasce pi\u00f9 giovani\u201d.<\/p>\n<p>In quest\u2019ottica, quindi, anche la censura relativa all\u2019asserita violazione della parit\u00e0 di trattamento tra forme di gioco non pu\u00f2 essere accolta: a voler seguire le argomentazioni dei due operatori economici, infatti, sottolinea il TAR, si perverrebbe ad un\u2019assurda \u201cimpossibilit\u00e0 per le amministrazioni comunali di arginare il fenomeno del gioco patologico a tutela delle fasce pi\u00f9 esposte della comunit\u00e0 locale, anche con riferimento alle tipologie di gioco per le quali la legge riconosce loro facolt\u00e0 di intervento\u201d.<\/p>\n<p>N\u00e9 possono, per lo stesso motivo, essere accolte le doglianze relative alla violazione delle competenze statali in materia, considerato oltretutto che \u00e8 lo stesso art. 7, comma 5, del Regolamento a prevedere un\u2019espressa conformazione della disciplina ai decreti ministeriali emanati in materia.<\/p>\n<p><strong>Sul distanziometro.<\/strong> Il TAR respinge, inoltre, anche le censure volte a colpire la misura del distanziometro. Rispetto ai criteri di calcolo della distanza, il Collegio aderisce a TAR Veneto <a href=\"https:\/\/www.giustizia-amministrativa.it\/portale\/pages\/istituzionale\/visualizza\/?nodeRef=&amp;schema=tar_ve&amp;nrg=201600779&amp;nomeFile=201601078_20.html&amp;subDir=Provvedimenti\">1078\/2016<\/a> quando sostiene che il calcolo in linea d\u2019aria rappresenta \u201cl\u2019unica modalit\u00e0 di misurazione che consente di ottenere una univoca certezza della distanza tra due luoghi (che oltretutto rimane invariata nel corso del tempo), a differenza del percorso pedonale pi\u00f9 breve che non solo pu\u00f2 dare adito a profili di opinabilit\u00e0 ma ben pu\u00f2 modificarsi nel corso degli anni\u201d.<\/p>\n<p>Analoga adesione riguarda anche la disciplina del trasferimento di sede, da equiparare ad una nuova apertura in locali diversi da quelli in cui l\u2019attivit\u00e0 era precedentemente svolta.<\/p>\n<p>La previsione di ulteriori luoghi sensibili \u00e8 invece sostenuta da espressa disposizione normativa regionale (nello specifico l\u2019art. 6, comma 2, della <a href=\"https:\/\/welaikaadv.site\/avviso\/home\/cosa-facciamo\/informare\/documenti-tematici\/gioco-dazzardo\/legge-della-regione-umbria-per-la-riduzione-il-contrasto-e-la-riduzione-del-rischio-della-dipendenza-da-gioco-dazzardo-patologico\/\">legge regionale<\/a>).<\/p>\n<p><strong>Gli apparecchi da gioco al piano terra.<\/strong> Infine, viene respinta anche la censura che mirava a caducare la previsione relativa alla collocazione al piano terra degli apparecchi da gioco: sottolineano i giudici, infatti, la \u201cnatura meramente recettiva di detta disposizione rispetto alla normativa statale di riferimento, imponente appunto il posizionamento esclusivo al piano terra degli apparecchi di gioco\u201d.<\/p>\n<p style=\"text-align: right;\">(<em>a cura di <strong>Marco De Pasquale<\/strong><\/em>)<\/p>\n","protected":false},"excerpt":{"rendered":"<p>La normativa e il caso. Il Comune di Amelia (Tr), con deliberazione 30\/2019 del Consiglio Comunale, ha approvato il Regolamento per la prevenzione ed il&nbsp;<span class=\"hellipsis\">[&hellip;]<\/span><a class=\"more-link\" href=\"https:\/\/welaikaadv.site\/avviso\/home\/cosa-facciamo\/informare\/documenti-tematici\/gioco-dazzardo\/il-tar-per-lumbria-avalla-il-regolamento-giochi-del-comune-di-amelia-tr\/\">Leggi tutto <span class=\"screen-reader-text\">IL TAR PER L\u2019UMBRIA AVALLA IL REGOLAMENTO GIOCHI DEL COMUNE DI AMELIA (TR)<\/span> <span class=\"meta-nav\" aria-hidden=\"true\">&rarr;<\/span><\/a><\/p>\n","protected":false},"author":1,"featured_media":0,"parent":202,"menu_order":160,"comment_status":"closed","ping_status":"closed","template":"","meta":{"_acf_changed":false,"_exactmetrics_skip_tracking":false,"_exactmetrics_sitenote_active":false,"_exactmetrics_sitenote_note":"","_exactmetrics_sitenote_category":0,"wp_social_preview_title":"","wp_social_preview_description":"","wp_social_preview_image":0,"footnotes":""},"class_list":["post-47624","page","type-page","status-publish","hentry"],"acf":[],"yoast_head":"<!-- This site is optimized with the Yoast SEO plugin v27.2 - https:\/\/yoast.com\/product\/yoast-seo-wordpress\/ -->\n<title>IL TAR PER L\u2019UMBRIA AVALLA IL REGOLAMENTO GIOCHI DEL COMUNE DI AMELIA (TR) - Staging Avviso Pubblico<\/title>\n<meta name=\"robots\" content=\"noindex, follow, max-snippet:-1, max-image-preview:large, max-video-preview:-1\" \/>\n<meta property=\"og:locale\" content=\"it_IT\" \/>\n<meta property=\"og:type\" content=\"article\" \/>\n<meta property=\"og:title\" content=\"IL TAR PER L\u2019UMBRIA AVALLA IL REGOLAMENTO GIOCHI DEL COMUNE DI AMELIA (TR) - Staging Avviso Pubblico\" \/>\n<meta property=\"og:description\" content=\"La normativa e il caso. Il Comune di Amelia (Tr), con deliberazione 30\/2019 del Consiglio Comunale, ha approvato il Regolamento per la prevenzione ed il&nbsp;[&hellip;]Leggi tutto IL TAR PER L\u2019UMBRIA AVALLA IL REGOLAMENTO GIOCHI DEL COMUNE DI AMELIA (TR) &rarr;\" \/>\n<meta property=\"og:url\" content=\"https:\/\/welaikaadv.site\/avviso\/home\/cosa-facciamo\/informare\/documenti-tematici\/gioco-dazzardo\/il-tar-per-lumbria-avalla-il-regolamento-giochi-del-comune-di-amelia-tr\/\" \/>\n<meta property=\"og:site_name\" content=\"Staging Avviso Pubblico\" \/>\n<meta name=\"twitter:card\" content=\"summary_large_image\" \/>\n<meta name=\"twitter:label1\" content=\"Tempo di lettura stimato\" \/>\n\t<meta name=\"twitter:data1\" content=\"4 minuti\" \/>\n<script type=\"application\/ld+json\" class=\"yoast-schema-graph\">{\"@context\":\"https:\/\/schema.org\",\"@graph\":[{\"@type\":\"WebPage\",\"@id\":\"https:\/\/welaikaadv.site\/avviso\/home\/cosa-facciamo\/informare\/documenti-tematici\/gioco-dazzardo\/il-tar-per-lumbria-avalla-il-regolamento-giochi-del-comune-di-amelia-tr\/\",\"url\":\"https:\/\/welaikaadv.site\/avviso\/home\/cosa-facciamo\/informare\/documenti-tematici\/gioco-dazzardo\/il-tar-per-lumbria-avalla-il-regolamento-giochi-del-comune-di-amelia-tr\/\",\"name\":\"IL TAR PER L\u2019UMBRIA AVALLA IL REGOLAMENTO GIOCHI DEL COMUNE DI AMELIA (TR) - Staging Avviso Pubblico\",\"isPartOf\":{\"@id\":\"https:\/\/welaikaadv.site\/avviso\/#website\"},\"datePublished\":\"2022-01-31T15:16:35+00:00\",\"breadcrumb\":{\"@id\":\"https:\/\/welaikaadv.site\/avviso\/home\/cosa-facciamo\/informare\/documenti-tematici\/gioco-dazzardo\/il-tar-per-lumbria-avalla-il-regolamento-giochi-del-comune-di-amelia-tr\/#breadcrumb\"},\"inLanguage\":\"it-IT\",\"potentialAction\":[{\"@type\":\"ReadAction\",\"target\":[\"https:\/\/welaikaadv.site\/avviso\/home\/cosa-facciamo\/informare\/documenti-tematici\/gioco-dazzardo\/il-tar-per-lumbria-avalla-il-regolamento-giochi-del-comune-di-amelia-tr\/\"]}]},{\"@type\":\"BreadcrumbList\",\"@id\":\"https:\/\/welaikaadv.site\/avviso\/home\/cosa-facciamo\/informare\/documenti-tematici\/gioco-dazzardo\/il-tar-per-lumbria-avalla-il-regolamento-giochi-del-comune-di-amelia-tr\/#breadcrumb\",\"itemListElement\":[{\"@type\":\"ListItem\",\"position\":1,\"name\":\"Home\",\"item\":\"https:\/\/welaikaadv.site\/avviso\/\"},{\"@type\":\"ListItem\",\"position\":2,\"name\":\"IL TAR PER L\u2019UMBRIA AVALLA IL REGOLAMENTO GIOCHI DEL COMUNE DI AMELIA (TR)\"}]},{\"@type\":\"WebSite\",\"@id\":\"https:\/\/welaikaadv.site\/avviso\/#website\",\"url\":\"https:\/\/welaikaadv.site\/avviso\/\",\"name\":\"Staging Avviso Pubblico\",\"description\":\"\",\"publisher\":{\"@id\":\"https:\/\/welaikaadv.site\/avviso\/#organization\"},\"potentialAction\":[{\"@type\":\"SearchAction\",\"target\":{\"@type\":\"EntryPoint\",\"urlTemplate\":\"https:\/\/welaikaadv.site\/avviso\/?s={search_term_string}\"},\"query-input\":{\"@type\":\"PropertyValueSpecification\",\"valueRequired\":true,\"valueName\":\"search_term_string\"}}],\"inLanguage\":\"it-IT\"},{\"@type\":\"Organization\",\"@id\":\"https:\/\/welaikaadv.site\/avviso\/#organization\",\"name\":\"Staging Avviso Pubblico\",\"url\":\"https:\/\/welaikaadv.site\/avviso\/\",\"logo\":{\"@type\":\"ImageObject\",\"inLanguage\":\"it-IT\",\"@id\":\"https:\/\/welaikaadv.site\/avviso\/#\/schema\/logo\/image\/\",\"url\":\"https:\/\/welaikaadv.site\/avviso\/wp-content\/uploads\/2024\/08\/logoAPsito-400.png\",\"contentUrl\":\"https:\/\/welaikaadv.site\/avviso\/wp-content\/uploads\/2024\/08\/logoAPsito-400.png\",\"width\":400,\"height\":97,\"caption\":\"Staging Avviso Pubblico\"},\"image\":{\"@id\":\"https:\/\/welaikaadv.site\/avviso\/#\/schema\/logo\/image\/\"}}]}<\/script>\n<!-- \/ Yoast SEO plugin. -->","yoast_head_json":{"title":"IL TAR PER L\u2019UMBRIA AVALLA IL REGOLAMENTO GIOCHI DEL COMUNE DI AMELIA (TR) - Staging Avviso Pubblico","robots":{"index":"noindex","follow":"follow","max-snippet":"max-snippet:-1","max-image-preview":"max-image-preview:large","max-video-preview":"max-video-preview:-1"},"og_locale":"it_IT","og_type":"article","og_title":"IL TAR PER L\u2019UMBRIA AVALLA IL REGOLAMENTO GIOCHI DEL COMUNE DI AMELIA (TR) - Staging Avviso Pubblico","og_description":"La normativa e il caso. Il Comune di Amelia (Tr), con deliberazione 30\/2019 del Consiglio Comunale, ha approvato il Regolamento per la prevenzione ed il&nbsp;[&hellip;]Leggi tutto IL TAR PER L\u2019UMBRIA AVALLA IL REGOLAMENTO GIOCHI DEL COMUNE DI AMELIA (TR) &rarr;","og_url":"https:\/\/welaikaadv.site\/avviso\/home\/cosa-facciamo\/informare\/documenti-tematici\/gioco-dazzardo\/il-tar-per-lumbria-avalla-il-regolamento-giochi-del-comune-di-amelia-tr\/","og_site_name":"Staging Avviso Pubblico","twitter_card":"summary_large_image","twitter_misc":{"Tempo di lettura stimato":"4 minuti"},"schema":{"@context":"https:\/\/schema.org","@graph":[{"@type":"WebPage","@id":"https:\/\/welaikaadv.site\/avviso\/home\/cosa-facciamo\/informare\/documenti-tematici\/gioco-dazzardo\/il-tar-per-lumbria-avalla-il-regolamento-giochi-del-comune-di-amelia-tr\/","url":"https:\/\/welaikaadv.site\/avviso\/home\/cosa-facciamo\/informare\/documenti-tematici\/gioco-dazzardo\/il-tar-per-lumbria-avalla-il-regolamento-giochi-del-comune-di-amelia-tr\/","name":"IL TAR PER L\u2019UMBRIA AVALLA IL REGOLAMENTO GIOCHI DEL COMUNE DI AMELIA (TR) - Staging Avviso Pubblico","isPartOf":{"@id":"https:\/\/welaikaadv.site\/avviso\/#website"},"datePublished":"2022-01-31T15:16:35+00:00","breadcrumb":{"@id":"https:\/\/welaikaadv.site\/avviso\/home\/cosa-facciamo\/informare\/documenti-tematici\/gioco-dazzardo\/il-tar-per-lumbria-avalla-il-regolamento-giochi-del-comune-di-amelia-tr\/#breadcrumb"},"inLanguage":"it-IT","potentialAction":[{"@type":"ReadAction","target":["https:\/\/welaikaadv.site\/avviso\/home\/cosa-facciamo\/informare\/documenti-tematici\/gioco-dazzardo\/il-tar-per-lumbria-avalla-il-regolamento-giochi-del-comune-di-amelia-tr\/"]}]},{"@type":"BreadcrumbList","@id":"https:\/\/welaikaadv.site\/avviso\/home\/cosa-facciamo\/informare\/documenti-tematici\/gioco-dazzardo\/il-tar-per-lumbria-avalla-il-regolamento-giochi-del-comune-di-amelia-tr\/#breadcrumb","itemListElement":[{"@type":"ListItem","position":1,"name":"Home","item":"https:\/\/welaikaadv.site\/avviso\/"},{"@type":"ListItem","position":2,"name":"IL TAR PER L\u2019UMBRIA AVALLA IL REGOLAMENTO GIOCHI DEL COMUNE DI AMELIA (TR)"}]},{"@type":"WebSite","@id":"https:\/\/welaikaadv.site\/avviso\/#website","url":"https:\/\/welaikaadv.site\/avviso\/","name":"Staging Avviso Pubblico","description":"","publisher":{"@id":"https:\/\/welaikaadv.site\/avviso\/#organization"},"potentialAction":[{"@type":"SearchAction","target":{"@type":"EntryPoint","urlTemplate":"https:\/\/welaikaadv.site\/avviso\/?s={search_term_string}"},"query-input":{"@type":"PropertyValueSpecification","valueRequired":true,"valueName":"search_term_string"}}],"inLanguage":"it-IT"},{"@type":"Organization","@id":"https:\/\/welaikaadv.site\/avviso\/#organization","name":"Staging Avviso Pubblico","url":"https:\/\/welaikaadv.site\/avviso\/","logo":{"@type":"ImageObject","inLanguage":"it-IT","@id":"https:\/\/welaikaadv.site\/avviso\/#\/schema\/logo\/image\/","url":"https:\/\/welaikaadv.site\/avviso\/wp-content\/uploads\/2024\/08\/logoAPsito-400.png","contentUrl":"https:\/\/welaikaadv.site\/avviso\/wp-content\/uploads\/2024\/08\/logoAPsito-400.png","width":400,"height":97,"caption":"Staging Avviso Pubblico"},"image":{"@id":"https:\/\/welaikaadv.site\/avviso\/#\/schema\/logo\/image\/"}}]}},"_links":{"self":[{"href":"https:\/\/welaikaadv.site\/avviso\/wp-json\/wp\/v2\/pages\/47624","targetHints":{"allow":["GET"]}}],"collection":[{"href":"https:\/\/welaikaadv.site\/avviso\/wp-json\/wp\/v2\/pages"}],"about":[{"href":"https:\/\/welaikaadv.site\/avviso\/wp-json\/wp\/v2\/types\/page"}],"author":[{"embeddable":true,"href":"https:\/\/welaikaadv.site\/avviso\/wp-json\/wp\/v2\/users\/1"}],"replies":[{"embeddable":true,"href":"https:\/\/welaikaadv.site\/avviso\/wp-json\/wp\/v2\/comments?post=47624"}],"version-history":[{"count":0,"href":"https:\/\/welaikaadv.site\/avviso\/wp-json\/wp\/v2\/pages\/47624\/revisions"}],"up":[{"embeddable":true,"href":"https:\/\/welaikaadv.site\/avviso\/wp-json\/wp\/v2\/pages\/202"}],"wp:attachment":[{"href":"https:\/\/welaikaadv.site\/avviso\/wp-json\/wp\/v2\/media?parent=47624"}],"curies":[{"name":"wp","href":"https:\/\/api.w.org\/{rel}","templated":true}]}}